{"id":111591,"date":"2022-10-10T15:33:09","date_gmt":"2022-10-10T13:33:09","guid":{"rendered":"https:\/\/testing.wowtea.eu\/at\/?post_type=product&#038;p=111591"},"modified":"2025-03-17T17:44:19","modified_gmt":"2025-03-17T16:44:19","slug":"all-summer-set","status":"publish","type":"product","link":"https:\/\/testing.wowtea.eu\/at\/product\/all-summer-set\/","title":{"rendered":"All Summer Set"},"content":{"rendered":"\t\t<div data-elementor-type=\"product-post\" data-elementor-id=\"111591\" class=\"elementor elementor-111591\">\n\t\t\t\t\t\t<div class=\"elementor-inner\">\n\t\t\t\t<div class=\"elementor-section-wrap\">\n\t\t\t\t\t\t\t\t\t<section class=\"elementor-section elementor-top-section elementor-element elementor-element-e95da07 elementor-section-boxed elementor-section-height-default elementor-section-height-default\" data-id=\"e95da07\" data-element_type=\"section\">\n\t\t\t\t\t\t<div class=\"elementor-container elementor-column-gap-default\">\n\t\t\t\t\t\t\t<div class=\"elementor-row\">\n\t\t\t\t\t<div class=\"elementor-column elementor-col-100 elementor-top-column elementor-element elementor-element-95ff7f2\" data-id=\"95ff7f2\" data-element_type=\"column\">\n\t\t\t<div class=\"elementor-column-wrap elementor-element-populated\">\n\t\t\t\t\t\t\t<div class=\"elementor-widget-wrap\">\n\t\t\t\t\t\t<div class=\"elementor-element elementor-element-60343fa elementor-hidden-mobile elementor-widget elementor-widget-free_plans\" data-id=\"60343fa\" data-element_type=\"widget\" data-widget_type=\"free_plans.default\">\n\t\t\t\t<div class=\"elementor-widget-container\">\n\t\t\t\n               <div class=\"row free_plan_box_wrapper\">\n\t\t\t            <!-- <div class=\"col medium_4\"> -->\n               <div class=\"free_plan_box\">\n                  <div class=\"img_wrap\">\n                     <figure>\n                        <img src=\"https:\/\/testing.wowtea.eu\/de\/files\/2021\/06\/food_plan-1.png\" alt=\"<span> + Kostenlose<\/span> Di\u00e4t\">\n                     <\/figure>\n                  <\/div>\n                  <div class=\"content\">\n                     <h4 class=\"icon_title\"><span> + Kostenlose<\/span> Di\u00e4t <small>f\u00fcr alle Bestellungen!<\/small><\/h4>\n                  <\/div>\n               <\/div>\n            <!-- <\/div> -->\n                     <!-- <div class=\"col medium_4\"> -->\n               <div class=\"free_plan_box\">\n                  <div class=\"img_wrap\">\n                     <figure>\n                        <img src=\"https:\/\/testing.wowtea.eu\/de\/files\/2021\/06\/workout_plan-1.png\" alt=\"<span> + Kostenlose <\/span> Heimtrainingsplan\">\n                     <\/figure>\n                  <\/div>\n                  <div class=\"content\">\n                     <h4 class=\"icon_title\"><span> + Kostenlose <\/span> Heimtrainingsplan <small>f\u00fcr alle Bestellungen \u00fcber \u20ac30!<\/small><\/h4>\n                  <\/div>\n               <\/div>\n            <!-- <\/div> -->\n                     <!-- <div class=\"col medium_4\"> -->\n               <div class=\"free_plan_box\">\n                  <div class=\"img_wrap\">\n                     <figure>\n                        <img src=\"https:\/\/testing.wowtea.eu\/de\/files\/2021\/06\/yoga_plan-1.png\" alt=\"<span> + Kostenlose <\/span> Yoga-Programm\">\n                     <\/figure>\n                  <\/div>\n                  <div class=\"content\">\n                     <h4 class=\"icon_title\"><span> + Kostenlose <\/span> Yoga-Programm <small>f\u00fcr alle Bestellungen von Wellness Tee!<\/small><\/h4>\n                  <\/div>\n               <\/div>\n            <!-- <\/div> -->\n                  <\/div>\n      \n      \n   \t\t<\/div>\n\t\t\t\t<\/div>\n\t\t\t\t\t\t<\/div>\n\t\t\t\t\t<\/div>\n\t\t<\/div>\n\t\t\t\t\t\t\t\t<\/div>\n\t\t\t\t\t<\/div>\n\t\t<\/section>\n\t\t\t\t<section class=\"elementor-section elementor-top-section elementor-element elementor-element-2094633 elementor-section-full_width elementor-hidden-desktop elementor-hidden-tablet elementor-section-height-default elementor-section-height-default\" data-id=\"2094633\" data-element_type=\"section\">\n\t\t\t\t\t\t<div class=\"elementor-container elementor-column-gap-default\">\n\t\t\t\t\t\t\t<div class=\"elementor-row\">\n\t\t\t\t\t<div class=\"elementor-column elementor-col-100 elementor-top-column elementor-element elementor-element-05d5aff\" data-id=\"05d5aff\" data-element_type=\"column\">\n\t\t\t<div class=\"elementor-column-wrap elementor-element-populated\">\n\t\t\t\t\t\t\t<div class=\"elementor-widget-wrap\">\n\t\t\t\t\t\t<div class=\"elementor-element elementor-element-bc6d013 elementor-hidden-desktop elementor-hidden-tablet elementor-widget elementor-widget-free_plans\" data-id=\"bc6d013\" data-element_type=\"widget\" data-widget_type=\"free_plans.default\">\n\t\t\t\t<div class=\"elementor-widget-container\">\n\t\t\t\n               <div class=\"row free_plan_box_wrapper\">\n\t\t\t            <!-- <div class=\"col medium_4\"> -->\n               <div class=\"free_plan_box\">\n                  <div class=\"img_wrap\">\n                     <figure>\n                        <img src=\"https:\/\/testing.wowtea.eu\/de\/files\/2021\/06\/food_plan-1.png\" alt=\"<span> + Kostenlose<\/span> Di\u00e4t\">\n                     <\/figure>\n                  <\/div>\n                  <div class=\"content\">\n                     <h4 class=\"icon_title\"><span> + Kostenlose<\/span> Di\u00e4t <small>f\u00fcr alle Bestellungen!<\/small><\/h4>\n                  <\/div>\n               <\/div>\n            <!-- <\/div> -->\n                     <!-- <div class=\"col medium_4\"> -->\n               <div class=\"free_plan_box\">\n                  <div class=\"img_wrap\">\n                     <figure>\n                        <img src=\"https:\/\/testing.wowtea.eu\/de\/files\/2021\/06\/workout_plan-1.png\" alt=\"<span> + Kostenlose <\/span> Heimtrainingsplan\">\n                     <\/figure>\n                  <\/div>\n                  <div class=\"content\">\n                     <h4 class=\"icon_title\"><span> + Kostenlose <\/span> Heimtrainingsplan <small>f\u00fcr alle Bestellungen \u00fcber \u20ac30!<\/small><\/h4>\n                  <\/div>\n               <\/div>\n            <!-- <\/div> -->\n                     <!-- <div class=\"col medium_4\"> -->\n               <div class=\"free_plan_box\">\n                  <div class=\"img_wrap\">\n                     <figure>\n                        <img src=\"https:\/\/testing.wowtea.eu\/de\/files\/2021\/06\/yoga_plan-1.png\" alt=\"<span> + Kostenlose <\/span> Yoga-Programm\">\n                     <\/figure>\n                  <\/div>\n                  <div class=\"content\">\n                     <h4 class=\"icon_title\"><span> + Kostenlose <\/span> Yoga-Programm <small>f\u00fcr alle Bestellungen von Wellness Tee!<\/small><\/h4>\n                  <\/div>\n               <\/div>\n            <!-- <\/div> -->\n                  <\/div>\n      \n      \n   \t\t<\/div>\n\t\t\t\t<\/div>\n\t\t\t\t\t\t<\/div>\n\t\t\t\t\t<\/div>\n\t\t<\/div>\n\t\t\t\t\t\t\t\t<\/div>\n\t\t\t\t\t<\/div>\n\t\t<\/section>\n\t\t\t\t<section class=\"elementor-section elementor-top-section elementor-element elementor-element-82f3411 elementor-section-full_width elementor-reverse-mobile elementor-section-height-min-height elementor-section-height-default elementor-section-items-middle\" data-id=\"82f3411\" data-element_type=\"section\" data-settings=\"{&quot;background_background&quot;:&quot;classic&quot;}\">\n\t\t\t\t\t\t<div class=\"elementor-container elementor-column-gap-no\">\n\t\t\t\t\t\t\t<div class=\"elementor-row\">\n\t\t\t\t\t<div class=\"elementor-column elementor-col-50 elementor-top-column elementor-element elementor-element-21af662\" data-id=\"21af662\" data-element_type=\"column\">\n\t\t\t<div class=\"elementor-column-wrap elementor-element-populated\">\n\t\t\t\t\t\t\t<div class=\"elementor-widget-wrap\">\n\t\t\t\t\t\t<div class=\"elementor-element elementor-element-1dd4457 elementor-widget elementor-widget-spacer\" data-id=\"1dd4457\" data-element_type=\"widget\" data-widget_type=\"spacer.default\">\n\t\t\t\t<div class=\"elementor-widget-container\">\n\t\t\t\t\t<div class=\"elementor-spacer\">\n\t\t\t<div class=\"elementor-spacer-inner\"><\/div>\n\t\t<\/div>\n\t\t\t\t<\/div>\n\t\t\t\t<\/div>\n\t\t\t\t\t\t<\/div>\n\t\t\t\t\t<\/div>\n\t\t<\/div>\n\t\t\t\t<div class=\"elementor-column elementor-col-50 elementor-top-column elementor-element elementor-element-3bec300\" data-id=\"3bec300\" data-element_type=\"column\">\n\t\t\t<div class=\"elementor-column-wrap elementor-element-populated\">\n\t\t\t\t\t\t\t<div class=\"elementor-widget-wrap\">\n\t\t\t\t\t\t<div class=\"elementor-element elementor-element-4c1146d elementor-widget elementor-widget-heading\" data-id=\"4c1146d\" data-element_type=\"widget\" data-widget_type=\"heading.default\">\n\t\t\t\t<div class=\"elementor-widget-container\">\n\t\t\t<h2 class=\"elementor-heading-title elementor-size-default\">\"Alle 3 tropischen Geschmacksrichtungen sind gro\u00dfartig und meine <span style=\"background-color:#FFFACD\">neue Sommerflasche ist der absolute Renner am Strand!<\/span>\"<\/h2>\t\t<\/div>\n\t\t\t\t<\/div>\n\t\t\t\t\t\t<\/div>\n\t\t\t\t\t<\/div>\n\t\t<\/div>\n\t\t\t\t\t\t\t\t<\/div>\n\t\t\t\t\t<\/div>\n\t\t<\/section>\n\t\t\t\t<section class=\"elementor-section elementor-top-section elementor-element elementor-element-01e979f elementor-section-boxed elementor-section-height-default elementor-section-height-default\" data-id=\"01e979f\" data-element_type=\"section\">\n\t\t\t\t\t\t<div class=\"elementor-container elementor-column-gap-no\">\n\t\t\t\t\t\t\t<div class=\"elementor-row\">\n\t\t\t\t\t<div class=\"elementor-column elementor-col-100 elementor-top-column elementor-element elementor-element-b0b4ec0\" data-id=\"b0b4ec0\" data-element_type=\"column\">\n\t\t\t<div class=\"elementor-column-wrap elementor-element-populated\">\n\t\t\t\t\t\t\t<div class=\"elementor-widget-wrap\">\n\t\t\t\t\t\t<div class=\"elementor-element elementor-element-bbb7821 elementor-widget elementor-widget-text-editor\" data-id=\"bbb7821\" data-element_type=\"widget\" data-widget_type=\"text-editor.default\">\n\t\t\t\t<div class=\"elementor-widget-container\">\n\t\t\t\t\t\t\t\t<div class=\"elementor-text-editor elementor-clearfix\">\n\t\t\t\t<p style=\"text-align: center;color: crimson;font-size: 40px\">Was kannst du in der Box bekommen?<\/p>\t\t\t\t\t<\/div>\n\t\t\t\t\t\t<\/div>\n\t\t\t\t<\/div>\n\t\t\t\t\t\t<\/div>\n\t\t\t\t\t<\/div>\n\t\t<\/div>\n\t\t\t\t\t\t\t\t<\/div>\n\t\t\t\t\t<\/div>\n\t\t<\/section>\n\t\t\t\t<section class=\"elementor-section elementor-top-section elementor-element elementor-element-8231de4 elementor-section-full_width elementor-section-height-min-height elementor-section-height-default elementor-section-items-middle\" data-id=\"8231de4\" data-element_type=\"section\" data-settings=\"{&quot;background_background&quot;:&quot;classic&quot;}\">\n\t\t\t\t\t\t<div class=\"elementor-container elementor-column-gap-no\">\n\t\t\t\t\t\t\t<div class=\"elementor-row\">\n\t\t\t\t\t<div class=\"elementor-column elementor-col-100 elementor-top-column elementor-element elementor-element-c214393\" data-id=\"c214393\" data-element_type=\"column\" data-settings=\"{&quot;background_background&quot;:&quot;classic&quot;}\">\n\t\t\t<div class=\"elementor-column-wrap\">\n\t\t\t\t\t\t\t<div class=\"elementor-widget-wrap\">\n\t\t\t\t\t\t\t\t<\/div>\n\t\t\t\t\t<\/div>\n\t\t<\/div>\n\t\t\t\t\t\t\t\t<\/div>\n\t\t\t\t\t<\/div>\n\t\t<\/section>\n\t\t\t\t<section class=\"elementor-section elementor-top-section elementor-element elementor-element-1f22cf6 elementor-hidden-desktop elementor-hidden-tablet elementor-hidden-mobile elementor-section-boxed elementor-section-height-default elementor-section-height-default\" data-id=\"1f22cf6\" data-element_type=\"section\">\n\t\t\t\t\t\t<div class=\"elementor-container elementor-column-gap-default\">\n\t\t\t\t\t\t\t<div class=\"elementor-row\">\n\t\t\t\t\t<div class=\"elementor-column elementor-col-100 elementor-top-column elementor-element elementor-element-34e7d88\" data-id=\"34e7d88\" data-element_type=\"column\">\n\t\t\t<div class=\"elementor-column-wrap elementor-element-populated\">\n\t\t\t\t\t\t\t<div class=\"elementor-widget-wrap\">\n\t\t\t\t\t\t<div class=\"elementor-element elementor-element-7217f6b elementor-widget elementor-widget-custom_title\" data-id=\"7217f6b\" data-element_type=\"widget\" data-widget_type=\"custom_title.default\">\n\t\t\t\t<div class=\"elementor-widget-container\">\n\t\t\t      <!-- border_title center_border -->\n      \n               <div class=\"custom_title\"  >\n            <h2 class=\"title border_title center \"><span>\u0437\u0430 \u043c\u0430\u043a\u0441\u0438\u043c\u0430\u043b\u043d\u0438 \u0440\u0435\u0437\u0443\u043b\u0442\u0430\u0442\u0438<\/span> <\/h2>\n         <\/div>\n      \n\n   \t\t<\/div>\n\t\t\t\t<\/div>\n\t\t\t\t\t\t<\/div>\n\t\t\t\t\t<\/div>\n\t\t<\/div>\n\t\t\t\t\t\t\t\t<\/div>\n\t\t\t\t\t<\/div>\n\t\t<\/section>\n\t\t\t\t<section class=\"elementor-section elementor-top-section elementor-element elementor-element-a091d9f elementor-section-height-min-height elementor-hidden-tablet elementor-hidden-phone elementor-section-full_width elementor-section-height-default elementor-section-items-middle\" data-id=\"a091d9f\" data-element_type=\"section\" data-settings=\"{&quot;background_background&quot;:&quot;classic&quot;}\">\n\t\t\t\t\t\t\t<div class=\"elementor-background-overlay\"><\/div>\n\t\t\t\t\t\t\t<div class=\"elementor-container elementor-column-gap-no\">\n\t\t\t\t\t\t\t<div class=\"elementor-row\">\n\t\t\t\t\t<div class=\"elementor-column elementor-col-50 elementor-top-column elementor-element elementor-element-b270ef4\" data-id=\"b270ef4\" data-element_type=\"column\" data-settings=\"{&quot;background_background&quot;:&quot;classic&quot;}\">\n\t\t\t<div class=\"elementor-column-wrap\">\n\t\t\t\t\t\t\t<div class=\"elementor-widget-wrap\">\n\t\t\t\t\t\t\t\t<\/div>\n\t\t\t\t\t<\/div>\n\t\t<\/div>\n\t\t\t\t<div class=\"elementor-column elementor-col-50 elementor-top-column elementor-element elementor-element-ddc48b9\" data-id=\"ddc48b9\" data-element_type=\"column\">\n\t\t\t<div class=\"elementor-column-wrap elementor-element-populated\">\n\t\t\t\t\t\t\t<div class=\"elementor-widget-wrap\">\n\t\t\t\t\t\t<div class=\"elementor-element elementor-element-330dfab elementor-widget elementor-widget-heading\" data-id=\"330dfab\" data-element_type=\"widget\" data-widget_type=\"heading.default\">\n\t\t\t\t<div class=\"elementor-widget-container\">\n\t\t\t<h2 class=\"elementor-heading-title elementor-size-default\">einfache Zubereitung<\/h2>\t\t<\/div>\n\t\t\t\t<\/div>\n\t\t\t\t\t\t<\/div>\n\t\t\t\t\t<\/div>\n\t\t<\/div>\n\t\t\t\t\t\t\t\t<\/div>\n\t\t\t\t\t<\/div>\n\t\t<\/section>\n\t\t\t\t<section class=\"elementor-section elementor-top-section elementor-element elementor-element-050c1b1 elementor-section-full_width elementor-section-height-min-height elementor-hidden-desktop elementor-hidden-tablet elementor-section-height-default elementor-section-items-middle\" data-id=\"050c1b1\" data-element_type=\"section\" data-settings=\"{&quot;background_background&quot;:&quot;classic&quot;}\">\n\t\t\t\t\t\t\t<div class=\"elementor-background-overlay\"><\/div>\n\t\t\t\t\t\t\t<div class=\"elementor-container elementor-column-gap-no\">\n\t\t\t\t\t\t\t<div class=\"elementor-row\">\n\t\t\t\t\t<div class=\"elementor-column elementor-col-100 elementor-top-column elementor-element elementor-element-9e4ab2c\" data-id=\"9e4ab2c\" data-element_type=\"column\">\n\t\t\t<div class=\"elementor-column-wrap elementor-element-populated\">\n\t\t\t\t\t\t\t<div class=\"elementor-widget-wrap\">\n\t\t\t\t\t\t<div class=\"elementor-element elementor-element-301c5b5 elementor-widget elementor-widget-image\" data-id=\"301c5b5\" data-element_type=\"widget\" data-widget_type=\"image.default\">\n\t\t\t\t<div class=\"elementor-widget-container\">\n\t\t\t\t\t\t\t\t<div class=\"elementor-image\">\n\t\t\t\t\t\t\t\t\t\t\t\t<img width=\"460\" height=\"600\" src=\"https:\/\/testing.wowtea.eu\/at\/files\/2022\/10\/How-to-prepare-mobile-4.jpg\" class=\"attachment-large size-large wp-image-111625\" alt=\"\" loading=\"lazy\" srcset=\"https:\/\/testing.wowtea.eu\/at\/files\/2022\/10\/How-to-prepare-mobile-4.jpg 460w, https:\/\/testing.wowtea.eu\/at\/files\/2022\/10\/How-to-prepare-mobile-4-230x300.jpg 230w, https:\/\/testing.wowtea.eu\/at\/files\/2022\/10\/How-to-prepare-mobile-4-77x100.jpg 77w\" sizes=\"(max-width: 460px) 100vw, 460px\" \/>\t\t\t\t\t\t\t\t\t\t\t\t\t\t<\/div>\n\t\t\t\t\t\t<\/div>\n\t\t\t\t<\/div>\n\t\t\t\t<div class=\"elementor-element elementor-element-3c66492 elementor-widget elementor-widget-heading\" data-id=\"3c66492\" data-element_type=\"widget\" data-widget_type=\"heading.default\">\n\t\t\t\t<div class=\"elementor-widget-container\">\n\t\t\t<h2 class=\"elementor-heading-title elementor-size-default\">einfache Zubereitung<\/h2>\t\t<\/div>\n\t\t\t\t<\/div>\n\t\t\t\t\t\t<\/div>\n\t\t\t\t\t<\/div>\n\t\t<\/div>\n\t\t\t\t\t\t\t\t<\/div>\n\t\t\t\t\t<\/div>\n\t\t<\/section>\n\t\t\t\t<section class=\"elementor-section elementor-top-section elementor-element elementor-element-0e33790 elementor-section-full_width elementor-section-height-default elementor-section-height-default\" data-id=\"0e33790\" data-element_type=\"section\">\n\t\t\t\t\t\t<div class=\"elementor-container elementor-column-gap-no\">\n\t\t\t\t\t\t\t<div class=\"elementor-row\">\n\t\t\t\t\t<div class=\"elementor-column elementor-col-100 elementor-top-column elementor-element elementor-element-957f13f\" data-id=\"957f13f\" data-element_type=\"column\">\n\t\t\t<div class=\"elementor-column-wrap elementor-element-populated\">\n\t\t\t\t\t\t\t<div class=\"elementor-widget-wrap\">\n\t\t\t\t\t\t<div class=\"elementor-element elementor-element-b3e83e5 elementor-widget elementor-widget-image\" data-id=\"b3e83e5\" data-element_type=\"widget\" data-widget_type=\"image.default\">\n\t\t\t\t<div class=\"elementor-widget-container\">\n\t\t\t\t\t\t\t\t<div class=\"elementor-image\">\n\t\t\t\t\t\t\t\t\t\t\t\t<img src=\"https:\/\/testing.wowtea.eu\/wp-content\/uploads\/2022\/09\/mmm...too-good-summer-D.svg\" title=\"\" alt=\"\" loading=\"lazy\" \/>\t\t\t\t\t\t\t\t\t\t\t\t\t\t<\/div>\n\t\t\t\t\t\t<\/div>\n\t\t\t\t<\/div>\n\t\t\t\t\t\t<\/div>\n\t\t\t\t\t<\/div>\n\t\t<\/div>\n\t\t\t\t\t\t\t\t<\/div>\n\t\t\t\t\t<\/div>\n\t\t<\/section>\n\t\t\t\t<section class=\"elementor-section elementor-top-section elementor-element elementor-element-b2d2f8c elementor-hidden-desktop elementor-hidden-tablet elementor-hidden-mobile elementor-section-boxed elementor-section-height-default elementor-section-height-default\" data-id=\"b2d2f8c\" data-element_type=\"section\">\n\t\t\t\t\t\t<div class=\"elementor-container elementor-column-gap-default\">\n\t\t\t\t\t\t\t<div class=\"elementor-row\">\n\t\t\t\t\t<div class=\"elementor-column elementor-col-100 elementor-top-column elementor-element elementor-element-1ae09b9\" data-id=\"1ae09b9\" data-element_type=\"column\">\n\t\t\t<div class=\"elementor-column-wrap elementor-element-populated\">\n\t\t\t\t\t\t\t<div class=\"elementor-widget-wrap\">\n\t\t\t\t\t\t<div class=\"elementor-element elementor-element-b57d123 elementor-widget elementor-widget-custom_title\" data-id=\"b57d123\" data-element_type=\"widget\" data-widget_type=\"custom_title.default\">\n\t\t\t\t<div class=\"elementor-widget-container\">\n\t\t\t      <!-- border_title center_border -->\n      \n               <div class=\"custom_title\"  >\n            <h2 class=\"title border_title center \"><span>\u0417\u0410\u0429\u041e \u041d\u0410\u0428\u0418\u0422\u0415 \u041c\u041e\u041c\u0418\u0427\u0415\u0422\u0410 \u0413\u041e \u041e\u0411\u0418\u0427\u0410\u0422?<\/span> <\/h2>\n         <\/div>\n      \n\n   \t\t<\/div>\n\t\t\t\t<\/div>\n\t\t\t\t\t\t<\/div>\n\t\t\t\t\t<\/div>\n\t\t<\/div>\n\t\t\t\t\t\t\t\t<\/div>\n\t\t\t\t\t<\/div>\n\t\t<\/section>\n\t\t\t\t<section class=\"elementor-section elementor-top-section elementor-element elementor-element-957ef00 elementor-section-full_width elementor-section-height-default elementor-section-height-default\" data-id=\"957ef00\" data-element_type=\"section\">\n\t\t\t\t\t\t<div class=\"elementor-container elementor-column-gap-no\">\n\t\t\t\t\t\t\t<div class=\"elementor-row\">\n\t\t\t\t\t<div class=\"elementor-column elementor-col-100 elementor-top-column elementor-element elementor-element-ec7f1a5\" data-id=\"ec7f1a5\" data-element_type=\"column\">\n\t\t\t<div class=\"elementor-column-wrap elementor-element-populated\">\n\t\t\t\t\t\t\t<div class=\"elementor-widget-wrap\">\n\t\t\t\t\t\t<section class=\"elementor-section elementor-inner-section elementor-element elementor-element-560cc25 elementor-section-full_width elementor-hidden-phone elementor-section-height-default elementor-section-height-default\" data-id=\"560cc25\" data-element_type=\"section\">\n\t\t\t\t\t\t<div class=\"elementor-container elementor-column-gap-no\">\n\t\t\t\t\t\t\t<div class=\"elementor-row\">\n\t\t\t\t\t<div class=\"elementor-column elementor-col-100 elementor-inner-column elementor-element elementor-element-de3d02c\" data-id=\"de3d02c\" data-element_type=\"column\">\n\t\t\t<div class=\"elementor-column-wrap elementor-element-populated\">\n\t\t\t\t\t\t\t<div class=\"elementor-widget-wrap\">\n\t\t\t\t\t\t<div class=\"elementor-element elementor-element-6b4119c elementor-widget elementor-widget-image\" data-id=\"6b4119c\" data-element_type=\"widget\" data-widget_type=\"image.default\">\n\t\t\t\t<div class=\"elementor-widget-container\">\n\t\t\t\t\t\t\t\t<div class=\"elementor-image\">\n\t\t\t\t\t\t\t\t\t\t\t\t<img width=\"1920\" height=\"650\" src=\"https:\/\/testing.wowtea.eu\/at\/files\/2022\/10\/CTA-banner-summer-bundle-D.jpg\" class=\"attachment-full size-full wp-image-111624\" alt=\"\" loading=\"lazy\" srcset=\"https:\/\/testing.wowtea.eu\/at\/files\/2022\/10\/CTA-banner-summer-bundle-D.jpg 1920w, https:\/\/testing.wowtea.eu\/at\/files\/2022\/10\/CTA-banner-summer-bundle-D-300x102.jpg 300w, https:\/\/testing.wowtea.eu\/at\/files\/2022\/10\/CTA-banner-summer-bundle-D-1024x347.jpg 1024w, https:\/\/testing.wowtea.eu\/at\/files\/2022\/10\/CTA-banner-summer-bundle-D-768x260.jpg 768w, https:\/\/testing.wowtea.eu\/at\/files\/2022\/10\/CTA-banner-summer-bundle-D-1536x520.jpg 1536w, https:\/\/testing.wowtea.eu\/at\/files\/2022\/10\/CTA-banner-summer-bundle-D-100x34.jpg 100w, https:\/\/testing.wowtea.eu\/at\/files\/2022\/10\/CTA-banner-summer-bundle-D-600x203.jpg 600w\" sizes=\"(max-width: 1920px) 100vw, 1920px\" \/>\t\t\t\t\t\t\t\t\t\t\t\t\t\t<\/div>\n\t\t\t\t\t\t<\/div>\n\t\t\t\t<\/div>\n\t\t\t\t\t\t<\/div>\n\t\t\t\t\t<\/div>\n\t\t<\/div>\n\t\t\t\t\t\t\t\t<\/div>\n\t\t\t\t\t<\/div>\n\t\t<\/section>\n\t\t\t\t<section class=\"elementor-section elementor-inner-section elementor-element elementor-element-e58d52a elementor-section-full_width elementor-hidden-desktop elementor-hidden-tablet elementor-section-height-default elementor-section-height-default\" data-id=\"e58d52a\" data-element_type=\"section\">\n\t\t\t\t\t\t<div class=\"elementor-container elementor-column-gap-no\">\n\t\t\t\t\t\t\t<div class=\"elementor-row\">\n\t\t\t\t\t<div class=\"elementor-column elementor-col-100 elementor-inner-column elementor-element elementor-element-8e09660\" data-id=\"8e09660\" data-element_type=\"column\">\n\t\t\t<div class=\"elementor-column-wrap elementor-element-populated\">\n\t\t\t\t\t\t\t<div class=\"elementor-widget-wrap\">\n\t\t\t\t\t\t<div class=\"elementor-element elementor-element-bf22d35 elementor-widget elementor-widget-image\" data-id=\"bf22d35\" data-element_type=\"widget\" data-widget_type=\"image.default\">\n\t\t\t\t<div class=\"elementor-widget-container\">\n\t\t\t\t\t\t\t\t<div class=\"elementor-image\">\n\t\t\t\t\t\t\t\t\t\t\t\t<img width=\"360\" height=\"435\" src=\"https:\/\/testing.wowtea.eu\/at\/files\/2022\/10\/CTA-banner-summer-bundle-M.jpg\" class=\"attachment-full size-full wp-image-111623\" alt=\"\" loading=\"lazy\" srcset=\"https:\/\/testing.wowtea.eu\/at\/files\/2022\/10\/CTA-banner-summer-bundle-M.jpg 360w, https:\/\/testing.wowtea.eu\/at\/files\/2022\/10\/CTA-banner-summer-bundle-M-248x300.jpg 248w, https:\/\/testing.wowtea.eu\/at\/files\/2022\/10\/CTA-banner-summer-bundle-M-83x100.jpg 83w\" sizes=\"(max-width: 360px) 100vw, 360px\" \/>\t\t\t\t\t\t\t\t\t\t\t\t\t\t<\/div>\n\t\t\t\t\t\t<\/div>\n\t\t\t\t<\/div>\n\t\t\t\t\t\t<\/div>\n\t\t\t\t\t<\/div>\n\t\t<\/div>\n\t\t\t\t\t\t\t\t<\/div>\n\t\t\t\t\t<\/div>\n\t\t<\/section>\n\t\t\t\t\t\t<\/div>\n\t\t\t\t\t<\/div>\n\t\t<\/div>\n\t\t\t\t\t\t\t\t<\/div>\n\t\t\t\t\t<\/div>\n\t\t<\/section>\n\t\t\t\t\t\t\t\t\t<\/div>\n\t\t\t<\/div>\n\t\t\t\t\t<\/div>\n\t\t","protected":false},"excerpt":{"rendered":"<ul class=\"check_list\">\n<li>\n<h4>Werde schneller fitter mit dem neuen Sommer-SlimFit<\/h4>\n<p>dass nach exotischer <strong>Mango<\/strong> und duftender <strong>Kokosnuss<\/strong> schmeckt.<\/li>\n<li>\n<h4>Beginne deine Entgiftung und Basenbildung<\/h4>\n<p>mit dem ersten Schluck unseres <strong>Sommer-Detox mit frischem Zitronen-geschmack<\/strong> und zus\u00e4tzlichen <strong>Antioxidantien!<\/strong> Sp\u00fcre die Wirkung schon in den ersten 24 Stunden!<\/li>\n<li>\n<h4>Steigere deine Immunit\u00e4t und Vitalit\u00e4t<\/h4>\n<p>mit dem leckersten <strong>Ayurveda-Rezept,<\/strong> angereichert mit besonders gesunden Kr\u00e4utern und einer Mischung aus saftiger <strong>Mango und s\u00fc\u00dfem Pfirsich!<\/strong><\/li>\n<li>\n<h4>Genie\u00dfe deinen Sommertee in einer Teeflasche<\/h4>\n<p>in limitierter Auflage &#8211; das ist die <strong>beste Art<\/strong>, Tee zu trinken und gleichzeitig etwas f\u00fcr die Umwelt zu tun!<\/li>\n<\/ul>\n","protected":false},"featured_media":128012,"comment_status":"closed","ping_status":"closed","template":"","meta":{"inline_featured_image":false},"product_cat":[480,496],"product_tag":[],"acf":[],"variations_data":[],"free_delivery":false,"currency_name":"&euro;","_links":{"self":[{"href":"https:\/\/testing.wowtea.eu\/at\/wp-json\/wp\/v2\/product\/111591"}],"collection":[{"href":"https:\/\/testing.wowtea.eu\/at\/wp-json\/wp\/v2\/product"}],"about":[{"href":"https:\/\/testing.wowtea.eu\/at\/wp-json\/wp\/v2\/types\/product"}],"replies":[{"embeddable":true,"href":"https:\/\/testing.wowtea.eu\/at\/wp-json\/wp\/v2\/comments?post=111591"}],"version-history":[{"count":0,"href":"https:\/\/testing.wowtea.eu\/at\/wp-json\/wp\/v2\/product\/111591\/revisions"}],"wp:featuredmedia":[{"embeddable":true,"href":"https:\/\/testing.wowtea.eu\/at\/wp-json\/wp\/v2\/media\/128012"}],"wp:attachment":[{"href":"https:\/\/testing.wowtea.eu\/at\/wp-json\/wp\/v2\/media?parent=111591"}],"wp:term":[{"taxonomy":"product_cat","embeddable":true,"href":"https:\/\/testing.wowtea.eu\/at\/wp-json\/wp\/v2\/product_cat?post=111591"},{"taxonomy":"product_tag","embeddable":true,"href":"https:\/\/testing.wowtea.eu\/at\/wp-json\/wp\/v2\/product_tag?post=111591"}],"curies":[{"name":"wp","href":"https:\/\/api.w.org\/{rel}","templated":true}]}}