{"id":94557,"date":"2021-06-08T19:20:52","date_gmt":"2021-06-08T17:20:52","guid":{"rendered":"https:\/\/testing.wowtea.eu\/at\/?post_type=product&#038;p=94557"},"modified":"2025-03-17T12:35:16","modified_gmt":"2025-03-17T11:35:16","slug":"love-summer-body","status":"publish","type":"product","link":"https:\/\/testing.wowtea.eu\/at\/product\/love-summer-body\/","title":{"rendered":"Love Your Summer Body"},"content":{"rendered":"\t\t<div data-elementor-type=\"product-post\" data-elementor-id=\"94557\" class=\"elementor elementor-94557\">\n\t\t\t\t\t\t<div class=\"elementor-inner\">\n\t\t\t\t<div class=\"elementor-section-wrap\">\n\t\t\t\t\t\t\t\t\t<section class=\"elementor-section elementor-top-section elementor-element elementor-element-2d56d74 elementor-section-full_width elementor-section-height-default elementor-section-height-default\" data-id=\"2d56d74\" data-element_type=\"section\">\n\t\t\t\t\t\t<div class=\"elementor-container elementor-column-gap-no\">\n\t\t\t\t\t\t\t<div class=\"elementor-row\">\n\t\t\t\t\t<div class=\"elementor-column elementor-col-100 elementor-top-column elementor-element elementor-element-ad8c1c7\" data-id=\"ad8c1c7\" data-element_type=\"column\">\n\t\t\t<div class=\"elementor-column-wrap elementor-element-populated\">\n\t\t\t\t\t\t\t<div class=\"elementor-widget-wrap\">\n\t\t\t\t\t\t<div class=\"elementor-element elementor-element-1d1b978 elementor-hidden-phone elementor-widget elementor-widget-image\" data-id=\"1d1b978\" data-element_type=\"widget\" data-widget_type=\"image.default\">\n\t\t\t\t<div class=\"elementor-widget-container\">\n\t\t\t\t\t\t\t\t<div class=\"elementor-image\">\n\t\t\t\t\t\t\t\t\t\t\t\t<img width=\"1920\" height=\"1150\" src=\"https:\/\/testing.wowtea.eu\/at\/files\/2021\/06\/THE-PERFECT-BEACH-DRINK-ummer-detox-D-DE.jpg\" class=\"attachment-full size-full wp-image-95011\" alt=\"\" loading=\"lazy\" srcset=\"https:\/\/testing.wowtea.eu\/at\/files\/2021\/06\/THE-PERFECT-BEACH-DRINK-ummer-detox-D-DE.jpg 1920w, https:\/\/testing.wowtea.eu\/at\/files\/2021\/06\/THE-PERFECT-BEACH-DRINK-ummer-detox-D-DE-300x180.jpg 300w, https:\/\/testing.wowtea.eu\/at\/files\/2021\/06\/THE-PERFECT-BEACH-DRINK-ummer-detox-D-DE-1024x613.jpg 1024w, https:\/\/testing.wowtea.eu\/at\/files\/2021\/06\/THE-PERFECT-BEACH-DRINK-ummer-detox-D-DE-768x460.jpg 768w, https:\/\/testing.wowtea.eu\/at\/files\/2021\/06\/THE-PERFECT-BEACH-DRINK-ummer-detox-D-DE-1536x920.jpg 1536w, https:\/\/testing.wowtea.eu\/at\/files\/2021\/06\/THE-PERFECT-BEACH-DRINK-ummer-detox-D-DE-600x359.jpg 600w\" sizes=\"(max-width: 1920px) 100vw, 1920px\" \/>\t\t\t\t\t\t\t\t\t\t\t\t\t\t<\/div>\n\t\t\t\t\t\t<\/div>\n\t\t\t\t<\/div>\n\t\t\t\t<div class=\"elementor-element elementor-element-6616647 elementor-hidden-desktop elementor-hidden-tablet elementor-widget elementor-widget-image\" data-id=\"6616647\" data-element_type=\"widget\" data-widget_type=\"image.default\">\n\t\t\t\t<div class=\"elementor-widget-container\">\n\t\t\t\t\t\t\t\t<div class=\"elementor-image\">\n\t\t\t\t\t\t\t\t\t\t\t\t<img width=\"460\" height=\"750\" src=\"https:\/\/testing.wowtea.eu\/at\/files\/2021\/06\/THE-PERFECT-BEACH-DRINK-ummer-detox-M-DE.jpg\" class=\"attachment-full size-full wp-image-95010\" alt=\"\" loading=\"lazy\" srcset=\"https:\/\/testing.wowtea.eu\/at\/files\/2021\/06\/THE-PERFECT-BEACH-DRINK-ummer-detox-M-DE.jpg 460w, https:\/\/testing.wowtea.eu\/at\/files\/2021\/06\/THE-PERFECT-BEACH-DRINK-ummer-detox-M-DE-184x300.jpg 184w\" sizes=\"(max-width: 460px) 100vw, 460px\" \/>\t\t\t\t\t\t\t\t\t\t\t\t\t\t<\/div>\n\t\t\t\t\t\t<\/div>\n\t\t\t\t<\/div>\n\t\t\t\t\t\t<\/div>\n\t\t\t\t\t<\/div>\n\t\t<\/div>\n\t\t\t\t\t\t\t\t<\/div>\n\t\t\t\t\t<\/div>\n\t\t<\/section>\n\t\t\t\t<section class=\"elementor-section elementor-top-section elementor-element elementor-element-69805a5 elementor-section-boxed elementor-section-height-default elementor-section-height-default\" data-id=\"69805a5\" data-element_type=\"section\">\n\t\t\t\t\t\t<div class=\"elementor-container elementor-column-gap-default\">\n\t\t\t\t\t\t\t<div class=\"elementor-row\">\n\t\t\t\t\t<div class=\"elementor-column elementor-col-100 elementor-top-column elementor-element elementor-element-128e6bac\" data-id=\"128e6bac\" data-element_type=\"column\">\n\t\t\t<div class=\"elementor-column-wrap\">\n\t\t\t\t\t\t\t<div class=\"elementor-widget-wrap\">\n\t\t\t\t\t\t\t\t<\/div>\n\t\t\t\t\t<\/div>\n\t\t<\/div>\n\t\t\t\t\t\t\t\t<\/div>\n\t\t\t\t\t<\/div>\n\t\t<\/section>\n\t\t\t\t<section class=\"elementor-section elementor-top-section elementor-element elementor-element-04cf650 elementor-section-boxed elementor-section-height-default elementor-section-height-default\" data-id=\"04cf650\" data-element_type=\"section\">\n\t\t\t\t\t\t<div class=\"elementor-container elementor-column-gap-default\">\n\t\t\t\t\t\t\t<div class=\"elementor-row\">\n\t\t\t\t\t<div class=\"elementor-column elementor-col-100 elementor-top-column elementor-element elementor-element-d4d5579\" data-id=\"d4d5579\" data-element_type=\"column\">\n\t\t\t<div class=\"elementor-column-wrap elementor-element-populated\">\n\t\t\t\t\t\t\t<div class=\"elementor-widget-wrap\">\n\t\t\t\t\t\t<div class=\"elementor-element elementor-element-1f360d9 elementor-widget elementor-widget-html\" data-id=\"1f360d9\" data-element_type=\"widget\" data-widget_type=\"html.default\">\n\t\t\t\t<div class=\"elementor-widget-container\">\n\t\t\t<!-- TrustBox widget - Carousel -->\r\n<div class=\"trustpilot-widget\" data-locale=\"de-DE\" data-template-id=\"53aa8912dec7e10d38f59f36\" data-businessunit-id=\"60029def312cb900013df992\" data-style-height=\"320px\" data-style-width=\"100%\" data-theme=\"light\" data-tags=\"DE\" data-stars=\"1,2,3,4,5\">\r\n  <a href=\"https:\/\/de.trustpilot.com\/review\/testing.wowtea.eu\" target=\"_blank\" rel=\"noopener\">Trustpilot<\/a>\r\n<\/div>\r\n<!-- End TrustBox widget -->\t\t<\/div>\n\t\t\t\t<\/div>\n\t\t\t\t\t\t<\/div>\n\t\t\t\t\t<\/div>\n\t\t<\/div>\n\t\t\t\t\t\t\t\t<\/div>\n\t\t\t\t\t<\/div>\n\t\t<\/section>\n\t\t\t\t\t\t\t\t\t<\/div>\n\t\t\t<\/div>\n\t\t\t\t\t<\/div>\n\t\t","protected":false},"excerpt":{"rendered":"<p>Werden Sie schneller fitter mit der neuen Summer SlimFit-Variante aus exotischer Mango &amp; duftender Kokosnuss.Beginnen Sie mit dem ersten Schluck unseres Summer Detox mit frischem Zitrusgeschmack und zus\u00e4tzlichen Antioxidantien zu entgiften und zu alkalisieren!Steigern Sie Ihre Immunit\u00e4t und Vitalit\u00e4t mit dem leckersten Ayurveda-Rezept, angereichert mit extra gesunden Kr\u00e4utern und einer Mischung aus saftiger Mango und s\u00fc\u00dfem Pfirsich!Genie\u00dfen Sie Ihren Sommertee in einer umweltfreundlichen Flasche in limitierter Auflage &#8211; die beste Art, Tee zu trinken und gleichzeitig die Umwelt zu schonen!<br \/>\nSp\u00fcren Sie die Wirkung mit jedem k\u00f6stlichen Schluck!<\/p>\n","protected":false},"featured_media":127877,"comment_status":"open","ping_status":"closed","template":"","meta":{"inline_featured_image":false},"product_cat":[480,496],"product_tag":[],"acf":[],"variations_data":{"94560":{"id":94560,"name":"Summer Detox tea + Summer Slimfit Tea + Gelbe Teeflasche","slug":"summer-detox-tea-summer-wellness-tea-gelbe-teeflasche-2","date_created":{"date":"2021-06-08 19:22:18.000000","timezone_type":3,"timezone":"Europe\/Vienna"},"date_modified":{"date":"2025-03-17 12:35:07.000000","timezone_type":3,"timezone":"Europe\/Vienna"},"status":"publish","featured":false,"catalog_visibility":"visible","description":"","short_description":"","sku":"WOW-P-SETSSTBTY","price":"65.90","regular_price":"82.4","sale_price":"65.90","date_on_sale_from":null,"date_on_sale_to":null,"total_sales":"0","tax_status":"taxable","tax_class":"parent","manage_stock":false,"stock_quantity":null,"stock_status":"instock","backorders":"no","low_stock_amount":"","sold_individually":false,"weight":"","length":"","width":"","height":"","upsell_ids":[],"cross_sell_ids":[],"parent_id":94557,"reviews_allowed":false,"purchase_note":"","attributes":{"pa_summer-products":"summer-detox-tea-summer-slimfit-tea-gelbe-teeflasche"},"default_attributes":[],"menu_order":1,"post_password":"","virtual":false,"downloadable":false,"category_ids":[],"tag_ids":[],"shipping_class_id":0,"downloads":[],"image_id":127877,"gallery_image_ids":[],"download_limit":-1,"download_expiry":-1,"rating_counts":[],"average_rating":0,"review_count":0,"attribute_summary":"Summer Products: Summer Detox tea + Summer Slimfit Tea + Gelbe Teeflasche","meta_data":[{"id":527924,"key":"_gtin","value":""},{"id":527925,"key":"_variable_text_field_1","value":"Perfekte Sommer Kombination Abnehm &amp; Detox-Tees + Gelbe Teeflasche | 100% naturbelassen | 2x150 gr + 550 ml | WOW TEA "},{"id":527926,"key":"_variable_text_field_2","value":"Sommerteepaket zur Ganzk\u00f6rperentgiftung und 24 Stunden Abnehm-Tee. Das Beste von WOW TEA f\u00fcr Ihre definitiven Ergebnisse. Packung enth\u00e4lt eine Sommer Detox-Tee + Sommer SlimFit Fettverbrennungstee + Einzigartige Sommer Teeflasche"},{"id":527927,"key":"_variable_text_field_3","value":""},{"id":527928,"key":"fstr-p-sub","value":""},{"id":997004,"key":"_sold_variation_individually","value":"no"},{"id":997005,"key":"_v_label_field","value":""},{"id":1180883,"key":"_ts_gtin","value":""},{"id":1180884,"key":"_ts_mpn","value":""},{"id":1562439,"key":"oms_price_updated_at","value":"2025-03-17 13:41:10"},{"id":1562440,"key":"_old_regular_price","value":"82.4"},{"id":1562441,"key":"_old_sale_price","value":"57.7"}],"price_html":"<del aria-hidden=\"true\"><span class=\"woocommerce-Price-amount amount\"><bdi>82.40&nbsp;<span class=\"woocommerce-Price-currencySymbol\">&euro;<\/span><\/bdi><\/span><\/del> <ins><span class=\"woocommerce-Price-amount amount\"><bdi>65.90&nbsp;<span class=\"woocommerce-Price-currencySymbol\">&euro;<\/span><\/bdi><\/span><\/ins>","image":"<img width=\"600\" height=\"600\" src=\"https:\/\/testing.wowtea.eu\/at\/files\/2024\/05\/WOWTEA-web-PP-Summer-editions-Slimfit-Upsale-slimfit-detox-bottle-600x600.png\" class=\"attachment-woocommerce_thumbnail size-woocommerce_thumbnail\" alt=\"\" loading=\"lazy\" srcset=\"https:\/\/testing.wowtea.eu\/at\/files\/2024\/05\/WOWTEA-web-PP-Summer-editions-Slimfit-Upsale-slimfit-detox-bottle.png 600w, https:\/\/testing.wowtea.eu\/at\/files\/2024\/05\/WOWTEA-web-PP-Summer-editions-Slimfit-Upsale-slimfit-detox-bottle-300x300.png 300w, https:\/\/testing.wowtea.eu\/at\/files\/2024\/05\/WOWTEA-web-PP-Summer-editions-Slimfit-Upsale-slimfit-detox-bottle-150x150.png 150w, https:\/\/testing.wowtea.eu\/at\/files\/2024\/05\/WOWTEA-web-PP-Summer-editions-Slimfit-Upsale-slimfit-detox-bottle-100x100.png 100w, https:\/\/testing.wowtea.eu\/at\/files\/2024\/05\/WOWTEA-web-PP-Summer-editions-Slimfit-Upsale-slimfit-detox-bottle-45x45.png 45w, https:\/\/testing.wowtea.eu\/at\/files\/2024\/05\/WOWTEA-web-PP-Summer-editions-Slimfit-Upsale-slimfit-detox-bottle-60x60.png 60w, https:\/\/testing.wowtea.eu\/at\/files\/2024\/05\/WOWTEA-web-PP-Summer-editions-Slimfit-Upsale-slimfit-detox-bottle-90x90.png 90w\" sizes=\"(max-width: 600px) 100vw, 600px\" \/>","free_delivery":"Kostenlose lieferung"},"94561":{"id":94561,"name":"Summer Detox tea + Summer Wellness Tea + Gelbe Teeflasche","slug":"summer-slimfit-tea-summer-wellness-tea-gelbe-teeflasche","date_created":{"date":"2021-06-08 19:22:18.000000","timezone_type":3,"timezone":"Europe\/Vienna"},"date_modified":{"date":"2025-03-17 12:35:07.000000","timezone_type":3,"timezone":"Europe\/Vienna"},"status":"publish","featured":false,"catalog_visibility":"visible","description":"","short_description":"","sku":"WOW-P-SETSWTBTY","price":"65.90","regular_price":"82.4","sale_price":"65.90","date_on_sale_from":null,"date_on_sale_to":null,"total_sales":"0","tax_status":"taxable","tax_class":"parent","manage_stock":false,"stock_quantity":null,"stock_status":"instock","backorders":"no","low_stock_amount":"","sold_individually":false,"weight":"","length":"","width":"","height":"","upsell_ids":[],"cross_sell_ids":[],"parent_id":94557,"reviews_allowed":false,"purchase_note":"","attributes":{"pa_summer-products":"summer-detox-tea-summer-wellness-tea-gelbe-teeflasche"},"default_attributes":[],"menu_order":2,"post_password":"","virtual":false,"downloadable":false,"category_ids":[],"tag_ids":[],"shipping_class_id":0,"downloads":[],"image_id":127979,"gallery_image_ids":[],"download_limit":-1,"download_expiry":-1,"rating_counts":[],"average_rating":0,"review_count":0,"attribute_summary":"Summer Products: Summer Detox tea + Summer Wellness Tea + Gelbe Teeflasche","meta_data":[{"id":527930,"key":"_gtin","value":""},{"id":527931,"key":"_variable_text_field_1","value":"Sommer Tee Kit - Detox Tee + Wellness Tee + Gelb Teeflasche | 100% nat\u00fcrliche Kr\u00e4uter | 300 gr | WOW TEA"},{"id":527932,"key":"_variable_text_field_2","value":"Lecker und erfrischend, einfach das perfekte Strandgetr\u00e4nk! Wow Tea Sommer Detox reinigt den K\u00f6rper von Giftstoffen und beschleunigt den Stoffwechsel. Sommer Wellness hat den besten gesundheitsf\u00f6rdernden Kr\u00e4utern der Welt, die dem K\u00f6rper helfen, optimal zu funktionieren. Kombiniert mit einer sch\u00f6nen gelben Teeflasche"},{"id":527933,"key":"_variable_text_field_3","value":""},{"id":527934,"key":"fstr-p-sub","value":""},{"id":997006,"key":"_sold_variation_individually","value":"no"},{"id":997007,"key":"_v_label_field","value":"Save 20%"},{"id":1180885,"key":"_ts_gtin","value":""},{"id":1180886,"key":"_ts_mpn","value":""},{"id":1562412,"key":"oms_price_updated_at","value":"2025-03-17 13:41:10"},{"id":1562413,"key":"_old_regular_price","value":"82.4"},{"id":1562414,"key":"_old_sale_price","value":"57.7"}],"price_html":"<del aria-hidden=\"true\"><span class=\"woocommerce-Price-amount amount\"><bdi>82.40&nbsp;<span class=\"woocommerce-Price-currencySymbol\">&euro;<\/span><\/bdi><\/span><\/del> <ins><span class=\"woocommerce-Price-amount amount\"><bdi>65.90&nbsp;<span class=\"woocommerce-Price-currencySymbol\">&euro;<\/span><\/bdi><\/span><\/ins>","image":"<img width=\"600\" height=\"600\" src=\"https:\/\/testing.wowtea.eu\/at\/files\/2024\/05\/WOWTEA-web-PP-Summer-editions-Wellness-Upsale-wellnes-detox-bottle-600x600.png\" class=\"attachment-woocommerce_thumbnail size-woocommerce_thumbnail\" alt=\"\" loading=\"lazy\" srcset=\"https:\/\/testing.wowtea.eu\/at\/files\/2024\/05\/WOWTEA-web-PP-Summer-editions-Wellness-Upsale-wellnes-detox-bottle.png 600w, https:\/\/testing.wowtea.eu\/at\/files\/2024\/05\/WOWTEA-web-PP-Summer-editions-Wellness-Upsale-wellnes-detox-bottle-300x300.png 300w, https:\/\/testing.wowtea.eu\/at\/files\/2024\/05\/WOWTEA-web-PP-Summer-editions-Wellness-Upsale-wellnes-detox-bottle-150x150.png 150w, https:\/\/testing.wowtea.eu\/at\/files\/2024\/05\/WOWTEA-web-PP-Summer-editions-Wellness-Upsale-wellnes-detox-bottle-100x100.png 100w, https:\/\/testing.wowtea.eu\/at\/files\/2024\/05\/WOWTEA-web-PP-Summer-editions-Wellness-Upsale-wellnes-detox-bottle-45x45.png 45w, https:\/\/testing.wowtea.eu\/at\/files\/2024\/05\/WOWTEA-web-PP-Summer-editions-Wellness-Upsale-wellnes-detox-bottle-60x60.png 60w, https:\/\/testing.wowtea.eu\/at\/files\/2024\/05\/WOWTEA-web-PP-Summer-editions-Wellness-Upsale-wellnes-detox-bottle-90x90.png 90w\" sizes=\"(max-width: 600px) 100vw, 600px\" \/>","free_delivery":"Kostenlose lieferung"},"94559":{"id":94559,"name":"Summer Slimfit Tea + Summer Wellness Tea + Gelbe Teeflasche","slug":"summer-detox-tea-summer-slimfit-tea-gelbe-teeflasche-2","date_created":{"date":"2021-06-08 19:22:18.000000","timezone_type":3,"timezone":"Europe\/Vienna"},"date_modified":{"date":"2025-03-17 12:35:08.000000","timezone_type":3,"timezone":"Europe\/Vienna"},"status":"publish","featured":false,"catalog_visibility":"visible","description":"","short_description":"","sku":"WOW-P-SSTSWTBTY","price":"65.90","regular_price":"82.4","sale_price":"65.90","date_on_sale_from":null,"date_on_sale_to":null,"total_sales":"0","tax_status":"taxable","tax_class":"parent","manage_stock":false,"stock_quantity":null,"stock_status":"instock","backorders":"no","low_stock_amount":"","sold_individually":false,"weight":"","length":"","width":"","height":"","upsell_ids":[],"cross_sell_ids":[],"parent_id":94557,"reviews_allowed":false,"purchase_note":"","attributes":{"pa_summer-products":"summer-slimfit-tea-summer-wellness-tea-gelbe-teeflasche"},"default_attributes":[],"menu_order":3,"post_password":"","virtual":false,"downloadable":false,"category_ids":[],"tag_ids":[],"shipping_class_id":0,"downloads":[],"image_id":128010,"gallery_image_ids":[],"download_limit":-1,"download_expiry":-1,"rating_counts":[],"average_rating":0,"review_count":0,"attribute_summary":"Summer Products: Summer Slimfit Tea + Summer Wellness Tea + Gelbe Teeflasche","meta_data":[{"id":527865,"key":"yst_prominent_words_version","value":"1"},{"id":527918,"key":"_gtin","value":""},{"id":527919,"key":"_variable_text_field_1","value":"Perfekte Sommer Kombination Abnehm &amp; Detox-Tees + Gelbe Teeflasche | 100% naturbelassen | 2x150 gr + 550 ml | WOW TEA "},{"id":527920,"key":"_variable_text_field_2","value":"Sommerteepaket zur Ganzk\u00f6rperentgiftung und 24 Stunden Abnehm-Tee. Das Beste von WOW TEA f\u00fcr Ihre definitiven Ergebnisse. Packung enth\u00e4lt eine Sommer Detox-Tee + Sommer SlimFit Fettverbrennungstee + Einzigartige Sommer Teeflasche"},{"id":527921,"key":"_variable_text_field_3","value":""},{"id":527922,"key":"fstr-p-sub","value":""},{"id":997002,"key":"_sold_variation_individually","value":"no"},{"id":997003,"key":"_v_label_field","value":"Save 20%"},{"id":1180887,"key":"_ts_gtin","value":""},{"id":1180888,"key":"_ts_mpn","value":""},{"id":1562471,"key":"oms_price_updated_at","value":"2025-03-17 13:41:10"},{"id":1562472,"key":"_old_regular_price","value":"82.4"},{"id":1562473,"key":"_old_sale_price","value":"57.7"}],"price_html":"<del aria-hidden=\"true\"><span class=\"woocommerce-Price-amount amount\"><bdi>82.40&nbsp;<span class=\"woocommerce-Price-currencySymbol\">&euro;<\/span><\/bdi><\/span><\/del> <ins><span class=\"woocommerce-Price-amount amount\"><bdi>65.90&nbsp;<span class=\"woocommerce-Price-currencySymbol\">&euro;<\/span><\/bdi><\/span><\/ins>","image":"<img width=\"600\" height=\"600\" src=\"https:\/\/testing.wowtea.eu\/at\/files\/2021\/06\/WOWTEA-web-Shop-Summer-editions-love-your-summer-body-wellness-slimfit-600x600.png\" class=\"attachment-woocommerce_thumbnail size-woocommerce_thumbnail\" alt=\"\" loading=\"lazy\" srcset=\"https:\/\/testing.wowtea.eu\/at\/files\/2021\/06\/WOWTEA-web-Shop-Summer-editions-love-your-summer-body-wellness-slimfit.png 600w, https:\/\/testing.wowtea.eu\/at\/files\/2021\/06\/WOWTEA-web-Shop-Summer-editions-love-your-summer-body-wellness-slimfit-300x300.png 300w, https:\/\/testing.wowtea.eu\/at\/files\/2021\/06\/WOWTEA-web-Shop-Summer-editions-love-your-summer-body-wellness-slimfit-150x150.png 150w, https:\/\/testing.wowtea.eu\/at\/files\/2021\/06\/WOWTEA-web-Shop-Summer-editions-love-your-summer-body-wellness-slimfit-100x100.png 100w, https:\/\/testing.wowtea.eu\/at\/files\/2021\/06\/WOWTEA-web-Shop-Summer-editions-love-your-summer-body-wellness-slimfit-45x45.png 45w, https:\/\/testing.wowtea.eu\/at\/files\/2021\/06\/WOWTEA-web-Shop-Summer-editions-love-your-summer-body-wellness-slimfit-60x60.png 60w, https:\/\/testing.wowtea.eu\/at\/files\/2021\/06\/WOWTEA-web-Shop-Summer-editions-love-your-summer-body-wellness-slimfit-90x90.png 90w\" sizes=\"(max-width: 600px) 100vw, 600px\" \/>","free_delivery":"Kostenlose lieferung"}},"free_delivery":false,"currency_name":"&euro;","_links":{"self":[{"href":"https:\/\/testing.wowtea.eu\/at\/wp-json\/wp\/v2\/product\/94557"}],"collection":[{"href":"https:\/\/testing.wowtea.eu\/at\/wp-json\/wp\/v2\/product"}],"about":[{"href":"https:\/\/testing.wowtea.eu\/at\/wp-json\/wp\/v2\/types\/product"}],"replies":[{"embeddable":true,"href":"https:\/\/testing.wowtea.eu\/at\/wp-json\/wp\/v2\/comments?post=94557"}],"version-history":[{"count":0,"href":"https:\/\/testing.wowtea.eu\/at\/wp-json\/wp\/v2\/product\/94557\/revisions"}],"wp:featuredmedia":[{"embeddable":true,"href":"https:\/\/testing.wowtea.eu\/at\/wp-json\/wp\/v2\/media\/127877"}],"wp:attachment":[{"href":"https:\/\/testing.wowtea.eu\/at\/wp-json\/wp\/v2\/media?parent=94557"}],"wp:term":[{"taxonomy":"product_cat","embeddable":true,"href":"https:\/\/testing.wowtea.eu\/at\/wp-json\/wp\/v2\/product_cat?post=94557"},{"taxonomy":"product_tag","embeddable":true,"href":"https:\/\/testing.wowtea.eu\/at\/wp-json\/wp\/v2\/product_tag?post=94557"}],"curies":[{"name":"wp","href":"https:\/\/api.w.org\/{rel}","templated":true}]}}