{"id":92896,"date":"2021-06-08T21:28:33","date_gmt":"2021-06-08T20:28:33","guid":{"rendered":"https:\/\/testing.wowtea.eu\/ch\/?post_type=product&#038;p=92896"},"modified":"2024-09-23T09:06:33","modified_gmt":"2024-09-23T08:06:33","slug":"love-summer-body","status":"publish","type":"product","link":"https:\/\/testing.wowtea.eu\/ch\/product\/love-summer-body\/","title":{"rendered":"Love Your Summer Body"},"content":{"rendered":"\t\t<div data-elementor-type=\"product-post\" data-elementor-id=\"92896\" class=\"elementor elementor-92896\">\n\t\t\t\t\t\t<div class=\"elementor-inner\">\n\t\t\t\t<div class=\"elementor-section-wrap\">\n\t\t\t\t\t\t\t\t\t<section class=\"elementor-section elementor-top-section elementor-element elementor-element-469d9dc elementor-section-boxed elementor-section-height-default elementor-section-height-default\" data-id=\"469d9dc\" data-element_type=\"section\">\n\t\t\t\t\t\t<div class=\"elementor-container elementor-column-gap-default\">\n\t\t\t\t\t\t\t<div class=\"elementor-row\">\n\t\t\t\t\t<div class=\"elementor-column elementor-col-100 elementor-top-column elementor-element elementor-element-fb95da9\" data-id=\"fb95da9\" data-element_type=\"column\">\n\t\t\t<div class=\"elementor-column-wrap elementor-element-populated\">\n\t\t\t\t\t\t\t<div class=\"elementor-widget-wrap\">\n\t\t\t\t\t\t<div class=\"elementor-element elementor-element-bc386e1 elementor-widget elementor-widget-heading\" data-id=\"bc386e1\" data-element_type=\"widget\" data-widget_type=\"heading.default\">\n\t\t\t\t<div class=\"elementor-widget-container\">\n\t\t\t<h2 class=\"elementor-heading-title elementor-size-default\">Was kannst du in der Box bekommen?<\/h2>\t\t<\/div>\n\t\t\t\t<\/div>\n\t\t\t\t\t\t<\/div>\n\t\t\t\t\t<\/div>\n\t\t<\/div>\n\t\t\t\t\t\t\t\t<\/div>\n\t\t\t\t\t<\/div>\n\t\t<\/section>\n\t\t\t\t<section class=\"elementor-section elementor-top-section elementor-element elementor-element-0dab38a elementor-section-full_width elementor-section-height-default elementor-section-height-default\" data-id=\"0dab38a\" data-element_type=\"section\">\n\t\t\t\t\t\t<div class=\"elementor-container elementor-column-gap-no\">\n\t\t\t\t\t\t\t<div class=\"elementor-row\">\n\t\t\t\t\t<div class=\"elementor-column elementor-col-100 elementor-top-column elementor-element elementor-element-bfd8df7\" data-id=\"bfd8df7\" data-element_type=\"column\">\n\t\t\t<div class=\"elementor-column-wrap elementor-element-populated\">\n\t\t\t\t\t\t\t<div class=\"elementor-widget-wrap\">\n\t\t\t\t\t\t<div class=\"elementor-element elementor-element-79ca359 elementor-hidden-tablet elementor-hidden-phone elementor-widget elementor-widget-image\" data-id=\"79ca359\" data-element_type=\"widget\" data-widget_type=\"image.default\">\n\t\t\t\t<div class=\"elementor-widget-container\">\n\t\t\t\t\t\t\t\t<div class=\"elementor-image\">\n\t\t\t\t\t\t\t\t\t\t\t\t<img src=\"https:\/\/testing.wowtea.eu\/de\/files\/2021\/06\/THE-PERFECT-BEACH-DRINK-ummer-detox-D-DE.jpg\" title=\"\" alt=\"\" loading=\"lazy\" \/>\t\t\t\t\t\t\t\t\t\t\t\t\t\t<\/div>\n\t\t\t\t\t\t<\/div>\n\t\t\t\t<\/div>\n\t\t\t\t<div class=\"elementor-element elementor-element-542e5b2 elementor-hidden-desktop elementor-hidden-tablet elementor-widget elementor-widget-image\" data-id=\"542e5b2\" data-element_type=\"widget\" data-widget_type=\"image.default\">\n\t\t\t\t<div class=\"elementor-widget-container\">\n\t\t\t\t\t\t\t\t<div class=\"elementor-image\">\n\t\t\t\t\t\t\t\t\t\t\t\t<img src=\"https:\/\/testing.wowtea.eu\/de\/files\/2021\/06\/THE-PERFECT-BEACH-DRINK-ummer-detox-M-DE.jpg\" title=\"\" alt=\"\" loading=\"lazy\" \/>\t\t\t\t\t\t\t\t\t\t\t\t\t\t<\/div>\n\t\t\t\t\t\t<\/div>\n\t\t\t\t<\/div>\n\t\t\t\t\t\t<\/div>\n\t\t\t\t\t<\/div>\n\t\t<\/div>\n\t\t\t\t\t\t\t\t<\/div>\n\t\t\t\t\t<\/div>\n\t\t<\/section>\n\t\t\t\t<section class=\"elementor-section elementor-top-section elementor-element elementor-element-62c585f elementor-section-boxed elementor-section-height-default elementor-section-height-default\" data-id=\"62c585f\" data-element_type=\"section\">\n\t\t\t\t\t\t<div class=\"elementor-container elementor-column-gap-default\">\n\t\t\t\t\t\t\t<div class=\"elementor-row\">\n\t\t\t\t\t<div class=\"elementor-column elementor-col-100 elementor-top-column elementor-element elementor-element-f31085c\" data-id=\"f31085c\" data-element_type=\"column\">\n\t\t\t<div class=\"elementor-column-wrap elementor-element-populated\">\n\t\t\t\t\t\t\t<div class=\"elementor-widget-wrap\">\n\t\t\t\t\t\t<div class=\"elementor-element elementor-element-5c3ea19 elementor-widget elementor-widget-html\" data-id=\"5c3ea19\" data-element_type=\"widget\" data-widget_type=\"html.default\">\n\t\t\t\t<div class=\"elementor-widget-container\">\n\t\t\t<!-- TrustBox widget - Carousel -->\r\n<div class=\"trustpilot-widget\" data-locale=\"de-DE\" data-template-id=\"53aa8912dec7e10d38f59f36\" data-businessunit-id=\"60029def312cb900013df992\" data-style-height=\"320px\" data-style-width=\"100%\" data-theme=\"light\" data-tags=\"DE\" data-stars=\"1,2,3,4,5\">\r\n  <a href=\"https:\/\/de.trustpilot.com\/review\/testing.wowtea.eu\" target=\"_blank\" rel=\"noopener\">Trustpilot<\/a>\r\n<\/div>\r\n<!-- End TrustBox widget -->\t\t<\/div>\n\t\t\t\t<\/div>\n\t\t\t\t\t\t<\/div>\n\t\t\t\t\t<\/div>\n\t\t<\/div>\n\t\t\t\t\t\t\t\t<\/div>\n\t\t\t\t\t<\/div>\n\t\t<\/section>\n\t\t\t\t\t\t\t\t\t<\/div>\n\t\t\t<\/div>\n\t\t\t\t\t<\/div>\n\t\t","protected":false},"excerpt":{"rendered":"<p>Werden Sie schneller fitter mit der neuen Summer SlimFit-Variante aus exotischer Mango &amp; duftender Kokosnuss.Beginnen Sie mit dem ersten Schluck unseres Summer Detox mit frischem Zitrusgeschmack und zus\u00e4tzlichen Antioxidantien zu entgiften und zu alkalisieren!Steigern Sie Ihre Immunit\u00e4t und Vitalit\u00e4t mit dem leckersten Ayurveda-Rezept, angereichert mit extra gesunden Kr\u00e4utern und einer Mischung aus saftiger Mango und s\u00fc\u00dfem Pfirsich!Genie\u00dfen Sie Ihren Sommertee in einer umweltfreundlichen Flasche in limitierter Auflage &#8211; die beste Art, Tee zu trinken und gleichzeitig die Umwelt zu schonen!<br \/>\nSp\u00fcren Sie die Wirkung mit jedem k\u00f6stlichen Schluck!<\/p>\n","protected":false},"featured_media":215387,"comment_status":"open","ping_status":"closed","template":"","meta":{"inline_featured_image":false},"product_cat":[482,561],"product_tag":[],"acf":[],"variations_data":{"92900":{"id":92900,"name":"Summer Detox tea + Summer Slimfit Tea + Gelbe Teeflasche","slug":"summer-slimfit-tea-summer-wellness-tea-gelbe-teeflasche","date_created":{"date":"2021-06-08 19:26:30.000000","timezone_type":1,"timezone":"+00:00"},"date_modified":{"date":"2024-09-23 08:06:04.000000","timezone_type":1,"timezone":"+00:00"},"status":"publish","featured":false,"catalog_visibility":"visible","description":"","short_description":"","sku":"WOW-P-SETSSTBTY","price":"58.40","regular_price":"83.4","sale_price":"58.40","date_on_sale_from":null,"date_on_sale_to":null,"total_sales":"0","tax_status":"taxable","tax_class":"parent","manage_stock":false,"stock_quantity":null,"stock_status":"instock","backorders":"no","low_stock_amount":"","sold_individually":false,"weight":"","length":"","width":"","height":"","upsell_ids":[],"cross_sell_ids":[],"parent_id":92896,"reviews_allowed":false,"purchase_note":"","attributes":{"pa_summer-products":"summer-detox-tea-summer-slimfit-tea-gelbe-teeflasche"},"default_attributes":[],"menu_order":1,"post_password":"","virtual":false,"downloadable":false,"category_ids":[],"tag_ids":[],"shipping_class_id":0,"downloads":[],"image_id":215387,"gallery_image_ids":[],"download_limit":-1,"download_expiry":-1,"rating_counts":[],"average_rating":0,"review_count":0,"attribute_summary":"Summer Products: Summer Detox tea + Summer Slimfit Tea + Gelbe Teeflasche","meta_data":[{"id":436425,"key":"_gtin","value":""},{"id":436426,"key":"_variable_text_field_1","value":"Perfekte Sommer Kombination Abnehmen &amp; Immunit\u00e4t-Tees + Gelbe Teeflasche | 100% naturbelassen | 2x150 gr + 550 ml | WOW TEA "},{"id":436427,"key":"_variable_text_field_2","value":"Sommerteepaket zur Ganzk\u00f6rperentgiftung und 24 Stunden Abnehm-Tee. Das Beste von WOW TEA f\u00fcr Ihre definitiven Ergebnisse. Packung enth\u00e4lt eine Sommer Wellness-Tee + Sommer SlimFit Fettverbrennungstee + Einzigartige Sommer Teeflasche"},{"id":436428,"key":"_variable_text_field_3","value":""},{"id":436429,"key":"fstr-p-sub","value":""},{"id":1118643,"key":"_v_label_field","value":""},{"id":1551492,"key":"_sold_variation_individually","value":"no"},{"id":2381120,"key":"_ts_gtin","value":""},{"id":2381121,"key":"_ts_mpn","value":""},{"id":3714747,"key":"oms_price_updated_at","value":"2024-09-23T07:44:19.229054Z"},{"id":3714748,"key":"_old_regular_price","value":"83.4"},{"id":3714749,"key":"_old_sale_price","value":"58.4"}],"price_html":"<del aria-hidden=\"true\"><span class=\"woocommerce-Price-amount amount\"><bdi>83.40&nbsp;<span class=\"woocommerce-Price-currencySymbol\">&#67;&#72;&#70;<\/span><\/bdi><\/span><\/del> <ins><span class=\"woocommerce-Price-amount amount\"><bdi>58.40&nbsp;<span class=\"woocommerce-Price-currencySymbol\">&#67;&#72;&#70;<\/span><\/bdi><\/span><\/ins>","image":"<img width=\"600\" height=\"600\" src=\"https:\/\/testing.wowtea.eu\/ch\/files\/2024\/05\/WOWTEA-web-PP-Summer-editions-Slimfit-Upsale-slimfit-detox-bottle-600x600.png\" class=\"attachment-woocommerce_thumbnail size-woocommerce_thumbnail\" alt=\"\" loading=\"lazy\" srcset=\"https:\/\/testing.wowtea.eu\/ch\/files\/2024\/05\/WOWTEA-web-PP-Summer-editions-Slimfit-Upsale-slimfit-detox-bottle.png 600w, https:\/\/testing.wowtea.eu\/ch\/files\/2024\/05\/WOWTEA-web-PP-Summer-editions-Slimfit-Upsale-slimfit-detox-bottle-300x300.png 300w, https:\/\/testing.wowtea.eu\/ch\/files\/2024\/05\/WOWTEA-web-PP-Summer-editions-Slimfit-Upsale-slimfit-detox-bottle-150x150.png 150w, https:\/\/testing.wowtea.eu\/ch\/files\/2024\/05\/WOWTEA-web-PP-Summer-editions-Slimfit-Upsale-slimfit-detox-bottle-100x100.png 100w, https:\/\/testing.wowtea.eu\/ch\/files\/2024\/05\/WOWTEA-web-PP-Summer-editions-Slimfit-Upsale-slimfit-detox-bottle-45x45.png 45w, https:\/\/testing.wowtea.eu\/ch\/files\/2024\/05\/WOWTEA-web-PP-Summer-editions-Slimfit-Upsale-slimfit-detox-bottle-60x60.png 60w, https:\/\/testing.wowtea.eu\/ch\/files\/2024\/05\/WOWTEA-web-PP-Summer-editions-Slimfit-Upsale-slimfit-detox-bottle-90x90.png 90w\" sizes=\"(max-width: 600px) 100vw, 600px\" \/>","free_delivery":"Kostenlose lieferung"},"92898":{"id":92898,"name":"Summer Detox tea + Summer Wellness Tea + Gelbe Teeflasche","slug":"summer-detox-tea-summer-slimfit-tea-gelbe-teeflasche-2","date_created":{"date":"2021-06-08 19:26:30.000000","timezone_type":1,"timezone":"+00:00"},"date_modified":{"date":"2024-09-23 08:05:37.000000","timezone_type":1,"timezone":"+00:00"},"status":"publish","featured":false,"catalog_visibility":"visible","description":"","short_description":"","sku":"WOW-P-SETSWTBTY","price":"58.40","regular_price":"83.4","sale_price":"58.40","date_on_sale_from":null,"date_on_sale_to":null,"total_sales":"0","tax_status":"taxable","tax_class":"parent","manage_stock":false,"stock_quantity":null,"stock_status":"instock","backorders":"no","low_stock_amount":"","sold_individually":false,"weight":"","length":"","width":"","height":"","upsell_ids":[],"cross_sell_ids":[],"parent_id":92896,"reviews_allowed":false,"purchase_note":"","attributes":{"pa_summer-products":"summer-detox-tea-summer-wellness-tea-gelbe-teeflasche"},"default_attributes":[],"menu_order":2,"post_password":"","virtual":false,"downloadable":false,"category_ids":[],"tag_ids":[],"shipping_class_id":0,"downloads":[],"image_id":215576,"gallery_image_ids":[],"download_limit":-1,"download_expiry":-1,"rating_counts":[],"average_rating":0,"review_count":0,"attribute_summary":"Summer Products: Summer Detox tea + Summer Wellness Tea + Gelbe Teeflasche","meta_data":[{"id":436346,"key":"yst_prominent_words_version","value":"1"},{"id":436405,"key":"_gtin","value":""},{"id":436406,"key":"_variable_text_field_1","value":"Perfekte Sommer Kombination Abnehm &amp; Detox-Tees + Gelbe Teeflasche | 100% naturbelassen | 2x150 gr + 550 ml | WOW TEA "},{"id":436407,"key":"_variable_text_field_2","value":"&quot;Sommerteepaket zur Ganzk\u00f6rperentgiftung und 24 Stunden Abnehm-Tee. Das Beste von WOW TEA f\u00fcr Ihre definitiven Ergebnisse. Packung enth\u00e4lt eine Sommer Detox-Tee + Sommer SlimFit Fettverbrennungstee + Einzigartige Sommer Teeflasche&quot;"},{"id":436408,"key":"_variable_text_field_3","value":""},{"id":436409,"key":"fstr-p-sub","value":""},{"id":1551493,"key":"_sold_variation_individually","value":"no"},{"id":1551494,"key":"_v_label_field","value":""},{"id":2381122,"key":"_ts_gtin","value":""},{"id":2381123,"key":"_ts_mpn","value":""},{"id":3714720,"key":"oms_price_updated_at","value":"2024-09-23T07:43:52.716399Z"},{"id":3714721,"key":"_old_regular_price","value":"83.4"},{"id":3714722,"key":"_old_sale_price","value":"58.4"}],"price_html":"<del aria-hidden=\"true\"><span class=\"woocommerce-Price-amount amount\"><bdi>83.40&nbsp;<span class=\"woocommerce-Price-currencySymbol\">&#67;&#72;&#70;<\/span><\/bdi><\/span><\/del> <ins><span class=\"woocommerce-Price-amount amount\"><bdi>58.40&nbsp;<span class=\"woocommerce-Price-currencySymbol\">&#67;&#72;&#70;<\/span><\/bdi><\/span><\/ins>","image":"<img width=\"600\" height=\"600\" src=\"https:\/\/testing.wowtea.eu\/ch\/files\/2024\/05\/WOWTEA-web-PP-Summer-editions-Wellness-Upsale-wellnes-detox-bottle-600x600.png\" class=\"attachment-woocommerce_thumbnail size-woocommerce_thumbnail\" alt=\"\" loading=\"lazy\" srcset=\"https:\/\/testing.wowtea.eu\/ch\/files\/2024\/05\/WOWTEA-web-PP-Summer-editions-Wellness-Upsale-wellnes-detox-bottle.png 600w, https:\/\/testing.wowtea.eu\/ch\/files\/2024\/05\/WOWTEA-web-PP-Summer-editions-Wellness-Upsale-wellnes-detox-bottle-300x300.png 300w, https:\/\/testing.wowtea.eu\/ch\/files\/2024\/05\/WOWTEA-web-PP-Summer-editions-Wellness-Upsale-wellnes-detox-bottle-150x150.png 150w, https:\/\/testing.wowtea.eu\/ch\/files\/2024\/05\/WOWTEA-web-PP-Summer-editions-Wellness-Upsale-wellnes-detox-bottle-100x100.png 100w, https:\/\/testing.wowtea.eu\/ch\/files\/2024\/05\/WOWTEA-web-PP-Summer-editions-Wellness-Upsale-wellnes-detox-bottle-45x45.png 45w, https:\/\/testing.wowtea.eu\/ch\/files\/2024\/05\/WOWTEA-web-PP-Summer-editions-Wellness-Upsale-wellnes-detox-bottle-60x60.png 60w, https:\/\/testing.wowtea.eu\/ch\/files\/2024\/05\/WOWTEA-web-PP-Summer-editions-Wellness-Upsale-wellnes-detox-bottle-90x90.png 90w\" sizes=\"(max-width: 600px) 100vw, 600px\" \/>","free_delivery":"Kostenlose lieferung"},"92899":{"id":92899,"name":"Summer Slimfit Tea + Summer Wellness Tea + Gelbe Teeflasche","slug":"summer-detox-tea-summer-wellness-tea-gelbe-teeflasche-2","date_created":{"date":"2021-06-08 19:26:30.000000","timezone_type":1,"timezone":"+00:00"},"date_modified":{"date":"2024-09-23 08:06:33.000000","timezone_type":1,"timezone":"+00:00"},"status":"publish","featured":false,"catalog_visibility":"visible","description":"","short_description":"","sku":"WOW-P-SSTSWTBTY","price":"58.40","regular_price":"83.4","sale_price":"58.40","date_on_sale_from":null,"date_on_sale_to":null,"total_sales":"0","tax_status":"taxable","tax_class":"parent","manage_stock":false,"stock_quantity":null,"stock_status":"instock","backorders":"no","low_stock_amount":"","sold_individually":false,"weight":"","length":"","width":"","height":"","upsell_ids":[],"cross_sell_ids":[],"parent_id":92896,"reviews_allowed":false,"purchase_note":"","attributes":{"pa_summer-products":"summer-slimfit-tea-summer-wellness-tea-gelbe-teeflasche"},"default_attributes":[],"menu_order":3,"post_password":"","virtual":false,"downloadable":false,"category_ids":[],"tag_ids":[],"shipping_class_id":0,"downloads":[],"image_id":215614,"gallery_image_ids":[],"download_limit":-1,"download_expiry":-1,"rating_counts":[],"average_rating":0,"review_count":0,"attribute_summary":"Summer Products: Summer Slimfit Tea + Summer Wellness Tea + Gelbe Teeflasche","meta_data":[{"id":436415,"key":"_gtin","value":""},{"id":436416,"key":"_variable_text_field_1","value":"Sommer Tee Kit - Detox Tee + Wellness Tee + Gelb Teeflasche | 100% nat\u00fcrliche Kr\u00e4uter | 300 gr | WOW TEA"},{"id":436417,"key":"_variable_text_field_2","value":"Lecker und erfrischend, einfach das perfekte Strandgetr\u00e4nk! Wow Tea Sommer Detox reinigt den K\u00f6rper von Giftstoffen und beschleunigt den Stoffwechsel. Sommer Wellness hat den besten gesundheitsf\u00f6rdernden Kr\u00e4utern der Welt, die dem K\u00f6rper helfen, optimal zu funktionieren. Kombiniert mit einer sch\u00f6nen gelben Teeflasche"},{"id":436418,"key":"_variable_text_field_3","value":""},{"id":436419,"key":"fstr-p-sub","value":""},{"id":1551495,"key":"_sold_variation_individually","value":"no"},{"id":1551496,"key":"_v_label_field","value":"Save 20%"},{"id":2381124,"key":"_ts_gtin","value":""},{"id":2381125,"key":"_ts_mpn","value":""},{"id":3714772,"key":"oms_price_updated_at","value":"2024-09-23T07:44:43.002975Z"},{"id":3714773,"key":"_old_regular_price","value":"83.4"},{"id":3714774,"key":"_old_sale_price","value":"58.4"}],"price_html":"<del aria-hidden=\"true\"><span class=\"woocommerce-Price-amount amount\"><bdi>83.40&nbsp;<span class=\"woocommerce-Price-currencySymbol\">&#67;&#72;&#70;<\/span><\/bdi><\/span><\/del> <ins><span class=\"woocommerce-Price-amount amount\"><bdi>58.40&nbsp;<span class=\"woocommerce-Price-currencySymbol\">&#67;&#72;&#70;<\/span><\/bdi><\/span><\/ins>","image":"<img width=\"600\" height=\"600\" src=\"https:\/\/testing.wowtea.eu\/ch\/files\/2021\/06\/WOWTEA-web-Shop-Summer-editions-love-your-summer-body-wellness-slimfit-600x600.png\" class=\"attachment-woocommerce_thumbnail size-woocommerce_thumbnail\" alt=\"\" loading=\"lazy\" srcset=\"https:\/\/testing.wowtea.eu\/ch\/files\/2021\/06\/WOWTEA-web-Shop-Summer-editions-love-your-summer-body-wellness-slimfit.png 600w, https:\/\/testing.wowtea.eu\/ch\/files\/2021\/06\/WOWTEA-web-Shop-Summer-editions-love-your-summer-body-wellness-slimfit-300x300.png 300w, https:\/\/testing.wowtea.eu\/ch\/files\/2021\/06\/WOWTEA-web-Shop-Summer-editions-love-your-summer-body-wellness-slimfit-150x150.png 150w, https:\/\/testing.wowtea.eu\/ch\/files\/2021\/06\/WOWTEA-web-Shop-Summer-editions-love-your-summer-body-wellness-slimfit-100x100.png 100w, https:\/\/testing.wowtea.eu\/ch\/files\/2021\/06\/WOWTEA-web-Shop-Summer-editions-love-your-summer-body-wellness-slimfit-45x45.png 45w, https:\/\/testing.wowtea.eu\/ch\/files\/2021\/06\/WOWTEA-web-Shop-Summer-editions-love-your-summer-body-wellness-slimfit-60x60.png 60w, https:\/\/testing.wowtea.eu\/ch\/files\/2021\/06\/WOWTEA-web-Shop-Summer-editions-love-your-summer-body-wellness-slimfit-90x90.png 90w\" sizes=\"(max-width: 600px) 100vw, 600px\" \/>","free_delivery":"Kostenlose lieferung"}},"free_delivery":false,"currency_name":"&#67;&#72;&#70;","_links":{"self":[{"href":"https:\/\/testing.wowtea.eu\/ch\/wp-json\/wp\/v2\/product\/92896"}],"collection":[{"href":"https:\/\/testing.wowtea.eu\/ch\/wp-json\/wp\/v2\/product"}],"about":[{"href":"https:\/\/testing.wowtea.eu\/ch\/wp-json\/wp\/v2\/types\/product"}],"replies":[{"embeddable":true,"href":"https:\/\/testing.wowtea.eu\/ch\/wp-json\/wp\/v2\/comments?post=92896"}],"version-history":[{"count":0,"href":"https:\/\/testing.wowtea.eu\/ch\/wp-json\/wp\/v2\/product\/92896\/revisions"}],"wp:featuredmedia":[{"embeddable":true,"href":"https:\/\/testing.wowtea.eu\/ch\/wp-json\/wp\/v2\/media\/215387"}],"wp:attachment":[{"href":"https:\/\/testing.wowtea.eu\/ch\/wp-json\/wp\/v2\/media?parent=92896"}],"wp:term":[{"taxonomy":"product_cat","embeddable":true,"href":"https:\/\/testing.wowtea.eu\/ch\/wp-json\/wp\/v2\/product_cat?post=92896"},{"taxonomy":"product_tag","embeddable":true,"href":"https:\/\/testing.wowtea.eu\/ch\/wp-json\/wp\/v2\/product_tag?post=92896"}],"curies":[{"name":"wp","href":"https:\/\/api.w.org\/{rel}","templated":true}]}}