{"id":92903,"date":"2021-06-08T21:31:35","date_gmt":"2021-06-08T20:31:35","guid":{"rendered":"https:\/\/testing.wowtea.eu\/ch\/?post_type=product&#038;p=92903"},"modified":"2024-09-23T09:03:55","modified_gmt":"2024-09-23T08:03:55","slug":"new-summer-new","status":"publish","type":"product","link":"https:\/\/testing.wowtea.eu\/ch\/product\/new-summer-new\/","title":{"rendered":"New Summer New Me"},"content":{"rendered":"\t\t<div data-elementor-type=\"product-post\" data-elementor-id=\"92903\" class=\"elementor elementor-92903\">\n\t\t\t\t\t\t<div class=\"elementor-inner\">\n\t\t\t\t<div class=\"elementor-section-wrap\">\n\t\t\t\t\t\t\t\t\t<section class=\"elementor-section elementor-top-section elementor-element elementor-element-70741f3 elementor-section-boxed elementor-section-height-default elementor-section-height-default\" data-id=\"70741f3\" data-element_type=\"section\" data-settings=\"{&quot;background_background&quot;:&quot;classic&quot;}\">\n\t\t\t\t\t\t<div class=\"elementor-container elementor-column-gap-default\">\n\t\t\t\t\t\t\t<div class=\"elementor-row\">\n\t\t\t\t\t<div class=\"elementor-column elementor-col-100 elementor-top-column elementor-element elementor-element-d39d6c7\" data-id=\"d39d6c7\" data-element_type=\"column\" data-settings=\"{&quot;background_background&quot;:&quot;classic&quot;}\">\n\t\t\t<div class=\"elementor-column-wrap elementor-element-populated\">\n\t\t\t\t\t\t\t<div class=\"elementor-widget-wrap\">\n\t\t\t\t\t\t<div class=\"elementor-element elementor-element-1160bf6 elementor-widget elementor-widget-heading\" data-id=\"1160bf6\" data-element_type=\"widget\" data-widget_type=\"heading.default\">\n\t\t\t\t<div class=\"elementor-widget-container\">\n\t\t\t<h2 class=\"elementor-heading-title elementor-size-default\">Was kannst du in der Box bekommen?<\/h2>\t\t<\/div>\n\t\t\t\t<\/div>\n\t\t\t\t\t\t<\/div>\n\t\t\t\t\t<\/div>\n\t\t<\/div>\n\t\t\t\t\t\t\t\t<\/div>\n\t\t\t\t\t<\/div>\n\t\t<\/section>\n\t\t\t\t<section class=\"elementor-section elementor-top-section elementor-element elementor-element-735717c elementor-section-full_width elementor-section-height-default elementor-section-height-default\" data-id=\"735717c\" data-element_type=\"section\">\n\t\t\t\t\t\t<div class=\"elementor-container elementor-column-gap-no\">\n\t\t\t\t\t\t\t<div class=\"elementor-row\">\n\t\t\t\t\t<div class=\"elementor-column elementor-col-100 elementor-top-column elementor-element elementor-element-b0fd906\" data-id=\"b0fd906\" data-element_type=\"column\">\n\t\t\t<div class=\"elementor-column-wrap elementor-element-populated\">\n\t\t\t\t\t\t\t<div class=\"elementor-widget-wrap\">\n\t\t\t\t\t\t<div class=\"elementor-element elementor-element-b331fde elementor-hidden-tablet elementor-hidden-phone elementor-widget elementor-widget-image\" data-id=\"b331fde\" data-element_type=\"widget\" data-widget_type=\"image.default\">\n\t\t\t\t<div class=\"elementor-widget-container\">\n\t\t\t\t\t\t\t\t<div class=\"elementor-image\">\n\t\t\t\t\t\t\t\t\t\t\t\t<img width=\"1920\" height=\"1150\" src=\"https:\/\/testing.wowtea.eu\/ch\/files\/2021\/06\/THE-PERFECT-BEACH-DRINK-ummer-detox-D-DE.jpg\" class=\"attachment-full size-full wp-image-101441\" alt=\"\" loading=\"lazy\" srcset=\"https:\/\/testing.wowtea.eu\/ch\/files\/2021\/06\/THE-PERFECT-BEACH-DRINK-ummer-detox-D-DE.jpg 1920w, https:\/\/testing.wowtea.eu\/ch\/files\/2021\/06\/THE-PERFECT-BEACH-DRINK-ummer-detox-D-DE-300x180.jpg 300w, https:\/\/testing.wowtea.eu\/ch\/files\/2021\/06\/THE-PERFECT-BEACH-DRINK-ummer-detox-D-DE-1024x613.jpg 1024w, https:\/\/testing.wowtea.eu\/ch\/files\/2021\/06\/THE-PERFECT-BEACH-DRINK-ummer-detox-D-DE-768x460.jpg 768w, https:\/\/testing.wowtea.eu\/ch\/files\/2021\/06\/THE-PERFECT-BEACH-DRINK-ummer-detox-D-DE-1536x920.jpg 1536w, https:\/\/testing.wowtea.eu\/ch\/files\/2021\/06\/THE-PERFECT-BEACH-DRINK-ummer-detox-D-DE-600x359.jpg 600w\" sizes=\"(max-width: 1920px) 100vw, 1920px\" \/>\t\t\t\t\t\t\t\t\t\t\t\t\t\t<\/div>\n\t\t\t\t\t\t<\/div>\n\t\t\t\t<\/div>\n\t\t\t\t\t\t<\/div>\n\t\t\t\t\t<\/div>\n\t\t<\/div>\n\t\t\t\t\t\t\t\t<\/div>\n\t\t\t\t\t<\/div>\n\t\t<\/section>\n\t\t\t\t<section class=\"elementor-section elementor-top-section elementor-element elementor-element-02f437b elementor-section-full_width elementor-hidden-desktop elementor-section-height-default elementor-section-height-default\" data-id=\"02f437b\" data-element_type=\"section\">\n\t\t\t\t\t\t<div class=\"elementor-container elementor-column-gap-no\">\n\t\t\t\t\t\t\t<div class=\"elementor-row\">\n\t\t\t\t\t<div class=\"elementor-column elementor-col-100 elementor-top-column elementor-element elementor-element-68d3300\" data-id=\"68d3300\" data-element_type=\"column\">\n\t\t\t<div class=\"elementor-column-wrap elementor-element-populated\">\n\t\t\t\t\t\t\t<div class=\"elementor-widget-wrap\">\n\t\t\t\t\t\t<div class=\"elementor-element elementor-element-38649c7 elementor-widget elementor-widget-image\" data-id=\"38649c7\" data-element_type=\"widget\" data-widget_type=\"image.default\">\n\t\t\t\t<div class=\"elementor-widget-container\">\n\t\t\t\t\t\t\t\t<div class=\"elementor-image\">\n\t\t\t\t\t\t\t\t\t\t\t\t<img width=\"460\" height=\"750\" src=\"https:\/\/testing.wowtea.eu\/ch\/files\/2021\/06\/THE-PERFECT-BEACH-DRINK-ummer-detox-M-DE.jpg\" class=\"attachment-large size-large wp-image-101440\" alt=\"\" loading=\"lazy\" srcset=\"https:\/\/testing.wowtea.eu\/ch\/files\/2021\/06\/THE-PERFECT-BEACH-DRINK-ummer-detox-M-DE.jpg 460w, https:\/\/testing.wowtea.eu\/ch\/files\/2021\/06\/THE-PERFECT-BEACH-DRINK-ummer-detox-M-DE-184x300.jpg 184w\" sizes=\"(max-width: 460px) 100vw, 460px\" \/>\t\t\t\t\t\t\t\t\t\t\t\t\t\t<\/div>\n\t\t\t\t\t\t<\/div>\n\t\t\t\t<\/div>\n\t\t\t\t\t\t<\/div>\n\t\t\t\t\t<\/div>\n\t\t<\/div>\n\t\t\t\t\t\t\t\t<\/div>\n\t\t\t\t\t<\/div>\n\t\t<\/section>\n\t\t\t\t<section class=\"elementor-section elementor-top-section elementor-element elementor-element-abe6176 elementor-section-boxed elementor-section-height-default elementor-section-height-default\" data-id=\"abe6176\" data-element_type=\"section\">\n\t\t\t\t\t\t<div class=\"elementor-container elementor-column-gap-default\">\n\t\t\t\t\t\t\t<div class=\"elementor-row\">\n\t\t\t\t\t<div class=\"elementor-column elementor-col-100 elementor-top-column elementor-element elementor-element-3108f9b\" data-id=\"3108f9b\" data-element_type=\"column\">\n\t\t\t<div class=\"elementor-column-wrap elementor-element-populated\">\n\t\t\t\t\t\t\t<div class=\"elementor-widget-wrap\">\n\t\t\t\t\t\t<div class=\"elementor-element elementor-element-a8b5306 elementor-widget elementor-widget-html\" data-id=\"a8b5306\" data-element_type=\"widget\" data-widget_type=\"html.default\">\n\t\t\t\t<div class=\"elementor-widget-container\">\n\t\t\t<!-- TrustBox widget - Carousel -->\r\n<div class=\"trustpilot-widget\" data-locale=\"de-DE\" data-template-id=\"53aa8912dec7e10d38f59f36\" data-businessunit-id=\"60029def312cb900013df992\" data-style-height=\"320px\" data-style-width=\"100%\" data-theme=\"light\" data-tags=\"DE\" data-stars=\"1,2,3,4,5\">\r\n  <a href=\"https:\/\/de.trustpilot.com\/review\/testing.wowtea.eu\" target=\"_blank\" rel=\"noopener\">Trustpilot<\/a>\r\n<\/div>\r\n<!-- End TrustBox widget -->\t\t<\/div>\n\t\t\t\t<\/div>\n\t\t\t\t\t\t<\/div>\n\t\t\t\t\t<\/div>\n\t\t<\/div>\n\t\t\t\t\t\t\t\t<\/div>\n\t\t\t\t\t<\/div>\n\t\t<\/section>\n\t\t\t\t\t\t\t\t\t<\/div>\n\t\t\t<\/div>\n\t\t\t\t\t<\/div>\n\t\t","protected":false},"excerpt":{"rendered":"<p style=\"font-style: italic;\">Dieses Bundle ist ein absolutes Muss f\u00fcr meinen Sommer! Toller Geschmack und hei\u00dfer Look!<\/p>\n<p>Auf der Suche nach einem schnellen Detox-Tee + einer 100% nat\u00fcrlichen Mischung, die Ihnen hilft, sich f\u00fcr den Sommer in Form zu bringen &#8211; das ist die beste Kombi! Werden Sie schneller fitter mit dem neuen Summer SlimFit, der nach exotischer Mango &amp; duftender Kokosnuss schmeckt.Beginnen Sie mit dem ersten Schluck unseres Summer Detox mit frischem Zitrusgeschmack und zus\u00e4tzlichen Antioxidantien zu entgiften &amp; zu alkalisieren!<br \/>\nSp\u00fcren Sie die Wirkung mit jedem k\u00f6stlichen Schluck!<\/p>\n","protected":false},"featured_media":215386,"comment_status":"open","ping_status":"closed","template":"","meta":{"inline_featured_image":false},"product_cat":[482,561],"product_tag":[],"acf":[],"variations_data":{"92904":{"id":92904,"name":"Summer Detox + Summer SlimFit","slug":"summer-detox-summer-slimfit-3","date_created":{"date":"2021-06-08 19:30:28.000000","timezone_type":1,"timezone":"+00:00"},"date_modified":{"date":"2024-09-23 08:03:21.000000","timezone_type":1,"timezone":"+00:00"},"status":"publish","featured":false,"catalog_visibility":"visible","description":"","short_description":"","sku":"WOW-P-SETSST","price":"40.40","regular_price":"53.8","sale_price":"40.40","date_on_sale_from":null,"date_on_sale_to":null,"total_sales":"0","tax_status":"taxable","tax_class":"parent","manage_stock":false,"stock_quantity":null,"stock_status":"instock","backorders":"no","low_stock_amount":"","sold_individually":false,"weight":"","length":"","width":"","height":"","upsell_ids":[],"cross_sell_ids":[],"parent_id":92903,"reviews_allowed":false,"purchase_note":"","attributes":{"pa_summer-products":"summer-detox-summer-slimfit"},"default_attributes":[],"menu_order":1,"post_password":"","virtual":false,"downloadable":false,"category_ids":[],"tag_ids":[],"shipping_class_id":0,"downloads":[],"image_id":215386,"gallery_image_ids":[],"download_limit":-1,"download_expiry":-1,"rating_counts":[],"average_rating":0,"review_count":0,"attribute_summary":"Summer Products: Summer Detox + Summer SlimFit","meta_data":[{"id":436484,"key":"yst_prominent_words_version","value":"1"},{"id":436541,"key":"_gtin","value":""},{"id":436542,"key":"_variable_text_field_1","value":"Perfekte Sommer Kombination Abnehm-Tee &amp; Detox-Tee | 100% naturbelassen | 2x150 gr | WOW TEA | Hergestellt in EU"},{"id":436543,"key":"_variable_text_field_2","value":"Sommerteepaket zur Ganzk\u00f6rperentgiftung und 24 Stunden Abnehm-Tee. Das Beste von WOW TEA f\u00fcr Ihre definitiven Ergebnisse. Packung enth\u00e4lt eine Sommer Detox-Tee + Sommer SlimFit Fettverbrennungstee&quot;"},{"id":436544,"key":"_variable_text_field_3","value":""},{"id":436545,"key":"fstr-p-sub","value":""},{"id":1118658,"key":"_v_label_field","value":""},{"id":1551524,"key":"_sold_variation_individually","value":"no"},{"id":2811962,"key":"_ts_gtin","value":""},{"id":2811963,"key":"_ts_mpn","value":""},{"id":3714267,"key":"oms_price_updated_at","value":"2024-09-23T07:41:36.730996Z"},{"id":3714268,"key":"_old_regular_price","value":"53.8"},{"id":3714269,"key":"_old_sale_price","value":"40.4"}],"price_html":"<del aria-hidden=\"true\"><span class=\"woocommerce-Price-amount amount\"><bdi>53.80&nbsp;<span class=\"woocommerce-Price-currencySymbol\">&#67;&#72;&#70;<\/span><\/bdi><\/span><\/del> <ins><span class=\"woocommerce-Price-amount amount\"><bdi>40.40&nbsp;<span class=\"woocommerce-Price-currencySymbol\">&#67;&#72;&#70;<\/span><\/bdi><\/span><\/ins>","image":"<img width=\"600\" height=\"600\" src=\"https:\/\/testing.wowtea.eu\/ch\/files\/2024\/05\/WOWTEA-web-PP-Summer-editions-Slimfit-Upsale-slimfit-detox-600x600.png\" class=\"attachment-woocommerce_thumbnail size-woocommerce_thumbnail\" alt=\"\" loading=\"lazy\" srcset=\"https:\/\/testing.wowtea.eu\/ch\/files\/2024\/05\/WOWTEA-web-PP-Summer-editions-Slimfit-Upsale-slimfit-detox.png 600w, https:\/\/testing.wowtea.eu\/ch\/files\/2024\/05\/WOWTEA-web-PP-Summer-editions-Slimfit-Upsale-slimfit-detox-300x300.png 300w, https:\/\/testing.wowtea.eu\/ch\/files\/2024\/05\/WOWTEA-web-PP-Summer-editions-Slimfit-Upsale-slimfit-detox-150x150.png 150w, https:\/\/testing.wowtea.eu\/ch\/files\/2024\/05\/WOWTEA-web-PP-Summer-editions-Slimfit-Upsale-slimfit-detox-100x100.png 100w, https:\/\/testing.wowtea.eu\/ch\/files\/2024\/05\/WOWTEA-web-PP-Summer-editions-Slimfit-Upsale-slimfit-detox-45x45.png 45w, https:\/\/testing.wowtea.eu\/ch\/files\/2024\/05\/WOWTEA-web-PP-Summer-editions-Slimfit-Upsale-slimfit-detox-60x60.png 60w, https:\/\/testing.wowtea.eu\/ch\/files\/2024\/05\/WOWTEA-web-PP-Summer-editions-Slimfit-Upsale-slimfit-detox-90x90.png 90w\" sizes=\"(max-width: 600px) 100vw, 600px\" \/>","free_delivery":"Kostenlose lieferung"},"92905":{"id":92905,"name":"Summer Detox + Summer Wellness","slug":"summer-detox-summer-wellness-3","date_created":{"date":"2021-06-08 19:30:28.000000","timezone_type":1,"timezone":"+00:00"},"date_modified":{"date":"2024-09-23 08:03:53.000000","timezone_type":1,"timezone":"+00:00"},"status":"publish","featured":false,"catalog_visibility":"visible","description":"","short_description":"","sku":"WOW-P-SETSWT","price":"40.40","regular_price":"53.8","sale_price":"40.40","date_on_sale_from":null,"date_on_sale_to":null,"total_sales":"0","tax_status":"taxable","tax_class":"parent","manage_stock":false,"stock_quantity":null,"stock_status":"instock","backorders":"no","low_stock_amount":"","sold_individually":false,"weight":"","length":"","width":"","height":"","upsell_ids":[],"cross_sell_ids":[],"parent_id":92903,"reviews_allowed":false,"purchase_note":"","attributes":{"pa_summer-products":"summer-detox-summer-wellness"},"default_attributes":[],"menu_order":2,"post_password":"","virtual":false,"downloadable":false,"category_ids":[],"tag_ids":[],"shipping_class_id":0,"downloads":[],"image_id":215575,"gallery_image_ids":[],"download_limit":-1,"download_expiry":-1,"rating_counts":[],"average_rating":0,"review_count":0,"attribute_summary":"Summer Products: Summer Detox + Summer Wellness","meta_data":[{"id":436551,"key":"_gtin","value":""},{"id":436552,"key":"_variable_text_field_1","value":"Sommer Tee Kit - Detox Tee + Wellness Tee | 100% nat\u00fcrliche Kr\u00e4uter | 300 gr | WOW TEA"},{"id":436553,"key":"_variable_text_field_2","value":"Lecker und erfrischend, einfach das perfekte Strandgetr\u00e4nk! Wow Tea Sommer Detox reinigt den K\u00f6rper von Giftstoffen und beschleunigt den Stoffwechsel. Sommer Wellness hat den besten gesundheitsf\u00f6rdernden Kr\u00e4utern der Welt, die dem K\u00f6rper helfen, optimal zu funktionieren."},{"id":436554,"key":"_variable_text_field_3","value":""},{"id":436555,"key":"fstr-p-sub","value":""},{"id":1145352,"key":"_v_label_field","value":""},{"id":1551525,"key":"_sold_variation_individually","value":"no"},{"id":2811964,"key":"_ts_gtin","value":""},{"id":2811965,"key":"_ts_mpn","value":""},{"id":3714301,"key":"oms_price_updated_at","value":"2024-09-23T07:42:08.324091Z"},{"id":3714302,"key":"_old_regular_price","value":"53.8"},{"id":3714303,"key":"_old_sale_price","value":"40.4"}],"price_html":"<del aria-hidden=\"true\"><span class=\"woocommerce-Price-amount amount\"><bdi>53.80&nbsp;<span class=\"woocommerce-Price-currencySymbol\">&#67;&#72;&#70;<\/span><\/bdi><\/span><\/del> <ins><span class=\"woocommerce-Price-amount amount\"><bdi>40.40&nbsp;<span class=\"woocommerce-Price-currencySymbol\">&#67;&#72;&#70;<\/span><\/bdi><\/span><\/ins>","image":"<img width=\"600\" height=\"600\" src=\"https:\/\/testing.wowtea.eu\/ch\/files\/2024\/05\/WOWTEA-web-PP-Summer-editions-Wellness-Upsale-wellnes-detox-600x600.png\" class=\"attachment-woocommerce_thumbnail size-woocommerce_thumbnail\" alt=\"\" loading=\"lazy\" srcset=\"https:\/\/testing.wowtea.eu\/ch\/files\/2024\/05\/WOWTEA-web-PP-Summer-editions-Wellness-Upsale-wellnes-detox.png 600w, https:\/\/testing.wowtea.eu\/ch\/files\/2024\/05\/WOWTEA-web-PP-Summer-editions-Wellness-Upsale-wellnes-detox-300x300.png 300w, https:\/\/testing.wowtea.eu\/ch\/files\/2024\/05\/WOWTEA-web-PP-Summer-editions-Wellness-Upsale-wellnes-detox-150x150.png 150w, https:\/\/testing.wowtea.eu\/ch\/files\/2024\/05\/WOWTEA-web-PP-Summer-editions-Wellness-Upsale-wellnes-detox-100x100.png 100w, https:\/\/testing.wowtea.eu\/ch\/files\/2024\/05\/WOWTEA-web-PP-Summer-editions-Wellness-Upsale-wellnes-detox-45x45.png 45w, https:\/\/testing.wowtea.eu\/ch\/files\/2024\/05\/WOWTEA-web-PP-Summer-editions-Wellness-Upsale-wellnes-detox-60x60.png 60w, https:\/\/testing.wowtea.eu\/ch\/files\/2024\/05\/WOWTEA-web-PP-Summer-editions-Wellness-Upsale-wellnes-detox-90x90.png 90w\" sizes=\"(max-width: 600px) 100vw, 600px\" \/>","free_delivery":"Kostenlose lieferung"},"92906":{"id":92906,"name":"Summer Wellness + Summer SlimFit","slug":"summer-wellness-summer-slimfit","date_created":{"date":"2021-06-08 19:30:28.000000","timezone_type":1,"timezone":"+00:00"},"date_modified":{"date":"2024-09-23 08:03:45.000000","timezone_type":1,"timezone":"+00:00"},"status":"publish","featured":false,"catalog_visibility":"visible","description":"","short_description":"","sku":"WOW-P-SSTSWT","price":"40.40","regular_price":"53.8","sale_price":"40.40","date_on_sale_from":null,"date_on_sale_to":null,"total_sales":"0","tax_status":"taxable","tax_class":"parent","manage_stock":false,"stock_quantity":null,"stock_status":"instock","backorders":"no","low_stock_amount":"","sold_individually":false,"weight":"","length":"","width":"","height":"","upsell_ids":[],"cross_sell_ids":[],"parent_id":92903,"reviews_allowed":false,"purchase_note":"","attributes":{"pa_summer-products":"summer-wellness-summer-slimfit"},"default_attributes":[],"menu_order":3,"post_password":"","virtual":false,"downloadable":false,"category_ids":[],"tag_ids":[],"shipping_class_id":0,"downloads":[],"image_id":215612,"gallery_image_ids":[],"download_limit":-1,"download_expiry":-1,"rating_counts":[],"average_rating":0,"review_count":0,"attribute_summary":"Summer Products: Summer Wellness + Summer SlimFit","meta_data":[{"id":436561,"key":"_gtin","value":""},{"id":436562,"key":"_variable_text_field_1","value":"Sommer Tee Kit - Abnehm Tee + Wellness Tee | 100% nat\u00fcrliche Kr\u00e4uter | 300 gr | WOW TEA"},{"id":436563,"key":"_variable_text_field_2","value":"Sommerteepaket zur Ganzk\u00f6rperentgiftung und 24 Stunden Abnehm-Tee. Das Beste von WOW TEA f\u00fcr Ihre definitiven Ergebnisse. Packung enth\u00e4lt eine Sommer Wellness-Tee + Sommer SlimFit Fettverbrennungstee."},{"id":436564,"key":"_variable_text_field_3","value":""},{"id":436565,"key":"fstr-p-sub","value":""},{"id":1118659,"key":"_v_label_field","value":"Save 15%"},{"id":1551526,"key":"_sold_variation_individually","value":"no"},{"id":2811966,"key":"_ts_gtin","value":""},{"id":2811967,"key":"_ts_mpn","value":""},{"id":3714288,"key":"oms_price_updated_at","value":"2024-09-23T07:41:55.202772Z"},{"id":3714289,"key":"_old_regular_price","value":"53.8"},{"id":3714290,"key":"_old_sale_price","value":"40.4"}],"price_html":"<del aria-hidden=\"true\"><span class=\"woocommerce-Price-amount amount\"><bdi>53.80&nbsp;<span class=\"woocommerce-Price-currencySymbol\">&#67;&#72;&#70;<\/span><\/bdi><\/span><\/del> <ins><span class=\"woocommerce-Price-amount amount\"><bdi>40.40&nbsp;<span class=\"woocommerce-Price-currencySymbol\">&#67;&#72;&#70;<\/span><\/bdi><\/span><\/ins>","image":"<img width=\"600\" height=\"600\" src=\"https:\/\/testing.wowtea.eu\/ch\/files\/2021\/06\/WOWTEA-web-Shop-Summer-editions-new-summer-new-me-wellness-slimfit-600x600.png\" class=\"attachment-woocommerce_thumbnail size-woocommerce_thumbnail\" alt=\"\" loading=\"lazy\" srcset=\"https:\/\/testing.wowtea.eu\/ch\/files\/2021\/06\/WOWTEA-web-Shop-Summer-editions-new-summer-new-me-wellness-slimfit.png 600w, https:\/\/testing.wowtea.eu\/ch\/files\/2021\/06\/WOWTEA-web-Shop-Summer-editions-new-summer-new-me-wellness-slimfit-300x300.png 300w, https:\/\/testing.wowtea.eu\/ch\/files\/2021\/06\/WOWTEA-web-Shop-Summer-editions-new-summer-new-me-wellness-slimfit-150x150.png 150w, https:\/\/testing.wowtea.eu\/ch\/files\/2021\/06\/WOWTEA-web-Shop-Summer-editions-new-summer-new-me-wellness-slimfit-100x100.png 100w, https:\/\/testing.wowtea.eu\/ch\/files\/2021\/06\/WOWTEA-web-Shop-Summer-editions-new-summer-new-me-wellness-slimfit-45x45.png 45w, https:\/\/testing.wowtea.eu\/ch\/files\/2021\/06\/WOWTEA-web-Shop-Summer-editions-new-summer-new-me-wellness-slimfit-60x60.png 60w, https:\/\/testing.wowtea.eu\/ch\/files\/2021\/06\/WOWTEA-web-Shop-Summer-editions-new-summer-new-me-wellness-slimfit-90x90.png 90w\" sizes=\"(max-width: 600px) 100vw, 600px\" \/>","free_delivery":"Kostenlose lieferung"}},"free_delivery":false,"currency_name":"&#67;&#72;&#70;","_links":{"self":[{"href":"https:\/\/testing.wowtea.eu\/ch\/wp-json\/wp\/v2\/product\/92903"}],"collection":[{"href":"https:\/\/testing.wowtea.eu\/ch\/wp-json\/wp\/v2\/product"}],"about":[{"href":"https:\/\/testing.wowtea.eu\/ch\/wp-json\/wp\/v2\/types\/product"}],"replies":[{"embeddable":true,"href":"https:\/\/testing.wowtea.eu\/ch\/wp-json\/wp\/v2\/comments?post=92903"}],"version-history":[{"count":0,"href":"https:\/\/testing.wowtea.eu\/ch\/wp-json\/wp\/v2\/product\/92903\/revisions"}],"wp:featuredmedia":[{"embeddable":true,"href":"https:\/\/testing.wowtea.eu\/ch\/wp-json\/wp\/v2\/media\/215386"}],"wp:attachment":[{"href":"https:\/\/testing.wowtea.eu\/ch\/wp-json\/wp\/v2\/media?parent=92903"}],"wp:term":[{"taxonomy":"product_cat","embeddable":true,"href":"https:\/\/testing.wowtea.eu\/ch\/wp-json\/wp\/v2\/product_cat?post=92903"},{"taxonomy":"product_tag","embeddable":true,"href":"https:\/\/testing.wowtea.eu\/ch\/wp-json\/wp\/v2\/product_tag?post=92903"}],"curies":[{"name":"wp","href":"https:\/\/api.w.org\/{rel}","templated":true}]}}