{"id":92908,"date":"2021-06-08T21:33:59","date_gmt":"2021-06-08T20:33:59","guid":{"rendered":"https:\/\/testing.wowtea.eu\/ch\/?post_type=product&#038;p=92908"},"modified":"2024-09-23T09:05:18","modified_gmt":"2024-09-23T08:05:18","slug":"summer-reborn","status":"publish","type":"product","link":"https:\/\/testing.wowtea.eu\/ch\/product\/summer-reborn\/","title":{"rendered":"Summer Reborn"},"content":{"rendered":"\t\t<div data-elementor-type=\"product-post\" data-elementor-id=\"92908\" class=\"elementor elementor-92908\">\n\t\t\t\t\t\t<div class=\"elementor-inner\">\n\t\t\t\t<div class=\"elementor-section-wrap\">\n\t\t\t\t\t\t\t\t\t<section class=\"elementor-section elementor-top-section elementor-element elementor-element-a86ca35 elementor-section-boxed elementor-section-height-default elementor-section-height-default\" data-id=\"a86ca35\" data-element_type=\"section\">\n\t\t\t\t\t\t<div class=\"elementor-container elementor-column-gap-default\">\n\t\t\t\t\t\t\t<div class=\"elementor-row\">\n\t\t\t\t\t<div class=\"elementor-column elementor-col-100 elementor-top-column elementor-element elementor-element-0ea2bfd\" data-id=\"0ea2bfd\" data-element_type=\"column\">\n\t\t\t<div class=\"elementor-column-wrap elementor-element-populated\">\n\t\t\t\t\t\t\t<div class=\"elementor-widget-wrap\">\n\t\t\t\t\t\t<div class=\"elementor-element elementor-element-2fd34b5 elementor-widget elementor-widget-heading\" data-id=\"2fd34b5\" data-element_type=\"widget\" data-widget_type=\"heading.default\">\n\t\t\t\t<div class=\"elementor-widget-container\">\n\t\t\t<h2 class=\"elementor-heading-title elementor-size-default\">Was kannst du in der Box bekommen?<\/h2>\t\t<\/div>\n\t\t\t\t<\/div>\n\t\t\t\t\t\t<\/div>\n\t\t\t\t\t<\/div>\n\t\t<\/div>\n\t\t\t\t\t\t\t\t<\/div>\n\t\t\t\t\t<\/div>\n\t\t<\/section>\n\t\t\t\t<section class=\"elementor-section elementor-top-section elementor-element elementor-element-59bdd56 elementor-section-full_width elementor-section-height-default elementor-section-height-default\" data-id=\"59bdd56\" data-element_type=\"section\">\n\t\t\t\t\t\t<div class=\"elementor-container elementor-column-gap-no\">\n\t\t\t\t\t\t\t<div class=\"elementor-row\">\n\t\t\t\t\t<div class=\"elementor-column elementor-col-100 elementor-top-column elementor-element elementor-element-d6e6860\" data-id=\"d6e6860\" data-element_type=\"column\">\n\t\t\t<div class=\"elementor-column-wrap elementor-element-populated\">\n\t\t\t\t\t\t\t<div class=\"elementor-widget-wrap\">\n\t\t\t\t\t\t<div class=\"elementor-element elementor-element-67452dd elementor-hidden-tablet elementor-hidden-phone elementor-widget elementor-widget-image\" data-id=\"67452dd\" data-element_type=\"widget\" data-widget_type=\"image.default\">\n\t\t\t\t<div class=\"elementor-widget-container\">\n\t\t\t\t\t\t\t\t<div class=\"elementor-image\">\n\t\t\t\t\t\t\t\t\t\t\t\t<img src=\"https:\/\/testing.wowtea.eu\/de\/files\/2021\/06\/THE-PERFECT-BEACH-DRINK-ummer-detox-D-DE.jpg\" title=\"\" alt=\"\" loading=\"lazy\" \/>\t\t\t\t\t\t\t\t\t\t\t\t\t\t<\/div>\n\t\t\t\t\t\t<\/div>\n\t\t\t\t<\/div>\n\t\t\t\t<div class=\"elementor-element elementor-element-4dcc6df elementor-hidden-desktop elementor-hidden-tablet elementor-widget elementor-widget-image\" data-id=\"4dcc6df\" data-element_type=\"widget\" data-widget_type=\"image.default\">\n\t\t\t\t<div class=\"elementor-widget-container\">\n\t\t\t\t\t\t\t\t<div class=\"elementor-image\">\n\t\t\t\t\t\t\t\t\t\t\t\t<img src=\"https:\/\/testing.wowtea.eu\/de\/files\/2021\/06\/THE-PERFECT-BEACH-DRINK-ummer-detox-M-DE.jpg\" title=\"\" alt=\"\" loading=\"lazy\" \/>\t\t\t\t\t\t\t\t\t\t\t\t\t\t<\/div>\n\t\t\t\t\t\t<\/div>\n\t\t\t\t<\/div>\n\t\t\t\t\t\t<\/div>\n\t\t\t\t\t<\/div>\n\t\t<\/div>\n\t\t\t\t\t\t\t\t<\/div>\n\t\t\t\t\t<\/div>\n\t\t<\/section>\n\t\t\t\t<section class=\"elementor-section elementor-top-section elementor-element elementor-element-0452d70 elementor-section-boxed elementor-section-height-default elementor-section-height-default\" data-id=\"0452d70\" data-element_type=\"section\">\n\t\t\t\t\t\t<div class=\"elementor-container elementor-column-gap-default\">\n\t\t\t\t\t\t\t<div class=\"elementor-row\">\n\t\t\t\t\t<div class=\"elementor-column elementor-col-100 elementor-top-column elementor-element elementor-element-8de58c1\" data-id=\"8de58c1\" data-element_type=\"column\">\n\t\t\t<div class=\"elementor-column-wrap elementor-element-populated\">\n\t\t\t\t\t\t\t<div class=\"elementor-widget-wrap\">\n\t\t\t\t\t\t<div class=\"elementor-element elementor-element-4454539 elementor-widget elementor-widget-html\" data-id=\"4454539\" data-element_type=\"widget\" data-widget_type=\"html.default\">\n\t\t\t\t<div class=\"elementor-widget-container\">\n\t\t\t<!-- TrustBox widget - Carousel -->\r\n<div class=\"trustpilot-widget\" data-locale=\"de-DE\" data-template-id=\"53aa8912dec7e10d38f59f36\" data-businessunit-id=\"60029def312cb900013df992\" data-style-height=\"320px\" data-style-width=\"100%\" data-theme=\"light\" data-tags=\"DE\" data-stars=\"1,2,3,4,5\">\r\n  <a href=\"https:\/\/de.trustpilot.com\/review\/testing.wowtea.eu\" target=\"_blank\" rel=\"noopener\">Trustpilot<\/a>\r\n<\/div>\r\n<!-- End TrustBox widget -->\t\t<\/div>\n\t\t\t\t<\/div>\n\t\t\t\t\t\t<\/div>\n\t\t\t\t\t<\/div>\n\t\t<\/div>\n\t\t\t\t\t\t\t\t<\/div>\n\t\t\t\t\t<\/div>\n\t\t<\/section>\n\t\t\t\t\t\t\t\t\t<\/div>\n\t\t\t<\/div>\n\t\t\t\t\t<\/div>\n\t\t","protected":false},"excerpt":{"rendered":"<p>Werden Sie schneller fitter mit der neuen Summer SlimFit-Variante aus exotischer Mango &amp; duftender Kokosnuss.Beginnen Sie mit dem ersten Schluck unseres Summer Detox mit frischem Zitrusgeschmack und zus\u00e4tzlichen Antioxidantien zu entgiften und zu alkalisieren!Steigern Sie Ihre Immunit\u00e4t und Vitalit\u00e4t mit dem leckersten Ayurveda-Rezept, angereichert mit extra gesunden Kr\u00e4utern und einer Mischung aus saftiger Mango und s\u00fc\u00dfem Pfirsich!Genie\u00dfen Sie Ihren Sommertee in einer umweltfreundlichen Flasche in limitierter Auflage &#8211; die beste Art, Tee zu trinken und gleichzeitig die Umwelt zu schonen!<br \/>\nSp\u00fcren Sie die Wirkung mit jedem k\u00f6stlichen Schluck!<\/p>\n","protected":false},"featured_media":214637,"comment_status":"open","ping_status":"closed","template":"","meta":{"inline_featured_image":false},"product_cat":[482,561],"product_tag":[],"acf":[],"variations_data":{"92909":{"id":92909,"name":"Summer Detox tea + Gelbe Teeflasche","slug":"summer-detox-tea-gelbe-teeflasche-2","date_created":{"date":"2021-06-08 19:32:37.000000","timezone_type":1,"timezone":"+00:00"},"date_modified":{"date":"2024-09-23 08:04:28.000000","timezone_type":1,"timezone":"+00:00"},"status":"publish","featured":false,"catalog_visibility":"visible","description":"","short_description":"","sku":"WOW-P-SETBTY","price":"42.30","regular_price":"56.5","sale_price":"42.30","date_on_sale_from":null,"date_on_sale_to":null,"total_sales":"0","tax_status":"taxable","tax_class":"parent","manage_stock":false,"stock_quantity":null,"stock_status":"instock","backorders":"no","low_stock_amount":"","sold_individually":false,"weight":"","length":"","width":"","height":"","upsell_ids":[],"cross_sell_ids":[],"parent_id":92908,"reviews_allowed":false,"purchase_note":"","attributes":{"pa_summer-products":"summer-detox-tea-gelbe-teeflasche"},"default_attributes":[],"menu_order":1,"post_password":"","virtual":false,"downloadable":false,"category_ids":[],"tag_ids":[],"shipping_class_id":0,"downloads":[],"image_id":214637,"gallery_image_ids":[],"download_limit":-1,"download_expiry":-1,"rating_counts":[],"average_rating":0,"review_count":0,"attribute_summary":"Summer Products: Summer Detox tea + Gelbe Teeflasche","meta_data":[{"id":436616,"key":"yst_prominent_words_version","value":"1"},{"id":436673,"key":"_gtin","value":""},{"id":436674,"key":"_variable_text_field_1","value":"WOW TEA Einzigartig Sommer Detox Tee + Gelbe Teeflasche | F\u00fcr effektive Entschlackung. 21-t\u00e4giges Detoxprogramm| 100% Bio Qualit\u00e4t | 150 gr + 550 ml"},{"id":436675,"key":"_variable_text_field_2","value":"Schnell wirkender Sommer Entgiftung-\u0422\u0435\u0435 mit Exotischer Zitrus-Geschmack + Gelbe Teeflasche. Vollgepackt mit antioxidativen Inhaltsstoffen. Beschleunigung des Stoffwechsels. Eliminierung der Giftstoffe. Linderung des Bl\u00e4hbauchs. Er reinigt die Haut und verhindert die Entstehung von Cellulite."},{"id":436676,"key":"_variable_text_field_3","value":""},{"id":436677,"key":"fstr-p-sub","value":""},{"id":1551453,"key":"_sold_variation_individually","value":"no"},{"id":1551454,"key":"_v_label_field","value":""},{"id":2381103,"key":"_ts_gtin","value":""},{"id":2381104,"key":"_ts_mpn","value":""},{"id":3714469,"key":"oms_price_updated_at","value":"2024-09-23T07:42:43.783564Z"},{"id":3714470,"key":"_old_regular_price","value":"56.5"},{"id":3714471,"key":"_old_sale_price","value":"42.4"}],"price_html":"<del aria-hidden=\"true\"><span class=\"woocommerce-Price-amount amount\"><bdi>56.50&nbsp;<span class=\"woocommerce-Price-currencySymbol\">&#67;&#72;&#70;<\/span><\/bdi><\/span><\/del> <ins><span class=\"woocommerce-Price-amount amount\"><bdi>42.30&nbsp;<span class=\"woocommerce-Price-currencySymbol\">&#67;&#72;&#70;<\/span><\/bdi><\/span><\/ins>","image":"<img width=\"600\" height=\"600\" src=\"https:\/\/testing.wowtea.eu\/ch\/files\/2024\/05\/WOWTEA-web-PP-Summer-editions-Detox-Upsale-detox-bottle-600x600.png\" class=\"attachment-woocommerce_thumbnail size-woocommerce_thumbnail\" alt=\"\" loading=\"lazy\" srcset=\"https:\/\/testing.wowtea.eu\/ch\/files\/2024\/05\/WOWTEA-web-PP-Summer-editions-Detox-Upsale-detox-bottle.png 600w, https:\/\/testing.wowtea.eu\/ch\/files\/2024\/05\/WOWTEA-web-PP-Summer-editions-Detox-Upsale-detox-bottle-300x300.png 300w, https:\/\/testing.wowtea.eu\/ch\/files\/2024\/05\/WOWTEA-web-PP-Summer-editions-Detox-Upsale-detox-bottle-150x150.png 150w, https:\/\/testing.wowtea.eu\/ch\/files\/2024\/05\/WOWTEA-web-PP-Summer-editions-Detox-Upsale-detox-bottle-100x100.png 100w, https:\/\/testing.wowtea.eu\/ch\/files\/2024\/05\/WOWTEA-web-PP-Summer-editions-Detox-Upsale-detox-bottle-45x45.png 45w, https:\/\/testing.wowtea.eu\/ch\/files\/2024\/05\/WOWTEA-web-PP-Summer-editions-Detox-Upsale-detox-bottle-60x60.png 60w, https:\/\/testing.wowtea.eu\/ch\/files\/2024\/05\/WOWTEA-web-PP-Summer-editions-Detox-Upsale-detox-bottle-90x90.png 90w\" sizes=\"(max-width: 600px) 100vw, 600px\" \/>","free_delivery":"Kostenlose lieferung"},"92910":{"id":92910,"name":"Summer SlimFit Tea + Gelbe Teeflasche","slug":"summer-slimfit-tea-gelbe-teeflasche-2","date_created":{"date":"2021-06-08 19:32:37.000000","timezone_type":1,"timezone":"+00:00"},"date_modified":{"date":"2024-09-23 08:04:52.000000","timezone_type":1,"timezone":"+00:00"},"status":"publish","featured":false,"catalog_visibility":"visible","description":"","short_description":"","sku":"WOW-P-SSTBTY","price":"42.30","regular_price":"56.5","sale_price":"42.30","date_on_sale_from":null,"date_on_sale_to":null,"total_sales":"0","tax_status":"taxable","tax_class":"parent","manage_stock":false,"stock_quantity":null,"stock_status":"instock","backorders":"no","low_stock_amount":"","sold_individually":false,"weight":"","length":"","width":"","height":"","upsell_ids":[],"cross_sell_ids":[],"parent_id":92908,"reviews_allowed":false,"purchase_note":"","attributes":{"pa_summer-products":"summer-slimfit-tea-gelbe-teeflasche"},"default_attributes":[],"menu_order":2,"post_password":"","virtual":false,"downloadable":false,"category_ids":[],"tag_ids":[],"shipping_class_id":0,"downloads":[],"image_id":215385,"gallery_image_ids":[],"download_limit":-1,"download_expiry":-1,"rating_counts":[],"average_rating":0,"review_count":0,"attribute_summary":"Summer Products: Summer SlimFit Tea + Gelbe Teeflasche","meta_data":[{"id":436683,"key":"_gtin","value":""},{"id":436684,"key":"_variable_text_field_1","value":"WOW TEA Einzigartig Sommer SlimFit Tee +Gelbe Teeflasche| Schlankheitstee mit 24h-Effekt | 100% naturbelassen in EU | 150 gr +550 ml"},{"id":436685,"key":"_variable_text_field_2","value":"Premium Abnehm-Tee mit Leckerer Sommergeschmack von Mango und Kokosnuss. Mit 13 Zutaten, die helfen bei: Bessere Form; Schneller Meta-Boost; Verbesserte Fettverbrennung; Appetithemmende Wirkung; Eliminiert den aufgebl\u00e4hten Bauch"},{"id":436686,"key":"_variable_text_field_3","value":""},{"id":436687,"key":"fstr-p-sub","value":""},{"id":1551455,"key":"_sold_variation_individually","value":"no"},{"id":1551456,"key":"_v_label_field","value":""},{"id":2381105,"key":"_ts_gtin","value":""},{"id":2381106,"key":"_ts_mpn","value":""},{"id":3714496,"key":"oms_price_updated_at","value":"2024-09-23T07:43:07.747568Z"},{"id":3714497,"key":"_old_regular_price","value":"56.5"},{"id":3714498,"key":"_old_sale_price","value":"42.4"}],"price_html":"<del aria-hidden=\"true\"><span class=\"woocommerce-Price-amount amount\"><bdi>56.50&nbsp;<span class=\"woocommerce-Price-currencySymbol\">&#67;&#72;&#70;<\/span><\/bdi><\/span><\/del> <ins><span class=\"woocommerce-Price-amount amount\"><bdi>42.30&nbsp;<span class=\"woocommerce-Price-currencySymbol\">&#67;&#72;&#70;<\/span><\/bdi><\/span><\/ins>","image":"<img width=\"600\" height=\"600\" src=\"https:\/\/testing.wowtea.eu\/ch\/files\/2024\/05\/WOWTEA-web-PP-Summer-editions-Slimfit-Upsale-slimfit-bottle-600x600.png\" class=\"attachment-woocommerce_thumbnail size-woocommerce_thumbnail\" alt=\"\" loading=\"lazy\" srcset=\"https:\/\/testing.wowtea.eu\/ch\/files\/2024\/05\/WOWTEA-web-PP-Summer-editions-Slimfit-Upsale-slimfit-bottle.png 600w, https:\/\/testing.wowtea.eu\/ch\/files\/2024\/05\/WOWTEA-web-PP-Summer-editions-Slimfit-Upsale-slimfit-bottle-300x300.png 300w, https:\/\/testing.wowtea.eu\/ch\/files\/2024\/05\/WOWTEA-web-PP-Summer-editions-Slimfit-Upsale-slimfit-bottle-150x150.png 150w, https:\/\/testing.wowtea.eu\/ch\/files\/2024\/05\/WOWTEA-web-PP-Summer-editions-Slimfit-Upsale-slimfit-bottle-100x100.png 100w, https:\/\/testing.wowtea.eu\/ch\/files\/2024\/05\/WOWTEA-web-PP-Summer-editions-Slimfit-Upsale-slimfit-bottle-45x45.png 45w, https:\/\/testing.wowtea.eu\/ch\/files\/2024\/05\/WOWTEA-web-PP-Summer-editions-Slimfit-Upsale-slimfit-bottle-60x60.png 60w, https:\/\/testing.wowtea.eu\/ch\/files\/2024\/05\/WOWTEA-web-PP-Summer-editions-Slimfit-Upsale-slimfit-bottle-90x90.png 90w\" sizes=\"(max-width: 600px) 100vw, 600px\" \/>","free_delivery":"Kostenlose lieferung"},"92911":{"id":92911,"name":"Summer Wellness Tea + Gelbe Teeflasche","slug":"summer-wellness-tea-gelbe-teeflasche-2","date_created":{"date":"2021-06-08 19:32:37.000000","timezone_type":1,"timezone":"+00:00"},"date_modified":{"date":"2024-09-23 08:05:16.000000","timezone_type":1,"timezone":"+00:00"},"status":"publish","featured":false,"catalog_visibility":"visible","description":"","short_description":"","sku":"WOW-P-SWTBTY","price":"42.30","regular_price":"56.5","sale_price":"42.30","date_on_sale_from":null,"date_on_sale_to":null,"total_sales":"0","tax_status":"taxable","tax_class":"parent","manage_stock":false,"stock_quantity":null,"stock_status":"instock","backorders":"no","low_stock_amount":"","sold_individually":false,"weight":"","length":"","width":"","height":"","upsell_ids":[],"cross_sell_ids":[],"parent_id":92908,"reviews_allowed":false,"purchase_note":"","attributes":{"pa_summer-products":"summer-wellness-tea-gelbe-teeflasche"},"default_attributes":[],"menu_order":3,"post_password":"","virtual":false,"downloadable":false,"category_ids":[],"tag_ids":[],"shipping_class_id":0,"downloads":[],"image_id":215577,"gallery_image_ids":[],"download_limit":-1,"download_expiry":-1,"rating_counts":[],"average_rating":0,"review_count":0,"attribute_summary":"Summer Products: Summer Wellness Tea + Gelbe Teeflasche","meta_data":[{"id":436693,"key":"_gtin","value":""},{"id":436694,"key":"_variable_text_field_1","value":""},{"id":436695,"key":"_variable_text_field_2","value":""},{"id":436696,"key":"_variable_text_field_3","value":""},{"id":436697,"key":"fstr-p-sub","value":""},{"id":1551457,"key":"_sold_variation_individually","value":"no"},{"id":1551458,"key":"_v_label_field","value":""},{"id":2381107,"key":"_ts_gtin","value":""},{"id":2381108,"key":"_ts_mpn","value":""},{"id":3714521,"key":"oms_price_updated_at","value":"2024-09-23T07:43:31.298745Z"},{"id":3714522,"key":"_old_regular_price","value":"56.5"},{"id":3714523,"key":"_old_sale_price","value":"42.4"}],"price_html":"<del aria-hidden=\"true\"><span class=\"woocommerce-Price-amount amount\"><bdi>56.50&nbsp;<span class=\"woocommerce-Price-currencySymbol\">&#67;&#72;&#70;<\/span><\/bdi><\/span><\/del> <ins><span class=\"woocommerce-Price-amount amount\"><bdi>42.30&nbsp;<span class=\"woocommerce-Price-currencySymbol\">&#67;&#72;&#70;<\/span><\/bdi><\/span><\/ins>","image":"<img width=\"600\" height=\"600\" src=\"https:\/\/testing.wowtea.eu\/ch\/files\/2024\/05\/WOWTEA-web-PP-Summer-editions-Wellness-Upsale-wellnes-bottle-600x600.png\" class=\"attachment-woocommerce_thumbnail size-woocommerce_thumbnail\" alt=\"\" loading=\"lazy\" srcset=\"https:\/\/testing.wowtea.eu\/ch\/files\/2024\/05\/WOWTEA-web-PP-Summer-editions-Wellness-Upsale-wellnes-bottle.png 600w, https:\/\/testing.wowtea.eu\/ch\/files\/2024\/05\/WOWTEA-web-PP-Summer-editions-Wellness-Upsale-wellnes-bottle-300x300.png 300w, https:\/\/testing.wowtea.eu\/ch\/files\/2024\/05\/WOWTEA-web-PP-Summer-editions-Wellness-Upsale-wellnes-bottle-150x150.png 150w, https:\/\/testing.wowtea.eu\/ch\/files\/2024\/05\/WOWTEA-web-PP-Summer-editions-Wellness-Upsale-wellnes-bottle-100x100.png 100w, https:\/\/testing.wowtea.eu\/ch\/files\/2024\/05\/WOWTEA-web-PP-Summer-editions-Wellness-Upsale-wellnes-bottle-45x45.png 45w, https:\/\/testing.wowtea.eu\/ch\/files\/2024\/05\/WOWTEA-web-PP-Summer-editions-Wellness-Upsale-wellnes-bottle-60x60.png 60w, https:\/\/testing.wowtea.eu\/ch\/files\/2024\/05\/WOWTEA-web-PP-Summer-editions-Wellness-Upsale-wellnes-bottle-90x90.png 90w\" sizes=\"(max-width: 600px) 100vw, 600px\" \/>","free_delivery":"Kostenlose lieferung"}},"free_delivery":false,"currency_name":"&#67;&#72;&#70;","_links":{"self":[{"href":"https:\/\/testing.wowtea.eu\/ch\/wp-json\/wp\/v2\/product\/92908"}],"collection":[{"href":"https:\/\/testing.wowtea.eu\/ch\/wp-json\/wp\/v2\/product"}],"about":[{"href":"https:\/\/testing.wowtea.eu\/ch\/wp-json\/wp\/v2\/types\/product"}],"replies":[{"embeddable":true,"href":"https:\/\/testing.wowtea.eu\/ch\/wp-json\/wp\/v2\/comments?post=92908"}],"version-history":[{"count":0,"href":"https:\/\/testing.wowtea.eu\/ch\/wp-json\/wp\/v2\/product\/92908\/revisions"}],"wp:featuredmedia":[{"embeddable":true,"href":"https:\/\/testing.wowtea.eu\/ch\/wp-json\/wp\/v2\/media\/214637"}],"wp:attachment":[{"href":"https:\/\/testing.wowtea.eu\/ch\/wp-json\/wp\/v2\/media?parent=92908"}],"wp:term":[{"taxonomy":"product_cat","embeddable":true,"href":"https:\/\/testing.wowtea.eu\/ch\/wp-json\/wp\/v2\/product_cat?post=92908"},{"taxonomy":"product_tag","embeddable":true,"href":"https:\/\/testing.wowtea.eu\/ch\/wp-json\/wp\/v2\/product_tag?post=92908"}],"curies":[{"name":"wp","href":"https:\/\/api.w.org\/{rel}","templated":true}]}}