{"id":123688,"date":"2021-08-16T13:29:41","date_gmt":"2021-08-16T11:29:41","guid":{"rendered":"https:\/\/testing.wowtea.eu\/cz\/?page_id=123688"},"modified":"2021-08-16T13:30:53","modified_gmt":"2021-08-16T11:30:53","slug":"platba","status":"publish","type":"page","link":"https:\/\/testing.wowtea.eu\/cz\/platba\/","title":{"rendered":"Platba"},"content":{"rendered":"\t\t<div data-elementor-type=\"wp-page\" data-elementor-id=\"123688\" class=\"elementor elementor-123688\">\n\t\t\t\t\t\t<div class=\"elementor-inner\">\n\t\t\t\t<div class=\"elementor-section-wrap\">\n\t\t\t\t\t\t\t\t\t<section class=\"elementor-section elementor-top-section elementor-element elementor-element-54e4c39 elementor-section-boxed elementor-section-height-default elementor-section-height-default\" data-id=\"54e4c39\" data-element_type=\"section\">\n\t\t\t\t\t\t<div class=\"elementor-container elementor-column-gap-default\">\n\t\t\t\t\t\t\t<div class=\"elementor-row\">\n\t\t\t\t\t<div class=\"elementor-column elementor-col-100 elementor-top-column elementor-element elementor-element-a2666b1\" data-id=\"a2666b1\" data-element_type=\"column\">\n\t\t\t<div class=\"elementor-column-wrap elementor-element-populated\">\n\t\t\t\t\t\t\t<div class=\"elementor-widget-wrap\">\n\t\t\t\t\t\t<div class=\"elementor-element elementor-element-62e7eb7 elementor-widget elementor-widget-heading\" data-id=\"62e7eb7\" data-element_type=\"widget\" data-widget_type=\"heading.default\">\n\t\t\t\t<div class=\"elementor-widget-container\">\n\t\t\t<h2 class=\"elementor-heading-title elementor-size-default\">Platba<\/h2>\t\t<\/div>\n\t\t\t\t<\/div>\n\t\t\t\t\t\t<\/div>\n\t\t\t\t\t<\/div>\n\t\t<\/div>\n\t\t\t\t\t\t\t\t<\/div>\n\t\t\t\t\t<\/div>\n\t\t<\/section>\n\t\t\t\t<section class=\"elementor-section elementor-top-section elementor-element elementor-element-07f4f8b elementor-section-boxed elementor-section-height-default elementor-section-height-default\" data-id=\"07f4f8b\" data-element_type=\"section\">\n\t\t\t\t\t\t<div class=\"elementor-container elementor-column-gap-default\">\n\t\t\t\t\t\t\t<div class=\"elementor-row\">\n\t\t\t\t\t<div class=\"elementor-column elementor-col-100 elementor-top-column elementor-element elementor-element-1ba7612\" data-id=\"1ba7612\" data-element_type=\"column\">\n\t\t\t<div class=\"elementor-column-wrap elementor-element-populated\">\n\t\t\t\t\t\t\t<div class=\"elementor-widget-wrap\">\n\t\t\t\t\t\t<div class=\"elementor-element elementor-element-858f4e2 elementor-widget elementor-widget-text-editor\" data-id=\"858f4e2\" data-element_type=\"widget\" data-widget_type=\"text-editor.default\">\n\t\t\t\t<div class=\"elementor-widget-container\">\n\t\t\t\t\t\t\t\t<div class=\"elementor-text-editor elementor-clearfix\">\n\t\t\t\t<p>63. Ceny zbo\u017e\u00ed a slu\u017eeb jsou kone\u010dn\u00e9 a zahrnuj\u00ed DPH, stanoven\u00e9 v sou\u010dasn\u00e9 legislativ\u011b.<\/p><p>64. Cena a zp\u016fsob platby jsou uvedeny u ka\u017ed\u00e9 objedn\u00e1vce.<\/p><p>65. Zp\u016fsoby platby, kter\u00e9 nab\u00edz\u00ed \u201cWOW Tea\u201d jsou: COD, PayPal, Credit\/Debit Card.<\/p><p>66. Z\u00e1kazn\u00edk souhlas\u00ed s platbou vybran\u00fdm zp\u016fsobem, podm\u00ednkami smlouvy na d\u00e1lku p\u0159i jej\u00edm uzav\u0159en\u00ed a podm\u00ednkami p\u0159\u00edslu\u0161n\u00e9ho poskytovatele platebn\u00edch slu\u017eeb.<\/p><p>67. Z\u00e1kazn\u00edk souhlas\u00ed s t\u00edm, \u017ee prod\u00e1vaj\u00edc\u00ed m\u00e1 pr\u00e1vo po\u017e\u00e1dat a akceptovat platbu p\u0159edem dle kupn\u00ed smlouvy za zbo\u017e\u00ed a jeho dod\u00e1n\u00ed.<\/p><p>68. V p\u0159\u00edpad\u011b, \u017ee \u201cWOW Tea\u201d nedostane platbu p\u0159ed spln\u011bn\u00edm objedn\u00e1vky podle zp\u016fsobu, kter\u00fd si zvolil z\u00e1kazn\u00edk a dohodnut\u00fdch podm\u00ednek, objedn\u00e1vka se pova\u017euje za odm\u00edtnutou z\u00e1kazn\u00edk\u016fm.<\/p>\t\t\t\t\t<\/div>\n\t\t\t\t\t\t<\/div>\n\t\t\t\t<\/div>\n\t\t\t\t\t\t<\/div>\n\t\t\t\t\t<\/div>\n\t\t<\/div>\n\t\t\t\t\t\t\t\t<\/div>\n\t\t\t\t\t<\/div>\n\t\t<\/section>\n\t\t\t\t\t\t\t\t\t<\/div>\n\t\t\t<\/div>\n\t\t\t\t\t<\/div>\n\t\t","protected":false},"excerpt":{"rendered":"<p>Platba 63. Ceny zbo\u017e\u00ed a slu\u017eeb jsou kone\u010dn\u00e9 a zahrnuj\u00ed DPH, stanoven\u00e9 v sou\u010dasn\u00e9 legislativ\u011b. 64. Cena a zp\u016fsob platby jsou uvedeny u ka\u017ed\u00e9 objedn\u00e1vce. 65. Zp\u016fsoby platby, kter\u00e9 nab\u00edz\u00ed \u201cWOW Tea\u201d jsou: COD, PayPal, Credit\/Debit Card. 66. Z\u00e1kazn\u00edk souhlas\u00ed s platbou vybran\u00fdm zp\u016fsobem, podm\u00ednkami smlouvy na d\u00e1lku p\u0159i jej\u00edm uzav\u0159en\u00ed a podm\u00ednkami p\u0159\u00edslu\u0161n\u00e9ho poskytovatele platebn\u00edch slu\u017eeb. 67. Z\u00e1kazn\u00edk souhlas\u00ed s t\u00edm, \u017ee prod\u00e1vaj\u00edc\u00ed m\u00e1 pr\u00e1vo po\u017e\u00e1dat a akceptovat platbu p\u0159edem dle kupn\u00ed smlouvy za zbo\u017e\u00ed a jeho dod\u00e1n\u00ed. 68. V p\u0159\u00edpad\u011b, \u017ee \u201cWOW Tea\u201d nedostane platbu p\u0159ed spln\u011bn\u00edm objedn\u00e1vky podle zp\u016fsobu, kter\u00fd si zvolil z\u00e1kazn\u00edk a dohodnut\u00fdch podm\u00ednek, objedn\u00e1vka [&hellip;]<\/p>\n","protected":false},"author":24,"featured_media":0,"parent":0,"menu_order":0,"comment_status":"closed","ping_status":"closed","template":"","meta":{"inline_featured_image":false},"acf":[],"_links":{"self":[{"href":"https:\/\/testing.wowtea.eu\/cz\/wp-json\/wp\/v2\/pages\/123688"}],"collection":[{"href":"https:\/\/testing.wowtea.eu\/cz\/wp-json\/wp\/v2\/pages"}],"about":[{"href":"https:\/\/testing.wowtea.eu\/cz\/wp-json\/wp\/v2\/types\/page"}],"author":[{"embeddable":true,"href":"https:\/\/testing.wowtea.eu\/cz\/wp-json\/wp\/v2\/users\/24"}],"replies":[{"embeddable":true,"href":"https:\/\/testing.wowtea.eu\/cz\/wp-json\/wp\/v2\/comments?post=123688"}],"version-history":[{"count":0,"href":"https:\/\/testing.wowtea.eu\/cz\/wp-json\/wp\/v2\/pages\/123688\/revisions"}],"wp:attachment":[{"href":"https:\/\/testing.wowtea.eu\/cz\/wp-json\/wp\/v2\/media?parent=123688"}],"curies":[{"name":"wp","href":"https:\/\/api.w.org\/{rel}","templated":true}]}}