{"id":248699,"date":"2024-09-20T13:17:17","date_gmt":"2024-09-20T11:17:17","guid":{"rendered":"https:\/\/testing.wowtea.eu\/cz\/?page_id=248699"},"modified":"2024-09-20T14:38:27","modified_gmt":"2024-09-20T12:38:27","slug":"organic-matcha-detox-blend","status":"publish","type":"page","link":"https:\/\/testing.wowtea.eu\/cz\/organic-matcha-detox-blend\/","title":{"rendered":"Perfektn\u00ed Ploch\u00e9 B\u0159icho Na L\u00e9to Rychle A Snadno"},"content":{"rendered":"","protected":false},"excerpt":{"rendered":"","protected":false},"author":55,"featured_media":0,"parent":0,"menu_order":0,"comment_status":"closed","ping_status":"closed","template":"matcha-lp-cz-v1a.php","meta":{"inline_featured_image":false},"acf":[],"_links":{"self":[{"href":"https:\/\/testing.wowtea.eu\/cz\/wp-json\/wp\/v2\/pages\/248699"}],"collection":[{"href":"https:\/\/testing.wowtea.eu\/cz\/wp-json\/wp\/v2\/pages"}],"about":[{"href":"https:\/\/testing.wowtea.eu\/cz\/wp-json\/wp\/v2\/types\/page"}],"author":[{"embeddable":true,"href":"https:\/\/testing.wowtea.eu\/cz\/wp-json\/wp\/v2\/users\/55"}],"replies":[{"embeddable":true,"href":"https:\/\/testing.wowtea.eu\/cz\/wp-json\/wp\/v2\/comments?post=248699"}],"version-history":[{"count":0,"href":"https:\/\/testing.wowtea.eu\/cz\/wp-json\/wp\/v2\/pages\/248699\/revisions"}],"wp:attachment":[{"href":"https:\/\/testing.wowtea.eu\/cz\/wp-json\/wp\/v2\/media?parent=248699"}],"curies":[{"name":"wp","href":"https:\/\/api.w.org\/{rel}","templated":true}]}}