{"id":73962,"date":"2020-11-09T11:23:39","date_gmt":"2020-11-09T09:23:39","guid":{"rendered":"https:\/\/testing.wowtea.eu\/cz\/?page_id=73962"},"modified":"2024-05-15T15:56:36","modified_gmt":"2024-05-15T13:56:36","slug":"blog","status":"publish","type":"page","link":"https:\/\/testing.wowtea.eu\/cz\/blog\/","title":{"rendered":"Blog"},"content":{"rendered":"\t\t<div data-elementor-type=\"wp-page\" data-elementor-id=\"73962\" class=\"elementor elementor-73962\">\n\t\t\t\t\t\t<div class=\"elementor-inner\">\n\t\t\t\t<div class=\"elementor-section-wrap\">\n\t\t\t\t\t\t\t\t\t<section class=\"elementor-section elementor-top-section elementor-element elementor-element-9580c3c elementor-section-boxed elementor-section-height-default elementor-section-height-default\" data-id=\"9580c3c\" data-element_type=\"section\">\n\t\t\t\t\t\t<div class=\"elementor-container elementor-column-gap-default\">\n\t\t\t\t\t\t\t<div class=\"elementor-row\">\n\t\t\t\t\t\t\t\t\t<\/div>\n\t\t\t\t\t<\/div>\n\t\t<\/section>\n\t\t\t\t<section class=\"elementor-section elementor-top-section elementor-element elementor-element-a9aee8c elementor-section-height-min-height elementor-section-boxed elementor-section-height-default elementor-section-items-middle\" data-id=\"a9aee8c\" data-element_type=\"section\" data-settings=\"{&quot;background_background&quot;:&quot;classic&quot;}\">\n\t\t\t\t\t\t<div class=\"elementor-container elementor-column-gap-default\">\n\t\t\t\t\t\t\t<div class=\"elementor-row\">\n\t\t\t\t\t\t\t\t\t<\/div>\n\t\t\t\t\t<\/div>\n\t\t<\/section>\n\t\t\t\t<section class=\"elementor-section elementor-top-section elementor-element elementor-element-db3accb elementor-section-boxed elementor-section-height-default elementor-section-height-default\" data-id=\"db3accb\" data-element_type=\"section\">\n\t\t\t\t\t\t<div class=\"elementor-container elementor-column-gap-default\">\n\t\t\t\t\t\t\t<div class=\"elementor-row\">\n\t\t\t\t\t<div class=\"elementor-column elementor-col-50 elementor-top-column elementor-element elementor-element-f13b194 elementor-hidden-tablet elementor-hidden-phone\" data-id=\"f13b194\" data-element_type=\"column\">\n\t\t\t<div class=\"elementor-column-wrap elementor-element-populated\">\n\t\t\t\t\t\t\t<div class=\"elementor-widget-wrap\">\n\t\t\t\t\t\t<div class=\"elementor-element elementor-element-df509f8 elementor-widget elementor-widget-sidebar\" data-id=\"df509f8\" data-element_type=\"widget\" id=\"blog-sidebar\" data-widget_type=\"sidebar.default\">\n\t\t\t\t<div class=\"elementor-widget-container\">\n\t\t\t<aside id=\"categories-2\" class=\"widget widget_categories\"><h1 class=\"widget-title\">Category<\/h1>\n\t\t\t<ul>\n\t\t\t\t\t<li class=\"cat-item cat-item-30\"><a href=\"https:\/\/testing.wowtea.eu\/cz\/blog\/category\/detox\/\">Get cleansed<\/a>\n<\/li>\n\t<li class=\"cat-item cat-item-25\"><a href=\"https:\/\/testing.wowtea.eu\/cz\/blog\/category\/slimfit\/\">Get slim<\/a>\n<\/li>\n\t\t\t<\/ul>\n\n\t\t\t<\/aside><aside id=\"rpwe_widget-2\" class=\"widget rpwe_widget recent-posts-extended\"><style>.rpwe-block ul{\nlist-style: none !important;\nmargin-left: 0 !important;\npadding-left: 0 !important;\n}\n\n.rpwe-block li{\nborder-bottom: 1px solid #eee;\nmargin-bottom: 10px;\npadding-bottom: 10px;\nlist-style-type: none;\n}\n\n.rpwe-block a{\ndisplay: inline !important;\ntext-decoration: none;\n}\n\n.rpwe-block h3{\nbackground: none !important;\npadding-right:5px;\nfont-weight: 400!important;\nfont-size: 12px !important;\nline-height: 1.5em;\n}\n\n.rpwe-thumb{\nborder: 1px solid #eee !important;\nbox-shadow: none !important;\nmargin: 2px 10px 2px 0;\npadding: 0px !important;\nmargin-left: 15px;\n}\n\n.rpwe-summary{\nfont-size: 12px;\n}\n\n.rpwe-time{\ncolor: #bbb;\nfont-size: 11px;\n}\n\n.rpwe-comment{\ncolor: #bbb;\nfont-size: 11px;\npadding-left: 5px;\n}\n\n.rpwe-alignleft{\ndisplay: inline;\nfloat: left;\n}\n\n.rpwe-alignright{\ndisplay: inline;\nfloat: right;\n}\n\n.rpwe-aligncenter{\ndisplay: block;\nmargin-left: auto;\nmargin-right: auto;\n}\n\n.rpwe-clearfix:before,\n.rpwe-clearfix:after{\ncontent: &quot;&quot;;\ndisplay: table !important;\n}\n\n.rpwe-clearfix:after{\nclear: both;\n}\n\n.rpwe-clearfix{\nzoom: 1;\n}\n.rpwe-ul {\ntext-align:right!important;\n}\n .rpwe-title a{\n    color: rgba(0,0,0,.9);\n    background: none !important;\n    padding-right: 5px;\n    font-weight: 400!important;\n    font-size: 12px !important;\n    line-height: 1.5em;\n}\n\n#rpwe_widget-2 .widget-title {\n    float: right!important;\n    font-weight: 400!important;\n    margin-bottom: 20px!important;\n    margin-top: 20px!important;\n}\n#categories-2 .widget-title{\n    \n    font-weight: 400!important;\n    margin-bottom: 5px!important;\n}\n#categories-2 {\n    float:right;\n}\n#categories-2 ul{\n    float:right;\n}<\/style><h1 class=\"widget-title\">Latest<\/h1><div  class=\"rpwe-block\"><ul class=\"rpwe-ul\"><li class=\"rpwe-li rpwe-clearfix\"><a class=\"rpwe-img\" href=\"https:\/\/testing.wowtea.eu\/cz\/blog\/5-detoxikacnich-tipu-po-letni-dovolene\/\" target=\"_self\"><img class=\"rpwe-alignright rpwe-thumb\" src=\"https:\/\/testing.wowtea.eu\/cz\/files\/2022\/09\/articles-banners-wow-blog-cover-5-detox-tips-CZ-60x60.jpg\" alt=\"5 Detoxika\u010dn\u00edch tip\u016f po letn\u00ed dovolen\u00e9\" height=\"60\" width=\"60\" loading=\"lazy\" decoding=\"async\"><\/a><h3 class=\"rpwe-title\"><a href=\"https:\/\/testing.wowtea.eu\/cz\/blog\/5-detoxikacnich-tipu-po-letni-dovolene\/\" target=\"_self\">5 Detoxika\u010dn\u00edch tip\u016f po letn\u00ed dovolen\u00e9<\/a><\/h3><\/li><li class=\"rpwe-li rpwe-clearfix\"><a class=\"rpwe-img\" href=\"https:\/\/testing.wowtea.eu\/cz\/blog\/5-triku-jak-se-po-lete-dostat-zpet-do-formy\/\" target=\"_self\"><img class=\"rpwe-alignright rpwe-thumb\" src=\"https:\/\/testing.wowtea.eu\/cz\/files\/2022\/09\/articles-banners-wow-blog-cover-5-hacks-to-get-back-in-shape-CZ-60x60.jpg\" alt=\"5 trik\u016f, jak se po l\u00e9t\u011b dostat zp\u011bt do formy\" height=\"60\" width=\"60\" loading=\"lazy\" decoding=\"async\"><\/a><h3 class=\"rpwe-title\"><a href=\"https:\/\/testing.wowtea.eu\/cz\/blog\/5-triku-jak-se-po-lete-dostat-zpet-do-formy\/\" target=\"_self\">5 trik\u016f, jak se po l\u00e9t\u011b dostat zp\u011bt do formy<\/a><\/h3><\/li><li class=\"rpwe-li rpwe-clearfix\"><a class=\"rpwe-img\" href=\"https:\/\/testing.wowtea.eu\/cz\/blog\/snadny-zpusob-jak-se-po-linem-lete-vratit-doformy\/\" target=\"_self\"><img class=\"rpwe-alignright rpwe-thumb\" src=\"https:\/\/testing.wowtea.eu\/cz\/files\/2022\/09\/BACK-TO-SHAPE-CZ-60x60.jpg\" alt=\"Snadn\u00fd zp\u016fsob, jak se po l\u00edn\u00e9m l\u00e9t\u011b vr\u00e1tit doformy\" height=\"60\" width=\"60\" loading=\"lazy\" decoding=\"async\"><\/a><h3 class=\"rpwe-title\"><a href=\"https:\/\/testing.wowtea.eu\/cz\/blog\/snadny-zpusob-jak-se-po-linem-lete-vratit-doformy\/\" target=\"_self\">Snadn\u00fd zp\u016fsob, jak se po l\u00edn\u00e9m l\u00e9t\u011b vr\u00e1tit doformy<\/a><\/h3><\/li><li class=\"rpwe-li rpwe-clearfix\"><a class=\"rpwe-img\" href=\"https:\/\/testing.wowtea.eu\/cz\/blog\/hubnuti-s-cajem\/\" target=\"_self\"><img class=\"rpwe-alignright rpwe-thumb\" src=\"https:\/\/testing.wowtea.eu\/cz\/files\/2022\/02\/articles-banners-blog-Slimming-with-tea-cz-60x60.png\" alt=\"Hubnut\u00ed s \u010dajem?\" height=\"60\" width=\"60\" loading=\"lazy\" decoding=\"async\"><\/a><h3 class=\"rpwe-title\"><a href=\"https:\/\/testing.wowtea.eu\/cz\/blog\/hubnuti-s-cajem\/\" target=\"_self\">Hubnut\u00ed s \u010dajem?<\/a><\/h3><\/li><\/ul><\/div><!-- Generated by http:\/\/wordpress.org\/plugins\/recent-posts-widget-extended\/ --><\/aside>\t\t<\/div>\n\t\t\t\t<\/div>\n\t\t\t\t\t\t<\/div>\n\t\t\t\t\t<\/div>\n\t\t<\/div>\n\t\t\t\t<div class=\"elementor-column elementor-col-50 elementor-top-column elementor-element elementor-element-e8682d8\" data-id=\"e8682d8\" data-element_type=\"column\">\n\t\t\t<div class=\"elementor-column-wrap elementor-element-populated\">\n\t\t\t\t\t\t\t<div class=\"elementor-widget-wrap\">\n\t\t\t\t\t\t<div class=\"elementor-element elementor-element-3c33581 elementor-grid-1 elementor-posts--align-center elementor-posts__hover-none elementor-grid-tablet-2 elementor-grid-mobile-1 elementor-posts--thumbnail-top elementor-widget elementor-widget-posts\" data-id=\"3c33581\" data-element_type=\"widget\" data-settings=\"{&quot;cards_columns&quot;:&quot;1&quot;,&quot;cards_row_gap&quot;:{&quot;unit&quot;:&quot;px&quot;,&quot;size&quot;:0,&quot;sizes&quot;:[]},&quot;cards_columns_tablet&quot;:&quot;2&quot;,&quot;cards_columns_mobile&quot;:&quot;1&quot;,&quot;cards_row_gap_tablet&quot;:{&quot;unit&quot;:&quot;px&quot;,&quot;size&quot;:&quot;&quot;,&quot;sizes&quot;:[]},&quot;cards_row_gap_mobile&quot;:{&quot;unit&quot;:&quot;px&quot;,&quot;size&quot;:&quot;&quot;,&quot;sizes&quot;:[]}}\" data-widget_type=\"posts.cards\">\n\t\t\t\t<div class=\"elementor-widget-container\">\n\t\t\t\t\t<div class=\"elementor-posts-container elementor-posts elementor-posts--skin-cards elementor-grid\">\n\t\t\t\t<article class=\"elementor-post elementor-grid-item post-170775 post type-post status-publish format-standard has-post-thumbnail hentry category-detox\">\n\t\t\t<div class=\"elementor-post__card\">\n\t\t\t\t<a class=\"elementor-post__thumbnail__link\" href=\"https:\/\/testing.wowtea.eu\/cz\/blog\/5-detoxikacnich-tipu-po-letni-dovolene\/\" ><div class=\"elementor-post__thumbnail\"><img width=\"1110\" height=\"623\" src=\"https:\/\/testing.wowtea.eu\/cz\/files\/2022\/09\/articles-banners-wow-blog-cover-5-detox-tips-CZ.jpg\" class=\"attachment-1536x1536 size-1536x1536 wp-image-170792\" alt=\"\" loading=\"lazy\" srcset=\"https:\/\/testing.wowtea.eu\/cz\/files\/2022\/09\/articles-banners-wow-blog-cover-5-detox-tips-CZ.jpg 1110w, https:\/\/testing.wowtea.eu\/cz\/files\/2022\/09\/articles-banners-wow-blog-cover-5-detox-tips-CZ-300x168.jpg 300w, https:\/\/testing.wowtea.eu\/cz\/files\/2022\/09\/articles-banners-wow-blog-cover-5-detox-tips-CZ-768x431.jpg 768w, https:\/\/testing.wowtea.eu\/cz\/files\/2022\/09\/articles-banners-wow-blog-cover-5-detox-tips-CZ-1024x575.jpg 1024w, https:\/\/testing.wowtea.eu\/cz\/files\/2022\/09\/articles-banners-wow-blog-cover-5-detox-tips-CZ-100x56.jpg 100w, https:\/\/testing.wowtea.eu\/cz\/files\/2022\/09\/articles-banners-wow-blog-cover-5-detox-tips-CZ-600x337.jpg 600w\" sizes=\"(max-width: 1110px) 100vw, 1110px\" \/><\/div><\/a>\n\t\t\t\t<div class=\"elementor-post__badge\">Get cleansed<\/div>\n\t\t\t\t<div class=\"elementor-post__text\">\n\t\t\t\t<h3 class=\"elementor-post__title\">\n\t\t\t<a href=\"https:\/\/testing.wowtea.eu\/cz\/blog\/5-detoxikacnich-tipu-po-letni-dovolene\/\" >\n\t\t\t\t5 Detoxika\u010dn\u00edch tip\u016f po letn\u00ed dovolen\u00e9\t\t\t<\/a>\n\t\t<\/h3>\n\t\t\t\t<div class=\"elementor-post__excerpt\">\n\t\t\t<p>P\u0159ipraven na detox? Jak ud\u011blat nejlep\u0161\u00ed Podzimn\u00ed o\u010distu posiluj\u00edc\u00ed detox. V\u0161ichni si u\u017e\u00edv\u00e1me letn\u00ed pr\u00e1zdniny, mohou b\u00fdt \u00fa\u017easn\u00e9 pro osv\u011b\u017een\u00ed mysli, t\u011bla i ducha. N\u011bkdy<\/p>\n\t\t<\/div>\n\t\t\n\t\t<a class=\"elementor-post__read-more\" href=\"https:\/\/testing.wowtea.eu\/cz\/blog\/5-detoxikacnich-tipu-po-letni-dovolene\/\" aria-label=\"Read more about 5 Detoxika\u010dn\u00edch tip\u016f po letn\u00ed dovolen\u00e9\" >\n\t\t\t<p class=\"readmorebutton\">P\u0159e\u010dt\u011bte si v\u00edce \u00bb<\/p>\t\t<\/a>\n\n\t\t\t\t<\/div>\n\t\t\t\t\t<\/div>\n\t\t<\/article>\n\t\t\t\t<article class=\"elementor-post elementor-grid-item post-170765 post type-post status-publish format-standard has-post-thumbnail hentry category-slimfit\">\n\t\t\t<div class=\"elementor-post__card\">\n\t\t\t\t<a class=\"elementor-post__thumbnail__link\" href=\"https:\/\/testing.wowtea.eu\/cz\/blog\/5-triku-jak-se-po-lete-dostat-zpet-do-formy\/\" ><div class=\"elementor-post__thumbnail\"><img width=\"1110\" height=\"623\" src=\"https:\/\/testing.wowtea.eu\/cz\/files\/2022\/09\/articles-banners-wow-blog-cover-5-hacks-to-get-back-in-shape-CZ.jpg\" class=\"attachment-1536x1536 size-1536x1536 wp-image-170790\" alt=\"\" loading=\"lazy\" srcset=\"https:\/\/testing.wowtea.eu\/cz\/files\/2022\/09\/articles-banners-wow-blog-cover-5-hacks-to-get-back-in-shape-CZ.jpg 1110w, https:\/\/testing.wowtea.eu\/cz\/files\/2022\/09\/articles-banners-wow-blog-cover-5-hacks-to-get-back-in-shape-CZ-300x168.jpg 300w, https:\/\/testing.wowtea.eu\/cz\/files\/2022\/09\/articles-banners-wow-blog-cover-5-hacks-to-get-back-in-shape-CZ-768x431.jpg 768w, https:\/\/testing.wowtea.eu\/cz\/files\/2022\/09\/articles-banners-wow-blog-cover-5-hacks-to-get-back-in-shape-CZ-1024x575.jpg 1024w, https:\/\/testing.wowtea.eu\/cz\/files\/2022\/09\/articles-banners-wow-blog-cover-5-hacks-to-get-back-in-shape-CZ-100x56.jpg 100w, https:\/\/testing.wowtea.eu\/cz\/files\/2022\/09\/articles-banners-wow-blog-cover-5-hacks-to-get-back-in-shape-CZ-600x337.jpg 600w\" sizes=\"(max-width: 1110px) 100vw, 1110px\" \/><\/div><\/a>\n\t\t\t\t<div class=\"elementor-post__badge\">Get slim<\/div>\n\t\t\t\t<div class=\"elementor-post__text\">\n\t\t\t\t<h3 class=\"elementor-post__title\">\n\t\t\t<a href=\"https:\/\/testing.wowtea.eu\/cz\/blog\/5-triku-jak-se-po-lete-dostat-zpet-do-formy\/\" >\n\t\t\t\t5 trik\u016f, jak se po l\u00e9t\u011b dostat zp\u011bt do formy\t\t\t<\/a>\n\t\t<\/h3>\n\t\t\t\t<div class=\"elementor-post__excerpt\">\n\t\t\t<p>Jak se po letn\u00ed dovolen\u00e9 dostat do formy? V\u017edy je ten spr\u00e1vn\u00fd \u010das na zm\u011bnu. Nejlep\u0161\u00ed zp\u016fsob, jak omladit svou mysl a t\u011blo, je relaxa\u010dn\u00ed<\/p>\n\t\t<\/div>\n\t\t\n\t\t<a class=\"elementor-post__read-more\" href=\"https:\/\/testing.wowtea.eu\/cz\/blog\/5-triku-jak-se-po-lete-dostat-zpet-do-formy\/\" aria-label=\"Read more about 5 trik\u016f, jak se po l\u00e9t\u011b dostat zp\u011bt do formy\" >\n\t\t\t<p class=\"readmorebutton\">P\u0159e\u010dt\u011bte si v\u00edce \u00bb<\/p>\t\t<\/a>\n\n\t\t\t\t<\/div>\n\t\t\t\t\t<\/div>\n\t\t<\/article>\n\t\t\t\t<article class=\"elementor-post elementor-grid-item post-170753 post type-post status-publish format-standard has-post-thumbnail hentry category-slimfit\">\n\t\t\t<div class=\"elementor-post__card\">\n\t\t\t\t<a class=\"elementor-post__thumbnail__link\" href=\"https:\/\/testing.wowtea.eu\/cz\/blog\/snadny-zpusob-jak-se-po-linem-lete-vratit-doformy\/\" ><div class=\"elementor-post__thumbnail\"><img width=\"1110\" height=\"623\" src=\"https:\/\/testing.wowtea.eu\/cz\/files\/2022\/09\/BACK-TO-SHAPE-CZ.jpg\" class=\"attachment-1536x1536 size-1536x1536 wp-image-170807\" alt=\"\" loading=\"lazy\" srcset=\"https:\/\/testing.wowtea.eu\/cz\/files\/2022\/09\/BACK-TO-SHAPE-CZ.jpg 1110w, https:\/\/testing.wowtea.eu\/cz\/files\/2022\/09\/BACK-TO-SHAPE-CZ-300x168.jpg 300w, https:\/\/testing.wowtea.eu\/cz\/files\/2022\/09\/BACK-TO-SHAPE-CZ-768x431.jpg 768w, https:\/\/testing.wowtea.eu\/cz\/files\/2022\/09\/BACK-TO-SHAPE-CZ-1024x575.jpg 1024w, https:\/\/testing.wowtea.eu\/cz\/files\/2022\/09\/BACK-TO-SHAPE-CZ-100x56.jpg 100w, https:\/\/testing.wowtea.eu\/cz\/files\/2022\/09\/BACK-TO-SHAPE-CZ-600x337.jpg 600w\" sizes=\"(max-width: 1110px) 100vw, 1110px\" \/><\/div><\/a>\n\t\t\t\t<div class=\"elementor-post__badge\">Get slim<\/div>\n\t\t\t\t<div class=\"elementor-post__text\">\n\t\t\t\t<h3 class=\"elementor-post__title\">\n\t\t\t<a href=\"https:\/\/testing.wowtea.eu\/cz\/blog\/snadny-zpusob-jak-se-po-linem-lete-vratit-doformy\/\" >\n\t\t\t\tSnadn\u00fd zp\u016fsob, jak se po l\u00edn\u00e9m l\u00e9t\u011b vr\u00e1tit doformy\t\t\t<\/a>\n\t\t<\/h3>\n\t\t\t\t<div class=\"elementor-post__excerpt\">\n\t\t\t<p>Tady je p\u0159\u00edb\u011bh. P\u0159eto\u010dme \u010das p\u0159esn\u011b o rok. Bylo to v z\u00e1\u0159\u00ed. L\u00e9to skon\u010dilo a s n\u00edm i moje d\u0159\u00edve fit postava. Zn\u00ed to pov\u011bdom\u011b?<\/p>\n\t\t<\/div>\n\t\t\n\t\t<a class=\"elementor-post__read-more\" href=\"https:\/\/testing.wowtea.eu\/cz\/blog\/snadny-zpusob-jak-se-po-linem-lete-vratit-doformy\/\" aria-label=\"Read more about Snadn\u00fd zp\u016fsob, jak se po l\u00edn\u00e9m l\u00e9t\u011b vr\u00e1tit doformy\" >\n\t\t\t<p class=\"readmorebutton\">P\u0159e\u010dt\u011bte si v\u00edce \u00bb<\/p>\t\t<\/a>\n\n\t\t\t\t<\/div>\n\t\t\t\t\t<\/div>\n\t\t<\/article>\n\t\t\t\t<article class=\"elementor-post elementor-grid-item post-148226 post type-post status-publish format-standard has-post-thumbnail hentry category-slimfit\">\n\t\t\t<div class=\"elementor-post__card\">\n\t\t\t\t<a class=\"elementor-post__thumbnail__link\" href=\"https:\/\/testing.wowtea.eu\/cz\/blog\/hubnuti-s-cajem\/\" ><div class=\"elementor-post__thumbnail\"><img width=\"1110\" height=\"623\" src=\"https:\/\/testing.wowtea.eu\/cz\/files\/2022\/02\/articles-banners-blog-Slimming-with-tea-cz.png\" class=\"attachment-1536x1536 size-1536x1536 wp-image-148227\" alt=\"\" loading=\"lazy\" srcset=\"https:\/\/testing.wowtea.eu\/cz\/files\/2022\/02\/articles-banners-blog-Slimming-with-tea-cz.png 1110w, https:\/\/testing.wowtea.eu\/cz\/files\/2022\/02\/articles-banners-blog-Slimming-with-tea-cz-300x168.png 300w, https:\/\/testing.wowtea.eu\/cz\/files\/2022\/02\/articles-banners-blog-Slimming-with-tea-cz-768x431.png 768w, https:\/\/testing.wowtea.eu\/cz\/files\/2022\/02\/articles-banners-blog-Slimming-with-tea-cz-1024x575.png 1024w, https:\/\/testing.wowtea.eu\/cz\/files\/2022\/02\/articles-banners-blog-Slimming-with-tea-cz-100x56.png 100w, https:\/\/testing.wowtea.eu\/cz\/files\/2022\/02\/articles-banners-blog-Slimming-with-tea-cz-600x337.png 600w\" sizes=\"(max-width: 1110px) 100vw, 1110px\" \/><\/div><\/a>\n\t\t\t\t<div class=\"elementor-post__badge\">Get slim<\/div>\n\t\t\t\t<div class=\"elementor-post__text\">\n\t\t\t\t<h3 class=\"elementor-post__title\">\n\t\t\t<a href=\"https:\/\/testing.wowtea.eu\/cz\/blog\/hubnuti-s-cajem\/\" >\n\t\t\t\tHubnut\u00ed s \u010dajem?\t\t\t<\/a>\n\t\t<\/h3>\n\t\t\t\t<div class=\"elementor-post__excerpt\">\n\t\t\t<p>P\u0159i snaze o vysn\u011bnou postavu m\u00e1me tendenci zkou\u0161et nejprve ty nejobl\u00edben\u011bj\u0161\u00ed metody. Kdy\u017e v\u0161ak na\u0161e v\u016fle ochabne a my se pomalu za\u010dneme vzd\u00e1vat dal\u0161\u00ed diety,<\/p>\n\t\t<\/div>\n\t\t\n\t\t<a class=\"elementor-post__read-more\" href=\"https:\/\/testing.wowtea.eu\/cz\/blog\/hubnuti-s-cajem\/\" aria-label=\"Read more about Hubnut\u00ed s \u010dajem?\" >\n\t\t\t<p class=\"readmorebutton\">P\u0159e\u010dt\u011bte si v\u00edce \u00bb<\/p>\t\t<\/a>\n\n\t\t\t\t<\/div>\n\t\t\t\t\t<\/div>\n\t\t<\/article>\n\t\t\t\t<article class=\"elementor-post elementor-grid-item post-143536 post type-post status-publish format-standard has-post-thumbnail hentry category-detox tag-wellness-tea tag-wowtea tag-38 tag-39 tag-40\">\n\t\t\t<div class=\"elementor-post__card\">\n\t\t\t\t<a class=\"elementor-post__thumbnail__link\" href=\"https:\/\/testing.wowtea.eu\/cz\/blog\/detox-go-long-or-go-short\/\" ><div class=\"elementor-post__thumbnail\"><img width=\"1110\" height=\"623\" src=\"https:\/\/testing.wowtea.eu\/cz\/files\/2022\/01\/articles-banners-blog-MINT-2021-CZ.jpg\" class=\"attachment-1536x1536 size-1536x1536 wp-image-143555\" alt=\"\" loading=\"lazy\" srcset=\"https:\/\/testing.wowtea.eu\/cz\/files\/2022\/01\/articles-banners-blog-MINT-2021-CZ.jpg 1110w, https:\/\/testing.wowtea.eu\/cz\/files\/2022\/01\/articles-banners-blog-MINT-2021-CZ-300x168.jpg 300w, https:\/\/testing.wowtea.eu\/cz\/files\/2022\/01\/articles-banners-blog-MINT-2021-CZ-768x431.jpg 768w, https:\/\/testing.wowtea.eu\/cz\/files\/2022\/01\/articles-banners-blog-MINT-2021-CZ-1024x575.jpg 1024w, https:\/\/testing.wowtea.eu\/cz\/files\/2022\/01\/articles-banners-blog-MINT-2021-CZ-100x56.jpg 100w, https:\/\/testing.wowtea.eu\/cz\/files\/2022\/01\/articles-banners-blog-MINT-2021-CZ-600x337.jpg 600w\" sizes=\"(max-width: 1110px) 100vw, 1110px\" \/><\/div><\/a>\n\t\t\t\t<div class=\"elementor-post__badge\">Get cleansed<\/div>\n\t\t\t\t<div class=\"elementor-post__text\">\n\t\t\t\t<h3 class=\"elementor-post__title\">\n\t\t\t<a href=\"https:\/\/testing.wowtea.eu\/cz\/blog\/detox-go-long-or-go-short\/\" >\n\t\t\t\tM\u00e1ta peprn\u00e1 \u2013 posiluje zdrav\u00ed a zkr\u00e1\u0161luje. Ne nadarmo se j\u00ed \u0159\u00edk\u00e1 bohyn\u011b bylin!\t\t\t<\/a>\n\t\t<\/h3>\n\t\t\t\t<div class=\"elementor-post__excerpt\">\n\t\t\t<p>Starov\u011bk\u00e9 tradice ho chv\u00e1l\u00ed pro jeho obrovsk\u00e9 schopnosti posilovat zdrav\u00ed, omlazovat poko\u017eku a udr\u017eovat t\u011blo v nejlep\u0161\u00ed kondici.<\/p>\n\t\t<\/div>\n\t\t\n\t\t<a class=\"elementor-post__read-more\" href=\"https:\/\/testing.wowtea.eu\/cz\/blog\/detox-go-long-or-go-short\/\" aria-label=\"Read more about M\u00e1ta peprn\u00e1 \u2013 posiluje zdrav\u00ed a zkr\u00e1\u0161luje. Ne nadarmo se j\u00ed \u0159\u00edk\u00e1 bohyn\u011b bylin!\" >\n\t\t\t<p class=\"readmorebutton\">P\u0159e\u010dt\u011bte si v\u00edce \u00bb<\/p>\t\t<\/a>\n\n\t\t\t\t<\/div>\n\t\t\t\t\t<\/div>\n\t\t<\/article>\n\t\t\t\t<\/div>\n\t\t\n\t\t\t\t<\/div>\n\t\t\t\t<\/div>\n\t\t\t\t\t\t<\/div>\n\t\t\t\t\t<\/div>\n\t\t<\/div>\n\t\t\t\t\t\t\t\t<\/div>\n\t\t\t\t\t<\/div>\n\t\t<\/section>\n\t\t\t\t\t\t\t\t\t<\/div>\n\t\t\t<\/div>\n\t\t\t\t\t<\/div>\n\t\t","protected":false},"excerpt":{"rendered":"","protected":false},"author":56,"featured_media":0,"parent":0,"menu_order":0,"comment_status":"closed","ping_status":"closed","template":"","meta":{"inline_featured_image":false},"acf":[],"_links":{"self":[{"href":"https:\/\/testing.wowtea.eu\/cz\/wp-json\/wp\/v2\/pages\/73962"}],"collection":[{"href":"https:\/\/testing.wowtea.eu\/cz\/wp-json\/wp\/v2\/pages"}],"about":[{"href":"https:\/\/testing.wowtea.eu\/cz\/wp-json\/wp\/v2\/types\/page"}],"author":[{"embeddable":true,"href":"https:\/\/testing.wowtea.eu\/cz\/wp-json\/wp\/v2\/users\/56"}],"replies":[{"embeddable":true,"href":"https:\/\/testing.wowtea.eu\/cz\/wp-json\/wp\/v2\/comments?post=73962"}],"version-history":[{"count":0,"href":"https:\/\/testing.wowtea.eu\/cz\/wp-json\/wp\/v2\/pages\/73962\/revisions"}],"wp:attachment":[{"href":"https:\/\/testing.wowtea.eu\/cz\/wp-json\/wp\/v2\/media?parent=73962"}],"curies":[{"name":"wp","href":"https:\/\/api.w.org\/{rel}","templated":true}]}}