{"id":110302,"date":"2021-06-09T13:32:31","date_gmt":"2021-06-09T11:32:31","guid":{"rendered":"https:\/\/testing.wowtea.eu\/cz\/?post_type=product&#038;p=110302"},"modified":"2024-09-23T09:36:24","modified_gmt":"2024-09-23T07:36:24","slug":"new-summer-new-me","status":"publish","type":"product","link":"https:\/\/testing.wowtea.eu\/cz\/product\/new-summer-new-me\/","title":{"rendered":"New Summer New Me"},"content":{"rendered":"\t\t<div data-elementor-type=\"product-post\" data-elementor-id=\"110302\" class=\"elementor elementor-110302\">\n\t\t\t\t\t\t<div class=\"elementor-inner\">\n\t\t\t\t<div class=\"elementor-section-wrap\">\n\t\t\t\t\t\t\t\t\t<section class=\"elementor-section elementor-top-section elementor-element elementor-element-4c7e4796 elementor-section-boxed elementor-section-height-default elementor-section-height-default\" data-id=\"4c7e4796\" data-element_type=\"section\" data-settings=\"{&quot;background_background&quot;:&quot;classic&quot;}\">\n\t\t\t\t\t\t<div class=\"elementor-container elementor-column-gap-default\">\n\t\t\t\t\t\t\t<div class=\"elementor-row\">\n\t\t\t\t\t<div class=\"elementor-column elementor-col-100 elementor-top-column elementor-element elementor-element-40a5d5ef\" data-id=\"40a5d5ef\" data-element_type=\"column\" data-settings=\"{&quot;background_background&quot;:&quot;classic&quot;}\">\n\t\t\t<div class=\"elementor-column-wrap elementor-element-populated\">\n\t\t\t\t\t\t\t<div class=\"elementor-widget-wrap\">\n\t\t\t\t\t\t<div class=\"elementor-element elementor-element-fdc5f09 elementor-widget elementor-widget-heading\" data-id=\"fdc5f09\" data-element_type=\"widget\" data-widget_type=\"heading.default\">\n\t\t\t\t<div class=\"elementor-widget-container\">\n\t\t\t<h2 class=\"elementor-heading-title elementor-size-default\">Co obsahuje bal\u00edk?<\/h2>\t\t<\/div>\n\t\t\t\t<\/div>\n\t\t\t\t<div class=\"elementor-element elementor-element-da05290 elementor-widget elementor-widget-pp-info-box-carousel\" data-id=\"da05290\" data-element_type=\"widget\" data-settings=\"{&quot;equal_height_boxes&quot;:&quot;yes&quot;}\" data-widget_type=\"pp-info-box-carousel.default\">\n\t\t\t\t<div class=\"elementor-widget-container\">\n\t\t\t\t\t<div class=\"swiper-container-wrap pp-info-box-carousel-wrap swiper-container-wrap-dots-outside\">\n\t\t\t<div class=\"pp-info-box pp-info-box-carousel swiper-container swiper-container-da05290\" data-pagination=\".swiper-pagination-da05290\" data-arrow-next=\".swiper-button-next-da05290\" data-arrow-prev=\".swiper-button-prev-da05290\" data-slider-settings=\"{&quot;direction&quot;:&quot;horizontal&quot;,&quot;effect&quot;:&quot;slide&quot;,&quot;speed&quot;:600,&quot;slidesPerView&quot;:2,&quot;spaceBetween&quot;:15,&quot;grabCursor&quot;:false,&quot;autoHeight&quot;:true,&quot;loop&quot;:true,&quot;autoplay&quot;:{&quot;delay&quot;:999999,&quot;disableOnInteraction&quot;:false},&quot;pagination&quot;:{&quot;el&quot;:&quot;.swiper-pagination-da05290&quot;,&quot;type&quot;:&quot;bullets&quot;,&quot;clickable&quot;:true},&quot;navigation&quot;:{&quot;nextEl&quot;:&quot;.swiper-button-next-da05290&quot;,&quot;prevEl&quot;:&quot;.swiper-button-prev-da05290&quot;},&quot;breakpoints&quot;:{&quot;1025&quot;:{&quot;slidesPerView&quot;:2,&quot;spaceBetween&quot;:15},&quot;768&quot;:{&quot;slidesPerView&quot;:2,&quot;spaceBetween&quot;:10},&quot;320&quot;:{&quot;slidesPerView&quot;:1,&quot;spaceBetween&quot;:10}}}\">\n\t\t\t\t<div class=\"swiper-wrapper\">\n\t\t\t\t\t\t\t\t\t<div class=\"swiper-slide\">\n\t\t\t\t\t\t<div class=\"pp-info-box-content-wrap\">\n\t\t\t\t\t\t\t\t\t\t\t\t\t\t\t\t\t\t\t\t\t\t<div class=\"pp-info-box-icon-wrap\">\n\t\t\t\t\t\t\t\t\t\t\t\t\t\t\t\t\t\t\t\t\t<span class=\"pp-info-box-icon pp-icon\">\n\t\t\t\t\t\t\t\t\t<img src=\"https:\/\/testing.wowtea.eu\/cz\/files\/2024\/05\/WOWTEA-WEB-Summer-editions-Slimfit-Shop.png\" alt=\"WOWTEA-WEB-Summer-editions-Slimfit-Shop\">\t\t\t\t\t\t\t<\/span>\n\t\t\t\t\t\t\t\t\t\t\t\t\t\t\t\t\t\t\t\t<\/div>\n\t\t\t\t\t\t\t\t\t\t\t\t\t\t<div class=\"pp-info-box-content\">\n\t\t\t\t\t\t\t\t<div class=\"pp-info-box-title-wrap\">\n\t\t\t\t\t\t\t\t\t<div class=\"pp-info-box-title-container\"><h2 class=\"pp-info-box-title\">SlimFit<\/h2><\/div>\t\t\t\t\t\t\t\t<\/div>\n\n\t\t\t\t\t\t\t\t\n\t\t\t\t\t\t\t\t\t\t\t\t\t\t\t\t\t<div class=\"pp-info-box-description\">\n\t\t\t\t\t\t\t\t\t\t<ul style=\"font-size:13px\"><br \/>\n  <li><i class=\"fas fa-check\" style=\"color: crimson\"><\/i> <b>Dosta\u0148te se do formy rychleji<\/b><\/br><\/li><br \/>\n  <li><i class=\"fas fa-check\" style=\"color: crimson\"><\/i> <b>Bohat\u00e1 chu\u0165 manga a kokosu<\/b><\/br><\/li><br \/>\n  <li><i class=\"fas fa-check\" style=\"color: crimson\"><\/i> <b>Podporuje metabolismus<\/b><\/br><\/li><br \/>\n  <li><i class=\"fas fa-check\" style=\"color: crimson\"><\/i> <b>Vylep\u0161en\u00e9 spalov\u00e1n\u00ed tuk\u016f<\/b><\/br><\/li><br \/>\n  <li><i class=\"fas fa-check\" style=\"color: crimson\"><\/i> <b>Sni\u017euje chu\u0165 k j\u00eddlu<\/b><\/br><\/li><br \/>\n  <li><i class=\"fas fa-check\" style=\"color: crimson\"><\/i> <b>Eliminuje nafouknut\u00ed b\u0159icha<\/b><\/br><\/li><br \/>\n<\/ul>\t\t\t\t\t\t\t\t\t<\/div>\n\t\t\t\t\t\t\t\t\t\t\t\t\t\t\t\t\t\n\t\t\t\t\t\t\t\t\t\t\t\t\t\t\t\t\t\t\t\t\t\t\t<\/div>\n\t\t\t\t\t\t<\/div>\n\t\t\t\t\t<\/div>\n\t\t\t\t\t\t\t\t\t\t<div class=\"swiper-slide\">\n\t\t\t\t\t\t<div class=\"pp-info-box-content-wrap\">\n\t\t\t\t\t\t\t\t\t\t\t\t\t\t\t\t\t\t\t\t\t\t<div class=\"pp-info-box-icon-wrap\">\n\t\t\t\t\t\t\t\t\t\t\t\t\t\t\t\t\t\t\t\t\t<span class=\"pp-info-box-icon pp-icon\">\n\t\t\t\t\t\t\t\t\t<img src=\"https:\/\/testing.wowtea.eu\/cz\/files\/2024\/05\/WOWTEA-WEB-Summer-editions-Detox-Shop.png\" alt=\"WOWTEA-WEB-Summer-editions-Detox-Shop\">\t\t\t\t\t\t\t<\/span>\n\t\t\t\t\t\t\t\t\t\t\t\t\t\t\t\t\t\t\t\t<\/div>\n\t\t\t\t\t\t\t\t\t\t\t\t\t\t<div class=\"pp-info-box-content\">\n\t\t\t\t\t\t\t\t<div class=\"pp-info-box-title-wrap\">\n\t\t\t\t\t\t\t\t\t<div class=\"pp-info-box-title-container\"><h2 class=\"pp-info-box-title\">Detox<\/h2><\/div>\t\t\t\t\t\t\t\t<\/div>\n\n\t\t\t\t\t\t\t\t\n\t\t\t\t\t\t\t\t\t\t\t\t\t\t\t\t\t<div class=\"pp-info-box-description\">\n\t\t\t\t\t\t\t\t\t\t<ul style=\"font-size:13px\"><br \/>\n  <li><i class=\"fas fa-check\" style=\"color: crimson\"><\/i> <b>Rychle \u00fa\u010dinkuj\u00edc\u00ed letn\u00ed detox<\/b><\/br><\/li><br \/>\n  <li><i class=\"fas fa-check\" style=\"color: crimson\"><\/i> <b>Exotick\u00e1 citrusov\u00e1 chu\u0165<\/b><\/br><\/li><br \/>\n  <li><i class=\"fas fa-check\" style=\"color: crimson\"><\/i> <b>Pln\u00fd antioxidant\u016f<\/b><\/br><\/li><br \/>\n  <li><i class=\"fas fa-check\" style=\"color: crimson\"><\/i> <b>Viditeln\u00fd zplo\u0161\u0165uj\u00edci efekt<\/b><\/br><\/li><br \/>\n  <li><i class=\"fas fa-check\" style=\"color: crimson\"><\/i> <b>Siln\u00fd alkaliza\u010dn\u00ed \u00fa\u010dinek<\/b><\/br><\/li><br \/>\n  <li><i class=\"fas fa-check\" style=\"color: crimson\"><\/i> <b>Upravuje fungov\u00e1n\u00ed metabolismu<\/b><\/br><\/li><br \/>\n  <\/ul>\t\t\t\t\t\t\t\t\t<\/div>\n\t\t\t\t\t\t\t\t\t\t\t\t\t\t\t\t\t\n\t\t\t\t\t\t\t\t\t\t\t\t\t\t\t\t\t\t\t\t\t\t\t<\/div>\n\t\t\t\t\t\t<\/div>\n\t\t\t\t\t<\/div>\n\t\t\t\t\t\t\t\t\t\t<div class=\"swiper-slide\">\n\t\t\t\t\t\t<div class=\"pp-info-box-content-wrap\">\n\t\t\t\t\t\t\t\t\t\t\t\t\t\t\t\t\t\t\t\t\t\t<div class=\"pp-info-box-icon-wrap\">\n\t\t\t\t\t\t\t\t\t\t\t\t\t\t\t\t\t\t\t\t\t<span class=\"pp-info-box-icon pp-icon\">\n\t\t\t\t\t\t\t\t\t<img src=\"https:\/\/testing.wowtea.eu\/cz\/files\/2024\/05\/WOWTEA-WEB-Summer-editions-Wellness-Shop-.png\" alt=\"WOWTEA-WEB-Summer-editions-Wellness-Shop-\">\t\t\t\t\t\t\t<\/span>\n\t\t\t\t\t\t\t\t\t\t\t\t\t\t\t\t\t\t\t\t<\/div>\n\t\t\t\t\t\t\t\t\t\t\t\t\t\t<div class=\"pp-info-box-content\">\n\t\t\t\t\t\t\t\t<div class=\"pp-info-box-title-wrap\">\n\t\t\t\t\t\t\t\t\t<div class=\"pp-info-box-title-container\"><h2 class=\"pp-info-box-title\">Wellness<\/h2><\/div>\t\t\t\t\t\t\t\t<\/div>\n\n\t\t\t\t\t\t\t\t\n\t\t\t\t\t\t\t\t\t\t\t\t\t\t\t\t\t<div class=\"pp-info-box-description\">\n\t\t\t\t\t\t\t\t\t\t<ul style=\"font-size:13px\"><br \/>\n  <li><i class=\"fas fa-check\" style=\"color: crimson\"><\/i> <b>Podporuje a chr\u00e1n\u00ed zdrav\u00ed<\/b><\/br><\/li><br \/>\n  <li><i class=\"fas fa-check\" style=\"color: crimson\"><\/i> <b>Lahodn\u00e1 chu\u0165 broskv\u00ed a manga<\/b><\/br><\/li><br \/>\n  <li><i class=\"fas fa-check\" style=\"color: crimson\"><\/i> <b>P\u0159irozen\u011b zvy\u0161uje imunitu<\/b><\/br><\/li><br \/>\n  <li><i class=\"fas fa-check\" style=\"color: crimson\"><\/i> <b>Obohacen\u00fd o ajurv\u00e9dsk\u00e9 bylinky<\/b><\/br><\/li><br \/>\n  <li><i class=\"fas fa-check\" style=\"color: crimson\"><\/i> <b>Efektivn\u00ed protistresov\u00fd \u00fa\u010dinek<\/b><\/br><\/li><br \/>\n<\/ul>\t\t\t\t\t\t\t\t\t<\/div>\n\t\t\t\t\t\t\t\t\t\t\t\t\t\t\t\t\t\n\t\t\t\t\t\t\t\t\t\t\t\t\t\t\t\t\t\t\t\t\t\t\t<\/div>\n\t\t\t\t\t\t<\/div>\n\t\t\t\t\t<\/div>\n\t\t\t\t\t\t\t\t\t<\/div>\n\t\t\t<\/div>\n\t\t\t\t\t\t<!-- Add Pagination -->\n\t\t\t<div class=\"swiper-pagination swiper-pagination-da05290\"><\/div>\n\t\t\t\t\t\n\t\t\t\t\t\t\t<!-- Add Arrows -->\n\t\t\t\t<div class=\"swiper-button-prev swiper-button-prev-da05290\">\n\t\t\t\t\t<i aria-hidden=\"true\" class=\"fas fa-chevron-left\"><\/i>\n\t\t\t\t<\/div>\n\t\t\t\t<div class=\"swiper-button-next swiper-button-next-da05290\">\n\t\t\t\t\t<i aria-hidden=\"true\" class=\"fas fa-chevron-right\"><\/i>\n\t\t\t\t<\/div>\n\t\t\t\t\t\t\t\t<\/div>\n\t\t\t\t<\/div>\n\t\t\t\t<\/div>\n\t\t\t\t\t\t<\/div>\n\t\t\t\t\t<\/div>\n\t\t<\/div>\n\t\t\t\t\t\t\t\t<\/div>\n\t\t\t\t\t<\/div>\n\t\t<\/section>\n\t\t\t\t<section class=\"elementor-section elementor-top-section elementor-element elementor-element-37374394 elementor-section-full_width elementor-section-height-default elementor-section-height-default\" data-id=\"37374394\" data-element_type=\"section\">\n\t\t\t\t\t\t<div class=\"elementor-container elementor-column-gap-no\">\n\t\t\t\t\t\t\t<div class=\"elementor-row\">\n\t\t\t\t\t<div class=\"elementor-column elementor-col-100 elementor-top-column elementor-element elementor-element-6c03196e\" data-id=\"6c03196e\" data-element_type=\"column\">\n\t\t\t<div class=\"elementor-column-wrap elementor-element-populated\">\n\t\t\t\t\t\t\t<div class=\"elementor-widget-wrap\">\n\t\t\t\t\t\t<div class=\"elementor-element elementor-element-4fc408be elementor-hidden-tablet elementor-hidden-phone elementor-widget elementor-widget-image\" data-id=\"4fc408be\" data-element_type=\"widget\" data-widget_type=\"image.default\">\n\t\t\t\t<div class=\"elementor-widget-container\">\n\t\t\t\t\t\t\t\t<div class=\"elementor-image\">\n\t\t\t\t\t\t\t\t\t\t\t\t<img width=\"1920\" height=\"1150\" src=\"https:\/\/testing.wowtea.eu\/cz\/files\/2021\/06\/THE-PERFECT-BEACH-DRINK-ummer-detox-D-CZ-1.jpg\" class=\"attachment-full size-full wp-image-153816\" alt=\"\" loading=\"lazy\" srcset=\"https:\/\/testing.wowtea.eu\/cz\/files\/2021\/06\/THE-PERFECT-BEACH-DRINK-ummer-detox-D-CZ-1.jpg 1920w, https:\/\/testing.wowtea.eu\/cz\/files\/2021\/06\/THE-PERFECT-BEACH-DRINK-ummer-detox-D-CZ-1-300x180.jpg 300w, https:\/\/testing.wowtea.eu\/cz\/files\/2021\/06\/THE-PERFECT-BEACH-DRINK-ummer-detox-D-CZ-1-768x460.jpg 768w, https:\/\/testing.wowtea.eu\/cz\/files\/2021\/06\/THE-PERFECT-BEACH-DRINK-ummer-detox-D-CZ-1-1024x613.jpg 1024w, https:\/\/testing.wowtea.eu\/cz\/files\/2021\/06\/THE-PERFECT-BEACH-DRINK-ummer-detox-D-CZ-1-1536x920.jpg 1536w, https:\/\/testing.wowtea.eu\/cz\/files\/2021\/06\/THE-PERFECT-BEACH-DRINK-ummer-detox-D-CZ-1-100x60.jpg 100w, https:\/\/testing.wowtea.eu\/cz\/files\/2021\/06\/THE-PERFECT-BEACH-DRINK-ummer-detox-D-CZ-1-600x359.jpg 600w\" sizes=\"(max-width: 1920px) 100vw, 1920px\" \/>\t\t\t\t\t\t\t\t\t\t\t\t\t\t<\/div>\n\t\t\t\t\t\t<\/div>\n\t\t\t\t<\/div>\n\t\t\t\t<div class=\"elementor-element elementor-element-4be200d0 elementor-hidden-desktop elementor-hidden-tablet elementor-widget elementor-widget-image\" data-id=\"4be200d0\" data-element_type=\"widget\" data-widget_type=\"image.default\">\n\t\t\t\t<div class=\"elementor-widget-container\">\n\t\t\t\t\t\t\t\t<div class=\"elementor-image\">\n\t\t\t\t\t\t\t\t\t\t\t\t<img width=\"460\" height=\"750\" src=\"https:\/\/testing.wowtea.eu\/cz\/files\/2021\/06\/THE-PERFECT-BEACH-DRINK-ummer-detox-M-CZ-1.jpg\" class=\"attachment-large size-large wp-image-153817\" alt=\"\" loading=\"lazy\" srcset=\"https:\/\/testing.wowtea.eu\/cz\/files\/2021\/06\/THE-PERFECT-BEACH-DRINK-ummer-detox-M-CZ-1.jpg 460w, https:\/\/testing.wowtea.eu\/cz\/files\/2021\/06\/THE-PERFECT-BEACH-DRINK-ummer-detox-M-CZ-1-184x300.jpg 184w, https:\/\/testing.wowtea.eu\/cz\/files\/2021\/06\/THE-PERFECT-BEACH-DRINK-ummer-detox-M-CZ-1-61x100.jpg 61w\" sizes=\"(max-width: 460px) 100vw, 460px\" \/>\t\t\t\t\t\t\t\t\t\t\t\t\t\t<\/div>\n\t\t\t\t\t\t<\/div>\n\t\t\t\t<\/div>\n\t\t\t\t\t\t<\/div>\n\t\t\t\t\t<\/div>\n\t\t<\/div>\n\t\t\t\t\t\t\t\t<\/div>\n\t\t\t\t\t<\/div>\n\t\t<\/section>\n\t\t\t\t<section class=\"elementor-section elementor-top-section elementor-element elementor-element-6727c84 elementor-section-boxed elementor-section-height-default elementor-section-height-default\" data-id=\"6727c84\" data-element_type=\"section\">\n\t\t\t\t\t\t<div class=\"elementor-container elementor-column-gap-default\">\n\t\t\t\t\t\t\t<div class=\"elementor-row\">\n\t\t\t\t\t<div class=\"elementor-column elementor-col-100 elementor-top-column elementor-element elementor-element-0e6a250\" data-id=\"0e6a250\" data-element_type=\"column\">\n\t\t\t<div class=\"elementor-column-wrap elementor-element-populated\">\n\t\t\t\t\t\t\t<div class=\"elementor-widget-wrap\">\n\t\t\t\t\t\t<div class=\"elementor-element elementor-element-df5f576 elementor-widget elementor-widget-html\" data-id=\"df5f576\" data-element_type=\"widget\" data-widget_type=\"html.default\">\n\t\t\t\t<div class=\"elementor-widget-container\">\n\t\t\t<!-- TrustBox widget - Carousel -->\r\n<div class=\"trustpilot-widget\" data-locale=\"en-US\" data-template-id=\"53aa8912dec7e10d38f59f36\" data-businessunit-id=\"60029def312cb900013df992\" data-style-height=\"320px\" data-style-width=\"100%\" data-theme=\"light\" data-tags=\"CZ\" data-stars=\"1,2,3,4,5\">\r\n  <a href=\"https:\/\/www.trustpilot.com\/review\/testing.wowtea.eu\" target=\"_blank\" rel=\"noopener\">Trustpilot<\/a>\r\n<\/div>\r\n<!-- End TrustBox widget -->\t\t<\/div>\n\t\t\t\t<\/div>\n\t\t\t\t\t\t<\/div>\n\t\t\t\t\t<\/div>\n\t\t<\/div>\n\t\t\t\t\t\t\t\t<\/div>\n\t\t\t\t\t<\/div>\n\t\t<\/section>\n\t\t\t\t\t\t\t\t\t<\/div>\n\t\t\t<\/div>\n\t\t\t\t\t<\/div>\n\t\t","protected":false},"excerpt":{"rendered":"<ul class=\"check_list\">\n<li>\n<h4>Pokud hled\u00e1te rychl\u00fd detoxika\u010dn\u00ed \u010daj + 100% p\u0159\u00edrodn\u00ed sm\u011bs,<\/h4>\n<p>kter\u00e1 v\u00e1m pom\u016f\u017ee vyformovat se na l\u00e9to &#8211; toto je nejlep\u0161\u00ed kombo!<\/li>\n<li>\n<h4>Osv\u011b\u017ete se rychleji<\/h4>\n<p>d\u00edky nov\u00e9 Summer SlimFit ochutn\u00e1vce exotick\u00e9ho manga a vo\u0148av\u00e9ho kokosu.<\/li>\n<li>\n<h4>Za\u010dn\u011bte s detoxikac\u00ed a alkalizac\u00ed<\/h4>\n<p>prvn\u00edm dou\u0161kem na\u0161eho Summer Detoxu, kter\u00fd p\u0159ich\u00e1z\u00ed se sv\u011b\u017e\u00ed citrusovou chut\u00ed a extra antioxidanty!<\/li>\n<\/ul>\n","protected":false},"featured_media":237166,"comment_status":"open","ping_status":"closed","template":"","meta":{"inline_featured_image":false},"product_cat":[102,133],"product_tag":[270],"acf":[],"variations_data":{"110310":{"id":110310,"name":"Summer Detox + Summer SlimFit","slug":"summer-detox-summer-slimfit","date_created":{"date":"2021-06-09 13:34:14.000000","timezone_type":3,"timezone":"Europe\/Prague"},"date_modified":{"date":"2024-09-23 09:35:53.000000","timezone_type":3,"timezone":"Europe\/Prague"},"status":"publish","featured":false,"catalog_visibility":"visible","description":"","short_description":"","sku":"WOW-P-SETSST","price":"809.00","regular_price":"1078","sale_price":"809.00","date_on_sale_from":null,"date_on_sale_to":null,"total_sales":"0","tax_status":"taxable","tax_class":"parent","manage_stock":false,"stock_quantity":null,"stock_status":"instock","backorders":"no","low_stock_amount":"","sold_individually":false,"weight":"","length":"","width":"","height":"","upsell_ids":[],"cross_sell_ids":[],"parent_id":110302,"reviews_allowed":false,"purchase_note":"","attributes":{"pa_summer-products":"summer-detox-summer-slimfit"},"default_attributes":[],"menu_order":1,"post_password":"","virtual":false,"downloadable":false,"category_ids":[],"tag_ids":[],"shipping_class_id":0,"downloads":[],"image_id":237166,"gallery_image_ids":[],"download_limit":-1,"download_expiry":-1,"rating_counts":[],"average_rating":0,"review_count":0,"attribute_summary":"Summer Products: Summer Detox + Summer SlimFit","meta_data":[{"id":1115627,"key":"yst_prominent_words_version","value":"1"},{"id":1115763,"key":"_gtin","value":""},{"id":1115764,"key":"_variable_text_field_1","value":" Detoxika\u010dn\u00ed \u010caje Na Hubnut\u00ed | Detox \u010caj + \u010caj na Hubnut\u00ed - pro efektivn\u00ed hubnut\u00ed a detoxikaci organismu | WOW TEA Summer Edition"},{"id":1115765,"key":"_variable_text_field_2","value":"Letn\u00ed Detoxika\u010dn\u00ed \u010caj Na Hubnut\u00ed - \u010cist\u00edc\u00ed \u010daj s exotickou citrusovou chut\u00ed + 100% p\u0159\u00edrodn\u00ed ze\u0161t\u00edhluj\u00edc\u00ed \u010daj - ide\u00e1ln\u00ed letn\u00ed n\u00e1poje.  Za\u010dn\u011bte letni detoxikaci a ud\u011blejte t\u011blu to nejlep\u0161\u00ed."},{"id":1115766,"key":"_variable_text_field_3","value":""},{"id":1115767,"key":"fstr-p-sub","value":""},{"id":2720367,"key":"_v_label_field","value":""},{"id":4967953,"key":"_sold_variation_individually","value":"no"},{"id":6142726,"key":"oms_price_updated_at","value":"2024-09-23T07:14:08.652862Z"}],"price_html":"<del aria-hidden=\"true\"><span class=\"woocommerce-Price-amount amount\"><bdi>1,078&nbsp;<span class=\"woocommerce-Price-currencySymbol\">&#75;&#269;<\/span><\/bdi><\/span><\/del> <ins><span class=\"woocommerce-Price-amount amount\"><bdi>809&nbsp;<span class=\"woocommerce-Price-currencySymbol\">&#75;&#269;<\/span><\/bdi><\/span><\/ins>","image":"<img width=\"600\" height=\"600\" src=\"https:\/\/testing.wowtea.eu\/cz\/files\/2024\/05\/WOWTEA-web-PP-Summer-editions-Slimfit-Upsale-slimfit-detox.png\" class=\"attachment-woocommerce_thumbnail size-woocommerce_thumbnail\" alt=\"\" loading=\"lazy\" srcset=\"https:\/\/testing.wowtea.eu\/cz\/files\/2024\/05\/WOWTEA-web-PP-Summer-editions-Slimfit-Upsale-slimfit-detox.png 600w, https:\/\/testing.wowtea.eu\/cz\/files\/2024\/05\/WOWTEA-web-PP-Summer-editions-Slimfit-Upsale-slimfit-detox-60x60.png 60w, https:\/\/testing.wowtea.eu\/cz\/files\/2024\/05\/WOWTEA-web-PP-Summer-editions-Slimfit-Upsale-slimfit-detox-90x90.png 90w, https:\/\/testing.wowtea.eu\/cz\/files\/2024\/05\/WOWTEA-web-PP-Summer-editions-Slimfit-Upsale-slimfit-detox-150x150.png 150w, https:\/\/testing.wowtea.eu\/cz\/files\/2024\/05\/WOWTEA-web-PP-Summer-editions-Slimfit-Upsale-slimfit-detox-300x300.png 300w, https:\/\/testing.wowtea.eu\/cz\/files\/2024\/05\/WOWTEA-web-PP-Summer-editions-Slimfit-Upsale-slimfit-detox-100x100.png 100w, https:\/\/testing.wowtea.eu\/cz\/files\/2024\/05\/WOWTEA-web-PP-Summer-editions-Slimfit-Upsale-slimfit-detox-45x45.png 45w\" sizes=\"(max-width: 600px) 100vw, 600px\" \/>","free_delivery":false},"110311":{"id":110311,"name":"Summer Detox + Summer Wellness","slug":"summer-detox-summer-wellness","date_created":{"date":"2021-06-09 13:34:14.000000","timezone_type":3,"timezone":"Europe\/Prague"},"date_modified":{"date":"2024-09-23 09:36:21.000000","timezone_type":3,"timezone":"Europe\/Prague"},"status":"publish","featured":false,"catalog_visibility":"visible","description":"","short_description":"","sku":"WOW-P-SETSWT","price":"809.00","regular_price":"1078","sale_price":"809.00","date_on_sale_from":null,"date_on_sale_to":null,"total_sales":"0","tax_status":"taxable","tax_class":"parent","manage_stock":false,"stock_quantity":null,"stock_status":"instock","backorders":"no","low_stock_amount":"","sold_individually":false,"weight":"","length":"","width":"","height":"","upsell_ids":[],"cross_sell_ids":[],"parent_id":110302,"reviews_allowed":false,"purchase_note":"","attributes":{"pa_summer-products":"summer-detox-summer-wellness"},"default_attributes":[],"menu_order":2,"post_password":"","virtual":false,"downloadable":false,"category_ids":[],"tag_ids":[],"shipping_class_id":0,"downloads":[],"image_id":237325,"gallery_image_ids":[],"download_limit":-1,"download_expiry":-1,"rating_counts":[],"average_rating":0,"review_count":0,"attribute_summary":"Summer Products: Summer Detox + Summer Wellness","meta_data":[{"id":1115773,"key":"_gtin","value":""},{"id":1115774,"key":"_variable_text_field_1","value":"Letn\u00ed Detoxika\u010dn\u00ed Sada - Detox \u010caj + Ajurv\u00e9dsk\u00fd \u010caj | 2x150 gr | WOW TEA"},{"id":1115775,"key":"_variable_text_field_2","value":"21 denn\u00ed program pro letn\u00ed detoxika\u010dn\u00ed \u010daj + letn\u00ed \u010daj - Wellness \u010dajov\u00fd bal\u00ed\u010dek s ajurv\u00e9dsk\u00fdmi a o\u010distn\u00fdmi bylinkami - bonusov\u00fd j\u00f3gov\u00fd pl\u00e1n."},{"id":1115776,"key":"_variable_text_field_3","value":""},{"id":1115777,"key":"fstr-p-sub","value":""},{"id":4921213,"key":"_sold_variation_individually","value":"no"},{"id":4921214,"key":"_v_label_field","value":""},{"id":6142747,"key":"oms_price_updated_at","value":"2024-09-23T07:14:37.191624Z"}],"price_html":"<del aria-hidden=\"true\"><span class=\"woocommerce-Price-amount amount\"><bdi>1,078&nbsp;<span class=\"woocommerce-Price-currencySymbol\">&#75;&#269;<\/span><\/bdi><\/span><\/del> <ins><span class=\"woocommerce-Price-amount amount\"><bdi>809&nbsp;<span class=\"woocommerce-Price-currencySymbol\">&#75;&#269;<\/span><\/bdi><\/span><\/ins>","image":"<img width=\"600\" height=\"600\" src=\"https:\/\/testing.wowtea.eu\/cz\/files\/2024\/05\/WOWTEA-web-PP-Summer-editions-Wellness-Upsale-wellnes-detox.png\" class=\"attachment-woocommerce_thumbnail size-woocommerce_thumbnail\" alt=\"\" loading=\"lazy\" srcset=\"https:\/\/testing.wowtea.eu\/cz\/files\/2024\/05\/WOWTEA-web-PP-Summer-editions-Wellness-Upsale-wellnes-detox.png 600w, https:\/\/testing.wowtea.eu\/cz\/files\/2024\/05\/WOWTEA-web-PP-Summer-editions-Wellness-Upsale-wellnes-detox-60x60.png 60w, https:\/\/testing.wowtea.eu\/cz\/files\/2024\/05\/WOWTEA-web-PP-Summer-editions-Wellness-Upsale-wellnes-detox-90x90.png 90w, https:\/\/testing.wowtea.eu\/cz\/files\/2024\/05\/WOWTEA-web-PP-Summer-editions-Wellness-Upsale-wellnes-detox-150x150.png 150w, https:\/\/testing.wowtea.eu\/cz\/files\/2024\/05\/WOWTEA-web-PP-Summer-editions-Wellness-Upsale-wellnes-detox-300x300.png 300w, https:\/\/testing.wowtea.eu\/cz\/files\/2024\/05\/WOWTEA-web-PP-Summer-editions-Wellness-Upsale-wellnes-detox-100x100.png 100w, https:\/\/testing.wowtea.eu\/cz\/files\/2024\/05\/WOWTEA-web-PP-Summer-editions-Wellness-Upsale-wellnes-detox-45x45.png 45w\" sizes=\"(max-width: 600px) 100vw, 600px\" \/>","free_delivery":false},"110312":{"id":110312,"name":"Summer Wellness + Summer SlimFit","slug":"summer-wellness-summer-slimfit","date_created":{"date":"2021-06-09 13:34:14.000000","timezone_type":3,"timezone":"Europe\/Prague"},"date_modified":{"date":"2024-09-23 09:36:14.000000","timezone_type":3,"timezone":"Europe\/Prague"},"status":"publish","featured":false,"catalog_visibility":"visible","description":"","short_description":"","sku":"WOW-P-SSTSWT","price":"809.00","regular_price":"1078","sale_price":"809.00","date_on_sale_from":null,"date_on_sale_to":null,"total_sales":"0","tax_status":"taxable","tax_class":"parent","manage_stock":false,"stock_quantity":null,"stock_status":"instock","backorders":"no","low_stock_amount":"","sold_individually":false,"weight":"","length":"","width":"","height":"","upsell_ids":[],"cross_sell_ids":[],"parent_id":110302,"reviews_allowed":false,"purchase_note":"","attributes":{"pa_summer-products":"summer-wellness-summer-slimfit"},"default_attributes":[],"menu_order":3,"post_password":"","virtual":false,"downloadable":false,"category_ids":[],"tag_ids":[],"shipping_class_id":0,"downloads":[],"image_id":237360,"gallery_image_ids":[],"download_limit":-1,"download_expiry":-1,"rating_counts":[],"average_rating":0,"review_count":0,"attribute_summary":"Summer Products: Summer Wellness + Summer SlimFit","meta_data":[{"id":1115783,"key":"_gtin","value":""},{"id":1115784,"key":"_variable_text_field_1","value":""},{"id":1115785,"key":"_variable_text_field_2","value":""},{"id":1115786,"key":"_variable_text_field_3","value":""},{"id":1115787,"key":"fstr-p-sub","value":""},{"id":4921215,"key":"_sold_variation_individually","value":"no"},{"id":4921216,"key":"_v_label_field","value":"Save 15%"},{"id":6142739,"key":"oms_price_updated_at","value":"2024-09-23T07:14:25.501770Z"}],"price_html":"<del aria-hidden=\"true\"><span class=\"woocommerce-Price-amount amount\"><bdi>1,078&nbsp;<span class=\"woocommerce-Price-currencySymbol\">&#75;&#269;<\/span><\/bdi><\/span><\/del> <ins><span class=\"woocommerce-Price-amount amount\"><bdi>809&nbsp;<span class=\"woocommerce-Price-currencySymbol\">&#75;&#269;<\/span><\/bdi><\/span><\/ins>","image":"<img width=\"600\" height=\"600\" src=\"https:\/\/testing.wowtea.eu\/cz\/files\/2021\/06\/WOWTEA-web-Shop-Summer-editions-new-summer-new-me-wellness-slimfit.png\" class=\"attachment-woocommerce_thumbnail size-woocommerce_thumbnail\" alt=\"\" loading=\"lazy\" srcset=\"https:\/\/testing.wowtea.eu\/cz\/files\/2021\/06\/WOWTEA-web-Shop-Summer-editions-new-summer-new-me-wellness-slimfit.png 600w, https:\/\/testing.wowtea.eu\/cz\/files\/2021\/06\/WOWTEA-web-Shop-Summer-editions-new-summer-new-me-wellness-slimfit-60x60.png 60w, https:\/\/testing.wowtea.eu\/cz\/files\/2021\/06\/WOWTEA-web-Shop-Summer-editions-new-summer-new-me-wellness-slimfit-90x90.png 90w, https:\/\/testing.wowtea.eu\/cz\/files\/2021\/06\/WOWTEA-web-Shop-Summer-editions-new-summer-new-me-wellness-slimfit-150x150.png 150w, https:\/\/testing.wowtea.eu\/cz\/files\/2021\/06\/WOWTEA-web-Shop-Summer-editions-new-summer-new-me-wellness-slimfit-300x300.png 300w, https:\/\/testing.wowtea.eu\/cz\/files\/2021\/06\/WOWTEA-web-Shop-Summer-editions-new-summer-new-me-wellness-slimfit-100x100.png 100w, https:\/\/testing.wowtea.eu\/cz\/files\/2021\/06\/WOWTEA-web-Shop-Summer-editions-new-summer-new-me-wellness-slimfit-45x45.png 45w\" sizes=\"(max-width: 600px) 100vw, 600px\" \/>","free_delivery":false}},"free_delivery":false,"currency_name":"&#75;&#269;","_links":{"self":[{"href":"https:\/\/testing.wowtea.eu\/cz\/wp-json\/wp\/v2\/product\/110302"}],"collection":[{"href":"https:\/\/testing.wowtea.eu\/cz\/wp-json\/wp\/v2\/product"}],"about":[{"href":"https:\/\/testing.wowtea.eu\/cz\/wp-json\/wp\/v2\/types\/product"}],"replies":[{"embeddable":true,"href":"https:\/\/testing.wowtea.eu\/cz\/wp-json\/wp\/v2\/comments?post=110302"}],"version-history":[{"count":0,"href":"https:\/\/testing.wowtea.eu\/cz\/wp-json\/wp\/v2\/product\/110302\/revisions"}],"wp:featuredmedia":[{"embeddable":true,"href":"https:\/\/testing.wowtea.eu\/cz\/wp-json\/wp\/v2\/media\/237166"}],"wp:attachment":[{"href":"https:\/\/testing.wowtea.eu\/cz\/wp-json\/wp\/v2\/media?parent=110302"}],"wp:term":[{"taxonomy":"product_cat","embeddable":true,"href":"https:\/\/testing.wowtea.eu\/cz\/wp-json\/wp\/v2\/product_cat?post=110302"},{"taxonomy":"product_tag","embeddable":true,"href":"https:\/\/testing.wowtea.eu\/cz\/wp-json\/wp\/v2\/product_tag?post=110302"}],"curies":[{"name":"wp","href":"https:\/\/api.w.org\/{rel}","templated":true}]}}