{"id":72626,"date":"2020-10-06T15:49:31","date_gmt":"2020-10-06T12:49:31","guid":{"rendered":"https:\/\/testing.wowtea.eu\/cz\/?post_type=product&#038;p=72626"},"modified":"2024-09-02T05:22:56","modified_gmt":"2024-09-02T03:22:56","slug":"black-bottle","status":"publish","type":"product","link":"https:\/\/testing.wowtea.eu\/cz\/product\/black-bottle\/","title":{"rendered":"ECO \u010dajov\u00e1 l\u00e1hev (\u010cern\u00e1)"},"content":{"rendered":"","protected":false},"excerpt":{"rendered":"","protected":false},"featured_media":95086,"comment_status":"open","ping_status":"closed","template":"","meta":{"inline_featured_image":false},"product_cat":[15],"product_tag":[83],"acf":[],"variations_data":[],"free_delivery":false,"currency_name":"&#75;&#269;","_links":{"self":[{"href":"https:\/\/testing.wowtea.eu\/cz\/wp-json\/wp\/v2\/product\/72626"}],"collection":[{"href":"https:\/\/testing.wowtea.eu\/cz\/wp-json\/wp\/v2\/product"}],"about":[{"href":"https:\/\/testing.wowtea.eu\/cz\/wp-json\/wp\/v2\/types\/product"}],"replies":[{"embeddable":true,"href":"https:\/\/testing.wowtea.eu\/cz\/wp-json\/wp\/v2\/comments?post=72626"}],"version-history":[{"count":0,"href":"https:\/\/testing.wowtea.eu\/cz\/wp-json\/wp\/v2\/product\/72626\/revisions"}],"wp:featuredmedia":[{"embeddable":true,"href":"https:\/\/testing.wowtea.eu\/cz\/wp-json\/wp\/v2\/media\/95086"}],"wp:attachment":[{"href":"https:\/\/testing.wowtea.eu\/cz\/wp-json\/wp\/v2\/media?parent=72626"}],"wp:term":[{"taxonomy":"product_cat","embeddable":true,"href":"https:\/\/testing.wowtea.eu\/cz\/wp-json\/wp\/v2\/product_cat?post=72626"},{"taxonomy":"product_tag","embeddable":true,"href":"https:\/\/testing.wowtea.eu\/cz\/wp-json\/wp\/v2\/product_tag?post=72626"}],"curies":[{"name":"wp","href":"https:\/\/api.w.org\/{rel}","templated":true}]}}