{"id":88679,"date":"2021-01-14T14:13:12","date_gmt":"2021-01-14T13:13:12","guid":{"rendered":"https:\/\/testing.wowtea.eu\/cz\/?post_type=product&#038;p=88679"},"modified":"2024-09-02T09:51:11","modified_gmt":"2024-09-02T07:51:11","slug":"booty-goals-band-combo","status":"publish","type":"product","link":"https:\/\/testing.wowtea.eu\/cz\/product\/booty-goals-band-combo\/","title":{"rendered":"BOOTY GOALS BAND COMBO"},"content":{"rendered":"\t\t<div data-elementor-type=\"product-post\" data-elementor-id=\"88679\" class=\"elementor elementor-88679\">\n\t\t\t\t\t\t<div class=\"elementor-inner\">\n\t\t\t\t<div class=\"elementor-section-wrap\">\n\t\t\t\t\t\t\t\t\t<section class=\"elementor-section elementor-top-section elementor-element elementor-element-1fb1ade elementor-section-full_width elementor-reverse-mobile elementor-section-height-default elementor-section-height-default\" data-id=\"1fb1ade\" data-element_type=\"section\">\n\t\t\t\t\t\t<div class=\"elementor-container elementor-column-gap-no\">\n\t\t\t\t\t\t\t<div class=\"elementor-row\">\n\t\t\t\t\t<div class=\"elementor-column elementor-col-50 elementor-top-column elementor-element elementor-element-10fe15b\" data-id=\"10fe15b\" data-element_type=\"column\" data-settings=\"{&quot;background_background&quot;:&quot;classic&quot;}\">\n\t\t\t<div class=\"elementor-column-wrap\">\n\t\t\t\t\t\t\t<div class=\"elementor-widget-wrap\">\n\t\t\t\t\t\t\t\t<\/div>\n\t\t\t\t\t<\/div>\n\t\t<\/div>\n\t\t\t\t<div class=\"elementor-column elementor-col-50 elementor-top-column elementor-element elementor-element-0f84760\" data-id=\"0f84760\" data-element_type=\"column\" data-settings=\"{&quot;background_background&quot;:&quot;classic&quot;}\">\n\t\t\t<div class=\"elementor-column-wrap elementor-element-populated\">\n\t\t\t\t\t\t\t<div class=\"elementor-widget-wrap\">\n\t\t\t\t\t\t<div class=\"elementor-element elementor-element-aafe876 elementor-widget elementor-widget-heading\" data-id=\"aafe876\" data-element_type=\"widget\" data-widget_type=\"heading.default\">\n\t\t\t\t<div class=\"elementor-widget-container\">\n\t\t\t<h2 class=\"elementor-heading-title elementor-size-default\">JEDIN\u00dd \u201cJ\u00cdDELN\u00cd\u010cEK\u201d ZALO\u017dEN\u00dd NA SUPERFOOD.<\/h2>\t\t<\/div>\n\t\t\t\t<\/div>\n\t\t\t\t<div class=\"elementor-element elementor-element-ce9d2ed elementor-widget elementor-widget-text-editor\" data-id=\"ce9d2ed\" data-element_type=\"widget\" data-widget_type=\"text-editor.default\">\n\t\t\t\t<div class=\"elementor-widget-container\">\n\t\t\t\t\t\t\t\t<div class=\"elementor-text-editor elementor-clearfix\">\n\t\t\t\t<p>Pouze n\u011bkolik minut cvi\u010den\u00ed denn\u011b s va\u0161\u00ed Booty Goals Band m\u016f\u017ee m\u00edt neuv\u011b\u0159iteln\u00fd \u00fa\u010dinek na zadek a stehna! Abychom V\u00e1m pomohli vyformovat brazilsk\u00fd zade\u010dek je\u0161t\u011b rychleji, za\u0161leme V\u00e1m 21-denn\u00ed tr\u00e9ninkov\u00fd pl\u00e1n zdarma s cviky, kter\u00e9 m\u016f\u017eete d\u011blat doma \u2013 nebo kdekoliv jen chcete!<\/p><p>Vysoce kvalitn\u00ed materi\u00e1ly poskytuj\u00ed dokonal\u00fd komfort p\u0159i cvi\u010den\u00ed. M\u016f\u017eete pou\u017e\u00edt Booty Goals Band dokonce i v \u0161ortk\u00e1ch \u2013 neklou\u017ee, neza\u0159ez\u00e1v\u00e1 se a je odoln\u00e1!<\/p>\t\t\t\t\t<\/div>\n\t\t\t\t\t\t<\/div>\n\t\t\t\t<\/div>\n\t\t\t\t\t\t<\/div>\n\t\t\t\t\t<\/div>\n\t\t<\/div>\n\t\t\t\t\t\t\t\t<\/div>\n\t\t\t\t\t<\/div>\n\t\t<\/section>\n\t\t\t\t<section class=\"elementor-section elementor-top-section elementor-element elementor-element-849fe22 elementor-section-full_width elementor-section-height-default elementor-section-height-default\" data-id=\"849fe22\" data-element_type=\"section\">\n\t\t\t\t\t\t<div class=\"elementor-container elementor-column-gap-no\">\n\t\t\t\t\t\t\t<div class=\"elementor-row\">\n\t\t\t\t\t<div class=\"elementor-column elementor-col-50 elementor-top-column elementor-element elementor-element-28b3000\" data-id=\"28b3000\" data-element_type=\"column\" data-settings=\"{&quot;background_background&quot;:&quot;classic&quot;}\">\n\t\t\t<div class=\"elementor-column-wrap elementor-element-populated\">\n\t\t\t\t\t\t\t<div class=\"elementor-widget-wrap\">\n\t\t\t\t\t\t<div class=\"elementor-element elementor-element-8cd7841 elementor-widget elementor-widget-heading\" data-id=\"8cd7841\" data-element_type=\"widget\" data-widget_type=\"heading.default\">\n\t\t\t\t<div class=\"elementor-widget-container\">\n\t\t\t<h2 class=\"elementor-heading-title elementor-size-default\">Booty Goals Band je p\u0159esn\u011b to, co Vy (a V\u00e1\u0161 zadek) pot\u0159ebujete!<\/h2>\t\t<\/div>\n\t\t\t\t<\/div>\n\t\t\t\t<div class=\"elementor-element elementor-element-cb602f9 elementor-widget elementor-widget-prod_info\" data-id=\"cb602f9\" data-element_type=\"widget\" data-widget_type=\"prod_info.default\">\n\t\t\t\t<div class=\"elementor-widget-container\">\n\t\t\t\n               <ul class=\"info_list\">\n                           <li>\n                  <strong>Maxim\u00e1ln\u00ed komfort:<\/strong>\n                  <small>\u0160pi\u010dkov\u00e9 materi\u00e1ly, kter\u00e9 umo\u017e\u0148uj\u00ed plynul\u00e9 a pohodln\u00e9 cvi\u010den\u00ed<\/small>\n               <\/li>\n                           <li>\n                  <strong> Vynikaj\u00edc\u00ed kvalita:<\/strong>\n                  <small>Na rozd\u00edl od ostatn\u00edch gum Booty Goals Band je velmi odoln\u00e1 b\u011bhem pou\u017e\u00edv\u00e1n\u00ed<\/small>\n               <\/li>\n                           <li>\n                  <strong>Snadn\u00e9 pou\u017e\u00edv\u00e1n\u00ed:<\/strong>\n                  <small>Pou\u017e\u00edvejte ji doma nebo si ji jednodu\u0161e vezm\u011bte s sebou a cvi\u010dte kdykoli a kdekoli<\/small>\n               <\/li>\n                           <li>\n                  <strong>Viditeln\u00e9 v\u00fdsledky:<\/strong>\n                  <small>Ohromuj\u00edc\u00ed \u00fa\u010dinek na zadek, stehna a pas \u2013 jen n\u011bkolik minut denn\u011b<\/small>\n               <\/li>\n                     <\/ul>\n      \n\n   \t\t<\/div>\n\t\t\t\t<\/div>\n\t\t\t\t\t\t<\/div>\n\t\t\t\t\t<\/div>\n\t\t<\/div>\n\t\t\t\t<div class=\"elementor-column elementor-col-50 elementor-top-column elementor-element elementor-element-a864b63\" data-id=\"a864b63\" data-element_type=\"column\" data-settings=\"{&quot;background_background&quot;:&quot;classic&quot;}\">\n\t\t\t<div class=\"elementor-column-wrap\">\n\t\t\t\t\t\t\t<div class=\"elementor-widget-wrap\">\n\t\t\t\t\t\t\t\t<\/div>\n\t\t\t\t\t<\/div>\n\t\t<\/div>\n\t\t\t\t\t\t\t\t<\/div>\n\t\t\t\t\t<\/div>\n\t\t<\/section>\n\t\t\t\t<section class=\"elementor-section elementor-top-section elementor-element elementor-element-12e5a46 elementor-section-full_width elementor-section-height-default elementor-section-height-default\" data-id=\"12e5a46\" data-element_type=\"section\">\n\t\t\t\t\t\t<div class=\"elementor-container elementor-column-gap-no\">\n\t\t\t\t\t\t\t<div class=\"elementor-row\">\n\t\t\t\t\t<div class=\"elementor-column elementor-col-50 elementor-top-column elementor-element elementor-element-454329e\" data-id=\"454329e\" data-element_type=\"column\" data-settings=\"{&quot;background_background&quot;:&quot;classic&quot;}\">\n\t\t\t<div class=\"elementor-column-wrap\">\n\t\t\t\t\t\t\t<div class=\"elementor-widget-wrap\">\n\t\t\t\t\t\t\t\t<\/div>\n\t\t\t\t\t<\/div>\n\t\t<\/div>\n\t\t\t\t<div class=\"elementor-column elementor-col-50 elementor-top-column elementor-element elementor-element-2d4cdaf\" data-id=\"2d4cdaf\" data-element_type=\"column\" data-settings=\"{&quot;background_background&quot;:&quot;classic&quot;}\">\n\t\t\t<div class=\"elementor-column-wrap elementor-element-populated\">\n\t\t\t\t\t\t\t<div class=\"elementor-widget-wrap\">\n\t\t\t\t\t\t<div class=\"elementor-element elementor-element-4e0d9c4 elementor-widget elementor-widget-heading\" data-id=\"4e0d9c4\" data-element_type=\"widget\" data-widget_type=\"heading.default\">\n\t\t\t\t<div class=\"elementor-widget-container\">\n\t\t\t<h2 class=\"elementor-heading-title elementor-size-default\">21-denn\u00ed tr\u00e9ninkov\u00fd pl\u00e1n pro zadek k nakousnut\u00ed zdarma \u2013 DOM\u00c1C\u00cd cvi\u010debn\u00ed program<\/h2>\t\t<\/div>\n\t\t\t\t<\/div>\n\t\t\t\t<div class=\"elementor-element elementor-element-8c19e1d elementor-widget elementor-widget-text-editor\" data-id=\"8c19e1d\" data-element_type=\"widget\" data-widget_type=\"text-editor.default\">\n\t\t\t\t<div class=\"elementor-widget-container\">\n\t\t\t\t\t\t\t\t<div class=\"elementor-text-editor elementor-clearfix\">\n\t\t\t\t<h4>E-BOOK<\/h4><p>\u00a0<\/p><p>N\u00e1\u0161 \u201c21-denn\u00ed cvi\u010debn\u00ed pl\u00e1n pro zadek k nakousnut\u00ed\u201d je digit\u00e1ln\u00ed cvi\u010debn\u00ed program, kter\u00fd m\u016f\u017eete d\u011blat doma (nebo kdekoli chcete!) pomoc\u00ed Booty Goals Band. Tento cvi\u010debn\u00ed program je speci\u00e1ln\u011b navr\u017een tak, aby V\u00e1m pomohl vyformovat sv\u016fdn\u00fd zade\u010dek, t\u00f3novan\u00e9 nohy a k\u0159ivky \u2013 a to v\u0161e trv\u00e1 jen 15 minut denn\u011b. Pro dosa\u017een\u00ed viditeln\u00fdch a ohromuj\u00edc\u00edch v\u00fdsledk\u016f.<\/p>\t\t\t\t\t<\/div>\n\t\t\t\t\t\t<\/div>\n\t\t\t\t<\/div>\n\t\t\t\t\t\t<\/div>\n\t\t\t\t\t<\/div>\n\t\t<\/div>\n\t\t\t\t\t\t\t\t<\/div>\n\t\t\t\t\t<\/div>\n\t\t<\/section>\n\t\t\t\t<section class=\"elementor-section elementor-top-section elementor-element elementor-element-f1abd56 elementor-section-boxed elementor-section-height-default elementor-section-height-default\" data-id=\"f1abd56\" data-element_type=\"section\">\n\t\t\t\t\t\t<div class=\"elementor-container elementor-column-gap-default\">\n\t\t\t\t\t\t\t<div class=\"elementor-row\">\n\t\t\t\t\t<div class=\"elementor-column elementor-col-100 elementor-top-column elementor-element elementor-element-dc02a45\" data-id=\"dc02a45\" data-element_type=\"column\">\n\t\t\t<div class=\"elementor-column-wrap elementor-element-populated\">\n\t\t\t\t\t\t\t<div class=\"elementor-widget-wrap\">\n\t\t\t\t\t\t<div class=\"elementor-element elementor-element-37a751d elementor-widget elementor-widget-custom_title\" data-id=\"37a751d\" data-element_type=\"widget\" data-widget_type=\"custom_title.default\">\n\t\t\t\t<div class=\"elementor-widget-container\">\n\t\t\t      <!-- border_title center_border -->\n      \n               <div class=\"custom_title\"  >\n            <h2 class=\"title  \"><span>P\u0159i objedn\u00e1n\u00ed sady Booty Goals Band dostanete ZDARMA:<\/span> <\/h2>\n         <\/div>\n      \n\n   \t\t<\/div>\n\t\t\t\t<\/div>\n\t\t\t\t<div class=\"elementor-element elementor-element-427ecdc elementor-widget elementor-widget-image\" data-id=\"427ecdc\" data-element_type=\"widget\" data-widget_type=\"image.default\">\n\t\t\t\t<div class=\"elementor-widget-container\">\n\t\t\t\t\t\t\t\t<div class=\"elementor-image\">\n\t\t\t\t\t\t\t\t\t\t\t\t<img width=\"600\" height=\"149\" src=\"https:\/\/testing.wowtea.eu\/cz\/files\/2021\/01\/products_combo-2.jpg\" class=\"attachment-large size-large wp-image-88700\" alt=\"\" loading=\"lazy\" srcset=\"https:\/\/testing.wowtea.eu\/cz\/files\/2021\/01\/products_combo-2.jpg 600w, https:\/\/testing.wowtea.eu\/cz\/files\/2021\/01\/products_combo-2-300x75.jpg 300w, https:\/\/testing.wowtea.eu\/cz\/files\/2021\/01\/products_combo-2-100x25.jpg 100w\" sizes=\"(max-width: 600px) 100vw, 600px\" \/>\t\t\t\t\t\t\t\t\t\t\t\t\t\t<\/div>\n\t\t\t\t\t\t<\/div>\n\t\t\t\t<\/div>\n\t\t\t\t<div class=\"elementor-element elementor-element-b3a8d19 elementor-widget elementor-widget-text-editor\" data-id=\"b3a8d19\" data-element_type=\"widget\" data-widget_type=\"text-editor.default\">\n\t\t\t\t<div class=\"elementor-widget-container\">\n\t\t\t\t\t\t\t\t<div class=\"elementor-text-editor elementor-clearfix\">\n\t\t\t\t<p>Elegantn\u00ed pouzdro pro Va\u0161i Booty Goals Bands \u2013 pou\u017e\u00edvejte ji v pohodl\u00ed domova nebo si ji vezm\u011bte kamkoli s sebou a nenechte si uj\u00edt \u017e\u00e1dn\u00fd tr\u00e9nink!<\/p><p>21-denn\u00ed tr\u00e9ninkov\u00fd pl\u00e1n pro zadek k nakousnut\u00ed zdarma \u2013 DOM\u00c1C\u00cd cvi\u010debn\u00ed program<\/p>\t\t\t\t\t<\/div>\n\t\t\t\t\t\t<\/div>\n\t\t\t\t<\/div>\n\t\t\t\t\t\t<\/div>\n\t\t\t\t\t<\/div>\n\t\t<\/div>\n\t\t\t\t\t\t\t\t<\/div>\n\t\t\t\t\t<\/div>\n\t\t<\/section>\n\t\t\t\t\t\t\t\t\t<\/div>\n\t\t\t<\/div>\n\t\t\t\t\t<\/div>\n\t\t","protected":false},"excerpt":{"rendered":"<h4 class=\"vc_custom_heading text-u vc_custom_1575298970833 text-u urus_vc_custom_5f7aec27ce380 vc_custom_1575298970833\" style=\"text-align: center\">ODPOROV\u00c1 GUMA<\/h4>\n<div class=\"vc_row wpb_row vc_inner vc_row-fluid\" style=\"text-align: center\">\n<div class=\"wpb_column vc_column_container vc_col-sm-12\">\n<div class=\"vc_column-inner\">\n<div class=\"wpb_wrapper\">\n<div class=\"wpb_text_column wpb_content_element urus_vc_custom_5f7aec27ce3f9 \">\n<div class=\"wpb_wrapper\">\n<p><span class=\"face\">\u2661\u00a0<\/span><strong style=\"color: #b485b2\">Booty Goals Band Lvl 1<\/strong><br \/>\n<span class=\"face\">\u2661\u00a0<\/span><strong style=\"color: #b485b2\">Booty Goals Band Lvl 2<\/strong><\/p>\n<h4>Nej\u00fa\u010dinn\u011bj\u0161\u00ed DOM\u00c1C\u00cd cvi\u010den\u00ed pro zadek k nakousnut\u00ed<\/h4>\n<p><span class=\"face\">\u2661 <\/span><strong style=\"color: #4c4c4c\">Vyformujte si brazilsk\u00fd zadek<\/strong><br \/>\n<span class=\"face\">\u2661 <\/span><strong style=\"color: #4c4c4c\">Vyformujte si kr\u00e1sn\u00e1 stehna<\/strong><br \/>\n<span class=\"face\">\u2661 <\/span><strong style=\"color: #4c4c4c\">Z\u00edskejte sexy nohy a k\u0159ivky<\/strong><\/p>\n<\/div>\n<\/div>\n<\/div>\n<\/div>\n<\/div>\n<\/div>\n<h1 class=\"vc_custom_heading urus_vc_custom_5f7aec27ce471\" style=\"text-align: center;color: #c6558c;font-size: 22px\">+ E-BOOK 21-denn\u00ed tr\u00e9ninkov\u00fd pl\u00e1n pro zadek k nakousnut\u00ed zdarma &#8211; DOM\u00c1C\u00cd cvi\u010debn\u00ed program<\/h1>\n<div class=\"vc_row wpb_row vc_inner vc_row-fluid\">\n<div class=\"wpb_column vc_column_container vc_col-sm-12\">\n<div class=\"vc_column-inner\">\n<div class=\"wpb_wrapper\">\n<div class=\"wpb_text_column wpb_content_element urus_vc_custom_5f7aec27ce4ad \">\n<div class=\"wpb_wrapper\">\n<p style=\"text-align: center\"><span class=\"face\">*<\/span>Tento cvi\u010debn\u00ed pl\u00e1n bude zasl\u00e1n na V\u00e1\u0161 e-mail jako soubor PDF po objedn\u00e1n\u00ed sady Booty Goals Band Set!<\/p>\n<\/div>\n<\/div>\n<\/div>\n<\/div>\n<\/div>\n<\/div>\n","protected":false},"featured_media":88680,"comment_status":"closed","ping_status":"closed","template":"","meta":{"inline_featured_image":false},"product_cat":[94],"product_tag":[270],"acf":[],"variations_data":{"104062":{"id":104062,"name":"BOOTY GOALS BAND COMBO","slug":"booty-goals-band-combo","date_created":{"date":"2021-04-27 12:58:27.000000","timezone_type":3,"timezone":"Europe\/Prague"},"date_modified":{"date":"2024-03-26 06:32:24.000000","timezone_type":3,"timezone":"Europe\/Prague"},"status":"publish","featured":false,"catalog_visibility":"visible","description":"","short_description":"","sku":"WOW-S-BL1BL2","price":"589","regular_price":"589","sale_price":"","date_on_sale_from":null,"date_on_sale_to":null,"total_sales":"0","tax_status":"taxable","tax_class":"parent","manage_stock":false,"stock_quantity":null,"stock_status":"instock","backorders":"no","low_stock_amount":"","sold_individually":false,"weight":"","length":"","width":"","height":"","upsell_ids":[],"cross_sell_ids":[],"parent_id":88679,"reviews_allowed":false,"purchase_note":"","attributes":{"pa_bands-upsells":"booty-goals-band-combo"},"default_attributes":[],"menu_order":1,"post_password":"","virtual":false,"downloadable":false,"category_ids":[],"tag_ids":[],"shipping_class_id":0,"downloads":[],"image_id":88727,"gallery_image_ids":[],"download_limit":-1,"download_expiry":-1,"rating_counts":[],"average_rating":0,"review_count":0,"attribute_summary":"bands-upsells: BOOTY GOALS BAND COMBO","meta_data":[{"id":886168,"key":"_gtin","value":""},{"id":886169,"key":"_variable_text_field_1","value":"Elastick\u00fd gumi\u010dky na cvi\u010den\u00ed | Booty Bands | Guma na posilov\u00e1n\u00ed h\u00fd\u017ed\u00ed s 21-denn\u00edm tr\u00e9ninkov\u00fdm pl\u00e1nem | 100% bavlna - WOW TEA"},{"id":886170,"key":"_variable_text_field_2","value":"Elastick\u00fd gumi\u010dky na cvi\u010den\u00ed - Sada fitness gum pro formov\u00e1n\u00ed nohy, stehen, h\u00fd\u017ed\u00ed s dom\u00e1c\u00edm tr\u00e9ninkov\u00fdm pl\u00e1nem. Z\u00edskejte 21-denn\u00ed tr\u00e9ninkov\u00fd program zdarma, abyste dos\u00e1hli sv\u00e9 fitness c\u00edl\u016f"},{"id":886171,"key":"_variable_text_field_3","value":""},{"id":886172,"key":"fstr-p-sub","value":""}],"price_html":"<span class=\"woocommerce-Price-amount amount\"><bdi>589&nbsp;<span class=\"woocommerce-Price-currencySymbol\">&#75;&#269;<\/span><\/bdi><\/span>","image":"<img width=\"300\" height=\"300\" src=\"https:\/\/testing.wowtea.eu\/cz\/files\/2021\/01\/Product-images-combo-600x600-1-300x300-1.png\" class=\"attachment-woocommerce_thumbnail size-woocommerce_thumbnail\" alt=\"\" loading=\"lazy\" srcset=\"https:\/\/testing.wowtea.eu\/cz\/files\/2021\/01\/Product-images-combo-600x600-1-300x300-1.png 300w, https:\/\/testing.wowtea.eu\/cz\/files\/2021\/01\/Product-images-combo-600x600-1-300x300-1-150x150.png 150w, https:\/\/testing.wowtea.eu\/cz\/files\/2021\/01\/Product-images-combo-600x600-1-300x300-1-100x100.png 100w, https:\/\/testing.wowtea.eu\/cz\/files\/2021\/01\/Product-images-combo-600x600-1-300x300-1-45x45.png 45w, https:\/\/testing.wowtea.eu\/cz\/files\/2021\/01\/Product-images-combo-600x600-1-300x300-1-60x60.png 60w, https:\/\/testing.wowtea.eu\/cz\/files\/2021\/01\/Product-images-combo-600x600-1-300x300-1-90x90.png 90w\" sizes=\"(max-width: 300px) 100vw, 300px\" \/>","free_delivery":false},"104061":{"id":104061,"name":"2 GOOD TEAM + BOOTY PACK","slug":"2-good-team-booty-goals-band-combo","date_created":{"date":"2021-04-27 12:58:27.000000","timezone_type":3,"timezone":"Europe\/Prague"},"date_modified":{"date":"2024-09-02 06:04:02.000000","timezone_type":3,"timezone":"Europe\/Prague"},"status":"publish","featured":false,"catalog_visibility":"visible","description":"","short_description":"","sku":"WOW-P-SFSLFTBL1BL2","price":"1333.00","regular_price":"1777.00","sale_price":"1333.00","date_on_sale_from":null,"date_on_sale_to":null,"total_sales":"0","tax_status":"taxable","tax_class":"parent","manage_stock":false,"stock_quantity":null,"stock_status":"instock","backorders":"no","low_stock_amount":"","sold_individually":false,"weight":"","length":"","width":"","height":"","upsell_ids":[],"cross_sell_ids":[],"parent_id":88679,"reviews_allowed":false,"purchase_note":"","attributes":{"pa_bands-upsells":"2-good-team-booty-band-combo"},"default_attributes":[],"menu_order":2,"post_password":"","virtual":false,"downloadable":false,"category_ids":[],"tag_ids":[],"shipping_class_id":0,"downloads":[],"image_id":145653,"gallery_image_ids":[],"download_limit":-1,"download_expiry":-1,"rating_counts":[],"average_rating":0,"review_count":0,"attribute_summary":"bands-upsells: 2 GOOD TEAM + BOOTY PACK","meta_data":[{"id":886101,"key":"yst_prominent_words_version","value":"1"},{"id":886158,"key":"_gtin","value":""},{"id":886159,"key":"_variable_text_field_1","value":"Cvi\u010d\u00edc\u00ed guma + \u010caj na hubnut\u00ed + WOW TEA dopln\u011bk stravy | Vysoce kvalitn\u00ed textiln\u00ed guma na cvi\u010den\u00ed \u200b- 100% bavlna"},{"id":886160,"key":"_variable_text_field_2","value":"Cvi\u010d\u00edc\u00ed guma + \u010caj na hubnut\u00ed  - Vyformujte si kr\u00e1sn\u00e9 stehna. Kupte si n\u00e1\u0161 Combo Set na management hmotnosti a dosta\u0148te se do formy s odporov\u00fdmi gumami, \u010dajem na hubnut\u00ed a superfood. 21-denn\u00ed tr\u00e9ninkov\u00fd pl\u00e1n ZDARMA"},{"id":886161,"key":"_variable_text_field_3","value":""},{"id":886162,"key":"fstr-p-sub","value":""},{"id":6143594,"key":"oms_price_updated_at","value":"2024-09-02T04:04:15.135513Z"}],"price_html":"<del aria-hidden=\"true\"><span class=\"woocommerce-Price-amount amount\"><bdi>1,777&nbsp;<span class=\"woocommerce-Price-currencySymbol\">&#75;&#269;<\/span><\/bdi><\/span><\/del> <ins><span class=\"woocommerce-Price-amount amount\"><bdi>1,333&nbsp;<span class=\"woocommerce-Price-currencySymbol\">&#75;&#269;<\/span><\/bdi><\/span><\/ins>","image":"<img width=\"600\" height=\"600\" src=\"https:\/\/testing.wowtea.eu\/cz\/files\/2022\/02\/WOW-P-SFSLFTBL1BL2.png\" class=\"attachment-woocommerce_thumbnail size-woocommerce_thumbnail\" alt=\"\" loading=\"lazy\" srcset=\"https:\/\/testing.wowtea.eu\/cz\/files\/2022\/02\/WOW-P-SFSLFTBL1BL2.png 600w, https:\/\/testing.wowtea.eu\/cz\/files\/2022\/02\/WOW-P-SFSLFTBL1BL2-500x500.png 500w, https:\/\/testing.wowtea.eu\/cz\/files\/2022\/02\/WOW-P-SFSLFTBL1BL2-150x150.png 150w, https:\/\/testing.wowtea.eu\/cz\/files\/2022\/02\/WOW-P-SFSLFTBL1BL2-300x300.png 300w\" sizes=\"(max-width: 600px) 100vw, 600px\" \/>","free_delivery":"Doprava zdarma"},"104063":{"id":104063,"name":"SUPER SLIM ME + BOOTY PACK","slug":"super-slim-me-program-booty-goals-band-combo","date_created":{"date":"2021-04-27 12:58:27.000000","timezone_type":3,"timezone":"Europe\/Prague"},"date_modified":{"date":"2024-09-02 06:04:13.000000","timezone_type":3,"timezone":"Europe\/Prague"},"status":"publish","featured":false,"catalog_visibility":"visible","description":"","short_description":"","sku":"WOW-P-SFSLFTBTBBL1BL2","price":"1698.00","regular_price":"2426.00","sale_price":"1698.00","date_on_sale_from":null,"date_on_sale_to":null,"total_sales":"0","tax_status":"taxable","tax_class":"parent","manage_stock":false,"stock_quantity":null,"stock_status":"instock","backorders":"no","low_stock_amount":"","sold_individually":false,"weight":"","length":"","width":"","height":"","upsell_ids":[],"cross_sell_ids":[],"parent_id":88679,"reviews_allowed":false,"purchase_note":"","attributes":{"pa_bands-upsells":"super-slim-me-program-booty-goals-band-combo"},"default_attributes":[],"menu_order":3,"post_password":"","virtual":false,"downloadable":false,"category_ids":[],"tag_ids":[],"shipping_class_id":0,"downloads":[],"image_id":145652,"gallery_image_ids":[],"download_limit":-1,"download_expiry":-1,"rating_counts":[],"average_rating":0,"review_count":0,"attribute_summary":"bands-upsells: SUPER SLIM ME + BOOTY PACK","meta_data":[{"id":886178,"key":"_gtin","value":""},{"id":886179,"key":"_variable_text_field_1","value":"Guma na posilov\u00e1n\u00ed h\u00fd\u017ed\u00ed+  \u010caj na hubnut\u00ed + WOW TEA dopln\u011bk stravy + \u010cajov\u00e1 l\u00e1hev (\u010dern\u00e1) od WOW TEA | Vysoce kvalitn\u00ed booty bands - 100% bavln"},{"id":886180,"key":"_variable_text_field_2","value":"Guma na posilov\u00e1n\u00ed h\u00fd\u017ed\u00ed+  \u010caj na hubnut\u00ed  - Vyformujte si kr\u00e1sn\u00e9 stehna. Kupte si n\u00e1\u0161 combo set na management hmotnosti a dosta\u0148te se do formy s odporov\u00fdmi gumami, \u010dajem na hubnut\u00ed, superfood a \u010dajovou lahv\u00ed. 21-denn\u00ed tr\u00e9ninkov\u00fd, stravovac\u00ed a yoga pl\u00e1n ZDARMA"},{"id":886181,"key":"_variable_text_field_3","value":""},{"id":886182,"key":"fstr-p-sub","value":""},{"id":6143612,"key":"oms_price_updated_at","value":"2024-09-02T04:04:26.275698Z"}],"price_html":"<del aria-hidden=\"true\"><span class=\"woocommerce-Price-amount amount\"><bdi>2,426&nbsp;<span class=\"woocommerce-Price-currencySymbol\">&#75;&#269;<\/span><\/bdi><\/span><\/del> <ins><span class=\"woocommerce-Price-amount amount\"><bdi>1,698&nbsp;<span class=\"woocommerce-Price-currencySymbol\">&#75;&#269;<\/span><\/bdi><\/span><\/ins>","image":"<img width=\"600\" height=\"600\" src=\"https:\/\/testing.wowtea.eu\/cz\/files\/2022\/02\/WOW-P-SFSLFTBTBBL1BL2.webp\" class=\"attachment-woocommerce_thumbnail size-woocommerce_thumbnail\" alt=\"\" loading=\"lazy\" srcset=\"https:\/\/testing.wowtea.eu\/cz\/files\/2022\/02\/WOW-P-SFSLFTBTBBL1BL2.webp 600w, https:\/\/testing.wowtea.eu\/cz\/files\/2022\/02\/WOW-P-SFSLFTBTBBL1BL2-500x500.webp 500w\" sizes=\"(max-width: 600px) 100vw, 600px\" \/>","free_delivery":"Doprava zdarma"}},"free_delivery":false,"currency_name":"&#75;&#269;","_links":{"self":[{"href":"https:\/\/testing.wowtea.eu\/cz\/wp-json\/wp\/v2\/product\/88679"}],"collection":[{"href":"https:\/\/testing.wowtea.eu\/cz\/wp-json\/wp\/v2\/product"}],"about":[{"href":"https:\/\/testing.wowtea.eu\/cz\/wp-json\/wp\/v2\/types\/product"}],"replies":[{"embeddable":true,"href":"https:\/\/testing.wowtea.eu\/cz\/wp-json\/wp\/v2\/comments?post=88679"}],"version-history":[{"count":0,"href":"https:\/\/testing.wowtea.eu\/cz\/wp-json\/wp\/v2\/product\/88679\/revisions"}],"wp:featuredmedia":[{"embeddable":true,"href":"https:\/\/testing.wowtea.eu\/cz\/wp-json\/wp\/v2\/media\/88680"}],"wp:attachment":[{"href":"https:\/\/testing.wowtea.eu\/cz\/wp-json\/wp\/v2\/media?parent=88679"}],"wp:term":[{"taxonomy":"product_cat","embeddable":true,"href":"https:\/\/testing.wowtea.eu\/cz\/wp-json\/wp\/v2\/product_cat?post=88679"},{"taxonomy":"product_tag","embeddable":true,"href":"https:\/\/testing.wowtea.eu\/cz\/wp-json\/wp\/v2\/product_tag?post=88679"}],"curies":[{"name":"wp","href":"https:\/\/api.w.org\/{rel}","templated":true}]}}