{"id":101991,"date":"2021-06-08T14:27:24","date_gmt":"2021-06-08T13:27:24","guid":{"rendered":"https:\/\/testing.wowtea.eu\/de\/?post_type=product&#038;p=101991"},"modified":"2025-03-25T13:33:54","modified_gmt":"2025-03-25T12:33:54","slug":"summer-reborn","status":"publish","type":"product","link":"https:\/\/testing.wowtea.eu\/de\/product\/summer-reborn\/","title":{"rendered":"Summer Reborn"},"content":{"rendered":"\t\t<div data-elementor-type=\"product-post\" data-elementor-id=\"101991\" class=\"elementor elementor-101991\">\n\t\t\t\t\t\t<div class=\"elementor-inner\">\n\t\t\t\t<div class=\"elementor-section-wrap\">\n\t\t\t\t\t\t\t\t\t<section class=\"elementor-section elementor-top-section elementor-element elementor-element-755c6c2e elementor-section-boxed elementor-section-height-default elementor-section-height-default\" data-id=\"755c6c2e\" data-element_type=\"section\">\n\t\t\t\t\t\t<div class=\"elementor-container elementor-column-gap-default\">\n\t\t\t\t\t\t\t<div class=\"elementor-row\">\n\t\t\t\t\t<div class=\"elementor-column elementor-col-100 elementor-top-column elementor-element elementor-element-7a06b5c7\" data-id=\"7a06b5c7\" data-element_type=\"column\">\n\t\t\t<div class=\"elementor-column-wrap elementor-element-populated\">\n\t\t\t\t\t\t\t<div class=\"elementor-widget-wrap\">\n\t\t\t\t\t\t<div class=\"elementor-element elementor-element-f926a26 elementor-widget elementor-widget-heading\" data-id=\"f926a26\" data-element_type=\"widget\" data-widget_type=\"heading.default\">\n\t\t\t\t<div class=\"elementor-widget-container\">\n\t\t\t<h2 class=\"elementor-heading-title elementor-size-default\">Was kannst du in der Box bekommen?<\/h2>\t\t<\/div>\n\t\t\t\t<\/div>\n\t\t\t\t\t\t<\/div>\n\t\t\t\t\t<\/div>\n\t\t<\/div>\n\t\t\t\t\t\t\t\t<\/div>\n\t\t\t\t\t<\/div>\n\t\t<\/section>\n\t\t\t\t<section class=\"elementor-section elementor-top-section elementor-element elementor-element-50d1c59 elementor-section-full_width elementor-section-height-default elementor-section-height-default\" data-id=\"50d1c59\" data-element_type=\"section\">\n\t\t\t\t\t\t<div class=\"elementor-container elementor-column-gap-no\">\n\t\t\t\t\t\t\t<div class=\"elementor-row\">\n\t\t\t\t\t<div class=\"elementor-column elementor-col-100 elementor-top-column elementor-element elementor-element-7bc1bb4\" data-id=\"7bc1bb4\" data-element_type=\"column\">\n\t\t\t<div class=\"elementor-column-wrap elementor-element-populated\">\n\t\t\t\t\t\t\t<div class=\"elementor-widget-wrap\">\n\t\t\t\t\t\t<div class=\"elementor-element elementor-element-7c08122 elementor-hidden-tablet elementor-hidden-phone elementor-widget elementor-widget-image\" data-id=\"7c08122\" data-element_type=\"widget\" data-widget_type=\"image.default\">\n\t\t\t\t<div class=\"elementor-widget-container\">\n\t\t\t\t\t\t\t\t<div class=\"elementor-image\">\n\t\t\t\t\t\t\t\t\t\t\t\t<img width=\"1920\" height=\"1150\" src=\"https:\/\/testing.wowtea.eu\/de\/files\/2021\/06\/THE-PERFECT-BEACH-DRINK-ummer-detox-D-DE.jpg\" class=\"attachment-full size-full wp-image-102488\" alt=\"\" loading=\"lazy\" srcset=\"https:\/\/testing.wowtea.eu\/de\/files\/2021\/06\/THE-PERFECT-BEACH-DRINK-ummer-detox-D-DE.jpg 1920w, https:\/\/testing.wowtea.eu\/de\/files\/2021\/06\/THE-PERFECT-BEACH-DRINK-ummer-detox-D-DE-300x180.jpg 300w, https:\/\/testing.wowtea.eu\/de\/files\/2021\/06\/THE-PERFECT-BEACH-DRINK-ummer-detox-D-DE-1024x613.jpg 1024w, https:\/\/testing.wowtea.eu\/de\/files\/2021\/06\/THE-PERFECT-BEACH-DRINK-ummer-detox-D-DE-768x460.jpg 768w, https:\/\/testing.wowtea.eu\/de\/files\/2021\/06\/THE-PERFECT-BEACH-DRINK-ummer-detox-D-DE-1536x920.jpg 1536w, https:\/\/testing.wowtea.eu\/de\/files\/2021\/06\/THE-PERFECT-BEACH-DRINK-ummer-detox-D-DE-600x359.jpg 600w\" sizes=\"(max-width: 1920px) 100vw, 1920px\" \/>\t\t\t\t\t\t\t\t\t\t\t\t\t\t<\/div>\n\t\t\t\t\t\t<\/div>\n\t\t\t\t<\/div>\n\t\t\t\t<div class=\"elementor-element elementor-element-ed4bd00 elementor-hidden-desktop elementor-hidden-tablet elementor-widget elementor-widget-image\" data-id=\"ed4bd00\" data-element_type=\"widget\" data-widget_type=\"image.default\">\n\t\t\t\t<div class=\"elementor-widget-container\">\n\t\t\t\t\t\t\t\t<div class=\"elementor-image\">\n\t\t\t\t\t\t\t\t\t\t\t\t<img width=\"460\" height=\"750\" src=\"https:\/\/testing.wowtea.eu\/de\/files\/2021\/06\/THE-PERFECT-BEACH-DRINK-ummer-detox-M-DE.jpg\" class=\"attachment-full size-full wp-image-102487\" alt=\"\" loading=\"lazy\" srcset=\"https:\/\/testing.wowtea.eu\/de\/files\/2021\/06\/THE-PERFECT-BEACH-DRINK-ummer-detox-M-DE.jpg 460w, https:\/\/testing.wowtea.eu\/de\/files\/2021\/06\/THE-PERFECT-BEACH-DRINK-ummer-detox-M-DE-184x300.jpg 184w\" sizes=\"(max-width: 460px) 100vw, 460px\" \/>\t\t\t\t\t\t\t\t\t\t\t\t\t\t<\/div>\n\t\t\t\t\t\t<\/div>\n\t\t\t\t<\/div>\n\t\t\t\t\t\t<\/div>\n\t\t\t\t\t<\/div>\n\t\t<\/div>\n\t\t\t\t\t\t\t\t<\/div>\n\t\t\t\t\t<\/div>\n\t\t<\/section>\n\t\t\t\t<section class=\"elementor-section elementor-top-section elementor-element elementor-element-7d90718 elementor-section-boxed elementor-section-height-default elementor-section-height-default\" data-id=\"7d90718\" data-element_type=\"section\">\n\t\t\t\t\t\t<div class=\"elementor-container elementor-column-gap-default\">\n\t\t\t\t\t\t\t<div class=\"elementor-row\">\n\t\t\t\t\t<div class=\"elementor-column elementor-col-100 elementor-top-column elementor-element elementor-element-5b0167f\" data-id=\"5b0167f\" data-element_type=\"column\">\n\t\t\t<div class=\"elementor-column-wrap elementor-element-populated\">\n\t\t\t\t\t\t\t<div class=\"elementor-widget-wrap\">\n\t\t\t\t\t\t<div class=\"elementor-element elementor-element-c7f183c elementor-widget elementor-widget-html\" data-id=\"c7f183c\" data-element_type=\"widget\" data-widget_type=\"html.default\">\n\t\t\t\t<div class=\"elementor-widget-container\">\n\t\t\t<!-- TrustBox widget - Carousel -->\r\n<div class=\"trustpilot-widget\" data-locale=\"de-DE\" data-template-id=\"53aa8912dec7e10d38f59f36\" data-businessunit-id=\"60029def312cb900013df992\" data-style-height=\"320px\" data-style-width=\"100%\" data-theme=\"light\" data-tags=\"DE\" data-stars=\"1,2,3,4,5\">\r\n  <a href=\"https:\/\/de.trustpilot.com\/review\/testing.wowtea.eu\" target=\"_blank\" rel=\"noopener\">Trustpilot<\/a>\r\n<\/div>\r\n<!-- End TrustBox widget -->\t\t<\/div>\n\t\t\t\t<\/div>\n\t\t\t\t\t\t<\/div>\n\t\t\t\t\t<\/div>\n\t\t<\/div>\n\t\t\t\t\t\t\t\t<\/div>\n\t\t\t\t\t<\/div>\n\t\t<\/section>\n\t\t\t\t\t\t\t\t\t<\/div>\n\t\t\t<\/div>\n\t\t\t\t\t<\/div>\n\t\t","protected":false},"excerpt":{"rendered":"<ul class=\"check_list\">\n<li>\n<h4>Beginnen Sie mit dem ersten Schluck unseres Summer Detox<\/h4>\n<p>mit frischem Zitrusgeschmack und zus\u00e4tzlichen Antioxidantien zu entgiften und zu alkalisieren!<\/li>\n<li>\n<h4>Werden Sie schneller fitter<\/h4>\n<p>mit dem neuen Summer SlimFit, der nach exotischer Mango und duftender Kokosnuss schmeckt.<\/li>\n<li>\n<h4>Steigern Sie Ihre Immunit\u00e4t und Vitalit\u00e4t mit dem<\/h4>\n<p>schmackhaftesten Ayurveda-Rezept, angereichert mit besonders gesunden Kr\u00e4utern und einer Mischung aus saftiger Mango und s\u00fc\u00dfem Pfirsich!<\/li>\n<li>\n<h4>Genie\u00dfen Sie Ihren Sommertee in einer<\/h4>\n<p>umweltfreundlichen Flasche in limitierter Auflage &#8211; die beste Art, Tee zu trinken und gleichzeitig die Umwelt zu schonen!<\/li>\n<\/ul>\n","protected":false},"featured_media":153905,"comment_status":"open","ping_status":"closed","template":"","meta":{"inline_featured_image":false},"product_cat":[494,525],"product_tag":[],"acf":[],"variations_data":{"102027":{"id":102027,"name":"Summer Detox tea + Gelbe Teeflasche","slug":"summer-detox-tea-gelbe-teeflasche-2","date_created":{"date":"2021-06-08 12:33:48.000000","timezone_type":1,"timezone":"+00:00"},"date_modified":{"date":"2025-03-25 12:33:43.000000","timezone_type":1,"timezone":"+00:00"},"status":"publish","featured":false,"catalog_visibility":"visible","description":"","short_description":"","sku":"WOW-P-SETBTY","price":"47.10","regular_price":"55.5","sale_price":"47.10","date_on_sale_from":null,"date_on_sale_to":null,"total_sales":"0","tax_status":"taxable","tax_class":"parent","manage_stock":false,"stock_quantity":null,"stock_status":"instock","backorders":"no","low_stock_amount":"","sold_individually":false,"weight":"","length":"","width":"","height":"","upsell_ids":[],"cross_sell_ids":[],"parent_id":101991,"reviews_allowed":false,"purchase_note":"","attributes":{"pa_summer-products":"summer-detox-tea-gelbe-teeflasche"},"default_attributes":[],"menu_order":1,"post_password":"","virtual":false,"downloadable":false,"category_ids":[],"tag_ids":[],"shipping_class_id":0,"downloads":[],"image_id":153905,"gallery_image_ids":[],"download_limit":-1,"download_expiry":-1,"rating_counts":[],"average_rating":0,"review_count":0,"attribute_summary":"Summer Products: Summer Detox tea + Gelbe Teeflasche","meta_data":[{"id":839396,"key":"yst_prominent_words_version","value":"1"},{"id":839547,"key":"_gtin","value":""},{"id":839548,"key":"_variable_text_field_1","value":"WOW TEA Einzigartig Sommer Detox Tee + Gelb Teeflasche | F\u00fcr effektive Entschlackung. 21-t\u00e4giges Detoxprogramm| 100% Bio Qualit\u00e4t | 150 gr + 550 ml"},{"id":839549,"key":"_variable_text_field_2","value":"Schnell wirkender Sommer Entgiftung-\u0422\u0435\u0435 mit Exotischer Zitrus-Geschmack + Gelbe Teeflasche. Vollgepackt mit antioxidativen Inhaltsstoffen. Beschleunigung des Stoffwechsels. Eliminierung der Giftstoffe. Linderung des Bl\u00e4hbauchs. Er reinigt die Haut und verhindert die Entstehung von Cellulite."},{"id":839550,"key":"_variable_text_field_3","value":""},{"id":839551,"key":"fstr-p-sub","value":""},{"id":1710848,"key":"_sold_variation_individually","value":"no"},{"id":1710849,"key":"_v_label_field","value":""},{"id":2029579,"key":"_ts_gtin","value":""},{"id":2029580,"key":"_ts_mpn","value":""},{"id":2868118,"key":"oms_price_updated_at","value":"2025-03-25 14:13:09"},{"id":2869527,"key":"_old_regular_price","value":"55.5"},{"id":2869528,"key":"_old_sale_price","value":"41.6"}],"price_html":"<del aria-hidden=\"true\"><span class=\"woocommerce-Price-amount amount\"><bdi>55.50&nbsp;<span class=\"woocommerce-Price-currencySymbol\">&euro;<\/span><\/bdi><\/span><\/del> <ins><span class=\"woocommerce-Price-amount amount\"><bdi>47.10&nbsp;<span class=\"woocommerce-Price-currencySymbol\">&euro;<\/span><\/bdi><\/span><\/ins>","image":"<img width=\"600\" height=\"600\" src=\"https:\/\/testing.wowtea.eu\/de\/files\/2024\/05\/WOWTEA-web-PP-Summer-editions-Detox-Upsale-detox-bottle-600x600.png\" class=\"attachment-woocommerce_thumbnail size-woocommerce_thumbnail\" alt=\"\" loading=\"lazy\" srcset=\"https:\/\/testing.wowtea.eu\/de\/files\/2024\/05\/WOWTEA-web-PP-Summer-editions-Detox-Upsale-detox-bottle.png 600w, https:\/\/testing.wowtea.eu\/de\/files\/2024\/05\/WOWTEA-web-PP-Summer-editions-Detox-Upsale-detox-bottle-300x300.png 300w, https:\/\/testing.wowtea.eu\/de\/files\/2024\/05\/WOWTEA-web-PP-Summer-editions-Detox-Upsale-detox-bottle-150x150.png 150w, https:\/\/testing.wowtea.eu\/de\/files\/2024\/05\/WOWTEA-web-PP-Summer-editions-Detox-Upsale-detox-bottle-100x100.png 100w, https:\/\/testing.wowtea.eu\/de\/files\/2024\/05\/WOWTEA-web-PP-Summer-editions-Detox-Upsale-detox-bottle-45x45.png 45w, https:\/\/testing.wowtea.eu\/de\/files\/2024\/05\/WOWTEA-web-PP-Summer-editions-Detox-Upsale-detox-bottle-60x60.png 60w, https:\/\/testing.wowtea.eu\/de\/files\/2024\/05\/WOWTEA-web-PP-Summer-editions-Detox-Upsale-detox-bottle-90x90.png 90w\" sizes=\"(max-width: 600px) 100vw, 600px\" \/>","free_delivery":"Kostenlose lieferung"},"102028":{"id":102028,"name":"Summer SlimFit Tea + Gelbe Teeflasche","slug":"summer-slimfit-tea-gelbe-teeflasche","date_created":{"date":"2021-06-08 12:33:48.000000","timezone_type":1,"timezone":"+00:00"},"date_modified":{"date":"2025-03-25 12:33:43.000000","timezone_type":1,"timezone":"+00:00"},"status":"publish","featured":false,"catalog_visibility":"visible","description":"","short_description":"","sku":"WOW-P-SSTBTY","price":"47.10","regular_price":"55.5","sale_price":"47.10","date_on_sale_from":null,"date_on_sale_to":null,"total_sales":"0","tax_status":"taxable","tax_class":"parent","manage_stock":false,"stock_quantity":null,"stock_status":"instock","backorders":"no","low_stock_amount":"","sold_individually":false,"weight":"","length":"","width":"","height":"","upsell_ids":[],"cross_sell_ids":[],"parent_id":101991,"reviews_allowed":false,"purchase_note":"","attributes":{"pa_summer-products":"summer-slimfit-tea-gelbe-teeflasche"},"default_attributes":[],"menu_order":2,"post_password":"","virtual":false,"downloadable":false,"category_ids":[],"tag_ids":[],"shipping_class_id":0,"downloads":[],"image_id":154258,"gallery_image_ids":[],"download_limit":-1,"download_expiry":-1,"rating_counts":[],"average_rating":0,"review_count":0,"attribute_summary":"Summer Products: Summer SlimFit Tea + Gelbe Teeflasche","meta_data":[{"id":839557,"key":"_gtin","value":""},{"id":839558,"key":"_variable_text_field_1","value":"WOW TEA Einzigartig Sommer SlimFit Tee +Gelb Teeflasche| Schlankheitstee mit 24h-Effekt | 100% naturbelassen in EU | 150 gr +550 ml"},{"id":839559,"key":"_variable_text_field_2","value":"Premium Abnehm-Tee mit Leckerer Sommergeschmack von Mango und Kokosnuss. Mit 13 Zutaten, die helfen bei: Bessere Form; Schneller Meta-Boost; Verbesserte Fettverbrennung; Appetithemmende Wirkung; Eliminiert den aufgebl\u00e4hten Bauch"},{"id":839560,"key":"_variable_text_field_3","value":""},{"id":839561,"key":"fstr-p-sub","value":""},{"id":1710850,"key":"_sold_variation_individually","value":"no"},{"id":1710851,"key":"_v_label_field","value":""},{"id":2029581,"key":"_ts_gtin","value":""},{"id":2029582,"key":"_ts_mpn","value":""},{"id":2868136,"key":"oms_price_updated_at","value":"2025-03-25 14:13:09"},{"id":2869547,"key":"_old_regular_price","value":"55.5"},{"id":2869548,"key":"_old_sale_price","value":"41.6"}],"price_html":"<del aria-hidden=\"true\"><span class=\"woocommerce-Price-amount amount\"><bdi>55.50&nbsp;<span class=\"woocommerce-Price-currencySymbol\">&euro;<\/span><\/bdi><\/span><\/del> <ins><span class=\"woocommerce-Price-amount amount\"><bdi>47.10&nbsp;<span class=\"woocommerce-Price-currencySymbol\">&euro;<\/span><\/bdi><\/span><\/ins>","image":"<img width=\"600\" height=\"600\" src=\"https:\/\/testing.wowtea.eu\/de\/files\/2024\/05\/WOWTEA-web-PP-Summer-editions-Slimfit-Upsale-slimfit-bottle-600x600.png\" class=\"attachment-woocommerce_thumbnail size-woocommerce_thumbnail\" alt=\"\" loading=\"lazy\" srcset=\"https:\/\/testing.wowtea.eu\/de\/files\/2024\/05\/WOWTEA-web-PP-Summer-editions-Slimfit-Upsale-slimfit-bottle.png 600w, https:\/\/testing.wowtea.eu\/de\/files\/2024\/05\/WOWTEA-web-PP-Summer-editions-Slimfit-Upsale-slimfit-bottle-300x300.png 300w, https:\/\/testing.wowtea.eu\/de\/files\/2024\/05\/WOWTEA-web-PP-Summer-editions-Slimfit-Upsale-slimfit-bottle-150x150.png 150w, https:\/\/testing.wowtea.eu\/de\/files\/2024\/05\/WOWTEA-web-PP-Summer-editions-Slimfit-Upsale-slimfit-bottle-100x100.png 100w, https:\/\/testing.wowtea.eu\/de\/files\/2024\/05\/WOWTEA-web-PP-Summer-editions-Slimfit-Upsale-slimfit-bottle-45x45.png 45w, https:\/\/testing.wowtea.eu\/de\/files\/2024\/05\/WOWTEA-web-PP-Summer-editions-Slimfit-Upsale-slimfit-bottle-60x60.png 60w, https:\/\/testing.wowtea.eu\/de\/files\/2024\/05\/WOWTEA-web-PP-Summer-editions-Slimfit-Upsale-slimfit-bottle-90x90.png 90w\" sizes=\"(max-width: 600px) 100vw, 600px\" \/>","free_delivery":"Kostenlose lieferung"},"102029":{"id":102029,"name":"Summer Wellness Tea + Gelbe Teeflasche","slug":"summer-wellness-tea-gelbe-teeflasche-2","date_created":{"date":"2021-06-08 12:33:48.000000","timezone_type":1,"timezone":"+00:00"},"date_modified":{"date":"2025-03-25 12:33:44.000000","timezone_type":1,"timezone":"+00:00"},"status":"publish","featured":false,"catalog_visibility":"visible","description":"","short_description":"","sku":"WOW-P-SWTBTY","price":"47.10","regular_price":"55.5","sale_price":"47.10","date_on_sale_from":null,"date_on_sale_to":null,"total_sales":"0","tax_status":"taxable","tax_class":"parent","manage_stock":false,"stock_quantity":null,"stock_status":"instock","backorders":"no","low_stock_amount":"","sold_individually":false,"weight":"","length":"","width":"","height":"","upsell_ids":[],"cross_sell_ids":[],"parent_id":101991,"reviews_allowed":false,"purchase_note":"","attributes":{"pa_summer-products":"summer-wellness-tea-gelbe-teeflasche"},"default_attributes":[],"menu_order":3,"post_password":"","virtual":false,"downloadable":false,"category_ids":[],"tag_ids":[],"shipping_class_id":0,"downloads":[],"image_id":154399,"gallery_image_ids":[],"download_limit":-1,"download_expiry":-1,"rating_counts":[],"average_rating":0,"review_count":0,"attribute_summary":"Summer Products: Summer Wellness Tea + Gelbe Teeflasche","meta_data":[{"id":839567,"key":"_gtin","value":""},{"id":839568,"key":"_variable_text_field_1","value":""},{"id":839569,"key":"_variable_text_field_2","value":""},{"id":839570,"key":"_variable_text_field_3","value":""},{"id":839571,"key":"fstr-p-sub","value":""},{"id":1710852,"key":"_sold_variation_individually","value":"no"},{"id":1710853,"key":"_v_label_field","value":""},{"id":2029583,"key":"_ts_gtin","value":""},{"id":2029584,"key":"_ts_mpn","value":""},{"id":2868153,"key":"oms_price_updated_at","value":"2025-03-25 14:13:09"},{"id":2869567,"key":"_old_regular_price","value":"55.5"},{"id":2869568,"key":"_old_sale_price","value":"41.6"}],"price_html":"<del aria-hidden=\"true\"><span class=\"woocommerce-Price-amount amount\"><bdi>55.50&nbsp;<span class=\"woocommerce-Price-currencySymbol\">&euro;<\/span><\/bdi><\/span><\/del> <ins><span class=\"woocommerce-Price-amount amount\"><bdi>47.10&nbsp;<span class=\"woocommerce-Price-currencySymbol\">&euro;<\/span><\/bdi><\/span><\/ins>","image":"<img width=\"600\" height=\"600\" src=\"https:\/\/testing.wowtea.eu\/de\/files\/2021\/06\/WOWTEA-web-PP-Summer-editions-Wellness-Upsale-wellnes-bottle-600x600.png\" class=\"attachment-woocommerce_thumbnail size-woocommerce_thumbnail\" alt=\"\" loading=\"lazy\" srcset=\"https:\/\/testing.wowtea.eu\/de\/files\/2021\/06\/WOWTEA-web-PP-Summer-editions-Wellness-Upsale-wellnes-bottle.png 600w, https:\/\/testing.wowtea.eu\/de\/files\/2021\/06\/WOWTEA-web-PP-Summer-editions-Wellness-Upsale-wellnes-bottle-300x300.png 300w, https:\/\/testing.wowtea.eu\/de\/files\/2021\/06\/WOWTEA-web-PP-Summer-editions-Wellness-Upsale-wellnes-bottle-150x150.png 150w, https:\/\/testing.wowtea.eu\/de\/files\/2021\/06\/WOWTEA-web-PP-Summer-editions-Wellness-Upsale-wellnes-bottle-100x100.png 100w, https:\/\/testing.wowtea.eu\/de\/files\/2021\/06\/WOWTEA-web-PP-Summer-editions-Wellness-Upsale-wellnes-bottle-45x45.png 45w, https:\/\/testing.wowtea.eu\/de\/files\/2021\/06\/WOWTEA-web-PP-Summer-editions-Wellness-Upsale-wellnes-bottle-60x60.png 60w, https:\/\/testing.wowtea.eu\/de\/files\/2021\/06\/WOWTEA-web-PP-Summer-editions-Wellness-Upsale-wellnes-bottle-90x90.png 90w\" sizes=\"(max-width: 600px) 100vw, 600px\" \/>","free_delivery":"Kostenlose lieferung"}},"free_delivery":false,"currency_name":"&euro;","_links":{"self":[{"href":"https:\/\/testing.wowtea.eu\/de\/wp-json\/wp\/v2\/product\/101991"}],"collection":[{"href":"https:\/\/testing.wowtea.eu\/de\/wp-json\/wp\/v2\/product"}],"about":[{"href":"https:\/\/testing.wowtea.eu\/de\/wp-json\/wp\/v2\/types\/product"}],"replies":[{"embeddable":true,"href":"https:\/\/testing.wowtea.eu\/de\/wp-json\/wp\/v2\/comments?post=101991"}],"version-history":[{"count":0,"href":"https:\/\/testing.wowtea.eu\/de\/wp-json\/wp\/v2\/product\/101991\/revisions"}],"wp:featuredmedia":[{"embeddable":true,"href":"https:\/\/testing.wowtea.eu\/de\/wp-json\/wp\/v2\/media\/153905"}],"wp:attachment":[{"href":"https:\/\/testing.wowtea.eu\/de\/wp-json\/wp\/v2\/media?parent=101991"}],"wp:term":[{"taxonomy":"product_cat","embeddable":true,"href":"https:\/\/testing.wowtea.eu\/de\/wp-json\/wp\/v2\/product_cat?post=101991"},{"taxonomy":"product_tag","embeddable":true,"href":"https:\/\/testing.wowtea.eu\/de\/wp-json\/wp\/v2\/product_tag?post=101991"}],"curies":[{"name":"wp","href":"https:\/\/api.w.org\/{rel}","templated":true}]}}