{"id":127363,"date":"2022-10-10T15:27:03","date_gmt":"2022-10-10T14:27:03","guid":{"rendered":"https:\/\/testing.wowtea.eu\/de\/?post_type=product&#038;p=127363"},"modified":"2025-03-25T13:34:07","modified_gmt":"2025-03-25T12:34:07","slug":"all-summer-set","status":"publish","type":"product","link":"https:\/\/testing.wowtea.eu\/de\/product\/all-summer-set\/","title":{"rendered":"All Summer Set"},"content":{"rendered":"\t\t<div data-elementor-type=\"product-post\" data-elementor-id=\"127363\" class=\"elementor elementor-127363\">\n\t\t\t\t\t\t<div class=\"elementor-inner\">\n\t\t\t\t<div class=\"elementor-section-wrap\">\n\t\t\t\t\t\t\t\t\t<section class=\"elementor-section elementor-top-section elementor-element elementor-element-f9c70ef elementor-section-full_width elementor-section-height-default elementor-section-height-default\" data-id=\"f9c70ef\" data-element_type=\"section\">\n\t\t\t\t\t\t<div class=\"elementor-container elementor-column-gap-default\">\n\t\t\t\t\t\t\t<div class=\"elementor-row\">\n\t\t\t\t\t<div class=\"elementor-column elementor-col-100 elementor-top-column elementor-element elementor-element-33538d0\" data-id=\"33538d0\" data-element_type=\"column\">\n\t\t\t<div class=\"elementor-column-wrap elementor-element-populated\">\n\t\t\t\t\t\t\t<div class=\"elementor-widget-wrap\">\n\t\t\t\t\t\t<div class=\"elementor-element elementor-element-2bdbdbc elementor-widget elementor-widget-free_plans\" data-id=\"2bdbdbc\" data-element_type=\"widget\" data-widget_type=\"free_plans.default\">\n\t\t\t\t<div class=\"elementor-widget-container\">\n\t\t\t\n               <div class=\"row free_plan_box_wrapper\">\n\t\t\t            <!-- <div class=\"col medium_4\"> -->\n               <div class=\"free_plan_box\">\n                  <div class=\"img_wrap\">\n                     <figure>\n                        <img src=\"https:\/\/testing.wowtea.eu\/de\/files\/2021\/10\/Plans-cover-food-2024.png\" alt=\"<span> + Kostenlose<\/span> Di\u00e4t\">\n                     <\/figure>\n                  <\/div>\n                  <div class=\"content\">\n                     <h4 class=\"icon_title\"><span> + Kostenlose<\/span> Di\u00e4t <small>f\u00fcr alle Bestellungen!<\/small><\/h4>\n                  <\/div>\n               <\/div>\n            <!-- <\/div> -->\n                     <!-- <div class=\"col medium_4\"> -->\n               <div class=\"free_plan_box\">\n                  <div class=\"img_wrap\">\n                     <figure>\n                        <img src=\"https:\/\/testing.wowtea.eu\/de\/files\/2021\/09\/Plans-cover-Traning-2024.png\" alt=\"<span> +  Kostenlose<\/span> Heimtrainingsplan\">\n                     <\/figure>\n                  <\/div>\n                  <div class=\"content\">\n                     <h4 class=\"icon_title\"><span> +  Kostenlose<\/span> Heimtrainingsplan <small>f\u00fcr alle Bestellungen \u00fcber \u20ac 40!<\/small><\/h4>\n                  <\/div>\n               <\/div>\n            <!-- <\/div> -->\n                     <!-- <div class=\"col medium_4\"> -->\n               <div class=\"free_plan_box\">\n                  <div class=\"img_wrap\">\n                     <figure>\n                        <img src=\"https:\/\/testing.wowtea.eu\/de\/files\/2021\/09\/Plans-cover-yoga-2024.png\" alt=\"<span> + Kostenlose<\/span> Yoga-Programm\">\n                     <\/figure>\n                  <\/div>\n                  <div class=\"content\">\n                     <h4 class=\"icon_title\"><span> + Kostenlose<\/span> Yoga-Programm <small>f\u00fcr alle Bestellungen von Wellness Tee!<\/small><\/h4>\n                  <\/div>\n               <\/div>\n            <!-- <\/div> -->\n                  <\/div>\n      \n      \n   \t\t<\/div>\n\t\t\t\t<\/div>\n\t\t\t\t\t\t<\/div>\n\t\t\t\t\t<\/div>\n\t\t<\/div>\n\t\t\t\t\t\t\t\t<\/div>\n\t\t\t\t\t<\/div>\n\t\t<\/section>\n\t\t\t\t<section class=\"elementor-section elementor-top-section elementor-element elementor-element-dc93cab elementor-section-full_width elementor-reverse-mobile elementor-section-height-min-height elementor-section-height-default elementor-section-items-middle\" data-id=\"dc93cab\" data-element_type=\"section\" data-settings=\"{&quot;background_background&quot;:&quot;classic&quot;}\">\n\t\t\t\t\t\t<div class=\"elementor-container elementor-column-gap-no\">\n\t\t\t\t\t\t\t<div class=\"elementor-row\">\n\t\t\t\t\t<div class=\"elementor-column elementor-col-50 elementor-top-column elementor-element elementor-element-20ad35f\" data-id=\"20ad35f\" data-element_type=\"column\">\n\t\t\t<div class=\"elementor-column-wrap elementor-element-populated\">\n\t\t\t\t\t\t\t<div class=\"elementor-widget-wrap\">\n\t\t\t\t\t\t<div class=\"elementor-element elementor-element-c57fea7 elementor-widget elementor-widget-spacer\" data-id=\"c57fea7\" data-element_type=\"widget\" data-widget_type=\"spacer.default\">\n\t\t\t\t<div class=\"elementor-widget-container\">\n\t\t\t\t\t<div class=\"elementor-spacer\">\n\t\t\t<div class=\"elementor-spacer-inner\"><\/div>\n\t\t<\/div>\n\t\t\t\t<\/div>\n\t\t\t\t<\/div>\n\t\t\t\t\t\t<\/div>\n\t\t\t\t\t<\/div>\n\t\t<\/div>\n\t\t\t\t<div class=\"elementor-column elementor-col-50 elementor-top-column elementor-element elementor-element-965744e\" data-id=\"965744e\" data-element_type=\"column\">\n\t\t\t<div class=\"elementor-column-wrap elementor-element-populated\">\n\t\t\t\t\t\t\t<div class=\"elementor-widget-wrap\">\n\t\t\t\t\t\t<div class=\"elementor-element elementor-element-4efa643 elementor-widget elementor-widget-heading\" data-id=\"4efa643\" data-element_type=\"widget\" data-widget_type=\"heading.default\">\n\t\t\t\t<div class=\"elementor-widget-container\">\n\t\t\t<h2 class=\"elementor-heading-title elementor-size-default\">\"Alle 3 tropischen Geschmacksrichtungen sind gro\u00dfartig und meine <span style=\"background-color:#FFFACD\">neue Sommerflasche ist der absolute Renner am Strand!<\/span>\"<\/h2>\t\t<\/div>\n\t\t\t\t<\/div>\n\t\t\t\t\t\t<\/div>\n\t\t\t\t\t<\/div>\n\t\t<\/div>\n\t\t\t\t\t\t\t\t<\/div>\n\t\t\t\t\t<\/div>\n\t\t<\/section>\n\t\t\t\t<section class=\"elementor-section elementor-top-section elementor-element elementor-element-5f11bf4 elementor-section-boxed elementor-section-height-default elementor-section-height-default\" data-id=\"5f11bf4\" data-element_type=\"section\">\n\t\t\t\t\t\t<div class=\"elementor-container elementor-column-gap-no\">\n\t\t\t\t\t\t\t<div class=\"elementor-row\">\n\t\t\t\t\t<div class=\"elementor-column elementor-col-100 elementor-top-column elementor-element elementor-element-a2d9789\" data-id=\"a2d9789\" data-element_type=\"column\">\n\t\t\t<div class=\"elementor-column-wrap elementor-element-populated\">\n\t\t\t\t\t\t\t<div class=\"elementor-widget-wrap\">\n\t\t\t\t\t\t<div class=\"elementor-element elementor-element-5ab1c74 elementor-widget elementor-widget-text-editor\" data-id=\"5ab1c74\" data-element_type=\"widget\" data-widget_type=\"text-editor.default\">\n\t\t\t\t<div class=\"elementor-widget-container\">\n\t\t\t\t\t\t\t\t<div class=\"elementor-text-editor elementor-clearfix\">\n\t\t\t\t<p style=\"text-align: center; color: crimson; font-size: 40px;\">Was ist in der Packung?<\/p>\t\t\t\t\t<\/div>\n\t\t\t\t\t\t<\/div>\n\t\t\t\t<\/div>\n\t\t\t\t\t\t<\/div>\n\t\t\t\t\t<\/div>\n\t\t<\/div>\n\t\t\t\t\t\t\t\t<\/div>\n\t\t\t\t\t<\/div>\n\t\t<\/section>\n\t\t\t\t<section class=\"elementor-section elementor-top-section elementor-element elementor-element-f1797a0 elementor-section-full_width elementor-section-height-min-height elementor-section-height-default elementor-section-items-middle\" data-id=\"f1797a0\" data-element_type=\"section\" data-settings=\"{&quot;background_background&quot;:&quot;classic&quot;}\">\n\t\t\t\t\t\t<div class=\"elementor-container elementor-column-gap-no\">\n\t\t\t\t\t\t\t<div class=\"elementor-row\">\n\t\t\t\t\t<div class=\"elementor-column elementor-col-100 elementor-top-column elementor-element elementor-element-68351a3\" data-id=\"68351a3\" data-element_type=\"column\" data-settings=\"{&quot;background_background&quot;:&quot;classic&quot;}\">\n\t\t\t<div class=\"elementor-column-wrap\">\n\t\t\t\t\t\t\t<div class=\"elementor-widget-wrap\">\n\t\t\t\t\t\t\t\t<\/div>\n\t\t\t\t\t<\/div>\n\t\t<\/div>\n\t\t\t\t\t\t\t\t<\/div>\n\t\t\t\t\t<\/div>\n\t\t<\/section>\n\t\t\t\t<section class=\"elementor-section elementor-top-section elementor-element elementor-element-17675c9 elementor-hidden-desktop elementor-hidden-tablet elementor-hidden-mobile elementor-section-boxed elementor-section-height-default elementor-section-height-default\" data-id=\"17675c9\" data-element_type=\"section\">\n\t\t\t\t\t\t<div class=\"elementor-container elementor-column-gap-default\">\n\t\t\t\t\t\t\t<div class=\"elementor-row\">\n\t\t\t\t\t<div class=\"elementor-column elementor-col-100 elementor-top-column elementor-element elementor-element-9fe8cf7\" data-id=\"9fe8cf7\" data-element_type=\"column\">\n\t\t\t<div class=\"elementor-column-wrap elementor-element-populated\">\n\t\t\t\t\t\t\t<div class=\"elementor-widget-wrap\">\n\t\t\t\t\t\t<div class=\"elementor-element elementor-element-38ab476 elementor-widget elementor-widget-custom_title\" data-id=\"38ab476\" data-element_type=\"widget\" data-widget_type=\"custom_title.default\">\n\t\t\t\t<div class=\"elementor-widget-container\">\n\t\t\t      <!-- border_title center_border -->\n      \n               <div class=\"custom_title\"  >\n            <h2 class=\"title border_title center \"><span>\u0437\u0430 \u043c\u0430\u043a\u0441\u0438\u043c\u0430\u043b\u043d\u0438 \u0440\u0435\u0437\u0443\u043b\u0442\u0430\u0442\u0438<\/span> <\/h2>\n         <\/div>\n      \n\n   \t\t<\/div>\n\t\t\t\t<\/div>\n\t\t\t\t\t\t<\/div>\n\t\t\t\t\t<\/div>\n\t\t<\/div>\n\t\t\t\t\t\t\t\t<\/div>\n\t\t\t\t\t<\/div>\n\t\t<\/section>\n\t\t\t\t<section class=\"elementor-section elementor-top-section elementor-element elementor-element-51dbf53 elementor-section-height-min-height elementor-hidden-tablet elementor-hidden-phone elementor-section-full_width elementor-section-height-default elementor-section-items-middle\" data-id=\"51dbf53\" data-element_type=\"section\" data-settings=\"{&quot;background_background&quot;:&quot;classic&quot;}\">\n\t\t\t\t\t\t\t<div class=\"elementor-background-overlay\"><\/div>\n\t\t\t\t\t\t\t<div class=\"elementor-container elementor-column-gap-no\">\n\t\t\t\t\t\t\t<div class=\"elementor-row\">\n\t\t\t\t\t<div class=\"elementor-column elementor-col-50 elementor-top-column elementor-element elementor-element-1c0633b\" data-id=\"1c0633b\" data-element_type=\"column\" data-settings=\"{&quot;background_background&quot;:&quot;classic&quot;}\">\n\t\t\t<div class=\"elementor-column-wrap\">\n\t\t\t\t\t\t\t<div class=\"elementor-widget-wrap\">\n\t\t\t\t\t\t\t\t<\/div>\n\t\t\t\t\t<\/div>\n\t\t<\/div>\n\t\t\t\t<div class=\"elementor-column elementor-col-50 elementor-top-column elementor-element elementor-element-248766d\" data-id=\"248766d\" data-element_type=\"column\">\n\t\t\t<div class=\"elementor-column-wrap elementor-element-populated\">\n\t\t\t\t\t\t\t<div class=\"elementor-widget-wrap\">\n\t\t\t\t\t\t<div class=\"elementor-element elementor-element-76fa0c9 elementor-widget elementor-widget-heading\" data-id=\"76fa0c9\" data-element_type=\"widget\" data-widget_type=\"heading.default\">\n\t\t\t\t<div class=\"elementor-widget-container\">\n\t\t\t<h2 class=\"elementor-heading-title elementor-size-default\">einfache Zubereitung<\/h2>\t\t<\/div>\n\t\t\t\t<\/div>\n\t\t\t\t\t\t<\/div>\n\t\t\t\t\t<\/div>\n\t\t<\/div>\n\t\t\t\t\t\t\t\t<\/div>\n\t\t\t\t\t<\/div>\n\t\t<\/section>\n\t\t\t\t<section class=\"elementor-section elementor-top-section elementor-element elementor-element-c3aa800 elementor-section-full_width elementor-section-height-min-height elementor-hidden-desktop elementor-hidden-tablet elementor-section-height-default elementor-section-items-middle\" data-id=\"c3aa800\" data-element_type=\"section\" data-settings=\"{&quot;background_background&quot;:&quot;classic&quot;}\">\n\t\t\t\t\t\t\t<div class=\"elementor-background-overlay\"><\/div>\n\t\t\t\t\t\t\t<div class=\"elementor-container elementor-column-gap-no\">\n\t\t\t\t\t\t\t<div class=\"elementor-row\">\n\t\t\t\t\t<div class=\"elementor-column elementor-col-100 elementor-top-column elementor-element elementor-element-2d8d5c5\" data-id=\"2d8d5c5\" data-element_type=\"column\">\n\t\t\t<div class=\"elementor-column-wrap elementor-element-populated\">\n\t\t\t\t\t\t\t<div class=\"elementor-widget-wrap\">\n\t\t\t\t\t\t<div class=\"elementor-element elementor-element-758b426 elementor-widget elementor-widget-heading\" data-id=\"758b426\" data-element_type=\"widget\" data-widget_type=\"heading.default\">\n\t\t\t\t<div class=\"elementor-widget-container\">\n\t\t\t<h2 class=\"elementor-heading-title elementor-size-default\">einfache Zubereitung<\/h2>\t\t<\/div>\n\t\t\t\t<\/div>\n\t\t\t\t<div class=\"elementor-element elementor-element-6855b70 elementor-widget elementor-widget-image\" data-id=\"6855b70\" data-element_type=\"widget\" data-widget_type=\"image.default\">\n\t\t\t\t<div class=\"elementor-widget-container\">\n\t\t\t\t\t\t\t\t<div class=\"elementor-image\">\n\t\t\t\t\t\t\t\t\t\t\t\t<img width=\"460\" height=\"600\" src=\"https:\/\/testing.wowtea.eu\/de\/files\/2022\/10\/How-to-prepare-mobile-1.jpg\" class=\"attachment-large size-large wp-image-134707\" alt=\"\" loading=\"lazy\" srcset=\"https:\/\/testing.wowtea.eu\/de\/files\/2022\/10\/How-to-prepare-mobile-1.jpg 460w, https:\/\/testing.wowtea.eu\/de\/files\/2022\/10\/How-to-prepare-mobile-1-230x300.jpg 230w, https:\/\/testing.wowtea.eu\/de\/files\/2022\/10\/How-to-prepare-mobile-1-77x100.jpg 77w\" sizes=\"(max-width: 460px) 100vw, 460px\" \/>\t\t\t\t\t\t\t\t\t\t\t\t\t\t<\/div>\n\t\t\t\t\t\t<\/div>\n\t\t\t\t<\/div>\n\t\t\t\t\t\t<\/div>\n\t\t\t\t\t<\/div>\n\t\t<\/div>\n\t\t\t\t\t\t\t\t<\/div>\n\t\t\t\t\t<\/div>\n\t\t<\/section>\n\t\t\t\t<section class=\"elementor-section elementor-top-section elementor-element elementor-element-b7b3317 elementor-section-full_width elementor-section-height-default elementor-section-height-default\" data-id=\"b7b3317\" data-element_type=\"section\">\n\t\t\t\t\t\t<div class=\"elementor-container elementor-column-gap-no\">\n\t\t\t\t\t\t\t<div class=\"elementor-row\">\n\t\t\t\t\t<div class=\"elementor-column elementor-col-100 elementor-top-column elementor-element elementor-element-c2e7770\" data-id=\"c2e7770\" data-element_type=\"column\">\n\t\t\t<div class=\"elementor-column-wrap elementor-element-populated\">\n\t\t\t\t\t\t\t<div class=\"elementor-widget-wrap\">\n\t\t\t\t\t\t<div class=\"elementor-element elementor-element-1aa6dad elementor-widget elementor-widget-image\" data-id=\"1aa6dad\" data-element_type=\"widget\" data-widget_type=\"image.default\">\n\t\t\t\t<div class=\"elementor-widget-container\">\n\t\t\t\t\t\t\t\t<div class=\"elementor-image\">\n\t\t\t\t\t\t\t\t\t\t\t\t<img src=\"https:\/\/testing.wowtea.eu\/wp-content\/uploads\/2022\/09\/mmm...too-good-summer-D.svg\" title=\"\" alt=\"\" loading=\"lazy\" \/>\t\t\t\t\t\t\t\t\t\t\t\t\t\t<\/div>\n\t\t\t\t\t\t<\/div>\n\t\t\t\t<\/div>\n\t\t\t\t\t\t<\/div>\n\t\t\t\t\t<\/div>\n\t\t<\/div>\n\t\t\t\t\t\t\t\t<\/div>\n\t\t\t\t\t<\/div>\n\t\t<\/section>\n\t\t\t\t<section class=\"elementor-section elementor-top-section elementor-element elementor-element-3badf4d elementor-hidden-desktop elementor-hidden-tablet elementor-hidden-mobile elementor-section-boxed elementor-section-height-default elementor-section-height-default\" data-id=\"3badf4d\" data-element_type=\"section\">\n\t\t\t\t\t\t<div class=\"elementor-container elementor-column-gap-default\">\n\t\t\t\t\t\t\t<div class=\"elementor-row\">\n\t\t\t\t\t<div class=\"elementor-column elementor-col-100 elementor-top-column elementor-element elementor-element-fc336b1\" data-id=\"fc336b1\" data-element_type=\"column\">\n\t\t\t<div class=\"elementor-column-wrap elementor-element-populated\">\n\t\t\t\t\t\t\t<div class=\"elementor-widget-wrap\">\n\t\t\t\t\t\t<div class=\"elementor-element elementor-element-6abaff5 elementor-widget elementor-widget-custom_title\" data-id=\"6abaff5\" data-element_type=\"widget\" data-widget_type=\"custom_title.default\">\n\t\t\t\t<div class=\"elementor-widget-container\">\n\t\t\t      <!-- border_title center_border -->\n      \n               <div class=\"custom_title\"  >\n            <h2 class=\"title border_title center \"><span>\u0417\u0410\u0429\u041e \u041d\u0410\u0428\u0418\u0422\u0415 \u041c\u041e\u041c\u0418\u0427\u0415\u0422\u0410 \u0413\u041e \u041e\u0411\u0418\u0427\u0410\u0422?<\/span> <\/h2>\n         <\/div>\n      \n\n   \t\t<\/div>\n\t\t\t\t<\/div>\n\t\t\t\t\t\t<\/div>\n\t\t\t\t\t<\/div>\n\t\t<\/div>\n\t\t\t\t\t\t\t\t<\/div>\n\t\t\t\t\t<\/div>\n\t\t<\/section>\n\t\t\t\t<section class=\"elementor-section elementor-top-section elementor-element elementor-element-d9a08b7 elementor-section-full_width elementor-section-height-default elementor-section-height-default\" data-id=\"d9a08b7\" data-element_type=\"section\">\n\t\t\t\t\t\t<div class=\"elementor-container elementor-column-gap-no\">\n\t\t\t\t\t\t\t<div class=\"elementor-row\">\n\t\t\t\t\t<div class=\"elementor-column elementor-col-100 elementor-top-column elementor-element elementor-element-5087ac9\" data-id=\"5087ac9\" data-element_type=\"column\">\n\t\t\t<div class=\"elementor-column-wrap elementor-element-populated\">\n\t\t\t\t\t\t\t<div class=\"elementor-widget-wrap\">\n\t\t\t\t\t\t<section class=\"elementor-section elementor-inner-section elementor-element elementor-element-349c9b7 elementor-section-full_width elementor-hidden-phone elementor-section-height-default elementor-section-height-default\" data-id=\"349c9b7\" data-element_type=\"section\">\n\t\t\t\t\t\t<div class=\"elementor-container elementor-column-gap-no\">\n\t\t\t\t\t\t\t<div class=\"elementor-row\">\n\t\t\t\t\t<div class=\"elementor-column elementor-col-100 elementor-inner-column elementor-element elementor-element-9252d5e\" data-id=\"9252d5e\" data-element_type=\"column\">\n\t\t\t<div class=\"elementor-column-wrap elementor-element-populated\">\n\t\t\t\t\t\t\t<div class=\"elementor-widget-wrap\">\n\t\t\t\t\t\t<div class=\"elementor-element elementor-element-90605a6 elementor-widget elementor-widget-image\" data-id=\"90605a6\" data-element_type=\"widget\" data-widget_type=\"image.default\">\n\t\t\t\t<div class=\"elementor-widget-container\">\n\t\t\t\t\t\t\t\t<div class=\"elementor-image\">\n\t\t\t\t\t\t\t\t\t\t\t\t<img width=\"1920\" height=\"650\" src=\"https:\/\/testing.wowtea.eu\/de\/files\/2022\/10\/CTA-banner-summer-bundle-D-1.jpg\" class=\"attachment-full size-full wp-image-134710\" alt=\"\" loading=\"lazy\" srcset=\"https:\/\/testing.wowtea.eu\/de\/files\/2022\/10\/CTA-banner-summer-bundle-D-1.jpg 1920w, https:\/\/testing.wowtea.eu\/de\/files\/2022\/10\/CTA-banner-summer-bundle-D-1-300x102.jpg 300w, https:\/\/testing.wowtea.eu\/de\/files\/2022\/10\/CTA-banner-summer-bundle-D-1-1024x347.jpg 1024w, https:\/\/testing.wowtea.eu\/de\/files\/2022\/10\/CTA-banner-summer-bundle-D-1-768x260.jpg 768w, https:\/\/testing.wowtea.eu\/de\/files\/2022\/10\/CTA-banner-summer-bundle-D-1-1536x520.jpg 1536w, https:\/\/testing.wowtea.eu\/de\/files\/2022\/10\/CTA-banner-summer-bundle-D-1-100x34.jpg 100w, https:\/\/testing.wowtea.eu\/de\/files\/2022\/10\/CTA-banner-summer-bundle-D-1-600x203.jpg 600w\" sizes=\"(max-width: 1920px) 100vw, 1920px\" \/>\t\t\t\t\t\t\t\t\t\t\t\t\t\t<\/div>\n\t\t\t\t\t\t<\/div>\n\t\t\t\t<\/div>\n\t\t\t\t\t\t<\/div>\n\t\t\t\t\t<\/div>\n\t\t<\/div>\n\t\t\t\t\t\t\t\t<\/div>\n\t\t\t\t\t<\/div>\n\t\t<\/section>\n\t\t\t\t<section class=\"elementor-section elementor-inner-section elementor-element elementor-element-b63dbd6 elementor-section-full_width elementor-hidden-desktop elementor-hidden-tablet elementor-section-height-default elementor-section-height-default\" data-id=\"b63dbd6\" data-element_type=\"section\">\n\t\t\t\t\t\t<div class=\"elementor-container elementor-column-gap-no\">\n\t\t\t\t\t\t\t<div class=\"elementor-row\">\n\t\t\t\t\t<div class=\"elementor-column elementor-col-100 elementor-inner-column elementor-element elementor-element-03e1364\" data-id=\"03e1364\" data-element_type=\"column\">\n\t\t\t<div class=\"elementor-column-wrap elementor-element-populated\">\n\t\t\t\t\t\t\t<div class=\"elementor-widget-wrap\">\n\t\t\t\t\t\t<div class=\"elementor-element elementor-element-4599f5e elementor-widget elementor-widget-image\" data-id=\"4599f5e\" data-element_type=\"widget\" data-widget_type=\"image.default\">\n\t\t\t\t<div class=\"elementor-widget-container\">\n\t\t\t\t\t\t\t\t<div class=\"elementor-image\">\n\t\t\t\t\t\t\t\t\t\t\t\t<img width=\"360\" height=\"435\" src=\"https:\/\/testing.wowtea.eu\/de\/files\/2022\/10\/CTA-banner-summer-bundle-M-1.jpg\" class=\"attachment-full size-full wp-image-134709\" alt=\"\" loading=\"lazy\" srcset=\"https:\/\/testing.wowtea.eu\/de\/files\/2022\/10\/CTA-banner-summer-bundle-M-1.jpg 360w, https:\/\/testing.wowtea.eu\/de\/files\/2022\/10\/CTA-banner-summer-bundle-M-1-248x300.jpg 248w, https:\/\/testing.wowtea.eu\/de\/files\/2022\/10\/CTA-banner-summer-bundle-M-1-83x100.jpg 83w\" sizes=\"(max-width: 360px) 100vw, 360px\" \/>\t\t\t\t\t\t\t\t\t\t\t\t\t\t<\/div>\n\t\t\t\t\t\t<\/div>\n\t\t\t\t<\/div>\n\t\t\t\t\t\t<\/div>\n\t\t\t\t\t<\/div>\n\t\t<\/div>\n\t\t\t\t\t\t\t\t<\/div>\n\t\t\t\t\t<\/div>\n\t\t<\/section>\n\t\t\t\t\t\t<\/div>\n\t\t\t\t\t<\/div>\n\t\t<\/div>\n\t\t\t\t\t\t\t\t<\/div>\n\t\t\t\t\t<\/div>\n\t\t<\/section>\n\t\t\t\t<section class=\"elementor-section elementor-top-section elementor-element elementor-element-46116f6 elementor-section-boxed elementor-section-height-default elementor-section-height-default\" data-id=\"46116f6\" data-element_type=\"section\">\n\t\t\t\t\t\t<div class=\"elementor-container elementor-column-gap-default\">\n\t\t\t\t\t\t\t<div class=\"elementor-row\">\n\t\t\t\t\t<div class=\"elementor-column elementor-col-100 elementor-top-column elementor-element elementor-element-b1a4708\" data-id=\"b1a4708\" data-element_type=\"column\">\n\t\t\t<div class=\"elementor-column-wrap elementor-element-populated\">\n\t\t\t\t\t\t\t<div class=\"elementor-widget-wrap\">\n\t\t\t\t\t\t<div class=\"elementor-element elementor-element-68a1693 elementor-widget elementor-widget-html\" data-id=\"68a1693\" data-element_type=\"widget\" data-widget_type=\"html.default\">\n\t\t\t\t<div class=\"elementor-widget-container\">\n\t\t\t<!-- TrustBox widget - Carousel -->\r\n<div class=\"trustpilot-widget\" data-locale=\"de-DE\" data-template-id=\"53aa8912dec7e10d38f59f36\" data-businessunit-id=\"60029def312cb900013df992\" data-style-height=\"320px\" data-style-width=\"100%\" data-theme=\"light\" data-tags=\"DE\" data-stars=\"1,2,3,4,5\">\r\n  <a href=\"https:\/\/de.trustpilot.com\/review\/testing.wowtea.eu\" target=\"_blank\" rel=\"noopener\">Trustpilot<\/a>\r\n<\/div>\r\n<!-- End TrustBox widget -->\t\t<\/div>\n\t\t\t\t<\/div>\n\t\t\t\t\t\t<\/div>\n\t\t\t\t\t<\/div>\n\t\t<\/div>\n\t\t\t\t\t\t\t\t<\/div>\n\t\t\t\t\t<\/div>\n\t\t<\/section>\n\t\t\t\t\t\t\t\t\t<\/div>\n\t\t\t<\/div>\n\t\t\t\t\t<\/div>\n\t\t","protected":false},"excerpt":{"rendered":"<ul class=\"check_list\">\n<li>\n<h4>Werde schneller fitter mit dem neuen Sommer-SlimFit<\/h4>\n<p>dass nach exotischer <strong>Mango<\/strong> und duftender <strong>Kokosnuss<\/strong> schmeckt.<\/li>\n<li>\n<h4>Beginne deine Entgiftung und Basenbildung<\/h4>\n<p>mit dem ersten Schluck unseres <strong>Sommer-Detox mit frischem Zitronen-geschmack<\/strong> und zus\u00e4tzlichen <strong>Antioxidantien!<\/strong> Sp\u00fcre die Wirkung schon in den ersten 24 Stunden!<\/li>\n<li>\n<h4>Steigere deine Immunit\u00e4t und Vitalit\u00e4t<\/h4>\n<p>mit dem leckersten <strong>Ayurveda-Rezept,<\/strong> angereichert mit besonders gesunden Kr\u00e4utern und einer Mischung aus saftiger <strong>Mango und s\u00fc\u00dfem Pfirsich!<\/strong><\/li>\n<li>\n<h4>Genie\u00dfe deinen Sommertee in einer Teeflasche<\/h4>\n<p>in limitierter Auflage &#8211; das ist die <strong>beste Art<\/strong>, Tee zu trinken und gleichzeitig etwas f\u00fcr die Umwelt zu tun!<\/li>\n<\/ul>\n","protected":false},"featured_media":154448,"comment_status":"open","ping_status":"closed","template":"","meta":{"inline_featured_image":false},"product_cat":[494,525],"product_tag":[],"acf":[],"variations_data":[],"free_delivery":false,"currency_name":"&euro;","_links":{"self":[{"href":"https:\/\/testing.wowtea.eu\/de\/wp-json\/wp\/v2\/product\/127363"}],"collection":[{"href":"https:\/\/testing.wowtea.eu\/de\/wp-json\/wp\/v2\/product"}],"about":[{"href":"https:\/\/testing.wowtea.eu\/de\/wp-json\/wp\/v2\/types\/product"}],"replies":[{"embeddable":true,"href":"https:\/\/testing.wowtea.eu\/de\/wp-json\/wp\/v2\/comments?post=127363"}],"version-history":[{"count":0,"href":"https:\/\/testing.wowtea.eu\/de\/wp-json\/wp\/v2\/product\/127363\/revisions"}],"wp:featuredmedia":[{"embeddable":true,"href":"https:\/\/testing.wowtea.eu\/de\/wp-json\/wp\/v2\/media\/154448"}],"wp:attachment":[{"href":"https:\/\/testing.wowtea.eu\/de\/wp-json\/wp\/v2\/media?parent=127363"}],"wp:term":[{"taxonomy":"product_cat","embeddable":true,"href":"https:\/\/testing.wowtea.eu\/de\/wp-json\/wp\/v2\/product_cat?post=127363"},{"taxonomy":"product_tag","embeddable":true,"href":"https:\/\/testing.wowtea.eu\/de\/wp-json\/wp\/v2\/product_tag?post=127363"}],"curies":[{"name":"wp","href":"https:\/\/api.w.org\/{rel}","templated":true}]}}