{"id":88716,"date":"2021-01-20T11:06:27","date_gmt":"2021-01-20T09:06:27","guid":{"rendered":"https:\/\/testing.wowtea.eu\/de\/?post_type=product&#038;p=88716"},"modified":"2025-03-25T12:37:03","modified_gmt":"2025-03-25T11:37:03","slug":"booty-goals-band-combo","status":"publish","type":"product","link":"https:\/\/testing.wowtea.eu\/de\/product\/booty-goals-band-combo\/","title":{"rendered":"Booty Goals Bands Combo"},"content":{"rendered":"\t\t<div data-elementor-type=\"product-post\" data-elementor-id=\"88716\" class=\"elementor elementor-88716\">\n\t\t\t\t\t\t<div class=\"elementor-inner\">\n\t\t\t\t<div class=\"elementor-section-wrap\">\n\t\t\t\t\t\t\t\t\t<section class=\"elementor-section elementor-top-section elementor-element elementor-element-fc85437 elementor-section-full_width elementor-section-height-default elementor-section-height-default\" data-id=\"fc85437\" data-element_type=\"section\">\n\t\t\t\t\t\t<div class=\"elementor-container elementor-column-gap-no\">\n\t\t\t\t\t\t\t<div class=\"elementor-row\">\n\t\t\t\t\t<div class=\"elementor-column elementor-col-50 elementor-top-column elementor-element elementor-element-3901afb\" data-id=\"3901afb\" data-element_type=\"column\" data-settings=\"{&quot;background_background&quot;:&quot;classic&quot;}\">\n\t\t\t<div class=\"elementor-column-wrap\">\n\t\t\t\t\t\t\t<div class=\"elementor-widget-wrap\">\n\t\t\t\t\t\t\t\t<\/div>\n\t\t\t\t\t<\/div>\n\t\t<\/div>\n\t\t\t\t<div class=\"elementor-column elementor-col-50 elementor-top-column elementor-element elementor-element-c832d81\" data-id=\"c832d81\" data-element_type=\"column\" data-settings=\"{&quot;background_background&quot;:&quot;classic&quot;}\">\n\t\t\t<div class=\"elementor-column-wrap elementor-element-populated\">\n\t\t\t\t\t\t\t<div class=\"elementor-widget-wrap\">\n\t\t\t\t\t\t<div class=\"elementor-element elementor-element-42906d6 elementor-widget elementor-widget-heading\" data-id=\"42906d6\" data-element_type=\"widget\" data-widget_type=\"heading.default\">\n\t\t\t\t<div class=\"elementor-widget-container\">\n\t\t\t<h2 class=\"elementor-heading-title elementor-size-default\">15 Minuten pro Tag f\u00fcr das WOW-Ergebnisse.<\/h2>\t\t<\/div>\n\t\t\t\t<\/div>\n\t\t\t\t<div class=\"elementor-element elementor-element-c368069 elementor-widget elementor-widget-text-editor\" data-id=\"c368069\" data-element_type=\"widget\" data-widget_type=\"text-editor.default\">\n\t\t\t\t<div class=\"elementor-widget-container\">\n\t\t\t\t\t\t\t\t<div class=\"elementor-text-editor elementor-clearfix\">\n\t\t\t\t<p>Nur ein paar Minuten am Tag mit Ihrem Po-Fitnessband trainieren, kann eine unglaubliche Wirkung auf Ihren Po und Ihre Oberschenkel haben! Um dir zu helfen, deinen brasilianischen Po noch schneller zu formen, senden wir dir einen kostenlosen 21-Tage-Trainingsplan mit den ultimativen \u00dcbungen, die du zu Hause machen kannst \u2013 oder wo immer du willst!<\/p><p>Die hochwertigen Materialien bieten perfekten Komfort w\u00e4hrend des Trainings. Du kannst das Po-Fitnessband sogar mit Shorts verwenden \u2013 es rutscht nicht, kneift nicht Ihre Haut und rei\u00dft nicht!<\/p>\t\t\t\t\t<\/div>\n\t\t\t\t\t\t<\/div>\n\t\t\t\t<\/div>\n\t\t\t\t\t\t<\/div>\n\t\t\t\t\t<\/div>\n\t\t<\/div>\n\t\t\t\t\t\t\t\t<\/div>\n\t\t\t\t\t<\/div>\n\t\t<\/section>\n\t\t\t\t<section class=\"elementor-section elementor-top-section elementor-element elementor-element-37406fc elementor-section-full_width elementor-reverse-mobile elementor-section-height-default elementor-section-height-default\" data-id=\"37406fc\" data-element_type=\"section\">\n\t\t\t\t\t\t<div class=\"elementor-container elementor-column-gap-no\">\n\t\t\t\t\t\t\t<div class=\"elementor-row\">\n\t\t\t\t\t<div class=\"elementor-column elementor-col-50 elementor-top-column elementor-element elementor-element-c3f2d1c\" data-id=\"c3f2d1c\" data-element_type=\"column\" data-settings=\"{&quot;background_background&quot;:&quot;classic&quot;}\">\n\t\t\t<div class=\"elementor-column-wrap elementor-element-populated\">\n\t\t\t\t\t\t\t<div class=\"elementor-widget-wrap\">\n\t\t\t\t\t\t<div class=\"elementor-element elementor-element-6dc7293 elementor-widget elementor-widget-heading\" data-id=\"6dc7293\" data-element_type=\"widget\" data-widget_type=\"heading.default\">\n\t\t\t\t<div class=\"elementor-widget-container\">\n\t\t\t<h2 class=\"elementor-heading-title elementor-size-default\">Po-Fitnessband ist genau das, was du (und dein Po) brauchen!\n<\/h2>\t\t<\/div>\n\t\t\t\t<\/div>\n\t\t\t\t<div class=\"elementor-element elementor-element-6facc58 elementor-widget elementor-widget-prod_info\" data-id=\"6facc58\" data-element_type=\"widget\" data-widget_type=\"prod_info.default\">\n\t\t\t\t<div class=\"elementor-widget-container\">\n\t\t\t\n               <ul class=\"info_list\">\n                           <li>\n                  <strong>Maximaler Komfort:<\/strong>\n                  <small>Hochwertige Materialien, die ein reibungsloses und komfortables Training erm\u00f6glichen<\/small>\n               <\/li>\n                           <li>\n                  <strong>Hervorragende Qualit\u00e4t:<\/strong>\n                  <small>Im Gegensatz zu Gummib\u00e4ndern ist das Po-Fitnessband sehr langlebig und rei\u00dft w\u00e4hrend des Gebrauchs nicht.<\/small>\n               <\/li>\n                           <li>\n                  <strong> Einfach zu verwenden:<\/strong>\n                  <small>Verwende es zu Hause oder nehmen es einfach mit und trainieren jederzeit und wo du willst.<\/small>\n               <\/li>\n                           <li>\n                  <strong>Sichtbare Ergebnisse:<\/strong>\n                  <small>Du kannst den atemberaubenden Effekt sehen den es auf deinen Po, Oberschenkel und Taille hat \u2013 mit nur wenige Minuten am Tag<\/small>\n               <\/li>\n                     <\/ul>\n      \n\n   \t\t<\/div>\n\t\t\t\t<\/div>\n\t\t\t\t\t\t<\/div>\n\t\t\t\t\t<\/div>\n\t\t<\/div>\n\t\t\t\t<div class=\"elementor-column elementor-col-50 elementor-top-column elementor-element elementor-element-fbd015f\" data-id=\"fbd015f\" data-element_type=\"column\" data-settings=\"{&quot;background_background&quot;:&quot;classic&quot;}\">\n\t\t\t<div class=\"elementor-column-wrap\">\n\t\t\t\t\t\t\t<div class=\"elementor-widget-wrap\">\n\t\t\t\t\t\t\t\t<\/div>\n\t\t\t\t\t<\/div>\n\t\t<\/div>\n\t\t\t\t\t\t\t\t<\/div>\n\t\t\t\t\t<\/div>\n\t\t<\/section>\n\t\t\t\t<section class=\"elementor-section elementor-top-section elementor-element elementor-element-af1d556 elementor-section-full_width elementor-section-height-default elementor-section-height-default\" data-id=\"af1d556\" data-element_type=\"section\">\n\t\t\t\t\t\t<div class=\"elementor-container elementor-column-gap-no\">\n\t\t\t\t\t\t\t<div class=\"elementor-row\">\n\t\t\t\t\t<div class=\"elementor-column elementor-col-50 elementor-top-column elementor-element elementor-element-a85077c\" data-id=\"a85077c\" data-element_type=\"column\" data-settings=\"{&quot;background_background&quot;:&quot;classic&quot;}\">\n\t\t\t<div class=\"elementor-column-wrap\">\n\t\t\t\t\t\t\t<div class=\"elementor-widget-wrap\">\n\t\t\t\t\t\t\t\t<\/div>\n\t\t\t\t\t<\/div>\n\t\t<\/div>\n\t\t\t\t<div class=\"elementor-column elementor-col-50 elementor-top-column elementor-element elementor-element-bb91ad7\" data-id=\"bb91ad7\" data-element_type=\"column\" data-settings=\"{&quot;background_background&quot;:&quot;classic&quot;}\">\n\t\t\t<div class=\"elementor-column-wrap elementor-element-populated\">\n\t\t\t\t\t\t\t<div class=\"elementor-widget-wrap\">\n\t\t\t\t\t\t<div class=\"elementor-element elementor-element-8148e72 elementor-widget elementor-widget-heading\" data-id=\"8148e72\" data-element_type=\"widget\" data-widget_type=\"heading.default\">\n\t\t\t\t<div class=\"elementor-widget-container\">\n\t\t\t<h2 class=\"elementor-heading-title elementor-size-default\">\nKostenloser 21-Tage-Trainingsplan f\u00fcr eine knackigen Po - \u00dcbungsprogramm f\u00fcr zu Hause<\/h2>\t\t<\/div>\n\t\t\t\t<\/div>\n\t\t\t\t<div class=\"elementor-element elementor-element-ccc237e elementor-widget elementor-widget-text-editor\" data-id=\"ccc237e\" data-element_type=\"widget\" data-widget_type=\"text-editor.default\">\n\t\t\t\t<div class=\"elementor-widget-container\">\n\t\t\t\t\t\t\t\t<div class=\"elementor-text-editor elementor-clearfix\">\n\t\t\t\t<h4>E-BOOK<\/h4><p>Der 21-Tage-Trainingsplan f\u00fcr eine knackigen Po ist ein digitales \u00dcbungsprogramm, das du zu Hause (oder an einem beliebigen Ort!) Mit dem Po-Fitnessband durchf\u00fchren kannst. Dieses \u00dcbungsprogramm wurde speziell entwickelt, um dir zu helfen, ein verf\u00fchrerischer, knackiger Po zu formen, deine Oberschenkel zu straffen und eine sch\u00f6ne Taille zu formen &#8211; und alles dauert nur 15 Minuten pro Tag, um sichtbare, atemberaubende Ergebnisse zu erzielen.<\/p>\t\t\t\t\t<\/div>\n\t\t\t\t\t\t<\/div>\n\t\t\t\t<\/div>\n\t\t\t\t\t\t<\/div>\n\t\t\t\t\t<\/div>\n\t\t<\/div>\n\t\t\t\t\t\t\t\t<\/div>\n\t\t\t\t\t<\/div>\n\t\t<\/section>\n\t\t\t\t<section class=\"elementor-section elementor-top-section elementor-element elementor-element-f956974 elementor-section-boxed elementor-section-height-default elementor-section-height-default\" data-id=\"f956974\" data-element_type=\"section\">\n\t\t\t\t\t\t<div class=\"elementor-container elementor-column-gap-default\">\n\t\t\t\t\t\t\t<div class=\"elementor-row\">\n\t\t\t\t\t<div class=\"elementor-column elementor-col-100 elementor-top-column elementor-element elementor-element-086afac\" data-id=\"086afac\" data-element_type=\"column\">\n\t\t\t<div class=\"elementor-column-wrap elementor-element-populated\">\n\t\t\t\t\t\t\t<div class=\"elementor-widget-wrap\">\n\t\t\t\t\t\t<div class=\"elementor-element elementor-element-80a598e elementor-widget elementor-widget-custom_title\" data-id=\"80a598e\" data-element_type=\"widget\" data-widget_type=\"custom_title.default\">\n\t\t\t\t<div class=\"elementor-widget-container\">\n\t\t\t      <!-- border_title center_border -->\n      \n               <div class=\"custom_title\"  >\n            <h2 class=\"title  \"><span>Wenn du das Po-Fitnessband SET bestellst, bekommst du KOSTENLOS dazu:<\/span> <\/h2>\n         <\/div>\n      \n\n   \t\t<\/div>\n\t\t\t\t<\/div>\n\t\t\t\t<div class=\"elementor-element elementor-element-4322339 elementor-widget elementor-widget-image\" data-id=\"4322339\" data-element_type=\"widget\" data-widget_type=\"image.default\">\n\t\t\t\t<div class=\"elementor-widget-container\">\n\t\t\t\t\t\t\t\t<div class=\"elementor-image\">\n\t\t\t\t\t\t\t\t\t\t\t\t<img src=\"https:\/\/testing.wowtea.eu\/cz\/files\/2021\/01\/products_combo-2.jpg\" title=\"\" alt=\"\" loading=\"lazy\" \/>\t\t\t\t\t\t\t\t\t\t\t\t\t\t<\/div>\n\t\t\t\t\t\t<\/div>\n\t\t\t\t<\/div>\n\t\t\t\t<div class=\"elementor-element elementor-element-5227bd2 elementor-widget elementor-widget-text-editor\" data-id=\"5227bd2\" data-element_type=\"widget\" data-widget_type=\"text-editor.default\">\n\t\t\t\t<div class=\"elementor-widget-container\">\n\t\t\t\t\t\t\t\t<div class=\"elementor-text-editor elementor-clearfix\">\n\t\t\t\t<p><img loading=\"lazy\" class=\"alignnone size-full wp-image-7074\" src=\"https:\/\/bodygoalsclub.com\/wp-content\/uploads\/tik-che_20x20.png\" alt=\"\" width=\"20\" height=\"21\" \/> Nobles Etui f\u00fcr dein Po-Fitnessband \u2013 verwenden es bequem von zu Hause aus oder nehme es \u00fcberall hin mit und verpassen kein einziges Training!<\/p><p><img loading=\"lazy\" class=\"alignnone size-full wp-image-7074\" src=\"https:\/\/bodygoalsclub.com\/wp-content\/uploads\/tik-che_20x20.png\" alt=\"\" width=\"20\" height=\"21\" \/> Kostenloser 21-Tage-Trainingsplan f\u00fcr eine knackigen Po \u2013 \u00dcbungsprogramm f\u00fcr zu Hause<\/p>\t\t\t\t\t<\/div>\n\t\t\t\t\t\t<\/div>\n\t\t\t\t<\/div>\n\t\t\t\t\t\t<\/div>\n\t\t\t\t\t<\/div>\n\t\t<\/div>\n\t\t\t\t\t\t\t\t<\/div>\n\t\t\t\t\t<\/div>\n\t\t<\/section>\n\t\t\t\t\t\t\t\t\t<\/div>\n\t\t\t<\/div>\n\t\t\t\t\t<\/div>\n\t\t","protected":false},"excerpt":{"rendered":"<h4 class=\"vc_custom_heading text-u vc_custom_1575298970833 text-u urus_vc_custom_5f7aec27ce380 vc_custom_1575298970833\" style=\"text-align: center\">Booty Goals Band Combo<\/h4>\n<div class=\"vc_row wpb_row vc_inner vc_row-fluid\" style=\"text-align: center\">\n<div class=\"wpb_column vc_column_container vc_col-sm-12\">\n<div class=\"vc_column-inner\">\n<div class=\"wpb_wrapper\">\n<div class=\"wpb_text_column wpb_content_element urus_vc_custom_5f7aec27ce3f9 \">\n<div class=\"wpb_wrapper\">\n<p><span class=\"face\">\u2661\u00a0<\/span><strong style=\"color: #b485b2\">Booty Goals Band Lvl 1<\/strong><br \/>\n<span class=\"face\">\u2661\u00a0<\/span><strong style=\"color: #b485b2\">Booty Goals Band Lvl 2<\/strong><\/p>\n<h4>Das effektivste Heimtraining f\u00fcr einen knackigen Po.<\/h4>\n<p><span class=\"face\">\u2661\u00a0<\/span><strong style=\"color: #4c4c4c\">Forme einen brasilianischen Po<\/strong><br \/>\n<span class=\"face\">\u2661\u00a0<\/span><strong style=\"color: #4c4c4c\">Forme deine Oberschenkel wundersch\u00f6n<\/strong><br \/>\n<span class=\"face\">\u2661\u00a0<\/span><strong style=\"color: #4c4c4c\">Trainiere dir einen knackigen Po und scharfe kurven<\/strong><\/p>\n<\/div>\n<\/div>\n<\/div>\n<\/div>\n<\/div>\n<\/div>\n<h1 class=\"vc_custom_heading urus_vc_custom_5f7aec27ce471\" style=\"text-align: center;color: #c6558c;font-size: 22px\">+ E-BOOK Kostenloser 21-Tage-Trainingsplan f\u00fcr eine Knackigen Po &#8211; \u00dcbungsprogramm f\u00fcr zu Hause<\/h1>\n<div class=\"vc_row wpb_row vc_inner vc_row-fluid\">\n<div class=\"wpb_column vc_column_container vc_col-sm-12\">\n<div class=\"vc_column-inner\">\n<div class=\"wpb_wrapper\">\n<div class=\"wpb_text_column wpb_content_element urus_vc_custom_5f7aec27ce4ad \">\n<div class=\"wpb_wrapper\">\n<p style=\"text-align: center\"><span class=\"face\">*<\/span>Dieser Trainingsplan wird als PDF-Datei per E-Mail bereitgestellt, nachdem Sie Ihr Po-Fitnessband Set bestellt haben!<\/p>\n<\/div>\n<\/div>\n<\/div>\n<\/div>\n<\/div>\n<\/div>\n","protected":false},"featured_media":88725,"comment_status":"closed","ping_status":"closed","template":"","meta":{"inline_featured_image":false},"product_cat":[134,571],"product_tag":[],"acf":[],"variations_data":{"98559":{"id":98559,"name":"BOOTY GOALS BAND COMBO","slug":"booty-goals-band-combo","date_created":{"date":"2021-04-27 10:18:45.000000","timezone_type":1,"timezone":"+00:00"},"date_modified":{"date":"2025-03-25 11:21:21.000000","timezone_type":1,"timezone":"+00:00"},"status":"publish","featured":false,"catalog_visibility":"visible","description":"","short_description":"","sku":"WOW-S-BL1BL2","price":"26.9","regular_price":"26.9","sale_price":"","date_on_sale_from":null,"date_on_sale_to":null,"total_sales":"0","tax_status":"taxable","tax_class":"parent","manage_stock":false,"stock_quantity":null,"stock_status":"instock","backorders":"no","low_stock_amount":"","sold_individually":false,"weight":"","length":"","width":"","height":"","upsell_ids":[],"cross_sell_ids":[],"parent_id":88716,"reviews_allowed":false,"purchase_note":"","attributes":{"pa_bands-upsells":"booty-goals-band-combo"},"default_attributes":[],"menu_order":1,"post_password":"","virtual":false,"downloadable":false,"category_ids":[],"tag_ids":[],"shipping_class_id":0,"downloads":[],"image_id":88725,"gallery_image_ids":[],"download_limit":-1,"download_expiry":-1,"rating_counts":[],"average_rating":0,"review_count":0,"attribute_summary":"bands-upsells: BOOTY GOALS BAND COMBO","meta_data":[{"id":709130,"key":"_gtin","value":""},{"id":709131,"key":"_variable_text_field_1","value":"Booty Bands Combo Set I Rutschfestes Design I Resistance Fitness Loop Bands I Mit \u00dcbungsanleitung I 100% Baumwolle - WOW TEA"},{"id":709132,"key":"_variable_text_field_2","value":"Widerstandb\u00e4nder-Set f\u00fcr geformte Beine, Oberschenkel, Ges\u00e4\u00dfmuskeln und Beutetraining zu Hause. Nehmen Sie jetzt einen kostenlosen 21-Tage-Trainingsplan, um Ihre Fitnessziele zu erreichen"},{"id":709133,"key":"_variable_text_field_3","value":""},{"id":709134,"key":"fstr-p-sub","value":""},{"id":2866941,"key":"oms_price_updated_at","value":"2024-09-23T07:39:33.862315Z"},{"id":2935210,"key":"_v_label_field","value":"Save 15%"}],"price_html":"<span class=\"woocommerce-Price-amount amount\"><bdi>26.90&nbsp;<span class=\"woocommerce-Price-currencySymbol\">&euro;<\/span><\/bdi><\/span>","image":"<img width=\"600\" height=\"600\" src=\"https:\/\/testing.wowtea.eu\/de\/files\/2021\/01\/Product-images-combo-600x600-1.png\" class=\"attachment-woocommerce_thumbnail size-woocommerce_thumbnail\" alt=\"\" loading=\"lazy\" srcset=\"https:\/\/testing.wowtea.eu\/de\/files\/2021\/01\/Product-images-combo-600x600-1.png 600w, https:\/\/testing.wowtea.eu\/de\/files\/2021\/01\/Product-images-combo-600x600-1-300x300.png 300w, https:\/\/testing.wowtea.eu\/de\/files\/2021\/01\/Product-images-combo-600x600-1-150x150.png 150w, https:\/\/testing.wowtea.eu\/de\/files\/2021\/01\/Product-images-combo-600x600-1-45x45.png 45w, https:\/\/testing.wowtea.eu\/de\/files\/2021\/01\/Product-images-combo-600x600-1-100x100.png 100w\" sizes=\"(max-width: 600px) 100vw, 600px\" \/>","free_delivery":false},"98558":{"id":98558,"name":"2 GOOD TEAM + BOOTY PACK","slug":"2-good-team-booty-band-combo","date_created":{"date":"2021-04-27 10:18:45.000000","timezone_type":1,"timezone":"+00:00"},"date_modified":{"date":"2025-03-25 11:21:21.000000","timezone_type":1,"timezone":"+00:00"},"status":"publish","featured":false,"catalog_visibility":"visible","description":"","short_description":"","sku":"WOW-P-SFSLFTBL1BL2","price":"62.00","regular_price":"82.70","sale_price":"62.00","date_on_sale_from":null,"date_on_sale_to":null,"total_sales":"0","tax_status":"taxable","tax_class":"parent","manage_stock":false,"stock_quantity":null,"stock_status":"instock","backorders":"no","low_stock_amount":"","sold_individually":false,"weight":"","length":"","width":"","height":"","upsell_ids":[],"cross_sell_ids":[],"parent_id":88716,"reviews_allowed":false,"purchase_note":"","attributes":{"pa_bands-upsells":"2-good-team-booty-band-combo"},"default_attributes":[],"menu_order":2,"post_password":"","virtual":false,"downloadable":false,"category_ids":[],"tag_ids":[],"shipping_class_id":0,"downloads":[],"image_id":116751,"gallery_image_ids":[],"download_limit":-1,"download_expiry":-1,"rating_counts":[],"average_rating":0,"review_count":0,"attribute_summary":"bands-upsells: 2 GOOD TEAM + BOOTY PACK","meta_data":[{"id":709063,"key":"yst_prominent_words_version","value":"1"},{"id":709120,"key":"_gtin","value":""},{"id":709121,"key":"_variable_text_field_1","value":"Fitness Gummiband + Abnehm Tee + Mahlzeitenersatz von WOWTEA | Hochwertiges Booty Band -100% Baumwolle"},{"id":709122,"key":"_variable_text_field_2","value":"Forme deine Oberschenkel erwartet. Kaufen Sie jetzt unser Combo-Set zur Gewichtskontrolle und machen Sie sich mit Widerstandb\u00e4nder, Schlankheitstee und SuperFood fit. KOSTENLOSER 21-Tage-Trainingsplan"},{"id":709123,"key":"_variable_text_field_3","value":""},{"id":709124,"key":"fstr-p-sub","value":""},{"id":2866977,"key":"oms_price_updated_at","value":"2024-09-02T04:08:25.959488Z"},{"id":2935209,"key":"_v_label_field","value":"Save 15%"}],"price_html":"<del aria-hidden=\"true\"><span class=\"woocommerce-Price-amount amount\"><bdi>82.70&nbsp;<span class=\"woocommerce-Price-currencySymbol\">&euro;<\/span><\/bdi><\/span><\/del> <ins><span class=\"woocommerce-Price-amount amount\"><bdi>62.00&nbsp;<span class=\"woocommerce-Price-currencySymbol\">&euro;<\/span><\/bdi><\/span><\/ins>","image":"<img width=\"600\" height=\"600\" src=\"https:\/\/testing.wowtea.eu\/de\/files\/2022\/02\/WOW-P-SFSLFTBL1BL2.png\" class=\"attachment-woocommerce_thumbnail size-woocommerce_thumbnail\" alt=\"\" loading=\"lazy\" srcset=\"https:\/\/testing.wowtea.eu\/de\/files\/2022\/02\/WOW-P-SFSLFTBL1BL2.png 600w, https:\/\/testing.wowtea.eu\/de\/files\/2022\/02\/WOW-P-SFSLFTBL1BL2-300x300.png 300w, https:\/\/testing.wowtea.eu\/de\/files\/2022\/02\/WOW-P-SFSLFTBL1BL2-150x150.png 150w, https:\/\/testing.wowtea.eu\/de\/files\/2022\/02\/WOW-P-SFSLFTBL1BL2-500x500.png 500w\" sizes=\"(max-width: 600px) 100vw, 600px\" \/>","free_delivery":"Kostenlose lieferung"},"98560":{"id":98560,"name":"SUPER SLIM ME + BOOTY PACK","slug":"super-slim-me-program-booty-goals-band-combo","date_created":{"date":"2021-04-27 10:18:45.000000","timezone_type":1,"timezone":"+00:00"},"date_modified":{"date":"2025-03-25 11:21:21.000000","timezone_type":1,"timezone":"+00:00"},"status":"publish","featured":false,"catalog_visibility":"visible","description":"","short_description":"","sku":"WOW-P-SFSLFTBTBBL1BL2","price":"77.90","regular_price":"111.30","sale_price":"77.90","date_on_sale_from":null,"date_on_sale_to":null,"total_sales":"0","tax_status":"taxable","tax_class":"parent","manage_stock":false,"stock_quantity":null,"stock_status":"instock","backorders":"no","low_stock_amount":"","sold_individually":false,"weight":"","length":"","width":"","height":"","upsell_ids":[],"cross_sell_ids":[],"parent_id":88716,"reviews_allowed":false,"purchase_note":"","attributes":{"pa_bands-upsells":"super-slim-me-program-booty-goals-band-combo"},"default_attributes":[],"menu_order":3,"post_password":"","virtual":false,"downloadable":false,"category_ids":[],"tag_ids":[],"shipping_class_id":0,"downloads":[],"image_id":116819,"gallery_image_ids":[],"download_limit":-1,"download_expiry":-1,"rating_counts":[],"average_rating":0,"review_count":0,"attribute_summary":"bands-upsells: SUPER SLIM ME + BOOTY PACK","meta_data":[{"id":709140,"key":"_gtin","value":""},{"id":709141,"key":"_variable_text_field_1","value":"Fitness Gummiband + Abnehm Tee + Mahlzeitenersatz + Teeflasche (schwartz) von WOWTEA | Hochwertiges Booty Band -100% Baumwolle"},{"id":709142,"key":"_variable_text_field_2","value":"Forme deine Oberschenkel erwartet. Kaufen Sie jetzt unser Combo-Set zur Gewichtskontrolle und machen Sie sich mit Widerstandb\u00e4nder, Schlankheitstee, SuperFood und Teeflasche fit. KOSTENLOSER 21-Tage-Trainings-, Essens- und Yoga-Plan"},{"id":709143,"key":"_variable_text_field_3","value":""},{"id":709144,"key":"fstr-p-sub","value":""},{"id":2866989,"key":"oms_price_updated_at","value":"2024-09-02T04:08:36.557592Z"},{"id":2935211,"key":"_v_label_field","value":"Save 15%"}],"price_html":"<del aria-hidden=\"true\"><span class=\"woocommerce-Price-amount amount\"><bdi>111.30&nbsp;<span class=\"woocommerce-Price-currencySymbol\">&euro;<\/span><\/bdi><\/span><\/del> <ins><span class=\"woocommerce-Price-amount amount\"><bdi>77.90&nbsp;<span class=\"woocommerce-Price-currencySymbol\">&euro;<\/span><\/bdi><\/span><\/ins>","image":"<img width=\"600\" height=\"600\" src=\"https:\/\/testing.wowtea.eu\/de\/files\/2022\/02\/WOW-P-SFSLFTBTBBL1BL2.png\" class=\"attachment-woocommerce_thumbnail size-woocommerce_thumbnail\" alt=\"\" loading=\"lazy\" srcset=\"https:\/\/testing.wowtea.eu\/de\/files\/2022\/02\/WOW-P-SFSLFTBTBBL1BL2.png 600w, https:\/\/testing.wowtea.eu\/de\/files\/2022\/02\/WOW-P-SFSLFTBTBBL1BL2-300x300.png 300w, https:\/\/testing.wowtea.eu\/de\/files\/2022\/02\/WOW-P-SFSLFTBTBBL1BL2-150x150.png 150w, https:\/\/testing.wowtea.eu\/de\/files\/2022\/02\/WOW-P-SFSLFTBTBBL1BL2-500x500.png 500w\" sizes=\"(max-width: 600px) 100vw, 600px\" \/>","free_delivery":"Kostenlose lieferung"}},"free_delivery":false,"currency_name":"&euro;","_links":{"self":[{"href":"https:\/\/testing.wowtea.eu\/de\/wp-json\/wp\/v2\/product\/88716"}],"collection":[{"href":"https:\/\/testing.wowtea.eu\/de\/wp-json\/wp\/v2\/product"}],"about":[{"href":"https:\/\/testing.wowtea.eu\/de\/wp-json\/wp\/v2\/types\/product"}],"replies":[{"embeddable":true,"href":"https:\/\/testing.wowtea.eu\/de\/wp-json\/wp\/v2\/comments?post=88716"}],"version-history":[{"count":0,"href":"https:\/\/testing.wowtea.eu\/de\/wp-json\/wp\/v2\/product\/88716\/revisions"}],"wp:featuredmedia":[{"embeddable":true,"href":"https:\/\/testing.wowtea.eu\/de\/wp-json\/wp\/v2\/media\/88725"}],"wp:attachment":[{"href":"https:\/\/testing.wowtea.eu\/de\/wp-json\/wp\/v2\/media?parent=88716"}],"wp:term":[{"taxonomy":"product_cat","embeddable":true,"href":"https:\/\/testing.wowtea.eu\/de\/wp-json\/wp\/v2\/product_cat?post=88716"},{"taxonomy":"product_tag","embeddable":true,"href":"https:\/\/testing.wowtea.eu\/de\/wp-json\/wp\/v2\/product_tag?post=88716"}],"curies":[{"name":"wp","href":"https:\/\/api.w.org\/{rel}","templated":true}]}}