{"id":404,"date":"2020-07-07T16:02:04","date_gmt":"2020-07-07T13:02:04","guid":{"rendered":"https:\/\/testing.wowtea.eu\/ee\/?page_id=404"},"modified":"2024-04-10T10:32:57","modified_gmt":"2024-04-10T07:32:57","slug":"about-us","status":"publish","type":"page","link":"https:\/\/testing.wowtea.eu\/ee\/about-us\/","title":{"rendered":"Meist"},"content":{"rendered":"\t\t<div data-elementor-type=\"wp-page\" data-elementor-id=\"404\" class=\"elementor elementor-404\">\n\t\t\t\t\t\t<div class=\"elementor-inner\">\n\t\t\t\t<div class=\"elementor-section-wrap\">\n\t\t\t\t\t\t\t\t\t<section class=\"elementor-section elementor-top-section elementor-element elementor-element-d6cf8f3 elementor-section-boxed elementor-section-height-default elementor-section-height-default\" data-id=\"d6cf8f3\" data-element_type=\"section\" data-settings=\"{&quot;background_background&quot;:&quot;classic&quot;}\">\n\t\t\t\t\t\t<div class=\"elementor-container elementor-column-gap-default\">\n\t\t\t\t\t\t\t<div class=\"elementor-row\">\n\t\t\t\t\t<div class=\"elementor-column elementor-col-100 elementor-top-column elementor-element elementor-element-dc62397\" data-id=\"dc62397\" data-element_type=\"column\">\n\t\t\t<div class=\"elementor-column-wrap elementor-element-populated\">\n\t\t\t\t\t\t\t<div class=\"elementor-widget-wrap\">\n\t\t\t\t\t\t<div class=\"elementor-element elementor-element-52fb684 elementor-widget elementor-widget-image\" data-id=\"52fb684\" data-element_type=\"widget\" data-widget_type=\"image.default\">\n\t\t\t\t<div class=\"elementor-widget-container\">\n\t\t\t\t\t\t\t\t<div class=\"elementor-image\">\n\t\t\t\t\t\t\t\t\t\t\t\t<img width=\"768\" height=\"399\" src=\"https:\/\/testing.wowtea.eu\/ee\/files\/2021\/04\/about_us_wow_team-768x399.png\" class=\"attachment-medium_large size-medium_large wp-image-95342\" alt=\"\" loading=\"lazy\" srcset=\"https:\/\/testing.wowtea.eu\/ee\/files\/2021\/04\/about_us_wow_team-768x399.png 768w, https:\/\/testing.wowtea.eu\/ee\/files\/2021\/04\/about_us_wow_team-300x156.png 300w, https:\/\/testing.wowtea.eu\/ee\/files\/2021\/04\/about_us_wow_team-1024x532.png 1024w, https:\/\/testing.wowtea.eu\/ee\/files\/2021\/04\/about_us_wow_team-1536x798.png 1536w, https:\/\/testing.wowtea.eu\/ee\/files\/2021\/04\/about_us_wow_team-2048x1064.png 2048w, https:\/\/testing.wowtea.eu\/ee\/files\/2021\/04\/about_us_wow_team-600x312.png 600w\" sizes=\"(max-width: 768px) 100vw, 768px\" \/>\t\t\t\t\t\t\t\t\t\t\t\t\t\t<\/div>\n\t\t\t\t\t\t<\/div>\n\t\t\t\t<\/div>\n\t\t\t\t<div class=\"elementor-element elementor-element-1cc963c elementor-widget elementor-widget-video\" data-id=\"1cc963c\" data-element_type=\"widget\" data-settings=\"{&quot;youtube_url&quot;:&quot;https:\\\/\\\/www.youtube.com\\\/watch?v=FkOxPwUIr0w&quot;,&quot;modestbranding&quot;:&quot;yes&quot;,&quot;show_image_overlay&quot;:&quot;yes&quot;,&quot;image_overlay&quot;:{&quot;url&quot;:&quot;https:\\\/\\\/testing.wowtea.eu\\\/ee\\\/wp-content\\\/uploads\\\/2020\\\/10\\\/video-thumbnail.jpg&quot;,&quot;id&quot;:73009,&quot;size&quot;:&quot;&quot;},&quot;video_type&quot;:&quot;youtube&quot;,&quot;controls&quot;:&quot;yes&quot;}\" data-widget_type=\"video.default\">\n\t\t\t\t<div class=\"elementor-widget-container\">\n\t\t\t\t\t<div class=\"elementor-wrapper elementor-open-inline\">\n\t\t\t<div class=\"elementor-video\"><\/div>\t\t\t\t<div class=\"elementor-custom-embed-image-overlay\" style=\"background-image: url(https:\/\/testing.wowtea.eu\/ee\/files\/2020\/10\/video-thumbnail.jpg);\">\n\t\t\t\t\t\t\t\t\t\t\t\t\t\t\t\t<div class=\"elementor-custom-embed-play\" role=\"button\" aria-label=\"Play Video\" tabindex=\"0\">\n\t\t\t\t\t\t\t<i aria-hidden=\"true\" class=\"eicon-play\"><\/i>\t\t\t\t\t\t\t<span class=\"elementor-screen-only\">Play Video<\/span>\n\t\t\t\t\t\t<\/div>\n\t\t\t\t\t\t\t\t\t<\/div>\n\t\t\t\t\t<\/div>\n\t\t\t\t<\/div>\n\t\t\t\t<\/div>\n\t\t\t\t\t\t<\/div>\n\t\t\t\t\t<\/div>\n\t\t<\/div>\n\t\t\t\t\t\t\t\t<\/div>\n\t\t\t\t\t<\/div>\n\t\t<\/section>\n\t\t\t\t<section class=\"elementor-section elementor-top-section elementor-element elementor-element-bebf8f8 elementor-section-boxed elementor-section-height-default elementor-section-height-default\" data-id=\"bebf8f8\" data-element_type=\"section\" data-settings=\"{&quot;background_background&quot;:&quot;classic&quot;}\">\n\t\t\t\t\t\t<div class=\"elementor-container elementor-column-gap-default\">\n\t\t\t\t\t\t\t<div class=\"elementor-row\">\n\t\t\t\t\t<div class=\"elementor-column elementor-col-100 elementor-top-column elementor-element elementor-element-72cc45a\" data-id=\"72cc45a\" data-element_type=\"column\">\n\t\t\t<div class=\"elementor-column-wrap elementor-element-populated\">\n\t\t\t\t\t\t\t<div class=\"elementor-widget-wrap\">\n\t\t\t\t\t\t<div class=\"elementor-element elementor-element-f335344 elementor-widget elementor-widget-custom_title\" data-id=\"f335344\" data-element_type=\"widget\" data-widget_type=\"custom_title.default\">\n\t\t\t\t<div class=\"elementor-widget-container\">\n\t\t\t      <!-- border_title center_border -->\n      \n               <div class=\"custom_title\"  >\n            <h2 class=\"title border_title center \"><span>Seesmine ilu paistab v\u00e4limuses\n<\/span> <small style=\"order: -1\">Meie moto<\/small><\/h2>\n         <\/div>\n      \n\n   \t\t<\/div>\n\t\t\t\t<\/div>\n\t\t\t\t<div class=\"elementor-element elementor-element-f444cdf elementor-widget elementor-widget-text-editor\" data-id=\"f444cdf\" data-element_type=\"widget\" data-widget_type=\"text-editor.default\">\n\t\t\t\t<div class=\"elementor-widget-container\">\n\t\t\t\t\t\t\t\t<div class=\"elementor-text-editor elementor-clearfix\">\n\t\t\t\t<p>Lisaks sellele, et te n\u00e4ete suurep\u00e4rane v\u00e4lja ja tunnete end oma parimas versioonis, usume looduse j\u00f5udu, kirge spordi vastu, puhast toitumist, toksiinivaba keha meie esmaklassiliste teesegude abil! S\u00f5ltumata sellest, kas teil on fitness-modelli v\u00f5i koduse ema keha, aitavad meie teed teil enda parimas versioonis v\u00e4lja n\u00e4ha ja tunda! Oleme uhked oma toodete ja inimeste \u00fcle, kes neid valmistavad! Me kasutame ainult kvaliteetseid looduslikke koostisosi ja kombineerime need hoolikalt valitud looduslike ainetega, et pakkuda teile parimaid kaalulangetustooteid taskukohase hinnaga! (Samuti usume, et maailm oleks parem koht, kui k\u00f5ik veedaksid 15 minutit p\u00e4evas tassi teed juues.)<\/p>\t\t\t\t\t<\/div>\n\t\t\t\t\t\t<\/div>\n\t\t\t\t<\/div>\n\t\t\t\t\t\t<\/div>\n\t\t\t\t\t<\/div>\n\t\t<\/div>\n\t\t\t\t\t\t\t\t<\/div>\n\t\t\t\t\t<\/div>\n\t\t<\/section>\n\t\t\t\t<section class=\"elementor-section elementor-top-section elementor-element elementor-element-ee8de64 elementor-section-content-middle elementor-hidden-desktop elementor-hidden-tablet elementor-hidden-phone elementor-section-boxed elementor-section-height-default elementor-section-height-default\" data-id=\"ee8de64\" data-element_type=\"section\">\n\t\t\t\t\t\t<div class=\"elementor-container elementor-column-gap-default\">\n\t\t\t\t\t\t\t<div class=\"elementor-row\">\n\t\t\t\t\t<div class=\"elementor-column elementor-col-50 elementor-top-column elementor-element elementor-element-eb0af62\" data-id=\"eb0af62\" data-element_type=\"column\">\n\t\t\t<div class=\"elementor-column-wrap elementor-element-populated\">\n\t\t\t\t\t\t\t<div class=\"elementor-widget-wrap\">\n\t\t\t\t\t\t<div class=\"elementor-element elementor-element-3f2abd7 elementor-widget elementor-widget-image\" data-id=\"3f2abd7\" data-element_type=\"widget\" data-widget_type=\"image.default\">\n\t\t\t\t<div class=\"elementor-widget-container\">\n\t\t\t\t\t\t\t\t<div class=\"elementor-image\">\n\t\t\t\t\t\t\t\t\t\t\t\t<img width=\"576\" height=\"478\" src=\"https:\/\/testing.wowtea.eu\/ee\/files\/2020\/10\/about-us-1.jpg\" class=\"attachment-large size-large wp-image-72864\" alt=\"about-us-office\" loading=\"lazy\" srcset=\"https:\/\/testing.wowtea.eu\/ee\/files\/2020\/10\/about-us-1.jpg 576w, https:\/\/testing.wowtea.eu\/ee\/files\/2020\/10\/about-us-1-300x249.jpg 300w\" sizes=\"(max-width: 576px) 100vw, 576px\" \/>\t\t\t\t\t\t\t\t\t\t\t\t\t\t<\/div>\n\t\t\t\t\t\t<\/div>\n\t\t\t\t<\/div>\n\t\t\t\t\t\t<\/div>\n\t\t\t\t\t<\/div>\n\t\t<\/div>\n\t\t\t\t<div class=\"elementor-column elementor-col-50 elementor-top-column elementor-element elementor-element-68ffd8d\" data-id=\"68ffd8d\" data-element_type=\"column\">\n\t\t\t<div class=\"elementor-column-wrap elementor-element-populated\">\n\t\t\t\t\t\t\t<div class=\"elementor-widget-wrap\">\n\t\t\t\t\t\t<div class=\"elementor-element elementor-element-918d2f4 elementor-widget elementor-widget-custom_title\" data-id=\"918d2f4\" data-element_type=\"widget\" data-widget_type=\"custom_title.default\">\n\t\t\t\t<div class=\"elementor-widget-container\">\n\t\t\t      <!-- border_title center_border -->\n      \n               <div class=\"custom_title\"  >\n            <h2 class=\"title border_title center \"><span>\u0421\u044a\u0437\u0434\u0430\u0434\u0435\u043d\u0438 \u0432 \u0411\u044a\u043b\u0433\u0430\u0440\u0438\u044f<\/span> <\/h2>\n         <\/div>\n      \n\n   \t\t<\/div>\n\t\t\t\t<\/div>\n\t\t\t\t<div class=\"elementor-element elementor-element-bd1fbe2 elementor-widget elementor-widget-text-editor\" data-id=\"bd1fbe2\" data-element_type=\"widget\" data-widget_type=\"text-editor.default\">\n\t\t\t\t<div class=\"elementor-widget-container\">\n\t\t\t\t\t\t\t\t<div class=\"elementor-text-editor elementor-clearfix\">\n\t\t\t\t<p>\u041d\u0438\u0435 \u0441\u043c\u0435 \u043c\u043b\u0430\u0434\u0438, \u0430\u043c\u0431\u0438\u0446\u0438\u043e\u0437\u043d\u0438 \u0438 \u0441\u043f\u043b\u043e\u0442\u0435\u043d\u0438 \u043a\u0430\u0442\u043e \u0435\u043a\u0438\u043f!<\/p><p>\u0412\u0441\u0438\u0447\u043a\u0438 \u043d\u0430\u0448\u0438 \u043f\u044a\u0440\u0432\u043e\u043a\u043b\u0430\u0441\u043d\u0438 \u043f\u0440\u043e\u0434\u0443\u043a\u0442\u0438 \u0441\u0430 \u043f\u0440\u043e\u0438\u0437\u0432\u0435\u0434\u0435\u043d\u0438 \u0432 \u0411\u044a\u043b\u0433\u0430\u0440\u0438\u044f \u0438 \u043c\u043d\u043e\u0433\u043e\u043a\u0440\u0430\u0442\u043d\u043e \u0442\u0435\u0441\u0442\u0432\u0430\u043d\u0438 \u043e\u0442 WOW \u043c\u043e\u043c\u0438\u0447\u0435\u0442\u0430\u0442\u0430 \u0432 \u0446\u044f\u043b\u0430 \u0415\u0432\u0440\u043e\u043f\u0430 \ud83d\ude42<\/p><p>\u041d\u0430\u0448\u0438\u044f\u0442 \u0435\u043a\u0438\u043f \u043e\u0442 \u0441\u043f\u0435\u0446\u0438\u0430\u043b\u0438\u0441\u0442\u0438 \u043f\u043e \u0445\u0440\u0430\u043d\u0435\u043d\u0435, \u043c\u0430\u0440\u043a\u0435\u0442\u0438\u043d\u0433 \u0438 \u0434\u0438\u0437\u0430\u0439\u043d, \u0440\u0430\u0431\u043e\u0442\u0438 \u0443\u0441\u0438\u043b\u0435\u043d\u043e \u0432\u0441\u0435\u043a\u0438 \u0434\u0435\u043d, \u0437\u0430 \u0434\u0430 \u0442\u0438 \u043e\u0441\u0438\u0433\u0443\u0440\u0438 \u043d\u0430\u0439-\u0434\u043e\u0431\u0440\u0435 \u0440\u0430\u0431\u043e\u0442\u0435\u0449\u0438\u0442\u0435 \u043f\u0440\u043e\u0434\u0443\u043a\u0442\u0438 \u0437\u0430 \u0440\u0435\u0433\u0443\u043b\u0438\u0440\u0430\u043d\u0435 \u043d\u0430 \u0442\u0435\u0433\u043b\u043e\u0442\u043e.<\/p>\t\t\t\t\t<\/div>\n\t\t\t\t\t\t<\/div>\n\t\t\t\t<\/div>\n\t\t\t\t\t\t<\/div>\n\t\t\t\t\t<\/div>\n\t\t<\/div>\n\t\t\t\t\t\t\t\t<\/div>\n\t\t\t\t\t<\/div>\n\t\t<\/section>\n\t\t\t\t<section class=\"elementor-section elementor-top-section elementor-element elementor-element-35bc089 elementor-section-content-middle elementor-reverse-mobile elementor-hidden-desktop elementor-hidden-tablet elementor-hidden-phone elementor-section-boxed elementor-section-height-default elementor-section-height-default\" data-id=\"35bc089\" data-element_type=\"section\">\n\t\t\t\t\t\t<div class=\"elementor-container elementor-column-gap-default\">\n\t\t\t\t\t\t\t<div class=\"elementor-row\">\n\t\t\t\t\t<div class=\"elementor-column elementor-col-50 elementor-top-column elementor-element elementor-element-eaac687\" data-id=\"eaac687\" data-element_type=\"column\">\n\t\t\t<div class=\"elementor-column-wrap elementor-element-populated\">\n\t\t\t\t\t\t\t<div class=\"elementor-widget-wrap\">\n\t\t\t\t\t\t<div class=\"elementor-element elementor-element-3bb83e2 elementor-widget elementor-widget-custom_title\" data-id=\"3bb83e2\" data-element_type=\"widget\" data-widget_type=\"custom_title.default\">\n\t\t\t\t<div class=\"elementor-widget-container\">\n\t\t\t      <!-- border_title center_border -->\n      \n               <div class=\"custom_title\"  >\n            <h2 class=\"title border_title center \"><span>\u041f\u0440\u0430\u0432\u0438\u043c \u0432\u0438 \u0433\u043e\u0440\u0434\u0438.<\/span> <\/h2>\n         <\/div>\n      \n\n   \t\t<\/div>\n\t\t\t\t<\/div>\n\t\t\t\t<div class=\"elementor-element elementor-element-38fac7d elementor-widget elementor-widget-text-editor\" data-id=\"38fac7d\" data-element_type=\"widget\" data-widget_type=\"text-editor.default\">\n\t\t\t\t<div class=\"elementor-widget-container\">\n\t\t\t\t\t\t\t\t<div class=\"elementor-text-editor elementor-clearfix\">\n\t\t\t\t<p>\u0417\u0430 \u043f\u043e\u0432\u0435\u0447\u0435 \u043e\u0442 5 \u0433\u043e\u0434\u0438\u043d\u0438 \u043d\u0430 \u043f\u0430\u0437\u0430\u0440\u0430 \u043f\u043e\u043c\u043e\u0433\u043d\u0430\u0445\u043c\u0435 \u043d\u0430 \u043d\u0430\u0434 150 000 WOW \u043c\u043e\u043c\u0438\u0447\u0435\u0442\u0430 \u0434\u0430 \u0438\u0437\u0433\u043b\u0435\u0436\u0434\u0430\u0442 \u0438 \u0434\u0430 \u0441\u0435 \u0447\u0443\u0432\u0441\u0442\u0432\u0430\u0442 \u043f\u043e-\u0434\u043e\u0431\u0440\u0435!<\/p><p>\u041e\u0449\u0435 \u043e\u0442 \u043f\u044a\u0440\u0432\u0438\u044f \u0434\u0435\u043d \u0432\u0437\u0438\u043c\u0430\u043c\u0435 \u0440\u0435\u0448\u0435\u043d\u0438\u044f, \u0441 \u043a\u043e\u0438\u0442\u043e \u043c\u043e\u0436\u0435\u043c \u0434\u0430 \u0441\u0435 \u0433\u043e\u0440\u0434\u0435\u0435\u043c! \u041d\u0438\u043a\u043e\u0433\u0430 \u043d\u0435 \u0441\u043c\u0435 \u0438\u0437\u043f\u043e\u043b\u0437\u0432\u0430\u043b\u0438 \u043f\u0440\u043e\u0434\u0443\u043a\u0442\u0438 \u043e\u0442 \u0436\u0438\u0432\u043e\u0442\u0438\u043d\u0441\u043a\u0438 \u043f\u0440\u043e\u0438\u0437\u0445\u043e\u0434, \u0432\u0441\u0438\u0447\u043a\u0438 \u0442\u0435 \u0441\u0430 \u043f\u043e\u0434\u0445\u043e\u0434\u044f\u0449\u0438 \u0437\u0430 \u0432\u0435\u0433\u0430\u043d\u0438 \u0438 \u043d\u0430\u0439-\u0432\u0430\u0436\u043d\u043e\u0442\u043e \u2013 \u043d\u0438\u043a\u043e\u0433\u0430 \u043d\u0435 \u0441\u043c\u0435 \u0438\u0437\u043f\u043e\u043b\u0437\u0432\u0430\u043b\u0438 \u0441\u0438\u043d\u0442\u0435\u0442\u0438\u0447\u043d\u0438 \u0430\u0440\u043e\u043c\u0430\u0442\u0438 \u0438\u043b\u0438 \u0438\u0437\u043a\u0443\u0441\u0442\u0432\u0435\u043d\u0438 \u043e\u0446\u0432\u0435\u0442\u0438\u0442\u0435\u043b\u0438!<\/p>\t\t\t\t\t<\/div>\n\t\t\t\t\t\t<\/div>\n\t\t\t\t<\/div>\n\t\t\t\t\t\t<\/div>\n\t\t\t\t\t<\/div>\n\t\t<\/div>\n\t\t\t\t<div class=\"elementor-column elementor-col-50 elementor-top-column elementor-element elementor-element-1609895\" data-id=\"1609895\" data-element_type=\"column\">\n\t\t\t<div class=\"elementor-column-wrap elementor-element-populated\">\n\t\t\t\t\t\t\t<div class=\"elementor-widget-wrap\">\n\t\t\t\t\t\t<div class=\"elementor-element elementor-element-c4aaf5c elementor-widget elementor-widget-image\" data-id=\"c4aaf5c\" data-element_type=\"widget\" data-widget_type=\"image.default\">\n\t\t\t\t<div class=\"elementor-widget-container\">\n\t\t\t\t\t\t\t\t<div class=\"elementor-image\">\n\t\t\t\t\t\t\t\t\t\t\t\t<img width=\"576\" height=\"478\" src=\"https:\/\/testing.wowtea.eu\/ee\/files\/2021\/01\/about-us-2.jpg\" class=\"attachment-large size-large wp-image-91412\" alt=\"\" loading=\"lazy\" srcset=\"https:\/\/testing.wowtea.eu\/ee\/files\/2021\/01\/about-us-2.jpg 576w, https:\/\/testing.wowtea.eu\/ee\/files\/2021\/01\/about-us-2-300x249.jpg 300w\" sizes=\"(max-width: 576px) 100vw, 576px\" \/>\t\t\t\t\t\t\t\t\t\t\t\t\t\t<\/div>\n\t\t\t\t\t\t<\/div>\n\t\t\t\t<\/div>\n\t\t\t\t\t\t<\/div>\n\t\t\t\t\t<\/div>\n\t\t<\/div>\n\t\t\t\t\t\t\t\t<\/div>\n\t\t\t\t\t<\/div>\n\t\t<\/section>\n\t\t\t\t<section class=\"elementor-section elementor-top-section elementor-element elementor-element-629991e elementor-section-content-middle elementor-section-boxed elementor-section-height-default elementor-section-height-default\" data-id=\"629991e\" data-element_type=\"section\">\n\t\t\t\t\t\t<div class=\"elementor-container elementor-column-gap-default\">\n\t\t\t\t\t\t\t<div class=\"elementor-row\">\n\t\t\t\t\t<div class=\"elementor-column elementor-col-50 elementor-top-column elementor-element elementor-element-446484b\" data-id=\"446484b\" data-element_type=\"column\">\n\t\t\t<div class=\"elementor-column-wrap elementor-element-populated\">\n\t\t\t\t\t\t\t<div class=\"elementor-widget-wrap\">\n\t\t\t\t\t\t<div class=\"elementor-element elementor-element-122c726 elementor-widget elementor-widget-image\" data-id=\"122c726\" data-element_type=\"widget\" data-widget_type=\"image.default\">\n\t\t\t\t<div class=\"elementor-widget-container\">\n\t\t\t\t\t\t\t\t<div class=\"elementor-image\">\n\t\t\t\t\t\t\t\t\t\t\t\t<img width=\"576\" height=\"478\" src=\"https:\/\/testing.wowtea.eu\/ee\/files\/2023\/10\/about-us-1.jpg\" class=\"attachment-large size-large wp-image-113006\" alt=\"\" loading=\"lazy\" srcset=\"https:\/\/testing.wowtea.eu\/ee\/files\/2023\/10\/about-us-1.jpg 576w, https:\/\/testing.wowtea.eu\/ee\/files\/2023\/10\/about-us-1-300x249.jpg 300w, https:\/\/testing.wowtea.eu\/ee\/files\/2023\/10\/about-us-1-100x83.jpg 100w, https:\/\/testing.wowtea.eu\/ee\/files\/2023\/10\/about-us-1-72x60.jpg 72w, https:\/\/testing.wowtea.eu\/ee\/files\/2023\/10\/about-us-1-108x90.jpg 108w\" sizes=\"(max-width: 576px) 100vw, 576px\" \/>\t\t\t\t\t\t\t\t\t\t\t\t\t\t<\/div>\n\t\t\t\t\t\t<\/div>\n\t\t\t\t<\/div>\n\t\t\t\t\t\t<\/div>\n\t\t\t\t\t<\/div>\n\t\t<\/div>\n\t\t\t\t<div class=\"elementor-column elementor-col-50 elementor-top-column elementor-element elementor-element-08f2d2b\" data-id=\"08f2d2b\" data-element_type=\"column\">\n\t\t\t<div class=\"elementor-column-wrap elementor-element-populated\">\n\t\t\t\t\t\t\t<div class=\"elementor-widget-wrap\">\n\t\t\t\t\t\t<div class=\"elementor-element elementor-element-5444229 elementor-widget elementor-widget-custom_title\" data-id=\"5444229\" data-element_type=\"widget\" data-widget_type=\"custom_title.default\">\n\t\t\t\t<div class=\"elementor-widget-container\">\n\t\t\t      <!-- border_title center_border -->\n      \n               <div class=\"custom_title\"  >\n            <h2 class=\"title border_title center \"><span>Euroopas s\u00fcndinud ja kasvanud<\/span> <\/h2>\n         <\/div>\n      \n\n   \t\t<\/div>\n\t\t\t\t<\/div>\n\t\t\t\t<div class=\"elementor-element elementor-element-b13a81d elementor-widget elementor-widget-text-editor\" data-id=\"b13a81d\" data-element_type=\"widget\" data-widget_type=\"text-editor.default\">\n\t\t\t\t<div class=\"elementor-widget-container\">\n\t\t\t\t\t\t\t\t<div class=\"elementor-text-editor elementor-clearfix\">\n\t\t\t\t<p><span data-sheets-value=\"{&quot;1&quot;:2,&quot;2&quot;:&quot;K\u00f5ik meie preemium tooted valmistatakse meie kodulinnas Sofias ja neid testitakse rangelt WOW t\u00fcdrukutel. Meie teadlaste, dieedi ekspertide, turunduse ja disainispetsialistide meeskond t\u00f6\u00f6tab igap\u00e4evaselt selle nimel, et pakkuda teile parimaid kaalu kontrolli tooteid, mis nii toimivad kui ka v\u00e4lja n\u00e4evad h\u00e4sti... Sest v\u00e4limus on oluline!&quot;}\" data-sheets-userformat=\"{&quot;2&quot;:13249,&quot;3&quot;:{&quot;1&quot;:0},&quot;9&quot;:1,&quot;10&quot;:1,&quot;11&quot;:4,&quot;12&quot;:0,&quot;15&quot;:&quot;Comfortaa&quot;,&quot;16&quot;:10}\">K\u00f5ik meie preemium tooted valmistatakse meie kodulinnas Sofias ja neid testitakse rangelt WOW t\u00fcdrukutel. Meie teadlaste, dieedi ekspertide, turunduse ja disainispetsialistide meeskond t\u00f6\u00f6tab igap\u00e4evaselt selle nimel, et pakkuda teile parimaid kaalu kontrolli tooteid, mis nii toimivad kui ka v\u00e4lja n\u00e4evad h\u00e4sti&#8230; Sest v\u00e4limus on oluline!<\/span><\/p>\t\t\t\t\t<\/div>\n\t\t\t\t\t\t<\/div>\n\t\t\t\t<\/div>\n\t\t\t\t\t\t<\/div>\n\t\t\t\t\t<\/div>\n\t\t<\/div>\n\t\t\t\t\t\t\t\t<\/div>\n\t\t\t\t\t<\/div>\n\t\t<\/section>\n\t\t\t\t<section class=\"elementor-section elementor-top-section elementor-element elementor-element-c2e91b1 elementor-section-content-middle elementor-reverse-mobile elementor-section-boxed elementor-section-height-default elementor-section-height-default\" data-id=\"c2e91b1\" data-element_type=\"section\">\n\t\t\t\t\t\t<div class=\"elementor-container elementor-column-gap-default\">\n\t\t\t\t\t\t\t<div class=\"elementor-row\">\n\t\t\t\t\t<div class=\"elementor-column elementor-col-50 elementor-top-column elementor-element elementor-element-407b08f\" data-id=\"407b08f\" data-element_type=\"column\">\n\t\t\t<div class=\"elementor-column-wrap elementor-element-populated\">\n\t\t\t\t\t\t\t<div class=\"elementor-widget-wrap\">\n\t\t\t\t\t\t<div class=\"elementor-element elementor-element-41ceed8 elementor-widget elementor-widget-custom_title\" data-id=\"41ceed8\" data-element_type=\"widget\" data-widget_type=\"custom_title.default\">\n\t\t\t\t<div class=\"elementor-widget-container\">\n\t\t\t      <!-- border_title center_border -->\n      \n               <div class=\"custom_title\"  >\n            <h2 class=\"title border_title center \"><span>J\u00e4\u00e4me teile ustavaks.<\/span> <\/h2>\n         <\/div>\n      \n\n   \t\t<\/div>\n\t\t\t\t<\/div>\n\t\t\t\t<div class=\"elementor-element elementor-element-f67583e elementor-widget elementor-widget-text-editor\" data-id=\"f67583e\" data-element_type=\"widget\" data-widget_type=\"text-editor.default\">\n\t\t\t\t<div class=\"elementor-widget-container\">\n\t\t\t\t\t\t\t\t<div class=\"elementor-text-editor elementor-clearfix\">\n\t\t\t\t<p><span data-sheets-value=\"{&quot;1&quot;:2,&quot;2&quot;:&quot;Juba \u00fcle 4 aasta turul oleme aidanud rohkem kui 800 000 WOW t\u00fcdrukul end paremini tunda ja v\u00e4lja n\u00e4ha!&quot;}\" data-sheets-userformat=\"{&quot;2&quot;:13249,&quot;3&quot;:{&quot;1&quot;:0},&quot;9&quot;:1,&quot;10&quot;:1,&quot;11&quot;:4,&quot;12&quot;:0,&quot;15&quot;:&quot;Comfortaa&quot;,&quot;16&quot;:10}\">Juba \u00fcle 4 aasta turul oleme aidanud rohkem kui 800 000 WOW t\u00fcdrukul end paremini tunda ja v\u00e4lja n\u00e4ha!<\/span><\/p><p><span data-sheets-value=\"{&quot;1&quot;:2,&quot;2&quot;:&quot;Alates meie esimesest p\u00e4evast oleme alati teinud otsuseid, mille \u00fcle saame uhked olla! Me ei ole kunagi kasutanud loomsest p\u00e4ritolust koostisaineid, k\u00f5ik meie tooted sobivad veganitele ja k\u00f5ige olulisem \u2013 me ei ole kunagi kasutanud s\u00fcnteetilisi l\u00f5hnaaineid ega kunstlikke v\u00e4rvaineid!&quot;}\" data-sheets-userformat=\"{&quot;2&quot;:13249,&quot;3&quot;:{&quot;1&quot;:0},&quot;9&quot;:1,&quot;10&quot;:1,&quot;11&quot;:4,&quot;12&quot;:0,&quot;15&quot;:&quot;Comfortaa&quot;,&quot;16&quot;:10}\">Alates meie esimesest p\u00e4evast oleme alati teinud otsuseid, mille \u00fcle saame uhked olla! Me ei ole kunagi kasutanud loomsest p\u00e4ritolust koostisaineid, k\u00f5ik meie tooted sobivad veganitele ja k\u00f5ige olulisem \u2013 me ei ole kunagi kasutanud s\u00fcnteetilisi l\u00f5hnaaineid ega kunstlikke v\u00e4rvaineid!<\/span><\/p>\t\t\t\t\t<\/div>\n\t\t\t\t\t\t<\/div>\n\t\t\t\t<\/div>\n\t\t\t\t\t\t<\/div>\n\t\t\t\t\t<\/div>\n\t\t<\/div>\n\t\t\t\t<div class=\"elementor-column elementor-col-50 elementor-top-column elementor-element elementor-element-dc36bed\" data-id=\"dc36bed\" data-element_type=\"column\">\n\t\t\t<div class=\"elementor-column-wrap elementor-element-populated\">\n\t\t\t\t\t\t\t<div class=\"elementor-widget-wrap\">\n\t\t\t\t\t\t<div class=\"elementor-element elementor-element-97c3d97 elementor-widget elementor-widget-image\" data-id=\"97c3d97\" data-element_type=\"widget\" data-widget_type=\"image.default\">\n\t\t\t\t<div class=\"elementor-widget-container\">\n\t\t\t\t\t\t\t\t<div class=\"elementor-image\">\n\t\t\t\t\t\t\t\t\t\t\t\t<img width=\"576\" height=\"478\" src=\"https:\/\/testing.wowtea.eu\/ee\/files\/2023\/10\/about-us-2.jpg\" class=\"attachment-large size-large wp-image-113005\" alt=\"\" loading=\"lazy\" srcset=\"https:\/\/testing.wowtea.eu\/ee\/files\/2023\/10\/about-us-2.jpg 576w, https:\/\/testing.wowtea.eu\/ee\/files\/2023\/10\/about-us-2-300x249.jpg 300w, https:\/\/testing.wowtea.eu\/ee\/files\/2023\/10\/about-us-2-100x83.jpg 100w, https:\/\/testing.wowtea.eu\/ee\/files\/2023\/10\/about-us-2-72x60.jpg 72w, https:\/\/testing.wowtea.eu\/ee\/files\/2023\/10\/about-us-2-108x90.jpg 108w\" sizes=\"(max-width: 576px) 100vw, 576px\" \/>\t\t\t\t\t\t\t\t\t\t\t\t\t\t<\/div>\n\t\t\t\t\t\t<\/div>\n\t\t\t\t<\/div>\n\t\t\t\t\t\t<\/div>\n\t\t\t\t\t<\/div>\n\t\t<\/div>\n\t\t\t\t\t\t\t\t<\/div>\n\t\t\t\t\t<\/div>\n\t\t<\/section>\n\t\t\t\t\t\t\t\t\t<\/div>\n\t\t\t<\/div>\n\t\t\t\t\t<\/div>\n\t\t","protected":false},"excerpt":{"rendered":"<p>Seesmine ilu paistab v\u00e4limuses Meie moto Lisaks sellele, et te n\u00e4ete suurep\u00e4rane v\u00e4lja ja tunnete end oma parimas versioonis, usume looduse j\u00f5udu, kirge spordi vastu, puhast toitumist, toksiinivaba keha meie esmaklassiliste teesegude abil! S\u00f5ltumata sellest, kas teil on fitness-modelli v\u00f5i koduse ema keha, aitavad meie teed teil enda parimas versioonis v\u00e4lja n\u00e4ha ja tunda! Oleme uhked oma toodete ja inimeste \u00fcle, kes neid valmistavad! Me kasutame ainult kvaliteetseid looduslikke koostisosi ja kombineerime need hoolikalt valitud looduslike ainetega, et pakkuda teile parimaid kaalulangetustooteid taskukohase hinnaga! (Samuti usume, et maailm oleks parem koht, kui k\u00f5ik veedaksid 15 minutit p\u00e4evas tassi teed juues.) [&hellip;]<\/p>\n","protected":false},"author":1,"featured_media":0,"parent":0,"menu_order":0,"comment_status":"closed","ping_status":"closed","template":"","meta":{"inline_featured_image":false},"acf":[],"_links":{"self":[{"href":"https:\/\/testing.wowtea.eu\/ee\/wp-json\/wp\/v2\/pages\/404"}],"collection":[{"href":"https:\/\/testing.wowtea.eu\/ee\/wp-json\/wp\/v2\/pages"}],"about":[{"href":"https:\/\/testing.wowtea.eu\/ee\/wp-json\/wp\/v2\/types\/page"}],"author":[{"embeddable":true,"href":"https:\/\/testing.wowtea.eu\/ee\/wp-json\/wp\/v2\/users\/1"}],"replies":[{"embeddable":true,"href":"https:\/\/testing.wowtea.eu\/ee\/wp-json\/wp\/v2\/comments?post=404"}],"version-history":[{"count":0,"href":"https:\/\/testing.wowtea.eu\/ee\/wp-json\/wp\/v2\/pages\/404\/revisions"}],"wp:attachment":[{"href":"https:\/\/testing.wowtea.eu\/ee\/wp-json\/wp\/v2\/media?parent=404"}],"curies":[{"name":"wp","href":"https:\/\/api.w.org\/{rel}","templated":true}]}}