{"id":95877,"date":"2021-05-05T10:36:20","date_gmt":"2021-05-05T07:36:20","guid":{"rendered":"https:\/\/testing.wowtea.eu\/ee\/?post_type=product&#038;p=95877"},"modified":"2024-09-16T02:23:59","modified_gmt":"2024-09-15T23:23:59","slug":"booty-goals-band-combo","status":"publish","type":"product","link":"https:\/\/testing.wowtea.eu\/ee\/product\/booty-goals-band-combo\/","title":{"rendered":"Booty Goals Bands Combo"},"content":{"rendered":"\t\t<div data-elementor-type=\"product-post\" data-elementor-id=\"95877\" class=\"elementor elementor-95877\">\n\t\t\t\t\t\t<div class=\"elementor-inner\">\n\t\t\t\t<div class=\"elementor-section-wrap\">\n\t\t\t\t\t\t\t\t\t<section class=\"elementor-section elementor-top-section elementor-element elementor-element-3991738e elementor-section-full_width elementor-reverse-mobile elementor-section-height-default elementor-section-height-default\" data-id=\"3991738e\" data-element_type=\"section\">\n\t\t\t\t\t\t<div class=\"elementor-container elementor-column-gap-no\">\n\t\t\t\t\t\t\t<div class=\"elementor-row\">\n\t\t\t\t\t<div class=\"elementor-column elementor-col-50 elementor-top-column elementor-element elementor-element-429945d5\" data-id=\"429945d5\" data-element_type=\"column\" data-settings=\"{&quot;background_background&quot;:&quot;classic&quot;}\">\n\t\t\t<div class=\"elementor-column-wrap\">\n\t\t\t\t\t\t\t<div class=\"elementor-widget-wrap\">\n\t\t\t\t\t\t\t\t<\/div>\n\t\t\t\t\t<\/div>\n\t\t<\/div>\n\t\t\t\t<div class=\"elementor-column elementor-col-50 elementor-top-column elementor-element elementor-element-3922e8a4\" data-id=\"3922e8a4\" data-element_type=\"column\" data-settings=\"{&quot;background_background&quot;:&quot;classic&quot;}\">\n\t\t\t<div class=\"elementor-column-wrap elementor-element-populated\">\n\t\t\t\t\t\t\t<div class=\"elementor-widget-wrap\">\n\t\t\t\t\t\t<div class=\"elementor-element elementor-element-4cdd3209 elementor-widget elementor-widget-heading\" data-id=\"4cdd3209\" data-element_type=\"widget\" data-widget_type=\"heading.default\">\n\t\t\t\t<div class=\"elementor-widget-container\">\n\t\t\t<h2 class=\"elementor-heading-title elementor-size-default\">15 minutit p\u00e4evas WOW tulemuste saavutamiseks.<\/h2>\t\t<\/div>\n\t\t\t\t<\/div>\n\t\t\t\t<div class=\"elementor-element elementor-element-4a89f62a elementor-widget elementor-widget-text-editor\" data-id=\"4a89f62a\" data-element_type=\"widget\" data-widget_type=\"text-editor.default\">\n\t\t\t\t<div class=\"elementor-widget-container\">\n\t\t\t\t\t\t\t\t<div class=\"elementor-text-editor elementor-clearfix\">\n\t\t\t\t<p>Ainult m\u00f5ni minut p\u00e4evas Booty Goals Bandiga harjutuste tegemine v\u00f5ib uskumatult m\u00f5juda teie tagumikule ja reitele! Selleks, et aidata teil oma Brasiilia tagumikku veelgi kiiremini kujundada, saadame teile tasuta 21-p\u00e4evase treeningkava koos \u00fclimate harjutustega, mida saate teha kodus &#8211; v\u00f5i kus iganes soovite!<\/p><p>Kvaliteetsed materjalid pakuvad treenimisel t\u00e4iuslikku mugavust. Booty Goals Band linti saate kasutada isegi l\u00fchikeste p\u00fckstega &#8211; see ei libise, ei pigista nahka ega purune!<\/p>\t\t\t\t\t<\/div>\n\t\t\t\t\t\t<\/div>\n\t\t\t\t<\/div>\n\t\t\t\t\t\t<\/div>\n\t\t\t\t\t<\/div>\n\t\t<\/div>\n\t\t\t\t\t\t\t\t<\/div>\n\t\t\t\t\t<\/div>\n\t\t<\/section>\n\t\t\t\t<section class=\"elementor-section elementor-top-section elementor-element elementor-element-2645bb6b elementor-section-full_width elementor-section-height-default elementor-section-height-default\" data-id=\"2645bb6b\" data-element_type=\"section\">\n\t\t\t\t\t\t<div class=\"elementor-container elementor-column-gap-no\">\n\t\t\t\t\t\t\t<div class=\"elementor-row\">\n\t\t\t\t\t<div class=\"elementor-column elementor-col-50 elementor-top-column elementor-element elementor-element-37b28958\" data-id=\"37b28958\" data-element_type=\"column\" data-settings=\"{&quot;background_background&quot;:&quot;classic&quot;}\">\n\t\t\t<div class=\"elementor-column-wrap elementor-element-populated\">\n\t\t\t\t\t\t\t<div class=\"elementor-widget-wrap\">\n\t\t\t\t\t\t<div class=\"elementor-element elementor-element-2cd92343 elementor-widget elementor-widget-heading\" data-id=\"2cd92343\" data-element_type=\"widget\" data-widget_type=\"heading.default\">\n\t\t\t\t<div class=\"elementor-widget-container\">\n\t\t\t<h2 class=\"elementor-heading-title elementor-size-default\">Booty Goals Band on just see, mida te (ja teie tagumik) vajate!<\/h2>\t\t<\/div>\n\t\t\t\t<\/div>\n\t\t\t\t<div class=\"elementor-element elementor-element-2ba52fd6 elementor-widget elementor-widget-prod_info\" data-id=\"2ba52fd6\" data-element_type=\"widget\" data-widget_type=\"prod_info.default\">\n\t\t\t\t<div class=\"elementor-widget-container\">\n\t\t\t\n               <ul class=\"info_list\">\n                           <li>\n                  <strong>Maksimaalne mugavus:<\/strong>\n                  <small>Kvaliteetsed materjalid, mis v\u00f5imaldavad sujuvat ja mugavat treenimist<\/small>\n               <\/li>\n                           <li>\n                  <strong>Suurep\u00e4rane kvaliteet:<\/strong>\n                  <small>Erinevalt kummiribadest on Booty Goals Band v\u00e4ga vastupidav ja ei purune kasutamise ajal<\/small>\n               <\/li>\n                           <li>\n                  <strong>Lihtne kasutada:<\/strong>\n                  <small>Kasutage kodus v\u00f5i v\u00f5tke see lihtsalt kaasa ja treenige igal ajal ja igal pool<\/small>\n               <\/li>\n                           <li>\n                  <strong>N\u00e4htavad tulemused:<\/strong>\n                  <small>Saate j\u00e4lgida vapustavat m\u00f5ju oma tagumikule, reitele ja taljele - ainult paar minutit p\u00e4evas<\/small>\n               <\/li>\n                     <\/ul>\n      \n\n   \t\t<\/div>\n\t\t\t\t<\/div>\n\t\t\t\t\t\t<\/div>\n\t\t\t\t\t<\/div>\n\t\t<\/div>\n\t\t\t\t<div class=\"elementor-column elementor-col-50 elementor-top-column elementor-element elementor-element-7776e415\" data-id=\"7776e415\" data-element_type=\"column\" data-settings=\"{&quot;background_background&quot;:&quot;classic&quot;}\">\n\t\t\t<div class=\"elementor-column-wrap\">\n\t\t\t\t\t\t\t<div class=\"elementor-widget-wrap\">\n\t\t\t\t\t\t\t\t<\/div>\n\t\t\t\t\t<\/div>\n\t\t<\/div>\n\t\t\t\t\t\t\t\t<\/div>\n\t\t\t\t\t<\/div>\n\t\t<\/section>\n\t\t\t\t<section class=\"elementor-section elementor-top-section elementor-element elementor-element-67ab3c7b elementor-section-full_width elementor-section-height-default elementor-section-height-default\" data-id=\"67ab3c7b\" data-element_type=\"section\">\n\t\t\t\t\t\t<div class=\"elementor-container elementor-column-gap-no\">\n\t\t\t\t\t\t\t<div class=\"elementor-row\">\n\t\t\t\t\t<div class=\"elementor-column elementor-col-50 elementor-top-column elementor-element elementor-element-63d108f9\" data-id=\"63d108f9\" data-element_type=\"column\">\n\t\t\t<div class=\"elementor-column-wrap elementor-element-populated\">\n\t\t\t\t\t\t\t<div class=\"elementor-widget-wrap\">\n\t\t\t\t\t\t<div class=\"elementor-element elementor-element-3942e2e6 elementor-widget elementor-widget-image\" data-id=\"3942e2e6\" data-element_type=\"widget\" data-widget_type=\"image.default\">\n\t\t\t\t<div class=\"elementor-widget-container\">\n\t\t\t\t\t\t\t\t<div class=\"elementor-image\">\n\t\t\t\t\t\t\t\t\t\t\t\t<img width=\"980\" height=\"768\" src=\"https:\/\/testing.wowtea.eu\/ee\/files\/2021\/05\/BANDS_21-plan-banner-desktop-EE.jpg\" class=\"attachment-large size-large wp-image-95845\" alt=\"\" loading=\"lazy\" srcset=\"https:\/\/testing.wowtea.eu\/ee\/files\/2021\/05\/BANDS_21-plan-banner-desktop-EE.jpg 980w, https:\/\/testing.wowtea.eu\/ee\/files\/2021\/05\/BANDS_21-plan-banner-desktop-EE-300x235.jpg 300w, https:\/\/testing.wowtea.eu\/ee\/files\/2021\/05\/BANDS_21-plan-banner-desktop-EE-768x602.jpg 768w, https:\/\/testing.wowtea.eu\/ee\/files\/2021\/05\/BANDS_21-plan-banner-desktop-EE-600x470.jpg 600w\" sizes=\"(max-width: 980px) 100vw, 980px\" \/>\t\t\t\t\t\t\t\t\t\t\t\t\t\t<\/div>\n\t\t\t\t\t\t<\/div>\n\t\t\t\t<\/div>\n\t\t\t\t\t\t<\/div>\n\t\t\t\t\t<\/div>\n\t\t<\/div>\n\t\t\t\t<div class=\"elementor-column elementor-col-50 elementor-top-column elementor-element elementor-element-10330e11\" data-id=\"10330e11\" data-element_type=\"column\" data-settings=\"{&quot;background_background&quot;:&quot;classic&quot;}\">\n\t\t\t<div class=\"elementor-column-wrap elementor-element-populated\">\n\t\t\t\t\t\t\t<div class=\"elementor-widget-wrap\">\n\t\t\t\t\t\t<div class=\"elementor-element elementor-element-592e8368 elementor-widget elementor-widget-heading\" data-id=\"592e8368\" data-element_type=\"widget\" data-widget_type=\"heading.default\">\n\t\t\t\t<div class=\"elementor-widget-container\">\n\t\t\t<h2 class=\"elementor-heading-title elementor-size-default\">21-p\u00e4evane tasuta treeningplaan mahlaka tagumiku jaoks - treeningprogramm, mida KODUS teha<\/h2>\t\t<\/div>\n\t\t\t\t<\/div>\n\t\t\t\t<div class=\"elementor-element elementor-element-50df66e elementor-widget elementor-widget-text-editor\" data-id=\"50df66e\" data-element_type=\"widget\" data-widget_type=\"text-editor.default\">\n\t\t\t\t<div class=\"elementor-widget-container\">\n\t\t\t\t\t\t\t\t<div class=\"elementor-text-editor elementor-clearfix\">\n\t\t\t\t<p><strong class=\"vc_custom_heading text-u vc_custom_1583247945314 text-u urus_vc_custom_5f7aec27ce800 vc_custom_1583247945314\">E-RAAMAT<\/strong><\/p><p>Juicy Booty 21-p\u00e4evane treeningkava on digitaalne treeningprogramm, mida saab teha kodus (v\u00f5i kus iganes soovid!) Booty Goals Band&#8217;i abil. See treeningprogramm on spetsiaalselt loodud selleks, et aidata teil kujundada v\u00f5rgutav \u00fcmar tagumik, toonida reied ja vormida kaunis v\u00f6\u00f6koht &#8211; ja see k\u00f5ik v\u00f5tab vaid 15 minutit p\u00e4evas n\u00e4htavate ja vapustavate tulemuste saamiseks.<\/p>\t\t\t\t\t<\/div>\n\t\t\t\t\t\t<\/div>\n\t\t\t\t<\/div>\n\t\t\t\t\t\t<\/div>\n\t\t\t\t\t<\/div>\n\t\t<\/div>\n\t\t\t\t\t\t\t\t<\/div>\n\t\t\t\t\t<\/div>\n\t\t<\/section>\n\t\t\t\t<section class=\"elementor-section elementor-top-section elementor-element elementor-element-4e055771 elementor-section-boxed elementor-section-height-default elementor-section-height-default\" data-id=\"4e055771\" data-element_type=\"section\">\n\t\t\t\t\t\t<div class=\"elementor-container elementor-column-gap-default\">\n\t\t\t\t\t\t\t<div class=\"elementor-row\">\n\t\t\t\t\t<div class=\"elementor-column elementor-col-100 elementor-top-column elementor-element elementor-element-7fd65cdb\" data-id=\"7fd65cdb\" data-element_type=\"column\">\n\t\t\t<div class=\"elementor-column-wrap elementor-element-populated\">\n\t\t\t\t\t\t\t<div class=\"elementor-widget-wrap\">\n\t\t\t\t\t\t<div class=\"elementor-element elementor-element-70ccdf06 elementor-widget elementor-widget-custom_title\" data-id=\"70ccdf06\" data-element_type=\"widget\" data-widget_type=\"custom_title.default\">\n\t\t\t\t<div class=\"elementor-widget-container\">\n\t\t\t      <!-- border_title center_border -->\n      \n               <div class=\"custom_title\"  >\n            <h2 class=\"title  \"><span>Kui tellite Booty Goals Band KOMPLEKTi, saate TASUTA:<\/span> <\/h2>\n         <\/div>\n      \n\n   \t\t<\/div>\n\t\t\t\t<\/div>\n\t\t\t\t<div class=\"elementor-element elementor-element-14928b58 elementor-widget elementor-widget-image\" data-id=\"14928b58\" data-element_type=\"widget\" data-widget_type=\"image.default\">\n\t\t\t\t<div class=\"elementor-widget-container\">\n\t\t\t\t\t\t\t\t<div class=\"elementor-image\">\n\t\t\t\t\t\t\t\t\t\t\t\t<img width=\"600\" height=\"149\" src=\"https:\/\/testing.wowtea.eu\/ee\/files\/2021\/05\/products_combo-2.jpg\" class=\"attachment-large size-large wp-image-95819\" alt=\"\" loading=\"lazy\" srcset=\"https:\/\/testing.wowtea.eu\/ee\/files\/2021\/05\/products_combo-2.jpg 600w, https:\/\/testing.wowtea.eu\/ee\/files\/2021\/05\/products_combo-2-300x75.jpg 300w\" sizes=\"(max-width: 600px) 100vw, 600px\" \/>\t\t\t\t\t\t\t\t\t\t\t\t\t\t<\/div>\n\t\t\t\t\t\t<\/div>\n\t\t\t\t<\/div>\n\t\t\t\t<div class=\"elementor-element elementor-element-27dfd666 elementor-widget elementor-widget-text-editor\" data-id=\"27dfd666\" data-element_type=\"widget\" data-widget_type=\"text-editor.default\">\n\t\t\t\t<div class=\"elementor-widget-container\">\n\t\t\t\t\t\t\t\t<div class=\"elementor-text-editor elementor-clearfix\">\n\t\t\t\t<p><img loading=\"lazy\" class=\"alignnone size-full wp-image-7074\" src=\"https:\/\/bodygoalsclub.com\/wp-content\/uploads\/tik-che_20x20.png\" alt=\"\" width=\"20\" height=\"21\" \/>\u00a0Stiilne kott Booty Goals Band lindile &#8211; kasutage seda mugavalt oma kodus v\u00f5i tooge oma lindid kuskile kaasa ja \u00e4rge j\u00e4tke treeningut vahele!<\/p><p><img loading=\"lazy\" class=\"alignnone size-full wp-image-7074\" src=\"https:\/\/bodygoalsclub.com\/wp-content\/uploads\/tik-che_20x20.png\" alt=\"\" width=\"20\" height=\"21\" \/>\u00a021-p\u00e4evane tasuta treeningplaan mahlaka tagumiku jaoks &#8211; treeningprogramm, mida KODUS teha<\/p>\t\t\t\t\t<\/div>\n\t\t\t\t\t\t<\/div>\n\t\t\t\t<\/div>\n\t\t\t\t\t\t<\/div>\n\t\t\t\t\t<\/div>\n\t\t<\/div>\n\t\t\t\t\t\t\t\t<\/div>\n\t\t\t\t\t<\/div>\n\t\t<\/section>\n\t\t\t\t\t\t\t\t\t<\/div>\n\t\t\t<\/div>\n\t\t\t\t\t<\/div>\n\t\t","protected":false},"excerpt":{"rendered":"<h4 class=\"vc_custom_heading text-u vc_custom_1575298970833 text-u urus_vc_custom_5f7aec27ce380 vc_custom_1575298970833\" style=\"text-align: center\">VASTUPANU LINT<\/h4>\n<div class=\"vc_row wpb_row vc_inner vc_row-fluid\" style=\"text-align: center\">\n<div class=\"wpb_column vc_column_container vc_col-sm-12\">\n<div class=\"vc_column-inner\">\n<div class=\"wpb_wrapper\">\n<div class=\"wpb_text_column wpb_content_element urus_vc_custom_5f7aec27ce3f9 \">\n<div class=\"wpb_wrapper\">\n<p><span class=\"face\">\u2661\u00a0<\/span><strong style=\"color: #b485b2\">Booty Goals Band Tase 1<\/strong><br \/>\n<span class=\"face\">\u2661\u00a0<\/span><strong style=\"color: #b485b2\">Booty Goals Band Tase 2<\/strong><\/p>\n<h4>Efektiivseim KODUtreening \u00fcmarale tagumikule<\/h4>\n<p><span class=\"face\">\u2661\u00a0<\/span><strong style=\"color: #4c4c4c\">Vormi Brasiilia tagumik<\/strong><br \/>\n<span class=\"face\">\u2661\u00a0<\/span><strong style=\"color: #4c4c4c\">Vormige ilusti oma reied<\/strong><br \/>\n<span class=\"face\">\u2661\u00a0<\/span><strong style=\"color: #4c4c4c\">Treenige endale kuumad jalad ja kurvikas figuur<\/strong><\/p>\n<\/div>\n<\/div>\n<\/div>\n<\/div>\n<\/div>\n<\/div>\n<h1 class=\"vc_custom_heading urus_vc_custom_5f7aec27ce471\" style=\"text-align: center;color: #c6558c;font-size: 22px\">+ 21-p\u00e4evane tasuta treeningplaan mahlaka tagumiku jaoks &#8211; treeningprogramm, mida KODUS teha<\/h1>\n<div class=\"vc_row wpb_row vc_inner vc_row-fluid\">\n<div class=\"wpb_column vc_column_container vc_col-sm-12\">\n<div class=\"vc_column-inner\">\n<div class=\"wpb_wrapper\">\n<div class=\"wpb_text_column wpb_content_element urus_vc_custom_5f7aec27ce4ad \">\n<div class=\"wpb_wrapper\">\n<p style=\"text-align: center\"><span class=\"face\">*<\/span>See treeningkava saadetakse p\u00e4rast Booty Goals Band lindi tellimist teie e-posti aadressile pdf-failina!<\/p>\n<\/div>\n<\/div>\n<\/div>\n<\/div>\n<\/div>\n<\/div>\n","protected":false},"featured_media":95879,"comment_status":"open","ping_status":"closed","template":"","meta":{"inline_featured_image":false},"product_cat":[98,197],"product_tag":[],"acf":[],"variations_data":{"95894":{"id":95894,"name":"BOOTY GOALS BAND COMBO","slug":"booty-goals-band-combo","date_created":{"date":"2021-05-05 10:41:02.000000","timezone_type":3,"timezone":"Europe\/Tallinn"},"date_modified":{"date":"2024-04-03 10:28:27.000000","timezone_type":3,"timezone":"Europe\/Tallinn"},"status":"publish","featured":false,"catalog_visibility":"visible","description":"","short_description":"","sku":"WOW-S-BL1BL2","price":"24.6","regular_price":"24.6","sale_price":"","date_on_sale_from":null,"date_on_sale_to":null,"total_sales":"0","tax_status":"taxable","tax_class":"parent","manage_stock":false,"stock_quantity":null,"stock_status":"instock","backorders":"no","low_stock_amount":"","sold_individually":false,"weight":"","length":"","width":"","height":"","upsell_ids":[],"cross_sell_ids":[],"parent_id":95877,"reviews_allowed":false,"purchase_note":"","attributes":{"pa_bands-upsells":"booty-goals-band-combo"},"default_attributes":[],"menu_order":1,"post_password":"","virtual":false,"downloadable":false,"category_ids":[],"tag_ids":[],"shipping_class_id":0,"downloads":[],"image_id":95895,"gallery_image_ids":[],"download_limit":-1,"download_expiry":-1,"rating_counts":[],"average_rating":0,"review_count":0,"attribute_summary":"bands-upsells: BOOTY GOALS BAND COMBO","meta_data":[{"id":537801,"key":"yst_prominent_words_version","value":"1"},{"id":537826,"key":"_gtin","value":""},{"id":537827,"key":"_variable_text_field_1","value":""},{"id":537828,"key":"_variable_text_field_2","value":""},{"id":537829,"key":"_variable_text_field_3","value":""},{"id":537830,"key":"fstr-p-sub","value":""},{"id":884888,"key":"_sold_variation_individually","value":"no"},{"id":884889,"key":"_v_label_field","value":"regular_price"}],"price_html":"<span class=\"woocommerce-Price-amount amount\"><bdi>24.60<span class=\"woocommerce-Price-currencySymbol\">&euro;<\/span><\/bdi><\/span>","image":"<img width=\"600\" height=\"600\" src=\"https:\/\/testing.wowtea.eu\/ee\/files\/2021\/05\/Product-images-combo-600x600-1-2.png\" class=\"attachment-woocommerce_thumbnail size-woocommerce_thumbnail\" alt=\"\" loading=\"lazy\" srcset=\"https:\/\/testing.wowtea.eu\/ee\/files\/2021\/05\/Product-images-combo-600x600-1-2.png 600w, https:\/\/testing.wowtea.eu\/ee\/files\/2021\/05\/Product-images-combo-600x600-1-2-300x300.png 300w, https:\/\/testing.wowtea.eu\/ee\/files\/2021\/05\/Product-images-combo-600x600-1-2-150x150.png 150w, https:\/\/testing.wowtea.eu\/ee\/files\/2021\/05\/Product-images-combo-600x600-1-2-45x45.png 45w, https:\/\/testing.wowtea.eu\/ee\/files\/2021\/05\/Product-images-combo-600x600-1-2-100x100.png 100w\" sizes=\"(max-width: 600px) 100vw, 600px\" \/>","free_delivery":false},"95896":{"id":95896,"name":"2 GOOD TEAM + BOOTY GOALS BAND COMBO","slug":"booty-goals-band-combo-2","date_created":{"date":"2021-05-05 10:41:46.000000","timezone_type":3,"timezone":"Europe\/Tallinn"},"date_modified":{"date":"2024-09-02 11:29:16.000000","timezone_type":3,"timezone":"Europe\/Tallinn"},"status":"publish","featured":false,"catalog_visibility":"visible","description":"","short_description":"","sku":"WOW-P-SFSLFTBL1BL2","price":"56.60","regular_price":"75.40","sale_price":"56.60","date_on_sale_from":null,"date_on_sale_to":null,"total_sales":"0","tax_status":"taxable","tax_class":"parent","manage_stock":false,"stock_quantity":null,"stock_status":"instock","backorders":"no","low_stock_amount":"","sold_individually":false,"weight":"","length":"","width":"","height":"","upsell_ids":[],"cross_sell_ids":[],"parent_id":95877,"reviews_allowed":false,"purchase_note":"","attributes":{"pa_bands-upsells":"2-good-team-booty-goals-band-combo"},"default_attributes":[],"menu_order":2,"post_password":"","virtual":false,"downloadable":false,"category_ids":[],"tag_ids":[],"shipping_class_id":0,"downloads":[],"image_id":102148,"gallery_image_ids":[],"download_limit":-1,"download_expiry":-1,"rating_counts":[],"average_rating":0,"review_count":0,"attribute_summary":"bands-upsells: 2 GOOD TEAM + BOOTY GOALS BAND COMBO","meta_data":[{"id":537832,"key":"yst_prominent_words_version","value":"1"},{"id":537856,"key":"_gtin","value":""},{"id":537857,"key":"_variable_text_field_1","value":""},{"id":537858,"key":"_variable_text_field_2","value":""},{"id":537859,"key":"_variable_text_field_3","value":""},{"id":537860,"key":"fstr-p-sub","value":""},{"id":884890,"key":"_sold_variation_individually","value":"no"},{"id":884891,"key":"_v_label_field","value":""},{"id":1104154,"key":"oms_price_updated_at","value":"2024-09-02T08:29:29.276167Z"},{"id":1104155,"key":"_old_regular_price","value":"74.4"},{"id":1104156,"key":"_old_sale_price","value":"55.8"}],"price_html":"<del aria-hidden=\"true\"><span class=\"woocommerce-Price-amount amount\"><bdi>75.40<span class=\"woocommerce-Price-currencySymbol\">&euro;<\/span><\/bdi><\/span><\/del> <ins><span class=\"woocommerce-Price-amount amount\"><bdi>56.60<span class=\"woocommerce-Price-currencySymbol\">&euro;<\/span><\/bdi><\/span><\/ins>","image":"<img width=\"600\" height=\"600\" src=\"https:\/\/testing.wowtea.eu\/ee\/files\/2020\/12\/2-good-team-booty-goals-bands-600x600-1-600x600.png\" class=\"attachment-woocommerce_thumbnail size-woocommerce_thumbnail\" alt=\"\" loading=\"lazy\" srcset=\"https:\/\/testing.wowtea.eu\/ee\/files\/2020\/12\/2-good-team-booty-goals-bands-600x600-1.png 600w, https:\/\/testing.wowtea.eu\/ee\/files\/2020\/12\/2-good-team-booty-goals-bands-600x600-1-300x300.png 300w, https:\/\/testing.wowtea.eu\/ee\/files\/2020\/12\/2-good-team-booty-goals-bands-600x600-1-150x150.png 150w, https:\/\/testing.wowtea.eu\/ee\/files\/2020\/12\/2-good-team-booty-goals-bands-600x600-1-100x100.png 100w, https:\/\/testing.wowtea.eu\/ee\/files\/2020\/12\/2-good-team-booty-goals-bands-600x600-1-45x45.png 45w\" sizes=\"(max-width: 600px) 100vw, 600px\" \/>","free_delivery":"Tasuta saatmine"},"95897":{"id":95897,"name":"SUPER SLIM ME PROGRAM + BOOTY GOALS BAND COMBO","slug":"booty-goals-band-combo-3","date_created":{"date":"2021-05-05 10:42:20.000000","timezone_type":3,"timezone":"Europe\/Tallinn"},"date_modified":{"date":"2024-09-02 11:29:35.000000","timezone_type":3,"timezone":"Europe\/Tallinn"},"status":"publish","featured":false,"catalog_visibility":"visible","description":"","short_description":"","sku":"WOW-P-SFSLFTBTBBL1BL2","price":"71.20","regular_price":"101.70","sale_price":"71.20","date_on_sale_from":null,"date_on_sale_to":null,"total_sales":"0","tax_status":"taxable","tax_class":"parent","manage_stock":false,"stock_quantity":null,"stock_status":"instock","backorders":"no","low_stock_amount":"","sold_individually":false,"weight":"","length":"","width":"","height":"","upsell_ids":[],"cross_sell_ids":[],"parent_id":95877,"reviews_allowed":false,"purchase_note":"","attributes":{"pa_bands-upsells":"super-slim-me-program-booty-goals-band-combo"},"default_attributes":[],"menu_order":3,"post_password":"","virtual":false,"downloadable":false,"category_ids":[],"tag_ids":[],"shipping_class_id":0,"downloads":[],"image_id":102150,"gallery_image_ids":[],"download_limit":-1,"download_expiry":-1,"rating_counts":[],"average_rating":0,"review_count":0,"attribute_summary":"bands-upsells: SUPER SLIM ME PROGRAM + BOOTY GOALS BAND COMBO","meta_data":[{"id":537863,"key":"yst_prominent_words_version","value":"1"},{"id":537888,"key":"_gtin","value":""},{"id":537889,"key":"_variable_text_field_1","value":""},{"id":537890,"key":"_variable_text_field_2","value":""},{"id":537891,"key":"_variable_text_field_3","value":""},{"id":537892,"key":"fstr-p-sub","value":""},{"id":884892,"key":"_sold_variation_individually","value":"no"},{"id":884893,"key":"_v_label_field","value":""},{"id":1104180,"key":"oms_price_updated_at","value":"2024-09-02T08:29:47.522336Z"},{"id":1104181,"key":"_old_regular_price","value":"100.7"},{"id":1104182,"key":"_old_sale_price","value":"70.5"}],"price_html":"<del aria-hidden=\"true\"><span class=\"woocommerce-Price-amount amount\"><bdi>101.70<span class=\"woocommerce-Price-currencySymbol\">&euro;<\/span><\/bdi><\/span><\/del> <ins><span class=\"woocommerce-Price-amount amount\"><bdi>71.20<span class=\"woocommerce-Price-currencySymbol\">&euro;<\/span><\/bdi><\/span><\/ins>","image":"<img width=\"600\" height=\"600\" src=\"https:\/\/testing.wowtea.eu\/ee\/files\/2020\/12\/Super-Slim-ME-booty-goals-bands-600x600-1-600x600.png\" class=\"attachment-woocommerce_thumbnail size-woocommerce_thumbnail\" alt=\"\" loading=\"lazy\" srcset=\"https:\/\/testing.wowtea.eu\/ee\/files\/2020\/12\/Super-Slim-ME-booty-goals-bands-600x600-1.png 600w, https:\/\/testing.wowtea.eu\/ee\/files\/2020\/12\/Super-Slim-ME-booty-goals-bands-600x600-1-300x300.png 300w, https:\/\/testing.wowtea.eu\/ee\/files\/2020\/12\/Super-Slim-ME-booty-goals-bands-600x600-1-150x150.png 150w, https:\/\/testing.wowtea.eu\/ee\/files\/2020\/12\/Super-Slim-ME-booty-goals-bands-600x600-1-100x100.png 100w, https:\/\/testing.wowtea.eu\/ee\/files\/2020\/12\/Super-Slim-ME-booty-goals-bands-600x600-1-45x45.png 45w\" sizes=\"(max-width: 600px) 100vw, 600px\" \/>","free_delivery":"Tasuta saatmine"}},"free_delivery":false,"currency_name":"&euro;","_links":{"self":[{"href":"https:\/\/testing.wowtea.eu\/ee\/wp-json\/wp\/v2\/product\/95877"}],"collection":[{"href":"https:\/\/testing.wowtea.eu\/ee\/wp-json\/wp\/v2\/product"}],"about":[{"href":"https:\/\/testing.wowtea.eu\/ee\/wp-json\/wp\/v2\/types\/product"}],"replies":[{"embeddable":true,"href":"https:\/\/testing.wowtea.eu\/ee\/wp-json\/wp\/v2\/comments?post=95877"}],"version-history":[{"count":0,"href":"https:\/\/testing.wowtea.eu\/ee\/wp-json\/wp\/v2\/product\/95877\/revisions"}],"wp:featuredmedia":[{"embeddable":true,"href":"https:\/\/testing.wowtea.eu\/ee\/wp-json\/wp\/v2\/media\/95879"}],"wp:attachment":[{"href":"https:\/\/testing.wowtea.eu\/ee\/wp-json\/wp\/v2\/media?parent=95877"}],"wp:term":[{"taxonomy":"product_cat","embeddable":true,"href":"https:\/\/testing.wowtea.eu\/ee\/wp-json\/wp\/v2\/product_cat?post=95877"},{"taxonomy":"product_tag","embeddable":true,"href":"https:\/\/testing.wowtea.eu\/ee\/wp-json\/wp\/v2\/product_tag?post=95877"}],"curies":[{"name":"wp","href":"https:\/\/api.w.org\/{rel}","templated":true}]}}