{"id":126230,"date":"2024-06-11T14:08:57","date_gmt":"2024-06-11T12:08:57","guid":{"rendered":"https:\/\/testing.wowtea.eu\/es\/?post_type=product&#038;p=126230"},"modified":"2024-09-23T11:11:28","modified_gmt":"2024-09-23T09:11:28","slug":"summer-biofit-bundle","status":"publish","type":"product","link":"https:\/\/testing.wowtea.eu\/es\/product\/summer-biofit-bundle\/","title":{"rendered":"Summer BioFit Bundle"},"content":{"rendered":"\t\t<div data-elementor-type=\"product-post\" data-elementor-id=\"126230\" class=\"elementor elementor-126230\">\n\t\t\t\t\t\t<div class=\"elementor-inner\">\n\t\t\t\t<div class=\"elementor-section-wrap\">\n\t\t\t\t\t\t\t\t\t<section class=\"elementor-section elementor-top-section elementor-element elementor-element-190d5f3 elementor-section-full_width elementor-section-height-default elementor-section-height-default\" data-id=\"190d5f3\" data-element_type=\"section\">\n\t\t\t\t\t\t<div class=\"elementor-container elementor-column-gap-no\">\n\t\t\t\t\t\t\t<div class=\"elementor-row\">\n\t\t\t\t\t<div class=\"elementor-column elementor-col-100 elementor-top-column elementor-element elementor-element-08cb741\" data-id=\"08cb741\" data-element_type=\"column\">\n\t\t\t<div class=\"elementor-column-wrap elementor-element-populated\">\n\t\t\t\t\t\t\t<div class=\"elementor-widget-wrap\">\n\t\t\t\t\t\t<section class=\"elementor-section elementor-inner-section elementor-element elementor-element-d030684 elementor-section-full_width elementor-hidden-desktop elementor-hidden-tablet elementor-section-height-default elementor-section-height-default\" data-id=\"d030684\" data-element_type=\"section\">\n\t\t\t\t\t\t<div class=\"elementor-container elementor-column-gap-no\">\n\t\t\t\t\t\t\t<div class=\"elementor-row\">\n\t\t\t\t\t<div class=\"elementor-column elementor-col-100 elementor-inner-column elementor-element elementor-element-2331169\" data-id=\"2331169\" data-element_type=\"column\">\n\t\t\t<div class=\"elementor-column-wrap elementor-element-populated\">\n\t\t\t\t\t\t\t<div class=\"elementor-widget-wrap\">\n\t\t\t\t\t\t<div class=\"elementor-element elementor-element-2709ada elementor-widget elementor-widget-image\" data-id=\"2709ada\" data-element_type=\"widget\" data-widget_type=\"image.default\">\n\t\t\t\t<div class=\"elementor-widget-container\">\n\t\t\t\t\t\t\t\t<div class=\"elementor-image\">\n\t\t\t\t\t\t\t\t\t\t\t\t<img width=\"460\" height=\"750\" src=\"https:\/\/testing.wowtea.eu\/files\/2021\/06\/THE-PERFECT-BEACH-DRINK-ummer-detox-M-ES.jpg\" class=\"attachment-full size-full wp-image-95568\" alt=\"\" loading=\"lazy\" srcset=\"https:\/\/testing.wowtea.eu\/files\/2021\/06\/THE-PERFECT-BEACH-DRINK-ummer-detox-M-ES.jpg 460w, https:\/\/testing.wowtea.eu\/files\/2021\/06\/THE-PERFECT-BEACH-DRINK-ummer-detox-M-ES-184x300.jpg 184w\" sizes=\"(max-width: 460px) 100vw, 460px\" \/>\t\t\t\t\t\t\t\t\t\t\t\t\t\t<\/div>\n\t\t\t\t\t\t<\/div>\n\t\t\t\t<\/div>\n\t\t\t\t\t\t<\/div>\n\t\t\t\t\t<\/div>\n\t\t<\/div>\n\t\t\t\t\t\t\t\t<\/div>\n\t\t\t\t\t<\/div>\n\t\t<\/section>\n\t\t\t\t\t\t<\/div>\n\t\t\t\t\t<\/div>\n\t\t<\/div>\n\t\t\t\t\t\t\t\t<\/div>\n\t\t\t\t\t<\/div>\n\t\t<\/section>\n\t\t\t\t<section class=\"elementor-section elementor-top-section elementor-element elementor-element-a1c7bd2 elementor-section-boxed elementor-section-height-default elementor-section-height-default\" data-id=\"a1c7bd2\" data-element_type=\"section\" data-settings=\"{&quot;background_background&quot;:&quot;classic&quot;}\">\n\t\t\t\t\t\t<div class=\"elementor-container elementor-column-gap-default\">\n\t\t\t\t\t\t\t<div class=\"elementor-row\">\n\t\t\t\t\t<div class=\"elementor-column elementor-col-100 elementor-top-column elementor-element elementor-element-4a1fe5f\" data-id=\"4a1fe5f\" data-element_type=\"column\" data-settings=\"{&quot;background_background&quot;:&quot;classic&quot;}\">\n\t\t\t<div class=\"elementor-column-wrap elementor-element-populated\">\n\t\t\t\t\t\t\t<div class=\"elementor-widget-wrap\">\n\t\t\t\t\t\t<div class=\"elementor-element elementor-element-3aafd3a elementor-widget elementor-widget-heading\" data-id=\"3aafd3a\" data-element_type=\"widget\" data-widget_type=\"heading.default\">\n\t\t\t\t<div class=\"elementor-widget-container\">\n\t\t\t<h2 class=\"elementor-heading-title elementor-size-default\"><p style=\"text-align: center;color: crimson;font-size: 40px\">QU\u00c9 PUEDES OBTENER EN LA CAJA?<span style=\"font-size: 28px\"><\/span><\/p><\/h2>\t\t<\/div>\n\t\t\t\t<\/div>\n\t\t\t\t<div class=\"elementor-element elementor-element-8730a8f elementor-widget elementor-widget-pp-info-box-carousel\" data-id=\"8730a8f\" data-element_type=\"widget\" data-settings=\"{&quot;equal_height_boxes&quot;:&quot;yes&quot;}\" data-widget_type=\"pp-info-box-carousel.default\">\n\t\t\t\t<div class=\"elementor-widget-container\">\n\t\t\t\t\t<div class=\"swiper-container-wrap pp-info-box-carousel-wrap swiper-container-wrap-dots-outside\">\n\t\t\t<div class=\"pp-info-box pp-info-box-carousel swiper-container swiper-container-8730a8f\" data-pagination=\".swiper-pagination-8730a8f\" data-arrow-next=\".swiper-button-next-8730a8f\" data-arrow-prev=\".swiper-button-prev-8730a8f\" data-slider-settings=\"{&quot;direction&quot;:&quot;horizontal&quot;,&quot;effect&quot;:&quot;slide&quot;,&quot;speed&quot;:600,&quot;slidesPerView&quot;:2,&quot;spaceBetween&quot;:15,&quot;grabCursor&quot;:false,&quot;autoHeight&quot;:true,&quot;loop&quot;:true,&quot;autoplay&quot;:{&quot;delay&quot;:999999,&quot;disableOnInteraction&quot;:false},&quot;pagination&quot;:{&quot;el&quot;:&quot;.swiper-pagination-8730a8f&quot;,&quot;type&quot;:&quot;bullets&quot;,&quot;clickable&quot;:true},&quot;navigation&quot;:{&quot;nextEl&quot;:&quot;.swiper-button-next-8730a8f&quot;,&quot;prevEl&quot;:&quot;.swiper-button-prev-8730a8f&quot;},&quot;breakpoints&quot;:{&quot;1025&quot;:{&quot;slidesPerView&quot;:2,&quot;spaceBetween&quot;:15},&quot;768&quot;:{&quot;slidesPerView&quot;:2,&quot;spaceBetween&quot;:10},&quot;320&quot;:{&quot;slidesPerView&quot;:1,&quot;spaceBetween&quot;:10}}}\">\n\t\t\t\t<div class=\"swiper-wrapper\">\n\t\t\t\t\t\t\t\t\t<div class=\"swiper-slide\">\n\t\t\t\t\t\t<div class=\"pp-info-box-content-wrap\">\n\t\t\t\t\t\t\t\t\t\t\t\t\t\t\t\t\t\t\t\t\t\t<div class=\"pp-info-box-icon-wrap\">\n\t\t\t\t\t\t\t\t\t\t\t\t\t\t\t\t\t\t\t\t\t<span class=\"pp-info-box-icon pp-icon\">\n\t\t\t\t\t\t\t\t\t<img src=\"https:\/\/testing.wowtea.eu\/files\/2024\/05\/WOWTEA-WEB-Summer-editions-Detox-Shop-1.png\" alt=\"WOWTEA-WEB-Summer-editions-Detox-Shop\">\t\t\t\t\t\t\t<\/span>\n\t\t\t\t\t\t\t\t\t\t\t\t\t\t\t\t\t\t\t\t<\/div>\n\t\t\t\t\t\t\t\t\t\t\t\t\t\t<div class=\"pp-info-box-content\">\n\t\t\t\t\t\t\t\t<div class=\"pp-info-box-title-wrap\">\n\t\t\t\t\t\t\t\t\t<div class=\"pp-info-box-title-container\"><h2 class=\"pp-info-box-title\">Summer Tropicana Detox t\u00e9<\/h2><\/div>\t\t\t\t\t\t\t\t<\/div>\n\n\t\t\t\t\t\t\t\t\n\t\t\t\t\t\t\t\t\t\t\t\t\t\t\t\t\t<div class=\"pp-info-box-description\">\n\t\t\t\t\t\t\t\t\t\t    <ul style=\"font-size:13px\"><br \/>\n        <li><i class=\"fas fa-check\" style=\"color: crimson\"><\/i> <b>Detox de verano de acci\u00f3n r\u00e1pida<\/b><\/li><br \/>\n        <li><i class=\"fas fa-check\" style=\"color: crimson\"><\/i> <b>Elimina toxinas y retenci\u00f3n de agua.<\/b><\/li><br \/>\n        <li><i class=\"fas fa-check\" style=\"color: crimson\"><\/i> <b>Aumenta el metabolismo y la digesti\u00f3n.<\/b><\/li><br \/>\n        <li><i class=\"fas fa-check\" style=\"color: crimson\"><\/i> <b>Efecto visible en la cintura de verano.<\/b><\/li><br \/>\n        <li><i class=\"fas fa-check\" style=\"color: crimson\"><\/i> <b>Refrescante sabor a c\u00edtricos tropicales.<\/b><\/li> <br \/>\n    <\/ul><br \/>\n\t\t\t\t\t\t\t\t\t<\/div>\n\t\t\t\t\t\t\t\t\t\t\t\t\t\t\t\t\t\n\t\t\t\t\t\t\t\t\t\t\t\t\t\t\t\t\t\t\t\t\t\t\t<\/div>\n\t\t\t\t\t\t<\/div>\n\t\t\t\t\t<\/div>\n\t\t\t\t\t\t\t\t\t\t<div class=\"swiper-slide\">\n\t\t\t\t\t\t<div class=\"pp-info-box-content-wrap\">\n\t\t\t\t\t\t\t\t\t\t\t\t\t\t\t\t\t\t\t\t\t\t<div class=\"pp-info-box-icon-wrap\">\n\t\t\t\t\t\t\t\t\t\t\t\t\t\t\t\t\t\t\t\t\t<span class=\"pp-info-box-icon pp-icon\">\n\t\t\t\t\t\t\t\t\t<img src=\"https:\/\/testing.wowtea.eu\/files\/2024\/05\/WOWTEA-WEB-Summer-editions-Slimfit-Shop.png\" alt=\"WOWTEA-WEB-Summer-editions-Slimfit-Shop\">\t\t\t\t\t\t\t<\/span>\n\t\t\t\t\t\t\t\t\t\t\t\t\t\t\t\t\t\t\t\t<\/div>\n\t\t\t\t\t\t\t\t\t\t\t\t\t\t<div class=\"pp-info-box-content\">\n\t\t\t\t\t\t\t\t<div class=\"pp-info-box-title-wrap\">\n\t\t\t\t\t\t\t\t\t<div class=\"pp-info-box-title-container\"><h2 class=\"pp-info-box-title\">Summer Tropicana Slimfit t\u00e9<\/h2><\/div>\t\t\t\t\t\t\t\t<\/div>\n\n\t\t\t\t\t\t\t\t\n\t\t\t\t\t\t\t\t\t\t\t\t\t\t\t\t\t<div class=\"pp-info-box-description\">\n\t\t\t\t\t\t\t\t\t\t    <ul style=\"font-size:13px\"><br \/>\n        <li><i class=\"fas fa-check\" style=\"color: crimson\"><\/i> <b>Acci\u00f3n m\u00e1s r\u00e1pida &#8211; mejor forma<\/b><\/li><br \/>\n        <li><i class=\"fas fa-check\" style=\"color: crimson\"><\/i> <b>Acelera la quema de grasa<\/b><\/li><br \/>\n        <li><i class=\"fas fa-check\" style=\"color: crimson\"><\/i> <b>Elimina la hinchaz\u00f3n y la retenci\u00f3n de agua.<\/b><\/li><br \/>\n        <li><i class=\"fas fa-check\" style=\"color: crimson\"><\/i> <b>Regula el apetito<\/b><\/li><br \/>\n        <li><i class=\"fas fa-check\" style=\"color: crimson\"><\/i> <b>Sabor tropical ex\u00f3tico<\/b><\/li> <br \/>\n      <\/ul>\t\t\t\t\t\t\t\t\t<\/div>\n\t\t\t\t\t\t\t\t\t\t\t\t\t\t\t\t\t\n\t\t\t\t\t\t\t\t\t\t\t\t\t\t\t\t\t\t\t\t\t\t\t<\/div>\n\t\t\t\t\t\t<\/div>\n\t\t\t\t\t<\/div>\n\t\t\t\t\t\t\t\t\t\t<div class=\"swiper-slide\">\n\t\t\t\t\t\t<div class=\"pp-info-box-content-wrap\">\n\t\t\t\t\t\t\t\t\t\t\t\t\t\t\t\t\t\t\t\t\t\t<div class=\"pp-info-box-icon-wrap\">\n\t\t\t\t\t\t\t\t\t\t\t\t\t\t\t\t\t\t\t\t\t<span class=\"pp-info-box-icon pp-icon\">\n\t\t\t\t\t\t\t\t\t<img src=\"https:\/\/testing.wowtea.eu\/files\/\/var\/www\/new.testing.wowtea.eu\/wp-content\/blogs.dir\/14\/files\/2021\/07\/wow-tea-Thermos-ORANGE-product-image.png\" alt=\"wow-tea-Thermos-ORANGE-product-image\">\t\t\t\t\t\t\t<\/span>\n\t\t\t\t\t\t\t\t\t\t\t\t\t\t\t\t\t\t\t\t<\/div>\n\t\t\t\t\t\t\t\t\t\t\t\t\t\t<div class=\"pp-info-box-content\">\n\t\t\t\t\t\t\t\t<div class=\"pp-info-box-title-wrap\">\n\t\t\t\t\t\t\t\t\t<div class=\"pp-info-box-title-container\"><h2 class=\"pp-info-box-title\">Termo naranja con infusor<\/h2><\/div>\t\t\t\t\t\t\t\t<\/div>\n\n\t\t\t\t\t\t\t\t\n\t\t\t\t\t\t\t\t\t\t\t\t\t\t\t\t\t<div class=\"pp-info-box-description\">\n\t\t\t\t\t\t\t\t\t\t    <ul style=\"font-size:13px\"><br \/>\n        <li><i class=\"fas fa-check\" style=\"color: crimson\"><\/i> <b>Materiales de primera calidad<br \/>\n<\/b><\/li><br \/>\n        <li><i class=\"fas fa-check\" style=\"color: crimson\"><\/i> <b>Producto ecol\u00f3gico reutilizable<br \/>\n<\/b><\/li><br \/>\n        <li><i class=\"fas fa-check\" style=\"color: crimson\"><\/i> <b>Infusor para una excelente filtraci\u00f3n <\/b><\/li><br \/>\n        <li><i class=\"fas fa-check\" style=\"color: crimson\"><\/i> <b>Caliente durante 12 horas y fr\u00edo durante 24 horas. <\/b><\/li><br \/>\n        <li><i class=\"fas fa-check\" style=\"color: crimson\"><\/i> <b>Dise\u00f1o de lujo<\/b><\/li><br \/>\n        <li><i class=\"fas fa-check\" style=\"color: crimson\"><\/i> <b>F\u00e1cil de usar<\/b><\/li><br \/>\n      <\/ul>\t\t\t\t\t\t\t\t\t<\/div>\n\t\t\t\t\t\t\t\t\t\t\t\t\t\t\t\t\t\n\t\t\t\t\t\t\t\t\t\t\t\t\t\t\t\t\t\t\t\t\t\t\t<\/div>\n\t\t\t\t\t\t<\/div>\n\t\t\t\t\t<\/div>\n\t\t\t\t\t\t\t\t\t<\/div>\n\t\t\t<\/div>\n\t\t\t\t\t\t<!-- Add Pagination -->\n\t\t\t<div class=\"swiper-pagination swiper-pagination-8730a8f\"><\/div>\n\t\t\t\t\t\n\t\t\t\t\t\t\t<!-- Add Arrows -->\n\t\t\t\t<div class=\"swiper-button-prev swiper-button-prev-8730a8f\">\n\t\t\t\t\t<i aria-hidden=\"true\" class=\"fas fa-chevron-left\"><\/i>\n\t\t\t\t<\/div>\n\t\t\t\t<div class=\"swiper-button-next swiper-button-next-8730a8f\">\n\t\t\t\t\t<i aria-hidden=\"true\" class=\"fas fa-chevron-right\"><\/i>\n\t\t\t\t<\/div>\n\t\t\t\t\t\t\t\t<\/div>\n\t\t\t\t<\/div>\n\t\t\t\t<\/div>\n\t\t\t\t\t\t<\/div>\n\t\t\t\t\t<\/div>\n\t\t<\/div>\n\t\t\t\t\t\t\t\t<\/div>\n\t\t\t\t\t<\/div>\n\t\t<\/section>\n\t\t\t\t<section class=\"elementor-section elementor-top-section elementor-element elementor-element-99af8b8 elementor-section-full_width elementor-section-height-default elementor-section-height-default\" data-id=\"99af8b8\" data-element_type=\"section\">\n\t\t\t\t\t\t<div class=\"elementor-container elementor-column-gap-no\">\n\t\t\t\t\t\t\t<div class=\"elementor-row\">\n\t\t\t\t\t<div class=\"elementor-column elementor-col-100 elementor-top-column elementor-element elementor-element-06751d7\" data-id=\"06751d7\" data-element_type=\"column\">\n\t\t\t<div class=\"elementor-column-wrap elementor-element-populated\">\n\t\t\t\t\t\t\t<div class=\"elementor-widget-wrap\">\n\t\t\t\t\t\t<section class=\"elementor-section elementor-inner-section elementor-element elementor-element-ddea6f9 elementor-section-full_width elementor-hidden-phone elementor-section-height-default elementor-section-height-default\" data-id=\"ddea6f9\" data-element_type=\"section\">\n\t\t\t\t\t\t<div class=\"elementor-container elementor-column-gap-no\">\n\t\t\t\t\t\t\t<div class=\"elementor-row\">\n\t\t\t\t\t<div class=\"elementor-column elementor-col-100 elementor-inner-column elementor-element elementor-element-488dc53\" data-id=\"488dc53\" data-element_type=\"column\">\n\t\t\t<div class=\"elementor-column-wrap elementor-element-populated\">\n\t\t\t\t\t\t\t<div class=\"elementor-widget-wrap\">\n\t\t\t\t\t\t<div class=\"elementor-element elementor-element-b8fae05 elementor-widget elementor-widget-image\" data-id=\"b8fae05\" data-element_type=\"widget\" data-widget_type=\"image.default\">\n\t\t\t\t<div class=\"elementor-widget-container\">\n\t\t\t\t\t\t\t\t<div class=\"elementor-image\">\n\t\t\t\t\t\t\t\t\t\t\t\t<img width=\"1920\" height=\"1150\" src=\"https:\/\/testing.wowtea.eu\/files\/2021\/06\/THE-PERFECT-BEACH-DRINK-ummer-detox-D-ES.jpg\" class=\"attachment-full size-full wp-image-95567\" alt=\"\" loading=\"lazy\" srcset=\"https:\/\/testing.wowtea.eu\/files\/2021\/06\/THE-PERFECT-BEACH-DRINK-ummer-detox-D-ES.jpg 1920w, https:\/\/testing.wowtea.eu\/files\/2021\/06\/THE-PERFECT-BEACH-DRINK-ummer-detox-D-ES-300x180.jpg 300w, https:\/\/testing.wowtea.eu\/files\/2021\/06\/THE-PERFECT-BEACH-DRINK-ummer-detox-D-ES-1024x613.jpg 1024w, https:\/\/testing.wowtea.eu\/files\/2021\/06\/THE-PERFECT-BEACH-DRINK-ummer-detox-D-ES-768x460.jpg 768w, https:\/\/testing.wowtea.eu\/files\/2021\/06\/THE-PERFECT-BEACH-DRINK-ummer-detox-D-ES-1536x920.jpg 1536w, https:\/\/testing.wowtea.eu\/files\/2021\/06\/THE-PERFECT-BEACH-DRINK-ummer-detox-D-ES-600x359.jpg 600w\" sizes=\"(max-width: 1920px) 100vw, 1920px\" \/>\t\t\t\t\t\t\t\t\t\t\t\t\t\t<\/div>\n\t\t\t\t\t\t<\/div>\n\t\t\t\t<\/div>\n\t\t\t\t\t\t<\/div>\n\t\t\t\t\t<\/div>\n\t\t<\/div>\n\t\t\t\t\t\t\t\t<\/div>\n\t\t\t\t\t<\/div>\n\t\t<\/section>\n\t\t\t\t\t\t<\/div>\n\t\t\t\t\t<\/div>\n\t\t<\/div>\n\t\t\t\t\t\t\t\t<\/div>\n\t\t\t\t\t<\/div>\n\t\t<\/section>\n\t\t\t\t<section class=\"elementor-section elementor-top-section elementor-element elementor-element-bedb11d elementor-section-boxed elementor-section-height-default elementor-section-height-default\" data-id=\"bedb11d\" data-element_type=\"section\">\n\t\t\t\t\t\t<div class=\"elementor-container elementor-column-gap-default\">\n\t\t\t\t\t\t\t<div class=\"elementor-row\">\n\t\t\t\t\t<div class=\"elementor-column elementor-col-100 elementor-top-column elementor-element elementor-element-7751100\" data-id=\"7751100\" data-element_type=\"column\">\n\t\t\t<div class=\"elementor-column-wrap elementor-element-populated\">\n\t\t\t\t\t\t\t<div class=\"elementor-widget-wrap\">\n\t\t\t\t\t\t<div class=\"elementor-element elementor-element-ca4f280 elementor-widget elementor-widget-html\" data-id=\"ca4f280\" data-element_type=\"widget\" data-widget_type=\"html.default\">\n\t\t\t\t<div class=\"elementor-widget-container\">\n\t\t\t<!-- TrustBox widget - Carousel -->\r\n<div class=\"trustpilot-widget\" data-locale=\"es-ES\" data-template-id=\"53aa8912dec7e10d38f59f36\" data-businessunit-id=\"60029def312cb900013df992\" data-style-height=\"320px\" data-style-width=\"100%\" data-theme=\"light\" data-tags=\"ES\" data-stars=\"1,2,3,4,5\">\r\n  <a href=\"https:\/\/es.trustpilot.com\/review\/testing.wowtea.eu\" target=\"_blank\" rel=\"noopener\">Trustpilot<\/a>\r\n<\/div>\r\n<!-- End TrustBox widget -->\t\t<\/div>\n\t\t\t\t<\/div>\n\t\t\t\t\t\t<\/div>\n\t\t\t\t\t<\/div>\n\t\t<\/div>\n\t\t\t\t\t\t\t\t<\/div>\n\t\t\t\t\t<\/div>\n\t\t<\/section>\n\t\t\t\t\t\t\t\t\t<\/div>\n\t\t\t<\/div>\n\t\t\t\t\t<\/div>\n\t\t","protected":false},"excerpt":{"rendered":"<p>Summer Tropicana Detox t\u00e9<br \/>\nSummer Tropicana Slimfit t\u00e9<br \/>\nTermo naranja con infusor<\/p>\n","protected":false},"featured_media":126207,"comment_status":"open","ping_status":"closed","template":"","meta":{"inline_featured_image":false},"product_cat":[447,442,525],"product_tag":[],"acf":[],"variations_data":[],"free_delivery":false,"currency_name":"&euro;","_links":{"self":[{"href":"https:\/\/testing.wowtea.eu\/es\/wp-json\/wp\/v2\/product\/126230"}],"collection":[{"href":"https:\/\/testing.wowtea.eu\/es\/wp-json\/wp\/v2\/product"}],"about":[{"href":"https:\/\/testing.wowtea.eu\/es\/wp-json\/wp\/v2\/types\/product"}],"replies":[{"embeddable":true,"href":"https:\/\/testing.wowtea.eu\/es\/wp-json\/wp\/v2\/comments?post=126230"}],"version-history":[{"count":0,"href":"https:\/\/testing.wowtea.eu\/es\/wp-json\/wp\/v2\/product\/126230\/revisions"}],"wp:featuredmedia":[{"embeddable":true,"href":"https:\/\/testing.wowtea.eu\/es\/wp-json\/wp\/v2\/media\/126207"}],"wp:attachment":[{"href":"https:\/\/testing.wowtea.eu\/es\/wp-json\/wp\/v2\/media?parent=126230"}],"wp:term":[{"taxonomy":"product_cat","embeddable":true,"href":"https:\/\/testing.wowtea.eu\/es\/wp-json\/wp\/v2\/product_cat?post=126230"},{"taxonomy":"product_tag","embeddable":true,"href":"https:\/\/testing.wowtea.eu\/es\/wp-json\/wp\/v2\/product_tag?post=126230"}],"curies":[{"name":"wp","href":"https:\/\/api.w.org\/{rel}","templated":true}]}}