{"id":72395,"date":"2020-11-30T18:01:38","date_gmt":"2020-11-30T16:01:38","guid":{"rendered":"https:\/\/testing.wowtea.eu\/hr\/?post_type=product&#038;p=72395"},"modified":"2024-09-02T13:44:09","modified_gmt":"2024-09-02T11:44:09","slug":"wellness-vita-duo","status":"publish","type":"product","link":"https:\/\/testing.wowtea.eu\/hr\/product\/wellness-vita-duo\/","title":{"rendered":"Wellness Vita Duo"},"content":{"rendered":"\t\t<div data-elementor-type=\"product-post\" data-elementor-id=\"72395\" class=\"elementor elementor-72395\">\n\t\t\t\t\t\t<div class=\"elementor-inner\">\n\t\t\t\t<div class=\"elementor-section-wrap\">\n\t\t\t\t\t\t\t\t\t<section class=\"elementor-section elementor-top-section elementor-element elementor-element-addc7aa elementor-section-boxed elementor-section-height-default elementor-section-height-default\" data-id=\"addc7aa\" data-element_type=\"section\" data-settings=\"{&quot;background_background&quot;:&quot;classic&quot;}\">\n\t\t\t\t\t\t<div class=\"elementor-container elementor-column-gap-default\">\n\t\t\t\t\t\t\t<div class=\"elementor-row\">\n\t\t\t\t\t<div class=\"elementor-column elementor-col-100 elementor-top-column elementor-element elementor-element-e0c8d63\" data-id=\"e0c8d63\" data-element_type=\"column\">\n\t\t\t<div class=\"elementor-column-wrap elementor-element-populated\">\n\t\t\t\t\t\t\t<div class=\"elementor-widget-wrap\">\n\t\t\t\t\t\t<div class=\"elementor-element elementor-element-8e7d998 elementor-widget elementor-widget-heading\" data-id=\"8e7d998\" data-element_type=\"widget\" data-widget_type=\"heading.default\">\n\t\t\t\t<div class=\"elementor-widget-container\">\n\t\t\t<h2 class=\"elementor-heading-title elementor-size-default\">WELLNESS <span style=\"color:#D60057\">VITA<\/span> <span style=\"color:#000\">DUO<\/span><\/h2>\t\t<\/div>\n\t\t\t\t<\/div>\n\t\t\t\t<section class=\"elementor-section elementor-inner-section elementor-element elementor-element-3058feb elementor-section-boxed elementor-section-height-default elementor-section-height-default\" data-id=\"3058feb\" data-element_type=\"section\">\n\t\t\t\t\t\t<div class=\"elementor-container elementor-column-gap-default\">\n\t\t\t\t\t\t\t<div class=\"elementor-row\">\n\t\t\t\t\t<div class=\"elementor-column elementor-col-25 elementor-inner-column elementor-element elementor-element-1e2a3b4\" data-id=\"1e2a3b4\" data-element_type=\"column\">\n\t\t\t<div class=\"elementor-column-wrap elementor-element-populated\">\n\t\t\t\t\t\t\t<div class=\"elementor-widget-wrap\">\n\t\t\t\t\t\t<div class=\"elementor-element elementor-element-1576207 elementor-widget elementor-widget-image\" data-id=\"1576207\" data-element_type=\"widget\" data-widget_type=\"image.default\">\n\t\t\t\t<div class=\"elementor-widget-container\">\n\t\t\t\t\t\t\t\t<div class=\"elementor-image\">\n\t\t\t\t\t\t\t\t\t\t\t\t<img width=\"95\" height=\"136\" src=\"https:\/\/testing.wowtea.eu\/hr\/files\/2020\/08\/premium.png\" class=\"attachment-full size-full wp-image-72187\" alt=\"Premium Quality\" loading=\"lazy\" \/>\t\t\t\t\t\t\t\t\t\t\t\t\t\t<\/div>\n\t\t\t\t\t\t<\/div>\n\t\t\t\t<\/div>\n\t\t\t\t\t\t<\/div>\n\t\t\t\t\t<\/div>\n\t\t<\/div>\n\t\t\t\t<div class=\"elementor-column elementor-col-25 elementor-inner-column elementor-element elementor-element-02638c1\" data-id=\"02638c1\" data-element_type=\"column\">\n\t\t\t<div class=\"elementor-column-wrap elementor-element-populated\">\n\t\t\t\t\t\t\t<div class=\"elementor-widget-wrap\">\n\t\t\t\t\t\t<div class=\"elementor-element elementor-element-fb9c8dd elementor-widget elementor-widget-image\" data-id=\"fb9c8dd\" data-element_type=\"widget\" data-widget_type=\"image.default\">\n\t\t\t\t<div class=\"elementor-widget-container\">\n\t\t\t\t\t\t\t\t<div class=\"elementor-image\">\n\t\t\t\t\t\t\t\t\t\t\t\t<img width=\"95\" height=\"136\" src=\"https:\/\/testing.wowtea.eu\/hr\/files\/2020\/08\/hot-cold.png\" class=\"attachment-full size-full wp-image-72186\" alt=\"hot-cold\" loading=\"lazy\" \/>\t\t\t\t\t\t\t\t\t\t\t\t\t\t<\/div>\n\t\t\t\t\t\t<\/div>\n\t\t\t\t<\/div>\n\t\t\t\t\t\t<\/div>\n\t\t\t\t\t<\/div>\n\t\t<\/div>\n\t\t\t\t<div class=\"elementor-column elementor-col-25 elementor-inner-column elementor-element elementor-element-bbe4168\" data-id=\"bbe4168\" data-element_type=\"column\">\n\t\t\t<div class=\"elementor-column-wrap elementor-element-populated\">\n\t\t\t\t\t\t\t<div class=\"elementor-widget-wrap\">\n\t\t\t\t\t\t<div class=\"elementor-element elementor-element-a3692bc elementor-widget elementor-widget-image\" data-id=\"a3692bc\" data-element_type=\"widget\" data-widget_type=\"image.default\">\n\t\t\t\t<div class=\"elementor-widget-container\">\n\t\t\t\t\t\t\t\t<div class=\"elementor-image\">\n\t\t\t\t\t\t\t\t\t\t\t\t<img width=\"98\" height=\"136\" src=\"https:\/\/testing.wowtea.eu\/hr\/files\/2020\/08\/all-natural.png\" class=\"attachment-full size-full wp-image-72184\" alt=\"all-natural\" loading=\"lazy\" \/>\t\t\t\t\t\t\t\t\t\t\t\t\t\t<\/div>\n\t\t\t\t\t\t<\/div>\n\t\t\t\t<\/div>\n\t\t\t\t\t\t<\/div>\n\t\t\t\t\t<\/div>\n\t\t<\/div>\n\t\t\t\t<div class=\"elementor-column elementor-col-25 elementor-inner-column elementor-element elementor-element-3bf1644\" data-id=\"3bf1644\" data-element_type=\"column\">\n\t\t\t<div class=\"elementor-column-wrap elementor-element-populated\">\n\t\t\t\t\t\t\t<div class=\"elementor-widget-wrap\">\n\t\t\t\t\t\t<div class=\"elementor-element elementor-element-88a49a2 elementor-widget elementor-widget-image\" data-id=\"88a49a2\" data-element_type=\"widget\" data-widget_type=\"image.default\">\n\t\t\t\t<div class=\"elementor-widget-container\">\n\t\t\t\t\t\t\t\t<div class=\"elementor-image\">\n\t\t\t\t\t\t\t\t\t\t\t\t<img width=\"111\" height=\"136\" src=\"https:\/\/testing.wowtea.eu\/hr\/files\/2020\/08\/no-chem.png\" class=\"attachment-full size-full wp-image-72185\" alt=\"no-chem\" loading=\"lazy\" \/>\t\t\t\t\t\t\t\t\t\t\t\t\t\t<\/div>\n\t\t\t\t\t\t<\/div>\n\t\t\t\t<\/div>\n\t\t\t\t\t\t<\/div>\n\t\t\t\t\t<\/div>\n\t\t<\/div>\n\t\t\t\t\t\t\t\t<\/div>\n\t\t\t\t\t<\/div>\n\t\t<\/section>\n\t\t\t\t\t\t<\/div>\n\t\t\t\t\t<\/div>\n\t\t<\/div>\n\t\t\t\t\t\t\t\t<\/div>\n\t\t\t\t\t<\/div>\n\t\t<\/section>\n\t\t\t\t<section class=\"elementor-section elementor-top-section elementor-element elementor-element-ffab143 elementor-section-boxed elementor-section-height-default elementor-section-height-default\" data-id=\"ffab143\" data-element_type=\"section\" data-settings=\"{&quot;shape_divider_top&quot;:&quot;triangle&quot;}\">\n\t\t\t\t\t<div class=\"elementor-shape elementor-shape-top\" data-negative=\"false\">\n\t\t\t<svg xmlns=\"http:\/\/www.w3.org\/2000\/svg\" viewBox=\"0 0 1000 100\" preserveAspectRatio=\"none\">\n\t<path class=\"elementor-shape-fill\" d=\"M500,98.9L0,6.1V0h1000v6.1L500,98.9z\"\/>\n<\/svg>\t\t<\/div>\n\t\t\t\t\t<div class=\"elementor-container elementor-column-gap-default\">\n\t\t\t\t\t\t\t<div class=\"elementor-row\">\n\t\t\t\t\t<div class=\"elementor-column elementor-col-50 elementor-top-column elementor-element elementor-element-8b25903\" data-id=\"8b25903\" data-element_type=\"column\">\n\t\t\t<div class=\"elementor-column-wrap elementor-element-populated\">\n\t\t\t\t\t\t\t<div class=\"elementor-widget-wrap\">\n\t\t\t\t\t\t<div class=\"elementor-element elementor-element-cc07257 elementor-widget elementor-widget-image\" data-id=\"cc07257\" data-element_type=\"widget\" data-widget_type=\"image.default\">\n\t\t\t\t<div class=\"elementor-widget-container\">\n\t\t\t\t\t\t\t\t<div class=\"elementor-image\">\n\t\t\t\t\t\t\t\t\t\t\t\t<img width=\"774\" height=\"767\" src=\"https:\/\/testing.wowtea.eu\/hr\/files\/2020\/08\/2-wellness-1.png\" class=\"attachment-large size-large wp-image-73678\" alt=\"2-wellness-1\" loading=\"lazy\" srcset=\"https:\/\/testing.wowtea.eu\/hr\/files\/2020\/08\/2-wellness-1.png 774w, https:\/\/testing.wowtea.eu\/hr\/files\/2020\/08\/2-wellness-1-300x297.png 300w, https:\/\/testing.wowtea.eu\/hr\/files\/2020\/08\/2-wellness-1-150x150.png 150w, https:\/\/testing.wowtea.eu\/hr\/files\/2020\/08\/2-wellness-1-768x761.png 768w, https:\/\/testing.wowtea.eu\/hr\/files\/2020\/08\/2-wellness-1-600x595.png 600w, https:\/\/testing.wowtea.eu\/hr\/files\/2020\/08\/2-wellness-1-100x100.png 100w\" sizes=\"(max-width: 774px) 100vw, 774px\" \/>\t\t\t\t\t\t\t\t\t\t\t\t\t\t<\/div>\n\t\t\t\t\t\t<\/div>\n\t\t\t\t<\/div>\n\t\t\t\t<div class=\"elementor-element elementor-element-89a61f9 elementor-widget elementor-widget-custom_title\" data-id=\"89a61f9\" data-element_type=\"widget\" data-widget_type=\"custom_title.default\">\n\t\t\t\t<div class=\"elementor-widget-container\">\n\t\t\t      <!-- border_title center_border -->\n      \n               <div class=\"custom_title\"  >\n            <h2 class=\"title  \"><span>WELLNESS TEA<\/span> <small style=\"order: unset\">\u010cAJ ZA ZDRAVLJE, IMUNITET I BALANS<\/small><\/h2>\n         <\/div>\n      \n\n   \t\t<\/div>\n\t\t\t\t<\/div>\n\t\t\t\t<div class=\"elementor-element elementor-element-5be00e3 elementor-widget elementor-widget-prod_info\" data-id=\"5be00e3\" data-element_type=\"widget\" data-widget_type=\"prod_info.default\">\n\t\t\t\t<div class=\"elementor-widget-container\">\n\t\t\t\n               <ul class=\"info_list\">\n                           <li>\n                  <strong>Donosi wellness va\u0161em tijelu<\/strong>\n                  <small>Poma\u017ee u radu unutarnjih organa i nje\u017eno uravnote\u017euje sve njihove procese.<\/small>\n               <\/li>\n                           <li>\n                  <strong>Ja\u010da va\u0161 imunolo\u0161ki sustav<\/strong>\n                  <small>Koristan za ljude koji \u017eele pobolj\u0161ati svoje zdravlje i snagu.<\/small>\n               <\/li>\n                           <li>\n                  <strong>Vodi brigu o sretnim hormonima<\/strong>\n                  <small>Prirodno uskla\u0111uje hormone zdrave razine, poja\u010davaju\u0107i mir.<\/small>\n               <\/li>\n                           <li>\n                  <strong>Poma\u017ee vam da se fokusirate i pamtite bolje<\/strong>\n                  <small>Pobolj\u0161ava koncentraciju i pam\u0107enje, olak\u0161avaju\u0107i u\u010denje.<\/small>\n               <\/li>\n                           <li>\n                  <strong>Ko\u017eu \u010dini blistavom i glatkom<\/strong>\n                  <small>omla\u0111uje ko\u017eu i poja\u010dava proizvodnju novih zdravih stanica.<\/small>\n               <\/li>\n                     <\/ul>\n      \n\n   \t\t<\/div>\n\t\t\t\t<\/div>\n\t\t\t\t\t\t<\/div>\n\t\t\t\t\t<\/div>\n\t\t<\/div>\n\t\t\t\t<div class=\"elementor-column elementor-col-50 elementor-top-column elementor-element elementor-element-5da1831\" data-id=\"5da1831\" data-element_type=\"column\" data-settings=\"{&quot;background_background&quot;:&quot;classic&quot;}\">\n\t\t\t<div class=\"elementor-column-wrap elementor-element-populated\">\n\t\t\t\t\t\t\t<div class=\"elementor-widget-wrap\">\n\t\t\t\t\t\t<div class=\"elementor-element elementor-element-756496e elementor-widget elementor-widget-image\" data-id=\"756496e\" data-element_type=\"widget\" data-widget_type=\"image.default\">\n\t\t\t\t<div class=\"elementor-widget-container\">\n\t\t\t\t\t\t\t\t<div class=\"elementor-image\">\n\t\t\t\t\t\t\t\t\t\t\t\t<img width=\"774\" height=\"767\" src=\"https:\/\/testing.wowtea.eu\/hr\/files\/2020\/08\/2-detox-1-1.png\" class=\"attachment-large size-large wp-image-73677\" alt=\"2-detox-1\" loading=\"lazy\" srcset=\"https:\/\/testing.wowtea.eu\/hr\/files\/2020\/08\/2-detox-1-1.png 774w, https:\/\/testing.wowtea.eu\/hr\/files\/2020\/08\/2-detox-1-1-300x297.png 300w, https:\/\/testing.wowtea.eu\/hr\/files\/2020\/08\/2-detox-1-1-150x150.png 150w, https:\/\/testing.wowtea.eu\/hr\/files\/2020\/08\/2-detox-1-1-768x761.png 768w, https:\/\/testing.wowtea.eu\/hr\/files\/2020\/08\/2-detox-1-1-600x595.png 600w, https:\/\/testing.wowtea.eu\/hr\/files\/2020\/08\/2-detox-1-1-100x100.png 100w\" sizes=\"(max-width: 774px) 100vw, 774px\" \/>\t\t\t\t\t\t\t\t\t\t\t\t\t\t<\/div>\n\t\t\t\t\t\t<\/div>\n\t\t\t\t<\/div>\n\t\t\t\t<div class=\"elementor-element elementor-element-f29f91b elementor-widget elementor-widget-custom_title\" data-id=\"f29f91b\" data-element_type=\"widget\" data-widget_type=\"custom_title.default\">\n\t\t\t\t<div class=\"elementor-widget-container\">\n\t\t\t      <!-- border_title center_border -->\n      \n               <div class=\"custom_title\"  >\n            <h2 class=\"title  \"><span>WOW TEA DETOX<\/span> <small style=\"order: unset\">21-DNEVNI PROGRAM<\/small><\/h2>\n         <\/div>\n      \n\n   \t\t<\/div>\n\t\t\t\t<\/div>\n\t\t\t\t<div class=\"elementor-element elementor-element-ca3a1a9 elementor-widget elementor-widget-prod_info\" data-id=\"ca3a1a9\" data-element_type=\"widget\" data-widget_type=\"prod_info.default\">\n\t\t\t\t<div class=\"elementor-widget-container\">\n\t\t\t\n               <ul class=\"info_list\">\n                           <li>\n                  <strong>Ubrzava metabolizam<\/strong>\n                  <small>Pobolj\u0161ava cjelokupni rad tijela i ubrzava proces sagorijevanja masti.<\/small>\n               <\/li>\n                           <li>\n                  <strong>Uklanja toksine<\/strong>\n                  <small>\u010cisti tijelo i uklanja sve toksine.<\/small>\n               <\/li>\n                           <li>\n                  <strong>Pobolj\u0161ava cirkulaciju krvi<\/strong>\n                  <small>O\u010disti ko\u017eu i uklanja celulit.<\/small>\n               <\/li>\n                           <li>\n                  <strong>Osje\u0107ajte se i izgledajte fantasti\u010dno<\/strong>\n                  <small>kada va\u0161e tijelo radi u svom punom potencijalu<\/small>\n               <\/li>\n                           <li>\n                  <strong>Saznajte vi\u0161e<\/strong>\n                  <small>prona\u0111ite najbolje u sebi<\/small>\n               <\/li>\n                     <\/ul>\n      \n\n   \t\t<\/div>\n\t\t\t\t<\/div>\n\t\t\t\t\t\t<\/div>\n\t\t\t\t\t<\/div>\n\t\t<\/div>\n\t\t\t\t\t\t\t\t<\/div>\n\t\t\t\t\t<\/div>\n\t\t<\/section>\n\t\t\t\t<section class=\"elementor-section elementor-top-section elementor-element elementor-element-81f3091 elementor-section-boxed elementor-section-height-default elementor-section-height-default\" data-id=\"81f3091\" data-element_type=\"section\" data-settings=\"{&quot;background_background&quot;:&quot;classic&quot;}\">\n\t\t\t\t\t\t<div class=\"elementor-container elementor-column-gap-no\">\n\t\t\t\t\t\t\t<div class=\"elementor-row\">\n\t\t\t\t\t<div class=\"elementor-column elementor-col-100 elementor-top-column elementor-element elementor-element-62b2f84\" data-id=\"62b2f84\" data-element_type=\"column\">\n\t\t\t<div class=\"elementor-column-wrap elementor-element-populated\">\n\t\t\t\t\t\t\t<div class=\"elementor-widget-wrap\">\n\t\t\t\t\t\t<div class=\"elementor-element elementor-element-ad77229 elementor-widget elementor-widget-image\" data-id=\"ad77229\" data-element_type=\"widget\" data-widget_type=\"image.default\">\n\t\t\t\t<div class=\"elementor-widget-container\">\n\t\t\t\t\t\t\t\t<div class=\"elementor-image\">\n\t\t\t\t\t\t\t\t\t\t\t\t<img width=\"622\" height=\"138\" src=\"https:\/\/testing.wowtea.eu\/hr\/files\/2020\/08\/flowers-center-2.jpg\" class=\"attachment-full size-full wp-image-73680\" alt=\"\" loading=\"lazy\" srcset=\"https:\/\/testing.wowtea.eu\/hr\/files\/2020\/08\/flowers-center-2.jpg 622w, https:\/\/testing.wowtea.eu\/hr\/files\/2020\/08\/flowers-center-2-300x67.jpg 300w, https:\/\/testing.wowtea.eu\/hr\/files\/2020\/08\/flowers-center-2-600x133.jpg 600w\" sizes=\"(max-width: 622px) 100vw, 622px\" \/>\t\t\t\t\t\t\t\t\t\t\t\t\t\t<\/div>\n\t\t\t\t\t\t<\/div>\n\t\t\t\t<\/div>\n\t\t\t\t\t\t<\/div>\n\t\t\t\t\t<\/div>\n\t\t<\/div>\n\t\t\t\t\t\t\t\t<\/div>\n\t\t\t\t\t<\/div>\n\t\t<\/section>\n\t\t\t\t<section class=\"elementor-section elementor-top-section elementor-element elementor-element-56ea1bf elementor-section-boxed elementor-section-height-default elementor-section-height-default\" data-id=\"56ea1bf\" data-element_type=\"section\">\n\t\t\t\t\t\t<div class=\"elementor-container elementor-column-gap-default\">\n\t\t\t\t\t\t\t<div class=\"elementor-row\">\n\t\t\t\t\t<div class=\"elementor-column elementor-col-100 elementor-top-column elementor-element elementor-element-01dd0ea\" data-id=\"01dd0ea\" data-element_type=\"column\">\n\t\t\t<div class=\"elementor-column-wrap elementor-element-populated\">\n\t\t\t\t\t\t\t<div class=\"elementor-widget-wrap\">\n\t\t\t\t\t\t<div class=\"elementor-element elementor-element-7bc2fe5 elementor-widget elementor-widget-heading\" data-id=\"7bc2fe5\" data-element_type=\"widget\" data-widget_type=\"heading.default\">\n\t\t\t\t<div class=\"elementor-widget-container\">\n\t\t\t<h3 class=\"elementor-heading-title elementor-size-default\">Drevni recept za zdravlje, imunitet i vitalnost moderne dame:<\/h3>\t\t<\/div>\n\t\t\t\t<\/div>\n\t\t\t\t<div class=\"elementor-element elementor-element-202b32b elementor-widget elementor-widget-text-editor\" data-id=\"202b32b\" data-element_type=\"widget\" data-widget_type=\"text-editor.default\">\n\t\t\t\t<div class=\"elementor-widget-container\">\n\t\t\t\t\t\t\t\t<div class=\"elementor-text-editor elementor-clearfix\">\n\t\t\t\t<p>3 u 1: dubok detox + jak imunitet + elegantna i udobna boca \u010daja s infuzerom<br \/>S jedne strane, WOWTEA Detox \u010disti tijelo od toksina, \u0161to ubrzava metabolizam, uklanja vi\u0161ak vode iz stanica te primjetno pomla\u0111uje i napravi ko\u017eu glatku. Da bismo bili zdravi i lijepi \u2013 iznutra i izvana.<br \/>S druge strane, na\u0161 Wellness tea koji sadr\u017ei super zdravo ayurvedsko bilje, pobolj\u0161ava zdravlje i rad unutarnjih organa, ja\u010da imunitet, smanjuje nervnu napetost i pove\u0107ava osje\u0107aj vitalnosti i ravnote\u017ee. Da bismo mogli \u017eivjeti u dobrom zdravlju i unutarnjem miru.<\/p>\t\t\t\t\t<\/div>\n\t\t\t\t\t\t<\/div>\n\t\t\t\t<\/div>\n\t\t\t\t<div class=\"elementor-element elementor-element-37923cd elementor-align-center elementor-widget elementor-widget-button\" data-id=\"37923cd\" data-element_type=\"widget\" data-widget_type=\"button.default\">\n\t\t\t\t<div class=\"elementor-widget-container\">\n\t\t\t\t\t<div class=\"elementor-button-wrapper\">\n\t\t\t<a href=\"?add-to-cart=72395\" class=\"elementor-button-link elementor-button elementor-size-sm\" role=\"button\">\n\t\t\t\t\t\t<span class=\"elementor-button-content-wrapper\">\n\t\t\t\t\t\t<span class=\"elementor-button-text\">ZAPO\u010cNI SADA!<\/span>\n\t\t<\/span>\n\t\t\t\t\t<\/a>\n\t\t<\/div>\n\t\t\t\t<\/div>\n\t\t\t\t<\/div>\n\t\t\t\t\t\t<\/div>\n\t\t\t\t\t<\/div>\n\t\t<\/div>\n\t\t\t\t\t\t\t\t<\/div>\n\t\t\t\t\t<\/div>\n\t\t<\/section>\n\t\t\t\t<section class=\"elementor-section elementor-top-section elementor-element elementor-element-f92d6a7 elementor-section-boxed elementor-section-height-default elementor-section-height-default\" data-id=\"f92d6a7\" data-element_type=\"section\" data-settings=\"{&quot;background_background&quot;:&quot;classic&quot;}\">\n\t\t\t\t\t\t<div class=\"elementor-container elementor-column-gap-no\">\n\t\t\t\t\t\t\t<div class=\"elementor-row\">\n\t\t\t\t\t<div class=\"elementor-column elementor-col-100 elementor-top-column elementor-element elementor-element-23ca3e5\" data-id=\"23ca3e5\" data-element_type=\"column\">\n\t\t\t<div class=\"elementor-column-wrap elementor-element-populated\">\n\t\t\t\t\t\t\t<div class=\"elementor-widget-wrap\">\n\t\t\t\t\t\t<div class=\"elementor-element elementor-element-3542bda elementor-widget elementor-widget-image\" data-id=\"3542bda\" data-element_type=\"widget\" data-widget_type=\"image.default\">\n\t\t\t\t<div class=\"elementor-widget-container\">\n\t\t\t\t\t\t\t\t<div class=\"elementor-image\">\n\t\t\t\t\t\t\t\t\t\t\t\t<img width=\"622\" height=\"138\" src=\"https:\/\/testing.wowtea.eu\/hr\/files\/2020\/08\/flowers-center.jpg\" class=\"attachment-full size-full wp-image-73679\" alt=\"flowers-center\" loading=\"lazy\" srcset=\"https:\/\/testing.wowtea.eu\/hr\/files\/2020\/08\/flowers-center.jpg 622w, https:\/\/testing.wowtea.eu\/hr\/files\/2020\/08\/flowers-center-300x67.jpg 300w, https:\/\/testing.wowtea.eu\/hr\/files\/2020\/08\/flowers-center-600x133.jpg 600w\" sizes=\"(max-width: 622px) 100vw, 622px\" \/>\t\t\t\t\t\t\t\t\t\t\t\t\t\t<\/div>\n\t\t\t\t\t\t<\/div>\n\t\t\t\t<\/div>\n\t\t\t\t\t\t<\/div>\n\t\t\t\t\t<\/div>\n\t\t<\/div>\n\t\t\t\t\t\t\t\t<\/div>\n\t\t\t\t\t<\/div>\n\t\t<\/section>\n\t\t\t\t<section class=\"elementor-section elementor-top-section elementor-element elementor-element-c8e6968 elementor-section-boxed elementor-section-height-default elementor-section-height-default\" data-id=\"c8e6968\" data-element_type=\"section\">\n\t\t\t\t\t\t<div class=\"elementor-container elementor-column-gap-default\">\n\t\t\t\t\t\t\t<div class=\"elementor-row\">\n\t\t\t\t\t<div class=\"elementor-column elementor-col-100 elementor-top-column elementor-element elementor-element-7fe19fa\" data-id=\"7fe19fa\" data-element_type=\"column\">\n\t\t\t<div class=\"elementor-column-wrap elementor-element-populated\">\n\t\t\t\t\t\t\t<div class=\"elementor-widget-wrap\">\n\t\t\t\t\t\t<div class=\"elementor-element elementor-element-1c6e195 elementor-widget elementor-widget-html\" data-id=\"1c6e195\" data-element_type=\"widget\" data-widget_type=\"html.default\">\n\t\t\t\t<div class=\"elementor-widget-container\">\n\t\t\t<!-- TrustBox widget - Carousel -->\r\n<div class=\"trustpilot-widget\" data-locale=\"en-US\" data-template-id=\"53aa8912dec7e10d38f59f36\" data-businessunit-id=\"60029def312cb900013df992\" data-style-height=\"320px\" data-style-width=\"100%\" data-theme=\"light\" data-tags=\"CZ\" data-stars=\"1,2,3,4,5\">\r\n  <a href=\"https:\/\/www.trustpilot.com\/review\/testing.wowtea.eu\" target=\"_blank\" rel=\"noopener\">Trustpilot<\/a>\r\n<\/div>\r\n<!-- End TrustBox widget -->\t\t<\/div>\n\t\t\t\t<\/div>\n\t\t\t\t\t\t<\/div>\n\t\t\t\t\t<\/div>\n\t\t<\/div>\n\t\t\t\t\t\t\t\t<\/div>\n\t\t\t\t\t<\/div>\n\t\t<\/section>\n\t\t\t\t\t\t\t\t\t<\/div>\n\t\t\t<\/div>\n\t\t\t\t\t<\/div>\n\t\t","protected":false},"excerpt":{"rendered":"<p>Ko sta va\u0161 cilj razstrupljanje in zdrav \u017eivljenjski slog &#8211; to je najbolj\u0161a ponudba za vas! Globinsko \u010di\u0161\u010denje telesa, mno\u017eica antioksidantov in wellness \u010daj za pove\u010danje va\u0161e imunosti in vitalnosti!<\/p>\n<h4>\u2022 Za\u010dnite globinsko \u010di\u0161\u010denje telesa in odpravite napihnjenost trebuha<\/h4>\n<p>s prvim po\u017eirkom WOW TEA Detoxa, popolnega 21-dnevnega programa lepote!<\/p>\n<h4>\u2022 Okrepite svojo imuniteto in vitalnost<\/h4>\n<p>z najokusnej\u0161im ajurvedskim wellness \u010dajem, ki prina\u0161a \u0161tevilne zdravstvene koristi.<\/p>\n<h4>\u2022 Najbolj\u0161a rutina zdravega na\u010dina \u017eivljenja,<\/h4>\n<p>ki ste jo kdaj poskusili! Zagotovite si razstrupitev celotnega telesa, hitrej\u0161o presnovo, sijo\u010do ko\u017eo in mo\u010dnej\u0161o imuniteto! Povsem naraven na\u010din.<\/p>\n","protected":false},"featured_media":89104,"comment_status":"open","ping_status":"closed","template":"","meta":{"inline_featured_image":false},"product_cat":[42,44],"product_tag":[],"acf":[],"variations_data":[],"free_delivery":false,"currency_name":"&euro;","_links":{"self":[{"href":"https:\/\/testing.wowtea.eu\/hr\/wp-json\/wp\/v2\/product\/72395"}],"collection":[{"href":"https:\/\/testing.wowtea.eu\/hr\/wp-json\/wp\/v2\/product"}],"about":[{"href":"https:\/\/testing.wowtea.eu\/hr\/wp-json\/wp\/v2\/types\/product"}],"replies":[{"embeddable":true,"href":"https:\/\/testing.wowtea.eu\/hr\/wp-json\/wp\/v2\/comments?post=72395"}],"version-history":[{"count":0,"href":"https:\/\/testing.wowtea.eu\/hr\/wp-json\/wp\/v2\/product\/72395\/revisions"}],"wp:featuredmedia":[{"embeddable":true,"href":"https:\/\/testing.wowtea.eu\/hr\/wp-json\/wp\/v2\/media\/89104"}],"wp:attachment":[{"href":"https:\/\/testing.wowtea.eu\/hr\/wp-json\/wp\/v2\/media?parent=72395"}],"wp:term":[{"taxonomy":"product_cat","embeddable":true,"href":"https:\/\/testing.wowtea.eu\/hr\/wp-json\/wp\/v2\/product_cat?post=72395"},{"taxonomy":"product_tag","embeddable":true,"href":"https:\/\/testing.wowtea.eu\/hr\/wp-json\/wp\/v2\/product_tag?post=72395"}],"curies":[{"name":"wp","href":"https:\/\/api.w.org\/{rel}","templated":true}]}}