{"id":72456,"date":"2020-12-08T14:06:46","date_gmt":"2020-12-08T12:06:46","guid":{"rendered":"https:\/\/testing.wowtea.eu\/hr\/?post_type=product&#038;p=72456"},"modified":"2024-09-12T15:25:38","modified_gmt":"2024-09-12T13:25:38","slug":"new-year-new-me","status":"publish","type":"product","link":"https:\/\/testing.wowtea.eu\/hr\/product\/new-year-new-me\/","title":{"rendered":"New Year New Me"},"content":{"rendered":"\t\t<div data-elementor-type=\"product-post\" data-elementor-id=\"72456\" class=\"elementor elementor-72456\">\n\t\t\t\t\t\t<div class=\"elementor-inner\">\n\t\t\t\t<div class=\"elementor-section-wrap\">\n\t\t\t\t\t\t\t\t\t<section class=\"elementor-section elementor-top-section elementor-element elementor-element-4eb9cad elementor-section-boxed elementor-section-height-default elementor-section-height-default\" data-id=\"4eb9cad\" data-element_type=\"section\" data-settings=\"{&quot;background_background&quot;:&quot;classic&quot;}\">\n\t\t\t\t\t\t<div class=\"elementor-container elementor-column-gap-default\">\n\t\t\t\t\t\t\t<div class=\"elementor-row\">\n\t\t\t\t\t<div class=\"elementor-column elementor-col-100 elementor-top-column elementor-element elementor-element-6c3fc7a\" data-id=\"6c3fc7a\" data-element_type=\"column\">\n\t\t\t<div class=\"elementor-column-wrap elementor-element-populated\">\n\t\t\t\t\t\t\t<div class=\"elementor-widget-wrap\">\n\t\t\t\t\t\t<div class=\"elementor-element elementor-element-adf3f34 elementor-widget elementor-widget-image\" data-id=\"adf3f34\" data-element_type=\"widget\" data-widget_type=\"image.default\">\n\t\t\t\t<div class=\"elementor-widget-container\">\n\t\t\t\t\t\t\t\t<div class=\"elementor-image\">\n\t\t\t\t\t\t\t\t\t\t\t\t<img width=\"900\" height=\"553\" src=\"https:\/\/testing.wowtea.eu\/hr\/files\/2020\/08\/rejim-section.png\" class=\"attachment-full size-full wp-image-73599\" alt=\"rejim-section\" loading=\"lazy\" srcset=\"https:\/\/testing.wowtea.eu\/hr\/files\/2020\/08\/rejim-section.png 900w, https:\/\/testing.wowtea.eu\/hr\/files\/2020\/08\/rejim-section-300x184.png 300w, https:\/\/testing.wowtea.eu\/hr\/files\/2020\/08\/rejim-section-768x472.png 768w, https:\/\/testing.wowtea.eu\/hr\/files\/2020\/08\/rejim-section-600x369.png 600w\" sizes=\"(max-width: 900px) 100vw, 900px\" \/>\t\t\t\t\t\t\t\t\t\t\t\t\t\t<\/div>\n\t\t\t\t\t\t<\/div>\n\t\t\t\t<\/div>\n\t\t\t\t\t\t<\/div>\n\t\t\t\t\t<\/div>\n\t\t<\/div>\n\t\t\t\t\t\t\t\t<\/div>\n\t\t\t\t\t<\/div>\n\t\t<\/section>\n\t\t\t\t<section class=\"elementor-section elementor-top-section elementor-element elementor-element-12ad0e6 elementor-section-content-middle elementor-section-boxed elementor-section-height-default elementor-section-height-default\" data-id=\"12ad0e6\" data-element_type=\"section\" data-settings=\"{&quot;background_background&quot;:&quot;classic&quot;}\">\n\t\t\t\t\t\t<div class=\"elementor-container elementor-column-gap-default\">\n\t\t\t\t\t\t\t<div class=\"elementor-row\">\n\t\t\t\t\t<div class=\"elementor-column elementor-col-50 elementor-top-column elementor-element elementor-element-2aa3434\" data-id=\"2aa3434\" data-element_type=\"column\">\n\t\t\t<div class=\"elementor-column-wrap elementor-element-populated\">\n\t\t\t\t\t\t\t<div class=\"elementor-widget-wrap\">\n\t\t\t\t\t\t<div class=\"elementor-element elementor-element-e9e5900 elementor-widget elementor-widget-image\" data-id=\"e9e5900\" data-element_type=\"widget\" data-widget_type=\"image.default\">\n\t\t\t\t<div class=\"elementor-widget-container\">\n\t\t\t\t\t\t\t\t<div class=\"elementor-image\">\n\t\t\t\t\t\t\t\t\t\t\t\t<img width=\"500\" height=\"638\" src=\"https:\/\/testing.wowtea.eu\/hr\/files\/2020\/08\/dont-wait-start-crop.png\" class=\"attachment-full size-full wp-image-73602\" alt=\"dont-wait-start-crop\" loading=\"lazy\" srcset=\"https:\/\/testing.wowtea.eu\/hr\/files\/2020\/08\/dont-wait-start-crop.png 500w, https:\/\/testing.wowtea.eu\/hr\/files\/2020\/08\/dont-wait-start-crop-235x300.png 235w\" sizes=\"(max-width: 500px) 100vw, 500px\" \/>\t\t\t\t\t\t\t\t\t\t\t\t\t\t<\/div>\n\t\t\t\t\t\t<\/div>\n\t\t\t\t<\/div>\n\t\t\t\t\t\t<\/div>\n\t\t\t\t\t<\/div>\n\t\t<\/div>\n\t\t\t\t<div class=\"elementor-column elementor-col-50 elementor-top-column elementor-element elementor-element-276261d\" data-id=\"276261d\" data-element_type=\"column\">\n\t\t\t<div class=\"elementor-column-wrap elementor-element-populated\">\n\t\t\t\t\t\t\t<div class=\"elementor-widget-wrap\">\n\t\t\t\t\t\t<div class=\"elementor-element elementor-element-e4cf9c9 elementor-widget elementor-widget-text-editor\" data-id=\"e4cf9c9\" data-element_type=\"widget\" data-widget_type=\"text-editor.default\">\n\t\t\t\t<div class=\"elementor-widget-container\">\n\t\t\t\t\t\t\t\t<div class=\"elementor-text-editor elementor-clearfix\">\n\t\t\t\t<p>\u041c\u043d\u043e\u0433\u043e \u0445\u043e\u0440\u0430 \u043d\u044f\u043c\u0430\u0442 \u0442\u044a\u0440\u043f\u0435\u043d\u0438\u0435 \u0434\u0430 \u0434\u043e\u0439\u0434\u0435 \u041d\u043e\u0432\u0430 \u0433\u043e\u0434\u0438\u043d\u0430, \u0437\u0430 \u0434\u0430 \u0432\u044a\u0437\u043e\u0431\u043d\u043e\u0432\u044f\u0442 \u0441\u0442\u0430\u0440\u0438\u0442\u0435 \u0441\u0438 \u043d\u0430\u0432\u0438\u0446\u0438. \u041d\u0435 \u0431\u044a\u0434\u0438 \u043e\u0442 \u0442\u044f\u0445. \u041d\u0435 \u0441\u0438 \u043e\u0431\u0435\u0449\u0430\u0432\u0430\u0439, \u0430 \u0437\u0430\u043f\u043e\u0447\u043d\u0438. \u041d\u0435 \u0443\u0442\u0440\u0435, \u0441\u0435\u0433\u0430.<\/p>\t\t\t\t\t<\/div>\n\t\t\t\t\t\t<\/div>\n\t\t\t\t<\/div>\n\t\t\t\t<div class=\"elementor-element elementor-element-c64c540 elementor-widget elementor-widget-text-editor\" data-id=\"c64c540\" data-element_type=\"widget\" data-widget_type=\"text-editor.default\">\n\t\t\t\t<div class=\"elementor-widget-container\">\n\t\t\t\t\t\t\t\t<div class=\"elementor-text-editor elementor-clearfix\">\n\t\t\t\t<p>WOW TEA \u0449\u0435 \u0431\u044a\u0434\u0435 \u0434\u043e \u0442\u0435\u0431 \u043f\u0440\u0435\u0437 \u0446\u044f\u043b\u043e\u0442\u043e \u0432\u0440\u0435\u043c\u0435. \u0418\u0437\u0431\u0435\u0440\u0438 \u0441\u0432\u043e\u044f \u0436\u043e\u043a\u0435\u0440 \u043e\u0442 \u043f\u0440\u0438\u0440\u043e\u0434\u0430\u0442\u0430: \u0434\u0435\u0442\u043e\u043a\u0441\u0438\u043a\u0438\u0440\u0430\u0449\u0438\u044f\u0442 \u0447\u0430\u0439, \u043a\u043e\u0439\u0442\u043e \u0449\u0435 \u043d\u0430\u043c\u0430\u043b\u0438 \u0430\u043f\u0435\u0442\u0438\u0442\u0430 \u0442\u0438, \u0449\u0435 \u0437\u0430\u0431\u044a\u0440\u0437\u0430 \u043c\u0435\u0442\u0430\u0431\u043e\u043b\u0438\u0437\u043c\u0430 \u0438 \u0449\u0435 \u0434\u0435\u0442\u043e\u043a\u0441\u0438\u043a\u0438\u0440\u0430 \u043e\u0440\u0433\u0430\u043d\u0438\u0437\u043c\u0430 \u0442\u0438.* \u041a\u0430\u0442\u043e \u043f\u043e\u0434\u0430\u0440\u044a\u043a \u0449\u0435 \u043f\u043e\u043b\u0443\u0447\u0438\u0448 \u0442\u0432\u043e\u044f \u043b\u0438\u0447\u0435\u043d \u0445\u0440\u0430\u043d\u0438\u0442\u0435\u043b\u0435\u043d \u0440\u0435\u0436\u0438\u043c, \u043a\u043e\u0439\u0442\u043e \u0449\u0435 \u0442\u0435 \u0432\u043e\u0434\u0438 \u0437\u0430 \u0440\u044a\u043a\u0430\u0442\u0430 \u043f\u0440\u0435\u0437 \u0446\u044f\u043b\u0430\u0442\u0430 \u0433\u043e\u0434\u0438\u043d\u0430, \u0437\u0430 \u0434\u0430 \u043d\u044f\u043c\u0430 \u0444\u0430\u043b\u0448\u0438\u0432\u0438 \u043e\u0431\u0435\u0449\u0430\u043d\u0438\u044f \u0441\u043b\u0435\u0434\u0432\u0430\u0449\u0430\u0442\u0430.<\/p>\t\t\t\t\t<\/div>\n\t\t\t\t\t\t<\/div>\n\t\t\t\t<\/div>\n\t\t\t\t<div class=\"elementor-element elementor-element-b76a4fd elementor-align-right elementor-widget elementor-widget-button\" data-id=\"b76a4fd\" data-element_type=\"widget\" data-widget_type=\"button.default\">\n\t\t\t\t<div class=\"elementor-widget-container\">\n\t\t\t\t\t<div class=\"elementor-button-wrapper\">\n\t\t\t<a href=\"#buy_section\" class=\"elementor-button-link elementor-button elementor-size-sm\" role=\"button\">\n\t\t\t\t\t\t<span class=\"elementor-button-content-wrapper\">\n\t\t\t\t\t\t<span class=\"elementor-button-text\">\u0417\u0430\u043f\u043e\u0447\u043d\u0438 \u0421\u0435\u0433\u0430!<\/span>\n\t\t<\/span>\n\t\t\t\t\t<\/a>\n\t\t<\/div>\n\t\t\t\t<\/div>\n\t\t\t\t<\/div>\n\t\t\t\t\t\t<\/div>\n\t\t\t\t\t<\/div>\n\t\t<\/div>\n\t\t\t\t\t\t\t\t<\/div>\n\t\t\t\t\t<\/div>\n\t\t<\/section>\n\t\t\t\t<section class=\"elementor-section elementor-top-section elementor-element elementor-element-14f8aba elementor-section-full_width elementor-section-height-default elementor-section-height-default\" data-id=\"14f8aba\" data-element_type=\"section\">\n\t\t\t\t\t\t<div class=\"elementor-container elementor-column-gap-no\">\n\t\t\t\t\t\t\t<div class=\"elementor-row\">\n\t\t\t\t\t<div class=\"elementor-column elementor-col-100 elementor-top-column elementor-element elementor-element-66864d8\" data-id=\"66864d8\" data-element_type=\"column\">\n\t\t\t<div class=\"elementor-column-wrap elementor-element-populated\">\n\t\t\t\t\t\t\t<div class=\"elementor-widget-wrap\">\n\t\t\t\t\t\t<section class=\"elementor-section elementor-inner-section elementor-element elementor-element-507cd64 elementor-section-full_width elementor-hidden-phone elementor-section-height-default elementor-section-height-default\" data-id=\"507cd64\" data-element_type=\"section\">\n\t\t\t\t\t\t<div class=\"elementor-container elementor-column-gap-no\">\n\t\t\t\t\t\t\t<div class=\"elementor-row\">\n\t\t\t\t\t<div class=\"elementor-column elementor-col-100 elementor-inner-column elementor-element elementor-element-548990c\" data-id=\"548990c\" data-element_type=\"column\">\n\t\t\t<div class=\"elementor-column-wrap elementor-element-populated\">\n\t\t\t\t\t\t\t<div class=\"elementor-widget-wrap\">\n\t\t\t\t\t\t<div class=\"elementor-element elementor-element-0778940 elementor-widget elementor-widget-image\" data-id=\"0778940\" data-element_type=\"widget\" data-widget_type=\"image.default\">\n\t\t\t\t<div class=\"elementor-widget-container\">\n\t\t\t\t\t\t\t\t<div class=\"elementor-image\">\n\t\t\t\t\t\t\t\t\t\t\t\t<img width=\"1920\" height=\"700\" src=\"https:\/\/testing.wowtea.eu\/hr\/files\/2020\/08\/Banner_Site_food_plan_HR-1.jpg\" class=\"attachment-full size-full wp-image-88688\" alt=\"\" loading=\"lazy\" srcset=\"https:\/\/testing.wowtea.eu\/hr\/files\/2020\/08\/Banner_Site_food_plan_HR-1.jpg 1920w, https:\/\/testing.wowtea.eu\/hr\/files\/2020\/08\/Banner_Site_food_plan_HR-1-300x109.jpg 300w, https:\/\/testing.wowtea.eu\/hr\/files\/2020\/08\/Banner_Site_food_plan_HR-1-1024x373.jpg 1024w, https:\/\/testing.wowtea.eu\/hr\/files\/2020\/08\/Banner_Site_food_plan_HR-1-768x280.jpg 768w, https:\/\/testing.wowtea.eu\/hr\/files\/2020\/08\/Banner_Site_food_plan_HR-1-1536x560.jpg 1536w, https:\/\/testing.wowtea.eu\/hr\/files\/2020\/08\/Banner_Site_food_plan_HR-1-600x219.jpg 600w\" sizes=\"(max-width: 1920px) 100vw, 1920px\" \/>\t\t\t\t\t\t\t\t\t\t\t\t\t\t<\/div>\n\t\t\t\t\t\t<\/div>\n\t\t\t\t<\/div>\n\t\t\t\t\t\t<\/div>\n\t\t\t\t\t<\/div>\n\t\t<\/div>\n\t\t\t\t\t\t\t\t<\/div>\n\t\t\t\t\t<\/div>\n\t\t<\/section>\n\t\t\t\t<section class=\"elementor-section elementor-inner-section elementor-element elementor-element-9c33b19 elementor-section-full_width elementor-hidden-desktop elementor-hidden-tablet elementor-section-height-default elementor-section-height-default\" data-id=\"9c33b19\" data-element_type=\"section\">\n\t\t\t\t\t\t<div class=\"elementor-container elementor-column-gap-no\">\n\t\t\t\t\t\t\t<div class=\"elementor-row\">\n\t\t\t\t\t<div class=\"elementor-column elementor-col-100 elementor-inner-column elementor-element elementor-element-edcbd4e\" data-id=\"edcbd4e\" data-element_type=\"column\">\n\t\t\t<div class=\"elementor-column-wrap elementor-element-populated\">\n\t\t\t\t\t\t\t<div class=\"elementor-widget-wrap\">\n\t\t\t\t\t\t<div class=\"elementor-element elementor-element-77c22a0 elementor-widget elementor-widget-image\" data-id=\"77c22a0\" data-element_type=\"widget\" data-widget_type=\"image.default\">\n\t\t\t\t<div class=\"elementor-widget-container\">\n\t\t\t\t\t\t\t\t<div class=\"elementor-image\">\n\t\t\t\t\t\t\t\t\t\t\t\t<img width=\"360\" height=\"704\" src=\"https:\/\/testing.wowtea.eu\/hr\/files\/2020\/08\/Mobile_HR-1.jpg\" class=\"attachment-full size-full wp-image-88690\" alt=\"\" loading=\"lazy\" srcset=\"https:\/\/testing.wowtea.eu\/hr\/files\/2020\/08\/Mobile_HR-1.jpg 360w, https:\/\/testing.wowtea.eu\/hr\/files\/2020\/08\/Mobile_HR-1-153x300.jpg 153w\" sizes=\"(max-width: 360px) 100vw, 360px\" \/>\t\t\t\t\t\t\t\t\t\t\t\t\t\t<\/div>\n\t\t\t\t\t\t<\/div>\n\t\t\t\t<\/div>\n\t\t\t\t\t\t<\/div>\n\t\t\t\t\t<\/div>\n\t\t<\/div>\n\t\t\t\t\t\t\t\t<\/div>\n\t\t\t\t\t<\/div>\n\t\t<\/section>\n\t\t\t\t\t\t<\/div>\n\t\t\t\t\t<\/div>\n\t\t<\/div>\n\t\t\t\t\t\t\t\t<\/div>\n\t\t\t\t\t<\/div>\n\t\t<\/section>\n\t\t\t\t<section class=\"elementor-section elementor-top-section elementor-element elementor-element-0d1c157 elementor-section-boxed elementor-section-height-default elementor-section-height-default\" data-id=\"0d1c157\" data-element_type=\"section\" data-settings=\"{&quot;background_background&quot;:&quot;classic&quot;}\">\n\t\t\t\t\t\t<div class=\"elementor-container elementor-column-gap-default\">\n\t\t\t\t\t\t\t<div class=\"elementor-row\">\n\t\t\t\t\t<div class=\"elementor-column elementor-col-100 elementor-top-column elementor-element elementor-element-7aefc09\" data-id=\"7aefc09\" data-element_type=\"column\">\n\t\t\t<div class=\"elementor-column-wrap elementor-element-populated\">\n\t\t\t\t\t\t\t<div class=\"elementor-widget-wrap\">\n\t\t\t\t\t\t<div class=\"elementor-element elementor-element-95d1753 elementor-widget elementor-widget-heading\" data-id=\"95d1753\" data-element_type=\"widget\" data-widget_type=\"heading.default\">\n\t\t\t\t<div class=\"elementor-widget-container\">\n\t\t\t<h2 class=\"elementor-heading-title elementor-size-default\">WOW Tea DETOX<\/h2>\t\t<\/div>\n\t\t\t\t<\/div>\n\t\t\t\t<div class=\"elementor-element elementor-element-8db2994 elementor-widget elementor-widget-text-editor\" data-id=\"8db2994\" data-element_type=\"widget\" data-widget_type=\"text-editor.default\">\n\t\t\t\t<div class=\"elementor-widget-container\">\n\t\t\t\t\t\t\t\t<div class=\"elementor-text-editor elementor-clearfix\">\n\t\t\t\t<p>Smanjenje kilograma samo uz pomo\u0107 100% biljnog programa do sada \u010dinilo se kao nedosti\u017ean cilj. Danas su stvari druga\u010dije, zahvaljuju\u0107i WOW Tea Detoxu, koji vam omogu\u0107uje da prirodno rukujete naduto\u0161\u0107u, o\u010distite svoje tijelo kroz potpunu detoksikaciju cijelog tijela i promijenite svoj izgled u roku od 21 dana. Program DETOX omogu\u0107uje odstranjivanje svih toksina i otrova akumuliranih i zadr\u017eanih u va\u0161em tijelu godinama. To zaista pobolj\u0161ava funkciju probavnog sustava, a za tijelo koje je o\u010di\u0161\u0107eno od toksina, gubitak te\u017eine je jednostavan zadatak. Uz pomo\u0107 sna\u017ene biljne mje\u0161avine Rooibosa, vo\u0107a iz Gloka, ZELENOG \u010cAJA, sjemenke kopra i kineske PU ER, tako\u0111er nazvane \u201cCarski \u010daj\u201d, u samo tri tjedna promjena u va\u0161em tijelu \u0107e po\u010deti biti vidljiva!<\/p>\t\t\t\t\t<\/div>\n\t\t\t\t\t\t<\/div>\n\t\t\t\t<\/div>\n\t\t\t\t<div class=\"elementor-element elementor-element-1e23141 elementor-widget elementor-widget-heading\" data-id=\"1e23141\" data-element_type=\"widget\" data-widget_type=\"heading.default\">\n\t\t\t\t<div class=\"elementor-widget-container\">\n\t\t\t<h2 class=\"elementor-heading-title elementor-size-default\">WOW Tea \u010caj SLIMFIT<\/h2>\t\t<\/div>\n\t\t\t\t<\/div>\n\t\t\t\t<div class=\"elementor-element elementor-element-7cc8d3d elementor-widget elementor-widget-text-editor\" data-id=\"7cc8d3d\" data-element_type=\"widget\" data-widget_type=\"text-editor.default\">\n\t\t\t\t<div class=\"elementor-widget-container\">\n\t\t\t\t\t\t\t\t<div class=\"elementor-text-editor elementor-clearfix\">\n\t\t\t\t<p>Sprje\u010dava prenajedanje i smanjuje dnevni unos kalorija Ubrzava sagorijevanje masti Pobolj\u0161ava cjelokupni rad tijela i ubrzava metabolizam Poma\u017ee u upravljanju te\u017einom, poma\u017ee vam da postignete svoje ciljeve i smanjite te\u017einu<\/p>\t\t\t\t\t<\/div>\n\t\t\t\t\t\t<\/div>\n\t\t\t\t<\/div>\n\t\t\t\t\t\t<\/div>\n\t\t\t\t\t<\/div>\n\t\t<\/div>\n\t\t\t\t\t\t\t\t<\/div>\n\t\t\t\t\t<\/div>\n\t\t<\/section>\n\t\t\t\t<section class=\"elementor-section elementor-top-section elementor-element elementor-element-4a81fb42 elementor-section-boxed elementor-section-height-default elementor-section-height-default\" data-id=\"4a81fb42\" data-element_type=\"section\" data-settings=\"{&quot;background_background&quot;:&quot;classic&quot;}\">\n\t\t\t\t\t\t<div class=\"elementor-container elementor-column-gap-default\">\n\t\t\t\t\t\t\t<div class=\"elementor-row\">\n\t\t\t\t\t<div class=\"elementor-column elementor-col-100 elementor-top-column elementor-element elementor-element-69180a14\" data-id=\"69180a14\" data-element_type=\"column\">\n\t\t\t<div class=\"elementor-column-wrap elementor-element-populated\">\n\t\t\t\t\t\t\t<div class=\"elementor-widget-wrap\">\n\t\t\t\t\t\t<div class=\"elementor-element elementor-element-747daf53 elementor-widget elementor-widget-heading\" data-id=\"747daf53\" data-element_type=\"widget\" data-widget_type=\"heading.default\">\n\t\t\t\t<div class=\"elementor-widget-container\">\n\t\t\t<h2 class=\"elementor-heading-title elementor-size-default\"><p style=\"text-align: center;color: crimson;font-size: 40px\">\u0160to mo\u017eete dobiti u paketu<\/p><\/h2>\t\t<\/div>\n\t\t\t\t<\/div>\n\t\t\t\t<div class=\"elementor-element elementor-element-3c6fc7c0 elementor-widget elementor-widget-pp-info-box-carousel\" data-id=\"3c6fc7c0\" data-element_type=\"widget\" data-settings=\"{&quot;equal_height_boxes&quot;:&quot;yes&quot;}\" data-widget_type=\"pp-info-box-carousel.default\">\n\t\t\t\t<div class=\"elementor-widget-container\">\n\t\t\t\t\t<div class=\"swiper-container-wrap pp-info-box-carousel-wrap swiper-container-wrap-dots-outside\">\n\t\t\t<div class=\"pp-info-box pp-info-box-carousel swiper-container swiper-container-3c6fc7c0\" data-pagination=\".swiper-pagination-3c6fc7c0\" data-arrow-next=\".swiper-button-next-3c6fc7c0\" data-arrow-prev=\".swiper-button-prev-3c6fc7c0\" data-slider-settings=\"{&quot;direction&quot;:&quot;horizontal&quot;,&quot;effect&quot;:&quot;slide&quot;,&quot;speed&quot;:600,&quot;slidesPerView&quot;:2,&quot;spaceBetween&quot;:15,&quot;grabCursor&quot;:false,&quot;autoHeight&quot;:true,&quot;loop&quot;:true,&quot;autoplay&quot;:{&quot;delay&quot;:999999,&quot;disableOnInteraction&quot;:false},&quot;pagination&quot;:{&quot;el&quot;:&quot;.swiper-pagination-3c6fc7c0&quot;,&quot;type&quot;:&quot;bullets&quot;,&quot;clickable&quot;:true},&quot;navigation&quot;:{&quot;nextEl&quot;:&quot;.swiper-button-next-3c6fc7c0&quot;,&quot;prevEl&quot;:&quot;.swiper-button-prev-3c6fc7c0&quot;},&quot;breakpoints&quot;:{&quot;1025&quot;:{&quot;slidesPerView&quot;:2,&quot;spaceBetween&quot;:15},&quot;768&quot;:{&quot;slidesPerView&quot;:2,&quot;spaceBetween&quot;:10},&quot;320&quot;:{&quot;slidesPerView&quot;:1,&quot;spaceBetween&quot;:10}}}\">\n\t\t\t\t<div class=\"swiper-wrapper\">\n\t\t\t\t\t\t\t\t\t<div class=\"swiper-slide\">\n\t\t\t\t\t\t<div class=\"pp-info-box-content-wrap\">\n\t\t\t\t\t\t\t\t\t\t\t\t\t\t\t\t\t\t\t\t\t\t<div class=\"pp-info-box-icon-wrap\">\n\t\t\t\t\t\t\t\t\t\t\t\t\t\t\t\t\t\t\t\t\t<span class=\"pp-info-box-icon pp-icon\">\n\t\t\t\t\t\t\t\t\t<img src=\"https:\/\/testing.wowtea.eu\/hr\/files\/2020\/08\/slimfit-tea-pp.png\" alt=\"SlimFit product\">\t\t\t\t\t\t\t<\/span>\n\t\t\t\t\t\t\t\t\t\t\t\t\t\t\t\t\t\t\t\t<\/div>\n\t\t\t\t\t\t\t\t\t\t\t\t\t\t<div class=\"pp-info-box-content\">\n\t\t\t\t\t\t\t\t<div class=\"pp-info-box-title-wrap\">\n\t\t\t\t\t\t\t\t\t<div class=\"pp-info-box-title-container\"><h2 class=\"pp-info-box-title\">SlimFit<\/h2><\/div>\t\t\t\t\t\t\t\t<\/div>\n\n\t\t\t\t\t\t\t\t\n\t\t\t\t\t\t\t\t\t\t\t\t\t\t\t\t\t<div class=\"pp-info-box-description\">\n\t\t\t\t\t\t\t\t\t\t   <ul style=\"font-size:13px\"><br \/>\n      <li><i class=\"fas fa-check\" style=\"color: crimson\"><\/i> <b>Ubrzava razgradnju masnih naslaga<\/b><\/br><\/li><br \/>\n      <li><i class=\"fas fa-check\" style=\"color: crimson\"><\/i> <b>Sprje\u010dava nakupljanje masnih naslaga<\/b><\/br><\/li><br \/>\n      <li><i class=\"fas fa-check\" style=\"color: crimson\"><\/i> <b>Uklanja napuhnut trbuh<\/b><\/br><\/li><br \/>\n      <li><i class=\"fas fa-check\" style=\"color: crimson\"><\/i> <b>Gubitak te\u017eine<\/b><\/br><\/li><br \/>\n      <li><i class=\"fas fa-check\" style=\"color: crimson\"><\/i> <b>Postignite svoj najbolji oblik<\/b><\/br><\/li><br \/>\n   <\/ul>\t\t\t\t\t\t\t\t\t<\/div>\n\t\t\t\t\t\t\t\t\t\t\t\t\t\t\t\t\t\n\t\t\t\t\t\t\t\t\t\t\t\t\t\t\t\t\t\t\t\t\t\t\t<\/div>\n\t\t\t\t\t\t<\/div>\n\t\t\t\t\t<\/div>\n\t\t\t\t\t\t\t\t\t\t<div class=\"swiper-slide\">\n\t\t\t\t\t\t<div class=\"pp-info-box-content-wrap\">\n\t\t\t\t\t\t\t\t\t\t\t\t\t\t\t\t\t\t\t\t\t\t<div class=\"pp-info-box-icon-wrap\">\n\t\t\t\t\t\t\t\t\t\t\t\t\t\t\t\t\t\t\t\t\t<span class=\"pp-info-box-icon pp-icon\">\n\t\t\t\t\t\t\t\t\t<img src=\"https:\/\/testing.wowtea.eu\/hr\/files\/2020\/12\/detox-pp.png\" alt=\"detox-pp\">\t\t\t\t\t\t\t<\/span>\n\t\t\t\t\t\t\t\t\t\t\t\t\t\t\t\t\t\t\t\t<\/div>\n\t\t\t\t\t\t\t\t\t\t\t\t\t\t<div class=\"pp-info-box-content\">\n\t\t\t\t\t\t\t\t<div class=\"pp-info-box-title-wrap\">\n\t\t\t\t\t\t\t\t\t<div class=\"pp-info-box-title-container\"><h2 class=\"pp-info-box-title\">Detox<\/h2><\/div>\t\t\t\t\t\t\t\t<\/div>\n\n\t\t\t\t\t\t\t\t\n\t\t\t\t\t\t\t\t\t\t\t\t\t\t\t\t\t<div class=\"pp-info-box-description\">\n\t\t\t\t\t\t\t\t\t\t <ul style=\"font-size:13px\"><br \/>\n      <li><i class=\"fas fa-check\" style=\"color: crimson\"><\/i> <b>Ubrzava metabolizam<\/b><\/br><\/li><br \/>\n      <li><i class=\"fas fa-check\" style=\"color: crimson\"><\/i> <b>Uklanja toksine<\/b><\/br><\/li><br \/>\n      <li><i class=\"fas fa-check\" style=\"color: crimson\"><\/i> <b>Uklanja napuhnut trbuh<\/b><\/br><\/li><br \/>\n      <li><i class=\"fas fa-check\" style=\"color: crimson\"><\/i> <b>Pobolj\u0161ava cirkulaciju krvi<\/b><\/br><\/li><br \/>\n      <li><i class=\"fas fa-check\" style=\"color: crimson\"><\/i> <b>Osje\u0107ajte se i izgledajte fantasti\u010dno<\/b><\/br><\/li><br \/>\n   <\/ul>\t\t\t\t\t\t\t\t\t<\/div>\n\t\t\t\t\t\t\t\t\t\t\t\t\t\t\t\t\t\n\t\t\t\t\t\t\t\t\t\t\t\t\t\t\t\t\t\t\t\t\t\t\t<\/div>\n\t\t\t\t\t\t<\/div>\n\t\t\t\t\t<\/div>\n\t\t\t\t\t\t\t\t\t<\/div>\n\t\t\t<\/div>\n\t\t\t\t\t\t<!-- Add Pagination -->\n\t\t\t<div class=\"swiper-pagination swiper-pagination-3c6fc7c0\"><\/div>\n\t\t\t\t\t\n\t\t\t\t\t\t\t<!-- Add Arrows -->\n\t\t\t\t<div class=\"swiper-button-prev swiper-button-prev-3c6fc7c0\">\n\t\t\t\t\t<i aria-hidden=\"true\" class=\"fas fa-chevron-left\"><\/i>\n\t\t\t\t<\/div>\n\t\t\t\t<div class=\"swiper-button-next swiper-button-next-3c6fc7c0\">\n\t\t\t\t\t<i aria-hidden=\"true\" class=\"fas fa-chevron-right\"><\/i>\n\t\t\t\t<\/div>\n\t\t\t\t\t\t\t\t<\/div>\n\t\t\t\t<\/div>\n\t\t\t\t<\/div>\n\t\t\t\t\t\t<\/div>\n\t\t\t\t\t<\/div>\n\t\t<\/div>\n\t\t\t\t\t\t\t\t<\/div>\n\t\t\t\t\t<\/div>\n\t\t<\/section>\n\t\t\t\t<section class=\"elementor-section elementor-top-section elementor-element elementor-element-53cc22e elementor-section-boxed elementor-section-height-default elementor-section-height-default\" data-id=\"53cc22e\" data-element_type=\"section\">\n\t\t\t\t\t\t<div class=\"elementor-container elementor-column-gap-default\">\n\t\t\t\t\t\t\t<div class=\"elementor-row\">\n\t\t\t\t\t<div class=\"elementor-column elementor-col-100 elementor-top-column elementor-element elementor-element-42be441\" data-id=\"42be441\" data-element_type=\"column\">\n\t\t\t<div class=\"elementor-column-wrap elementor-element-populated\">\n\t\t\t\t\t\t\t<div class=\"elementor-widget-wrap\">\n\t\t\t\t\t\t<div class=\"elementor-element elementor-element-99a1c31 elementor-widget elementor-widget-html\" data-id=\"99a1c31\" data-element_type=\"widget\" data-widget_type=\"html.default\">\n\t\t\t\t<div class=\"elementor-widget-container\">\n\t\t\t<!-- TrustBox widget - Carousel -->\r\n<div class=\"trustpilot-widget\" data-locale=\"en-US\" data-template-id=\"53aa8912dec7e10d38f59f36\" data-businessunit-id=\"60029def312cb900013df992\" data-style-height=\"320px\" data-style-width=\"100%\" data-theme=\"light\" data-tags=\"CZ\" data-stars=\"1,2,3,4,5\">\r\n  <a href=\"https:\/\/www.trustpilot.com\/review\/testing.wowtea.eu\" target=\"_blank\" rel=\"noopener\">Trustpilot<\/a>\r\n<\/div>\r\n<!-- End TrustBox widget -->\t\t<\/div>\n\t\t\t\t<\/div>\n\t\t\t\t\t\t<\/div>\n\t\t\t\t\t<\/div>\n\t\t<\/div>\n\t\t\t\t\t\t\t\t<\/div>\n\t\t\t\t\t<\/div>\n\t\t<\/section>\n\t\t\t\t\t\t\t\t\t<\/div>\n\t\t\t<\/div>\n\t\t\t\t\t<\/div>\n\t\t","protected":false},"excerpt":{"rendered":"<p>Set koji \u010dini va\u0161e snove istinitim! Najbolje od WOW TEA za va\u0161e definitivne rezultate. Uzmite svoj Detox i SlimFit \u010daj za sagorijevanje masti. Zapo\u010dnite promjenu s najboljim pomaga\u010dima s tisu\u0107ama navija\u010da diljem Europe!<\/p>\n","protected":false},"featured_media":89093,"comment_status":"open","ping_status":"closed","template":"","meta":{"inline_featured_image":false},"product_cat":[42,44],"product_tag":[],"acf":[],"variations_data":[],"free_delivery":false,"currency_name":"&euro;","_links":{"self":[{"href":"https:\/\/testing.wowtea.eu\/hr\/wp-json\/wp\/v2\/product\/72456"}],"collection":[{"href":"https:\/\/testing.wowtea.eu\/hr\/wp-json\/wp\/v2\/product"}],"about":[{"href":"https:\/\/testing.wowtea.eu\/hr\/wp-json\/wp\/v2\/types\/product"}],"replies":[{"embeddable":true,"href":"https:\/\/testing.wowtea.eu\/hr\/wp-json\/wp\/v2\/comments?post=72456"}],"version-history":[{"count":0,"href":"https:\/\/testing.wowtea.eu\/hr\/wp-json\/wp\/v2\/product\/72456\/revisions"}],"wp:featuredmedia":[{"embeddable":true,"href":"https:\/\/testing.wowtea.eu\/hr\/wp-json\/wp\/v2\/media\/89093"}],"wp:attachment":[{"href":"https:\/\/testing.wowtea.eu\/hr\/wp-json\/wp\/v2\/media?parent=72456"}],"wp:term":[{"taxonomy":"product_cat","embeddable":true,"href":"https:\/\/testing.wowtea.eu\/hr\/wp-json\/wp\/v2\/product_cat?post=72456"},{"taxonomy":"product_tag","embeddable":true,"href":"https:\/\/testing.wowtea.eu\/hr\/wp-json\/wp\/v2\/product_tag?post=72456"}],"curies":[{"name":"wp","href":"https:\/\/api.w.org\/{rel}","templated":true}]}}