{"id":89474,"date":"2021-04-23T15:41:25","date_gmt":"2021-04-23T13:41:25","guid":{"rendered":"https:\/\/testing.wowtea.eu\/hr\/?post_type=product&#038;p=89474"},"modified":"2024-09-05T11:02:37","modified_gmt":"2024-09-05T09:02:37","slug":"2-good-team-booty-combo","status":"publish","type":"product","link":"https:\/\/testing.wowtea.eu\/hr\/product\/2-good-team-booty-combo\/","title":{"rendered":"2 GOOD TEAM + BOOTY PACK"},"content":{"rendered":"\t\t<div data-elementor-type=\"product-post\" data-elementor-id=\"89474\" class=\"elementor elementor-89474\">\n\t\t\t\t\t\t<div class=\"elementor-inner\">\n\t\t\t\t<div class=\"elementor-section-wrap\">\n\t\t\t\t\t\t\t\t\t<section class=\"elementor-section elementor-top-section elementor-element elementor-element-544b238f elementor-section-boxed elementor-section-height-default elementor-section-height-default\" data-id=\"544b238f\" data-element_type=\"section\" data-settings=\"{&quot;background_background&quot;:&quot;classic&quot;}\">\n\t\t\t\t\t\t<div class=\"elementor-container elementor-column-gap-default\">\n\t\t\t\t\t\t\t<div class=\"elementor-row\">\n\t\t\t\t\t<div class=\"elementor-column elementor-col-100 elementor-top-column elementor-element elementor-element-1066ac5b\" data-id=\"1066ac5b\" data-element_type=\"column\">\n\t\t\t<div class=\"elementor-column-wrap elementor-element-populated\">\n\t\t\t\t\t\t\t<div class=\"elementor-widget-wrap\">\n\t\t\t\t\t\t<div class=\"elementor-element elementor-element-5418a89b elementor-widget elementor-widget-heading\" data-id=\"5418a89b\" data-element_type=\"widget\" data-widget_type=\"heading.default\">\n\t\t\t\t<div class=\"elementor-widget-container\">\n\t\t\t<h2 class=\"elementor-heading-title elementor-size-default\"><p style=\"text-align: center;color: crimson;font-size: 30px\">\u0160TO DOBITI U KUTIJI<\/p><\/h2>\t\t<\/div>\n\t\t\t\t<\/div>\n\t\t\t\t<div class=\"elementor-element elementor-element-3c22c4eb elementor-widget elementor-widget-pp-info-box-carousel\" data-id=\"3c22c4eb\" data-element_type=\"widget\" data-settings=\"{&quot;equal_height_boxes&quot;:&quot;yes&quot;}\" data-widget_type=\"pp-info-box-carousel.default\">\n\t\t\t\t<div class=\"elementor-widget-container\">\n\t\t\t\t\t<div class=\"swiper-container-wrap pp-info-box-carousel-wrap swiper-container-wrap-dots-outside\">\n\t\t\t<div class=\"pp-info-box pp-info-box-carousel swiper-container swiper-container-3c22c4eb\" data-pagination=\".swiper-pagination-3c22c4eb\" data-arrow-next=\".swiper-button-next-3c22c4eb\" data-arrow-prev=\".swiper-button-prev-3c22c4eb\" data-slider-settings=\"{&quot;direction&quot;:&quot;horizontal&quot;,&quot;effect&quot;:&quot;slide&quot;,&quot;speed&quot;:600,&quot;slidesPerView&quot;:2,&quot;spaceBetween&quot;:15,&quot;grabCursor&quot;:false,&quot;autoHeight&quot;:true,&quot;loop&quot;:true,&quot;autoplay&quot;:{&quot;delay&quot;:999999,&quot;disableOnInteraction&quot;:false},&quot;pagination&quot;:{&quot;el&quot;:&quot;.swiper-pagination-3c22c4eb&quot;,&quot;type&quot;:&quot;bullets&quot;,&quot;clickable&quot;:true},&quot;navigation&quot;:{&quot;nextEl&quot;:&quot;.swiper-button-next-3c22c4eb&quot;,&quot;prevEl&quot;:&quot;.swiper-button-prev-3c22c4eb&quot;},&quot;breakpoints&quot;:{&quot;1025&quot;:{&quot;slidesPerView&quot;:2,&quot;spaceBetween&quot;:15},&quot;768&quot;:{&quot;slidesPerView&quot;:2,&quot;spaceBetween&quot;:10},&quot;320&quot;:{&quot;slidesPerView&quot;:1,&quot;spaceBetween&quot;:10}}}\">\n\t\t\t\t<div class=\"swiper-wrapper\">\n\t\t\t\t\t\t\t\t\t<div class=\"swiper-slide\">\n\t\t\t\t\t\t<div class=\"pp-info-box-content-wrap\">\n\t\t\t\t\t\t\t\t\t\t\t\t\t\t\t\t\t\t\t\t\t\t<div class=\"pp-info-box-icon-wrap\">\n\t\t\t\t\t\t\t\t\t\t\t\t\t\t\t\t\t\t\t\t\t<span class=\"pp-info-box-icon pp-icon\">\n\t\t\t\t\t\t\t\t\t<img src=\"https:\/\/testing.wowtea.eu\/hr\/files\/2021\/04\/slimfit-tea-pp.png\" alt=\"slimfit-tea-pp\">\t\t\t\t\t\t\t<\/span>\n\t\t\t\t\t\t\t\t\t\t\t\t\t\t\t\t\t\t\t\t<\/div>\n\t\t\t\t\t\t\t\t\t\t\t\t\t\t<div class=\"pp-info-box-content\">\n\t\t\t\t\t\t\t\t<div class=\"pp-info-box-title-wrap\">\n\t\t\t\t\t\t\t\t\t<div class=\"pp-info-box-title-container\"><h2 class=\"pp-info-box-title\">SlimFit<\/h2><\/div><h6 class=\"pp-info-box-subtitle\">Awesome Tea<\/h6>\t\t\t\t\t\t\t\t<\/div>\n\n\t\t\t\t\t\t\t\t\n\t\t\t\t\t\t\t\t\t\t\t\t\t\t\t\t\t<div class=\"pp-info-box-description\">\n\t\t\t\t\t\t\t\t\t\t   <ul style=\"font-size:13px\"><br \/>\n      <li><i class=\"fas fa-check\" style=\"color: crimson\"><\/i> <b>Ubrzava razgradnju masnih naslaga<\/b><\/br><\/li><br \/>\n      <li><i class=\"fas fa-check\" style=\"color: crimson\"><\/i> <b>Sprje\u010dava nakupljanje masnih naslaga<\/b><\/br><\/li><br \/>\n      <li><i class=\"fas fa-check\" style=\"color: crimson\"><\/i> <b>Uklanja napuhnut trbuh<\/b><\/br><\/li><br \/>\n      <li><i class=\"fas fa-check\" style=\"color: crimson\"><\/i> <b>Gubitak te\u017eine<\/b><\/br><\/li><br \/>\n      <li><i class=\"fas fa-check\" style=\"color: crimson\"><\/i> <b>Postignite svoj najbolji oblik<\/b><\/br><\/li><br \/>\n   <\/ul>\t\t\t\t\t\t\t\t\t<\/div>\n\t\t\t\t\t\t\t\t\t\t\t\t\t\t\t\t\t\n\t\t\t\t\t\t\t\t\t\t\t\t\t\t\t\t\t\t\t\t\t\t\t<\/div>\n\t\t\t\t\t\t<\/div>\n\t\t\t\t\t<\/div>\n\t\t\t\t\t\t\t\t\t\t<div class=\"swiper-slide\">\n\t\t\t\t\t\t<div class=\"pp-info-box-content-wrap\">\n\t\t\t\t\t\t\t\t\t\t\t\t\t\t\t\t\t\t\t\t\t\t<div class=\"pp-info-box-icon-wrap\">\n\t\t\t\t\t\t\t\t\t\t\t\t\t\t\t\t\t\t\t\t\t<span class=\"pp-info-box-icon pp-icon\">\n\t\t\t\t\t\t\t\t\t<img src=\"https:\/\/testing.wowtea.eu\/hr\/files\/2021\/04\/SlimFIT-Superfood-1.png\" alt=\"SlimFIT-Superfood-1\">\t\t\t\t\t\t\t<\/span>\n\t\t\t\t\t\t\t\t\t\t\t\t\t\t\t\t\t\t\t\t<\/div>\n\t\t\t\t\t\t\t\t\t\t\t\t\t\t<div class=\"pp-info-box-content\">\n\t\t\t\t\t\t\t\t<div class=\"pp-info-box-title-wrap\">\n\t\t\t\t\t\t\t\t\t<div class=\"pp-info-box-title-container\"><h2 class=\"pp-info-box-title\">Slimfit Superfood<\/h2><\/div><h6 class=\"pp-info-box-subtitle\">Superfood<\/h6>\t\t\t\t\t\t\t\t<\/div>\n\n\t\t\t\t\t\t\t\t\n\t\t\t\t\t\t\t\t\t\t\t\t\t\t\t\t\t<div class=\"pp-info-box-description\">\n\t\t\t\t\t\t\t\t\t\t <ul style=\"font-size:13px\"><br \/>\n         <li><i class=\"fas fa-check\" style=\"color: crimson\"><\/i> <b>Gubitak te\u017eine<\/b><\/br><\/li><br \/>\n         <li><i class=\"fas fa-check\" style=\"color: crimson\"><\/i> <b>Sve \u0161to va\u0161e tijelo treba<\/b><\/br><\/li><br \/>\n         <li><i class=\"fas fa-check\" style=\"color: crimson\"><\/i> <b>Brzo, jednostavno i u\u010dinkovito<\/b><\/br><\/li><br \/>\n         <li><i class=\"fas fa-check\" style=\"color: crimson\"><\/i> <b>U\u010dinak mr\u0161avljenja<\/b><\/br><\/li><br \/>\n      <\/ul>\t\t\t\t\t\t\t\t\t<\/div>\n\t\t\t\t\t\t\t\t\t\t\t\t\t\t\t\t\t\n\t\t\t\t\t\t\t\t\t\t\t\t\t\t\t\t\t\t\t\t\t\t\t<\/div>\n\t\t\t\t\t\t<\/div>\n\t\t\t\t\t<\/div>\n\t\t\t\t\t\t\t\t\t\t<div class=\"swiper-slide\">\n\t\t\t\t\t\t<div class=\"pp-info-box-content-wrap\">\n\t\t\t\t\t\t\t\t\t\t\t\t\t\t\t\t\t\t\t\t\t\t<div class=\"pp-info-box-icon-wrap\">\n\t\t\t\t\t\t\t\t\t\t\t\t\t\t\t\t\t\t\t\t\t<span class=\"pp-info-box-icon pp-icon\">\n\t\t\t\t\t\t\t\t\t<img src=\"https:\/\/testing.wowtea.eu\/hr\/files\/2021\/04\/Product-images-combo-600x600-1.png\" alt=\"Product-images-combo-600x600-1\">\t\t\t\t\t\t\t<\/span>\n\t\t\t\t\t\t\t\t\t\t\t\t\t\t\t\t\t\t\t\t<\/div>\n\t\t\t\t\t\t\t\t\t\t\t\t\t\t<div class=\"pp-info-box-content\">\n\t\t\t\t\t\t\t\t<div class=\"pp-info-box-title-wrap\">\n\t\t\t\t\t\t\t\t\t<div class=\"pp-info-box-title-container\"><h2 class=\"pp-info-box-title\">Booty Goals Band Combo<\/h2><\/div><h6 class=\"pp-info-box-subtitle\">Booty Goals<\/h6>\t\t\t\t\t\t\t\t<\/div>\n\n\t\t\t\t\t\t\t\t\n\t\t\t\t\t\t\t\t\t\t\t\t\t\t\t\t\t<div class=\"pp-info-box-description\">\n\t\t\t\t\t\t\t\t\t\t<ul style=\"font-size:13px\"><br \/>\n   <li><i class=\"fas fa-check\" style=\"color: crimson\"><\/i> <b>Maksimalna udobnost<\/b><\/br><\/li><br \/>\n   <li><i class=\"fas fa-check\" style=\"color: crimson\"><\/i> <b>Vrhunska kvaliteta<\/b><\/br><\/li><br \/>\n   <li><i class=\"fas fa-check\" style=\"color: crimson\"><\/i> <b>Jednostavan za kori\u0161tenje<\/b><\/br><\/li><br \/>\n   <li><i class=\"fas fa-check\" style=\"color: crimson\"><\/i> <b>Vidljivi u\u010dinci<\/b><\/br><\/li><br \/>\n<\/ul><br \/>\n\t\t\t\t\t\t\t\t\t<\/div>\n\t\t\t\t\t\t\t\t\t\t\t\t\t\t\t\t\t\n\t\t\t\t\t\t\t\t\t\t\t\t\t\t\t\t\t\t\t\t\t\t\t<\/div>\n\t\t\t\t\t\t<\/div>\n\t\t\t\t\t<\/div>\n\t\t\t\t\t\t\t\t\t<\/div>\n\t\t\t<\/div>\n\t\t\t\t\t\t<!-- Add Pagination -->\n\t\t\t<div class=\"swiper-pagination swiper-pagination-3c22c4eb\"><\/div>\n\t\t\t\t\t\n\t\t\t\t\t\t\t<!-- Add Arrows -->\n\t\t\t\t<div class=\"swiper-button-prev swiper-button-prev-3c22c4eb\">\n\t\t\t\t\t<i aria-hidden=\"true\" class=\"fas fa-chevron-left\"><\/i>\n\t\t\t\t<\/div>\n\t\t\t\t<div class=\"swiper-button-next swiper-button-next-3c22c4eb\">\n\t\t\t\t\t<i aria-hidden=\"true\" class=\"fas fa-chevron-right\"><\/i>\n\t\t\t\t<\/div>\n\t\t\t\t\t\t\t\t<\/div>\n\t\t\t\t<\/div>\n\t\t\t\t<\/div>\n\t\t\t\t\t\t<\/div>\n\t\t\t\t\t<\/div>\n\t\t<\/div>\n\t\t\t\t\t\t\t\t<\/div>\n\t\t\t\t\t<\/div>\n\t\t<\/section>\n\t\t\t\t<section class=\"elementor-section elementor-top-section elementor-element elementor-element-502621ff elementor-section-full_width elementor-reverse-mobile elementor-section-height-default elementor-section-height-default\" data-id=\"502621ff\" data-element_type=\"section\">\n\t\t\t\t\t\t<div class=\"elementor-container elementor-column-gap-no\">\n\t\t\t\t\t\t\t<div class=\"elementor-row\">\n\t\t\t\t\t<div class=\"elementor-column elementor-col-50 elementor-top-column elementor-element elementor-element-2788df67\" data-id=\"2788df67\" data-element_type=\"column\" data-settings=\"{&quot;background_background&quot;:&quot;classic&quot;}\">\n\t\t\t<div class=\"elementor-column-wrap\">\n\t\t\t\t\t\t\t<div class=\"elementor-widget-wrap\">\n\t\t\t\t\t\t\t\t<\/div>\n\t\t\t\t\t<\/div>\n\t\t<\/div>\n\t\t\t\t<div class=\"elementor-column elementor-col-50 elementor-top-column elementor-element elementor-element-65e73cc9\" data-id=\"65e73cc9\" data-element_type=\"column\" data-settings=\"{&quot;background_background&quot;:&quot;classic&quot;}\">\n\t\t\t<div class=\"elementor-column-wrap elementor-element-populated\">\n\t\t\t\t\t\t\t<div class=\"elementor-widget-wrap\">\n\t\t\t\t\t\t<div class=\"elementor-element elementor-element-2837f9f elementor-widget elementor-widget-heading\" data-id=\"2837f9f\" data-element_type=\"widget\" data-widget_type=\"heading.default\">\n\t\t\t\t<div class=\"elementor-widget-container\">\n\t\t\t<h2 class=\"elementor-heading-title elementor-size-default\">15 minuta dnevno za WOW rezultate<\/h2>\t\t<\/div>\n\t\t\t\t<\/div>\n\t\t\t\t<div class=\"elementor-element elementor-element-6f729eca elementor-widget elementor-widget-text-editor\" data-id=\"6f729eca\" data-element_type=\"widget\" data-widget_type=\"text-editor.default\">\n\t\t\t\t<div class=\"elementor-widget-container\">\n\t\t\t\t\t\t\t\t<div class=\"elementor-text-editor elementor-clearfix\">\n\t\t\t\t<p>Samo nekoliko minuta vje\u017ebanja s Booty Goals Band-om mo\u017ee imati nevjerojatan u\u010dinak na stanje va\u0161e stra\u017enjice i bedara! Kako bismo vam pomogli da jo\u0161 br\u017ee oblikujete svoju brazilsku stra\u017enjicu, poslat \u0107emo vam besplatni 21-dnevni plan vje\u017ebanja s najboljim vje\u017ebama koje mo\u017eete raditi kod ku\u0107e &#8211; ili gdje god \u017eelite!<\/p><p>Kvalitetni materijali pru\u017eaju izvrsnu udobnost tijekom vje\u017ebanja. Booty Goals Band mo\u017eete koristiti i na kratkim hla\u010dama &#8211; ne\u0107e skliznuti, ne\u0107e vam stisnuti ko\u017eu i ne\u0107e puknuti!<\/p>\t\t\t\t\t<\/div>\n\t\t\t\t\t\t<\/div>\n\t\t\t\t<\/div>\n\t\t\t\t\t\t<\/div>\n\t\t\t\t\t<\/div>\n\t\t<\/div>\n\t\t\t\t\t\t\t\t<\/div>\n\t\t\t\t\t<\/div>\n\t\t<\/section>\n\t\t\t\t<section class=\"elementor-section elementor-top-section elementor-element elementor-element-7ef92859 elementor-section-full_width elementor-section-height-default elementor-section-height-default\" data-id=\"7ef92859\" data-element_type=\"section\">\n\t\t\t\t\t\t<div class=\"elementor-container elementor-column-gap-no\">\n\t\t\t\t\t\t\t<div class=\"elementor-row\">\n\t\t\t\t\t<div class=\"elementor-column elementor-col-50 elementor-top-column elementor-element elementor-element-4e4588e5\" data-id=\"4e4588e5\" data-element_type=\"column\" data-settings=\"{&quot;background_background&quot;:&quot;classic&quot;}\">\n\t\t\t<div class=\"elementor-column-wrap elementor-element-populated\">\n\t\t\t\t\t\t\t<div class=\"elementor-widget-wrap\">\n\t\t\t\t\t\t<div class=\"elementor-element elementor-element-6bb2583 elementor-widget elementor-widget-heading\" data-id=\"6bb2583\" data-element_type=\"widget\" data-widget_type=\"heading.default\">\n\t\t\t\t<div class=\"elementor-widget-container\">\n\t\t\t<h2 class=\"elementor-heading-title elementor-size-default\">Band Booty Goals je upravo ono \u0161to vam treba (i va\u0161oj stra\u017enjici)!<\/h2>\t\t<\/div>\n\t\t\t\t<\/div>\n\t\t\t\t<div class=\"elementor-element elementor-element-2986ff4c elementor-widget elementor-widget-prod_info\" data-id=\"2986ff4c\" data-element_type=\"widget\" data-widget_type=\"prod_info.default\">\n\t\t\t\t<div class=\"elementor-widget-container\">\n\t\t\t\n               <ul class=\"info_list\">\n                           <li>\n                  <strong>Maksimalna udobnost:<\/strong>\n                  <small>Kvalitetni materijali koji omogu\u0107uju prikladan i udoban trening<\/small>\n               <\/li>\n                           <li>\n                  <strong>Vrhunska kvaliteta:<\/strong>\n                  <small>Za razliku od drugih elastika, Booty Goals Band je vrlo izdr\u017eljiv i ne kvari se tijekom uporabe.<\/small>\n               <\/li>\n                           <li>\n                  <strong>Jednostavan za kori\u0161tenje:<\/strong>\n                  <small>Koristite ga kod ku\u0107e ili ga ponesite sa sobom i vje\u017ebajte bilo gdje i bilo kada<\/small>\n               <\/li>\n                           <li>\n                  <strong>Vidljivi u\u010dinci:<\/strong>\n                  <small>     Primijetit \u0107ete zapanjuju\u0107i u\u010dinak na stra\u017enjici, bedrima i struku - samo nekoliko minuta vje\u017ebanja dnevno<\/small>\n               <\/li>\n                     <\/ul>\n      \n\n   \t\t<\/div>\n\t\t\t\t<\/div>\n\t\t\t\t\t\t<\/div>\n\t\t\t\t\t<\/div>\n\t\t<\/div>\n\t\t\t\t<div class=\"elementor-column elementor-col-50 elementor-top-column elementor-element elementor-element-4d9299e\" data-id=\"4d9299e\" data-element_type=\"column\" data-settings=\"{&quot;background_background&quot;:&quot;classic&quot;}\">\n\t\t\t<div class=\"elementor-column-wrap\">\n\t\t\t\t\t\t\t<div class=\"elementor-widget-wrap\">\n\t\t\t\t\t\t\t\t<\/div>\n\t\t\t\t\t<\/div>\n\t\t<\/div>\n\t\t\t\t\t\t\t\t<\/div>\n\t\t\t\t\t<\/div>\n\t\t<\/section>\n\t\t\t\t<section class=\"elementor-section elementor-top-section elementor-element elementor-element-7ac6d4b elementor-section-full_width elementor-reverse-mobile elementor-section-height-default elementor-section-height-default\" data-id=\"7ac6d4b\" data-element_type=\"section\">\n\t\t\t\t\t\t<div class=\"elementor-container elementor-column-gap-no\">\n\t\t\t\t\t\t\t<div class=\"elementor-row\">\n\t\t\t\t\t<div class=\"elementor-column elementor-col-50 elementor-top-column elementor-element elementor-element-25afc9c3\" data-id=\"25afc9c3\" data-element_type=\"column\" data-settings=\"{&quot;background_background&quot;:&quot;classic&quot;}\">\n\t\t\t<div class=\"elementor-column-wrap\">\n\t\t\t\t\t\t\t<div class=\"elementor-widget-wrap\">\n\t\t\t\t\t\t\t\t<\/div>\n\t\t\t\t\t<\/div>\n\t\t<\/div>\n\t\t\t\t<div class=\"elementor-column elementor-col-50 elementor-top-column elementor-element elementor-element-60cb9260\" data-id=\"60cb9260\" data-element_type=\"column\" data-settings=\"{&quot;background_background&quot;:&quot;classic&quot;}\">\n\t\t\t<div class=\"elementor-column-wrap elementor-element-populated\">\n\t\t\t\t\t\t\t<div class=\"elementor-widget-wrap\">\n\t\t\t\t\t\t<div class=\"elementor-element elementor-element-2a54e716 elementor-widget elementor-widget-heading\" data-id=\"2a54e716\" data-element_type=\"widget\" data-widget_type=\"heading.default\">\n\t\t\t\t<div class=\"elementor-widget-container\">\n\t\t\t<h2 class=\"elementor-heading-title elementor-size-default\">Besplatan 21-dnevni plan vje\u017ebanja za stra\u017enjicu - program vje\u017ebanja DOMA\n<\/h2>\t\t<\/div>\n\t\t\t\t<\/div>\n\t\t\t\t<div class=\"elementor-element elementor-element-6faf253f elementor-widget elementor-widget-text-editor\" data-id=\"6faf253f\" data-element_type=\"widget\" data-widget_type=\"text-editor.default\">\n\t\t\t\t<div class=\"elementor-widget-container\">\n\t\t\t\t\t\t\t\t<div class=\"elementor-text-editor elementor-clearfix\">\n\t\t\t\t<h4>E-KNJIGA<\/h4><p>21-dnevni plan vje\u017ebanja Juicy Booty digitalni je program vje\u017ebanja koji mo\u017eete raditi kod ku\u0107e (ili gdje god \u017eelite!) koriste\u0107i Booty Goals Band. Ovaj program vje\u017ebanja posebno je osmi\u0161ljen kako bi vam pomogao da oblikujete zavodljivu, ukusnu stra\u017enjicu, tonirate bedra i oblikujete prekrasan struk &#8211; sve u samo 15 minuta dnevno za vidljive, zapanjuju\u0107e rezultate.<\/p>\t\t\t\t\t<\/div>\n\t\t\t\t\t\t<\/div>\n\t\t\t\t<\/div>\n\t\t\t\t\t\t<\/div>\n\t\t\t\t\t<\/div>\n\t\t<\/div>\n\t\t\t\t\t\t\t\t<\/div>\n\t\t\t\t\t<\/div>\n\t\t<\/section>\n\t\t\t\t<section class=\"elementor-section elementor-top-section elementor-element elementor-element-2a8e18ac elementor-section-boxed elementor-section-height-default elementor-section-height-default\" data-id=\"2a8e18ac\" data-element_type=\"section\">\n\t\t\t\t\t\t<div class=\"elementor-container elementor-column-gap-default\">\n\t\t\t\t\t\t\t<div class=\"elementor-row\">\n\t\t\t\t\t<div class=\"elementor-column elementor-col-100 elementor-top-column elementor-element elementor-element-5740b189\" data-id=\"5740b189\" data-element_type=\"column\">\n\t\t\t<div class=\"elementor-column-wrap elementor-element-populated\">\n\t\t\t\t\t\t\t<div class=\"elementor-widget-wrap\">\n\t\t\t\t\t\t<div class=\"elementor-element elementor-element-7d9ace3d elementor-widget elementor-widget-custom_title\" data-id=\"7d9ace3d\" data-element_type=\"widget\" data-widget_type=\"custom_title.default\">\n\t\t\t\t<div class=\"elementor-widget-container\">\n\t\t\t      <!-- border_title center_border -->\n      \n               <div class=\"custom_title\"  >\n            <h2 class=\"title  \"><span>Kada naru\u010dite Band Booty Goals, BESPLATNO \u0107ete dobiti:<\/span> <\/h2>\n         <\/div>\n      \n\n   \t\t<\/div>\n\t\t\t\t<\/div>\n\t\t\t\t<div class=\"elementor-element elementor-element-3534ee2c elementor-widget elementor-widget-image\" data-id=\"3534ee2c\" data-element_type=\"widget\" data-widget_type=\"image.default\">\n\t\t\t\t<div class=\"elementor-widget-container\">\n\t\t\t\t\t\t\t\t<div class=\"elementor-image\">\n\t\t\t\t\t\t\t\t\t\t\t\t<img width=\"600\" height=\"149\" src=\"https:\/\/testing.wowtea.eu\/hr\/files\/2021\/04\/products_combo-2.jpg\" class=\"attachment-large size-large wp-image-89506\" alt=\"\" loading=\"lazy\" srcset=\"https:\/\/testing.wowtea.eu\/hr\/files\/2021\/04\/products_combo-2.jpg 600w, https:\/\/testing.wowtea.eu\/hr\/files\/2021\/04\/products_combo-2-300x75.jpg 300w\" sizes=\"(max-width: 600px) 100vw, 600px\" \/>\t\t\t\t\t\t\t\t\t\t\t\t\t\t<\/div>\n\t\t\t\t\t\t<\/div>\n\t\t\t\t<\/div>\n\t\t\t\t<div class=\"elementor-element elementor-element-76dad820 elementor-widget elementor-widget-text-editor\" data-id=\"76dad820\" data-element_type=\"widget\" data-widget_type=\"text-editor.default\">\n\t\t\t\t<div class=\"elementor-widget-container\">\n\t\t\t\t\t\t\t\t<div class=\"elementor-text-editor elementor-clearfix\">\n\t\t\t\t<p><img loading=\"lazy\" class=\"alignnone size-full wp-image-7074\" src=\"https:\/\/bodygoalsclub.com\/wp-content\/uploads\/tik-che_20x20.png\" alt=\"\" width=\"20\" height=\"21\" \/> Elegantna torbica za elastike Booty Goals Band- koristite ih kod ku\u0107e ili ih ponesite bilo gdje sa sobom i ne odustanite od treninga!<\/p><p><img loading=\"lazy\" class=\"alignnone size-full wp-image-7074\" src=\"https:\/\/bodygoalsclub.com\/wp-content\/uploads\/tik-che_20x20.png\" alt=\"\" width=\"20\" height=\"21\" \/> Besplatan 21-dnevni plan treninga za so\u010dnu stra\u017enjicu &#8211; program ku\u0107ne vje\u017ebe<\/p>\t\t\t\t\t<\/div>\n\t\t\t\t\t\t<\/div>\n\t\t\t\t<\/div>\n\t\t\t\t\t\t<\/div>\n\t\t\t\t\t<\/div>\n\t\t<\/div>\n\t\t\t\t\t\t\t\t<\/div>\n\t\t\t\t\t<\/div>\n\t\t<\/section>\n\t\t\t\t\t\t\t\t\t<\/div>\n\t\t\t<\/div>\n\t\t\t\t\t<\/div>\n\t\t","protected":false},"excerpt":{"rendered":"<h4 class=\"vc_custom_heading text-u vc_custom_1575298970833 text-u urus_vc_custom_5f7aec27ce380 vc_custom_1575298970833\" style=\"text-align: center\">RESISTANCE BAND<\/h4>\n<div class=\"vc_row wpb_row vc_inner vc_row-fluid\" style=\"text-align: center\">\n<div class=\"wpb_column vc_column_container vc_col-sm-12\">\n<div class=\"vc_column-inner\">\n<div class=\"wpb_wrapper\">\n<div class=\"wpb_text_column wpb_content_element urus_vc_custom_5f7aec27ce3f9 \">\n<div class=\"wpb_wrapper\">\n<p><span class=\"face\">\u2661\u00a0<\/span><strong style=\"color: #b485b2\">Booty Goals Band Lvl 1<\/strong><br \/>\n<span class=\"face\">\u2661\u00a0<\/span><strong style=\"color: #b485b2\">Booty Goals Band Lvl 2<\/strong><\/p>\n<h4>Naju\u010dinkovitija ku\u0107na vje\u017eba za isklesanu stra\u017enjicu<\/h4>\n<p><span class=\"face\">\u2661\u00a0<\/span><strong style=\"color: #4c4c4c\">Iskle\u0161ite svoju brazilsku stra\u017enjicu<\/strong><br \/>\n<span class=\"face\">\u2661\u00a0<\/span><strong style=\"color: #4c4c4c\">Oblikujte lijepa bedra<\/strong><br \/>\n<span class=\"face\">\u2661\u00a0<\/span><strong style=\"color: #4c4c4c\">Oblikujte zavodljive noge i lijepu tjelesnu gra\u0111u<\/strong><\/p>\n<\/div>\n<\/div>\n<\/div>\n<\/div>\n<\/div>\n<\/div>\n<h1 class=\"vc_custom_heading urus_vc_custom_5f7aec27ce471\" style=\"text-align: center;color: #c6558c;font-size: 22px\">+ Besplatan 21-dnevni plan vje\u017ebanja za stra\u017enjicu &#8211; program vje\u017ebanja DOMA<\/h1>\n<div class=\"vc_row wpb_row vc_inner vc_row-fluid\">\n<div class=\"wpb_column vc_column_container vc_col-sm-12\">\n<div class=\"vc_column-inner\">\n<div class=\"wpb_wrapper\">\n<div class=\"wpb_text_column wpb_content_element urus_vc_custom_5f7aec27ce4ad \">\n<div class=\"wpb_wrapper\">\n<p style=\"text-align: center\"><span class=\"face\">*<\/span>Ovaj plan vje\u017ebanja poslat \u0107e se u PDF datoteci na va\u0161u e-adresu kada naru\u010dite svoj set elastika!<\/p>\n<\/div>\n<\/div>\n<\/div>\n<\/div>\n<\/div>\n<\/div>\n","protected":false},"featured_media":102194,"comment_status":"open","ping_status":"closed","template":"","meta":{"inline_featured_image":false},"product_cat":[200,95],"product_tag":[],"acf":[],"variations_data":[],"free_delivery":false,"currency_name":"&euro;","_links":{"self":[{"href":"https:\/\/testing.wowtea.eu\/hr\/wp-json\/wp\/v2\/product\/89474"}],"collection":[{"href":"https:\/\/testing.wowtea.eu\/hr\/wp-json\/wp\/v2\/product"}],"about":[{"href":"https:\/\/testing.wowtea.eu\/hr\/wp-json\/wp\/v2\/types\/product"}],"replies":[{"embeddable":true,"href":"https:\/\/testing.wowtea.eu\/hr\/wp-json\/wp\/v2\/comments?post=89474"}],"version-history":[{"count":0,"href":"https:\/\/testing.wowtea.eu\/hr\/wp-json\/wp\/v2\/product\/89474\/revisions"}],"wp:featuredmedia":[{"embeddable":true,"href":"https:\/\/testing.wowtea.eu\/hr\/wp-json\/wp\/v2\/media\/102194"}],"wp:attachment":[{"href":"https:\/\/testing.wowtea.eu\/hr\/wp-json\/wp\/v2\/media?parent=89474"}],"wp:term":[{"taxonomy":"product_cat","embeddable":true,"href":"https:\/\/testing.wowtea.eu\/hr\/wp-json\/wp\/v2\/product_cat?post=89474"},{"taxonomy":"product_tag","embeddable":true,"href":"https:\/\/testing.wowtea.eu\/hr\/wp-json\/wp\/v2\/product_tag?post=89474"}],"curies":[{"name":"wp","href":"https:\/\/api.w.org\/{rel}","templated":true}]}}