{"id":89561,"date":"2021-04-26T08:27:39","date_gmt":"2021-04-26T06:27:39","guid":{"rendered":"https:\/\/testing.wowtea.eu\/hr\/?post_type=product&#038;p=89561"},"modified":"2024-09-23T11:52:01","modified_gmt":"2024-09-23T09:52:01","slug":"booty-goals-band-combo","status":"publish","type":"product","link":"https:\/\/testing.wowtea.eu\/hr\/product\/booty-goals-band-combo\/","title":{"rendered":"Booty Goals Bands Combo"},"content":{"rendered":"\t\t<div data-elementor-type=\"product-post\" data-elementor-id=\"89561\" class=\"elementor elementor-89561\">\n\t\t\t\t\t\t<div class=\"elementor-inner\">\n\t\t\t\t<div class=\"elementor-section-wrap\">\n\t\t\t\t\t\t\t\t\t<section class=\"elementor-section elementor-top-section elementor-element elementor-element-29749123 elementor-section-full_width elementor-reverse-mobile elementor-section-height-default elementor-section-height-default\" data-id=\"29749123\" data-element_type=\"section\">\n\t\t\t\t\t\t<div class=\"elementor-container elementor-column-gap-no\">\n\t\t\t\t\t\t\t<div class=\"elementor-row\">\n\t\t\t\t\t<div class=\"elementor-column elementor-col-50 elementor-top-column elementor-element elementor-element-36e5995e\" data-id=\"36e5995e\" data-element_type=\"column\" data-settings=\"{&quot;background_background&quot;:&quot;classic&quot;}\">\n\t\t\t<div class=\"elementor-column-wrap\">\n\t\t\t\t\t\t\t<div class=\"elementor-widget-wrap\">\n\t\t\t\t\t\t\t\t<\/div>\n\t\t\t\t\t<\/div>\n\t\t<\/div>\n\t\t\t\t<div class=\"elementor-column elementor-col-50 elementor-top-column elementor-element elementor-element-6595ae94\" data-id=\"6595ae94\" data-element_type=\"column\" data-settings=\"{&quot;background_background&quot;:&quot;classic&quot;}\">\n\t\t\t<div class=\"elementor-column-wrap elementor-element-populated\">\n\t\t\t\t\t\t\t<div class=\"elementor-widget-wrap\">\n\t\t\t\t\t\t<div class=\"elementor-element elementor-element-5dfc4991 elementor-widget elementor-widget-heading\" data-id=\"5dfc4991\" data-element_type=\"widget\" data-widget_type=\"heading.default\">\n\t\t\t\t<div class=\"elementor-widget-container\">\n\t\t\t<h2 class=\"elementor-heading-title elementor-size-default\">15 minuta dnevno za WOW rezultate<\/h2>\t\t<\/div>\n\t\t\t\t<\/div>\n\t\t\t\t<div class=\"elementor-element elementor-element-10c6bff elementor-widget elementor-widget-text-editor\" data-id=\"10c6bff\" data-element_type=\"widget\" data-widget_type=\"text-editor.default\">\n\t\t\t\t<div class=\"elementor-widget-container\">\n\t\t\t\t\t\t\t\t<div class=\"elementor-text-editor elementor-clearfix\">\n\t\t\t\t<p>Samo nekoliko minuta vje\u017ebanja s Booty Goals Band-om mo\u017ee imati nevjerojatan u\u010dinak na stanje va\u0161e stra\u017enjice i bedara! Kako bismo vam pomogli da jo\u0161 br\u017ee oblikujete svoju brazilsku stra\u017enjicu, poslat \u0107emo vam besplatni 21-dnevni plan vje\u017ebanja s najboljim vje\u017ebama koje mo\u017eete raditi kod ku\u0107e &#8211; ili gdje god \u017eelite!<\/p><p>Kvalitetni materijali pru\u017eaju izvrsnu udobnost tijekom vje\u017ebanja. Booty Goals Band mo\u017eete koristiti i na kratkim hla\u010dama &#8211; ne\u0107e skliznuti, ne\u0107e vam stisnuti ko\u017eu i ne\u0107e puknuti!<\/p>\t\t\t\t\t<\/div>\n\t\t\t\t\t\t<\/div>\n\t\t\t\t<\/div>\n\t\t\t\t\t\t<\/div>\n\t\t\t\t\t<\/div>\n\t\t<\/div>\n\t\t\t\t\t\t\t\t<\/div>\n\t\t\t\t\t<\/div>\n\t\t<\/section>\n\t\t\t\t<section class=\"elementor-section elementor-top-section elementor-element elementor-element-7fec379c elementor-section-full_width elementor-section-height-default elementor-section-height-default\" data-id=\"7fec379c\" data-element_type=\"section\">\n\t\t\t\t\t\t<div class=\"elementor-container elementor-column-gap-no\">\n\t\t\t\t\t\t\t<div class=\"elementor-row\">\n\t\t\t\t\t<div class=\"elementor-column elementor-col-50 elementor-top-column elementor-element elementor-element-23af2f3d\" data-id=\"23af2f3d\" data-element_type=\"column\" data-settings=\"{&quot;background_background&quot;:&quot;classic&quot;}\">\n\t\t\t<div class=\"elementor-column-wrap elementor-element-populated\">\n\t\t\t\t\t\t\t<div class=\"elementor-widget-wrap\">\n\t\t\t\t\t\t<div class=\"elementor-element elementor-element-58307719 elementor-widget elementor-widget-heading\" data-id=\"58307719\" data-element_type=\"widget\" data-widget_type=\"heading.default\">\n\t\t\t\t<div class=\"elementor-widget-container\">\n\t\t\t<h2 class=\"elementor-heading-title elementor-size-default\">Band Booty Goals je upravo ono \u0161to vam treba (i va\u0161oj stra\u017enjici)!<\/h2>\t\t<\/div>\n\t\t\t\t<\/div>\n\t\t\t\t<div class=\"elementor-element elementor-element-4987cea7 elementor-widget elementor-widget-prod_info\" data-id=\"4987cea7\" data-element_type=\"widget\" data-widget_type=\"prod_info.default\">\n\t\t\t\t<div class=\"elementor-widget-container\">\n\t\t\t\n               <ul class=\"info_list\">\n                           <li>\n                  <strong>Maksimalna udobnost:<\/strong>\n                  <small>Kvalitetni materijali koji omogu\u0107uju prikladan i udoban trening<\/small>\n               <\/li>\n                           <li>\n                  <strong>Vrhunska kvaliteta:<\/strong>\n                  <small>Za razliku od drugih elastika, Booty Goals Band je vrlo izdr\u017eljiv i ne kvari se tijekom uporabe.<\/small>\n               <\/li>\n                           <li>\n                  <strong>Jednostavan za kori\u0161tenje:<\/strong>\n                  <small>Koristite ga kod ku\u0107e ili ga ponesite sa sobom i vje\u017ebajte bilo gdje i bilo kada<\/small>\n               <\/li>\n                           <li>\n                  <strong>Vidljivi u\u010dinci:<\/strong>\n                  <small>     Primijetit \u0107ete zapanjuju\u0107i u\u010dinak na stra\u017enjici, bedrima i struku - samo nekoliko minuta vje\u017ebanja dnevno<\/small>\n               <\/li>\n                     <\/ul>\n      \n\n   \t\t<\/div>\n\t\t\t\t<\/div>\n\t\t\t\t\t\t<\/div>\n\t\t\t\t\t<\/div>\n\t\t<\/div>\n\t\t\t\t<div class=\"elementor-column elementor-col-50 elementor-top-column elementor-element elementor-element-2b37b2e5\" data-id=\"2b37b2e5\" data-element_type=\"column\" data-settings=\"{&quot;background_background&quot;:&quot;classic&quot;}\">\n\t\t\t<div class=\"elementor-column-wrap\">\n\t\t\t\t\t\t\t<div class=\"elementor-widget-wrap\">\n\t\t\t\t\t\t\t\t<\/div>\n\t\t\t\t\t<\/div>\n\t\t<\/div>\n\t\t\t\t\t\t\t\t<\/div>\n\t\t\t\t\t<\/div>\n\t\t<\/section>\n\t\t\t\t<section class=\"elementor-section elementor-top-section elementor-element elementor-element-6702fa5c elementor-section-full_width elementor-reverse-mobile elementor-section-height-default elementor-section-height-default\" data-id=\"6702fa5c\" data-element_type=\"section\">\n\t\t\t\t\t\t<div class=\"elementor-container elementor-column-gap-no\">\n\t\t\t\t\t\t\t<div class=\"elementor-row\">\n\t\t\t\t\t<div class=\"elementor-column elementor-col-50 elementor-top-column elementor-element elementor-element-38749c1d\" data-id=\"38749c1d\" data-element_type=\"column\" data-settings=\"{&quot;background_background&quot;:&quot;classic&quot;}\">\n\t\t\t<div class=\"elementor-column-wrap\">\n\t\t\t\t\t\t\t<div class=\"elementor-widget-wrap\">\n\t\t\t\t\t\t\t\t<\/div>\n\t\t\t\t\t<\/div>\n\t\t<\/div>\n\t\t\t\t<div class=\"elementor-column elementor-col-50 elementor-top-column elementor-element elementor-element-37460b6f\" data-id=\"37460b6f\" data-element_type=\"column\" data-settings=\"{&quot;background_background&quot;:&quot;classic&quot;}\">\n\t\t\t<div class=\"elementor-column-wrap elementor-element-populated\">\n\t\t\t\t\t\t\t<div class=\"elementor-widget-wrap\">\n\t\t\t\t\t\t<div class=\"elementor-element elementor-element-f61b143 elementor-widget elementor-widget-heading\" data-id=\"f61b143\" data-element_type=\"widget\" data-widget_type=\"heading.default\">\n\t\t\t\t<div class=\"elementor-widget-container\">\n\t\t\t<h2 class=\"elementor-heading-title elementor-size-default\">Besplatan 21-dnevni plan vje\u017ebanja za stra\u017enjicu - program vje\u017ebanja DOMA\n<\/h2>\t\t<\/div>\n\t\t\t\t<\/div>\n\t\t\t\t<div class=\"elementor-element elementor-element-40cd9ba6 elementor-widget elementor-widget-text-editor\" data-id=\"40cd9ba6\" data-element_type=\"widget\" data-widget_type=\"text-editor.default\">\n\t\t\t\t<div class=\"elementor-widget-container\">\n\t\t\t\t\t\t\t\t<div class=\"elementor-text-editor elementor-clearfix\">\n\t\t\t\t<h4>E-KNJIGA<\/h4><p>21-dnevni plan vje\u017ebanja Juicy Booty digitalni je program vje\u017ebanja koji mo\u017eete raditi kod ku\u0107e (ili gdje god \u017eelite!) koriste\u0107i Booty Goals Band. Ovaj program vje\u017ebanja posebno je osmi\u0161ljen kako bi vam pomogao da oblikujete zavodljivu, ukusnu stra\u017enjicu, tonirate bedra i oblikujete prekrasan struk &#8211; sve u samo 15 minuta dnevno za vidljive, zapanjuju\u0107e rezultate.<\/p>\t\t\t\t\t<\/div>\n\t\t\t\t\t\t<\/div>\n\t\t\t\t<\/div>\n\t\t\t\t\t\t<\/div>\n\t\t\t\t\t<\/div>\n\t\t<\/div>\n\t\t\t\t\t\t\t\t<\/div>\n\t\t\t\t\t<\/div>\n\t\t<\/section>\n\t\t\t\t<section class=\"elementor-section elementor-top-section elementor-element elementor-element-1729b33d elementor-section-boxed elementor-section-height-default elementor-section-height-default\" data-id=\"1729b33d\" data-element_type=\"section\">\n\t\t\t\t\t\t<div class=\"elementor-container elementor-column-gap-default\">\n\t\t\t\t\t\t\t<div class=\"elementor-row\">\n\t\t\t\t\t<div class=\"elementor-column elementor-col-100 elementor-top-column elementor-element elementor-element-12152416\" data-id=\"12152416\" data-element_type=\"column\">\n\t\t\t<div class=\"elementor-column-wrap elementor-element-populated\">\n\t\t\t\t\t\t\t<div class=\"elementor-widget-wrap\">\n\t\t\t\t\t\t<div class=\"elementor-element elementor-element-8dc24e6 elementor-widget elementor-widget-custom_title\" data-id=\"8dc24e6\" data-element_type=\"widget\" data-widget_type=\"custom_title.default\">\n\t\t\t\t<div class=\"elementor-widget-container\">\n\t\t\t      <!-- border_title center_border -->\n      \n               <div class=\"custom_title\"  >\n            <h2 class=\"title  \"><span>Kada naru\u010dite Band Booty Goals, BESPLATNO \u0107ete dobiti:<\/span> <\/h2>\n         <\/div>\n      \n\n   \t\t<\/div>\n\t\t\t\t<\/div>\n\t\t\t\t<div class=\"elementor-element elementor-element-780570bb elementor-widget elementor-widget-image\" data-id=\"780570bb\" data-element_type=\"widget\" data-widget_type=\"image.default\">\n\t\t\t\t<div class=\"elementor-widget-container\">\n\t\t\t\t\t\t\t\t<div class=\"elementor-image\">\n\t\t\t\t\t\t\t\t\t\t\t\t<img width=\"600\" height=\"149\" src=\"https:\/\/testing.wowtea.eu\/hr\/files\/2021\/04\/products_combo-2.jpg\" class=\"attachment-large size-large wp-image-89506\" alt=\"\" loading=\"lazy\" srcset=\"https:\/\/testing.wowtea.eu\/hr\/files\/2021\/04\/products_combo-2.jpg 600w, https:\/\/testing.wowtea.eu\/hr\/files\/2021\/04\/products_combo-2-300x75.jpg 300w\" sizes=\"(max-width: 600px) 100vw, 600px\" \/>\t\t\t\t\t\t\t\t\t\t\t\t\t\t<\/div>\n\t\t\t\t\t\t<\/div>\n\t\t\t\t<\/div>\n\t\t\t\t<div class=\"elementor-element elementor-element-1acdbfff elementor-widget elementor-widget-text-editor\" data-id=\"1acdbfff\" data-element_type=\"widget\" data-widget_type=\"text-editor.default\">\n\t\t\t\t<div class=\"elementor-widget-container\">\n\t\t\t\t\t\t\t\t<div class=\"elementor-text-editor elementor-clearfix\">\n\t\t\t\t<p><img loading=\"lazy\" class=\"alignnone size-full wp-image-7074\" src=\"https:\/\/bodygoalsclub.com\/wp-content\/uploads\/tik-che_20x20.png\" alt=\"\" width=\"20\" height=\"21\" \/> Elegantna torbica za elastike Booty Goals Band- koristite ih kod ku\u0107e ili ih ponesite bilo gdje sa sobom i ne odustanite od treninga!<\/p><p><img loading=\"lazy\" class=\"alignnone size-full wp-image-7074\" src=\"https:\/\/bodygoalsclub.com\/wp-content\/uploads\/tik-che_20x20.png\" alt=\"\" width=\"20\" height=\"21\" \/> Besplatan 21-dnevni plan treninga za so\u010dnu stra\u017enjicu &#8211; program ku\u0107ne vje\u017ebe<\/p>\t\t\t\t\t<\/div>\n\t\t\t\t\t\t<\/div>\n\t\t\t\t<\/div>\n\t\t\t\t\t\t<\/div>\n\t\t\t\t\t<\/div>\n\t\t<\/div>\n\t\t\t\t\t\t\t\t<\/div>\n\t\t\t\t\t<\/div>\n\t\t<\/section>\n\t\t\t\t\t\t\t\t\t<\/div>\n\t\t\t<\/div>\n\t\t\t\t\t<\/div>\n\t\t","protected":false},"excerpt":{"rendered":"<h4 class=\"vc_custom_heading text-u vc_custom_1575298970833 text-u urus_vc_custom_5f7aec27ce380 vc_custom_1575298970833\" style=\"text-align: center\">RESISTANCE BAND<\/h4>\n<div class=\"vc_row wpb_row vc_inner vc_row-fluid\" style=\"text-align: center\">\n<div class=\"wpb_column vc_column_container vc_col-sm-12\">\n<div class=\"vc_column-inner\">\n<div class=\"wpb_wrapper\">\n<div class=\"wpb_text_column wpb_content_element urus_vc_custom_5f7aec27ce3f9 \">\n<div class=\"wpb_wrapper\">\n<p><span class=\"face\">\u2661\u00a0<\/span><strong style=\"color: #b485b2\">Booty Goals Band Lvl 1<\/strong><br \/>\n<span class=\"face\">\u2661\u00a0<\/span><strong style=\"color: #b485b2\">Booty Goals Band Lvl 2<\/strong><\/p>\n<h4>Naju\u010dinkovitija ku\u0107na vje\u017eba za isklesanu stra\u017enjicu<\/h4>\n<p><span class=\"face\">\u2661\u00a0<\/span><strong style=\"color: #4c4c4c\">Iskle\u0161ite svoju brazilsku stra\u017enjicu<\/strong><br \/>\n<span class=\"face\">\u2661\u00a0<\/span><strong style=\"color: #4c4c4c\">Oblikujte lijepa bedra<\/strong><br \/>\n<span class=\"face\">\u2661\u00a0<\/span><strong style=\"color: #4c4c4c\">Oblikujte zavodljive noge i lijepu tjelesnu gra\u0111u<\/strong><\/p>\n<\/div>\n<\/div>\n<\/div>\n<\/div>\n<\/div>\n<\/div>\n<h1 class=\"vc_custom_heading urus_vc_custom_5f7aec27ce471\" style=\"text-align: center;color: #c6558c;font-size: 22px\">+ Besplatan 21-dnevni plan vje\u017ebanja za stra\u017enjicu &#8211; program vje\u017ebanja DOMA<\/h1>\n<div class=\"vc_row wpb_row vc_inner vc_row-fluid\">\n<div class=\"wpb_column vc_column_container vc_col-sm-12\">\n<div class=\"vc_column-inner\">\n<div class=\"wpb_wrapper\">\n<div class=\"wpb_text_column wpb_content_element urus_vc_custom_5f7aec27ce4ad \">\n<div class=\"wpb_wrapper\">\n<p style=\"text-align: center\"><span class=\"face\">*<\/span>Ovaj plan vje\u017ebanja poslat \u0107e se u PDF datoteci na va\u0161u e-adresu kada naru\u010dite svoj set elastika!<\/p>\n<\/div>\n<\/div>\n<\/div>\n<\/div>\n<\/div>\n<\/div>\n","protected":false},"featured_media":89495,"comment_status":"open","ping_status":"closed","template":"","meta":{"inline_featured_image":false},"product_cat":[200,95],"product_tag":[],"acf":[],"variations_data":{"89652":{"id":89652,"name":"Booty Goals Band Combo","slug":"booty-goals-band-combo-3","date_created":{"date":"2021-04-27 10:15:03.000000","timezone_type":1,"timezone":"+00:00"},"date_modified":{"date":"2024-09-23 09:51:58.000000","timezone_type":1,"timezone":"+00:00"},"status":"publish","featured":false,"catalog_visibility":"visible","description":"","short_description":"","sku":"WOW-S-BL1BL2","price":"24.6","regular_price":"24.6","sale_price":"","date_on_sale_from":null,"date_on_sale_to":null,"total_sales":"0","tax_status":"taxable","tax_class":"parent","manage_stock":false,"stock_quantity":null,"stock_status":"instock","backorders":"no","low_stock_amount":"","sold_individually":false,"weight":"","length":"","width":"","height":"","upsell_ids":[],"cross_sell_ids":[],"parent_id":89561,"reviews_allowed":false,"purchase_note":"","attributes":{"pa_bands-upsells":"booty-goals-band-combo"},"default_attributes":[],"menu_order":1,"post_password":"","virtual":false,"downloadable":false,"category_ids":[],"tag_ids":[],"shipping_class_id":0,"downloads":[],"image_id":89653,"gallery_image_ids":[],"download_limit":-1,"download_expiry":-1,"rating_counts":[],"average_rating":0,"review_count":0,"attribute_summary":"bands-upsells: Booty Goals Band Combo","meta_data":[{"id":356906,"key":"yst_prominent_words_version","value":"1"},{"id":356933,"key":"_gtin","value":""},{"id":356934,"key":"_variable_text_field_1","value":""},{"id":356935,"key":"_variable_text_field_2","value":""},{"id":356936,"key":"_variable_text_field_3","value":""},{"id":356937,"key":"fstr-p-sub","value":""},{"id":604938,"key":"_sold_variation_individually","value":"no"},{"id":604939,"key":"_v_label_field","value":"regular_price"},{"id":841739,"key":"oms_price_updated_at","value":"2024-09-23T09:30:13.532810Z"}],"price_html":"<span class=\"woocommerce-Price-amount amount\"><bdi>24.60&nbsp;<span class=\"woocommerce-Price-currencySymbol\">&euro;<\/span><\/bdi><\/span>","image":"<img width=\"600\" height=\"600\" src=\"https:\/\/testing.wowtea.eu\/hr\/files\/2021\/04\/Product-images-combo-600x600-1-1.png\" class=\"attachment-woocommerce_thumbnail size-woocommerce_thumbnail\" alt=\"\" loading=\"lazy\" srcset=\"https:\/\/testing.wowtea.eu\/hr\/files\/2021\/04\/Product-images-combo-600x600-1-1.png 600w, https:\/\/testing.wowtea.eu\/hr\/files\/2021\/04\/Product-images-combo-600x600-1-1-300x300.png 300w, https:\/\/testing.wowtea.eu\/hr\/files\/2021\/04\/Product-images-combo-600x600-1-1-150x150.png 150w, https:\/\/testing.wowtea.eu\/hr\/files\/2021\/04\/Product-images-combo-600x600-1-1-45x45.png 45w, https:\/\/testing.wowtea.eu\/hr\/files\/2021\/04\/Product-images-combo-600x600-1-1-100x100.png 100w\" sizes=\"(max-width: 600px) 100vw, 600px\" \/>","free_delivery":false},"89650":{"id":89650,"name":"2 Good Team + Booty Combo","slug":"booty-goals-band-combo-2","date_created":{"date":"2021-04-27 10:14:24.000000","timezone_type":1,"timezone":"+00:00"},"date_modified":{"date":"2024-09-02 08:21:09.000000","timezone_type":1,"timezone":"+00:00"},"status":"publish","featured":false,"catalog_visibility":"visible","description":"","short_description":"","sku":"WOW-P-SFSLFTBL1BL2","price":"56.60","regular_price":"75.40","sale_price":"56.60","date_on_sale_from":null,"date_on_sale_to":null,"total_sales":"0","tax_status":"taxable","tax_class":"parent","manage_stock":false,"stock_quantity":null,"stock_status":"instock","backorders":"no","low_stock_amount":"","sold_individually":false,"weight":"","length":"","width":"","height":"","upsell_ids":[],"cross_sell_ids":[],"parent_id":89561,"reviews_allowed":false,"purchase_note":"","attributes":{"pa_bands-upsells":"2-good-team-booty-combo"},"default_attributes":[],"menu_order":2,"post_password":"","virtual":false,"downloadable":false,"category_ids":[],"tag_ids":[],"shipping_class_id":0,"downloads":[],"image_id":89651,"gallery_image_ids":[],"download_limit":-1,"download_expiry":-1,"rating_counts":[],"average_rating":0,"review_count":0,"attribute_summary":"bands-upsells: 2 Good Team + Booty Combo","meta_data":[{"id":356873,"key":"yst_prominent_words_version","value":"1"},{"id":356899,"key":"_gtin","value":""},{"id":356900,"key":"_variable_text_field_1","value":""},{"id":356901,"key":"_variable_text_field_2","value":""},{"id":356902,"key":"_variable_text_field_3","value":""},{"id":356903,"key":"fstr-p-sub","value":""},{"id":604940,"key":"_sold_variation_individually","value":"no"},{"id":604941,"key":"_v_label_field","value":""},{"id":829704,"key":"oms_price_updated_at","value":"2024-09-02T08:21:22.382374Z"},{"id":830169,"key":"_old_regular_price","value":"71.1"},{"id":830170,"key":"_old_sale_price","value":"55.8"}],"price_html":"<del aria-hidden=\"true\"><span class=\"woocommerce-Price-amount amount\"><bdi>75.40&nbsp;<span class=\"woocommerce-Price-currencySymbol\">&euro;<\/span><\/bdi><\/span><\/del> <ins><span class=\"woocommerce-Price-amount amount\"><bdi>56.60&nbsp;<span class=\"woocommerce-Price-currencySymbol\">&euro;<\/span><\/bdi><\/span><\/ins>","image":"<img width=\"600\" height=\"600\" src=\"https:\/\/testing.wowtea.eu\/hr\/files\/2021\/04\/2-good-team-booty-goals-bands-600x600-1-1.jpg\" class=\"attachment-woocommerce_thumbnail size-woocommerce_thumbnail\" alt=\"\" loading=\"lazy\" srcset=\"https:\/\/testing.wowtea.eu\/hr\/files\/2021\/04\/2-good-team-booty-goals-bands-600x600-1-1.jpg 600w, https:\/\/testing.wowtea.eu\/hr\/files\/2021\/04\/2-good-team-booty-goals-bands-600x600-1-1-300x300.jpg 300w, https:\/\/testing.wowtea.eu\/hr\/files\/2021\/04\/2-good-team-booty-goals-bands-600x600-1-1-150x150.jpg 150w, https:\/\/testing.wowtea.eu\/hr\/files\/2021\/04\/2-good-team-booty-goals-bands-600x600-1-1-45x45.jpg 45w, https:\/\/testing.wowtea.eu\/hr\/files\/2021\/04\/2-good-team-booty-goals-bands-600x600-1-1-100x100.jpg 100w\" sizes=\"(max-width: 600px) 100vw, 600px\" \/>","free_delivery":"Besplatna po\u0161tarina"},"89648":{"id":89648,"name":"Super Slim Me Program + Booty Goals Band Combo","slug":"booty-goals-band-combo","date_created":{"date":"2021-04-27 10:12:48.000000","timezone_type":1,"timezone":"+00:00"},"date_modified":{"date":"2024-09-02 08:21:23.000000","timezone_type":1,"timezone":"+00:00"},"status":"publish","featured":false,"catalog_visibility":"visible","description":"","short_description":"","sku":"WOW-P-SFSLFTBTBBL1BL2","price":"71.20","regular_price":"101.70","sale_price":"71.20","date_on_sale_from":null,"date_on_sale_to":null,"total_sales":"0","tax_status":"taxable","tax_class":"parent","manage_stock":false,"stock_quantity":null,"stock_status":"instock","backorders":"no","low_stock_amount":"","sold_individually":false,"weight":"","length":"","width":"","height":"","upsell_ids":[],"cross_sell_ids":[],"parent_id":89561,"reviews_allowed":false,"purchase_note":"","attributes":{"pa_bands-upsells":"super-slim-me-program-booty-goals-band-combo"},"default_attributes":[],"menu_order":3,"post_password":"","virtual":false,"downloadable":false,"category_ids":[],"tag_ids":[],"shipping_class_id":0,"downloads":[],"image_id":89649,"gallery_image_ids":[],"download_limit":-1,"download_expiry":-1,"rating_counts":[],"average_rating":0,"review_count":0,"attribute_summary":"bands-upsells: Super Slim Me Program + Booty Goals Band Combo","meta_data":[{"id":356840,"key":"yst_prominent_words_version","value":"1"},{"id":356865,"key":"_gtin","value":""},{"id":356866,"key":"_variable_text_field_1","value":""},{"id":356867,"key":"_variable_text_field_2","value":""},{"id":356868,"key":"_variable_text_field_3","value":""},{"id":356869,"key":"fstr-p-sub","value":""},{"id":604942,"key":"_sold_variation_individually","value":"no"},{"id":604943,"key":"_v_label_field","value":""},{"id":829720,"key":"oms_price_updated_at","value":"2024-09-02T08:21:35.963020Z"},{"id":830188,"key":"_old_regular_price","value":"98"},{"id":830189,"key":"_old_sale_price","value":"70.5"}],"price_html":"<del aria-hidden=\"true\"><span class=\"woocommerce-Price-amount amount\"><bdi>101.70&nbsp;<span class=\"woocommerce-Price-currencySymbol\">&euro;<\/span><\/bdi><\/span><\/del> <ins><span class=\"woocommerce-Price-amount amount\"><bdi>71.20&nbsp;<span class=\"woocommerce-Price-currencySymbol\">&euro;<\/span><\/bdi><\/span><\/ins>","image":"<img width=\"600\" height=\"600\" src=\"https:\/\/testing.wowtea.eu\/hr\/files\/2021\/04\/Super-Slim-ME-booty-goals-bands-600x600-1-1.jpg\" class=\"attachment-woocommerce_thumbnail size-woocommerce_thumbnail\" alt=\"\" loading=\"lazy\" srcset=\"https:\/\/testing.wowtea.eu\/hr\/files\/2021\/04\/Super-Slim-ME-booty-goals-bands-600x600-1-1.jpg 600w, https:\/\/testing.wowtea.eu\/hr\/files\/2021\/04\/Super-Slim-ME-booty-goals-bands-600x600-1-1-300x300.jpg 300w, https:\/\/testing.wowtea.eu\/hr\/files\/2021\/04\/Super-Slim-ME-booty-goals-bands-600x600-1-1-150x150.jpg 150w, https:\/\/testing.wowtea.eu\/hr\/files\/2021\/04\/Super-Slim-ME-booty-goals-bands-600x600-1-1-45x45.jpg 45w, https:\/\/testing.wowtea.eu\/hr\/files\/2021\/04\/Super-Slim-ME-booty-goals-bands-600x600-1-1-100x100.jpg 100w\" sizes=\"(max-width: 600px) 100vw, 600px\" \/>","free_delivery":"Besplatna po\u0161tarina"}},"free_delivery":false,"currency_name":"&euro;","_links":{"self":[{"href":"https:\/\/testing.wowtea.eu\/hr\/wp-json\/wp\/v2\/product\/89561"}],"collection":[{"href":"https:\/\/testing.wowtea.eu\/hr\/wp-json\/wp\/v2\/product"}],"about":[{"href":"https:\/\/testing.wowtea.eu\/hr\/wp-json\/wp\/v2\/types\/product"}],"replies":[{"embeddable":true,"href":"https:\/\/testing.wowtea.eu\/hr\/wp-json\/wp\/v2\/comments?post=89561"}],"version-history":[{"count":0,"href":"https:\/\/testing.wowtea.eu\/hr\/wp-json\/wp\/v2\/product\/89561\/revisions"}],"wp:featuredmedia":[{"embeddable":true,"href":"https:\/\/testing.wowtea.eu\/hr\/wp-json\/wp\/v2\/media\/89495"}],"wp:attachment":[{"href":"https:\/\/testing.wowtea.eu\/hr\/wp-json\/wp\/v2\/media?parent=89561"}],"wp:term":[{"taxonomy":"product_cat","embeddable":true,"href":"https:\/\/testing.wowtea.eu\/hr\/wp-json\/wp\/v2\/product_cat?post=89561"},{"taxonomy":"product_tag","embeddable":true,"href":"https:\/\/testing.wowtea.eu\/hr\/wp-json\/wp\/v2\/product_tag?post=89561"}],"curies":[{"name":"wp","href":"https:\/\/api.w.org\/{rel}","templated":true}]}}