{"id":112106,"date":"2021-07-05T11:55:04","date_gmt":"2021-07-05T09:55:04","guid":{"rendered":"https:\/\/testing.wowtea.eu\/hu\/?page_id=112106"},"modified":"2021-07-05T11:58:08","modified_gmt":"2021-07-05T09:58:08","slug":"summer-edition-products","status":"publish","type":"page","link":"https:\/\/testing.wowtea.eu\/hu\/summer-edition-products\/","title":{"rendered":"Summer edition products"},"content":{"rendered":"\t\t<div data-elementor-type=\"wp-page\" data-elementor-id=\"112106\" class=\"elementor elementor-112106\">\n\t\t\t\t\t\t<div class=\"elementor-inner\">\n\t\t\t\t<div class=\"elementor-section-wrap\">\n\t\t\t\t\t\t\t\t\t<section class=\"elementor-section elementor-top-section elementor-element elementor-element-d6a07fc elementor-section-boxed elementor-section-height-default elementor-section-height-default\" data-id=\"d6a07fc\" data-element_type=\"section\">\n\t\t\t\t\t\t<div class=\"elementor-container elementor-column-gap-default\">\n\t\t\t\t\t\t\t<div class=\"elementor-row\">\n\t\t\t\t\t<div class=\"elementor-column elementor-col-100 elementor-top-column elementor-element elementor-element-0581700\" data-id=\"0581700\" data-element_type=\"column\">\n\t\t\t<div class=\"elementor-column-wrap elementor-element-populated\">\n\t\t\t\t\t\t\t<div class=\"elementor-widget-wrap\">\n\t\t\t\t\t\t<div class=\"elementor-element elementor-element-5f175b1 elementor-grid-3 elementor-grid-tablet-3 elementor-grid-mobile-2 elementor-products-grid elementor-wc-products elementor-widget elementor-widget-woocommerce-products\" data-id=\"5f175b1\" data-element_type=\"widget\" data-widget_type=\"woocommerce-products.default\">\n\t\t\t\t<div class=\"elementor-widget-container\">\n\t\t\t<div class=\"woocommerce columns-3 \"><div class=\"product_listing row center\">\n\n<!-- columns- -->\n<style>\n  .delivery_strip {\n    position: unset;\n    left: 0;\n    width: 100%;\n    display: block;\n    margin: 0 auto;\n    max-width: none;\n    text-shadow: none;\n    box-shadow: none;\n  }\n\n  .delivery_strip::after {\n    display: none;\n  }\n\n  .delivery_strip.empty {\n    visibility: hidden;\n  }\n\n  .woocommerce .star-rating {\n    margin: 10px auto;\n  }\n\n  .woocommerce-loop-product__title,\n  .woocommerce .product_listing .product_box .product_small_meta {\n    padding: 0px 10px;\n  }\n\n  .woocommerce .product_listing .product_box .product_small_meta {\n    display: -webkit-box;\n    -webkit-line-clamp: 2;\n    -webkit-box-orient: vertical;\n    overflow: hidden;\n    text-overflow: ellipsis;\n    line-height: 1.3;\n  }\n\n  .woocommerce .product_listing .product_box .price {\n    margin-top: 10px;\n  }\n\n  .woocommerce .product_listing .product_box .woocommerce-loop-product__title a {\n    color: #1B1919;\n  }\n\n  .label-wrap.wapl-aligncenter {\n    margin: 0px auto 10px auto;\n  }\n\n  .woocommerce .product_listing .product_box {\n    padding: 15px 0px;\n  }\n\n  .shop_section .row.center {\n    justify-content: space-evenly;\n  }\n\n  .woocommerce .product_listing .product_box {\n    box-shadow: rgba(0, 0, 0, 0.12) 0px 1px 2px;\n    border-radius: 30px;\n    display: flex;\n    flex-direction: column;\n    justify-content: space-between;\n  }\n\n  .woocommerce .product_listing .product_box .hover_thumb {\n    display: flex;\n    flex-direction: column;\n    \/* for add to cart btn *\/\n    padding-bottom: 15px;\n    margin-bottom: 0;\n\n  }\n\n  .product-box-top-part {\n    padding: 0px 30px;\n    order: 1;\n    margin-bottom: 0;\n  }\n\n  .hover_thumb .label-wrap {\n    order: 3;\n    margin: 0 auto;\n  }\n\n  .wapl-label .product-label {\n    font-weight: 800;\n  }\n\n  .delivery_strip {\n    order: 2;\n  }\n\n  .delivery_strip.is-hidden {\n    visibility: hidden;\n    opacity: 0;\n  }\n\n  @media screen and (min-width: 721px) {\n\n    .woocommerce .product_listing .product_box {\n      max-width: 330px;\n    }\n  }\n<\/style>\n\n<script>\n  document.querySelectorAll('.woocommerce-advanced-product-label.product-label.label-custom').forEach(el => {\n    if (!el.dataset.originalBg) {\n      el.dataset.originalBg = el.style.backgroundColor;\n    }\n\n    const bg = el.dataset.originalBg;\n\n    if (bg) {\n      el.style.backgroundColor = '#fff';\n      el.style.color = bg;\n    }\n  });\n<\/script>\n\n<div class=\"product_box col default_6 medium_4 nopromo product type-product post-107079 status-publish instock product_cat-summer-bundles product_cat-summer-product has-post-thumbnail sale taxable shipping-taxable purchasable product-type-variable\">\n\n  <div class=\"hover_thumb\">\n\n  <!-- 1. SALE BADGE & CATEGORY BADGES -->\n  <div class=\"product-box-top-part\">\n    <a href=\"https:\/\/testing.wowtea.eu\/hu\/product\/love-summer-body\/\" data-quantity=\"1\" class=\"button product_type_variable add_to_cart_button\" data-product_id=\"107079\" data-product_sku=\"WOW-P-SETSSTBTY\" aria-label=\"V\u00e1lasszunk &ldquo;Love Your Summer Body&rdquo; lehet\u0151s\u00e9gek k\u00f6z\u00fcl\" rel=\"nofollow\">Opci\u00f3k v\u00e1laszt\u00e1sa<\/a><\/div><div class=\"label-wrap wapl-label label-custom wapl-aligncenter\">\n\t\t\t\t<span class=\"woocommerce-advanced-product-label product-label label-custom\" style='background-color: #02a6ff; color: #fff;'>NEW SUMMER<\/span>\n\t\t\t<\/div>\n    <div class=\"delivery_strip \">\n      + Ingyenes sz\u00e1ll\u00edt\u00e1s      <i class='fas fa-truck'><\/i>\n    <\/div>\n  <\/div>\n\n  <!-- 3. RATING -->\n  <div class=\"product-rating\">\n    <div class=\"star-rating\" role=\"img\" aria-label=\"\u00c9rt\u00e9kel\u00e9s: 4.81 \/ 5\"><span style=\"width:96.2%\">\u00c9rt\u00e9kel\u00e9s: <strong class=\"rating\">4.81<\/strong> \/ 5<\/span><\/div>  <\/div>\n\n  <!-- 5. PRODUCT TITLE -->\n  <h2 class=\"woocommerce-loop-product__title\">\n    <a href=\"https:\/\/testing.wowtea.eu\/hu\/product\/love-summer-body\/\">Love Your Summer Body<\/a>\n  <\/h2>\n\n  <!-- 6. CUSTOM SMALL TEXT -->\n  <span class=\"product_small_meta\">V\u00e1laszd b\u00e1rmelyik 2 ny\u00e1ri te\u00e1t + s\u00e1rga \u00fcveget\r\nEz a t\u00f6k\u00e9letes ny\u00e1ri kombin\u00e1ci\u00f3.<\/span>\n  <!-- 7. PRICE -->\n  <div class=\"product-price\">\n    \n\t<span class=\"price\"><del aria-hidden=\"true\"><span class=\"woocommerce-Price-amount amount\"><bdi>27,970&nbsp;<span class=\"woocommerce-Price-currencySymbol\">&#70;&#116;<\/span><\/bdi><\/span><\/del> <ins><span class=\"woocommerce-Price-amount amount\"><bdi>22,380&nbsp;<span class=\"woocommerce-Price-currencySymbol\">&#70;&#116;<\/span><\/bdi><\/span><\/ins><\/span>\n  <\/div>\n\n  <span class=\"gtm4wp_productdata\" style=\"display:none; visibility:hidden;\" data-gtm4wp_product_data=\"{&quot;internal_id&quot;:107079,&quot;item_id&quot;:&quot;WOW-P-SETSSTBTY&quot;,&quot;item_name&quot;:&quot;Love Your Summer Body&quot;,&quot;sku&quot;:&quot;WOW-P-SETSSTBTY&quot;,&quot;price&quot;:19580,&quot;stocklevel&quot;:null,&quot;stockstatus&quot;:&quot;instock&quot;,&quot;google_business_vertical&quot;:&quot;retail&quot;,&quot;item_category&quot;:&quot;Kits&quot;,&quot;id&quot;:&quot;WOW-P-SETSSTBTY&quot;,&quot;productlink&quot;:&quot;https:\\\/\\\/testing.wowtea.eu\\\/hu\\\/product\\\/love-summer-body\\\/&quot;,&quot;item_list_name&quot;:&quot;General Product List&quot;,&quot;index&quot;:1,&quot;product_type&quot;:&quot;variable&quot;,&quot;item_brand&quot;:&quot;&quot;}\"><\/span><\/div>\n<style>\n  .delivery_strip {\n    position: unset;\n    left: 0;\n    width: 100%;\n    display: block;\n    margin: 0 auto;\n    max-width: none;\n    text-shadow: none;\n    box-shadow: none;\n  }\n\n  .delivery_strip::after {\n    display: none;\n  }\n\n  .delivery_strip.empty {\n    visibility: hidden;\n  }\n\n  .woocommerce .star-rating {\n    margin: 10px auto;\n  }\n\n  .woocommerce-loop-product__title,\n  .woocommerce .product_listing .product_box .product_small_meta {\n    padding: 0px 10px;\n  }\n\n  .woocommerce .product_listing .product_box .product_small_meta {\n    display: -webkit-box;\n    -webkit-line-clamp: 2;\n    -webkit-box-orient: vertical;\n    overflow: hidden;\n    text-overflow: ellipsis;\n    line-height: 1.3;\n  }\n\n  .woocommerce .product_listing .product_box .price {\n    margin-top: 10px;\n  }\n\n  .woocommerce .product_listing .product_box .woocommerce-loop-product__title a {\n    color: #1B1919;\n  }\n\n  .label-wrap.wapl-aligncenter {\n    margin: 0px auto 10px auto;\n  }\n\n  .woocommerce .product_listing .product_box {\n    padding: 15px 0px;\n  }\n\n  .shop_section .row.center {\n    justify-content: space-evenly;\n  }\n\n  .woocommerce .product_listing .product_box {\n    box-shadow: rgba(0, 0, 0, 0.12) 0px 1px 2px;\n    border-radius: 30px;\n    display: flex;\n    flex-direction: column;\n    justify-content: space-between;\n  }\n\n  .woocommerce .product_listing .product_box .hover_thumb {\n    display: flex;\n    flex-direction: column;\n    \/* for add to cart btn *\/\n    padding-bottom: 15px;\n    margin-bottom: 0;\n\n  }\n\n  .product-box-top-part {\n    padding: 0px 30px;\n    order: 1;\n    margin-bottom: 0;\n  }\n\n  .hover_thumb .label-wrap {\n    order: 3;\n    margin: 0 auto;\n  }\n\n  .wapl-label .product-label {\n    font-weight: 800;\n  }\n\n  .delivery_strip {\n    order: 2;\n  }\n\n  .delivery_strip.is-hidden {\n    visibility: hidden;\n    opacity: 0;\n  }\n\n  @media screen and (min-width: 721px) {\n\n    .woocommerce .product_listing .product_box {\n      max-width: 330px;\n    }\n  }\n<\/style>\n\n<script>\n  document.querySelectorAll('.woocommerce-advanced-product-label.product-label.label-custom').forEach(el => {\n    if (!el.dataset.originalBg) {\n      el.dataset.originalBg = el.style.backgroundColor;\n    }\n\n    const bg = el.dataset.originalBg;\n\n    if (bg) {\n      el.style.backgroundColor = '#fff';\n      el.style.color = bg;\n    }\n  });\n<\/script>\n\n<div class=\"product_box col default_6 medium_4 nopromo product type-product post-107066 status-publish instock product_cat-summer-bundles product_cat-summer-product has-post-thumbnail sale taxable shipping-taxable purchasable product-type-variable has-default-attributes\">\n\n  <div class=\"hover_thumb\">\n\n  <!-- 1. SALE BADGE & CATEGORY BADGES -->\n  <div class=\"product-box-top-part\">\n    <a href=\"https:\/\/testing.wowtea.eu\/hu\/product\/new-summer-new\/\" data-quantity=\"1\" class=\"button product_type_variable add_to_cart_button\" data-product_id=\"107066\" data-product_sku=\"WOW-P-SETSST\" aria-label=\"V\u00e1lasszunk &ldquo;New Summer New Me&rdquo; lehet\u0151s\u00e9gek k\u00f6z\u00fcl\" rel=\"nofollow\">Opci\u00f3k v\u00e1laszt\u00e1sa<\/a><\/div><div class=\"label-wrap wapl-label label-custom wapl-aligncenter\">\n\t\t\t\t<span class=\"woocommerce-advanced-product-label product-label label-custom\" style='background-color: #02a6ff; color: #fff;'>NEW SUMMER<\/span>\n\t\t\t<\/div>\n    <div class=\"delivery_strip \">\n      + Ingyenes sz\u00e1ll\u00edt\u00e1s      <i class='fas fa-truck'><\/i>\n    <\/div>\n  <\/div>\n\n  <!-- 3. RATING -->\n  <div class=\"product-rating\">\n    <div class=\"star-rating\" role=\"img\" aria-label=\"\u00c9rt\u00e9kel\u00e9s: 4.71 \/ 5\"><span style=\"width:94.2%\">\u00c9rt\u00e9kel\u00e9s: <strong class=\"rating\">4.71<\/strong> \/ 5<\/span><\/div>  <\/div>\n\n  <!-- 5. PRODUCT TITLE -->\n  <h2 class=\"woocommerce-loop-product__title\">\n    <a href=\"https:\/\/testing.wowtea.eu\/hu\/product\/new-summer-new\/\">New Summer New Me<\/a>\n  <\/h2>\n\n  <!-- 6. CUSTOM SMALL TEXT -->\n  <span class=\"product_small_meta\">Summer Detox + Summer Slimfit\r\n&lt;br&gt;\r\nA ny\u00e1ri bestseller tr\u00f3pusi \u00edzes\u00edt\u00e9ssel<\/span>\n  <!-- 7. PRICE -->\n  <div class=\"product-price\">\n    \n\t<span class=\"price\"><del aria-hidden=\"true\"><span class=\"woocommerce-Price-amount amount\"><bdi>17,980&nbsp;<span class=\"woocommerce-Price-currencySymbol\">&#70;&#116;<\/span><\/bdi><\/span><\/del> <ins><span class=\"woocommerce-Price-amount amount\"><bdi>15,280&nbsp;<span class=\"woocommerce-Price-currencySymbol\">&#70;&#116;<\/span><\/bdi><\/span><\/ins><\/span>\n  <\/div>\n\n  <span class=\"gtm4wp_productdata\" style=\"display:none; visibility:hidden;\" data-gtm4wp_product_data=\"{&quot;internal_id&quot;:107066,&quot;item_id&quot;:&quot;WOW-P-SETSST&quot;,&quot;item_name&quot;:&quot;New Summer New Me&quot;,&quot;sku&quot;:&quot;WOW-P-SETSST&quot;,&quot;price&quot;:15280,&quot;stocklevel&quot;:null,&quot;stockstatus&quot;:&quot;instock&quot;,&quot;google_business_vertical&quot;:&quot;retail&quot;,&quot;item_category&quot;:&quot;Kits&quot;,&quot;id&quot;:&quot;WOW-P-SETSST&quot;,&quot;productlink&quot;:&quot;https:\\\/\\\/testing.wowtea.eu\\\/hu\\\/product\\\/new-summer-new\\\/&quot;,&quot;item_list_name&quot;:&quot;General Product List&quot;,&quot;index&quot;:2,&quot;product_type&quot;:&quot;variable&quot;,&quot;item_brand&quot;:&quot;&quot;}\"><\/span><\/div>\n<style>\n  .delivery_strip {\n    position: unset;\n    left: 0;\n    width: 100%;\n    display: block;\n    margin: 0 auto;\n    max-width: none;\n    text-shadow: none;\n    box-shadow: none;\n  }\n\n  .delivery_strip::after {\n    display: none;\n  }\n\n  .delivery_strip.empty {\n    visibility: hidden;\n  }\n\n  .woocommerce .star-rating {\n    margin: 10px auto;\n  }\n\n  .woocommerce-loop-product__title,\n  .woocommerce .product_listing .product_box .product_small_meta {\n    padding: 0px 10px;\n  }\n\n  .woocommerce .product_listing .product_box .product_small_meta {\n    display: -webkit-box;\n    -webkit-line-clamp: 2;\n    -webkit-box-orient: vertical;\n    overflow: hidden;\n    text-overflow: ellipsis;\n    line-height: 1.3;\n  }\n\n  .woocommerce .product_listing .product_box .price {\n    margin-top: 10px;\n  }\n\n  .woocommerce .product_listing .product_box .woocommerce-loop-product__title a {\n    color: #1B1919;\n  }\n\n  .label-wrap.wapl-aligncenter {\n    margin: 0px auto 10px auto;\n  }\n\n  .woocommerce .product_listing .product_box {\n    padding: 15px 0px;\n  }\n\n  .shop_section .row.center {\n    justify-content: space-evenly;\n  }\n\n  .woocommerce .product_listing .product_box {\n    box-shadow: rgba(0, 0, 0, 0.12) 0px 1px 2px;\n    border-radius: 30px;\n    display: flex;\n    flex-direction: column;\n    justify-content: space-between;\n  }\n\n  .woocommerce .product_listing .product_box .hover_thumb {\n    display: flex;\n    flex-direction: column;\n    \/* for add to cart btn *\/\n    padding-bottom: 15px;\n    margin-bottom: 0;\n\n  }\n\n  .product-box-top-part {\n    padding: 0px 30px;\n    order: 1;\n    margin-bottom: 0;\n  }\n\n  .hover_thumb .label-wrap {\n    order: 3;\n    margin: 0 auto;\n  }\n\n  .wapl-label .product-label {\n    font-weight: 800;\n  }\n\n  .delivery_strip {\n    order: 2;\n  }\n\n  .delivery_strip.is-hidden {\n    visibility: hidden;\n    opacity: 0;\n  }\n\n  @media screen and (min-width: 721px) {\n\n    .woocommerce .product_listing .product_box {\n      max-width: 330px;\n    }\n  }\n<\/style>\n\n<script>\n  document.querySelectorAll('.woocommerce-advanced-product-label.product-label.label-custom').forEach(el => {\n    if (!el.dataset.originalBg) {\n      el.dataset.originalBg = el.style.backgroundColor;\n    }\n\n    const bg = el.dataset.originalBg;\n\n    if (bg) {\n      el.style.backgroundColor = '#fff';\n      el.style.color = bg;\n    }\n  });\n<\/script>\n\n<div class=\"product_box col default_6 medium_4 nopromo product type-product post-107003 status-publish instock product_cat-summer-bundles product_cat-summer-product has-post-thumbnail sale taxable shipping-taxable purchasable product-type-variable\">\n\n  <div class=\"hover_thumb\">\n\n  <!-- 1. SALE BADGE & CATEGORY BADGES -->\n  <div class=\"product-box-top-part\">\n    <a href=\"https:\/\/testing.wowtea.eu\/hu\/product\/summer-reborn\/\" data-quantity=\"1\" class=\"button product_type_variable add_to_cart_button\" data-product_id=\"107003\" data-product_sku=\"WOW-P-SETBTY\" aria-label=\"V\u00e1lasszunk &ldquo;Summer Reborn&rdquo; lehet\u0151s\u00e9gek k\u00f6z\u00fcl\" rel=\"nofollow\">Opci\u00f3k v\u00e1laszt\u00e1sa<\/a><\/div><div class=\"label-wrap wapl-label label-custom wapl-aligncenter\">\n\t\t\t\t<span class=\"woocommerce-advanced-product-label product-label label-custom\" style='background-color: #02a6ff; color: #fff;'>NEW SUMMER<\/span>\n\t\t\t<\/div>\n    <div class=\"delivery_strip \">\n      + Ingyenes sz\u00e1ll\u00edt\u00e1s      <i class='fas fa-truck'><\/i>\n    <\/div>\n  <\/div>\n\n  <!-- 3. RATING -->\n  <div class=\"product-rating\">\n    <div class=\"star-rating\" role=\"img\" aria-label=\"\u00c9rt\u00e9kel\u00e9s: 4.78 \/ 5\"><span style=\"width:95.6%\">\u00c9rt\u00e9kel\u00e9s: <strong class=\"rating\">4.78<\/strong> \/ 5<\/span><\/div>  <\/div>\n\n  <!-- 5. PRODUCT TITLE -->\n  <h2 class=\"woocommerce-loop-product__title\">\n    <a href=\"https:\/\/testing.wowtea.eu\/hu\/product\/summer-reborn\/\">Summer Reborn<\/a>\n  <\/h2>\n\n  <!-- 6. CUSTOM SMALL TEXT -->\n  <span class=\"product_small_meta\">Ny\u00e1ri m\u00e9regtelen\u00edt\u0151 \/ SlimFit \/ Wellness + s\u00e1rga \u00fcveg\r\nFitt \u00e9s eg\u00e9szs\u00e9ges k\u00f6rnyezetbar\u00e1t m\u00f3don!<\/span>\n  <!-- 7. PRICE -->\n  <div class=\"product-price\">\n    \n\t<span class=\"price\"><del aria-hidden=\"true\"><span class=\"woocommerce-Price-amount amount\"><bdi>18,980&nbsp;<span class=\"woocommerce-Price-currencySymbol\">&#70;&#116;<\/span><\/bdi><\/span><\/del> <ins><span class=\"woocommerce-Price-amount amount\"><bdi>16,110&nbsp;<span class=\"woocommerce-Price-currencySymbol\">&#70;&#116;<\/span><\/bdi><\/span><\/ins><\/span>\n  <\/div>\n\n  <span class=\"gtm4wp_productdata\" style=\"display:none; visibility:hidden;\" data-gtm4wp_product_data=\"{&quot;internal_id&quot;:107003,&quot;item_id&quot;:&quot;WOW-P-SETBTY&quot;,&quot;item_name&quot;:&quot;Summer Reborn&quot;,&quot;sku&quot;:&quot;WOW-P-SETBTY&quot;,&quot;price&quot;:16110,&quot;stocklevel&quot;:null,&quot;stockstatus&quot;:&quot;instock&quot;,&quot;google_business_vertical&quot;:&quot;retail&quot;,&quot;item_category&quot;:&quot;Kits&quot;,&quot;id&quot;:&quot;WOW-P-SETBTY&quot;,&quot;productlink&quot;:&quot;https:\\\/\\\/testing.wowtea.eu\\\/hu\\\/product\\\/summer-reborn\\\/&quot;,&quot;item_list_name&quot;:&quot;General Product List&quot;,&quot;index&quot;:3,&quot;product_type&quot;:&quot;variable&quot;,&quot;item_brand&quot;:&quot;&quot;}\"><\/span><\/div>\n<style>\n  .delivery_strip {\n    position: unset;\n    left: 0;\n    width: 100%;\n    display: block;\n    margin: 0 auto;\n    max-width: none;\n    text-shadow: none;\n    box-shadow: none;\n  }\n\n  .delivery_strip::after {\n    display: none;\n  }\n\n  .delivery_strip.empty {\n    visibility: hidden;\n  }\n\n  .woocommerce .star-rating {\n    margin: 10px auto;\n  }\n\n  .woocommerce-loop-product__title,\n  .woocommerce .product_listing .product_box .product_small_meta {\n    padding: 0px 10px;\n  }\n\n  .woocommerce .product_listing .product_box .product_small_meta {\n    display: -webkit-box;\n    -webkit-line-clamp: 2;\n    -webkit-box-orient: vertical;\n    overflow: hidden;\n    text-overflow: ellipsis;\n    line-height: 1.3;\n  }\n\n  .woocommerce .product_listing .product_box .price {\n    margin-top: 10px;\n  }\n\n  .woocommerce .product_listing .product_box .woocommerce-loop-product__title a {\n    color: #1B1919;\n  }\n\n  .label-wrap.wapl-aligncenter {\n    margin: 0px auto 10px auto;\n  }\n\n  .woocommerce .product_listing .product_box {\n    padding: 15px 0px;\n  }\n\n  .shop_section .row.center {\n    justify-content: space-evenly;\n  }\n\n  .woocommerce .product_listing .product_box {\n    box-shadow: rgba(0, 0, 0, 0.12) 0px 1px 2px;\n    border-radius: 30px;\n    display: flex;\n    flex-direction: column;\n    justify-content: space-between;\n  }\n\n  .woocommerce .product_listing .product_box .hover_thumb {\n    display: flex;\n    flex-direction: column;\n    \/* for add to cart btn *\/\n    padding-bottom: 15px;\n    margin-bottom: 0;\n\n  }\n\n  .product-box-top-part {\n    padding: 0px 30px;\n    order: 1;\n    margin-bottom: 0;\n  }\n\n  .hover_thumb .label-wrap {\n    order: 3;\n    margin: 0 auto;\n  }\n\n  .wapl-label .product-label {\n    font-weight: 800;\n  }\n\n  .delivery_strip {\n    order: 2;\n  }\n\n  .delivery_strip.is-hidden {\n    visibility: hidden;\n    opacity: 0;\n  }\n\n  @media screen and (min-width: 721px) {\n\n    .woocommerce .product_listing .product_box {\n      max-width: 330px;\n    }\n  }\n<\/style>\n\n<script>\n  document.querySelectorAll('.woocommerce-advanced-product-label.product-label.label-custom').forEach(el => {\n    if (!el.dataset.originalBg) {\n      el.dataset.originalBg = el.style.backgroundColor;\n    }\n\n    const bg = el.dataset.originalBg;\n\n    if (bg) {\n      el.style.backgroundColor = '#fff';\n      el.style.color = bg;\n    }\n  });\n<\/script>\n\n<div class=\"product_box col default_6 medium_4 nopromo product type-product post-106940 status-publish instock product_cat-wow-accessories product_cat-bottle product_cat-summer-product has-post-thumbnail sale taxable shipping-taxable purchasable product-type-variable\">\n\n  <div class=\"hover_thumb\">\n\n  <!-- 1. SALE BADGE & CATEGORY BADGES -->\n  <div class=\"product-box-top-part\">\n    <a href=\"https:\/\/testing.wowtea.eu\/hu\/product\/yellow-tea-bottle\/\" data-quantity=\"1\" class=\"button product_type_variable add_to_cart_button\" data-product_id=\"106940\" data-product_sku=\"WOW-B-T-Y\" aria-label=\"V\u00e1lasszunk &ldquo;Te\u00e1s \u00dcveg - S\u00e1rga&rdquo; lehet\u0151s\u00e9gek k\u00f6z\u00fcl\" rel=\"nofollow\">Opci\u00f3k v\u00e1laszt\u00e1sa<\/a><\/div><div class=\"label-wrap wapl-label label-custom wapl-aligncenter\">\n\t\t\t\t<span class=\"woocommerce-advanced-product-label product-label label-custom\" style='background-color: #02a6ff; color: #fff;'>NEW SUMMER<\/span>\n\t\t\t<\/div>\n    <div class=\"delivery_strip is-hidden\">\n      + Ingyenes sz\u00e1ll\u00edt\u00e1s      <i class='fas fa-truck'><\/i>\n    <\/div>\n  <\/div>\n\n  <!-- 3. RATING -->\n  <div class=\"product-rating\">\n    <div class=\"star-rating\" role=\"img\" aria-label=\"\u00c9rt\u00e9kel\u00e9s: 4.67 \/ 5\"><span style=\"width:93.4%\">\u00c9rt\u00e9kel\u00e9s: <strong class=\"rating\">4.67<\/strong> \/ 5<\/span><\/div>  <\/div>\n\n  <!-- 5. PRODUCT TITLE -->\n  <h2 class=\"woocommerce-loop-product__title\">\n    <a href=\"https:\/\/testing.wowtea.eu\/hu\/product\/yellow-tea-bottle\/\">Te\u00e1s \u00dcveg &#8211; S\u00e1rga<\/a>\n  <\/h2>\n\n  <!-- 6. CUSTOM SMALL TEXT -->\n  <span class=\"product_small_meta\">Ny\u00e1ri naps\u00e1rga, kiv\u00e1l\u00f3 min\u0151s\u00e9g\u0171 \u00e9s k\u00f6rnyezetbar\u00e1t.\r\nA te\u00e1z\u00e1s legjobb m\u00f3dja!<\/span>\n  <!-- 7. PRICE -->\n  <div class=\"product-price\">\n    \n\t<span class=\"price\"><del aria-hidden=\"true\"><span class=\"woocommerce-Price-amount amount\"><bdi>9,990&nbsp;<span class=\"woocommerce-Price-currencySymbol\">&#70;&#116;<\/span><\/bdi><\/span><\/del> <ins><span class=\"woocommerce-Price-amount amount\"><bdi>7,990&nbsp;<span class=\"woocommerce-Price-currencySymbol\">&#70;&#116;<\/span><\/bdi><\/span><\/ins><\/span>\n  <\/div>\n\n  <span class=\"gtm4wp_productdata\" style=\"display:none; visibility:hidden;\" data-gtm4wp_product_data=\"{&quot;internal_id&quot;:106940,&quot;item_id&quot;:&quot;WOW-B-T-Y&quot;,&quot;item_name&quot;:&quot;Te\\u00e1s \\u00dcveg - S\\u00e1rga&quot;,&quot;sku&quot;:&quot;WOW-B-T-Y&quot;,&quot;price&quot;:7990,&quot;stocklevel&quot;:null,&quot;stockstatus&quot;:&quot;instock&quot;,&quot;google_business_vertical&quot;:&quot;retail&quot;,&quot;item_category&quot;:&quot;Kieg\\u00e9sz\\u00edt\\u0151k&quot;,&quot;id&quot;:&quot;WOW-B-T-Y&quot;,&quot;productlink&quot;:&quot;https:\\\/\\\/testing.wowtea.eu\\\/hu\\\/product\\\/yellow-tea-bottle\\\/&quot;,&quot;item_list_name&quot;:&quot;General Product List&quot;,&quot;index&quot;:4,&quot;product_type&quot;:&quot;variable&quot;,&quot;item_brand&quot;:&quot;&quot;}\"><\/span><\/div><\/div>\n<\/div>\t\t<\/div>\n\t\t\t\t<\/div>\n\t\t\t\t\t\t<\/div>\n\t\t\t\t\t<\/div>\n\t\t<\/div>\n\t\t\t\t\t\t\t\t<\/div>\n\t\t\t\t\t<\/div>\n\t\t<\/section>\n\t\t\t\t\t\t\t\t\t<\/div>\n\t\t\t<\/div>\n\t\t\t\t\t<\/div>\n\t\t","protected":false},"excerpt":{"rendered":"","protected":false},"author":56,"featured_media":0,"parent":0,"menu_order":0,"comment_status":"closed","ping_status":"closed","template":"","meta":{"inline_featured_image":false},"acf":[],"_links":{"self":[{"href":"https:\/\/testing.wowtea.eu\/hu\/wp-json\/wp\/v2\/pages\/112106"}],"collection":[{"href":"https:\/\/testing.wowtea.eu\/hu\/wp-json\/wp\/v2\/pages"}],"about":[{"href":"https:\/\/testing.wowtea.eu\/hu\/wp-json\/wp\/v2\/types\/page"}],"author":[{"embeddable":true,"href":"https:\/\/testing.wowtea.eu\/hu\/wp-json\/wp\/v2\/users\/56"}],"replies":[{"embeddable":true,"href":"https:\/\/testing.wowtea.eu\/hu\/wp-json\/wp\/v2\/comments?post=112106"}],"version-history":[{"count":0,"href":"https:\/\/testing.wowtea.eu\/hu\/wp-json\/wp\/v2\/pages\/112106\/revisions"}],"wp:attachment":[{"href":"https:\/\/testing.wowtea.eu\/hu\/wp-json\/wp\/v2\/media?parent=112106"}],"curies":[{"name":"wp","href":"https:\/\/api.w.org\/{rel}","templated":true}]}}