{"id":295179,"date":"2024-08-26T13:52:04","date_gmt":"2024-08-26T11:52:04","guid":{"rendered":"https:\/\/testing.wowtea.eu\/hu\/?page_id=295179"},"modified":"2024-08-27T09:43:53","modified_gmt":"2024-08-27T07:43:53","slug":"organic-matcha-detox-blend","status":"publish","type":"page","link":"https:\/\/testing.wowtea.eu\/hu\/organic-matcha-detox-blend\/","title":{"rendered":"A t\u00f6k\u00e9letes lapos has a ny\u00e1rra"},"content":{"rendered":"","protected":false},"excerpt":{"rendered":"","protected":false},"author":53,"featured_media":0,"parent":0,"menu_order":0,"comment_status":"closed","ping_status":"closed","template":"matcha-lp-hu-v1.php","meta":{"inline_featured_image":false},"acf":[],"_links":{"self":[{"href":"https:\/\/testing.wowtea.eu\/hu\/wp-json\/wp\/v2\/pages\/295179"}],"collection":[{"href":"https:\/\/testing.wowtea.eu\/hu\/wp-json\/wp\/v2\/pages"}],"about":[{"href":"https:\/\/testing.wowtea.eu\/hu\/wp-json\/wp\/v2\/types\/page"}],"author":[{"embeddable":true,"href":"https:\/\/testing.wowtea.eu\/hu\/wp-json\/wp\/v2\/users\/53"}],"replies":[{"embeddable":true,"href":"https:\/\/testing.wowtea.eu\/hu\/wp-json\/wp\/v2\/comments?post=295179"}],"version-history":[{"count":0,"href":"https:\/\/testing.wowtea.eu\/hu\/wp-json\/wp\/v2\/pages\/295179\/revisions"}],"wp:attachment":[{"href":"https:\/\/testing.wowtea.eu\/hu\/wp-json\/wp\/v2\/media?parent=295179"}],"curies":[{"name":"wp","href":"https:\/\/api.w.org\/{rel}","templated":true}]}}