{"id":282764,"date":"2024-06-10T13:04:40","date_gmt":"2024-06-10T11:04:40","guid":{"rendered":"https:\/\/testing.wowtea.eu\/hu\/?post_type=product&#038;p=282764"},"modified":"2025-03-14T12:20:27","modified_gmt":"2025-03-14T11:20:27","slug":"summer-biofit-bundle","status":"publish","type":"product","link":"https:\/\/testing.wowtea.eu\/hu\/product\/summer-biofit-bundle\/","title":{"rendered":"Summer BioFit Bundle"},"content":{"rendered":"\t\t<div data-elementor-type=\"product-post\" data-elementor-id=\"282764\" class=\"elementor elementor-282764\">\n\t\t\t\t\t\t<div class=\"elementor-inner\">\n\t\t\t\t<div class=\"elementor-section-wrap\">\n\t\t\t\t\t\t\t\t\t<section class=\"elementor-section elementor-top-section elementor-element elementor-element-646fbd5 elementor-section-boxed elementor-section-height-default elementor-section-height-default\" data-id=\"646fbd5\" data-element_type=\"section\">\n\t\t\t\t\t\t<div class=\"elementor-container elementor-column-gap-default\">\n\t\t\t\t\t\t\t<div class=\"elementor-row\">\n\t\t\t\t\t<div class=\"elementor-column elementor-col-100 elementor-top-column elementor-element elementor-element-0fcdf61\" data-id=\"0fcdf61\" data-element_type=\"column\">\n\t\t\t<div class=\"elementor-column-wrap elementor-element-populated\">\n\t\t\t\t\t\t\t<div class=\"elementor-widget-wrap\">\n\t\t\t\t\t\t<div class=\"elementor-element elementor-element-20950c3 elementor-widget elementor-widget-heading\" data-id=\"20950c3\" data-element_type=\"widget\" data-widget_type=\"heading.default\">\n\t\t\t\t<div class=\"elementor-widget-container\">\n\t\t\t<h2 class=\"elementor-heading-title elementor-size-default\">Mi van dobozban?<\/h2>\t\t<\/div>\n\t\t\t\t<\/div>\n\t\t\t\t<div class=\"elementor-element elementor-element-03a800d elementor-widget elementor-widget-pp-info-box-carousel\" data-id=\"03a800d\" data-element_type=\"widget\" data-settings=\"{&quot;equal_height_boxes&quot;:&quot;yes&quot;}\" data-widget_type=\"pp-info-box-carousel.default\">\n\t\t\t\t<div class=\"elementor-widget-container\">\n\t\t\t\t\t<div class=\"swiper-container-wrap pp-info-box-carousel-wrap swiper-container-wrap-dots-outside\">\n\t\t\t<div class=\"pp-info-box pp-info-box-carousel swiper-container swiper-container-03a800d\" data-pagination=\".swiper-pagination-03a800d\" data-arrow-next=\".swiper-button-next-03a800d\" data-arrow-prev=\".swiper-button-prev-03a800d\" data-slider-settings=\"{&quot;direction&quot;:&quot;horizontal&quot;,&quot;effect&quot;:&quot;slide&quot;,&quot;speed&quot;:600,&quot;slidesPerView&quot;:2,&quot;spaceBetween&quot;:15,&quot;grabCursor&quot;:false,&quot;autoHeight&quot;:true,&quot;loop&quot;:true,&quot;autoplay&quot;:{&quot;delay&quot;:999999,&quot;disableOnInteraction&quot;:false},&quot;pagination&quot;:{&quot;el&quot;:&quot;.swiper-pagination-03a800d&quot;,&quot;type&quot;:&quot;bullets&quot;,&quot;clickable&quot;:true},&quot;navigation&quot;:{&quot;nextEl&quot;:&quot;.swiper-button-next-03a800d&quot;,&quot;prevEl&quot;:&quot;.swiper-button-prev-03a800d&quot;},&quot;breakpoints&quot;:{&quot;1025&quot;:{&quot;slidesPerView&quot;:2,&quot;spaceBetween&quot;:15},&quot;768&quot;:{&quot;slidesPerView&quot;:2,&quot;spaceBetween&quot;:10},&quot;320&quot;:{&quot;slidesPerView&quot;:1,&quot;spaceBetween&quot;:10}}}\">\n\t\t\t\t<div class=\"swiper-wrapper\">\n\t\t\t\t\t\t\t\t\t<div class=\"swiper-slide\">\n\t\t\t\t\t\t<div class=\"pp-info-box-content-wrap\">\n\t\t\t\t\t\t\t\t\t\t\t\t\t\t\t\t\t\t\t\t\t\t<div class=\"pp-info-box-icon-wrap\">\n\t\t\t\t\t\t\t\t\t\t\t\t\t\t\t\t\t\t\t\t\t<span class=\"pp-info-box-icon pp-icon\">\n\t\t\t\t\t\t\t\t\t<img src=\"https:\/\/testing.wowtea.eu\/hu\/files\/2024\/05\/WOWTEA-WEB-Summer-editions-Slimfit-Shop.png\" alt=\"WOWTEA-WEB-Summer-editions-Slimfit-Shop\">\t\t\t\t\t\t\t<\/span>\n\t\t\t\t\t\t\t\t\t\t\t\t\t\t\t\t\t\t\t\t<\/div>\n\t\t\t\t\t\t\t\t\t\t\t\t\t\t<div class=\"pp-info-box-content\">\n\t\t\t\t\t\t\t\t<div class=\"pp-info-box-title-wrap\">\n\t\t\t\t\t\t\t\t\t<div class=\"pp-info-box-title-container\"><h2 class=\"pp-info-box-title\">Summer Tropicana Slimfit Thee<\/h2><\/div>\t\t\t\t\t\t\t\t<\/div>\n\n\t\t\t\t\t\t\t\t\n\t\t\t\t\t\t\t\t\t\t\t\t\t\t\t\t\t<div class=\"pp-info-box-description\">\n\t\t\t\t\t\t\t\t\t\t<ul style=\"font-size:13px\"><br \/>\n    <li><i class=\"fas fa-check\" style=\"color: crimson\"><\/i> <b>Gyorsabb hat\u00e1s &#8211; jobb forma<\/b><\/li><br \/>\n    <li><i class=\"fas fa-check\" style=\"color: crimson\"><\/i> <b>Felgyors\u00edtja a zs\u00edr\u00e9get\u00e9st<\/b><\/li><br \/>\n    <li><i class=\"fas fa-check\" style=\"color: crimson\"><\/i> <b>Megsz\u00fcnteti a puffad\u00e1st \u00e9s a v\u00edzvisszatart\u00e1st<\/b><\/li><br \/>\n    <li><i class=\"fas fa-check\" style=\"color: crimson\"><\/i> <b>Szab\u00e1lyozza az \u00e9tv\u00e1gyat<\/b><\/li><br \/>\n    <li><i class=\"fas fa-check\" style=\"color: crimson\"><\/i> <b>Egzotikus tr\u00f3pusi \u00edz<\/b><\/li> <br \/>\n  <\/ul>\t\t\t\t\t\t\t\t\t<\/div>\n\t\t\t\t\t\t\t\t\t\t\t\t\t\t\t\t\t\n\t\t\t\t\t\t\t\t\t\t\t\t\t\t\t\t\t\t\t\t\t\t\t<\/div>\n\t\t\t\t\t\t<\/div>\n\t\t\t\t\t<\/div>\n\t\t\t\t\t\t\t\t\t\t<div class=\"swiper-slide\">\n\t\t\t\t\t\t<div class=\"pp-info-box-content-wrap\">\n\t\t\t\t\t\t\t\t\t\t\t\t\t\t\t\t\t\t\t\t\t\t<div class=\"pp-info-box-icon-wrap\">\n\t\t\t\t\t\t\t\t\t\t\t\t\t\t\t\t\t\t\t\t\t<span class=\"pp-info-box-icon pp-icon\">\n\t\t\t\t\t\t\t\t\t<img src=\"https:\/\/testing.wowtea.eu\/hu\/files\/2024\/05\/WOWTEA-WEB-Summer-editions-Detox-Shop.png\" alt=\"WOWTEA-WEB-Summer-editions-Detox-Shop\">\t\t\t\t\t\t\t<\/span>\n\t\t\t\t\t\t\t\t\t\t\t\t\t\t\t\t\t\t\t\t<\/div>\n\t\t\t\t\t\t\t\t\t\t\t\t\t\t<div class=\"pp-info-box-content\">\n\t\t\t\t\t\t\t\t<div class=\"pp-info-box-title-wrap\">\n\t\t\t\t\t\t\t\t\t<div class=\"pp-info-box-title-container\"><h2 class=\"pp-info-box-title\">Summer Tropicana Detox Tea<\/h2><\/div>\t\t\t\t\t\t\t\t<\/div>\n\n\t\t\t\t\t\t\t\t\n\t\t\t\t\t\t\t\t\t\t\t\t\t\t\t\t\t<div class=\"pp-info-box-description\">\n\t\t\t\t\t\t\t\t\t\t<ul style=\"font-size:13px\"><br \/>\n    <li><i class=\"fas fa-check\" style=\"color: crimson\"><\/i> <b>Gyorsan hat\u00f3 ny\u00e1ri m\u00e9regtelen\u00edt\u0151<\/b><\/li><br \/>\n    <li><i class=\"fas fa-check\" style=\"color: crimson\"><\/i> <b>Elt\u00e1vol\u00edtja a m\u00e9reganyagokat \u00e9s a v\u00edzvisszatart\u00e1st.<\/b><\/li><br \/>\n    <li><i class=\"fas fa-check\" style=\"color: crimson\"><\/i> <b>Fokozza az anyagcser\u00e9t \u00e9s az em\u00e9szt\u00e9st<\/b><\/li><br \/>\n    <li><i class=\"fas fa-check\" style=\"color: crimson\"><\/i> <b>L\u00e1that\u00f3 hat\u00e1s a ny\u00e1ri der\u00e9kb\u0151s\u00e9gre.<\/b><\/li><br \/>\n    <li><i class=\"fas fa-check\" style=\"color: crimson\"><\/i> <b>Friss\u00edt\u0151 tr\u00f3pusi citrusos \u00edz.<\/b><\/li> <br \/>\n  <\/ul>\t\t\t\t\t\t\t\t\t<\/div>\n\t\t\t\t\t\t\t\t\t\t\t\t\t\t\t\t\t\n\t\t\t\t\t\t\t\t\t\t\t\t\t\t\t\t\t\t\t\t\t\t\t<\/div>\n\t\t\t\t\t\t<\/div>\n\t\t\t\t\t<\/div>\n\t\t\t\t\t\t\t\t\t\t<div class=\"swiper-slide\">\n\t\t\t\t\t\t<div class=\"pp-info-box-content-wrap\">\n\t\t\t\t\t\t\t\t\t\t\t\t\t\t\t\t\t\t\t\t\t\t<div class=\"pp-info-box-icon-wrap\">\n\t\t\t\t\t\t\t\t\t\t\t\t\t\t\t\t\t\t\t\t\t<span class=\"pp-info-box-icon pp-icon\">\n\t\t\t\t\t\t\t\t\t<img src=\"https:\/\/testing.wowtea.eu\/hu\/files\/\/var\/www\/new.testing.wowtea.eu\/wp-content\/blogs.dir\/4\/files\/2021\/07\/wow-tea-Thermos-ORANGE-product-image.png\" alt=\"wow-tea-Thermos-ORANGE-product-image\">\t\t\t\t\t\t\t<\/span>\n\t\t\t\t\t\t\t\t\t\t\t\t\t\t\t\t\t\t\t\t<\/div>\n\t\t\t\t\t\t\t\t\t\t\t\t\t\t<div class=\"pp-info-box-content\">\n\t\t\t\t\t\t\t\t<div class=\"pp-info-box-title-wrap\">\n\t\t\t\t\t\t\t\t\t<div class=\"pp-info-box-title-container\"><h2 class=\"pp-info-box-title\">Tea Termosz Inf\u00fazi\u00f3val \u2013 Narancs<\/h2><\/div>\t\t\t\t\t\t\t\t<\/div>\n\n\t\t\t\t\t\t\t\t\n\t\t\t\t\t\t\t\t\t\t\t\t\t\t\t\t\t<div class=\"pp-info-box-description\">\n\t\t\t\t\t\t\t\t\t\t<ul style=\"font-size:13px\"><br \/>\n    <li><i class=\"fas fa-check\" style=\"color: crimson\"><\/i> <b>Kiv\u00e1l\u00f3 min\u0151s\u00e9g\u0171 anyagok<\/b><\/li><br \/>\n    <li><i class=\"fas fa-check\" style=\"color: crimson\"><\/i> <b>K\u00f6rnyezetbar\u00e1t &amp; \u00fajrafelhaszn\u00e1lhat\u00f3<\/b><\/li><br \/>\n    <li><i class=\"fas fa-check\" style=\"color: crimson\"><\/i> <b>Sz\u0171r\u0151 a kiv\u00e1l\u00f3 sz\u0171r\u00e9s \u00e9rdek\u00e9ben<\/b><\/li><br \/>\n    <li><i class=\"fas fa-check\" style=\"color: crimson\"><\/i> <b>12 \u00f3r\u00e1n \u00e1t forr\u00f3n vagy 24 \u00f3r\u00e1n \u00e1t hidegen tart<\/b><\/li><br \/>\n    <li><i class=\"fas fa-check\" style=\"color: crimson\"><\/i> <b>Luxus kialak\u00edt\u00e1s<\/b><\/li> <br \/>\n  <\/ul>\t\t\t\t\t\t\t\t\t<\/div>\n\t\t\t\t\t\t\t\t\t\t\t\t\t\t\t\t\t\n\t\t\t\t\t\t\t\t\t\t\t\t\t\t\t\t\t\t\t\t\t\t\t<\/div>\n\t\t\t\t\t\t<\/div>\n\t\t\t\t\t<\/div>\n\t\t\t\t\t\t\t\t\t<\/div>\n\t\t\t<\/div>\n\t\t\t\t\t\t<!-- Add Pagination -->\n\t\t\t<div class=\"swiper-pagination swiper-pagination-03a800d\"><\/div>\n\t\t\t\t\t\n\t\t\t\t\t\t\t<!-- Add Arrows -->\n\t\t\t\t<div class=\"swiper-button-prev swiper-button-prev-03a800d\">\n\t\t\t\t\t<i aria-hidden=\"true\" class=\"fas fa-chevron-left\"><\/i>\n\t\t\t\t<\/div>\n\t\t\t\t<div class=\"swiper-button-next swiper-button-next-03a800d\">\n\t\t\t\t\t<i aria-hidden=\"true\" class=\"fas fa-chevron-right\"><\/i>\n\t\t\t\t<\/div>\n\t\t\t\t\t\t\t\t<\/div>\n\t\t\t\t<\/div>\n\t\t\t\t<\/div>\n\t\t\t\t\t\t<\/div>\n\t\t\t\t\t<\/div>\n\t\t<\/div>\n\t\t\t\t\t\t\t\t<\/div>\n\t\t\t\t\t<\/div>\n\t\t<\/section>\n\t\t\t\t<section class=\"elementor-section elementor-top-section elementor-element elementor-element-5137a25 elementor-section-full_width elementor-section-height-default elementor-section-height-default\" data-id=\"5137a25\" data-element_type=\"section\">\n\t\t\t\t\t\t<div class=\"elementor-container elementor-column-gap-no\">\n\t\t\t\t\t\t\t<div class=\"elementor-row\">\n\t\t\t\t\t<div class=\"elementor-column elementor-col-100 elementor-top-column elementor-element elementor-element-e815306\" data-id=\"e815306\" data-element_type=\"column\">\n\t\t\t<div class=\"elementor-column-wrap elementor-element-populated\">\n\t\t\t\t\t\t\t<div class=\"elementor-widget-wrap\">\n\t\t\t\t\t\t<div class=\"elementor-element elementor-element-0fe9df6 elementor-hidden-tablet elementor-hidden-phone elementor-widget elementor-widget-image\" data-id=\"0fe9df6\" data-element_type=\"widget\" data-widget_type=\"image.default\">\n\t\t\t\t<div class=\"elementor-widget-container\">\n\t\t\t\t\t\t\t\t<div class=\"elementor-image\">\n\t\t\t\t\t\t\t\t\t\t\t\t<img width=\"1920\" height=\"1150\" src=\"https:\/\/testing.wowtea.eu\/hu\/files\/2021\/06\/THE-PERFECT-BEACH-DRINK-ummer-detox-D-HU-1.jpg\" class=\"attachment-full size-full wp-image-107088\" alt=\"\" loading=\"lazy\" srcset=\"https:\/\/testing.wowtea.eu\/hu\/files\/2021\/06\/THE-PERFECT-BEACH-DRINK-ummer-detox-D-HU-1.jpg 1920w, https:\/\/testing.wowtea.eu\/hu\/files\/2021\/06\/THE-PERFECT-BEACH-DRINK-ummer-detox-D-HU-1-300x180.jpg 300w, https:\/\/testing.wowtea.eu\/hu\/files\/2021\/06\/THE-PERFECT-BEACH-DRINK-ummer-detox-D-HU-1-1024x613.jpg 1024w, https:\/\/testing.wowtea.eu\/hu\/files\/2021\/06\/THE-PERFECT-BEACH-DRINK-ummer-detox-D-HU-1-768x460.jpg 768w, https:\/\/testing.wowtea.eu\/hu\/files\/2021\/06\/THE-PERFECT-BEACH-DRINK-ummer-detox-D-HU-1-1536x920.jpg 1536w, https:\/\/testing.wowtea.eu\/hu\/files\/2021\/06\/THE-PERFECT-BEACH-DRINK-ummer-detox-D-HU-1-600x359.jpg 600w\" sizes=\"(max-width: 1920px) 100vw, 1920px\" \/>\t\t\t\t\t\t\t\t\t\t\t\t\t\t<\/div>\n\t\t\t\t\t\t<\/div>\n\t\t\t\t<\/div>\n\t\t\t\t<div class=\"elementor-element elementor-element-5d55897 elementor-hidden-desktop elementor-hidden-tablet elementor-widget elementor-widget-image\" data-id=\"5d55897\" data-element_type=\"widget\" data-widget_type=\"image.default\">\n\t\t\t\t<div class=\"elementor-widget-container\">\n\t\t\t\t\t\t\t\t<div class=\"elementor-image\">\n\t\t\t\t\t\t\t\t\t\t\t\t<img width=\"460\" height=\"750\" src=\"https:\/\/testing.wowtea.eu\/hu\/files\/2021\/06\/THE-PERFECT-BEACH-DRINK-ummer-detox-M-HU-1.jpg\" class=\"attachment-full size-full wp-image-107089\" alt=\"\" loading=\"lazy\" srcset=\"https:\/\/testing.wowtea.eu\/hu\/files\/2021\/06\/THE-PERFECT-BEACH-DRINK-ummer-detox-M-HU-1.jpg 460w, https:\/\/testing.wowtea.eu\/hu\/files\/2021\/06\/THE-PERFECT-BEACH-DRINK-ummer-detox-M-HU-1-184x300.jpg 184w\" sizes=\"(max-width: 460px) 100vw, 460px\" \/>\t\t\t\t\t\t\t\t\t\t\t\t\t\t<\/div>\n\t\t\t\t\t\t<\/div>\n\t\t\t\t<\/div>\n\t\t\t\t\t\t<\/div>\n\t\t\t\t\t<\/div>\n\t\t<\/div>\n\t\t\t\t\t\t\t\t<\/div>\n\t\t\t\t\t<\/div>\n\t\t<\/section>\n\t\t\t\t<section class=\"elementor-section elementor-top-section elementor-element elementor-element-3568af4 elementor-section-boxed elementor-section-height-default elementor-section-height-default\" data-id=\"3568af4\" data-element_type=\"section\">\n\t\t\t\t\t\t<div class=\"elementor-container elementor-column-gap-default\">\n\t\t\t\t\t\t\t<div class=\"elementor-row\">\n\t\t\t\t\t<div class=\"elementor-column elementor-col-100 elementor-top-column elementor-element elementor-element-1fceeb5\" data-id=\"1fceeb5\" data-element_type=\"column\">\n\t\t\t<div class=\"elementor-column-wrap elementor-element-populated\">\n\t\t\t\t\t\t\t<div class=\"elementor-widget-wrap\">\n\t\t\t\t\t\t<div class=\"elementor-element elementor-element-c47f53d elementor-widget elementor-widget-html\" data-id=\"c47f53d\" data-element_type=\"widget\" data-widget_type=\"html.default\">\n\t\t\t\t<div class=\"elementor-widget-container\">\n\t\t\t<!-- TrustBox widget - Carousel -->\r\n<div class=\"trustpilot-widget\" data-locale=\"en-US\" data-template-id=\"53aa8912dec7e10d38f59f36\" data-businessunit-id=\"60029def312cb900013df992\" data-style-height=\"320px\" data-style-width=\"100%\" data-theme=\"light\" data-tags=\"EN\" data-stars=\"1,2,3,4,5\">\r\n  <a href=\"https:\/\/www.trustpilot.com\/review\/testing.wowtea.eu\" target=\"_blank\" rel=\"noopener\">Trustpilot<\/a>\r\n<\/div>\r\n<!-- End TrustBox widget -->\t\t<\/div>\n\t\t\t\t<\/div>\n\t\t\t\t\t\t<\/div>\n\t\t\t\t\t<\/div>\n\t\t<\/div>\n\t\t\t\t\t\t\t\t<\/div>\n\t\t\t\t\t<\/div>\n\t\t<\/section>\n\t\t\t\t\t\t\t\t\t<\/div>\n\t\t\t<\/div>\n\t\t\t\t\t<\/div>\n\t\t","protected":false},"excerpt":{"rendered":"<p>Summer Tropicana Detox Tea<br \/>\nSummer Tropicana Slimfit Tea<br \/>\nTea Termosz Inf\u00fazi\u00f3val \u2013 Narancs<\/p>\n","protected":false},"featured_media":282719,"comment_status":"open","ping_status":"closed","template":"","meta":{"inline_featured_image":false},"product_cat":[104,126],"product_tag":[],"acf":[],"variations_data":{"291632":{"id":291632,"name":"Summer BioFit Bundle","slug":"summer-biofit-bundle","date_created":{"date":"2024-08-02 14:03:59.000000","timezone_type":3,"timezone":"Europe\/Budapest"},"date_modified":{"date":"2025-03-14 11:40:59.000000","timezone_type":3,"timezone":"Europe\/Budapest"},"status":"publish","featured":false,"catalog_visibility":"visible","description":"","short_description":"","sku":"WOW-P-SETSSTTTO","price":"23180.00","regular_price":"28970","sale_price":"23180.00","date_on_sale_from":null,"date_on_sale_to":null,"total_sales":"0","tax_status":"taxable","tax_class":"parent","manage_stock":false,"stock_quantity":null,"stock_status":"instock","backorders":"no","low_stock_amount":"","sold_individually":false,"weight":"","length":"","width":"","height":"","upsell_ids":[],"cross_sell_ids":[],"parent_id":282764,"reviews_allowed":false,"purchase_note":"","attributes":{"pa_single-products-variations":"summer-biofit-bundle"},"default_attributes":[],"menu_order":0,"post_password":"","virtual":false,"downloadable":false,"category_ids":[],"tag_ids":[],"shipping_class_id":0,"downloads":[],"image_id":280980,"gallery_image_ids":[],"download_limit":-1,"download_expiry":-1,"rating_counts":[],"average_rating":0,"review_count":0,"attribute_summary":"single products variations: Summer BioFit Bundle","meta_data":[{"id":7758277,"key":"_old_regular_price","value":"28970"},{"id":7758278,"key":"_old_sale_price","value":"20280"},{"id":7758279,"key":"oms_price_updated_at","value":"2025-03-14 12:29:16"},{"id":7758280,"key":"_variable_text_field_1","value":""},{"id":7758281,"key":"_variable_text_field_2","value":""},{"id":7758282,"key":"_variable_text_field_3","value":""},{"id":7758283,"key":"fstr-p-sub","value":""},{"id":7758284,"key":"_sold_variation_individually","value":"no"},{"id":7758285,"key":"_v_label_field","value":"Save 20%"}],"price_html":"<del aria-hidden=\"true\"><span class=\"woocommerce-Price-amount amount\"><bdi>28,970&nbsp;<span class=\"woocommerce-Price-currencySymbol\">&#70;&#116;<\/span><\/bdi><\/span><\/del> <ins><span class=\"woocommerce-Price-amount amount\"><bdi>23,180&nbsp;<span class=\"woocommerce-Price-currencySymbol\">&#70;&#116;<\/span><\/bdi><\/span><\/ins>","image":"<img width=\"600\" height=\"600\" src=\"https:\/\/testing.wowtea.eu\/hu\/files\/2021\/07\/WOWTEA-WEB-thermos-Orange-Slimfit-Detox-600x600.png\" class=\"attachment-woocommerce_thumbnail size-woocommerce_thumbnail\" alt=\"\" loading=\"lazy\" srcset=\"https:\/\/testing.wowtea.eu\/hu\/files\/2021\/07\/WOWTEA-WEB-thermos-Orange-Slimfit-Detox.png 600w, https:\/\/testing.wowtea.eu\/hu\/files\/2021\/07\/WOWTEA-WEB-thermos-Orange-Slimfit-Detox-100x100.png 100w, https:\/\/testing.wowtea.eu\/hu\/files\/2021\/07\/WOWTEA-WEB-thermos-Orange-Slimfit-Detox-60x60.png 60w, https:\/\/testing.wowtea.eu\/hu\/files\/2021\/07\/WOWTEA-WEB-thermos-Orange-Slimfit-Detox-90x90.png 90w, https:\/\/testing.wowtea.eu\/hu\/files\/2021\/07\/WOWTEA-WEB-thermos-Orange-Slimfit-Detox-45x45.png 45w, https:\/\/testing.wowtea.eu\/hu\/files\/2021\/07\/WOWTEA-WEB-thermos-Orange-Slimfit-Detox-150x150.png 150w, https:\/\/testing.wowtea.eu\/hu\/files\/2021\/07\/WOWTEA-WEB-thermos-Orange-Slimfit-Detox-300x300.png 300w\" sizes=\"(max-width: 600px) 100vw, 600px\" \/>","free_delivery":"Ingyenes sz\u00e1ll\u00edt\u00e1s"}},"free_delivery":false,"currency_name":"&#70;&#116;","_links":{"self":[{"href":"https:\/\/testing.wowtea.eu\/hu\/wp-json\/wp\/v2\/product\/282764"}],"collection":[{"href":"https:\/\/testing.wowtea.eu\/hu\/wp-json\/wp\/v2\/product"}],"about":[{"href":"https:\/\/testing.wowtea.eu\/hu\/wp-json\/wp\/v2\/types\/product"}],"replies":[{"embeddable":true,"href":"https:\/\/testing.wowtea.eu\/hu\/wp-json\/wp\/v2\/comments?post=282764"}],"version-history":[{"count":0,"href":"https:\/\/testing.wowtea.eu\/hu\/wp-json\/wp\/v2\/product\/282764\/revisions"}],"wp:featuredmedia":[{"embeddable":true,"href":"https:\/\/testing.wowtea.eu\/hu\/wp-json\/wp\/v2\/media\/282719"}],"wp:attachment":[{"href":"https:\/\/testing.wowtea.eu\/hu\/wp-json\/wp\/v2\/media?parent=282764"}],"wp:term":[{"taxonomy":"product_cat","embeddable":true,"href":"https:\/\/testing.wowtea.eu\/hu\/wp-json\/wp\/v2\/product_cat?post=282764"},{"taxonomy":"product_tag","embeddable":true,"href":"https:\/\/testing.wowtea.eu\/hu\/wp-json\/wp\/v2\/product_tag?post=282764"}],"curies":[{"name":"wp","href":"https:\/\/api.w.org\/{rel}","templated":true}]}}