{"id":404,"date":"2020-07-07T16:02:04","date_gmt":"2020-07-07T13:02:04","guid":{"rendered":"https:\/\/testing.wowtea.eu\/lt\/?page_id=404"},"modified":"2024-04-10T10:15:47","modified_gmt":"2024-04-10T07:15:47","slug":"about-us","status":"publish","type":"page","link":"https:\/\/testing.wowtea.eu\/lt\/about-us\/","title":{"rendered":"Apie mus"},"content":{"rendered":"\t\t<div data-elementor-type=\"wp-page\" data-elementor-id=\"404\" class=\"elementor elementor-404\">\n\t\t\t\t\t\t<div class=\"elementor-inner\">\n\t\t\t\t<div class=\"elementor-section-wrap\">\n\t\t\t\t\t\t\t\t\t<section class=\"elementor-section elementor-top-section elementor-element elementor-element-d6cf8f3 elementor-section-boxed elementor-section-height-default elementor-section-height-default\" data-id=\"d6cf8f3\" data-element_type=\"section\" data-settings=\"{&quot;background_background&quot;:&quot;classic&quot;}\">\n\t\t\t\t\t\t<div class=\"elementor-container elementor-column-gap-default\">\n\t\t\t\t\t\t\t<div class=\"elementor-row\">\n\t\t\t\t\t<div class=\"elementor-column elementor-col-100 elementor-top-column elementor-element elementor-element-dc62397\" data-id=\"dc62397\" data-element_type=\"column\">\n\t\t\t<div class=\"elementor-column-wrap elementor-element-populated\">\n\t\t\t\t\t\t\t<div class=\"elementor-widget-wrap\">\n\t\t\t\t\t\t<div class=\"elementor-element elementor-element-52fb684 elementor-widget elementor-widget-image\" data-id=\"52fb684\" data-element_type=\"widget\" data-widget_type=\"image.default\">\n\t\t\t\t<div class=\"elementor-widget-container\">\n\t\t\t\t\t\t\t\t<div class=\"elementor-image\">\n\t\t\t\t\t\t\t\t\t\t\t\t<img width=\"768\" height=\"399\" src=\"https:\/\/testing.wowtea.eu\/lt\/files\/2021\/04\/about_us_wow_team-768x399.png\" class=\"attachment-medium_large size-medium_large wp-image-94706\" alt=\"\" loading=\"lazy\" srcset=\"https:\/\/testing.wowtea.eu\/lt\/files\/2021\/04\/about_us_wow_team-768x399.png 768w, https:\/\/testing.wowtea.eu\/lt\/files\/2021\/04\/about_us_wow_team-300x156.png 300w, https:\/\/testing.wowtea.eu\/lt\/files\/2021\/04\/about_us_wow_team-1024x532.png 1024w, https:\/\/testing.wowtea.eu\/lt\/files\/2021\/04\/about_us_wow_team-1536x798.png 1536w, https:\/\/testing.wowtea.eu\/lt\/files\/2021\/04\/about_us_wow_team-2048x1064.png 2048w, https:\/\/testing.wowtea.eu\/lt\/files\/2021\/04\/about_us_wow_team-600x312.png 600w\" sizes=\"(max-width: 768px) 100vw, 768px\" \/>\t\t\t\t\t\t\t\t\t\t\t\t\t\t<\/div>\n\t\t\t\t\t\t<\/div>\n\t\t\t\t<\/div>\n\t\t\t\t<div class=\"elementor-element elementor-element-1cc963c elementor-widget elementor-widget-video\" data-id=\"1cc963c\" data-element_type=\"widget\" data-settings=\"{&quot;youtube_url&quot;:&quot;https:\\\/\\\/www.youtube.com\\\/watch?v=FkOxPwUIr0w&quot;,&quot;modestbranding&quot;:&quot;yes&quot;,&quot;show_image_overlay&quot;:&quot;yes&quot;,&quot;image_overlay&quot;:{&quot;url&quot;:&quot;https:\\\/\\\/testing.wowtea.eu\\\/lt\\\/wp-content\\\/uploads\\\/2020\\\/10\\\/video-thumbnail.jpg&quot;,&quot;id&quot;:73009,&quot;size&quot;:&quot;&quot;},&quot;video_type&quot;:&quot;youtube&quot;,&quot;controls&quot;:&quot;yes&quot;}\" data-widget_type=\"video.default\">\n\t\t\t\t<div class=\"elementor-widget-container\">\n\t\t\t\t\t<div class=\"elementor-wrapper elementor-open-inline\">\n\t\t\t<div class=\"elementor-video\"><\/div>\t\t\t\t<div class=\"elementor-custom-embed-image-overlay\" style=\"background-image: url(https:\/\/testing.wowtea.eu\/lt\/files\/2020\/10\/video-thumbnail.jpg);\">\n\t\t\t\t\t\t\t\t\t\t\t\t\t\t\t\t<div class=\"elementor-custom-embed-play\" role=\"button\" aria-label=\"Play Video\" tabindex=\"0\">\n\t\t\t\t\t\t\t<i aria-hidden=\"true\" class=\"eicon-play\"><\/i>\t\t\t\t\t\t\t<span class=\"elementor-screen-only\">Play Video<\/span>\n\t\t\t\t\t\t<\/div>\n\t\t\t\t\t\t\t\t\t<\/div>\n\t\t\t\t\t<\/div>\n\t\t\t\t<\/div>\n\t\t\t\t<\/div>\n\t\t\t\t\t\t<\/div>\n\t\t\t\t\t<\/div>\n\t\t<\/div>\n\t\t\t\t\t\t\t\t<\/div>\n\t\t\t\t\t<\/div>\n\t\t<\/section>\n\t\t\t\t<section class=\"elementor-section elementor-top-section elementor-element elementor-element-bebf8f8 elementor-section-boxed elementor-section-height-default elementor-section-height-default\" data-id=\"bebf8f8\" data-element_type=\"section\" data-settings=\"{&quot;background_background&quot;:&quot;classic&quot;}\">\n\t\t\t\t\t\t<div class=\"elementor-container elementor-column-gap-default\">\n\t\t\t\t\t\t\t<div class=\"elementor-row\">\n\t\t\t\t\t<div class=\"elementor-column elementor-col-100 elementor-top-column elementor-element elementor-element-72cc45a\" data-id=\"72cc45a\" data-element_type=\"column\">\n\t\t\t<div class=\"elementor-column-wrap elementor-element-populated\">\n\t\t\t\t\t\t\t<div class=\"elementor-widget-wrap\">\n\t\t\t\t\t\t<div class=\"elementor-element elementor-element-f335344 elementor-widget elementor-widget-custom_title\" data-id=\"f335344\" data-element_type=\"widget\" data-widget_type=\"custom_title.default\">\n\t\t\t\t<div class=\"elementor-widget-container\">\n\t\t\t      <!-- border_title center_border -->\n      \n               <div class=\"custom_title\"  >\n            <h2 class=\"title border_title center \"><span>Viduje esantis gro\u017eis rodo i\u0161or\u0119<\/span> <small style=\"order: -1\">M\u016bs\u0173 misija...<\/small><\/h2>\n         <\/div>\n      \n\n   \t\t<\/div>\n\t\t\t\t<\/div>\n\t\t\t\t<div class=\"elementor-element elementor-element-f444cdf elementor-widget elementor-widget-text-editor\" data-id=\"f444cdf\" data-element_type=\"widget\" data-widget_type=\"text-editor.default\">\n\t\t\t\t<div class=\"elementor-widget-container\">\n\t\t\t\t\t\t\t\t<div class=\"elementor-text-editor elementor-clearfix\">\n\t\t\t\t<p>Be to, kad priverstume atrodyti ir jaustis geriausia savimi, mes tikime gamtos galia, aistra sportui, \u0161vari! maistu, k\u016bnu be toksin\u0173, \u0161iek tiek padedant m\u016bs\u0173 auk\u0161\u010diausios kokyb\u0117s arbatos mi\u0161iniams! Nesvarbu, ar turite modelio k\u016bn\u0105, ar buvote mama namuose, m\u016bs\u0173 arbatos pad\u0117s jums atrodyti ir jaustis geriausiai!\u00a0<\/p><p>Mes did\u017eiuojam\u0117s savo produktais ir juos gaminan\u010diais \u017emon\u0117mis! Mes naudojame tik auk\u0161tos kokyb\u0117s nat\u016bralius ingredientus ir sujungiame \u0161ias kruop\u0161\u010diai atrinktas, gamtos sukurtas dovanas, kad gal\u0117tume Tau pasi\u016blyti geriausius svorio metimo produktus rinkoje u\u017e prieinam\u0105 kain\u0105! (Taip pat manome, kad pasaulis b\u016bt\u0173 geresn\u0117 vieta, jei visi praleist\u0173 15 minu\u010di\u0173 per dien\u0105 i\u0161gerdami puodel\u012f arbatos.)<\/p>\t\t\t\t\t<\/div>\n\t\t\t\t\t\t<\/div>\n\t\t\t\t<\/div>\n\t\t\t\t\t\t<\/div>\n\t\t\t\t\t<\/div>\n\t\t<\/div>\n\t\t\t\t\t\t\t\t<\/div>\n\t\t\t\t\t<\/div>\n\t\t<\/section>\n\t\t\t\t<section class=\"elementor-section elementor-top-section elementor-element elementor-element-ee8de64 elementor-section-content-middle elementor-hidden-desktop elementor-hidden-tablet elementor-hidden-phone elementor-section-boxed elementor-section-height-default elementor-section-height-default\" data-id=\"ee8de64\" data-element_type=\"section\">\n\t\t\t\t\t\t<div class=\"elementor-container elementor-column-gap-default\">\n\t\t\t\t\t\t\t<div class=\"elementor-row\">\n\t\t\t\t\t<div class=\"elementor-column elementor-col-50 elementor-top-column elementor-element elementor-element-eb0af62\" data-id=\"eb0af62\" data-element_type=\"column\">\n\t\t\t<div class=\"elementor-column-wrap elementor-element-populated\">\n\t\t\t\t\t\t\t<div class=\"elementor-widget-wrap\">\n\t\t\t\t\t\t<div class=\"elementor-element elementor-element-3f2abd7 elementor-widget elementor-widget-image\" data-id=\"3f2abd7\" data-element_type=\"widget\" data-widget_type=\"image.default\">\n\t\t\t\t<div class=\"elementor-widget-container\">\n\t\t\t\t\t\t\t\t<div class=\"elementor-image\">\n\t\t\t\t\t\t\t\t\t\t\t\t<img width=\"576\" height=\"478\" src=\"https:\/\/testing.wowtea.eu\/lt\/files\/2020\/10\/about-us-1.jpg\" class=\"attachment-large size-large wp-image-72864\" alt=\"about-us-office\" loading=\"lazy\" srcset=\"https:\/\/testing.wowtea.eu\/lt\/files\/2020\/10\/about-us-1.jpg 576w, https:\/\/testing.wowtea.eu\/lt\/files\/2020\/10\/about-us-1-300x249.jpg 300w\" sizes=\"(max-width: 576px) 100vw, 576px\" \/>\t\t\t\t\t\t\t\t\t\t\t\t\t\t<\/div>\n\t\t\t\t\t\t<\/div>\n\t\t\t\t<\/div>\n\t\t\t\t\t\t<\/div>\n\t\t\t\t\t<\/div>\n\t\t<\/div>\n\t\t\t\t<div class=\"elementor-column elementor-col-50 elementor-top-column elementor-element elementor-element-68ffd8d\" data-id=\"68ffd8d\" data-element_type=\"column\">\n\t\t\t<div class=\"elementor-column-wrap elementor-element-populated\">\n\t\t\t\t\t\t\t<div class=\"elementor-widget-wrap\">\n\t\t\t\t\t\t<div class=\"elementor-element elementor-element-918d2f4 elementor-widget elementor-widget-custom_title\" data-id=\"918d2f4\" data-element_type=\"widget\" data-widget_type=\"custom_title.default\">\n\t\t\t\t<div class=\"elementor-widget-container\">\n\t\t\t      <!-- border_title center_border -->\n      \n               <div class=\"custom_title\"  >\n            <h2 class=\"title border_title center \"><span>\u0421\u044a\u0437\u0434\u0430\u0434\u0435\u043d\u0438 \u0432 \u0411\u044a\u043b\u0433\u0430\u0440\u0438\u044f<\/span> <\/h2>\n         <\/div>\n      \n\n   \t\t<\/div>\n\t\t\t\t<\/div>\n\t\t\t\t<div class=\"elementor-element elementor-element-bd1fbe2 elementor-widget elementor-widget-text-editor\" data-id=\"bd1fbe2\" data-element_type=\"widget\" data-widget_type=\"text-editor.default\">\n\t\t\t\t<div class=\"elementor-widget-container\">\n\t\t\t\t\t\t\t\t<div class=\"elementor-text-editor elementor-clearfix\">\n\t\t\t\t<p>\u041d\u0438\u0435 \u0441\u043c\u0435 \u043c\u043b\u0430\u0434\u0438, \u0430\u043c\u0431\u0438\u0446\u0438\u043e\u0437\u043d\u0438 \u0438 \u0441\u043f\u043b\u043e\u0442\u0435\u043d\u0438 \u043a\u0430\u0442\u043e \u0435\u043a\u0438\u043f!<\/p><p>\u0412\u0441\u0438\u0447\u043a\u0438 \u043d\u0430\u0448\u0438 \u043f\u044a\u0440\u0432\u043e\u043a\u043b\u0430\u0441\u043d\u0438 \u043f\u0440\u043e\u0434\u0443\u043a\u0442\u0438 \u0441\u0430 \u043f\u0440\u043e\u0438\u0437\u0432\u0435\u0434\u0435\u043d\u0438 \u0432 \u0411\u044a\u043b\u0433\u0430\u0440\u0438\u044f \u0438 \u043c\u043d\u043e\u0433\u043e\u043a\u0440\u0430\u0442\u043d\u043e \u0442\u0435\u0441\u0442\u0432\u0430\u043d\u0438 \u043e\u0442 WOW \u043c\u043e\u043c\u0438\u0447\u0435\u0442\u0430\u0442\u0430 \u0432 \u0446\u044f\u043b\u0430 \u0415\u0432\u0440\u043e\u043f\u0430 \ud83d\ude42<\/p><p>\u041d\u0430\u0448\u0438\u044f\u0442 \u0435\u043a\u0438\u043f \u043e\u0442 \u0441\u043f\u0435\u0446\u0438\u0430\u043b\u0438\u0441\u0442\u0438 \u043f\u043e \u0445\u0440\u0430\u043d\u0435\u043d\u0435, \u043c\u0430\u0440\u043a\u0435\u0442\u0438\u043d\u0433 \u0438 \u0434\u0438\u0437\u0430\u0439\u043d, \u0440\u0430\u0431\u043e\u0442\u0438 \u0443\u0441\u0438\u043b\u0435\u043d\u043e \u0432\u0441\u0435\u043a\u0438 \u0434\u0435\u043d, \u0437\u0430 \u0434\u0430 \u0442\u0438 \u043e\u0441\u0438\u0433\u0443\u0440\u0438 \u043d\u0430\u0439-\u0434\u043e\u0431\u0440\u0435 \u0440\u0430\u0431\u043e\u0442\u0435\u0449\u0438\u0442\u0435 \u043f\u0440\u043e\u0434\u0443\u043a\u0442\u0438 \u0437\u0430 \u0440\u0435\u0433\u0443\u043b\u0438\u0440\u0430\u043d\u0435 \u043d\u0430 \u0442\u0435\u0433\u043b\u043e\u0442\u043e.<\/p>\t\t\t\t\t<\/div>\n\t\t\t\t\t\t<\/div>\n\t\t\t\t<\/div>\n\t\t\t\t\t\t<\/div>\n\t\t\t\t\t<\/div>\n\t\t<\/div>\n\t\t\t\t\t\t\t\t<\/div>\n\t\t\t\t\t<\/div>\n\t\t<\/section>\n\t\t\t\t<section class=\"elementor-section elementor-top-section elementor-element elementor-element-35bc089 elementor-section-content-middle elementor-reverse-mobile elementor-hidden-desktop elementor-hidden-tablet elementor-hidden-phone elementor-section-boxed elementor-section-height-default elementor-section-height-default\" data-id=\"35bc089\" data-element_type=\"section\">\n\t\t\t\t\t\t<div class=\"elementor-container elementor-column-gap-default\">\n\t\t\t\t\t\t\t<div class=\"elementor-row\">\n\t\t\t\t\t<div class=\"elementor-column elementor-col-50 elementor-top-column elementor-element elementor-element-eaac687\" data-id=\"eaac687\" data-element_type=\"column\">\n\t\t\t<div class=\"elementor-column-wrap elementor-element-populated\">\n\t\t\t\t\t\t\t<div class=\"elementor-widget-wrap\">\n\t\t\t\t\t\t<div class=\"elementor-element elementor-element-3bb83e2 elementor-widget elementor-widget-custom_title\" data-id=\"3bb83e2\" data-element_type=\"widget\" data-widget_type=\"custom_title.default\">\n\t\t\t\t<div class=\"elementor-widget-container\">\n\t\t\t      <!-- border_title center_border -->\n      \n               <div class=\"custom_title\"  >\n            <h2 class=\"title border_title center \"><span>\u041f\u0440\u0430\u0432\u0438\u043c \u0432\u0438 \u0433\u043e\u0440\u0434\u0438.<\/span> <\/h2>\n         <\/div>\n      \n\n   \t\t<\/div>\n\t\t\t\t<\/div>\n\t\t\t\t<div class=\"elementor-element elementor-element-38fac7d elementor-widget elementor-widget-text-editor\" data-id=\"38fac7d\" data-element_type=\"widget\" data-widget_type=\"text-editor.default\">\n\t\t\t\t<div class=\"elementor-widget-container\">\n\t\t\t\t\t\t\t\t<div class=\"elementor-text-editor elementor-clearfix\">\n\t\t\t\t<p>\u0417\u0430 \u043f\u043e\u0432\u0435\u0447\u0435 \u043e\u0442 5 \u0433\u043e\u0434\u0438\u043d\u0438 \u043d\u0430 \u043f\u0430\u0437\u0430\u0440\u0430 \u043f\u043e\u043c\u043e\u0433\u043d\u0430\u0445\u043c\u0435 \u043d\u0430 \u043d\u0430\u0434 150 000 WOW \u043c\u043e\u043c\u0438\u0447\u0435\u0442\u0430 \u0434\u0430 \u0438\u0437\u0433\u043b\u0435\u0436\u0434\u0430\u0442 \u0438 \u0434\u0430 \u0441\u0435 \u0447\u0443\u0432\u0441\u0442\u0432\u0430\u0442 \u043f\u043e-\u0434\u043e\u0431\u0440\u0435!<\/p><p>\u041e\u0449\u0435 \u043e\u0442 \u043f\u044a\u0440\u0432\u0438\u044f \u0434\u0435\u043d \u0432\u0437\u0438\u043c\u0430\u043c\u0435 \u0440\u0435\u0448\u0435\u043d\u0438\u044f, \u0441 \u043a\u043e\u0438\u0442\u043e \u043c\u043e\u0436\u0435\u043c \u0434\u0430 \u0441\u0435 \u0433\u043e\u0440\u0434\u0435\u0435\u043c! \u041d\u0438\u043a\u043e\u0433\u0430 \u043d\u0435 \u0441\u043c\u0435 \u0438\u0437\u043f\u043e\u043b\u0437\u0432\u0430\u043b\u0438 \u043f\u0440\u043e\u0434\u0443\u043a\u0442\u0438 \u043e\u0442 \u0436\u0438\u0432\u043e\u0442\u0438\u043d\u0441\u043a\u0438 \u043f\u0440\u043e\u0438\u0437\u0445\u043e\u0434, \u0432\u0441\u0438\u0447\u043a\u0438 \u0442\u0435 \u0441\u0430 \u043f\u043e\u0434\u0445\u043e\u0434\u044f\u0449\u0438 \u0437\u0430 \u0432\u0435\u0433\u0430\u043d\u0438 \u0438 \u043d\u0430\u0439-\u0432\u0430\u0436\u043d\u043e\u0442\u043e \u2013 \u043d\u0438\u043a\u043e\u0433\u0430 \u043d\u0435 \u0441\u043c\u0435 \u0438\u0437\u043f\u043e\u043b\u0437\u0432\u0430\u043b\u0438 \u0441\u0438\u043d\u0442\u0435\u0442\u0438\u0447\u043d\u0438 \u0430\u0440\u043e\u043c\u0430\u0442\u0438 \u0438\u043b\u0438 \u0438\u0437\u043a\u0443\u0441\u0442\u0432\u0435\u043d\u0438 \u043e\u0446\u0432\u0435\u0442\u0438\u0442\u0435\u043b\u0438!<\/p>\t\t\t\t\t<\/div>\n\t\t\t\t\t\t<\/div>\n\t\t\t\t<\/div>\n\t\t\t\t\t\t<\/div>\n\t\t\t\t\t<\/div>\n\t\t<\/div>\n\t\t\t\t<div class=\"elementor-column elementor-col-50 elementor-top-column elementor-element elementor-element-1609895\" data-id=\"1609895\" data-element_type=\"column\">\n\t\t\t<div class=\"elementor-column-wrap elementor-element-populated\">\n\t\t\t\t\t\t\t<div class=\"elementor-widget-wrap\">\n\t\t\t\t\t\t<div class=\"elementor-element elementor-element-c4aaf5c elementor-widget elementor-widget-image\" data-id=\"c4aaf5c\" data-element_type=\"widget\" data-widget_type=\"image.default\">\n\t\t\t\t<div class=\"elementor-widget-container\">\n\t\t\t\t\t\t\t\t<div class=\"elementor-image\">\n\t\t\t\t\t\t\t\t\t\t\t\t<img width=\"576\" height=\"478\" src=\"https:\/\/testing.wowtea.eu\/lt\/files\/2021\/01\/about-us-2.jpg\" class=\"attachment-large size-large wp-image-91412\" alt=\"\" loading=\"lazy\" srcset=\"https:\/\/testing.wowtea.eu\/lt\/files\/2021\/01\/about-us-2.jpg 576w, https:\/\/testing.wowtea.eu\/lt\/files\/2021\/01\/about-us-2-300x249.jpg 300w\" sizes=\"(max-width: 576px) 100vw, 576px\" \/>\t\t\t\t\t\t\t\t\t\t\t\t\t\t<\/div>\n\t\t\t\t\t\t<\/div>\n\t\t\t\t<\/div>\n\t\t\t\t\t\t<\/div>\n\t\t\t\t\t<\/div>\n\t\t<\/div>\n\t\t\t\t\t\t\t\t<\/div>\n\t\t\t\t\t<\/div>\n\t\t<\/section>\n\t\t\t\t<section class=\"elementor-section elementor-top-section elementor-element elementor-element-a17b6f3 elementor-section-content-middle elementor-section-boxed elementor-section-height-default elementor-section-height-default\" data-id=\"a17b6f3\" data-element_type=\"section\">\n\t\t\t\t\t\t<div class=\"elementor-container elementor-column-gap-default\">\n\t\t\t\t\t\t\t<div class=\"elementor-row\">\n\t\t\t\t\t<div class=\"elementor-column elementor-col-50 elementor-top-column elementor-element elementor-element-a8ee691\" data-id=\"a8ee691\" data-element_type=\"column\">\n\t\t\t<div class=\"elementor-column-wrap elementor-element-populated\">\n\t\t\t\t\t\t\t<div class=\"elementor-widget-wrap\">\n\t\t\t\t\t\t<div class=\"elementor-element elementor-element-458ece9 elementor-widget elementor-widget-image\" data-id=\"458ece9\" data-element_type=\"widget\" data-widget_type=\"image.default\">\n\t\t\t\t<div class=\"elementor-widget-container\">\n\t\t\t\t\t\t\t\t<div class=\"elementor-image\">\n\t\t\t\t\t\t\t\t\t\t\t\t<img width=\"576\" height=\"478\" src=\"https:\/\/testing.wowtea.eu\/lt\/files\/2023\/09\/about-us-1.jpg\" class=\"attachment-large size-large wp-image-114126\" alt=\"\" loading=\"lazy\" srcset=\"https:\/\/testing.wowtea.eu\/lt\/files\/2023\/09\/about-us-1.jpg 576w, https:\/\/testing.wowtea.eu\/lt\/files\/2023\/09\/about-us-1-300x249.jpg 300w, https:\/\/testing.wowtea.eu\/lt\/files\/2023\/09\/about-us-1-100x83.jpg 100w, https:\/\/testing.wowtea.eu\/lt\/files\/2023\/09\/about-us-1-72x60.jpg 72w, https:\/\/testing.wowtea.eu\/lt\/files\/2023\/09\/about-us-1-108x90.jpg 108w\" sizes=\"(max-width: 576px) 100vw, 576px\" \/>\t\t\t\t\t\t\t\t\t\t\t\t\t\t<\/div>\n\t\t\t\t\t\t<\/div>\n\t\t\t\t<\/div>\n\t\t\t\t\t\t<\/div>\n\t\t\t\t\t<\/div>\n\t\t<\/div>\n\t\t\t\t<div class=\"elementor-column elementor-col-50 elementor-top-column elementor-element elementor-element-7c63292\" data-id=\"7c63292\" data-element_type=\"column\">\n\t\t\t<div class=\"elementor-column-wrap elementor-element-populated\">\n\t\t\t\t\t\t\t<div class=\"elementor-widget-wrap\">\n\t\t\t\t\t\t<div class=\"elementor-element elementor-element-510a7ed elementor-widget elementor-widget-custom_title\" data-id=\"510a7ed\" data-element_type=\"widget\" data-widget_type=\"custom_title.default\">\n\t\t\t\t<div class=\"elementor-widget-container\">\n\t\t\t      <!-- border_title center_border -->\n      \n               <div class=\"custom_title\"  >\n            <h2 class=\"title border_title center \"><span>Gim\u0119 ir u\u017eaug\u0119 Europoje.<\/span> <\/h2>\n         <\/div>\n      \n\n   \t\t<\/div>\n\t\t\t\t<\/div>\n\t\t\t\t<div class=\"elementor-element elementor-element-ccc3a7c elementor-widget elementor-widget-text-editor\" data-id=\"ccc3a7c\" data-element_type=\"widget\" data-widget_type=\"text-editor.default\">\n\t\t\t\t<div class=\"elementor-widget-container\">\n\t\t\t\t\t\t\t\t<div class=\"elementor-text-editor elementor-clearfix\">\n\t\t\t\t<p><span data-sheets-value=\"{&quot;1&quot;:2,&quot;2&quot;:&quot;Visi m\u016bs\u0173 auk\u0161\u010diausios kokyb\u0117s produktai yra pagaminti m\u016bs\u0173 gimtajame Sofijos mieste ir grie\u017etai i\u0161bandyti su WOW merginomis. M\u016bs\u0173 mokslinink\u0173, dietos ekspert\u0173, rinkodaros ir dizaino specialist\u0173 komanda kiekvien\u0105 dien\u0105 sunkiai dirba, kad pristatyt\u0173 Jums geriausiai veikian\u010dius ir atrodan\u010dius svorio valdymo produktus... Nes i\u0161vaizda yra svarbu!&quot;}\" data-sheets-userformat=\"{&quot;2&quot;:13249,&quot;3&quot;:{&quot;1&quot;:0},&quot;9&quot;:1,&quot;10&quot;:1,&quot;11&quot;:4,&quot;12&quot;:0,&quot;15&quot;:&quot;Comfortaa&quot;,&quot;16&quot;:10}\">Visi m\u016bs\u0173 auk\u0161\u010diausios kokyb\u0117s produktai yra pagaminti m\u016bs\u0173 gimtajame Sofijos mieste ir grie\u017etai i\u0161bandyti su WOW merginomis. M\u016bs\u0173 mokslinink\u0173, dietos ekspert\u0173, rinkodaros ir dizaino specialist\u0173 komanda kiekvien\u0105 dien\u0105 sunkiai dirba, kad pristatyt\u0173 Jums geriausiai veikian\u010dius ir atrodan\u010dius svorio valdymo produktus&#8230; Nes i\u0161vaizda yra svarbu!<\/span><\/p>\t\t\t\t\t<\/div>\n\t\t\t\t\t\t<\/div>\n\t\t\t\t<\/div>\n\t\t\t\t\t\t<\/div>\n\t\t\t\t\t<\/div>\n\t\t<\/div>\n\t\t\t\t\t\t\t\t<\/div>\n\t\t\t\t\t<\/div>\n\t\t<\/section>\n\t\t\t\t<section class=\"elementor-section elementor-top-section elementor-element elementor-element-e636fa1 elementor-section-content-middle elementor-reverse-mobile elementor-section-boxed elementor-section-height-default elementor-section-height-default\" data-id=\"e636fa1\" data-element_type=\"section\">\n\t\t\t\t\t\t<div class=\"elementor-container elementor-column-gap-default\">\n\t\t\t\t\t\t\t<div class=\"elementor-row\">\n\t\t\t\t\t<div class=\"elementor-column elementor-col-50 elementor-top-column elementor-element elementor-element-980190b\" data-id=\"980190b\" data-element_type=\"column\">\n\t\t\t<div class=\"elementor-column-wrap elementor-element-populated\">\n\t\t\t\t\t\t\t<div class=\"elementor-widget-wrap\">\n\t\t\t\t\t\t<div class=\"elementor-element elementor-element-2675a0b elementor-widget elementor-widget-custom_title\" data-id=\"2675a0b\" data-element_type=\"widget\" data-widget_type=\"custom_title.default\">\n\t\t\t\t<div class=\"elementor-widget-container\">\n\t\t\t      <!-- border_title center_border -->\n      \n               <div class=\"custom_title\"  >\n            <h2 class=\"title border_title center \"><span>Leid\u017eia Jums did\u017eiuotis savimi.<\/span> <\/h2>\n         <\/div>\n      \n\n   \t\t<\/div>\n\t\t\t\t<\/div>\n\t\t\t\t<div class=\"elementor-element elementor-element-28c3192 elementor-widget elementor-widget-text-editor\" data-id=\"28c3192\" data-element_type=\"widget\" data-widget_type=\"text-editor.default\">\n\t\t\t\t<div class=\"elementor-widget-container\">\n\t\t\t\t\t\t\t\t<div class=\"elementor-text-editor elementor-clearfix\">\n\t\t\t\t<p><span data-sheets-value=\"{&quot;1&quot;:2,&quot;2&quot;:&quot;Per daugiau nei 4 metus rinkoje jau pad\u0117jome daugiau nei 800 000 WOW mergin\u0173 atrodyti ir jaustis geriau!&quot;}\" data-sheets-userformat=\"{&quot;2&quot;:13249,&quot;3&quot;:{&quot;1&quot;:0},&quot;9&quot;:1,&quot;10&quot;:1,&quot;11&quot;:4,&quot;12&quot;:0,&quot;15&quot;:&quot;Comfortaa&quot;,&quot;16&quot;:10}\">Per daugiau nei 4 metus rinkoje jau pad\u0117jome daugiau nei 800 000 WOW mergin\u0173 atrodyti ir jaustis geriau!<\/span><\/p><p><span data-sheets-value=\"{&quot;1&quot;:2,&quot;2&quot;:&quot;Nuo pat pirmos dienos mes visada priimdavome sprendimus, kuriais galime did\u017eiuotis! Niekada nenaudojome gyv\u016bnin\u0117s kilm\u0117s ingredient\u0173, visi m\u016bs\u0173 produktai tinka veganams, o svarbiausia \u2013 niekada nenaudojome sintetini\u0173 kvap\u0173 ar dirbtini\u0173 da\u017eikli\u0173!&quot;}\" data-sheets-userformat=\"{&quot;2&quot;:15297,&quot;3&quot;:{&quot;1&quot;:0},&quot;9&quot;:1,&quot;10&quot;:1,&quot;11&quot;:4,&quot;12&quot;:0,&quot;14&quot;:{&quot;1&quot;:2,&quot;2&quot;:1775897},&quot;15&quot;:&quot;Comfortaa&quot;,&quot;16&quot;:10}\">Nuo pat pirmos dienos mes visada priimdavome sprendimus, kuriais galime did\u017eiuotis! Niekada nenaudojome gyv\u016bnin\u0117s kilm\u0117s ingredient\u0173, visi m\u016bs\u0173 produktai tinka veganams, o svarbiausia \u2013 niekada nenaudojome sintetini\u0173 kvap\u0173 ar dirbtini\u0173 da\u017eikli\u0173!<\/span><\/p>\t\t\t\t\t<\/div>\n\t\t\t\t\t\t<\/div>\n\t\t\t\t<\/div>\n\t\t\t\t\t\t<\/div>\n\t\t\t\t\t<\/div>\n\t\t<\/div>\n\t\t\t\t<div class=\"elementor-column elementor-col-50 elementor-top-column elementor-element elementor-element-f7b3adf\" data-id=\"f7b3adf\" data-element_type=\"column\">\n\t\t\t<div class=\"elementor-column-wrap elementor-element-populated\">\n\t\t\t\t\t\t\t<div class=\"elementor-widget-wrap\">\n\t\t\t\t\t\t<div class=\"elementor-element elementor-element-61849d7 elementor-widget elementor-widget-image\" data-id=\"61849d7\" data-element_type=\"widget\" data-widget_type=\"image.default\">\n\t\t\t\t<div class=\"elementor-widget-container\">\n\t\t\t\t\t\t\t\t<div class=\"elementor-image\">\n\t\t\t\t\t\t\t\t\t\t\t\t<img width=\"576\" height=\"478\" src=\"https:\/\/testing.wowtea.eu\/lt\/files\/2023\/09\/about-us-2.jpg\" class=\"attachment-large size-large wp-image-114127\" alt=\"\" loading=\"lazy\" srcset=\"https:\/\/testing.wowtea.eu\/lt\/files\/2023\/09\/about-us-2.jpg 576w, https:\/\/testing.wowtea.eu\/lt\/files\/2023\/09\/about-us-2-300x249.jpg 300w, https:\/\/testing.wowtea.eu\/lt\/files\/2023\/09\/about-us-2-100x83.jpg 100w, https:\/\/testing.wowtea.eu\/lt\/files\/2023\/09\/about-us-2-72x60.jpg 72w, https:\/\/testing.wowtea.eu\/lt\/files\/2023\/09\/about-us-2-108x90.jpg 108w\" sizes=\"(max-width: 576px) 100vw, 576px\" \/>\t\t\t\t\t\t\t\t\t\t\t\t\t\t<\/div>\n\t\t\t\t\t\t<\/div>\n\t\t\t\t<\/div>\n\t\t\t\t\t\t<\/div>\n\t\t\t\t\t<\/div>\n\t\t<\/div>\n\t\t\t\t\t\t\t\t<\/div>\n\t\t\t\t\t<\/div>\n\t\t<\/section>\n\t\t\t\t\t\t\t\t\t<\/div>\n\t\t\t<\/div>\n\t\t\t\t\t<\/div>\n\t\t","protected":false},"excerpt":{"rendered":"<p>Viduje esantis gro\u017eis rodo i\u0161or\u0119 M\u016bs\u0173 misija&#8230; Be to, kad priverstume atrodyti ir jaustis geriausia savimi, mes tikime gamtos galia, aistra sportui, \u0161vari! maistu, k\u016bnu be toksin\u0173, \u0161iek tiek padedant m\u016bs\u0173 auk\u0161\u010diausios kokyb\u0117s arbatos mi\u0161iniams! Nesvarbu, ar turite modelio k\u016bn\u0105, ar buvote mama namuose, m\u016bs\u0173 arbatos pad\u0117s jums atrodyti ir jaustis geriausiai! Mes did\u017eiuojam\u0117s savo produktais ir juos gaminan\u010diais \u017emon\u0117mis! Mes naudojame tik auk\u0161tos kokyb\u0117s nat\u016bralius ingredientus ir sujungiame \u0161ias kruop\u0161\u010diai atrinktas, gamtos sukurtas dovanas, kad gal\u0117tume Tau pasi\u016blyti geriausius svorio metimo produktus rinkoje u\u017e prieinam\u0105 kain\u0105! (Taip pat manome, kad pasaulis b\u016bt\u0173 geresn\u0117 vieta, jei visi praleist\u0173 15 minu\u010di\u0173 [&hellip;]<\/p>\n","protected":false},"author":56,"featured_media":0,"parent":0,"menu_order":0,"comment_status":"closed","ping_status":"closed","template":"","meta":{"inline_featured_image":false},"acf":[],"_links":{"self":[{"href":"https:\/\/testing.wowtea.eu\/lt\/wp-json\/wp\/v2\/pages\/404"}],"collection":[{"href":"https:\/\/testing.wowtea.eu\/lt\/wp-json\/wp\/v2\/pages"}],"about":[{"href":"https:\/\/testing.wowtea.eu\/lt\/wp-json\/wp\/v2\/types\/page"}],"author":[{"embeddable":true,"href":"https:\/\/testing.wowtea.eu\/lt\/wp-json\/wp\/v2\/users\/56"}],"replies":[{"embeddable":true,"href":"https:\/\/testing.wowtea.eu\/lt\/wp-json\/wp\/v2\/comments?post=404"}],"version-history":[{"count":0,"href":"https:\/\/testing.wowtea.eu\/lt\/wp-json\/wp\/v2\/pages\/404\/revisions"}],"wp:attachment":[{"href":"https:\/\/testing.wowtea.eu\/lt\/wp-json\/wp\/v2\/media?parent=404"}],"curies":[{"name":"wp","href":"https:\/\/api.w.org\/{rel}","templated":true}]}}