{"id":112450,"date":"2023-04-19T16:28:07","date_gmt":"2023-04-19T13:28:07","guid":{"rendered":"https:\/\/testing.wowtea.eu\/lt\/?post_type=product&#038;p=112450"},"modified":"2024-09-23T12:27:02","modified_gmt":"2024-09-23T09:27:02","slug":"all-summer-set","status":"publish","type":"product","link":"https:\/\/testing.wowtea.eu\/lt\/product\/all-summer-set\/","title":{"rendered":"All Summer Set"},"content":{"rendered":"\t\t<div data-elementor-type=\"product-post\" data-elementor-id=\"112450\" class=\"elementor elementor-112450\">\n\t\t\t\t\t\t<div class=\"elementor-inner\">\n\t\t\t\t<div class=\"elementor-section-wrap\">\n\t\t\t\t\t\t\t\t\t<section class=\"elementor-section elementor-top-section elementor-element elementor-element-747a04b elementor-section-full_width elementor-reverse-mobile elementor-section-height-min-height elementor-section-height-default elementor-section-items-middle\" data-id=\"747a04b\" data-element_type=\"section\" data-settings=\"{&quot;background_background&quot;:&quot;classic&quot;}\">\n\t\t\t\t\t\t<div class=\"elementor-container elementor-column-gap-no\">\n\t\t\t\t\t\t\t<div class=\"elementor-row\">\n\t\t\t\t\t<div class=\"elementor-column elementor-col-50 elementor-top-column elementor-element elementor-element-7369f8d\" data-id=\"7369f8d\" data-element_type=\"column\">\n\t\t\t<div class=\"elementor-column-wrap elementor-element-populated\">\n\t\t\t\t\t\t\t<div class=\"elementor-widget-wrap\">\n\t\t\t\t\t\t<div class=\"elementor-element elementor-element-a0e5714 elementor-widget elementor-widget-spacer\" data-id=\"a0e5714\" data-element_type=\"widget\" data-widget_type=\"spacer.default\">\n\t\t\t\t<div class=\"elementor-widget-container\">\n\t\t\t\t\t<div class=\"elementor-spacer\">\n\t\t\t<div class=\"elementor-spacer-inner\"><\/div>\n\t\t<\/div>\n\t\t\t\t<\/div>\n\t\t\t\t<\/div>\n\t\t\t\t\t\t<\/div>\n\t\t\t\t\t<\/div>\n\t\t<\/div>\n\t\t\t\t<div class=\"elementor-column elementor-col-50 elementor-top-column elementor-element elementor-element-6435156\" data-id=\"6435156\" data-element_type=\"column\">\n\t\t\t<div class=\"elementor-column-wrap elementor-element-populated\">\n\t\t\t\t\t\t\t<div class=\"elementor-widget-wrap\">\n\t\t\t\t\t\t<div class=\"elementor-element elementor-element-5e414b3 elementor-widget elementor-widget-heading\" data-id=\"5e414b3\" data-element_type=\"widget\" data-widget_type=\"heading.default\">\n\t\t\t\t<div class=\"elementor-widget-container\">\n\t\t\t<h2 class=\"elementor-heading-title elementor-size-default\">\u201eVisi 3 atogr\u0105\u017e\u0173 skoniai yra puik\u016bs, o mano naujasis vasarinis butelis - <span style=\"background-color:#FFFACD\">absoliutus stilius papl\u016bdimyje!\u2019<\/span>\"<\/h2>\t\t<\/div>\n\t\t\t\t<\/div>\n\t\t\t\t\t\t<\/div>\n\t\t\t\t\t<\/div>\n\t\t<\/div>\n\t\t\t\t\t\t\t\t<\/div>\n\t\t\t\t\t<\/div>\n\t\t<\/section>\n\t\t\t\t<section class=\"elementor-section elementor-top-section elementor-element elementor-element-77cecaa elementor-section-boxed elementor-section-height-default elementor-section-height-default\" data-id=\"77cecaa\" data-element_type=\"section\" data-settings=\"{&quot;background_background&quot;:&quot;classic&quot;}\">\n\t\t\t\t\t\t<div class=\"elementor-container elementor-column-gap-default\">\n\t\t\t\t\t\t\t<div class=\"elementor-row\">\n\t\t\t\t\t<div class=\"elementor-column elementor-col-100 elementor-top-column elementor-element elementor-element-caf6061\" data-id=\"caf6061\" data-element_type=\"column\" data-settings=\"{&quot;background_background&quot;:&quot;classic&quot;}\">\n\t\t\t<div class=\"elementor-column-wrap elementor-element-populated\">\n\t\t\t\t\t\t\t<div class=\"elementor-widget-wrap\">\n\t\t\t\t\t\t<div class=\"elementor-element elementor-element-ec07a4a elementor-widget elementor-widget-heading\" data-id=\"ec07a4a\" data-element_type=\"widget\" data-widget_type=\"heading.default\">\n\t\t\t\t<div class=\"elementor-widget-container\">\n\t\t\t<h2 class=\"elementor-heading-title elementor-size-default\"><p style=\"text-align: center;color: crimson;font-size: 40px\">K\u0105 galite gauti d\u0117\u017eut\u0117je<span style=\"font-size: 28px\"><\/span><\/p><\/h2>\t\t<\/div>\n\t\t\t\t<\/div>\n\t\t\t\t\t\t<\/div>\n\t\t\t\t\t<\/div>\n\t\t<\/div>\n\t\t\t\t\t\t\t\t<\/div>\n\t\t\t\t\t<\/div>\n\t\t<\/section>\n\t\t\t\t<section class=\"elementor-section elementor-top-section elementor-element elementor-element-24ad6b8 elementor-section-full_width elementor-section-height-min-height elementor-section-height-default elementor-section-items-middle\" data-id=\"24ad6b8\" data-element_type=\"section\" data-settings=\"{&quot;background_background&quot;:&quot;classic&quot;}\">\n\t\t\t\t\t\t<div class=\"elementor-container elementor-column-gap-no\">\n\t\t\t\t\t\t\t<div class=\"elementor-row\">\n\t\t\t\t\t<div class=\"elementor-column elementor-col-100 elementor-top-column elementor-element elementor-element-89ecb6e\" data-id=\"89ecb6e\" data-element_type=\"column\" data-settings=\"{&quot;background_background&quot;:&quot;classic&quot;}\">\n\t\t\t<div class=\"elementor-column-wrap\">\n\t\t\t\t\t\t\t<div class=\"elementor-widget-wrap\">\n\t\t\t\t\t\t\t\t<\/div>\n\t\t\t\t\t<\/div>\n\t\t<\/div>\n\t\t\t\t\t\t\t\t<\/div>\n\t\t\t\t\t<\/div>\n\t\t<\/section>\n\t\t\t\t<section class=\"elementor-section elementor-top-section elementor-element elementor-element-be006be elementor-section-height-min-height elementor-hidden-tablet elementor-hidden-phone elementor-section-full_width elementor-section-height-default elementor-section-items-middle\" data-id=\"be006be\" data-element_type=\"section\" data-settings=\"{&quot;background_background&quot;:&quot;classic&quot;}\">\n\t\t\t\t\t\t\t<div class=\"elementor-background-overlay\"><\/div>\n\t\t\t\t\t\t\t<div class=\"elementor-container elementor-column-gap-no\">\n\t\t\t\t\t\t\t<div class=\"elementor-row\">\n\t\t\t\t\t<div class=\"elementor-column elementor-col-50 elementor-top-column elementor-element elementor-element-3b0dae0\" data-id=\"3b0dae0\" data-element_type=\"column\" data-settings=\"{&quot;background_background&quot;:&quot;classic&quot;}\">\n\t\t\t<div class=\"elementor-column-wrap\">\n\t\t\t\t\t\t\t<div class=\"elementor-widget-wrap\">\n\t\t\t\t\t\t\t\t<\/div>\n\t\t\t\t\t<\/div>\n\t\t<\/div>\n\t\t\t\t<div class=\"elementor-column elementor-col-50 elementor-top-column elementor-element elementor-element-c9cd929\" data-id=\"c9cd929\" data-element_type=\"column\">\n\t\t\t<div class=\"elementor-column-wrap elementor-element-populated\">\n\t\t\t\t\t\t\t<div class=\"elementor-widget-wrap\">\n\t\t\t\t\t\t<div class=\"elementor-element elementor-element-d262004 elementor-widget elementor-widget-heading\" data-id=\"d262004\" data-element_type=\"widget\" data-widget_type=\"heading.default\">\n\t\t\t\t<div class=\"elementor-widget-container\">\n\t\t\t<h2 class=\"elementor-heading-title elementor-size-default\">LENGVAS PARUO\u0160IMAS<\/h2>\t\t<\/div>\n\t\t\t\t<\/div>\n\t\t\t\t\t\t<\/div>\n\t\t\t\t\t<\/div>\n\t\t<\/div>\n\t\t\t\t\t\t\t\t<\/div>\n\t\t\t\t\t<\/div>\n\t\t<\/section>\n\t\t\t\t<section class=\"elementor-section elementor-top-section elementor-element elementor-element-54314bc elementor-section-full_width elementor-section-height-min-height elementor-hidden-desktop elementor-hidden-tablet elementor-section-height-default elementor-section-items-middle\" data-id=\"54314bc\" data-element_type=\"section\" data-settings=\"{&quot;background_background&quot;:&quot;classic&quot;}\">\n\t\t\t\t\t\t\t<div class=\"elementor-background-overlay\"><\/div>\n\t\t\t\t\t\t\t<div class=\"elementor-container elementor-column-gap-no\">\n\t\t\t\t\t\t\t<div class=\"elementor-row\">\n\t\t\t\t\t<div class=\"elementor-column elementor-col-100 elementor-top-column elementor-element elementor-element-e0c5fb6\" data-id=\"e0c5fb6\" data-element_type=\"column\">\n\t\t\t<div class=\"elementor-column-wrap elementor-element-populated\">\n\t\t\t\t\t\t\t<div class=\"elementor-widget-wrap\">\n\t\t\t\t\t\t<div class=\"elementor-element elementor-element-9f31ca5 elementor-widget elementor-widget-image\" data-id=\"9f31ca5\" data-element_type=\"widget\" data-widget_type=\"image.default\">\n\t\t\t\t<div class=\"elementor-widget-container\">\n\t\t\t\t\t\t\t\t<div class=\"elementor-image\">\n\t\t\t\t\t\t\t\t\t\t\t\t<img width=\"460\" height=\"600\" src=\"https:\/\/testing.wowtea.eu\/lt\/files\/2023\/04\/How-to-prepare-mobile-4.jpg\" class=\"attachment-large size-large wp-image-113718\" alt=\"\" loading=\"lazy\" srcset=\"https:\/\/testing.wowtea.eu\/lt\/files\/2023\/04\/How-to-prepare-mobile-4.jpg 460w, https:\/\/testing.wowtea.eu\/lt\/files\/2023\/04\/How-to-prepare-mobile-4-230x300.jpg 230w, https:\/\/testing.wowtea.eu\/lt\/files\/2023\/04\/How-to-prepare-mobile-4-77x100.jpg 77w\" sizes=\"(max-width: 460px) 100vw, 460px\" \/>\t\t\t\t\t\t\t\t\t\t\t\t\t\t<\/div>\n\t\t\t\t\t\t<\/div>\n\t\t\t\t<\/div>\n\t\t\t\t<div class=\"elementor-element elementor-element-1e65ecc elementor-widget elementor-widget-heading\" data-id=\"1e65ecc\" data-element_type=\"widget\" data-widget_type=\"heading.default\">\n\t\t\t\t<div class=\"elementor-widget-container\">\n\t\t\t<h2 class=\"elementor-heading-title elementor-size-default\">LENGVAS PARUO\u0160IMAS<\/h2>\t\t<\/div>\n\t\t\t\t<\/div>\n\t\t\t\t\t\t<\/div>\n\t\t\t\t\t<\/div>\n\t\t<\/div>\n\t\t\t\t\t\t\t\t<\/div>\n\t\t\t\t\t<\/div>\n\t\t<\/section>\n\t\t\t\t<section class=\"elementor-section elementor-top-section elementor-element elementor-element-fcfe8ba elementor-section-full_width elementor-section-height-default elementor-section-height-default\" data-id=\"fcfe8ba\" data-element_type=\"section\">\n\t\t\t\t\t\t<div class=\"elementor-container elementor-column-gap-no\">\n\t\t\t\t\t\t\t<div class=\"elementor-row\">\n\t\t\t\t\t<div class=\"elementor-column elementor-col-100 elementor-top-column elementor-element elementor-element-56559dc\" data-id=\"56559dc\" data-element_type=\"column\">\n\t\t\t<div class=\"elementor-column-wrap elementor-element-populated\">\n\t\t\t\t\t\t\t<div class=\"elementor-widget-wrap\">\n\t\t\t\t\t\t<section class=\"elementor-section elementor-inner-section elementor-element elementor-element-39d3992 elementor-section-full_width elementor-hidden-phone elementor-section-height-default elementor-section-height-default\" data-id=\"39d3992\" data-element_type=\"section\">\n\t\t\t\t\t\t<div class=\"elementor-container elementor-column-gap-no\">\n\t\t\t\t\t\t\t<div class=\"elementor-row\">\n\t\t\t\t\t<div class=\"elementor-column elementor-col-100 elementor-inner-column elementor-element elementor-element-e8c8bd0\" data-id=\"e8c8bd0\" data-element_type=\"column\">\n\t\t\t<div class=\"elementor-column-wrap elementor-element-populated\">\n\t\t\t\t\t\t\t<div class=\"elementor-widget-wrap\">\n\t\t\t\t\t\t<div class=\"elementor-element elementor-element-a07de8e elementor-widget elementor-widget-image\" data-id=\"a07de8e\" data-element_type=\"widget\" data-widget_type=\"image.default\">\n\t\t\t\t<div class=\"elementor-widget-container\">\n\t\t\t\t\t\t\t\t<div class=\"elementor-image\">\n\t\t\t\t\t\t\t\t\t\t\t\t<img width=\"1920\" height=\"650\" src=\"https:\/\/testing.wowtea.eu\/lt\/files\/2023\/04\/CTA-banner-summer-bundle-D.jpg\" class=\"attachment-full size-full wp-image-113720\" alt=\"\" loading=\"lazy\" srcset=\"https:\/\/testing.wowtea.eu\/lt\/files\/2023\/04\/CTA-banner-summer-bundle-D.jpg 1920w, https:\/\/testing.wowtea.eu\/lt\/files\/2023\/04\/CTA-banner-summer-bundle-D-300x102.jpg 300w, https:\/\/testing.wowtea.eu\/lt\/files\/2023\/04\/CTA-banner-summer-bundle-D-1024x347.jpg 1024w, https:\/\/testing.wowtea.eu\/lt\/files\/2023\/04\/CTA-banner-summer-bundle-D-768x260.jpg 768w, https:\/\/testing.wowtea.eu\/lt\/files\/2023\/04\/CTA-banner-summer-bundle-D-1536x520.jpg 1536w, https:\/\/testing.wowtea.eu\/lt\/files\/2023\/04\/CTA-banner-summer-bundle-D-100x34.jpg 100w, https:\/\/testing.wowtea.eu\/lt\/files\/2023\/04\/CTA-banner-summer-bundle-D-600x203.jpg 600w\" sizes=\"(max-width: 1920px) 100vw, 1920px\" \/>\t\t\t\t\t\t\t\t\t\t\t\t\t\t<\/div>\n\t\t\t\t\t\t<\/div>\n\t\t\t\t<\/div>\n\t\t\t\t\t\t<\/div>\n\t\t\t\t\t<\/div>\n\t\t<\/div>\n\t\t\t\t\t\t\t\t<\/div>\n\t\t\t\t\t<\/div>\n\t\t<\/section>\n\t\t\t\t<section class=\"elementor-section elementor-inner-section elementor-element elementor-element-fb83016 elementor-section-full_width elementor-hidden-desktop elementor-hidden-tablet elementor-section-height-default elementor-section-height-default\" data-id=\"fb83016\" data-element_type=\"section\">\n\t\t\t\t\t\t<div class=\"elementor-container elementor-column-gap-no\">\n\t\t\t\t\t\t\t<div class=\"elementor-row\">\n\t\t\t\t\t<div class=\"elementor-column elementor-col-100 elementor-inner-column elementor-element elementor-element-89b7a1a\" data-id=\"89b7a1a\" data-element_type=\"column\">\n\t\t\t<div class=\"elementor-column-wrap elementor-element-populated\">\n\t\t\t\t\t\t\t<div class=\"elementor-widget-wrap\">\n\t\t\t\t\t\t<div class=\"elementor-element elementor-element-4260866 elementor-widget elementor-widget-image\" data-id=\"4260866\" data-element_type=\"widget\" data-widget_type=\"image.default\">\n\t\t\t\t<div class=\"elementor-widget-container\">\n\t\t\t\t\t\t\t\t<div class=\"elementor-image\">\n\t\t\t\t\t\t\t\t\t\t\t\t<img width=\"360\" height=\"435\" src=\"https:\/\/testing.wowtea.eu\/lt\/files\/2023\/04\/CTA-banner-summer-bundle-M.jpg\" class=\"attachment-full size-full wp-image-113721\" alt=\"\" loading=\"lazy\" srcset=\"https:\/\/testing.wowtea.eu\/lt\/files\/2023\/04\/CTA-banner-summer-bundle-M.jpg 360w, https:\/\/testing.wowtea.eu\/lt\/files\/2023\/04\/CTA-banner-summer-bundle-M-248x300.jpg 248w, https:\/\/testing.wowtea.eu\/lt\/files\/2023\/04\/CTA-banner-summer-bundle-M-83x100.jpg 83w\" sizes=\"(max-width: 360px) 100vw, 360px\" \/>\t\t\t\t\t\t\t\t\t\t\t\t\t\t<\/div>\n\t\t\t\t\t\t<\/div>\n\t\t\t\t<\/div>\n\t\t\t\t\t\t<\/div>\n\t\t\t\t\t<\/div>\n\t\t<\/div>\n\t\t\t\t\t\t\t\t<\/div>\n\t\t\t\t\t<\/div>\n\t\t<\/section>\n\t\t\t\t\t\t<\/div>\n\t\t\t\t\t<\/div>\n\t\t<\/div>\n\t\t\t\t\t\t\t\t<\/div>\n\t\t\t\t\t<\/div>\n\t\t<\/section>\n\t\t\t\t\t\t\t\t\t<\/div>\n\t\t\t<\/div>\n\t\t\t\t\t<\/div>\n\t\t","protected":false},"excerpt":{"rendered":"<ul class=\"check_list\">\n<li>\n<h4>Grei\u010diau suliekn\u0117kite m\u0117gaudamiesi<\/h4>\n<p>naujuoju Vasaros SlimFit su egzoti\u0161k\u0173 <strong>mang\u0173<\/strong> ir kvapni\u0173 <strong>kokos\u0173<\/strong> skoniu.<\/li>\n<li>\n<h4>Prad\u0117kite detoksikacij\u0105 ir \u0161arminim\u0105<\/h4>\n<p>nuo pirmojo Vasaros Detox gurk\u0161nio, kupino gaivaus <strong>citrus\u0173 skonio<\/strong> ir papildom\u0173 <strong>antioksidant\u0173!<\/strong> Pajuskite poveik\u012f jau per pirm\u0105sias 24 valandas!<\/li>\n<li>\n<h4>Padidinkite savo imunitet\u0105 ir gyvybingum\u0105<\/h4>\n<p>naudodami skaniausi\u0105 <strong>Ajurvedos recept\u0105,<\/strong> praturtint\u0105 ypa\u010d sveikomis \u017eolel\u0117mis ir pasi\u017eymin\u010diu sulting\u0173 <strong>mang\u0173<\/strong> bei sald\u017ei\u0173 <strong>persik\u0173 kvapu!<\/strong><\/li>\n<li>\n<h4>M\u0117gaukit\u0117s savo vasaros arbata<\/h4>\n<p><strong>riboto leidimo infuziniame butelyje<\/strong> &#8211; tai geriausias b\u016bdas gerti arbat\u0105 ir taip pat tausoti aplink\u0105!<\/li>\n<\/ul>\n","protected":false},"featured_media":117655,"comment_status":"open","ping_status":"closed","template":"","meta":{"inline_featured_image":false},"product_cat":[105,110],"product_tag":[],"acf":[],"variations_data":[],"free_delivery":false,"currency_name":"&euro;","_links":{"self":[{"href":"https:\/\/testing.wowtea.eu\/lt\/wp-json\/wp\/v2\/product\/112450"}],"collection":[{"href":"https:\/\/testing.wowtea.eu\/lt\/wp-json\/wp\/v2\/product"}],"about":[{"href":"https:\/\/testing.wowtea.eu\/lt\/wp-json\/wp\/v2\/types\/product"}],"replies":[{"embeddable":true,"href":"https:\/\/testing.wowtea.eu\/lt\/wp-json\/wp\/v2\/comments?post=112450"}],"version-history":[{"count":0,"href":"https:\/\/testing.wowtea.eu\/lt\/wp-json\/wp\/v2\/product\/112450\/revisions"}],"wp:featuredmedia":[{"embeddable":true,"href":"https:\/\/testing.wowtea.eu\/lt\/wp-json\/wp\/v2\/media\/117655"}],"wp:attachment":[{"href":"https:\/\/testing.wowtea.eu\/lt\/wp-json\/wp\/v2\/media?parent=112450"}],"wp:term":[{"taxonomy":"product_cat","embeddable":true,"href":"https:\/\/testing.wowtea.eu\/lt\/wp-json\/wp\/v2\/product_cat?post=112450"},{"taxonomy":"product_tag","embeddable":true,"href":"https:\/\/testing.wowtea.eu\/lt\/wp-json\/wp\/v2\/product_tag?post=112450"}],"curies":[{"name":"wp","href":"https:\/\/api.w.org\/{rel}","templated":true}]}}