{"id":118088,"date":"2024-06-11T15:39:46","date_gmt":"2024-06-11T12:39:46","guid":{"rendered":"https:\/\/testing.wowtea.eu\/lt\/?post_type=product&#038;p=118088"},"modified":"2024-09-23T12:27:42","modified_gmt":"2024-09-23T09:27:42","slug":"renew-tropicana-pack","status":"publish","type":"product","link":"https:\/\/testing.wowtea.eu\/lt\/product\/renew-tropicana-pack\/","title":{"rendered":"Renew Tropicana Pack"},"content":{"rendered":"\t\t<div data-elementor-type=\"product-post\" data-elementor-id=\"118088\" class=\"elementor elementor-118088\">\n\t\t\t\t\t\t<div class=\"elementor-inner\">\n\t\t\t\t<div class=\"elementor-section-wrap\">\n\t\t\t\t\t\t\t\t\t<section class=\"elementor-section elementor-top-section elementor-element elementor-element-7f109ec elementor-section-boxed elementor-section-height-default elementor-section-height-default\" data-id=\"7f109ec\" data-element_type=\"section\" data-settings=\"{&quot;background_background&quot;:&quot;classic&quot;}\">\n\t\t\t\t\t\t<div class=\"elementor-container elementor-column-gap-default\">\n\t\t\t\t\t\t\t<div class=\"elementor-row\">\n\t\t\t\t\t<div class=\"elementor-column elementor-col-100 elementor-top-column elementor-element elementor-element-a94f208\" data-id=\"a94f208\" data-element_type=\"column\" data-settings=\"{&quot;background_background&quot;:&quot;classic&quot;}\">\n\t\t\t<div class=\"elementor-column-wrap elementor-element-populated\">\n\t\t\t\t\t\t\t<div class=\"elementor-widget-wrap\">\n\t\t\t\t\t\t<div class=\"elementor-element elementor-element-ca83f03 elementor-widget elementor-widget-heading\" data-id=\"ca83f03\" data-element_type=\"widget\" data-widget_type=\"heading.default\">\n\t\t\t\t<div class=\"elementor-widget-container\">\n\t\t\t<h2 class=\"elementor-heading-title elementor-size-default\"><p style=\"text-align: center;color: crimson;font-size: 40px\">K\u0105 galite gauti d\u0117\u017eut\u0117je<span style=\"font-size: 28px\"><\/span><\/p><\/h2>\t\t<\/div>\n\t\t\t\t<\/div>\n\t\t\t\t\t\t<\/div>\n\t\t\t\t\t<\/div>\n\t\t<\/div>\n\t\t\t\t\t\t\t\t<\/div>\n\t\t\t\t\t<\/div>\n\t\t<\/section>\n\t\t\t\t<section class=\"elementor-section elementor-top-section elementor-element elementor-element-3945b4f elementor-section-full_width elementor-section-height-default elementor-section-height-default\" data-id=\"3945b4f\" data-element_type=\"section\">\n\t\t\t\t\t\t<div class=\"elementor-container elementor-column-gap-no\">\n\t\t\t\t\t\t\t<div class=\"elementor-row\">\n\t\t\t\t\t<div class=\"elementor-column elementor-col-100 elementor-top-column elementor-element elementor-element-67b7e7e\" data-id=\"67b7e7e\" data-element_type=\"column\">\n\t\t\t<div class=\"elementor-column-wrap elementor-element-populated\">\n\t\t\t\t\t\t\t<div class=\"elementor-widget-wrap\">\n\t\t\t\t\t\t<section class=\"elementor-section elementor-inner-section elementor-element elementor-element-d1c1631 elementor-section-full_width elementor-hidden-phone elementor-section-height-default elementor-section-height-default\" data-id=\"d1c1631\" data-element_type=\"section\">\n\t\t\t\t\t\t<div class=\"elementor-container elementor-column-gap-no\">\n\t\t\t\t\t\t\t<div class=\"elementor-row\">\n\t\t\t\t\t<div class=\"elementor-column elementor-col-100 elementor-inner-column elementor-element elementor-element-d49dbec\" data-id=\"d49dbec\" data-element_type=\"column\">\n\t\t\t<div class=\"elementor-column-wrap elementor-element-populated\">\n\t\t\t\t\t\t\t<div class=\"elementor-widget-wrap\">\n\t\t\t\t\t\t<div class=\"elementor-element elementor-element-789706f elementor-widget elementor-widget-image\" data-id=\"789706f\" data-element_type=\"widget\" data-widget_type=\"image.default\">\n\t\t\t\t<div class=\"elementor-widget-container\">\n\t\t\t\t\t\t\t\t<div class=\"elementor-image\">\n\t\t\t\t\t\t\t\t\t\t\t\t<img width=\"1920\" height=\"1150\" src=\"https:\/\/testing.wowtea.eu\/lt\/files\/2021\/06\/THE-PERFECT-BEACH-DRINK-summer-detox-D-LT-1.jpg\" class=\"attachment-full size-full wp-image-96212\" alt=\"\" loading=\"lazy\" srcset=\"https:\/\/testing.wowtea.eu\/lt\/files\/2021\/06\/THE-PERFECT-BEACH-DRINK-summer-detox-D-LT-1.jpg 1920w, https:\/\/testing.wowtea.eu\/lt\/files\/2021\/06\/THE-PERFECT-BEACH-DRINK-summer-detox-D-LT-1-300x180.jpg 300w, https:\/\/testing.wowtea.eu\/lt\/files\/2021\/06\/THE-PERFECT-BEACH-DRINK-summer-detox-D-LT-1-1024x613.jpg 1024w, https:\/\/testing.wowtea.eu\/lt\/files\/2021\/06\/THE-PERFECT-BEACH-DRINK-summer-detox-D-LT-1-768x460.jpg 768w, https:\/\/testing.wowtea.eu\/lt\/files\/2021\/06\/THE-PERFECT-BEACH-DRINK-summer-detox-D-LT-1-1536x920.jpg 1536w, https:\/\/testing.wowtea.eu\/lt\/files\/2021\/06\/THE-PERFECT-BEACH-DRINK-summer-detox-D-LT-1-600x359.jpg 600w\" sizes=\"(max-width: 1920px) 100vw, 1920px\" \/>\t\t\t\t\t\t\t\t\t\t\t\t\t\t<\/div>\n\t\t\t\t\t\t<\/div>\n\t\t\t\t<\/div>\n\t\t\t\t\t\t<\/div>\n\t\t\t\t\t<\/div>\n\t\t<\/div>\n\t\t\t\t\t\t\t\t<\/div>\n\t\t\t\t\t<\/div>\n\t\t<\/section>\n\t\t\t\t<section class=\"elementor-section elementor-inner-section elementor-element elementor-element-321cbf3 elementor-section-full_width elementor-hidden-desktop elementor-hidden-tablet elementor-section-height-default elementor-section-height-default\" data-id=\"321cbf3\" data-element_type=\"section\">\n\t\t\t\t\t\t<div class=\"elementor-container elementor-column-gap-no\">\n\t\t\t\t\t\t\t<div class=\"elementor-row\">\n\t\t\t\t\t<div class=\"elementor-column elementor-col-100 elementor-inner-column elementor-element elementor-element-7157207\" data-id=\"7157207\" data-element_type=\"column\">\n\t\t\t<div class=\"elementor-column-wrap elementor-element-populated\">\n\t\t\t\t\t\t\t<div class=\"elementor-widget-wrap\">\n\t\t\t\t\t\t<div class=\"elementor-element elementor-element-8ee8cb9 elementor-widget elementor-widget-image\" data-id=\"8ee8cb9\" data-element_type=\"widget\" data-widget_type=\"image.default\">\n\t\t\t\t<div class=\"elementor-widget-container\">\n\t\t\t\t\t\t\t\t<div class=\"elementor-image\">\n\t\t\t\t\t\t\t\t\t\t\t\t<img width=\"460\" height=\"750\" src=\"https:\/\/testing.wowtea.eu\/lt\/files\/2021\/06\/THE-PERFECT-BEACH-DRINK-summer-dextop-M-LT-1.jpg\" class=\"attachment-full size-full wp-image-96213\" alt=\"\" loading=\"lazy\" srcset=\"https:\/\/testing.wowtea.eu\/lt\/files\/2021\/06\/THE-PERFECT-BEACH-DRINK-summer-dextop-M-LT-1.jpg 460w, https:\/\/testing.wowtea.eu\/lt\/files\/2021\/06\/THE-PERFECT-BEACH-DRINK-summer-dextop-M-LT-1-184x300.jpg 184w\" sizes=\"(max-width: 460px) 100vw, 460px\" \/>\t\t\t\t\t\t\t\t\t\t\t\t\t\t<\/div>\n\t\t\t\t\t\t<\/div>\n\t\t\t\t<\/div>\n\t\t\t\t\t\t<\/div>\n\t\t\t\t\t<\/div>\n\t\t<\/div>\n\t\t\t\t\t\t\t\t<\/div>\n\t\t\t\t\t<\/div>\n\t\t<\/section>\n\t\t\t\t\t\t<\/div>\n\t\t\t\t\t<\/div>\n\t\t<\/div>\n\t\t\t\t\t\t\t\t<\/div>\n\t\t\t\t\t<\/div>\n\t\t<\/section>\n\t\t\t\t<section class=\"elementor-section elementor-top-section elementor-element elementor-element-033ed71 elementor-section-boxed elementor-section-height-default elementor-section-height-default\" data-id=\"033ed71\" data-element_type=\"section\">\n\t\t\t\t\t\t<div class=\"elementor-container elementor-column-gap-default\">\n\t\t\t\t\t\t\t<div class=\"elementor-row\">\n\t\t\t\t\t<div class=\"elementor-column elementor-col-100 elementor-top-column elementor-element elementor-element-53aa7a9\" data-id=\"53aa7a9\" data-element_type=\"column\">\n\t\t\t<div class=\"elementor-column-wrap elementor-element-populated\">\n\t\t\t\t\t\t\t<div class=\"elementor-widget-wrap\">\n\t\t\t\t\t\t<div class=\"elementor-element elementor-element-df4a1d1 elementor-widget elementor-widget-html\" data-id=\"df4a1d1\" data-element_type=\"widget\" data-widget_type=\"html.default\">\n\t\t\t\t<div class=\"elementor-widget-container\">\n\t\t\t<!-- TrustBox widget - Carousel -->\r\n<div class=\"trustpilot-widget\" data-locale=\"en-US\" data-template-id=\"53aa8912dec7e10d38f59f36\" data-businessunit-id=\"60029def312cb900013df992\" data-style-height=\"320px\" data-style-width=\"100%\" data-theme=\"light\" data-tags=\"EN\" data-stars=\"1,2,3,4,5\">\r\n  <a href=\"https:\/\/www.trustpilot.com\/review\/testing.wowtea.eu\" target=\"_blank\" rel=\"noopener\">Trustpilot<\/a>\r\n<\/div>\r\n<!-- End TrustBox widget -->\t\t<\/div>\n\t\t\t\t<\/div>\n\t\t\t\t\t\t<\/div>\n\t\t\t\t\t<\/div>\n\t\t<\/div>\n\t\t\t\t\t\t\t\t<\/div>\n\t\t\t\t\t<\/div>\n\t\t<\/section>\n\t\t\t\t\t\t\t\t\t<\/div>\n\t\t\t<\/div>\n\t\t\t\t\t<\/div>\n\t\t","protected":false},"excerpt":{"rendered":"<p>Summer Tropicana Detox\/Slimfit\/Wellness arbata<br \/>\nOran\u017einis infuzinis termosas<\/p>\n","protected":false},"featured_media":118079,"comment_status":"open","ping_status":"closed","template":"","meta":{"inline_featured_image":false},"product_cat":[105,110],"product_tag":[],"acf":[],"variations_data":{"118089":{"id":118089,"name":"Summer Tropicana Wellness arbata + Oran\u017einis infuzinis termosas","slug":"grande-tropicana-box-copy","date_created":{"date":"2024-06-11 15:42:44.000000","timezone_type":3,"timezone":"Europe\/Sofia"},"date_modified":{"date":"2024-09-23 12:27:41.000000","timezone_type":3,"timezone":"Europe\/Sofia"},"status":"publish","featured":false,"catalog_visibility":"visible","description":"","short_description":"","sku":"WOW-P-SWTTTO","price":"39.40","regular_price":"52.5","sale_price":"39.40","date_on_sale_from":null,"date_on_sale_to":null,"total_sales":"0","tax_status":"taxable","tax_class":"parent","manage_stock":false,"stock_quantity":null,"stock_status":"instock","backorders":"no","low_stock_amount":"","sold_individually":false,"weight":"","length":"","width":"","height":"","upsell_ids":[],"cross_sell_ids":[],"parent_id":118088,"reviews_allowed":false,"purchase_note":"","attributes":{"pa_summer-products":"summer-tropicana-wellness-arbata-oranzinis-infuzinis-termosas"},"default_attributes":[],"menu_order":1,"post_password":"","virtual":false,"downloadable":false,"category_ids":[],"tag_ids":[],"shipping_class_id":0,"downloads":[],"image_id":118081,"gallery_image_ids":[],"download_limit":-1,"download_expiry":-1,"rating_counts":[],"average_rating":0,"review_count":0,"attribute_summary":"Summer products: Summer Tropicana Wellness arbata + Oran\u017einis infuzinis termosas","meta_data":[{"id":1131013,"key":"_variable_text_field_1","value":""},{"id":1131014,"key":"_variable_text_field_2","value":""},{"id":1131015,"key":"_variable_text_field_3","value":""},{"id":1131016,"key":"fstr-p-sub","value":""},{"id":1131017,"key":"_sold_variation_individually","value":"no"},{"id":1131018,"key":"_v_label_field","value":"Save 15%"},{"id":1161592,"key":"oms_price_updated_at","value":"2024-09-23T09:05:50.825436Z"},{"id":1161593,"key":"_old_regular_price","value":"52.5"},{"id":1161594,"key":"_old_sale_price","value":"39.4"}],"price_html":"<del aria-hidden=\"true\"><span class=\"woocommerce-Price-amount amount\"><bdi>52.50<span class=\"woocommerce-Price-currencySymbol\">&euro;<\/span><\/bdi><\/span><\/del> <ins><span class=\"woocommerce-Price-amount amount\"><bdi>39.40<span class=\"woocommerce-Price-currencySymbol\">&euro;<\/span><\/bdi><\/span><\/ins>","image":"<img width=\"600\" height=\"600\" src=\"https:\/\/testing.wowtea.eu\/lt\/files\/2024\/06\/WOWTEA-WEB-Summer-Bundles-Renew-Tropicana-Pack-Wellness-600x600.png\" class=\"attachment-woocommerce_thumbnail size-woocommerce_thumbnail\" alt=\"\" loading=\"lazy\" srcset=\"https:\/\/testing.wowtea.eu\/lt\/files\/2024\/06\/WOWTEA-WEB-Summer-Bundles-Renew-Tropicana-Pack-Wellness.png 600w, https:\/\/testing.wowtea.eu\/lt\/files\/2024\/06\/WOWTEA-WEB-Summer-Bundles-Renew-Tropicana-Pack-Wellness-300x300.png 300w, https:\/\/testing.wowtea.eu\/lt\/files\/2024\/06\/WOWTEA-WEB-Summer-Bundles-Renew-Tropicana-Pack-Wellness-150x150.png 150w, https:\/\/testing.wowtea.eu\/lt\/files\/2024\/06\/WOWTEA-WEB-Summer-Bundles-Renew-Tropicana-Pack-Wellness-100x100.png 100w, https:\/\/testing.wowtea.eu\/lt\/files\/2024\/06\/WOWTEA-WEB-Summer-Bundles-Renew-Tropicana-Pack-Wellness-60x60.png 60w, https:\/\/testing.wowtea.eu\/lt\/files\/2024\/06\/WOWTEA-WEB-Summer-Bundles-Renew-Tropicana-Pack-Wellness-90x90.png 90w, https:\/\/testing.wowtea.eu\/lt\/files\/2024\/06\/WOWTEA-WEB-Summer-Bundles-Renew-Tropicana-Pack-Wellness-45x45.png 45w\" sizes=\"(max-width: 600px) 100vw, 600px\" \/>","free_delivery":false},"118090":{"id":118090,"name":"Summer Tropicana Slimfit arbata + Oran\u017einis infuzinis termosas","slug":"renew-tropicana-pack","date_created":{"date":"2024-06-11 15:42:48.000000","timezone_type":3,"timezone":"Europe\/Sofia"},"date_modified":{"date":"2024-09-23 12:27:33.000000","timezone_type":3,"timezone":"Europe\/Sofia"},"status":"publish","featured":false,"catalog_visibility":"visible","description":"","short_description":"","sku":"WOW-P-SSTTTO","price":"39.40","regular_price":"52.5","sale_price":"39.40","date_on_sale_from":null,"date_on_sale_to":null,"total_sales":"0","tax_status":"taxable","tax_class":"parent","manage_stock":false,"stock_quantity":null,"stock_status":"instock","backorders":"no","low_stock_amount":"","sold_individually":false,"weight":"","length":"","width":"","height":"","upsell_ids":[],"cross_sell_ids":[],"parent_id":118088,"reviews_allowed":false,"purchase_note":"","attributes":{"pa_summer-products":"summer-tropicana-slimfit-arbata-oranzinis-infuzinis-termosas"},"default_attributes":[],"menu_order":2,"post_password":"","virtual":false,"downloadable":false,"category_ids":[],"tag_ids":[],"shipping_class_id":0,"downloads":[],"image_id":118080,"gallery_image_ids":[],"download_limit":-1,"download_expiry":-1,"rating_counts":[],"average_rating":0,"review_count":0,"attribute_summary":"Summer products: Summer Tropicana Slimfit arbata + Oran\u017einis infuzinis termosas","meta_data":[{"id":1131021,"key":"_variable_text_field_1","value":""},{"id":1131022,"key":"_variable_text_field_2","value":""},{"id":1131023,"key":"_variable_text_field_3","value":""},{"id":1131024,"key":"fstr-p-sub","value":""},{"id":1131025,"key":"_sold_variation_individually","value":"no"},{"id":1131026,"key":"_v_label_field","value":"Save 15%"},{"id":1161587,"key":"oms_price_updated_at","value":"2024-09-23T09:05:42.592600Z"},{"id":1161588,"key":"_old_regular_price","value":"52.5"},{"id":1161589,"key":"_old_sale_price","value":"39.4"}],"price_html":"<del aria-hidden=\"true\"><span class=\"woocommerce-Price-amount amount\"><bdi>52.50<span class=\"woocommerce-Price-currencySymbol\">&euro;<\/span><\/bdi><\/span><\/del> <ins><span class=\"woocommerce-Price-amount amount\"><bdi>39.40<span class=\"woocommerce-Price-currencySymbol\">&euro;<\/span><\/bdi><\/span><\/ins>","image":"<img width=\"600\" height=\"600\" src=\"https:\/\/testing.wowtea.eu\/lt\/files\/2024\/06\/WOWTEA-WEB-Summer-Bundles-Renew-Tropicana-Pack-Slimfitpng-600x600.png\" class=\"attachment-woocommerce_thumbnail size-woocommerce_thumbnail\" alt=\"\" loading=\"lazy\" srcset=\"https:\/\/testing.wowtea.eu\/lt\/files\/2024\/06\/WOWTEA-WEB-Summer-Bundles-Renew-Tropicana-Pack-Slimfitpng.png 600w, https:\/\/testing.wowtea.eu\/lt\/files\/2024\/06\/WOWTEA-WEB-Summer-Bundles-Renew-Tropicana-Pack-Slimfitpng-300x300.png 300w, https:\/\/testing.wowtea.eu\/lt\/files\/2024\/06\/WOWTEA-WEB-Summer-Bundles-Renew-Tropicana-Pack-Slimfitpng-150x150.png 150w, https:\/\/testing.wowtea.eu\/lt\/files\/2024\/06\/WOWTEA-WEB-Summer-Bundles-Renew-Tropicana-Pack-Slimfitpng-100x100.png 100w, https:\/\/testing.wowtea.eu\/lt\/files\/2024\/06\/WOWTEA-WEB-Summer-Bundles-Renew-Tropicana-Pack-Slimfitpng-60x60.png 60w, https:\/\/testing.wowtea.eu\/lt\/files\/2024\/06\/WOWTEA-WEB-Summer-Bundles-Renew-Tropicana-Pack-Slimfitpng-90x90.png 90w, https:\/\/testing.wowtea.eu\/lt\/files\/2024\/06\/WOWTEA-WEB-Summer-Bundles-Renew-Tropicana-Pack-Slimfitpng-45x45.png 45w\" sizes=\"(max-width: 600px) 100vw, 600px\" \/>","free_delivery":false},"118091":{"id":118091,"name":"Summer Tropicana Detox arbata + Oran\u017einis infuzinis termosas","slug":"renew-tropicana-pack-2","date_created":{"date":"2024-06-11 15:42:51.000000","timezone_type":3,"timezone":"Europe\/Sofia"},"date_modified":{"date":"2024-09-23 12:27:19.000000","timezone_type":3,"timezone":"Europe\/Sofia"},"status":"publish","featured":false,"catalog_visibility":"visible","description":"","short_description":"","sku":"WOW-P-SETTTO","price":"39.40","regular_price":"52.5","sale_price":"39.40","date_on_sale_from":null,"date_on_sale_to":null,"total_sales":"0","tax_status":"taxable","tax_class":"parent","manage_stock":false,"stock_quantity":null,"stock_status":"instock","backorders":"no","low_stock_amount":"","sold_individually":false,"weight":"","length":"","width":"","height":"","upsell_ids":[],"cross_sell_ids":[],"parent_id":118088,"reviews_allowed":false,"purchase_note":"","attributes":{"pa_summer-products":"summer-tropicana-detox-arbata-oranzinis-infuzinis-termosas"},"default_attributes":[],"menu_order":3,"post_password":"","virtual":false,"downloadable":false,"category_ids":[],"tag_ids":[],"shipping_class_id":0,"downloads":[],"image_id":118079,"gallery_image_ids":[],"download_limit":-1,"download_expiry":-1,"rating_counts":[],"average_rating":0,"review_count":0,"attribute_summary":"Summer products: Summer Tropicana Detox arbata + Oran\u017einis infuzinis termosas","meta_data":[{"id":1131029,"key":"_variable_text_field_1","value":""},{"id":1131030,"key":"_variable_text_field_2","value":""},{"id":1131031,"key":"_variable_text_field_3","value":""},{"id":1131032,"key":"fstr-p-sub","value":""},{"id":1131033,"key":"_sold_variation_individually","value":"no"},{"id":1131034,"key":"_v_label_field","value":"Save 15%"},{"id":1161575,"key":"oms_price_updated_at","value":"2024-09-23T09:05:28.521062Z"},{"id":1161576,"key":"_old_regular_price","value":"52.5"},{"id":1161577,"key":"_old_sale_price","value":"39.4"}],"price_html":"<del aria-hidden=\"true\"><span class=\"woocommerce-Price-amount amount\"><bdi>52.50<span class=\"woocommerce-Price-currencySymbol\">&euro;<\/span><\/bdi><\/span><\/del> <ins><span class=\"woocommerce-Price-amount amount\"><bdi>39.40<span class=\"woocommerce-Price-currencySymbol\">&euro;<\/span><\/bdi><\/span><\/ins>","image":"<img width=\"600\" height=\"600\" src=\"https:\/\/testing.wowtea.eu\/lt\/files\/2024\/06\/WOWTEA-WEB-Summer-Bundles-Renew-Tropicana-Pack-Detox-600x600.png\" class=\"attachment-woocommerce_thumbnail size-woocommerce_thumbnail\" alt=\"\" loading=\"lazy\" srcset=\"https:\/\/testing.wowtea.eu\/lt\/files\/2024\/06\/WOWTEA-WEB-Summer-Bundles-Renew-Tropicana-Pack-Detox.png 600w, https:\/\/testing.wowtea.eu\/lt\/files\/2024\/06\/WOWTEA-WEB-Summer-Bundles-Renew-Tropicana-Pack-Detox-300x300.png 300w, https:\/\/testing.wowtea.eu\/lt\/files\/2024\/06\/WOWTEA-WEB-Summer-Bundles-Renew-Tropicana-Pack-Detox-150x150.png 150w, https:\/\/testing.wowtea.eu\/lt\/files\/2024\/06\/WOWTEA-WEB-Summer-Bundles-Renew-Tropicana-Pack-Detox-100x100.png 100w, https:\/\/testing.wowtea.eu\/lt\/files\/2024\/06\/WOWTEA-WEB-Summer-Bundles-Renew-Tropicana-Pack-Detox-60x60.png 60w, https:\/\/testing.wowtea.eu\/lt\/files\/2024\/06\/WOWTEA-WEB-Summer-Bundles-Renew-Tropicana-Pack-Detox-90x90.png 90w, https:\/\/testing.wowtea.eu\/lt\/files\/2024\/06\/WOWTEA-WEB-Summer-Bundles-Renew-Tropicana-Pack-Detox-45x45.png 45w\" sizes=\"(max-width: 600px) 100vw, 600px\" \/>","free_delivery":false}},"free_delivery":false,"currency_name":"&euro;","_links":{"self":[{"href":"https:\/\/testing.wowtea.eu\/lt\/wp-json\/wp\/v2\/product\/118088"}],"collection":[{"href":"https:\/\/testing.wowtea.eu\/lt\/wp-json\/wp\/v2\/product"}],"about":[{"href":"https:\/\/testing.wowtea.eu\/lt\/wp-json\/wp\/v2\/types\/product"}],"replies":[{"embeddable":true,"href":"https:\/\/testing.wowtea.eu\/lt\/wp-json\/wp\/v2\/comments?post=118088"}],"version-history":[{"count":0,"href":"https:\/\/testing.wowtea.eu\/lt\/wp-json\/wp\/v2\/product\/118088\/revisions"}],"wp:featuredmedia":[{"embeddable":true,"href":"https:\/\/testing.wowtea.eu\/lt\/wp-json\/wp\/v2\/media\/118079"}],"wp:attachment":[{"href":"https:\/\/testing.wowtea.eu\/lt\/wp-json\/wp\/v2\/media?parent=118088"}],"wp:term":[{"taxonomy":"product_cat","embeddable":true,"href":"https:\/\/testing.wowtea.eu\/lt\/wp-json\/wp\/v2\/product_cat?post=118088"},{"taxonomy":"product_tag","embeddable":true,"href":"https:\/\/testing.wowtea.eu\/lt\/wp-json\/wp\/v2\/product_tag?post=118088"}],"curies":[{"name":"wp","href":"https:\/\/api.w.org\/{rel}","templated":true}]}}