{"id":118097,"date":"2024-06-11T15:45:27","date_gmt":"2024-06-11T12:45:27","guid":{"rendered":"https:\/\/testing.wowtea.eu\/lt\/?post_type=product&#038;p=118097"},"modified":"2024-09-23T12:27:56","modified_gmt":"2024-09-23T09:27:56","slug":"summer-biofit-bundle","status":"publish","type":"product","link":"https:\/\/testing.wowtea.eu\/lt\/product\/summer-biofit-bundle\/","title":{"rendered":"Summer Biofit Bundle"},"content":{"rendered":"\t\t<div data-elementor-type=\"product-post\" data-elementor-id=\"118097\" class=\"elementor elementor-118097\">\n\t\t\t\t\t\t<div class=\"elementor-inner\">\n\t\t\t\t<div class=\"elementor-section-wrap\">\n\t\t\t\t\t\t\t\t\t<section class=\"elementor-section elementor-top-section elementor-element elementor-element-7f109ec elementor-section-boxed elementor-section-height-default elementor-section-height-default\" data-id=\"7f109ec\" data-element_type=\"section\" data-settings=\"{&quot;background_background&quot;:&quot;classic&quot;}\">\n\t\t\t\t\t\t<div class=\"elementor-container elementor-column-gap-default\">\n\t\t\t\t\t\t\t<div class=\"elementor-row\">\n\t\t\t\t\t<div class=\"elementor-column elementor-col-100 elementor-top-column elementor-element elementor-element-a94f208\" data-id=\"a94f208\" data-element_type=\"column\" data-settings=\"{&quot;background_background&quot;:&quot;classic&quot;}\">\n\t\t\t<div class=\"elementor-column-wrap elementor-element-populated\">\n\t\t\t\t\t\t\t<div class=\"elementor-widget-wrap\">\n\t\t\t\t\t\t<div class=\"elementor-element elementor-element-ca83f03 elementor-widget elementor-widget-heading\" data-id=\"ca83f03\" data-element_type=\"widget\" data-widget_type=\"heading.default\">\n\t\t\t\t<div class=\"elementor-widget-container\">\n\t\t\t<h2 class=\"elementor-heading-title elementor-size-default\"><p style=\"text-align: center;color: crimson;font-size: 40px\">K\u0105 galite gauti d\u0117\u017eut\u0117je<span style=\"font-size: 28px\"><\/span><\/p><\/h2>\t\t<\/div>\n\t\t\t\t<\/div>\n\t\t\t\t\t\t<\/div>\n\t\t\t\t\t<\/div>\n\t\t<\/div>\n\t\t\t\t\t\t\t\t<\/div>\n\t\t\t\t\t<\/div>\n\t\t<\/section>\n\t\t\t\t<section class=\"elementor-section elementor-top-section elementor-element elementor-element-3945b4f elementor-section-full_width elementor-section-height-default elementor-section-height-default\" data-id=\"3945b4f\" data-element_type=\"section\">\n\t\t\t\t\t\t<div class=\"elementor-container elementor-column-gap-no\">\n\t\t\t\t\t\t\t<div class=\"elementor-row\">\n\t\t\t\t\t<div class=\"elementor-column elementor-col-100 elementor-top-column elementor-element elementor-element-67b7e7e\" data-id=\"67b7e7e\" data-element_type=\"column\">\n\t\t\t<div class=\"elementor-column-wrap elementor-element-populated\">\n\t\t\t\t\t\t\t<div class=\"elementor-widget-wrap\">\n\t\t\t\t\t\t<section class=\"elementor-section elementor-inner-section elementor-element elementor-element-d1c1631 elementor-section-full_width elementor-hidden-phone elementor-section-height-default elementor-section-height-default\" data-id=\"d1c1631\" data-element_type=\"section\">\n\t\t\t\t\t\t<div class=\"elementor-container elementor-column-gap-no\">\n\t\t\t\t\t\t\t<div class=\"elementor-row\">\n\t\t\t\t\t<div class=\"elementor-column elementor-col-100 elementor-inner-column elementor-element elementor-element-d49dbec\" data-id=\"d49dbec\" data-element_type=\"column\">\n\t\t\t<div class=\"elementor-column-wrap elementor-element-populated\">\n\t\t\t\t\t\t\t<div class=\"elementor-widget-wrap\">\n\t\t\t\t\t\t<div class=\"elementor-element elementor-element-789706f elementor-widget elementor-widget-image\" data-id=\"789706f\" data-element_type=\"widget\" data-widget_type=\"image.default\">\n\t\t\t\t<div class=\"elementor-widget-container\">\n\t\t\t\t\t\t\t\t<div class=\"elementor-image\">\n\t\t\t\t\t\t\t\t\t\t\t\t<img width=\"1920\" height=\"1150\" src=\"https:\/\/testing.wowtea.eu\/lt\/files\/2021\/06\/THE-PERFECT-BEACH-DRINK-summer-detox-D-LT-1.jpg\" class=\"attachment-full size-full wp-image-96212\" alt=\"\" loading=\"lazy\" srcset=\"https:\/\/testing.wowtea.eu\/lt\/files\/2021\/06\/THE-PERFECT-BEACH-DRINK-summer-detox-D-LT-1.jpg 1920w, https:\/\/testing.wowtea.eu\/lt\/files\/2021\/06\/THE-PERFECT-BEACH-DRINK-summer-detox-D-LT-1-300x180.jpg 300w, https:\/\/testing.wowtea.eu\/lt\/files\/2021\/06\/THE-PERFECT-BEACH-DRINK-summer-detox-D-LT-1-1024x613.jpg 1024w, https:\/\/testing.wowtea.eu\/lt\/files\/2021\/06\/THE-PERFECT-BEACH-DRINK-summer-detox-D-LT-1-768x460.jpg 768w, https:\/\/testing.wowtea.eu\/lt\/files\/2021\/06\/THE-PERFECT-BEACH-DRINK-summer-detox-D-LT-1-1536x920.jpg 1536w, https:\/\/testing.wowtea.eu\/lt\/files\/2021\/06\/THE-PERFECT-BEACH-DRINK-summer-detox-D-LT-1-600x359.jpg 600w\" sizes=\"(max-width: 1920px) 100vw, 1920px\" \/>\t\t\t\t\t\t\t\t\t\t\t\t\t\t<\/div>\n\t\t\t\t\t\t<\/div>\n\t\t\t\t<\/div>\n\t\t\t\t\t\t<\/div>\n\t\t\t\t\t<\/div>\n\t\t<\/div>\n\t\t\t\t\t\t\t\t<\/div>\n\t\t\t\t\t<\/div>\n\t\t<\/section>\n\t\t\t\t<section class=\"elementor-section elementor-inner-section elementor-element elementor-element-321cbf3 elementor-section-full_width elementor-hidden-desktop elementor-hidden-tablet elementor-section-height-default elementor-section-height-default\" data-id=\"321cbf3\" data-element_type=\"section\">\n\t\t\t\t\t\t<div class=\"elementor-container elementor-column-gap-no\">\n\t\t\t\t\t\t\t<div class=\"elementor-row\">\n\t\t\t\t\t<div class=\"elementor-column elementor-col-100 elementor-inner-column elementor-element elementor-element-7157207\" data-id=\"7157207\" data-element_type=\"column\">\n\t\t\t<div class=\"elementor-column-wrap elementor-element-populated\">\n\t\t\t\t\t\t\t<div class=\"elementor-widget-wrap\">\n\t\t\t\t\t\t<div class=\"elementor-element elementor-element-8ee8cb9 elementor-widget elementor-widget-image\" data-id=\"8ee8cb9\" data-element_type=\"widget\" data-widget_type=\"image.default\">\n\t\t\t\t<div class=\"elementor-widget-container\">\n\t\t\t\t\t\t\t\t<div class=\"elementor-image\">\n\t\t\t\t\t\t\t\t\t\t\t\t<img width=\"460\" height=\"750\" src=\"https:\/\/testing.wowtea.eu\/lt\/files\/2021\/06\/THE-PERFECT-BEACH-DRINK-summer-dextop-M-LT-1.jpg\" class=\"attachment-full size-full wp-image-96213\" alt=\"\" loading=\"lazy\" srcset=\"https:\/\/testing.wowtea.eu\/lt\/files\/2021\/06\/THE-PERFECT-BEACH-DRINK-summer-dextop-M-LT-1.jpg 460w, https:\/\/testing.wowtea.eu\/lt\/files\/2021\/06\/THE-PERFECT-BEACH-DRINK-summer-dextop-M-LT-1-184x300.jpg 184w\" sizes=\"(max-width: 460px) 100vw, 460px\" \/>\t\t\t\t\t\t\t\t\t\t\t\t\t\t<\/div>\n\t\t\t\t\t\t<\/div>\n\t\t\t\t<\/div>\n\t\t\t\t\t\t<\/div>\n\t\t\t\t\t<\/div>\n\t\t<\/div>\n\t\t\t\t\t\t\t\t<\/div>\n\t\t\t\t\t<\/div>\n\t\t<\/section>\n\t\t\t\t\t\t<\/div>\n\t\t\t\t\t<\/div>\n\t\t<\/div>\n\t\t\t\t\t\t\t\t<\/div>\n\t\t\t\t\t<\/div>\n\t\t<\/section>\n\t\t\t\t<section class=\"elementor-section elementor-top-section elementor-element elementor-element-033ed71 elementor-section-boxed elementor-section-height-default elementor-section-height-default\" data-id=\"033ed71\" data-element_type=\"section\">\n\t\t\t\t\t\t<div class=\"elementor-container elementor-column-gap-default\">\n\t\t\t\t\t\t\t<div class=\"elementor-row\">\n\t\t\t\t\t<div class=\"elementor-column elementor-col-100 elementor-top-column elementor-element elementor-element-53aa7a9\" data-id=\"53aa7a9\" data-element_type=\"column\">\n\t\t\t<div class=\"elementor-column-wrap elementor-element-populated\">\n\t\t\t\t\t\t\t<div class=\"elementor-widget-wrap\">\n\t\t\t\t\t\t<div class=\"elementor-element elementor-element-df4a1d1 elementor-widget elementor-widget-html\" data-id=\"df4a1d1\" data-element_type=\"widget\" data-widget_type=\"html.default\">\n\t\t\t\t<div class=\"elementor-widget-container\">\n\t\t\t<!-- TrustBox widget - Carousel -->\r\n<div class=\"trustpilot-widget\" data-locale=\"en-US\" data-template-id=\"53aa8912dec7e10d38f59f36\" data-businessunit-id=\"60029def312cb900013df992\" data-style-height=\"320px\" data-style-width=\"100%\" data-theme=\"light\" data-tags=\"EN\" data-stars=\"1,2,3,4,5\">\r\n  <a href=\"https:\/\/www.trustpilot.com\/review\/testing.wowtea.eu\" target=\"_blank\" rel=\"noopener\">Trustpilot<\/a>\r\n<\/div>\r\n<!-- End TrustBox widget -->\t\t<\/div>\n\t\t\t\t<\/div>\n\t\t\t\t\t\t<\/div>\n\t\t\t\t\t<\/div>\n\t\t<\/div>\n\t\t\t\t\t\t\t\t<\/div>\n\t\t\t\t\t<\/div>\n\t\t<\/section>\n\t\t\t\t\t\t\t\t\t<\/div>\n\t\t\t<\/div>\n\t\t\t\t\t<\/div>\n\t\t","protected":false},"excerpt":{"rendered":"<p>Summer Tropicana Detox arbata<br \/>\nSummer Tropicana Slimfit arbata<br \/>\nOran\u017einis infuzinis termosas<\/p>\n","protected":false},"featured_media":118082,"comment_status":"open","ping_status":"closed","template":"","meta":{"inline_featured_image":false},"product_cat":[105,110],"product_tag":[],"acf":[],"variations_data":[],"free_delivery":false,"currency_name":"&euro;","_links":{"self":[{"href":"https:\/\/testing.wowtea.eu\/lt\/wp-json\/wp\/v2\/product\/118097"}],"collection":[{"href":"https:\/\/testing.wowtea.eu\/lt\/wp-json\/wp\/v2\/product"}],"about":[{"href":"https:\/\/testing.wowtea.eu\/lt\/wp-json\/wp\/v2\/types\/product"}],"replies":[{"embeddable":true,"href":"https:\/\/testing.wowtea.eu\/lt\/wp-json\/wp\/v2\/comments?post=118097"}],"version-history":[{"count":0,"href":"https:\/\/testing.wowtea.eu\/lt\/wp-json\/wp\/v2\/product\/118097\/revisions"}],"wp:featuredmedia":[{"embeddable":true,"href":"https:\/\/testing.wowtea.eu\/lt\/wp-json\/wp\/v2\/media\/118082"}],"wp:attachment":[{"href":"https:\/\/testing.wowtea.eu\/lt\/wp-json\/wp\/v2\/media?parent=118097"}],"wp:term":[{"taxonomy":"product_cat","embeddable":true,"href":"https:\/\/testing.wowtea.eu\/lt\/wp-json\/wp\/v2\/product_cat?post=118097"},{"taxonomy":"product_tag","embeddable":true,"href":"https:\/\/testing.wowtea.eu\/lt\/wp-json\/wp\/v2\/product_tag?post=118097"}],"curies":[{"name":"wp","href":"https:\/\/api.w.org\/{rel}","templated":true}]}}