{"id":118104,"date":"2024-06-11T15:50:01","date_gmt":"2024-06-11T12:50:01","guid":{"rendered":"https:\/\/testing.wowtea.eu\/lt\/?post_type=product&#038;p=118104"},"modified":"2024-09-23T12:29:28","modified_gmt":"2024-09-23T09:29:28","slug":"beach-beauty-set","status":"publish","type":"product","link":"https:\/\/testing.wowtea.eu\/lt\/product\/beach-beauty-set\/","title":{"rendered":"Beach Beauty Set"},"content":{"rendered":"\t\t<div data-elementor-type=\"product-post\" data-elementor-id=\"118104\" class=\"elementor elementor-118104\">\n\t\t\t\t\t\t<div class=\"elementor-inner\">\n\t\t\t\t<div class=\"elementor-section-wrap\">\n\t\t\t\t\t\t\t\t\t<section class=\"elementor-section elementor-top-section elementor-element elementor-element-7f109ec elementor-section-boxed elementor-section-height-default elementor-section-height-default\" data-id=\"7f109ec\" data-element_type=\"section\" data-settings=\"{&quot;background_background&quot;:&quot;classic&quot;}\">\n\t\t\t\t\t\t<div class=\"elementor-container elementor-column-gap-default\">\n\t\t\t\t\t\t\t<div class=\"elementor-row\">\n\t\t\t\t\t<div class=\"elementor-column elementor-col-100 elementor-top-column elementor-element elementor-element-a94f208\" data-id=\"a94f208\" data-element_type=\"column\" data-settings=\"{&quot;background_background&quot;:&quot;classic&quot;}\">\n\t\t\t<div class=\"elementor-column-wrap elementor-element-populated\">\n\t\t\t\t\t\t\t<div class=\"elementor-widget-wrap\">\n\t\t\t\t\t\t<div class=\"elementor-element elementor-element-ca83f03 elementor-widget elementor-widget-heading\" data-id=\"ca83f03\" data-element_type=\"widget\" data-widget_type=\"heading.default\">\n\t\t\t\t<div class=\"elementor-widget-container\">\n\t\t\t<h2 class=\"elementor-heading-title elementor-size-default\"><p style=\"text-align: center;color: crimson;font-size: 40px\">K\u0105 galite gauti d\u0117\u017eut\u0117je<span style=\"font-size: 28px\"><\/span><\/p><\/h2>\t\t<\/div>\n\t\t\t\t<\/div>\n\t\t\t\t\t\t<\/div>\n\t\t\t\t\t<\/div>\n\t\t<\/div>\n\t\t\t\t\t\t\t\t<\/div>\n\t\t\t\t\t<\/div>\n\t\t<\/section>\n\t\t\t\t<section class=\"elementor-section elementor-top-section elementor-element elementor-element-3945b4f elementor-section-full_width elementor-section-height-default elementor-section-height-default\" data-id=\"3945b4f\" data-element_type=\"section\">\n\t\t\t\t\t\t<div class=\"elementor-container elementor-column-gap-no\">\n\t\t\t\t\t\t\t<div class=\"elementor-row\">\n\t\t\t\t\t<div class=\"elementor-column elementor-col-100 elementor-top-column elementor-element elementor-element-67b7e7e\" data-id=\"67b7e7e\" data-element_type=\"column\">\n\t\t\t<div class=\"elementor-column-wrap elementor-element-populated\">\n\t\t\t\t\t\t\t<div class=\"elementor-widget-wrap\">\n\t\t\t\t\t\t<section class=\"elementor-section elementor-inner-section elementor-element elementor-element-d1c1631 elementor-section-full_width elementor-hidden-phone elementor-section-height-default elementor-section-height-default\" data-id=\"d1c1631\" data-element_type=\"section\">\n\t\t\t\t\t\t<div class=\"elementor-container elementor-column-gap-no\">\n\t\t\t\t\t\t\t<div class=\"elementor-row\">\n\t\t\t\t\t<div class=\"elementor-column elementor-col-100 elementor-inner-column elementor-element elementor-element-d49dbec\" data-id=\"d49dbec\" data-element_type=\"column\">\n\t\t\t<div class=\"elementor-column-wrap elementor-element-populated\">\n\t\t\t\t\t\t\t<div class=\"elementor-widget-wrap\">\n\t\t\t\t\t\t<div class=\"elementor-element elementor-element-789706f elementor-widget elementor-widget-image\" data-id=\"789706f\" data-element_type=\"widget\" data-widget_type=\"image.default\">\n\t\t\t\t<div class=\"elementor-widget-container\">\n\t\t\t\t\t\t\t\t<div class=\"elementor-image\">\n\t\t\t\t\t\t\t\t\t\t\t\t<img width=\"1920\" height=\"1150\" src=\"https:\/\/testing.wowtea.eu\/lt\/files\/2021\/06\/THE-PERFECT-BEACH-DRINK-summer-detox-D-LT-1.jpg\" class=\"attachment-full size-full wp-image-96212\" alt=\"\" loading=\"lazy\" srcset=\"https:\/\/testing.wowtea.eu\/lt\/files\/2021\/06\/THE-PERFECT-BEACH-DRINK-summer-detox-D-LT-1.jpg 1920w, https:\/\/testing.wowtea.eu\/lt\/files\/2021\/06\/THE-PERFECT-BEACH-DRINK-summer-detox-D-LT-1-300x180.jpg 300w, https:\/\/testing.wowtea.eu\/lt\/files\/2021\/06\/THE-PERFECT-BEACH-DRINK-summer-detox-D-LT-1-1024x613.jpg 1024w, https:\/\/testing.wowtea.eu\/lt\/files\/2021\/06\/THE-PERFECT-BEACH-DRINK-summer-detox-D-LT-1-768x460.jpg 768w, https:\/\/testing.wowtea.eu\/lt\/files\/2021\/06\/THE-PERFECT-BEACH-DRINK-summer-detox-D-LT-1-1536x920.jpg 1536w, https:\/\/testing.wowtea.eu\/lt\/files\/2021\/06\/THE-PERFECT-BEACH-DRINK-summer-detox-D-LT-1-600x359.jpg 600w\" sizes=\"(max-width: 1920px) 100vw, 1920px\" \/>\t\t\t\t\t\t\t\t\t\t\t\t\t\t<\/div>\n\t\t\t\t\t\t<\/div>\n\t\t\t\t<\/div>\n\t\t\t\t\t\t<\/div>\n\t\t\t\t\t<\/div>\n\t\t<\/div>\n\t\t\t\t\t\t\t\t<\/div>\n\t\t\t\t\t<\/div>\n\t\t<\/section>\n\t\t\t\t<section class=\"elementor-section elementor-inner-section elementor-element elementor-element-321cbf3 elementor-section-full_width elementor-hidden-desktop elementor-hidden-tablet elementor-section-height-default elementor-section-height-default\" data-id=\"321cbf3\" data-element_type=\"section\">\n\t\t\t\t\t\t<div class=\"elementor-container elementor-column-gap-no\">\n\t\t\t\t\t\t\t<div class=\"elementor-row\">\n\t\t\t\t\t<div class=\"elementor-column elementor-col-100 elementor-inner-column elementor-element elementor-element-7157207\" data-id=\"7157207\" data-element_type=\"column\">\n\t\t\t<div class=\"elementor-column-wrap elementor-element-populated\">\n\t\t\t\t\t\t\t<div class=\"elementor-widget-wrap\">\n\t\t\t\t\t\t<div class=\"elementor-element elementor-element-8ee8cb9 elementor-widget elementor-widget-image\" data-id=\"8ee8cb9\" data-element_type=\"widget\" data-widget_type=\"image.default\">\n\t\t\t\t<div class=\"elementor-widget-container\">\n\t\t\t\t\t\t\t\t<div class=\"elementor-image\">\n\t\t\t\t\t\t\t\t\t\t\t\t<img width=\"460\" height=\"750\" src=\"https:\/\/testing.wowtea.eu\/lt\/files\/2021\/06\/THE-PERFECT-BEACH-DRINK-summer-dextop-M-LT-1.jpg\" class=\"attachment-full size-full wp-image-96213\" alt=\"\" loading=\"lazy\" srcset=\"https:\/\/testing.wowtea.eu\/lt\/files\/2021\/06\/THE-PERFECT-BEACH-DRINK-summer-dextop-M-LT-1.jpg 460w, https:\/\/testing.wowtea.eu\/lt\/files\/2021\/06\/THE-PERFECT-BEACH-DRINK-summer-dextop-M-LT-1-184x300.jpg 184w\" sizes=\"(max-width: 460px) 100vw, 460px\" \/>\t\t\t\t\t\t\t\t\t\t\t\t\t\t<\/div>\n\t\t\t\t\t\t<\/div>\n\t\t\t\t<\/div>\n\t\t\t\t\t\t<\/div>\n\t\t\t\t\t<\/div>\n\t\t<\/div>\n\t\t\t\t\t\t\t\t<\/div>\n\t\t\t\t\t<\/div>\n\t\t<\/section>\n\t\t\t\t\t\t<\/div>\n\t\t\t\t\t<\/div>\n\t\t<\/div>\n\t\t\t\t\t\t\t\t<\/div>\n\t\t\t\t\t<\/div>\n\t\t<\/section>\n\t\t\t\t<section class=\"elementor-section elementor-top-section elementor-element elementor-element-033ed71 elementor-section-boxed elementor-section-height-default elementor-section-height-default\" data-id=\"033ed71\" data-element_type=\"section\">\n\t\t\t\t\t\t<div class=\"elementor-container elementor-column-gap-default\">\n\t\t\t\t\t\t\t<div class=\"elementor-row\">\n\t\t\t\t\t<div class=\"elementor-column elementor-col-100 elementor-top-column elementor-element elementor-element-53aa7a9\" data-id=\"53aa7a9\" data-element_type=\"column\">\n\t\t\t<div class=\"elementor-column-wrap elementor-element-populated\">\n\t\t\t\t\t\t\t<div class=\"elementor-widget-wrap\">\n\t\t\t\t\t\t<div class=\"elementor-element elementor-element-df4a1d1 elementor-widget elementor-widget-html\" data-id=\"df4a1d1\" data-element_type=\"widget\" data-widget_type=\"html.default\">\n\t\t\t\t<div class=\"elementor-widget-container\">\n\t\t\t<!-- TrustBox widget - Carousel -->\r\n<div class=\"trustpilot-widget\" data-locale=\"en-US\" data-template-id=\"53aa8912dec7e10d38f59f36\" data-businessunit-id=\"60029def312cb900013df992\" data-style-height=\"320px\" data-style-width=\"100%\" data-theme=\"light\" data-tags=\"EN\" data-stars=\"1,2,3,4,5\">\r\n  <a href=\"https:\/\/www.trustpilot.com\/review\/testing.wowtea.eu\" target=\"_blank\" rel=\"noopener\">Trustpilot<\/a>\r\n<\/div>\r\n<!-- End TrustBox widget -->\t\t<\/div>\n\t\t\t\t<\/div>\n\t\t\t\t\t\t<\/div>\n\t\t\t\t\t<\/div>\n\t\t<\/div>\n\t\t\t\t\t\t\t\t<\/div>\n\t\t\t\t\t<\/div>\n\t\t<\/section>\n\t\t\t\t\t\t\t\t\t<\/div>\n\t\t\t<\/div>\n\t\t\t\t\t<\/div>\n\t\t","protected":false},"excerpt":{"rendered":"<p>Summer Tropicana Detox\/Slimfit\/Wellness arbata<br \/>\nSummer Tropicana Collagen<\/p>\n","protected":false},"featured_media":118075,"comment_status":"open","ping_status":"closed","template":"","meta":{"inline_featured_image":false},"product_cat":[105,110],"product_tag":[],"acf":[],"variations_data":{"118105":{"id":118105,"name":"Summer Tropicana Wellness arbata + Summer Tropicana Collagen","slug":"grande-tropicana-box-copy-2","date_created":{"date":"2024-06-11 15:51:00.000000","timezone_type":3,"timezone":"Europe\/Sofia"},"date_modified":{"date":"2024-09-23 12:29:27.000000","timezone_type":3,"timezone":"Europe\/Sofia"},"status":"publish","featured":false,"catalog_visibility":"visible","description":"","short_description":"","sku":"WOW-P-SWTCLTR","price":"45.60","regular_price":"60.8","sale_price":"45.60","date_on_sale_from":null,"date_on_sale_to":null,"total_sales":"0","tax_status":"taxable","tax_class":"parent","manage_stock":false,"stock_quantity":null,"stock_status":"instock","backorders":"no","low_stock_amount":"","sold_individually":false,"weight":"","length":"","width":"","height":"","upsell_ids":[],"cross_sell_ids":[],"parent_id":118104,"reviews_allowed":false,"purchase_note":"","attributes":{"pa_summer-products":"summer-tropicana-wellness-arbata-summer-tropicana-collagen"},"default_attributes":[],"menu_order":1,"post_password":"","virtual":false,"downloadable":false,"category_ids":[],"tag_ids":[],"shipping_class_id":0,"downloads":[],"image_id":118077,"gallery_image_ids":[],"download_limit":-1,"download_expiry":-1,"rating_counts":[],"average_rating":0,"review_count":0,"attribute_summary":"Summer products: Summer Tropicana Wellness arbata + Summer Tropicana Collagen","meta_data":[{"id":1131377,"key":"_variable_text_field_1","value":""},{"id":1131378,"key":"_variable_text_field_2","value":""},{"id":1131379,"key":"_variable_text_field_3","value":""},{"id":1131380,"key":"fstr-p-sub","value":""},{"id":1131381,"key":"_sold_variation_individually","value":"no"},{"id":1131382,"key":"_v_label_field","value":"Save 15%"},{"id":1161297,"key":"oms_price_updated_at","value":"2024-09-23T09:07:37.111739Z"},{"id":1161298,"key":"_old_regular_price","value":"60.8"},{"id":1161299,"key":"_old_sale_price","value":"45.6"}],"price_html":"<del aria-hidden=\"true\"><span class=\"woocommerce-Price-amount amount\"><bdi>60.80<span class=\"woocommerce-Price-currencySymbol\">&euro;<\/span><\/bdi><\/span><\/del> <ins><span class=\"woocommerce-Price-amount amount\"><bdi>45.60<span class=\"woocommerce-Price-currencySymbol\">&euro;<\/span><\/bdi><\/span><\/ins>","image":"<img width=\"600\" height=\"600\" src=\"https:\/\/testing.wowtea.eu\/lt\/files\/2024\/06\/WOWTEA-WEB-Summer-Bundles-Beach-Beauty-Set-Wellness-600x600.png\" class=\"attachment-woocommerce_thumbnail size-woocommerce_thumbnail\" alt=\"\" loading=\"lazy\" srcset=\"https:\/\/testing.wowtea.eu\/lt\/files\/2024\/06\/WOWTEA-WEB-Summer-Bundles-Beach-Beauty-Set-Wellness.png 600w, https:\/\/testing.wowtea.eu\/lt\/files\/2024\/06\/WOWTEA-WEB-Summer-Bundles-Beach-Beauty-Set-Wellness-300x300.png 300w, https:\/\/testing.wowtea.eu\/lt\/files\/2024\/06\/WOWTEA-WEB-Summer-Bundles-Beach-Beauty-Set-Wellness-150x150.png 150w, https:\/\/testing.wowtea.eu\/lt\/files\/2024\/06\/WOWTEA-WEB-Summer-Bundles-Beach-Beauty-Set-Wellness-100x100.png 100w, https:\/\/testing.wowtea.eu\/lt\/files\/2024\/06\/WOWTEA-WEB-Summer-Bundles-Beach-Beauty-Set-Wellness-60x60.png 60w, https:\/\/testing.wowtea.eu\/lt\/files\/2024\/06\/WOWTEA-WEB-Summer-Bundles-Beach-Beauty-Set-Wellness-90x90.png 90w, https:\/\/testing.wowtea.eu\/lt\/files\/2024\/06\/WOWTEA-WEB-Summer-Bundles-Beach-Beauty-Set-Wellness-45x45.png 45w\" sizes=\"(max-width: 600px) 100vw, 600px\" \/>","free_delivery":"Nemokamas pristatymas"},"118106":{"id":118106,"name":"Summer Tropicana Slimfit arbata + Summer Tropicana Collagen","slug":"grande-tropicana-box-copy-3","date_created":{"date":"2024-06-11 15:51:04.000000","timezone_type":3,"timezone":"Europe\/Sofia"},"date_modified":{"date":"2024-09-23 12:29:19.000000","timezone_type":3,"timezone":"Europe\/Sofia"},"status":"publish","featured":false,"catalog_visibility":"visible","description":"","short_description":"","sku":"WOW-P-SSTCLTR","price":"45.60","regular_price":"60.8","sale_price":"45.60","date_on_sale_from":null,"date_on_sale_to":null,"total_sales":"0","tax_status":"taxable","tax_class":"parent","manage_stock":false,"stock_quantity":null,"stock_status":"instock","backorders":"no","low_stock_amount":"","sold_individually":false,"weight":"","length":"","width":"","height":"","upsell_ids":[],"cross_sell_ids":[],"parent_id":118104,"reviews_allowed":false,"purchase_note":"","attributes":{"pa_summer-products":"summer-tropicana-slimfit-arbata-summer-tropicana-collagen"},"default_attributes":[],"menu_order":2,"post_password":"","virtual":false,"downloadable":false,"category_ids":[],"tag_ids":[],"shipping_class_id":0,"downloads":[],"image_id":118076,"gallery_image_ids":[],"download_limit":-1,"download_expiry":-1,"rating_counts":[],"average_rating":0,"review_count":0,"attribute_summary":"Summer products: Summer Tropicana Slimfit arbata + Summer Tropicana Collagen","meta_data":[{"id":1131385,"key":"_variable_text_field_1","value":""},{"id":1131386,"key":"_variable_text_field_2","value":""},{"id":1131387,"key":"_variable_text_field_3","value":""},{"id":1131388,"key":"fstr-p-sub","value":""},{"id":1131389,"key":"_sold_variation_individually","value":"no"},{"id":1131390,"key":"_v_label_field","value":"Save 15%"},{"id":1161292,"key":"oms_price_updated_at","value":"2024-09-23T09:07:28.986526Z"},{"id":1161293,"key":"_old_regular_price","value":"60.8"},{"id":1161294,"key":"_old_sale_price","value":"45.6"}],"price_html":"<del aria-hidden=\"true\"><span class=\"woocommerce-Price-amount amount\"><bdi>60.80<span class=\"woocommerce-Price-currencySymbol\">&euro;<\/span><\/bdi><\/span><\/del> <ins><span class=\"woocommerce-Price-amount amount\"><bdi>45.60<span class=\"woocommerce-Price-currencySymbol\">&euro;<\/span><\/bdi><\/span><\/ins>","image":"<img width=\"600\" height=\"600\" src=\"https:\/\/testing.wowtea.eu\/lt\/files\/2024\/06\/WOWTEA-WEB-Summer-Bundles-Beach-Beauty-Set-Slimfit-600x600.png\" class=\"attachment-woocommerce_thumbnail size-woocommerce_thumbnail\" alt=\"\" loading=\"lazy\" srcset=\"https:\/\/testing.wowtea.eu\/lt\/files\/2024\/06\/WOWTEA-WEB-Summer-Bundles-Beach-Beauty-Set-Slimfit.png 600w, https:\/\/testing.wowtea.eu\/lt\/files\/2024\/06\/WOWTEA-WEB-Summer-Bundles-Beach-Beauty-Set-Slimfit-300x300.png 300w, https:\/\/testing.wowtea.eu\/lt\/files\/2024\/06\/WOWTEA-WEB-Summer-Bundles-Beach-Beauty-Set-Slimfit-150x150.png 150w, https:\/\/testing.wowtea.eu\/lt\/files\/2024\/06\/WOWTEA-WEB-Summer-Bundles-Beach-Beauty-Set-Slimfit-100x100.png 100w, https:\/\/testing.wowtea.eu\/lt\/files\/2024\/06\/WOWTEA-WEB-Summer-Bundles-Beach-Beauty-Set-Slimfit-60x60.png 60w, https:\/\/testing.wowtea.eu\/lt\/files\/2024\/06\/WOWTEA-WEB-Summer-Bundles-Beach-Beauty-Set-Slimfit-90x90.png 90w, https:\/\/testing.wowtea.eu\/lt\/files\/2024\/06\/WOWTEA-WEB-Summer-Bundles-Beach-Beauty-Set-Slimfit-45x45.png 45w\" sizes=\"(max-width: 600px) 100vw, 600px\" \/>","free_delivery":"Nemokamas pristatymas"},"118107":{"id":118107,"name":"Summer Tropicana Detox arbata + Summer Tropicana Collagen","slug":"beach-beauty-set","date_created":{"date":"2024-06-11 15:51:07.000000","timezone_type":3,"timezone":"Europe\/Sofia"},"date_modified":{"date":"2024-09-23 12:29:11.000000","timezone_type":3,"timezone":"Europe\/Sofia"},"status":"publish","featured":false,"catalog_visibility":"visible","description":"","short_description":"","sku":"WOW-P-SETCLTR","price":"45.60","regular_price":"60.8","sale_price":"45.60","date_on_sale_from":null,"date_on_sale_to":null,"total_sales":"0","tax_status":"taxable","tax_class":"parent","manage_stock":false,"stock_quantity":null,"stock_status":"instock","backorders":"no","low_stock_amount":"","sold_individually":false,"weight":"","length":"","width":"","height":"","upsell_ids":[],"cross_sell_ids":[],"parent_id":118104,"reviews_allowed":false,"purchase_note":"","attributes":{"pa_summer-products":"summer-tropicana-detox-arbata-summer-tropicana-collagen"},"default_attributes":[],"menu_order":3,"post_password":"","virtual":false,"downloadable":false,"category_ids":[],"tag_ids":[],"shipping_class_id":0,"downloads":[],"image_id":118075,"gallery_image_ids":[],"download_limit":-1,"download_expiry":-1,"rating_counts":[],"average_rating":0,"review_count":0,"attribute_summary":"Summer products: Summer Tropicana Detox arbata + Summer Tropicana Collagen","meta_data":[{"id":1131393,"key":"_variable_text_field_1","value":""},{"id":1131394,"key":"_variable_text_field_2","value":""},{"id":1131395,"key":"_variable_text_field_3","value":""},{"id":1131396,"key":"fstr-p-sub","value":""},{"id":1131397,"key":"_sold_variation_individually","value":"no"},{"id":1131398,"key":"_v_label_field","value":"Save 15%"},{"id":1161286,"key":"oms_price_updated_at","value":"2024-09-23T09:07:20.711955Z"},{"id":1161287,"key":"_old_regular_price","value":"60.8"},{"id":1161288,"key":"_old_sale_price","value":"45.6"}],"price_html":"<del aria-hidden=\"true\"><span class=\"woocommerce-Price-amount amount\"><bdi>60.80<span class=\"woocommerce-Price-currencySymbol\">&euro;<\/span><\/bdi><\/span><\/del> <ins><span class=\"woocommerce-Price-amount amount\"><bdi>45.60<span class=\"woocommerce-Price-currencySymbol\">&euro;<\/span><\/bdi><\/span><\/ins>","image":"<img width=\"600\" height=\"600\" src=\"https:\/\/testing.wowtea.eu\/lt\/files\/2024\/06\/WOWTEA-WEB-Summer-Bundles-Beach-Beauty-Set-Detox-600x600.png\" class=\"attachment-woocommerce_thumbnail size-woocommerce_thumbnail\" alt=\"\" loading=\"lazy\" srcset=\"https:\/\/testing.wowtea.eu\/lt\/files\/2024\/06\/WOWTEA-WEB-Summer-Bundles-Beach-Beauty-Set-Detox.png 600w, https:\/\/testing.wowtea.eu\/lt\/files\/2024\/06\/WOWTEA-WEB-Summer-Bundles-Beach-Beauty-Set-Detox-300x300.png 300w, https:\/\/testing.wowtea.eu\/lt\/files\/2024\/06\/WOWTEA-WEB-Summer-Bundles-Beach-Beauty-Set-Detox-150x150.png 150w, https:\/\/testing.wowtea.eu\/lt\/files\/2024\/06\/WOWTEA-WEB-Summer-Bundles-Beach-Beauty-Set-Detox-100x100.png 100w, https:\/\/testing.wowtea.eu\/lt\/files\/2024\/06\/WOWTEA-WEB-Summer-Bundles-Beach-Beauty-Set-Detox-60x60.png 60w, https:\/\/testing.wowtea.eu\/lt\/files\/2024\/06\/WOWTEA-WEB-Summer-Bundles-Beach-Beauty-Set-Detox-90x90.png 90w, https:\/\/testing.wowtea.eu\/lt\/files\/2024\/06\/WOWTEA-WEB-Summer-Bundles-Beach-Beauty-Set-Detox-45x45.png 45w\" sizes=\"(max-width: 600px) 100vw, 600px\" \/>","free_delivery":"Nemokamas pristatymas"}},"free_delivery":false,"currency_name":"&euro;","_links":{"self":[{"href":"https:\/\/testing.wowtea.eu\/lt\/wp-json\/wp\/v2\/product\/118104"}],"collection":[{"href":"https:\/\/testing.wowtea.eu\/lt\/wp-json\/wp\/v2\/product"}],"about":[{"href":"https:\/\/testing.wowtea.eu\/lt\/wp-json\/wp\/v2\/types\/product"}],"replies":[{"embeddable":true,"href":"https:\/\/testing.wowtea.eu\/lt\/wp-json\/wp\/v2\/comments?post=118104"}],"version-history":[{"count":0,"href":"https:\/\/testing.wowtea.eu\/lt\/wp-json\/wp\/v2\/product\/118104\/revisions"}],"wp:featuredmedia":[{"embeddable":true,"href":"https:\/\/testing.wowtea.eu\/lt\/wp-json\/wp\/v2\/media\/118075"}],"wp:attachment":[{"href":"https:\/\/testing.wowtea.eu\/lt\/wp-json\/wp\/v2\/media?parent=118104"}],"wp:term":[{"taxonomy":"product_cat","embeddable":true,"href":"https:\/\/testing.wowtea.eu\/lt\/wp-json\/wp\/v2\/product_cat?post=118104"},{"taxonomy":"product_tag","embeddable":true,"href":"https:\/\/testing.wowtea.eu\/lt\/wp-json\/wp\/v2\/product_tag?post=118104"}],"curies":[{"name":"wp","href":"https:\/\/api.w.org\/{rel}","templated":true}]}}