{"id":95074,"date":"2021-05-05T17:08:18","date_gmt":"2021-05-05T14:08:18","guid":{"rendered":"https:\/\/testing.wowtea.eu\/lt\/?post_type=product&#038;p=95074"},"modified":"2024-09-02T11:20:20","modified_gmt":"2024-09-02T08:20:20","slug":"booty-goals-band-combo","status":"publish","type":"product","link":"https:\/\/testing.wowtea.eu\/lt\/product\/booty-goals-band-combo\/","title":{"rendered":"Booty Goals Band Combo"},"content":{"rendered":"\t\t<div data-elementor-type=\"product-post\" data-elementor-id=\"95074\" class=\"elementor elementor-95074\">\n\t\t\t\t\t\t<div class=\"elementor-inner\">\n\t\t\t\t<div class=\"elementor-section-wrap\">\n\t\t\t\t\t\t\t\t\t<section class=\"elementor-section elementor-top-section elementor-element elementor-element-29c444e elementor-section-full_width elementor-section-stretched elementor-reverse-mobile elementor-section-height-default elementor-section-height-default\" data-id=\"29c444e\" data-element_type=\"section\" data-settings=\"{&quot;stretch_section&quot;:&quot;section-stretched&quot;}\">\n\t\t\t\t\t\t<div class=\"elementor-container elementor-column-gap-no\">\n\t\t\t\t\t\t\t<div class=\"elementor-row\">\n\t\t\t\t\t<div class=\"elementor-column elementor-col-50 elementor-top-column elementor-element elementor-element-38158cd\" data-id=\"38158cd\" data-element_type=\"column\">\n\t\t\t<div class=\"elementor-column-wrap elementor-element-populated\">\n\t\t\t\t\t\t\t<div class=\"elementor-widget-wrap\">\n\t\t\t\t\t\t<div class=\"elementor-element elementor-element-585fd29 elementor-widget elementor-widget-image\" data-id=\"585fd29\" data-element_type=\"widget\" data-widget_type=\"image.default\">\n\t\t\t\t<div class=\"elementor-widget-container\">\n\t\t\t\t\t\t\t\t<div class=\"elementor-image\">\n\t\t\t\t\t\t\t\t\t\t\t\t<img src=\"https:\/\/testing.wowtea.eu\/at\/files\/2021\/04\/Bands_Presnt_2_3_b-1-1.jpg\" title=\"\" alt=\"\" loading=\"lazy\" \/>\t\t\t\t\t\t\t\t\t\t\t\t\t\t<\/div>\n\t\t\t\t\t\t<\/div>\n\t\t\t\t<\/div>\n\t\t\t\t\t\t<\/div>\n\t\t\t\t\t<\/div>\n\t\t<\/div>\n\t\t\t\t<div class=\"elementor-column elementor-col-50 elementor-top-column elementor-element elementor-element-81a5bdc\" data-id=\"81a5bdc\" data-element_type=\"column\" data-settings=\"{&quot;background_background&quot;:&quot;classic&quot;}\">\n\t\t\t<div class=\"elementor-column-wrap elementor-element-populated\">\n\t\t\t\t\t\t\t<div class=\"elementor-widget-wrap\">\n\t\t\t\t\t\t<div class=\"elementor-element elementor-element-8dd896a elementor-widget elementor-widget-heading\" data-id=\"8dd896a\" data-element_type=\"widget\" data-widget_type=\"heading.default\">\n\t\t\t\t<div class=\"elementor-widget-container\">\n\t\t\t<h2 class=\"elementor-heading-title elementor-size-default\">15 minu\u010di\u0173 per dien\u0105 pasieks WOW rezultatus.<\/h2>\t\t<\/div>\n\t\t\t\t<\/div>\n\t\t\t\t<div class=\"elementor-element elementor-element-5cf0e4a elementor-widget elementor-widget-text-editor\" data-id=\"5cf0e4a\" data-element_type=\"widget\" data-widget_type=\"text-editor.default\">\n\t\t\t\t<div class=\"elementor-widget-container\">\n\t\t\t\t\t\t\t\t<div class=\"elementor-text-editor elementor-clearfix\">\n\t\t\t\t<p>Tik kelias minutes per dien\u0105 mank\u0161tinimosi su \u201eBooty Goals Band\u201c gali tur\u0117ti ne\u012ftik\u0117tin\u0105 poveik\u012f J\u016bs\u0173 liemeniui ir \u0161launims! Nor\u0117damos pad\u0117ti Jums dar grei\u010diau pagra\u017einti savo brazili\u0161k\u0105 u\u017epakaliuk\u0105, mes atsi\u0173sime jums nemokam\u0105 21 dienos treniruot\u0117s plan\u0105 su svarbiausiais pratimais, kuriuos galite atlikti namuose &#8211; ar bet kur norite!<\/p><p>Auk\u0161tos kokyb\u0117s med\u017eiagos suteikia puik\u0173 komfort\u0105 mank\u0161tos metu. \u201eBooty Goals Band\u201c galite naudoti net su \u0161ortais &#8211; ji neslysta, nespaud\u017eia J\u016bs\u0173 odos ir nesul\u016b\u017eta!<\/p>\t\t\t\t\t<\/div>\n\t\t\t\t\t\t<\/div>\n\t\t\t\t<\/div>\n\t\t\t\t\t\t<\/div>\n\t\t\t\t\t<\/div>\n\t\t<\/div>\n\t\t\t\t\t\t\t\t<\/div>\n\t\t\t\t\t<\/div>\n\t\t<\/section>\n\t\t\t\t<section class=\"elementor-section elementor-top-section elementor-element elementor-element-cac078f elementor-section-full_width elementor-section-stretched elementor-section-height-default elementor-section-height-default\" data-id=\"cac078f\" data-element_type=\"section\" data-settings=\"{&quot;stretch_section&quot;:&quot;section-stretched&quot;}\">\n\t\t\t\t\t\t<div class=\"elementor-container elementor-column-gap-no\">\n\t\t\t\t\t\t\t<div class=\"elementor-row\">\n\t\t\t\t\t<div class=\"elementor-column elementor-col-50 elementor-top-column elementor-element elementor-element-8cc5635\" data-id=\"8cc5635\" data-element_type=\"column\" data-settings=\"{&quot;background_background&quot;:&quot;classic&quot;}\">\n\t\t\t<div class=\"elementor-column-wrap elementor-element-populated\">\n\t\t\t\t\t\t\t<div class=\"elementor-widget-wrap\">\n\t\t\t\t\t\t<div class=\"elementor-element elementor-element-7fa2f87 elementor-widget elementor-widget-heading\" data-id=\"7fa2f87\" data-element_type=\"widget\" data-widget_type=\"heading.default\">\n\t\t\t\t<div class=\"elementor-widget-container\">\n\t\t\t<h2 class=\"elementor-heading-title elementor-size-default\">Booty Goals Band\u201c yra b\u016btent tai, ko jums (ir J\u016bs\u0173 u\u017eakaliukui) reikia!\n<\/h2>\t\t<\/div>\n\t\t\t\t<\/div>\n\t\t\t\t<div class=\"elementor-element elementor-element-676b2f2 elementor-widget elementor-widget-prod_info\" data-id=\"676b2f2\" data-element_type=\"widget\" data-widget_type=\"prod_info.default\">\n\t\t\t\t<div class=\"elementor-widget-container\">\n\t\t\t\n               <ul class=\"info_list\">\n                           <li>\n                  <strong>Maximalus komfortas:<\/strong>\n                  <small>Auk\u0161\u010diausios klas\u0117s med\u017eiagos, leid\u017eian\u010dios skland\u017eiai ir patogiai mank\u0161tintis<\/small>\n               <\/li>\n                           <li>\n                  <strong>Super kokyb\u0117:<\/strong>\n                  <small>Skirtingai nuo gumini\u0173 juost\u0173, \u201eBooty Goals Band\u201c yra labai patvari ir nenutr\u016bksta naudojimo metu<\/small>\n               <\/li>\n                           <li>\n                  <strong>Lengva naudoti:<\/strong>\n                  <small>Naudokite namuose arba tiesiog pasiimkite su savimi ir sportuokite bet kada ir bet kur<\/small>\n               <\/li>\n                           <li>\n                  <strong>Matomi rezultatai:<\/strong>\n                  <small>Galite steb\u0117ti stulbinant\u012f poveik\u012f u\u017epakaliukui, \u0161launims ir juosmeniui tik per kelias minutes kasdien<\/small>\n               <\/li>\n                     <\/ul>\n      \n\n   \t\t<\/div>\n\t\t\t\t<\/div>\n\t\t\t\t\t\t<\/div>\n\t\t\t\t\t<\/div>\n\t\t<\/div>\n\t\t\t\t<div class=\"elementor-column elementor-col-50 elementor-top-column elementor-element elementor-element-1b07fa0\" data-id=\"1b07fa0\" data-element_type=\"column\">\n\t\t\t<div class=\"elementor-column-wrap elementor-element-populated\">\n\t\t\t\t\t\t\t<div class=\"elementor-widget-wrap\">\n\t\t\t\t\t\t<div class=\"elementor-element elementor-element-f255bf1 elementor-widget elementor-widget-image\" data-id=\"f255bf1\" data-element_type=\"widget\" data-widget_type=\"image.default\">\n\t\t\t\t<div class=\"elementor-widget-container\">\n\t\t\t\t\t\t\t\t<div class=\"elementor-image\">\n\t\t\t\t\t\t\t\t\t\t\t\t<img src=\"https:\/\/testing.wowtea.eu\/at\/files\/2021\/04\/BANDS_Features_web-combo.jpg\" title=\"\" alt=\"\" loading=\"lazy\" \/>\t\t\t\t\t\t\t\t\t\t\t\t\t\t<\/div>\n\t\t\t\t\t\t<\/div>\n\t\t\t\t<\/div>\n\t\t\t\t\t\t<\/div>\n\t\t\t\t\t<\/div>\n\t\t<\/div>\n\t\t\t\t\t\t\t\t<\/div>\n\t\t\t\t\t<\/div>\n\t\t<\/section>\n\t\t\t\t<section class=\"elementor-section elementor-top-section elementor-element elementor-element-1b1bfad elementor-section-full_width elementor-section-stretched elementor-reverse-mobile elementor-section-height-default elementor-section-height-default\" data-id=\"1b1bfad\" data-element_type=\"section\" data-settings=\"{&quot;stretch_section&quot;:&quot;section-stretched&quot;}\">\n\t\t\t\t\t\t<div class=\"elementor-container elementor-column-gap-no\">\n\t\t\t\t\t\t\t<div class=\"elementor-row\">\n\t\t\t\t\t<div class=\"elementor-column elementor-col-50 elementor-top-column elementor-element elementor-element-0f27652\" data-id=\"0f27652\" data-element_type=\"column\">\n\t\t\t<div class=\"elementor-column-wrap elementor-element-populated\">\n\t\t\t\t\t\t\t<div class=\"elementor-widget-wrap\">\n\t\t\t\t\t\t<div class=\"elementor-element elementor-element-01bfae2 elementor-hidden-desktop elementor-widget elementor-widget-image\" data-id=\"01bfae2\" data-element_type=\"widget\" data-widget_type=\"image.default\">\n\t\t\t\t<div class=\"elementor-widget-container\">\n\t\t\t\t\t\t\t\t<div class=\"elementor-image\">\n\t\t\t\t\t\t\t\t\t\t\t\t<img width=\"460\" height=\"600\" src=\"https:\/\/testing.wowtea.eu\/lt\/files\/2021\/05\/BANDS_21-plan-banner-mobile-LT.jpg\" class=\"attachment-large size-large wp-image-95162\" alt=\"\" loading=\"lazy\" srcset=\"https:\/\/testing.wowtea.eu\/lt\/files\/2021\/05\/BANDS_21-plan-banner-mobile-LT.jpg 460w, https:\/\/testing.wowtea.eu\/lt\/files\/2021\/05\/BANDS_21-plan-banner-mobile-LT-230x300.jpg 230w\" sizes=\"(max-width: 460px) 100vw, 460px\" \/>\t\t\t\t\t\t\t\t\t\t\t\t\t\t<\/div>\n\t\t\t\t\t\t<\/div>\n\t\t\t\t<\/div>\n\t\t\t\t<div class=\"elementor-element elementor-element-92ce133 elementor-hidden-tablet elementor-hidden-phone elementor-widget elementor-widget-image\" data-id=\"92ce133\" data-element_type=\"widget\" data-widget_type=\"image.default\">\n\t\t\t\t<div class=\"elementor-widget-container\">\n\t\t\t\t\t\t\t\t<div class=\"elementor-image\">\n\t\t\t\t\t\t\t\t\t\t\t\t<img width=\"980\" height=\"768\" src=\"https:\/\/testing.wowtea.eu\/lt\/files\/2021\/05\/BANDS_21-plan-banner-desktop-LT.jpg\" class=\"attachment-large size-large wp-image-95163\" alt=\"\" loading=\"lazy\" srcset=\"https:\/\/testing.wowtea.eu\/lt\/files\/2021\/05\/BANDS_21-plan-banner-desktop-LT.jpg 980w, https:\/\/testing.wowtea.eu\/lt\/files\/2021\/05\/BANDS_21-plan-banner-desktop-LT-300x235.jpg 300w, https:\/\/testing.wowtea.eu\/lt\/files\/2021\/05\/BANDS_21-plan-banner-desktop-LT-768x602.jpg 768w, https:\/\/testing.wowtea.eu\/lt\/files\/2021\/05\/BANDS_21-plan-banner-desktop-LT-600x470.jpg 600w\" sizes=\"(max-width: 980px) 100vw, 980px\" \/>\t\t\t\t\t\t\t\t\t\t\t\t\t\t<\/div>\n\t\t\t\t\t\t<\/div>\n\t\t\t\t<\/div>\n\t\t\t\t\t\t<\/div>\n\t\t\t\t\t<\/div>\n\t\t<\/div>\n\t\t\t\t<div class=\"elementor-column elementor-col-50 elementor-top-column elementor-element elementor-element-440571a\" data-id=\"440571a\" data-element_type=\"column\" data-settings=\"{&quot;background_background&quot;:&quot;classic&quot;}\">\n\t\t\t<div class=\"elementor-column-wrap elementor-element-populated\">\n\t\t\t\t\t\t\t<div class=\"elementor-widget-wrap\">\n\t\t\t\t\t\t<div class=\"elementor-element elementor-element-4c9d853 elementor-widget elementor-widget-heading\" data-id=\"4c9d853\" data-element_type=\"widget\" data-widget_type=\"heading.default\">\n\t\t\t\t<div class=\"elementor-widget-container\">\n\t\t\t<h2 class=\"elementor-heading-title elementor-size-default\">Nemokamas 21 dienos treniruo\u010di\u0173 planas, skirtas sultingam u\u017epakaliukui - mank\u0161tos programa, atliekama namuose<\/h2>\t\t<\/div>\n\t\t\t\t<\/div>\n\t\t\t\t<div class=\"elementor-element elementor-element-618e38d elementor-widget elementor-widget-text-editor\" data-id=\"618e38d\" data-element_type=\"widget\" data-widget_type=\"text-editor.default\">\n\t\t\t\t<div class=\"elementor-widget-container\">\n\t\t\t\t\t\t\t\t<div class=\"elementor-text-editor elementor-clearfix\">\n\t\t\t\t<h4>E-BOOK<\/h4><p>21 dienos sultingo u\u017epakaliuko treniruo\u010di\u0173 planas yra skaitmenin\u0117 mank\u0161tos programa, atliekama namuose (ar bet kur, kur norite!) Naudokite \u201eBooty Goals\u201d juostas. \u0160i mank\u0161tos programa yra specialiai sukurta tam, kad pad\u0117t\u0173 jums lipdyti gundant\u012f \u017eval\u0173 u\u017epakaliuk\u0105, tonizuoti \u0161launis ir suformuoti gra\u017ei\u0105 juosmens linij\u0105 &#8211; ir viskas u\u017etruks tik 15 minu\u010di\u0173 per dien\u0105, kad pasiektum\u0117te matomus, stulbinan\u010dius rezultatus.<\/p>\t\t\t\t\t<\/div>\n\t\t\t\t\t\t<\/div>\n\t\t\t\t<\/div>\n\t\t\t\t\t\t<\/div>\n\t\t\t\t\t<\/div>\n\t\t<\/div>\n\t\t\t\t\t\t\t\t<\/div>\n\t\t\t\t\t<\/div>\n\t\t<\/section>\n\t\t\t\t<section class=\"elementor-section elementor-top-section elementor-element elementor-element-079f55f elementor-section-boxed elementor-section-height-default elementor-section-height-default\" data-id=\"079f55f\" data-element_type=\"section\">\n\t\t\t\t\t\t<div class=\"elementor-container elementor-column-gap-default\">\n\t\t\t\t\t\t\t<div class=\"elementor-row\">\n\t\t\t\t\t<div class=\"elementor-column elementor-col-100 elementor-top-column elementor-element elementor-element-32e8d35\" data-id=\"32e8d35\" data-element_type=\"column\">\n\t\t\t<div class=\"elementor-column-wrap elementor-element-populated\">\n\t\t\t\t\t\t\t<div class=\"elementor-widget-wrap\">\n\t\t\t\t\t\t<div class=\"elementor-element elementor-element-69219ab elementor-widget elementor-widget-heading\" data-id=\"69219ab\" data-element_type=\"widget\" data-widget_type=\"heading.default\">\n\t\t\t\t<div class=\"elementor-widget-container\">\n\t\t\t<h2 class=\"elementor-heading-title elementor-size-default\">U\u017esisak\u0119 \u201eBooty Goals Band Band\u201c rinkin\u012f, NEMOKAMAI gausite<\/h2>\t\t<\/div>\n\t\t\t\t<\/div>\n\t\t\t\t<div class=\"elementor-element elementor-element-3cebeac elementor-widget elementor-widget-image\" data-id=\"3cebeac\" data-element_type=\"widget\" data-widget_type=\"image.default\">\n\t\t\t\t<div class=\"elementor-widget-container\">\n\t\t\t\t\t\t\t\t<div class=\"elementor-image\">\n\t\t\t\t\t\t\t\t\t\t\t\t<img src=\"https:\/\/testing.wowtea.eu\/at\/files\/2021\/04\/products_combo-2-1.jpg\" title=\"\" alt=\"\" loading=\"lazy\" \/>\t\t\t\t\t\t\t\t\t\t\t\t\t\t<\/div>\n\t\t\t\t\t\t<\/div>\n\t\t\t\t<\/div>\n\t\t\t\t<div class=\"elementor-element elementor-element-10a1888 elementor-widget elementor-widget-text-editor\" data-id=\"10a1888\" data-element_type=\"widget\" data-widget_type=\"text-editor.default\">\n\t\t\t\t<div class=\"elementor-widget-container\">\n\t\t\t\t\t\t\t\t<div class=\"elementor-text-editor elementor-clearfix\">\n\t\t\t\t<p><img loading=\"lazy\" class=\"alignnone size-full wp-image-7074\" src=\"https:\/\/bodygoalsclub.com\/wp-content\/uploads\/tik-che_20x20.png\" alt=\"\" width=\"20\" height=\"21\" \/> Eleganti\u0161kas J\u016bs\u0173 \u201eBooty Goals\u201c juost\u0173 d\u0117klas &#8211; naudokite patogiai savo namuose arba ne\u0161kit\u0117s savo juostas bet kur su savimi ir nepraleiskite treniruot\u0117s!<\/p><p><img loading=\"lazy\" class=\"alignnone size-full wp-image-7074\" src=\"https:\/\/bodygoalsclub.com\/wp-content\/uploads\/tik-che_20x20.png\" alt=\"\" width=\"20\" height=\"21\" \/> Nemokamas 21 dienos treniruo\u010di\u0173 planas, skirtas sultingam u\u017epakaliukui &#8211; mank\u0161tos programa, atliekama namuose<\/p>\t\t\t\t\t<\/div>\n\t\t\t\t\t\t<\/div>\n\t\t\t\t<\/div>\n\t\t\t\t\t\t<\/div>\n\t\t\t\t\t<\/div>\n\t\t<\/div>\n\t\t\t\t\t\t\t\t<\/div>\n\t\t\t\t\t<\/div>\n\t\t<\/section>\n\t\t\t\t\t\t\t\t\t<\/div>\n\t\t\t<\/div>\n\t\t\t\t\t<\/div>\n\t\t","protected":false},"excerpt":{"rendered":"<h4 class=\"vc_custom_heading text-u vc_custom_1575298970833 text-u urus_vc_custom_5f7aec27ce380 vc_custom_1575298970833\" style=\"text-align: center\">Booty Goals Band Combo<\/h4>\n<div class=\"vc_row wpb_row vc_inner vc_row-fluid\" style=\"text-align: center\">\n<div class=\"wpb_column vc_column_container vc_col-sm-12\">\n<div class=\"vc_column-inner\">\n<div class=\"wpb_wrapper\">\n<div class=\"wpb_text_column wpb_content_element urus_vc_custom_5f7aec27ce3f9 \">\n<div class=\"wpb_wrapper\">\n<p><span class=\"face\">\u2661\u00a0<\/span><strong style=\"color: #b485b2\">Booty Goals Band Lvl 1<\/strong><br \/>\n<span class=\"face\">\u2661\u00a0<\/span><strong style=\"color: #b485b2\">Booty Goals Band Lvl 2<\/strong><\/p>\n<h4>Efektyviausia nam\u0173 treniruot\u0117, skirta u\u017epakaliukui.<\/h4>\n<p><span class=\"face\">\u2661\u00a0<\/span><strong style=\"color: #4c4c4c\">Suformuokite brazili\u0161kus s\u0117dmenis<\/strong><br \/>\n<span class=\"face\">\u2661\u00a0<\/span><strong style=\"color: #4c4c4c\">Suformuokite dailias \u0161launis<\/strong><br \/>\n<span class=\"face\">\u2661\u00a0<\/span><strong style=\"color: #4c4c4c\">\u012egykite \u017eavias kojas ir stiling\u0105 fig\u016br\u0105<\/strong><\/p>\n<\/div>\n<\/div>\n<\/div>\n<\/div>\n<\/div>\n<\/div>\n<h1 class=\"vc_custom_heading urus_vc_custom_5f7aec27ce471\" style=\"text-align: center;color: #c6558c;font-size: 22px\">+ E-BOOK Nemokamas 21 dienos treniruo\u010di\u0173 planas, skirtas sultingam u\u017epakaliukui &#8211; mank\u0161tos programa, atliekama namuose<\/h1>\n<div class=\"vc_row wpb_row vc_inner vc_row-fluid\">\n<div class=\"wpb_column vc_column_container vc_col-sm-12\">\n<div class=\"vc_column-inner\">\n<div class=\"wpb_wrapper\">\n<div class=\"wpb_text_column wpb_content_element urus_vc_custom_5f7aec27ce4ad \">\n<div class=\"wpb_wrapper\">\n<p style=\"text-align: center\"><span class=\"face\">*<\/span>\u0160is treniruo\u010di\u0173 planas bus i\u0161si\u0173stas kaip pdf failas \u012f j\u016bs\u0173 el. pa\u0161t\u0105, kai u\u017esisakysite \u201eBooty Goals Band\u201c rinkin\u012f!<\/p>\n<\/div>\n<\/div>\n<\/div>\n<\/div>\n<\/div>\n<\/div>\n","protected":false},"featured_media":95075,"comment_status":"open","ping_status":"closed","template":"","meta":{"inline_featured_image":false},"product_cat":[103,188],"product_tag":[],"acf":[],"variations_data":{"97823":{"id":97823,"name":"Booty Goals Band Combo","slug":"booty-goals-band-combo-3","date_created":{"date":"2021-08-10 11:27:50.000000","timezone_type":3,"timezone":"Europe\/Sofia"},"date_modified":{"date":"2024-04-03 10:28:00.000000","timezone_type":3,"timezone":"Europe\/Sofia"},"status":"publish","featured":false,"catalog_visibility":"visible","description":"","short_description":"","sku":"WOW-S-BL1BL2","price":"24.6","regular_price":"24.6","sale_price":"","date_on_sale_from":null,"date_on_sale_to":null,"total_sales":"0","tax_status":"taxable","tax_class":"parent","manage_stock":false,"stock_quantity":null,"stock_status":"instock","backorders":"no","low_stock_amount":"","sold_individually":false,"weight":"","length":"","width":"","height":"","upsell_ids":[],"cross_sell_ids":[],"parent_id":95074,"reviews_allowed":false,"purchase_note":"","attributes":{"pa_bands-upsells":"booty-goals-band-combo"},"default_attributes":[],"menu_order":1,"post_password":"","virtual":false,"downloadable":false,"category_ids":[],"tag_ids":[],"shipping_class_id":0,"downloads":[],"image_id":95075,"gallery_image_ids":[],"download_limit":-1,"download_expiry":-1,"rating_counts":[],"average_rating":0,"review_count":0,"attribute_summary":"bands-upsells: Booty Goals Band Combo","meta_data":[{"id":575085,"key":"_gtin","value":""},{"id":575086,"key":"_variable_text_field_1","value":""},{"id":575087,"key":"_variable_text_field_2","value":""},{"id":575088,"key":"_variable_text_field_3","value":""},{"id":575089,"key":"fstr-p-sub","value":""},{"id":724640,"key":"_v_label_field","value":"regular_price"},{"id":961059,"key":"_sold_variation_individually","value":"no"}],"price_html":"<span class=\"woocommerce-Price-amount amount\"><bdi>24.60<span class=\"woocommerce-Price-currencySymbol\">&euro;<\/span><\/bdi><\/span>","image":"<img width=\"600\" height=\"600\" src=\"https:\/\/testing.wowtea.eu\/lt\/files\/2021\/05\/Product-images-combo-600x600-1.png\" class=\"attachment-woocommerce_thumbnail size-woocommerce_thumbnail\" alt=\"\" loading=\"lazy\" srcset=\"https:\/\/testing.wowtea.eu\/lt\/files\/2021\/05\/Product-images-combo-600x600-1.png 600w, https:\/\/testing.wowtea.eu\/lt\/files\/2021\/05\/Product-images-combo-600x600-1-300x300.png 300w, https:\/\/testing.wowtea.eu\/lt\/files\/2021\/05\/Product-images-combo-600x600-1-150x150.png 150w, https:\/\/testing.wowtea.eu\/lt\/files\/2021\/05\/Product-images-combo-600x600-1-45x45.png 45w, https:\/\/testing.wowtea.eu\/lt\/files\/2021\/05\/Product-images-combo-600x600-1-100x100.png 100w\" sizes=\"(max-width: 600px) 100vw, 600px\" \/>","free_delivery":false},"97822":{"id":97822,"name":"2 Good Team + Booty band Combo","slug":"2-good-team-booty-band-combo-3","date_created":{"date":"2021-08-10 11:27:50.000000","timezone_type":3,"timezone":"Europe\/Sofia"},"date_modified":{"date":"2024-09-02 08:28:41.000000","timezone_type":3,"timezone":"Europe\/Sofia"},"status":"publish","featured":false,"catalog_visibility":"visible","description":"","short_description":"","sku":"WOW-P-SFSLFTBL1BL2","price":"56.60","regular_price":"75.40","sale_price":"56.60","date_on_sale_from":null,"date_on_sale_to":null,"total_sales":"0","tax_status":"taxable","tax_class":"parent","manage_stock":false,"stock_quantity":null,"stock_status":"instock","backorders":"no","low_stock_amount":"","sold_individually":false,"weight":"","length":"","width":"","height":"","upsell_ids":[],"cross_sell_ids":[],"parent_id":95074,"reviews_allowed":false,"purchase_note":"","attributes":{"pa_bands-upsells":"2-good-team-booty-band-combo"},"default_attributes":[],"menu_order":2,"post_password":"","virtual":false,"downloadable":false,"category_ids":[],"tag_ids":[],"shipping_class_id":0,"downloads":[],"image_id":100727,"gallery_image_ids":[],"download_limit":-1,"download_expiry":-1,"rating_counts":[],"average_rating":0,"review_count":0,"attribute_summary":"bands-upsells: 2 Good Team + Booty band Combo","meta_data":[{"id":575018,"key":"yst_prominent_words_version","value":"1"},{"id":575075,"key":"_gtin","value":""},{"id":575076,"key":"_variable_text_field_1","value":""},{"id":575077,"key":"_variable_text_field_2","value":""},{"id":575078,"key":"_variable_text_field_3","value":""},{"id":575079,"key":"fstr-p-sub","value":""},{"id":724635,"key":"_v_label_field","value":""},{"id":961060,"key":"_sold_variation_individually","value":"no"},{"id":1161437,"key":"oms_price_updated_at","value":"2024-09-02T05:28:53.852313Z"},{"id":1161438,"key":"_old_regular_price","value":"74.4"},{"id":1161439,"key":"_old_sale_price","value":"55.8"}],"price_html":"<del aria-hidden=\"true\"><span class=\"woocommerce-Price-amount amount\"><bdi>75.40<span class=\"woocommerce-Price-currencySymbol\">&euro;<\/span><\/bdi><\/span><\/del> <ins><span class=\"woocommerce-Price-amount amount\"><bdi>56.60<span class=\"woocommerce-Price-currencySymbol\">&euro;<\/span><\/bdi><\/span><\/ins>","image":"<img width=\"600\" height=\"600\" src=\"https:\/\/testing.wowtea.eu\/lt\/files\/2021\/05\/2-good-team-booty-goals-bands-600x600-1-600x600.png\" class=\"attachment-woocommerce_thumbnail size-woocommerce_thumbnail\" alt=\"\" loading=\"lazy\" srcset=\"https:\/\/testing.wowtea.eu\/lt\/files\/2021\/05\/2-good-team-booty-goals-bands-600x600-1.png 600w, https:\/\/testing.wowtea.eu\/lt\/files\/2021\/05\/2-good-team-booty-goals-bands-600x600-1-300x300.png 300w, https:\/\/testing.wowtea.eu\/lt\/files\/2021\/05\/2-good-team-booty-goals-bands-600x600-1-150x150.png 150w, https:\/\/testing.wowtea.eu\/lt\/files\/2021\/05\/2-good-team-booty-goals-bands-600x600-1-100x100.png 100w, https:\/\/testing.wowtea.eu\/lt\/files\/2021\/05\/2-good-team-booty-goals-bands-600x600-1-45x45.png 45w\" sizes=\"(max-width: 600px) 100vw, 600px\" \/>","free_delivery":"Nemokamas pristatymas"},"97824":{"id":97824,"name":"Super Slim Me Program + Booty Goals Band Combo","slug":"super-slim-me-program-booty-goals-band-combo-3","date_created":{"date":"2021-08-10 11:27:50.000000","timezone_type":3,"timezone":"Europe\/Sofia"},"date_modified":{"date":"2024-09-02 08:28:57.000000","timezone_type":3,"timezone":"Europe\/Sofia"},"status":"publish","featured":false,"catalog_visibility":"visible","description":"","short_description":"","sku":"WOW-P-SFSLFTBTBBL1BL2","price":"71.20","regular_price":"101.70","sale_price":"71.20","date_on_sale_from":null,"date_on_sale_to":null,"total_sales":"0","tax_status":"taxable","tax_class":"parent","manage_stock":false,"stock_quantity":null,"stock_status":"instock","backorders":"no","low_stock_amount":"","sold_individually":false,"weight":"","length":"","width":"","height":"","upsell_ids":[],"cross_sell_ids":[],"parent_id":95074,"reviews_allowed":false,"purchase_note":"","attributes":{"pa_bands-upsells":"super-slim-me-program-booty-goals-band-combo"},"default_attributes":[],"menu_order":3,"post_password":"","virtual":false,"downloadable":false,"category_ids":[],"tag_ids":[],"shipping_class_id":0,"downloads":[],"image_id":100729,"gallery_image_ids":[],"download_limit":-1,"download_expiry":-1,"rating_counts":[],"average_rating":0,"review_count":0,"attribute_summary":"bands-upsells: Super Slim Me Program + Booty Goals Band Combo","meta_data":[{"id":575095,"key":"_gtin","value":""},{"id":575096,"key":"_variable_text_field_1","value":""},{"id":575097,"key":"_variable_text_field_2","value":""},{"id":575098,"key":"_variable_text_field_3","value":""},{"id":575099,"key":"fstr-p-sub","value":""},{"id":724636,"key":"_v_label_field","value":""},{"id":961061,"key":"_sold_variation_individually","value":"no"},{"id":1161461,"key":"oms_price_updated_at","value":"2024-09-02T05:29:09.620837Z"},{"id":1161462,"key":"_old_regular_price","value":"100.7"},{"id":1161463,"key":"_old_sale_price","value":"70.5"}],"price_html":"<del aria-hidden=\"true\"><span class=\"woocommerce-Price-amount amount\"><bdi>101.70<span class=\"woocommerce-Price-currencySymbol\">&euro;<\/span><\/bdi><\/span><\/del> <ins><span class=\"woocommerce-Price-amount amount\"><bdi>71.20<span class=\"woocommerce-Price-currencySymbol\">&euro;<\/span><\/bdi><\/span><\/ins>","image":"<img width=\"600\" height=\"600\" src=\"https:\/\/testing.wowtea.eu\/lt\/files\/2021\/05\/Super-Slim-ME-booty-goals-bands-600x600-1-600x600.png\" class=\"attachment-woocommerce_thumbnail size-woocommerce_thumbnail\" alt=\"\" loading=\"lazy\" srcset=\"https:\/\/testing.wowtea.eu\/lt\/files\/2021\/05\/Super-Slim-ME-booty-goals-bands-600x600-1.png 600w, https:\/\/testing.wowtea.eu\/lt\/files\/2021\/05\/Super-Slim-ME-booty-goals-bands-600x600-1-300x300.png 300w, https:\/\/testing.wowtea.eu\/lt\/files\/2021\/05\/Super-Slim-ME-booty-goals-bands-600x600-1-150x150.png 150w, https:\/\/testing.wowtea.eu\/lt\/files\/2021\/05\/Super-Slim-ME-booty-goals-bands-600x600-1-100x100.png 100w, https:\/\/testing.wowtea.eu\/lt\/files\/2021\/05\/Super-Slim-ME-booty-goals-bands-600x600-1-45x45.png 45w\" sizes=\"(max-width: 600px) 100vw, 600px\" \/>","free_delivery":"Nemokamas pristatymas"}},"free_delivery":false,"currency_name":"&euro;","_links":{"self":[{"href":"https:\/\/testing.wowtea.eu\/lt\/wp-json\/wp\/v2\/product\/95074"}],"collection":[{"href":"https:\/\/testing.wowtea.eu\/lt\/wp-json\/wp\/v2\/product"}],"about":[{"href":"https:\/\/testing.wowtea.eu\/lt\/wp-json\/wp\/v2\/types\/product"}],"replies":[{"embeddable":true,"href":"https:\/\/testing.wowtea.eu\/lt\/wp-json\/wp\/v2\/comments?post=95074"}],"version-history":[{"count":0,"href":"https:\/\/testing.wowtea.eu\/lt\/wp-json\/wp\/v2\/product\/95074\/revisions"}],"wp:featuredmedia":[{"embeddable":true,"href":"https:\/\/testing.wowtea.eu\/lt\/wp-json\/wp\/v2\/media\/95075"}],"wp:attachment":[{"href":"https:\/\/testing.wowtea.eu\/lt\/wp-json\/wp\/v2\/media?parent=95074"}],"wp:term":[{"taxonomy":"product_cat","embeddable":true,"href":"https:\/\/testing.wowtea.eu\/lt\/wp-json\/wp\/v2\/product_cat?post=95074"},{"taxonomy":"product_tag","embeddable":true,"href":"https:\/\/testing.wowtea.eu\/lt\/wp-json\/wp\/v2\/product_tag?post=95074"}],"curies":[{"name":"wp","href":"https:\/\/api.w.org\/{rel}","templated":true}]}}