{"id":95602,"date":"2021-06-16T13:27:12","date_gmt":"2021-06-16T10:27:12","guid":{"rendered":"https:\/\/testing.wowtea.eu\/lt\/?post_type=product&#038;p=95602"},"modified":"2024-09-23T12:23:47","modified_gmt":"2024-09-23T09:23:47","slug":"new-summer-new-me","status":"publish","type":"product","link":"https:\/\/testing.wowtea.eu\/lt\/product\/new-summer-new-me\/","title":{"rendered":"New Summer New Me"},"content":{"rendered":"\t\t<div data-elementor-type=\"product-post\" data-elementor-id=\"95602\" class=\"elementor elementor-95602\">\n\t\t\t\t\t\t<div class=\"elementor-inner\">\n\t\t\t\t<div class=\"elementor-section-wrap\">\n\t\t\t\t\t\t\t\t\t<section class=\"elementor-section elementor-top-section elementor-element elementor-element-001bfd7 elementor-section-full_width elementor-section-height-default elementor-section-height-default\" data-id=\"001bfd7\" data-element_type=\"section\">\n\t\t\t\t\t\t<div class=\"elementor-container elementor-column-gap-no\">\n\t\t\t\t\t\t\t<div class=\"elementor-row\">\n\t\t\t\t\t<div class=\"elementor-column elementor-col-100 elementor-top-column elementor-element elementor-element-b3d0d83\" data-id=\"b3d0d83\" data-element_type=\"column\">\n\t\t\t<div class=\"elementor-column-wrap elementor-element-populated\">\n\t\t\t\t\t\t\t<div class=\"elementor-widget-wrap\">\n\t\t\t\t\t\t<section class=\"elementor-section elementor-inner-section elementor-element elementor-element-1969ed5 elementor-section-full_width elementor-hidden-phone elementor-section-height-default elementor-section-height-default\" data-id=\"1969ed5\" data-element_type=\"section\">\n\t\t\t\t\t\t<div class=\"elementor-container elementor-column-gap-no\">\n\t\t\t\t\t\t\t<div class=\"elementor-row\">\n\t\t\t\t\t<div class=\"elementor-column elementor-col-100 elementor-inner-column elementor-element elementor-element-3ba6432\" data-id=\"3ba6432\" data-element_type=\"column\">\n\t\t\t<div class=\"elementor-column-wrap elementor-element-populated\">\n\t\t\t\t\t\t\t<div class=\"elementor-widget-wrap\">\n\t\t\t\t\t\t<div class=\"elementor-element elementor-element-3685022 elementor-widget elementor-widget-image\" data-id=\"3685022\" data-element_type=\"widget\" data-widget_type=\"image.default\">\n\t\t\t\t<div class=\"elementor-widget-container\">\n\t\t\t\t\t\t\t\t<div class=\"elementor-image\">\n\t\t\t\t\t\t\t\t\t\t\t\t<img width=\"1920\" height=\"1150\" src=\"https:\/\/testing.wowtea.eu\/lt\/files\/2021\/06\/THE-PERFECT-BEACH-DRINK-summer-detox-D-LT-1-2.jpg\" class=\"attachment-full size-full wp-image-96225\" alt=\"\" loading=\"lazy\" srcset=\"https:\/\/testing.wowtea.eu\/lt\/files\/2021\/06\/THE-PERFECT-BEACH-DRINK-summer-detox-D-LT-1-2.jpg 1920w, https:\/\/testing.wowtea.eu\/lt\/files\/2021\/06\/THE-PERFECT-BEACH-DRINK-summer-detox-D-LT-1-2-300x180.jpg 300w, https:\/\/testing.wowtea.eu\/lt\/files\/2021\/06\/THE-PERFECT-BEACH-DRINK-summer-detox-D-LT-1-2-1024x613.jpg 1024w, https:\/\/testing.wowtea.eu\/lt\/files\/2021\/06\/THE-PERFECT-BEACH-DRINK-summer-detox-D-LT-1-2-768x460.jpg 768w, https:\/\/testing.wowtea.eu\/lt\/files\/2021\/06\/THE-PERFECT-BEACH-DRINK-summer-detox-D-LT-1-2-1536x920.jpg 1536w, https:\/\/testing.wowtea.eu\/lt\/files\/2021\/06\/THE-PERFECT-BEACH-DRINK-summer-detox-D-LT-1-2-600x359.jpg 600w\" sizes=\"(max-width: 1920px) 100vw, 1920px\" \/>\t\t\t\t\t\t\t\t\t\t\t\t\t\t<\/div>\n\t\t\t\t\t\t<\/div>\n\t\t\t\t<\/div>\n\t\t\t\t\t\t<\/div>\n\t\t\t\t\t<\/div>\n\t\t<\/div>\n\t\t\t\t\t\t\t\t<\/div>\n\t\t\t\t\t<\/div>\n\t\t<\/section>\n\t\t\t\t<section class=\"elementor-section elementor-inner-section elementor-element elementor-element-25ee1c5 elementor-section-full_width elementor-hidden-desktop elementor-hidden-tablet elementor-section-height-default elementor-section-height-default\" data-id=\"25ee1c5\" data-element_type=\"section\">\n\t\t\t\t\t\t<div class=\"elementor-container elementor-column-gap-no\">\n\t\t\t\t\t\t\t<div class=\"elementor-row\">\n\t\t\t\t\t<div class=\"elementor-column elementor-col-100 elementor-inner-column elementor-element elementor-element-f38dc3c\" data-id=\"f38dc3c\" data-element_type=\"column\">\n\t\t\t<div class=\"elementor-column-wrap elementor-element-populated\">\n\t\t\t\t\t\t\t<div class=\"elementor-widget-wrap\">\n\t\t\t\t\t\t<div class=\"elementor-element elementor-element-e88ce47 elementor-widget elementor-widget-image\" data-id=\"e88ce47\" data-element_type=\"widget\" data-widget_type=\"image.default\">\n\t\t\t\t<div class=\"elementor-widget-container\">\n\t\t\t\t\t\t\t\t<div class=\"elementor-image\">\n\t\t\t\t\t\t\t\t\t\t\t\t<img width=\"460\" height=\"750\" src=\"https:\/\/testing.wowtea.eu\/lt\/files\/2021\/06\/THE-PERFECT-BEACH-DRINK-summer-dextop-M-LT-1-2.jpg\" class=\"attachment-full size-full wp-image-96226\" alt=\"\" loading=\"lazy\" srcset=\"https:\/\/testing.wowtea.eu\/lt\/files\/2021\/06\/THE-PERFECT-BEACH-DRINK-summer-dextop-M-LT-1-2.jpg 460w, https:\/\/testing.wowtea.eu\/lt\/files\/2021\/06\/THE-PERFECT-BEACH-DRINK-summer-dextop-M-LT-1-2-184x300.jpg 184w\" sizes=\"(max-width: 460px) 100vw, 460px\" \/>\t\t\t\t\t\t\t\t\t\t\t\t\t\t<\/div>\n\t\t\t\t\t\t<\/div>\n\t\t\t\t<\/div>\n\t\t\t\t\t\t<\/div>\n\t\t\t\t\t<\/div>\n\t\t<\/div>\n\t\t\t\t\t\t\t\t<\/div>\n\t\t\t\t\t<\/div>\n\t\t<\/section>\n\t\t\t\t\t\t<\/div>\n\t\t\t\t\t<\/div>\n\t\t<\/div>\n\t\t\t\t\t\t\t\t<\/div>\n\t\t\t\t\t<\/div>\n\t\t<\/section>\n\t\t\t\t<section class=\"elementor-section elementor-top-section elementor-element elementor-element-3a9d3924 elementor-section-boxed elementor-section-height-default elementor-section-height-default\" data-id=\"3a9d3924\" data-element_type=\"section\" data-settings=\"{&quot;background_background&quot;:&quot;classic&quot;}\">\n\t\t\t\t\t\t<div class=\"elementor-container elementor-column-gap-default\">\n\t\t\t\t\t\t\t<div class=\"elementor-row\">\n\t\t\t\t\t<div class=\"elementor-column elementor-col-100 elementor-top-column elementor-element elementor-element-20689e0b\" data-id=\"20689e0b\" data-element_type=\"column\" data-settings=\"{&quot;background_background&quot;:&quot;classic&quot;}\">\n\t\t\t<div class=\"elementor-column-wrap elementor-element-populated\">\n\t\t\t\t\t\t\t<div class=\"elementor-widget-wrap\">\n\t\t\t\t\t\t<div class=\"elementor-element elementor-element-7ef0be70 elementor-widget elementor-widget-heading\" data-id=\"7ef0be70\" data-element_type=\"widget\" data-widget_type=\"heading.default\">\n\t\t\t\t<div class=\"elementor-widget-container\">\n\t\t\t<h2 class=\"elementor-heading-title elementor-size-default\"><p style=\"text-align: center;color: crimson;font-size: 40px\">K\u0105 galite gauti d\u0117\u017eut\u0117je<span style=\"font-size: 28px\"><\/span><\/p><\/h2>\t\t<\/div>\n\t\t\t\t<\/div>\n\t\t\t\t\t\t<\/div>\n\t\t\t\t\t<\/div>\n\t\t<\/div>\n\t\t\t\t\t\t\t\t<\/div>\n\t\t\t\t\t<\/div>\n\t\t<\/section>\n\t\t\t\t<section class=\"elementor-section elementor-top-section elementor-element elementor-element-c794261 elementor-section-boxed elementor-section-height-default elementor-section-height-default\" data-id=\"c794261\" data-element_type=\"section\">\n\t\t\t\t\t\t<div class=\"elementor-container elementor-column-gap-default\">\n\t\t\t\t\t\t\t<div class=\"elementor-row\">\n\t\t\t\t\t<div class=\"elementor-column elementor-col-100 elementor-top-column elementor-element elementor-element-733844c\" data-id=\"733844c\" data-element_type=\"column\">\n\t\t\t<div class=\"elementor-column-wrap elementor-element-populated\">\n\t\t\t\t\t\t\t<div class=\"elementor-widget-wrap\">\n\t\t\t\t\t\t<div class=\"elementor-element elementor-element-db85f4d elementor-widget elementor-widget-html\" data-id=\"db85f4d\" data-element_type=\"widget\" data-widget_type=\"html.default\">\n\t\t\t\t<div class=\"elementor-widget-container\">\n\t\t\t<!-- TrustBox widget - Carousel -->\r\n<div class=\"trustpilot-widget\" data-locale=\"en-US\" data-template-id=\"53aa8912dec7e10d38f59f36\" data-businessunit-id=\"60029def312cb900013df992\" data-style-height=\"320px\" data-style-width=\"100%\" data-theme=\"light\" data-tags=\"EN\" data-stars=\"1,2,3,4,5\">\r\n  <a href=\"https:\/\/www.trustpilot.com\/review\/testing.wowtea.eu\" target=\"_blank\" rel=\"noopener\">Trustpilot<\/a>\r\n<\/div>\r\n<!-- End TrustBox widget -->\t\t<\/div>\n\t\t\t\t<\/div>\n\t\t\t\t\t\t<\/div>\n\t\t\t\t\t<\/div>\n\t\t<\/div>\n\t\t\t\t\t\t\t\t<\/div>\n\t\t\t\t\t<\/div>\n\t\t<\/section>\n\t\t\t\t\t\t\t\t\t<\/div>\n\t\t\t<\/div>\n\t\t\t\t\t<\/div>\n\t\t","protected":false},"excerpt":{"rendered":"<p>Ie\u0161kote greitai detoksikuojan\u010dios arbatos ir 100% nat\u016bralaus mi\u0161inio, kuris pad\u0117t\u0173 suliekn\u0117ti vasarai &#8211; tai geriausias derinys! Greitai suliekn\u0117kite naudodami nauj\u0105j\u012f Vasaros SlimFit su egzotiniu mango ir kvapi\u0173j\u0173 kokos\u0173 skoniu. Prad\u0117kite detoksikuoti ir \u0161arminti su pirmuoju m\u016bs\u0173 Vasaros Detox gurk\u0161niu, pajusdami gaiv\u0173 citrusini\u0173 vaisi\u0173 skon\u012f ir papildomus antioksidantus!<\/p>\n<p><strong><span style=\"text-decoration: underline;\">Pajuskite efekt\u0105 su kiekvienu skaniu gurk\u0161niu!<\/span><\/strong><\/p>\n","protected":false},"featured_media":117552,"comment_status":"open","ping_status":"closed","template":"","meta":{"inline_featured_image":false},"product_cat":[105,110],"product_tag":[],"acf":[],"variations_data":{"95756":{"id":95756,"name":"Summer Detox + Summer SlimFit","slug":"new-summer-new-me-2","date_created":{"date":"2021-06-16 15:27:34.000000","timezone_type":3,"timezone":"Europe\/Sofia"},"date_modified":{"date":"2024-09-23 12:23:11.000000","timezone_type":3,"timezone":"Europe\/Sofia"},"status":"publish","featured":false,"catalog_visibility":"visible","description":"","short_description":"","sku":"WOW-P-SETSST","price":"35.90","regular_price":"47.8","sale_price":"35.90","date_on_sale_from":null,"date_on_sale_to":null,"total_sales":"0","tax_status":"taxable","tax_class":"parent","manage_stock":false,"stock_quantity":null,"stock_status":"instock","backorders":"no","low_stock_amount":"","sold_individually":false,"weight":"","length":"","width":"","height":"","upsell_ids":[],"cross_sell_ids":[],"parent_id":95602,"reviews_allowed":false,"purchase_note":"","attributes":{"pa_summer-products":"summer-detox-summer-slimfit"},"default_attributes":[],"menu_order":1,"post_password":"","virtual":false,"downloadable":false,"category_ids":[],"tag_ids":[],"shipping_class_id":0,"downloads":[],"image_id":117552,"gallery_image_ids":[],"download_limit":-1,"download_expiry":-1,"rating_counts":[],"average_rating":0,"review_count":0,"attribute_summary":"Summer products: Summer Detox + Summer SlimFit","meta_data":[{"id":541609,"key":"yst_prominent_words_version","value":"1"},{"id":541633,"key":"_gtin","value":""},{"id":541634,"key":"_variable_text_field_1","value":""},{"id":541635,"key":"_variable_text_field_2","value":""},{"id":541636,"key":"_variable_text_field_3","value":""},{"id":541637,"key":"fstr-p-sub","value":""},{"id":738506,"key":"_v_label_field","value":""},{"id":1103482,"key":"_sold_variation_individually","value":"no"},{"id":1160477,"key":"oms_price_updated_at","value":"2024-09-23T09:01:26.568778Z"},{"id":1160478,"key":"_old_regular_price","value":"47.8"},{"id":1160479,"key":"_old_sale_price","value":"35.9"}],"price_html":"<del aria-hidden=\"true\"><span class=\"woocommerce-Price-amount amount\"><bdi>47.80<span class=\"woocommerce-Price-currencySymbol\">&euro;<\/span><\/bdi><\/span><\/del> <ins><span class=\"woocommerce-Price-amount amount\"><bdi>35.90<span class=\"woocommerce-Price-currencySymbol\">&euro;<\/span><\/bdi><\/span><\/ins>","image":"<img width=\"600\" height=\"600\" src=\"https:\/\/testing.wowtea.eu\/lt\/files\/2024\/05\/WOWTEA-web-PP-Summer-editions-Slimfit-Upsale-slimfit-detox-600x600.png\" class=\"attachment-woocommerce_thumbnail size-woocommerce_thumbnail\" alt=\"\" loading=\"lazy\" srcset=\"https:\/\/testing.wowtea.eu\/lt\/files\/2024\/05\/WOWTEA-web-PP-Summer-editions-Slimfit-Upsale-slimfit-detox.png 600w, https:\/\/testing.wowtea.eu\/lt\/files\/2024\/05\/WOWTEA-web-PP-Summer-editions-Slimfit-Upsale-slimfit-detox-300x300.png 300w, https:\/\/testing.wowtea.eu\/lt\/files\/2024\/05\/WOWTEA-web-PP-Summer-editions-Slimfit-Upsale-slimfit-detox-150x150.png 150w, https:\/\/testing.wowtea.eu\/lt\/files\/2024\/05\/WOWTEA-web-PP-Summer-editions-Slimfit-Upsale-slimfit-detox-100x100.png 100w, https:\/\/testing.wowtea.eu\/lt\/files\/2024\/05\/WOWTEA-web-PP-Summer-editions-Slimfit-Upsale-slimfit-detox-45x45.png 45w, https:\/\/testing.wowtea.eu\/lt\/files\/2024\/05\/WOWTEA-web-PP-Summer-editions-Slimfit-Upsale-slimfit-detox-60x60.png 60w, https:\/\/testing.wowtea.eu\/lt\/files\/2024\/05\/WOWTEA-web-PP-Summer-editions-Slimfit-Upsale-slimfit-detox-90x90.png 90w\" sizes=\"(max-width: 600px) 100vw, 600px\" \/>","free_delivery":false},"95755":{"id":95755,"name":"Summer Detox + Summer Wellness","slug":"new-summer-new-me","date_created":{"date":"2021-06-16 15:25:28.000000","timezone_type":3,"timezone":"Europe\/Sofia"},"date_modified":{"date":"2024-09-23 12:23:45.000000","timezone_type":3,"timezone":"Europe\/Sofia"},"status":"publish","featured":false,"catalog_visibility":"visible","description":"","short_description":"","sku":"WOW-P-SETSWT","price":"35.90","regular_price":"47.8","sale_price":"35.90","date_on_sale_from":null,"date_on_sale_to":null,"total_sales":"0","tax_status":"taxable","tax_class":"parent","manage_stock":false,"stock_quantity":null,"stock_status":"instock","backorders":"no","low_stock_amount":"","sold_individually":false,"weight":"","length":"","width":"","height":"","upsell_ids":[],"cross_sell_ids":[],"parent_id":95602,"reviews_allowed":false,"purchase_note":"","attributes":{"pa_summer-products":"summer-detox-summer-wellness"},"default_attributes":[],"menu_order":2,"post_password":"","virtual":false,"downloadable":false,"category_ids":[],"tag_ids":[],"shipping_class_id":0,"downloads":[],"image_id":117624,"gallery_image_ids":[],"download_limit":-1,"download_expiry":-1,"rating_counts":[],"average_rating":0,"review_count":0,"attribute_summary":"Summer products: Summer Detox + Summer Wellness","meta_data":[{"id":541590,"key":"yst_prominent_words_version","value":"1"},{"id":541643,"key":"_gtin","value":""},{"id":541644,"key":"_variable_text_field_1","value":""},{"id":541645,"key":"_variable_text_field_2","value":""},{"id":541646,"key":"_variable_text_field_3","value":""},{"id":541647,"key":"fstr-p-sub","value":""},{"id":738507,"key":"_v_label_field","value":""},{"id":1032456,"key":"_sold_variation_individually","value":"no"},{"id":1160519,"key":"oms_price_updated_at","value":"2024-09-23T09:02:00.053464Z"},{"id":1160520,"key":"_old_regular_price","value":"47.8"},{"id":1160521,"key":"_old_sale_price","value":"35.9"}],"price_html":"<del aria-hidden=\"true\"><span class=\"woocommerce-Price-amount amount\"><bdi>47.80<span class=\"woocommerce-Price-currencySymbol\">&euro;<\/span><\/bdi><\/span><\/del> <ins><span class=\"woocommerce-Price-amount amount\"><bdi>35.90<span class=\"woocommerce-Price-currencySymbol\">&euro;<\/span><\/bdi><\/span><\/ins>","image":"<img width=\"600\" height=\"600\" src=\"https:\/\/testing.wowtea.eu\/lt\/files\/2024\/05\/WOWTEA-web-PP-Summer-editions-Wellness-Upsale-wellnes-detox-600x600.png\" class=\"attachment-woocommerce_thumbnail size-woocommerce_thumbnail\" alt=\"\" loading=\"lazy\" srcset=\"https:\/\/testing.wowtea.eu\/lt\/files\/2024\/05\/WOWTEA-web-PP-Summer-editions-Wellness-Upsale-wellnes-detox.png 600w, https:\/\/testing.wowtea.eu\/lt\/files\/2024\/05\/WOWTEA-web-PP-Summer-editions-Wellness-Upsale-wellnes-detox-300x300.png 300w, https:\/\/testing.wowtea.eu\/lt\/files\/2024\/05\/WOWTEA-web-PP-Summer-editions-Wellness-Upsale-wellnes-detox-150x150.png 150w, https:\/\/testing.wowtea.eu\/lt\/files\/2024\/05\/WOWTEA-web-PP-Summer-editions-Wellness-Upsale-wellnes-detox-100x100.png 100w, https:\/\/testing.wowtea.eu\/lt\/files\/2024\/05\/WOWTEA-web-PP-Summer-editions-Wellness-Upsale-wellnes-detox-45x45.png 45w, https:\/\/testing.wowtea.eu\/lt\/files\/2024\/05\/WOWTEA-web-PP-Summer-editions-Wellness-Upsale-wellnes-detox-60x60.png 60w, https:\/\/testing.wowtea.eu\/lt\/files\/2024\/05\/WOWTEA-web-PP-Summer-editions-Wellness-Upsale-wellnes-detox-90x90.png 90w\" sizes=\"(max-width: 600px) 100vw, 600px\" \/>","free_delivery":false},"95642":{"id":95642,"name":"Summer Wellness + Summer SlimFit","slug":"summer-wellness-summer-slimfit","date_created":{"date":"2021-06-16 13:27:15.000000","timezone_type":3,"timezone":"Europe\/Sofia"},"date_modified":{"date":"2024-09-23 12:23:42.000000","timezone_type":3,"timezone":"Europe\/Sofia"},"status":"publish","featured":false,"catalog_visibility":"visible","description":"","short_description":"","sku":"WOW-P-SSTSWT","price":"35.90","regular_price":"47.8","sale_price":"35.90","date_on_sale_from":null,"date_on_sale_to":null,"total_sales":"0","tax_status":"taxable","tax_class":"parent","manage_stock":false,"stock_quantity":null,"stock_status":"instock","backorders":"no","low_stock_amount":"","sold_individually":false,"weight":"","length":"","width":"","height":"","upsell_ids":[],"cross_sell_ids":[],"parent_id":95602,"reviews_allowed":false,"purchase_note":"","attributes":{"pa_summer-products":"summer-wellness-summer-slimfit"},"default_attributes":[],"menu_order":3,"post_password":"","virtual":false,"downloadable":false,"category_ids":[],"tag_ids":[],"shipping_class_id":0,"downloads":[],"image_id":117654,"gallery_image_ids":[],"download_limit":0,"download_expiry":0,"rating_counts":[],"average_rating":0,"review_count":0,"attribute_summary":"Summer products: Summer Wellness + Summer SlimFit","meta_data":[{"id":540405,"key":"inline_featured_image","value":""},{"id":540406,"key":"yst_prominent_words_version","value":""},{"id":540407,"key":"_wp_page_template","value":""},{"id":540408,"key":"_post_badge","value":""},{"id":540409,"key":"_post_icon_1","value":""},{"id":540410,"key":"_post_icon_2","value":""},{"id":540411,"key":"_post_icon_3","value":""},{"id":540412,"key":"_post_icon_1_text","value":""},{"id":540413,"key":"_post_icon_2_text","value":""},{"id":540414,"key":"_post_icon_3_text","value":""},{"id":540415,"key":"_yoast_wpseo_primary_product_cat","value":""},{"id":540416,"key":"_yoast_wpseo_content_score","value":""},{"id":540417,"key":"_elementor_edit_mode","value":""},{"id":540418,"key":"_elementor_template_type","value":""},{"id":540419,"key":"_elementor_version","value":""},{"id":540420,"key":"_elementor_pro_version","value":""},{"id":540421,"key":"_oembed_b8e247034018ee4812190523170f8f1c","value":""},{"id":540422,"key":"_oembed_time_b8e247034018ee4812190523170f8f1c","value":""},{"id":540423,"key":"_wapl_label_type","value":""},{"id":540424,"key":"_wapl_label_text","value":""},{"id":540425,"key":"_wapl_label_style","value":""},{"id":540426,"key":"_wapl_label_align","value":""},{"id":540427,"key":"_wapl_custom_bg_color","value":""},{"id":540428,"key":"_wapl_custom_text_color","value":""},{"id":540429,"key":"_wapl_label_exclude","value":""},{"id":540430,"key":"fstr-p-sub","value":""},{"id":540431,"key":"fstr-iskit","value":""},{"id":540432,"key":"_mollie_voucher_category","value":""},{"id":540433,"key":"_yoast_wpseo_focuskeywords","value":""},{"id":540434,"key":"_pys_super_pack_cpt_url","value":""},{"id":540435,"key":"_pys_super_pack_cpt_condition","value":""},{"id":540436,"key":"_pys_super_pack_cpt_cart","value":""},{"id":540437,"key":"_gtin","value":""},{"id":540438,"key":"_oembed_d661647b67dd8a32b998f2d0708014be","value":""},{"id":540439,"key":"_oembed_time_d661647b67dd8a32b998f2d0708014be","value":""},{"id":540440,"key":"_foodplan","value":""},{"id":540441,"key":"_homegym","value":""},{"id":540442,"key":"_yogaplan","value":""},{"id":540443,"key":"yo-title-quote","value":""},{"id":540444,"key":"yo-title-quote-second","value":""},{"id":540445,"key":"panam-video","value":""},{"id":540446,"key":"_dp_original","value":""},{"id":540447,"key":"_wp_old_date","value":""},{"id":540448,"key":"_oembed_cccd389a7668e3aa6fc32fc5cb179ea6","value":""},{"id":540449,"key":"attach_general_products","value":""},{"id":540450,"key":"_variable_text_field_1","value":""},{"id":540451,"key":"_variable_text_field_2","value":""},{"id":540452,"key":"_variable_text_field_3","value":""},{"id":738508,"key":"_v_label_field","value":"Save 15%"},{"id":1032454,"key":"_sold_variation_individually","value":"no"},{"id":1160514,"key":"oms_price_updated_at","value":"2024-09-23T09:01:51.884771Z"},{"id":1160515,"key":"_old_regular_price","value":"47.8"},{"id":1160516,"key":"_old_sale_price","value":"35.9"}],"price_html":"<del aria-hidden=\"true\"><span class=\"woocommerce-Price-amount amount\"><bdi>47.80<span class=\"woocommerce-Price-currencySymbol\">&euro;<\/span><\/bdi><\/span><\/del> <ins><span class=\"woocommerce-Price-amount amount\"><bdi>35.90<span class=\"woocommerce-Price-currencySymbol\">&euro;<\/span><\/bdi><\/span><\/ins>","image":"<img width=\"600\" height=\"600\" src=\"https:\/\/testing.wowtea.eu\/lt\/files\/2021\/06\/WOWTEA-web-Shop-Summer-editions-new-summer-new-me-wellness-slimfit-600x600.png\" class=\"attachment-woocommerce_thumbnail size-woocommerce_thumbnail\" alt=\"\" loading=\"lazy\" srcset=\"https:\/\/testing.wowtea.eu\/lt\/files\/2021\/06\/WOWTEA-web-Shop-Summer-editions-new-summer-new-me-wellness-slimfit.png 600w, https:\/\/testing.wowtea.eu\/lt\/files\/2021\/06\/WOWTEA-web-Shop-Summer-editions-new-summer-new-me-wellness-slimfit-300x300.png 300w, https:\/\/testing.wowtea.eu\/lt\/files\/2021\/06\/WOWTEA-web-Shop-Summer-editions-new-summer-new-me-wellness-slimfit-150x150.png 150w, https:\/\/testing.wowtea.eu\/lt\/files\/2021\/06\/WOWTEA-web-Shop-Summer-editions-new-summer-new-me-wellness-slimfit-100x100.png 100w, https:\/\/testing.wowtea.eu\/lt\/files\/2021\/06\/WOWTEA-web-Shop-Summer-editions-new-summer-new-me-wellness-slimfit-45x45.png 45w, https:\/\/testing.wowtea.eu\/lt\/files\/2021\/06\/WOWTEA-web-Shop-Summer-editions-new-summer-new-me-wellness-slimfit-60x60.png 60w, https:\/\/testing.wowtea.eu\/lt\/files\/2021\/06\/WOWTEA-web-Shop-Summer-editions-new-summer-new-me-wellness-slimfit-90x90.png 90w\" sizes=\"(max-width: 600px) 100vw, 600px\" \/>","free_delivery":false}},"free_delivery":false,"currency_name":"&euro;","_links":{"self":[{"href":"https:\/\/testing.wowtea.eu\/lt\/wp-json\/wp\/v2\/product\/95602"}],"collection":[{"href":"https:\/\/testing.wowtea.eu\/lt\/wp-json\/wp\/v2\/product"}],"about":[{"href":"https:\/\/testing.wowtea.eu\/lt\/wp-json\/wp\/v2\/types\/product"}],"replies":[{"embeddable":true,"href":"https:\/\/testing.wowtea.eu\/lt\/wp-json\/wp\/v2\/comments?post=95602"}],"version-history":[{"count":0,"href":"https:\/\/testing.wowtea.eu\/lt\/wp-json\/wp\/v2\/product\/95602\/revisions"}],"wp:featuredmedia":[{"embeddable":true,"href":"https:\/\/testing.wowtea.eu\/lt\/wp-json\/wp\/v2\/media\/117552"}],"wp:attachment":[{"href":"https:\/\/testing.wowtea.eu\/lt\/wp-json\/wp\/v2\/media?parent=95602"}],"wp:term":[{"taxonomy":"product_cat","embeddable":true,"href":"https:\/\/testing.wowtea.eu\/lt\/wp-json\/wp\/v2\/product_cat?post=95602"},{"taxonomy":"product_tag","embeddable":true,"href":"https:\/\/testing.wowtea.eu\/lt\/wp-json\/wp\/v2\/product_tag?post=95602"}],"curies":[{"name":"wp","href":"https:\/\/api.w.org\/{rel}","templated":true}]}}