{"id":95603,"date":"2021-06-16T13:27:12","date_gmt":"2021-06-16T10:27:12","guid":{"rendered":"https:\/\/testing.wowtea.eu\/lt\/?post_type=product&#038;p=95603"},"modified":"2024-09-23T12:25:16","modified_gmt":"2024-09-23T09:25:16","slug":"summer-reborn","status":"publish","type":"product","link":"https:\/\/testing.wowtea.eu\/lt\/product\/summer-reborn\/","title":{"rendered":"Summer Reborn"},"content":{"rendered":"\t\t<div data-elementor-type=\"product-post\" data-elementor-id=\"95603\" class=\"elementor elementor-95603\">\n\t\t\t\t\t\t<div class=\"elementor-inner\">\n\t\t\t\t<div class=\"elementor-section-wrap\">\n\t\t\t\t\t\t\t\t\t<section class=\"elementor-section elementor-top-section elementor-element elementor-element-c6c9070 elementor-section-full_width elementor-section-height-default elementor-section-height-default\" data-id=\"c6c9070\" data-element_type=\"section\">\n\t\t\t\t\t\t<div class=\"elementor-container elementor-column-gap-no\">\n\t\t\t\t\t\t\t<div class=\"elementor-row\">\n\t\t\t\t\t<div class=\"elementor-column elementor-col-100 elementor-top-column elementor-element elementor-element-e6ddde5\" data-id=\"e6ddde5\" data-element_type=\"column\">\n\t\t\t<div class=\"elementor-column-wrap elementor-element-populated\">\n\t\t\t\t\t\t\t<div class=\"elementor-widget-wrap\">\n\t\t\t\t\t\t<section class=\"elementor-section elementor-inner-section elementor-element elementor-element-be77313 elementor-section-full_width elementor-hidden-phone elementor-section-height-default elementor-section-height-default\" data-id=\"be77313\" data-element_type=\"section\">\n\t\t\t\t\t\t<div class=\"elementor-container elementor-column-gap-no\">\n\t\t\t\t\t\t\t<div class=\"elementor-row\">\n\t\t\t\t\t<div class=\"elementor-column elementor-col-100 elementor-inner-column elementor-element elementor-element-ba745bc\" data-id=\"ba745bc\" data-element_type=\"column\">\n\t\t\t<div class=\"elementor-column-wrap elementor-element-populated\">\n\t\t\t\t\t\t\t<div class=\"elementor-widget-wrap\">\n\t\t\t\t\t\t<div class=\"elementor-element elementor-element-59afb6b elementor-widget elementor-widget-image\" data-id=\"59afb6b\" data-element_type=\"widget\" data-widget_type=\"image.default\">\n\t\t\t\t<div class=\"elementor-widget-container\">\n\t\t\t\t\t\t\t\t<div class=\"elementor-image\">\n\t\t\t\t\t\t\t\t\t\t\t\t<img width=\"1920\" height=\"1150\" src=\"https:\/\/testing.wowtea.eu\/lt\/files\/2021\/06\/THE-PERFECT-BEACH-DRINK-summer-detox-D-LT-1-1.jpg\" class=\"attachment-full size-full wp-image-96220\" alt=\"\" loading=\"lazy\" srcset=\"https:\/\/testing.wowtea.eu\/lt\/files\/2021\/06\/THE-PERFECT-BEACH-DRINK-summer-detox-D-LT-1-1.jpg 1920w, https:\/\/testing.wowtea.eu\/lt\/files\/2021\/06\/THE-PERFECT-BEACH-DRINK-summer-detox-D-LT-1-1-300x180.jpg 300w, https:\/\/testing.wowtea.eu\/lt\/files\/2021\/06\/THE-PERFECT-BEACH-DRINK-summer-detox-D-LT-1-1-1024x613.jpg 1024w, https:\/\/testing.wowtea.eu\/lt\/files\/2021\/06\/THE-PERFECT-BEACH-DRINK-summer-detox-D-LT-1-1-768x460.jpg 768w, https:\/\/testing.wowtea.eu\/lt\/files\/2021\/06\/THE-PERFECT-BEACH-DRINK-summer-detox-D-LT-1-1-1536x920.jpg 1536w, https:\/\/testing.wowtea.eu\/lt\/files\/2021\/06\/THE-PERFECT-BEACH-DRINK-summer-detox-D-LT-1-1-600x359.jpg 600w\" sizes=\"(max-width: 1920px) 100vw, 1920px\" \/>\t\t\t\t\t\t\t\t\t\t\t\t\t\t<\/div>\n\t\t\t\t\t\t<\/div>\n\t\t\t\t<\/div>\n\t\t\t\t\t\t<\/div>\n\t\t\t\t\t<\/div>\n\t\t<\/div>\n\t\t\t\t\t\t\t\t<\/div>\n\t\t\t\t\t<\/div>\n\t\t<\/section>\n\t\t\t\t<section class=\"elementor-section elementor-inner-section elementor-element elementor-element-3d468db elementor-section-full_width elementor-hidden-desktop elementor-hidden-tablet elementor-section-height-default elementor-section-height-default\" data-id=\"3d468db\" data-element_type=\"section\">\n\t\t\t\t\t\t<div class=\"elementor-container elementor-column-gap-no\">\n\t\t\t\t\t\t\t<div class=\"elementor-row\">\n\t\t\t\t\t<div class=\"elementor-column elementor-col-100 elementor-inner-column elementor-element elementor-element-1d8908f\" data-id=\"1d8908f\" data-element_type=\"column\">\n\t\t\t<div class=\"elementor-column-wrap elementor-element-populated\">\n\t\t\t\t\t\t\t<div class=\"elementor-widget-wrap\">\n\t\t\t\t\t\t<div class=\"elementor-element elementor-element-8992af5 elementor-widget elementor-widget-image\" data-id=\"8992af5\" data-element_type=\"widget\" data-widget_type=\"image.default\">\n\t\t\t\t<div class=\"elementor-widget-container\">\n\t\t\t\t\t\t\t\t<div class=\"elementor-image\">\n\t\t\t\t\t\t\t\t\t\t\t\t<img width=\"460\" height=\"750\" src=\"https:\/\/testing.wowtea.eu\/lt\/files\/2021\/06\/THE-PERFECT-BEACH-DRINK-summer-dextop-M-LT-1-1.jpg\" class=\"attachment-full size-full wp-image-96221\" alt=\"\" loading=\"lazy\" srcset=\"https:\/\/testing.wowtea.eu\/lt\/files\/2021\/06\/THE-PERFECT-BEACH-DRINK-summer-dextop-M-LT-1-1.jpg 460w, https:\/\/testing.wowtea.eu\/lt\/files\/2021\/06\/THE-PERFECT-BEACH-DRINK-summer-dextop-M-LT-1-1-184x300.jpg 184w\" sizes=\"(max-width: 460px) 100vw, 460px\" \/>\t\t\t\t\t\t\t\t\t\t\t\t\t\t<\/div>\n\t\t\t\t\t\t<\/div>\n\t\t\t\t<\/div>\n\t\t\t\t\t\t<\/div>\n\t\t\t\t\t<\/div>\n\t\t<\/div>\n\t\t\t\t\t\t\t\t<\/div>\n\t\t\t\t\t<\/div>\n\t\t<\/section>\n\t\t\t\t\t\t<\/div>\n\t\t\t\t\t<\/div>\n\t\t<\/div>\n\t\t\t\t\t\t\t\t<\/div>\n\t\t\t\t\t<\/div>\n\t\t<\/section>\n\t\t\t\t<section class=\"elementor-section elementor-top-section elementor-element elementor-element-13458af elementor-section-boxed elementor-section-height-default elementor-section-height-default\" data-id=\"13458af\" data-element_type=\"section\" data-settings=\"{&quot;background_background&quot;:&quot;classic&quot;}\">\n\t\t\t\t\t\t<div class=\"elementor-container elementor-column-gap-default\">\n\t\t\t\t\t\t\t<div class=\"elementor-row\">\n\t\t\t\t\t<div class=\"elementor-column elementor-col-100 elementor-top-column elementor-element elementor-element-1500c6a4\" data-id=\"1500c6a4\" data-element_type=\"column\" data-settings=\"{&quot;background_background&quot;:&quot;classic&quot;}\">\n\t\t\t<div class=\"elementor-column-wrap elementor-element-populated\">\n\t\t\t\t\t\t\t<div class=\"elementor-widget-wrap\">\n\t\t\t\t\t\t<div class=\"elementor-element elementor-element-707de2dc elementor-widget elementor-widget-heading\" data-id=\"707de2dc\" data-element_type=\"widget\" data-widget_type=\"heading.default\">\n\t\t\t\t<div class=\"elementor-widget-container\">\n\t\t\t<h2 class=\"elementor-heading-title elementor-size-default\"><p style=\"text-align: center;color: crimson;font-size: 40px\">K\u0105 galite gauti d\u0117\u017eut\u0117je<span style=\"font-size: 28px\"><\/span><\/p><\/h2>\t\t<\/div>\n\t\t\t\t<\/div>\n\t\t\t\t\t\t<\/div>\n\t\t\t\t\t<\/div>\n\t\t<\/div>\n\t\t\t\t\t\t\t\t<\/div>\n\t\t\t\t\t<\/div>\n\t\t<\/section>\n\t\t\t\t<section class=\"elementor-section elementor-top-section elementor-element elementor-element-77d8d24 elementor-section-boxed elementor-section-height-default elementor-section-height-default\" data-id=\"77d8d24\" data-element_type=\"section\">\n\t\t\t\t\t\t<div class=\"elementor-container elementor-column-gap-default\">\n\t\t\t\t\t\t\t<div class=\"elementor-row\">\n\t\t\t\t\t<div class=\"elementor-column elementor-col-100 elementor-top-column elementor-element elementor-element-109a973\" data-id=\"109a973\" data-element_type=\"column\">\n\t\t\t<div class=\"elementor-column-wrap elementor-element-populated\">\n\t\t\t\t\t\t\t<div class=\"elementor-widget-wrap\">\n\t\t\t\t\t\t<div class=\"elementor-element elementor-element-2907c49 elementor-widget elementor-widget-html\" data-id=\"2907c49\" data-element_type=\"widget\" data-widget_type=\"html.default\">\n\t\t\t\t<div class=\"elementor-widget-container\">\n\t\t\t<!-- TrustBox widget - Carousel -->\r\n<div class=\"trustpilot-widget\" data-locale=\"en-US\" data-template-id=\"53aa8912dec7e10d38f59f36\" data-businessunit-id=\"60029def312cb900013df992\" data-style-height=\"320px\" data-style-width=\"100%\" data-theme=\"light\" data-tags=\"EN\" data-stars=\"1,2,3,4,5\">\r\n  <a href=\"https:\/\/www.trustpilot.com\/review\/testing.wowtea.eu\" target=\"_blank\" rel=\"noopener\">Trustpilot<\/a>\r\n<\/div>\r\n<!-- End TrustBox widget -->\t\t<\/div>\n\t\t\t\t<\/div>\n\t\t\t\t\t\t<\/div>\n\t\t\t\t\t<\/div>\n\t\t<\/div>\n\t\t\t\t\t\t\t\t<\/div>\n\t\t\t\t\t<\/div>\n\t\t<\/section>\n\t\t\t\t\t\t\t\t\t<\/div>\n\t\t\t<\/div>\n\t\t\t\t\t<\/div>\n\t\t","protected":false},"excerpt":{"rendered":"<p>Greitai suliekn\u0117kite naudodami nauj\u0105j\u012f Vasaros SlimFit su egzoti\u0161ku mang\u0173 ir kvapi\u0173j\u0173 kokos\u0173 skoniu. Prad\u0117kite detoksikuoti ir \u0161arminti su pirmuoju m\u016bs\u0173 Vasaros Detox\u201c gurk\u0161niu, pajusdami gaiv\u0173 citrusini\u0173 vaisi\u0173 skon\u012f ir papildomus antioksidantus! Padidinkite savo imunitet\u0105 ir gyvybingum\u0105 naudodami skaniausi\u0105 Ajurvedos recept\u0105, praturtint\u0105 ypatingai sveikomis \u017eolel\u0117mis ir sulting\u0173 mang\u0173 bei sald\u017ei\u0173 persik\u0173 skoniu! M\u0117gaukit\u0117s vasaros riboto leidimo arbata ekologi\u0161kame butelyje &#8211; tai geriausias b\u016bdas gerti arbat\u0105 ir pad\u0117ti aplinkai!<\/p>\n<p><strong><span style=\"text-decoration: underline;\">Pajuskite efekt\u0105 su kiekvienu skaniu gurk\u0161niu!<\/span><\/strong><\/p>\n","protected":false},"featured_media":117446,"comment_status":"open","ping_status":"closed","template":"","meta":{"inline_featured_image":false},"product_cat":[105,110],"product_tag":[],"acf":[],"variations_data":{"95767":{"id":95767,"name":"Summer Detox Arbata + Geltonosios arbatos butelis","slug":"summer-reborn-2","date_created":{"date":"2021-06-16 15:47:38.000000","timezone_type":3,"timezone":"Europe\/Sofia"},"date_modified":{"date":"2024-09-23 12:24:28.000000","timezone_type":3,"timezone":"Europe\/Sofia"},"status":"publish","featured":false,"catalog_visibility":"visible","description":"","short_description":"","sku":"WOW-P-SETBTY","price":"37.60","regular_price":"50.2","sale_price":"37.60","date_on_sale_from":null,"date_on_sale_to":null,"total_sales":"0","tax_status":"taxable","tax_class":"parent","manage_stock":false,"stock_quantity":null,"stock_status":"instock","backorders":"no","low_stock_amount":"","sold_individually":false,"weight":"","length":"","width":"","height":"","upsell_ids":[],"cross_sell_ids":[],"parent_id":95603,"reviews_allowed":false,"purchase_note":"","attributes":{"pa_summer-products":"summer-detox-tea-yellow-bottle"},"default_attributes":[],"menu_order":1,"post_password":"","virtual":false,"downloadable":false,"category_ids":[],"tag_ids":[],"shipping_class_id":0,"downloads":[],"image_id":117446,"gallery_image_ids":[],"download_limit":-1,"download_expiry":-1,"rating_counts":[],"average_rating":0,"review_count":0,"attribute_summary":"Summer products: Summer Detox Arbata + Geltonosios arbatos butelis","meta_data":[{"id":541797,"key":"yst_prominent_words_version","value":"1"},{"id":541831,"key":"_gtin","value":""},{"id":541832,"key":"_variable_text_field_1","value":""},{"id":541833,"key":"_variable_text_field_2","value":""},{"id":541834,"key":"_variable_text_field_3","value":""},{"id":541835,"key":"fstr-p-sub","value":""},{"id":738510,"key":"_v_label_field","value":""},{"id":833143,"key":"_sold_variation_individually","value":"no"},{"id":1160691,"key":"oms_price_updated_at","value":"2024-09-23T09:02:43.582345Z"},{"id":1160692,"key":"_old_regular_price","value":"50.2"},{"id":1160693,"key":"_old_sale_price","value":"37.7"}],"price_html":"<del aria-hidden=\"true\"><span class=\"woocommerce-Price-amount amount\"><bdi>50.20<span class=\"woocommerce-Price-currencySymbol\">&euro;<\/span><\/bdi><\/span><\/del> <ins><span class=\"woocommerce-Price-amount amount\"><bdi>37.60<span class=\"woocommerce-Price-currencySymbol\">&euro;<\/span><\/bdi><\/span><\/ins>","image":"<img width=\"600\" height=\"600\" src=\"https:\/\/testing.wowtea.eu\/lt\/files\/2024\/05\/WOWTEA-web-PP-Summer-editions-Detox-Upsale-detox-bottle-600x600.png\" class=\"attachment-woocommerce_thumbnail size-woocommerce_thumbnail\" alt=\"\" loading=\"lazy\" srcset=\"https:\/\/testing.wowtea.eu\/lt\/files\/2024\/05\/WOWTEA-web-PP-Summer-editions-Detox-Upsale-detox-bottle.png 600w, https:\/\/testing.wowtea.eu\/lt\/files\/2024\/05\/WOWTEA-web-PP-Summer-editions-Detox-Upsale-detox-bottle-300x300.png 300w, https:\/\/testing.wowtea.eu\/lt\/files\/2024\/05\/WOWTEA-web-PP-Summer-editions-Detox-Upsale-detox-bottle-150x150.png 150w, https:\/\/testing.wowtea.eu\/lt\/files\/2024\/05\/WOWTEA-web-PP-Summer-editions-Detox-Upsale-detox-bottle-100x100.png 100w, https:\/\/testing.wowtea.eu\/lt\/files\/2024\/05\/WOWTEA-web-PP-Summer-editions-Detox-Upsale-detox-bottle-45x45.png 45w, https:\/\/testing.wowtea.eu\/lt\/files\/2024\/05\/WOWTEA-web-PP-Summer-editions-Detox-Upsale-detox-bottle-60x60.png 60w, https:\/\/testing.wowtea.eu\/lt\/files\/2024\/05\/WOWTEA-web-PP-Summer-editions-Detox-Upsale-detox-bottle-90x90.png 90w\" sizes=\"(max-width: 600px) 100vw, 600px\" \/>","free_delivery":false},"95766":{"id":95766,"name":"Summer Slimfit Arbata + Geltonosios arbatos butelis","slug":"summer-reborn","date_created":{"date":"2021-06-16 15:47:30.000000","timezone_type":3,"timezone":"Europe\/Sofia"},"date_modified":{"date":"2024-09-23 12:24:59.000000","timezone_type":3,"timezone":"Europe\/Sofia"},"status":"publish","featured":false,"catalog_visibility":"visible","description":"","short_description":"","sku":"WOW-P-SSTBTY","price":"37.60","regular_price":"50.2","sale_price":"37.60","date_on_sale_from":null,"date_on_sale_to":null,"total_sales":"0","tax_status":"taxable","tax_class":"parent","manage_stock":false,"stock_quantity":null,"stock_status":"instock","backorders":"no","low_stock_amount":"","sold_individually":false,"weight":"","length":"","width":"","height":"","upsell_ids":[],"cross_sell_ids":[],"parent_id":95603,"reviews_allowed":false,"purchase_note":"","attributes":{"pa_summer-products":"summer-slimfit-tea-geltonas-butelis"},"default_attributes":[],"menu_order":2,"post_password":"","virtual":false,"downloadable":false,"category_ids":[],"tag_ids":[],"shipping_class_id":0,"downloads":[],"image_id":117551,"gallery_image_ids":[],"download_limit":-1,"download_expiry":-1,"rating_counts":[],"average_rating":0,"review_count":0,"attribute_summary":"Summer products: Summer Slimfit Arbata + Geltonosios arbatos butelis","meta_data":[{"id":541778,"key":"yst_prominent_words_version","value":"1"},{"id":541821,"key":"_gtin","value":""},{"id":541822,"key":"_variable_text_field_1","value":""},{"id":541823,"key":"_variable_text_field_2","value":""},{"id":541824,"key":"_variable_text_field_3","value":""},{"id":541825,"key":"fstr-p-sub","value":""},{"id":738511,"key":"_v_label_field","value":""},{"id":833144,"key":"_sold_variation_individually","value":"no"},{"id":1160716,"key":"oms_price_updated_at","value":"2024-09-23T09:03:14.726354Z"},{"id":1160717,"key":"_old_regular_price","value":"50.2"},{"id":1160718,"key":"_old_sale_price","value":"37.7"}],"price_html":"<del aria-hidden=\"true\"><span class=\"woocommerce-Price-amount amount\"><bdi>50.20<span class=\"woocommerce-Price-currencySymbol\">&euro;<\/span><\/bdi><\/span><\/del> <ins><span class=\"woocommerce-Price-amount amount\"><bdi>37.60<span class=\"woocommerce-Price-currencySymbol\">&euro;<\/span><\/bdi><\/span><\/ins>","image":"<img width=\"600\" height=\"600\" src=\"https:\/\/testing.wowtea.eu\/lt\/files\/2024\/05\/WOWTEA-web-PP-Summer-editions-Slimfit-Upsale-slimfit-bottle-600x600.png\" class=\"attachment-woocommerce_thumbnail size-woocommerce_thumbnail\" alt=\"\" loading=\"lazy\" srcset=\"https:\/\/testing.wowtea.eu\/lt\/files\/2024\/05\/WOWTEA-web-PP-Summer-editions-Slimfit-Upsale-slimfit-bottle.png 600w, https:\/\/testing.wowtea.eu\/lt\/files\/2024\/05\/WOWTEA-web-PP-Summer-editions-Slimfit-Upsale-slimfit-bottle-300x300.png 300w, https:\/\/testing.wowtea.eu\/lt\/files\/2024\/05\/WOWTEA-web-PP-Summer-editions-Slimfit-Upsale-slimfit-bottle-150x150.png 150w, https:\/\/testing.wowtea.eu\/lt\/files\/2024\/05\/WOWTEA-web-PP-Summer-editions-Slimfit-Upsale-slimfit-bottle-100x100.png 100w, https:\/\/testing.wowtea.eu\/lt\/files\/2024\/05\/WOWTEA-web-PP-Summer-editions-Slimfit-Upsale-slimfit-bottle-45x45.png 45w, https:\/\/testing.wowtea.eu\/lt\/files\/2024\/05\/WOWTEA-web-PP-Summer-editions-Slimfit-Upsale-slimfit-bottle-60x60.png 60w, https:\/\/testing.wowtea.eu\/lt\/files\/2024\/05\/WOWTEA-web-PP-Summer-editions-Slimfit-Upsale-slimfit-bottle-90x90.png 90w\" sizes=\"(max-width: 600px) 100vw, 600px\" \/>","free_delivery":false},"95644":{"id":95644,"name":"Summer Wellness Arbata + Geltonosios arbatos butelis","slug":"summer-wellness-%d1%87%d0%b0%d0%b9-%d0%b6%d1%8a%d0%bb%d1%82%d0%b0-%d0%b1%d1%83%d1%82%d0%b8%d0%bb%d0%ba%d0%b0","date_created":{"date":"2021-06-16 13:27:15.000000","timezone_type":3,"timezone":"Europe\/Sofia"},"date_modified":{"date":"2024-09-23 12:25:14.000000","timezone_type":3,"timezone":"Europe\/Sofia"},"status":"publish","featured":false,"catalog_visibility":"visible","description":"","short_description":"","sku":"WOW-P-SWTBTY","price":"37.60","regular_price":"50.2","sale_price":"37.60","date_on_sale_from":null,"date_on_sale_to":null,"total_sales":"0","tax_status":"taxable","tax_class":"parent","manage_stock":false,"stock_quantity":null,"stock_status":"instock","backorders":"no","low_stock_amount":"","sold_individually":false,"weight":"","length":"","width":"","height":"","upsell_ids":[],"cross_sell_ids":[],"parent_id":95603,"reviews_allowed":false,"purchase_note":"","attributes":{"pa_summer-products":"summer-wellness-tea-yellow-bottle"},"default_attributes":[],"menu_order":3,"post_password":"","virtual":false,"downloadable":false,"category_ids":[],"tag_ids":[],"shipping_class_id":0,"downloads":[],"image_id":117626,"gallery_image_ids":[],"download_limit":0,"download_expiry":0,"rating_counts":[],"average_rating":0,"review_count":0,"attribute_summary":"Summer products: Summer Wellness Arbata + Geltonosios arbatos butelis","meta_data":[{"id":540478,"key":"inline_featured_image","value":""},{"id":540479,"key":"yst_prominent_words_version","value":""},{"id":540480,"key":"_wp_page_template","value":""},{"id":540481,"key":"_post_badge","value":""},{"id":540482,"key":"_post_icon_1","value":""},{"id":540483,"key":"_post_icon_2","value":""},{"id":540484,"key":"_post_icon_3","value":""},{"id":540485,"key":"_post_icon_1_text","value":""},{"id":540486,"key":"_post_icon_2_text","value":""},{"id":540487,"key":"_post_icon_3_text","value":""},{"id":540488,"key":"_yoast_wpseo_primary_product_cat","value":""},{"id":540489,"key":"_yoast_wpseo_content_score","value":""},{"id":540490,"key":"_elementor_edit_mode","value":""},{"id":540491,"key":"_elementor_template_type","value":""},{"id":540492,"key":"_elementor_version","value":""},{"id":540493,"key":"_elementor_pro_version","value":""},{"id":540494,"key":"_oembed_b8e247034018ee4812190523170f8f1c","value":""},{"id":540495,"key":"_oembed_time_b8e247034018ee4812190523170f8f1c","value":""},{"id":540496,"key":"_wapl_label_type","value":""},{"id":540497,"key":"_wapl_label_text","value":""},{"id":540498,"key":"_wapl_label_style","value":""},{"id":540499,"key":"_wapl_label_align","value":""},{"id":540500,"key":"_wapl_custom_bg_color","value":""},{"id":540501,"key":"_wapl_custom_text_color","value":""},{"id":540502,"key":"_wapl_label_exclude","value":""},{"id":540503,"key":"fstr-p-sub","value":""},{"id":540504,"key":"fstr-iskit","value":""},{"id":540505,"key":"_mollie_voucher_category","value":""},{"id":540506,"key":"_yoast_wpseo_focuskeywords","value":""},{"id":540507,"key":"_pys_super_pack_cpt_url","value":""},{"id":540508,"key":"_pys_super_pack_cpt_condition","value":""},{"id":540509,"key":"_pys_super_pack_cpt_cart","value":""},{"id":540510,"key":"_gtin","value":""},{"id":540511,"key":"_oembed_d661647b67dd8a32b998f2d0708014be","value":""},{"id":540512,"key":"_oembed_time_d661647b67dd8a32b998f2d0708014be","value":""},{"id":540513,"key":"_foodplan","value":""},{"id":540514,"key":"_homegym","value":""},{"id":540515,"key":"_yogaplan","value":""},{"id":540516,"key":"yo-title-quote","value":""},{"id":540517,"key":"yo-title-quote-second","value":""},{"id":540518,"key":"panam-video","value":""},{"id":540519,"key":"_dp_original","value":""},{"id":540520,"key":"_wp_old_date","value":""},{"id":540521,"key":"_oembed_cccd389a7668e3aa6fc32fc5cb179ea6","value":""},{"id":540522,"key":"attach_general_products","value":""},{"id":540523,"key":"_variable_text_field_1","value":""},{"id":540524,"key":"_variable_text_field_2","value":""},{"id":540525,"key":"_variable_text_field_3","value":""},{"id":738512,"key":"_v_label_field","value":""},{"id":853264,"key":"_sold_variation_individually","value":"no"},{"id":1160735,"key":"oms_price_updated_at","value":"2024-09-23T09:03:28.842495Z"},{"id":1160736,"key":"_old_regular_price","value":"50.2"},{"id":1160737,"key":"_old_sale_price","value":"37.7"}],"price_html":"<del aria-hidden=\"true\"><span class=\"woocommerce-Price-amount amount\"><bdi>50.20<span class=\"woocommerce-Price-currencySymbol\">&euro;<\/span><\/bdi><\/span><\/del> <ins><span class=\"woocommerce-Price-amount amount\"><bdi>37.60<span class=\"woocommerce-Price-currencySymbol\">&euro;<\/span><\/bdi><\/span><\/ins>","image":"<img width=\"600\" height=\"600\" src=\"https:\/\/testing.wowtea.eu\/lt\/files\/2024\/05\/WOWTEA-web-PP-Summer-editions-Wellness-Upsale-wellnes-bottle-600x600.png\" class=\"attachment-woocommerce_thumbnail size-woocommerce_thumbnail\" alt=\"\" loading=\"lazy\" srcset=\"https:\/\/testing.wowtea.eu\/lt\/files\/2024\/05\/WOWTEA-web-PP-Summer-editions-Wellness-Upsale-wellnes-bottle.png 600w, https:\/\/testing.wowtea.eu\/lt\/files\/2024\/05\/WOWTEA-web-PP-Summer-editions-Wellness-Upsale-wellnes-bottle-300x300.png 300w, https:\/\/testing.wowtea.eu\/lt\/files\/2024\/05\/WOWTEA-web-PP-Summer-editions-Wellness-Upsale-wellnes-bottle-150x150.png 150w, https:\/\/testing.wowtea.eu\/lt\/files\/2024\/05\/WOWTEA-web-PP-Summer-editions-Wellness-Upsale-wellnes-bottle-100x100.png 100w, https:\/\/testing.wowtea.eu\/lt\/files\/2024\/05\/WOWTEA-web-PP-Summer-editions-Wellness-Upsale-wellnes-bottle-45x45.png 45w, https:\/\/testing.wowtea.eu\/lt\/files\/2024\/05\/WOWTEA-web-PP-Summer-editions-Wellness-Upsale-wellnes-bottle-60x60.png 60w, https:\/\/testing.wowtea.eu\/lt\/files\/2024\/05\/WOWTEA-web-PP-Summer-editions-Wellness-Upsale-wellnes-bottle-90x90.png 90w\" sizes=\"(max-width: 600px) 100vw, 600px\" \/>","free_delivery":false}},"free_delivery":false,"currency_name":"&euro;","_links":{"self":[{"href":"https:\/\/testing.wowtea.eu\/lt\/wp-json\/wp\/v2\/product\/95603"}],"collection":[{"href":"https:\/\/testing.wowtea.eu\/lt\/wp-json\/wp\/v2\/product"}],"about":[{"href":"https:\/\/testing.wowtea.eu\/lt\/wp-json\/wp\/v2\/types\/product"}],"replies":[{"embeddable":true,"href":"https:\/\/testing.wowtea.eu\/lt\/wp-json\/wp\/v2\/comments?post=95603"}],"version-history":[{"count":0,"href":"https:\/\/testing.wowtea.eu\/lt\/wp-json\/wp\/v2\/product\/95603\/revisions"}],"wp:featuredmedia":[{"embeddable":true,"href":"https:\/\/testing.wowtea.eu\/lt\/wp-json\/wp\/v2\/media\/117446"}],"wp:attachment":[{"href":"https:\/\/testing.wowtea.eu\/lt\/wp-json\/wp\/v2\/media?parent=95603"}],"wp:term":[{"taxonomy":"product_cat","embeddable":true,"href":"https:\/\/testing.wowtea.eu\/lt\/wp-json\/wp\/v2\/product_cat?post=95603"},{"taxonomy":"product_tag","embeddable":true,"href":"https:\/\/testing.wowtea.eu\/lt\/wp-json\/wp\/v2\/product_tag?post=95603"}],"curies":[{"name":"wp","href":"https:\/\/api.w.org\/{rel}","templated":true}]}}