{"id":95604,"date":"2021-06-16T13:27:12","date_gmt":"2021-06-16T10:27:12","guid":{"rendered":"https:\/\/testing.wowtea.eu\/lt\/?post_type=product&#038;p=95604"},"modified":"2024-09-23T12:26:39","modified_gmt":"2024-09-23T09:26:39","slug":"love-your-summer-body","status":"publish","type":"product","link":"https:\/\/testing.wowtea.eu\/lt\/product\/love-your-summer-body\/","title":{"rendered":"Love Your Summer Body"},"content":{"rendered":"\t\t<div data-elementor-type=\"product-post\" data-elementor-id=\"95604\" class=\"elementor elementor-95604\">\n\t\t\t\t\t\t<div class=\"elementor-inner\">\n\t\t\t\t<div class=\"elementor-section-wrap\">\n\t\t\t\t\t\t\t\t\t<section class=\"elementor-section elementor-top-section elementor-element elementor-element-3945b4f elementor-section-full_width elementor-section-height-default elementor-section-height-default\" data-id=\"3945b4f\" data-element_type=\"section\">\n\t\t\t\t\t\t<div class=\"elementor-container elementor-column-gap-no\">\n\t\t\t\t\t\t\t<div class=\"elementor-row\">\n\t\t\t\t\t<div class=\"elementor-column elementor-col-100 elementor-top-column elementor-element elementor-element-67b7e7e\" data-id=\"67b7e7e\" data-element_type=\"column\">\n\t\t\t<div class=\"elementor-column-wrap elementor-element-populated\">\n\t\t\t\t\t\t\t<div class=\"elementor-widget-wrap\">\n\t\t\t\t\t\t<section class=\"elementor-section elementor-inner-section elementor-element elementor-element-d1c1631 elementor-section-full_width elementor-hidden-phone elementor-section-height-default elementor-section-height-default\" data-id=\"d1c1631\" data-element_type=\"section\">\n\t\t\t\t\t\t<div class=\"elementor-container elementor-column-gap-no\">\n\t\t\t\t\t\t\t<div class=\"elementor-row\">\n\t\t\t\t\t<div class=\"elementor-column elementor-col-100 elementor-inner-column elementor-element elementor-element-d49dbec\" data-id=\"d49dbec\" data-element_type=\"column\">\n\t\t\t<div class=\"elementor-column-wrap elementor-element-populated\">\n\t\t\t\t\t\t\t<div class=\"elementor-widget-wrap\">\n\t\t\t\t\t\t<div class=\"elementor-element elementor-element-789706f elementor-widget elementor-widget-image\" data-id=\"789706f\" data-element_type=\"widget\" data-widget_type=\"image.default\">\n\t\t\t\t<div class=\"elementor-widget-container\">\n\t\t\t\t\t\t\t\t<div class=\"elementor-image\">\n\t\t\t\t\t\t\t\t\t\t\t\t<img width=\"1920\" height=\"1150\" src=\"https:\/\/testing.wowtea.eu\/lt\/files\/2021\/06\/THE-PERFECT-BEACH-DRINK-summer-detox-D-LT-1.jpg\" class=\"attachment-full size-full wp-image-96212\" alt=\"\" loading=\"lazy\" srcset=\"https:\/\/testing.wowtea.eu\/lt\/files\/2021\/06\/THE-PERFECT-BEACH-DRINK-summer-detox-D-LT-1.jpg 1920w, https:\/\/testing.wowtea.eu\/lt\/files\/2021\/06\/THE-PERFECT-BEACH-DRINK-summer-detox-D-LT-1-300x180.jpg 300w, https:\/\/testing.wowtea.eu\/lt\/files\/2021\/06\/THE-PERFECT-BEACH-DRINK-summer-detox-D-LT-1-1024x613.jpg 1024w, https:\/\/testing.wowtea.eu\/lt\/files\/2021\/06\/THE-PERFECT-BEACH-DRINK-summer-detox-D-LT-1-768x460.jpg 768w, https:\/\/testing.wowtea.eu\/lt\/files\/2021\/06\/THE-PERFECT-BEACH-DRINK-summer-detox-D-LT-1-1536x920.jpg 1536w, https:\/\/testing.wowtea.eu\/lt\/files\/2021\/06\/THE-PERFECT-BEACH-DRINK-summer-detox-D-LT-1-600x359.jpg 600w\" sizes=\"(max-width: 1920px) 100vw, 1920px\" \/>\t\t\t\t\t\t\t\t\t\t\t\t\t\t<\/div>\n\t\t\t\t\t\t<\/div>\n\t\t\t\t<\/div>\n\t\t\t\t\t\t<\/div>\n\t\t\t\t\t<\/div>\n\t\t<\/div>\n\t\t\t\t\t\t\t\t<\/div>\n\t\t\t\t\t<\/div>\n\t\t<\/section>\n\t\t\t\t<section class=\"elementor-section elementor-inner-section elementor-element elementor-element-321cbf3 elementor-section-full_width elementor-hidden-desktop elementor-hidden-tablet elementor-section-height-default elementor-section-height-default\" data-id=\"321cbf3\" data-element_type=\"section\">\n\t\t\t\t\t\t<div class=\"elementor-container elementor-column-gap-no\">\n\t\t\t\t\t\t\t<div class=\"elementor-row\">\n\t\t\t\t\t<div class=\"elementor-column elementor-col-100 elementor-inner-column elementor-element elementor-element-7157207\" data-id=\"7157207\" data-element_type=\"column\">\n\t\t\t<div class=\"elementor-column-wrap elementor-element-populated\">\n\t\t\t\t\t\t\t<div class=\"elementor-widget-wrap\">\n\t\t\t\t\t\t<div class=\"elementor-element elementor-element-8ee8cb9 elementor-widget elementor-widget-image\" data-id=\"8ee8cb9\" data-element_type=\"widget\" data-widget_type=\"image.default\">\n\t\t\t\t<div class=\"elementor-widget-container\">\n\t\t\t\t\t\t\t\t<div class=\"elementor-image\">\n\t\t\t\t\t\t\t\t\t\t\t\t<img width=\"460\" height=\"750\" src=\"https:\/\/testing.wowtea.eu\/lt\/files\/2021\/06\/THE-PERFECT-BEACH-DRINK-summer-dextop-M-LT-1.jpg\" class=\"attachment-full size-full wp-image-96213\" alt=\"\" loading=\"lazy\" srcset=\"https:\/\/testing.wowtea.eu\/lt\/files\/2021\/06\/THE-PERFECT-BEACH-DRINK-summer-dextop-M-LT-1.jpg 460w, https:\/\/testing.wowtea.eu\/lt\/files\/2021\/06\/THE-PERFECT-BEACH-DRINK-summer-dextop-M-LT-1-184x300.jpg 184w\" sizes=\"(max-width: 460px) 100vw, 460px\" \/>\t\t\t\t\t\t\t\t\t\t\t\t\t\t<\/div>\n\t\t\t\t\t\t<\/div>\n\t\t\t\t<\/div>\n\t\t\t\t\t\t<\/div>\n\t\t\t\t\t<\/div>\n\t\t<\/div>\n\t\t\t\t\t\t\t\t<\/div>\n\t\t\t\t\t<\/div>\n\t\t<\/section>\n\t\t\t\t\t\t<\/div>\n\t\t\t\t\t<\/div>\n\t\t<\/div>\n\t\t\t\t\t\t\t\t<\/div>\n\t\t\t\t\t<\/div>\n\t\t<\/section>\n\t\t\t\t<section class=\"elementor-section elementor-top-section elementor-element elementor-element-7f109ec elementor-section-boxed elementor-section-height-default elementor-section-height-default\" data-id=\"7f109ec\" data-element_type=\"section\" data-settings=\"{&quot;background_background&quot;:&quot;classic&quot;}\">\n\t\t\t\t\t\t<div class=\"elementor-container elementor-column-gap-default\">\n\t\t\t\t\t\t\t<div class=\"elementor-row\">\n\t\t\t\t\t<div class=\"elementor-column elementor-col-100 elementor-top-column elementor-element elementor-element-a94f208\" data-id=\"a94f208\" data-element_type=\"column\" data-settings=\"{&quot;background_background&quot;:&quot;classic&quot;}\">\n\t\t\t<div class=\"elementor-column-wrap elementor-element-populated\">\n\t\t\t\t\t\t\t<div class=\"elementor-widget-wrap\">\n\t\t\t\t\t\t<div class=\"elementor-element elementor-element-ca83f03 elementor-widget elementor-widget-heading\" data-id=\"ca83f03\" data-element_type=\"widget\" data-widget_type=\"heading.default\">\n\t\t\t\t<div class=\"elementor-widget-container\">\n\t\t\t<h2 class=\"elementor-heading-title elementor-size-default\"><p style=\"text-align: center;color: crimson;font-size: 40px\">K\u0105 galite gauti d\u0117\u017eut\u0117je<span style=\"font-size: 28px\"><\/span><\/p><\/h2>\t\t<\/div>\n\t\t\t\t<\/div>\n\t\t\t\t\t\t<\/div>\n\t\t\t\t\t<\/div>\n\t\t<\/div>\n\t\t\t\t\t\t\t\t<\/div>\n\t\t\t\t\t<\/div>\n\t\t<\/section>\n\t\t\t\t<section class=\"elementor-section elementor-top-section elementor-element elementor-element-033ed71 elementor-section-boxed elementor-section-height-default elementor-section-height-default\" data-id=\"033ed71\" data-element_type=\"section\">\n\t\t\t\t\t\t<div class=\"elementor-container elementor-column-gap-default\">\n\t\t\t\t\t\t\t<div class=\"elementor-row\">\n\t\t\t\t\t<div class=\"elementor-column elementor-col-100 elementor-top-column elementor-element elementor-element-53aa7a9\" data-id=\"53aa7a9\" data-element_type=\"column\">\n\t\t\t<div class=\"elementor-column-wrap elementor-element-populated\">\n\t\t\t\t\t\t\t<div class=\"elementor-widget-wrap\">\n\t\t\t\t\t\t<div class=\"elementor-element elementor-element-df4a1d1 elementor-widget elementor-widget-html\" data-id=\"df4a1d1\" data-element_type=\"widget\" data-widget_type=\"html.default\">\n\t\t\t\t<div class=\"elementor-widget-container\">\n\t\t\t<!-- TrustBox widget - Carousel -->\r\n<div class=\"trustpilot-widget\" data-locale=\"en-US\" data-template-id=\"53aa8912dec7e10d38f59f36\" data-businessunit-id=\"60029def312cb900013df992\" data-style-height=\"320px\" data-style-width=\"100%\" data-theme=\"light\" data-tags=\"EN\" data-stars=\"1,2,3,4,5\">\r\n  <a href=\"https:\/\/www.trustpilot.com\/review\/testing.wowtea.eu\" target=\"_blank\" rel=\"noopener\">Trustpilot<\/a>\r\n<\/div>\r\n<!-- End TrustBox widget -->\t\t<\/div>\n\t\t\t\t<\/div>\n\t\t\t\t\t\t<\/div>\n\t\t\t\t\t<\/div>\n\t\t<\/div>\n\t\t\t\t\t\t\t\t<\/div>\n\t\t\t\t\t<\/div>\n\t\t<\/section>\n\t\t\t\t\t\t\t\t\t<\/div>\n\t\t\t<\/div>\n\t\t\t\t\t<\/div>\n\t\t","protected":false},"excerpt":{"rendered":"<p>Greitai suliekn\u0117kite naudodami nauj\u0105j\u012f Vasaros SlimFit su egzotiniu mango ir kvapi\u0173j\u0173 kokos\u0173 skoniu. Prad\u0117kite detoksikuoti ir \u0161arminti su pirmuoju m\u016bs\u0173 Vasaros Detox\u201c gurk\u0161niu, pajusdami gaiv\u0173 citrusini\u0173 vaisi\u0173 skon\u012f ir papildomus antioksidantus! Padidinkite savo imunitet\u0105 ir gyvybingum\u0105 naudodami skaniausi\u0105 Ajurvedos recept\u0105, praturtint\u0105 ypatingai sveikomis \u017eolel\u0117mis ir sulting\u0173 mang\u0173 bei sald\u017ei\u0173 persik\u0173 skoniu! M\u0117gaukit\u0117s vasaros riboto leidimo arbata ekologi\u0161kame butelyje &#8211; tai geriausias b\u016bdas gerti arbat\u0105 ir pad\u0117ti aplinkai!<\/p>\n<p><span style=\"text-decoration: underline;\"><strong>Pajuskite efekt\u0105 su kiekvienu skaniu gurk\u0161niu!<\/strong><\/span><\/p>\n","protected":false},"featured_media":117553,"comment_status":"open","ping_status":"closed","template":"","meta":{"inline_featured_image":false},"product_cat":[105,110],"product_tag":[],"acf":[],"variations_data":{"95773":{"id":95773,"name":"Summer Detox Arbata + Summer Slimfit Arbata + Geltonosios arbatos butelis","slug":"love-your-summer-body-2","date_created":{"date":"2021-06-16 15:56:43.000000","timezone_type":3,"timezone":"Europe\/Sofia"},"date_modified":{"date":"2024-09-23 12:26:02.000000","timezone_type":3,"timezone":"Europe\/Sofia"},"status":"publish","featured":false,"catalog_visibility":"visible","description":"","short_description":"","sku":"WOW-P-SETSSTBTY","price":"51.90","regular_price":"74.1","sale_price":"51.90","date_on_sale_from":null,"date_on_sale_to":null,"total_sales":"0","tax_status":"taxable","tax_class":"parent","manage_stock":false,"stock_quantity":null,"stock_status":"instock","backorders":"no","low_stock_amount":"","sold_individually":false,"weight":"","length":"","width":"","height":"","upsell_ids":[],"cross_sell_ids":[],"parent_id":95604,"reviews_allowed":false,"purchase_note":"","attributes":{"pa_summer-products":"summer-detox-tea-summer-slimfit-tea-yellow-tea-bottle"},"default_attributes":[],"menu_order":1,"post_password":"","virtual":false,"downloadable":false,"category_ids":[],"tag_ids":[],"shipping_class_id":0,"downloads":[],"image_id":117553,"gallery_image_ids":[],"download_limit":-1,"download_expiry":-1,"rating_counts":[],"average_rating":0,"review_count":0,"attribute_summary":"Summer products: Summer Detox Arbata + Summer Slimfit Arbata + Geltonosios arbatos butelis","meta_data":[{"id":541891,"key":"yst_prominent_words_version","value":"1"},{"id":541927,"key":"_gtin","value":""},{"id":541928,"key":"_variable_text_field_1","value":""},{"id":541929,"key":"_variable_text_field_2","value":""},{"id":541930,"key":"_variable_text_field_3","value":""},{"id":541931,"key":"fstr-p-sub","value":""},{"id":738455,"key":"_v_label_field","value":""},{"id":853282,"key":"_sold_variation_individually","value":"no"},{"id":1162121,"key":"oms_price_updated_at","value":"2024-09-23T09:04:17.066133Z"},{"id":1162122,"key":"_old_regular_price","value":"74.1"},{"id":1162123,"key":"_old_sale_price","value":"51.9"}],"price_html":"<del aria-hidden=\"true\"><span class=\"woocommerce-Price-amount amount\"><bdi>74.10<span class=\"woocommerce-Price-currencySymbol\">&euro;<\/span><\/bdi><\/span><\/del> <ins><span class=\"woocommerce-Price-amount amount\"><bdi>51.90<span class=\"woocommerce-Price-currencySymbol\">&euro;<\/span><\/bdi><\/span><\/ins>","image":"<img width=\"600\" height=\"600\" src=\"https:\/\/testing.wowtea.eu\/lt\/files\/2024\/05\/WOWTEA-web-PP-Summer-editions-Slimfit-Upsale-slimfit-detox-bottle-600x600.png\" class=\"attachment-woocommerce_thumbnail size-woocommerce_thumbnail\" alt=\"\" loading=\"lazy\" srcset=\"https:\/\/testing.wowtea.eu\/lt\/files\/2024\/05\/WOWTEA-web-PP-Summer-editions-Slimfit-Upsale-slimfit-detox-bottle.png 600w, https:\/\/testing.wowtea.eu\/lt\/files\/2024\/05\/WOWTEA-web-PP-Summer-editions-Slimfit-Upsale-slimfit-detox-bottle-300x300.png 300w, https:\/\/testing.wowtea.eu\/lt\/files\/2024\/05\/WOWTEA-web-PP-Summer-editions-Slimfit-Upsale-slimfit-detox-bottle-150x150.png 150w, https:\/\/testing.wowtea.eu\/lt\/files\/2024\/05\/WOWTEA-web-PP-Summer-editions-Slimfit-Upsale-slimfit-detox-bottle-100x100.png 100w, https:\/\/testing.wowtea.eu\/lt\/files\/2024\/05\/WOWTEA-web-PP-Summer-editions-Slimfit-Upsale-slimfit-detox-bottle-45x45.png 45w, https:\/\/testing.wowtea.eu\/lt\/files\/2024\/05\/WOWTEA-web-PP-Summer-editions-Slimfit-Upsale-slimfit-detox-bottle-60x60.png 60w, https:\/\/testing.wowtea.eu\/lt\/files\/2024\/05\/WOWTEA-web-PP-Summer-editions-Slimfit-Upsale-slimfit-detox-bottle-90x90.png 90w\" sizes=\"(max-width: 600px) 100vw, 600px\" \/>","free_delivery":"Nemokamas pristatymas"},"95772":{"id":95772,"name":"Summer Detox Arbata + Summer Wellness Arbata + Geltonosios arbatos butelis","slug":"love-your-summer-body","date_created":{"date":"2021-06-16 15:56:42.000000","timezone_type":3,"timezone":"Europe\/Sofia"},"date_modified":{"date":"2024-09-23 12:25:33.000000","timezone_type":3,"timezone":"Europe\/Sofia"},"status":"publish","featured":false,"catalog_visibility":"visible","description":"","short_description":"","sku":"WOW-P-SETSWTBTY","price":"51.90","regular_price":"74.1","sale_price":"51.90","date_on_sale_from":null,"date_on_sale_to":null,"total_sales":"0","tax_status":"taxable","tax_class":"parent","manage_stock":false,"stock_quantity":null,"stock_status":"instock","backorders":"no","low_stock_amount":"","sold_individually":false,"weight":"","length":"","width":"","height":"","upsell_ids":[],"cross_sell_ids":[],"parent_id":95604,"reviews_allowed":false,"purchase_note":"","attributes":{"pa_summer-products":"summer-detox-tea-summer-wellness-tea-yellow-tea-bottle"},"default_attributes":[],"menu_order":2,"post_password":"","virtual":false,"downloadable":false,"category_ids":[],"tag_ids":[],"shipping_class_id":0,"downloads":[],"image_id":117625,"gallery_image_ids":[],"download_limit":-1,"download_expiry":-1,"rating_counts":[],"average_rating":0,"review_count":0,"attribute_summary":"Summer products: Summer Detox Arbata + Summer Wellness Arbata + Geltonosios arbatos butelis","meta_data":[{"id":541872,"key":"yst_prominent_words_version","value":"1"},{"id":541917,"key":"_gtin","value":""},{"id":541918,"key":"_variable_text_field_1","value":""},{"id":541919,"key":"_variable_text_field_2","value":""},{"id":541920,"key":"_variable_text_field_3","value":""},{"id":541921,"key":"fstr-p-sub","value":""},{"id":738456,"key":"_v_label_field","value":""},{"id":853283,"key":"_sold_variation_individually","value":"no"},{"id":1162095,"key":"oms_price_updated_at","value":"2024-09-23T09:03:48.704784Z"},{"id":1162096,"key":"_old_regular_price","value":"74.1"},{"id":1162097,"key":"_old_sale_price","value":"51.9"}],"price_html":"<del aria-hidden=\"true\"><span class=\"woocommerce-Price-amount amount\"><bdi>74.10<span class=\"woocommerce-Price-currencySymbol\">&euro;<\/span><\/bdi><\/span><\/del> <ins><span class=\"woocommerce-Price-amount amount\"><bdi>51.90<span class=\"woocommerce-Price-currencySymbol\">&euro;<\/span><\/bdi><\/span><\/ins>","image":"<img width=\"600\" height=\"600\" src=\"https:\/\/testing.wowtea.eu\/lt\/files\/2024\/05\/WOWTEA-web-PP-Summer-editions-Wellness-Upsale-wellnes-detox-bottle-600x600.png\" class=\"attachment-woocommerce_thumbnail size-woocommerce_thumbnail\" alt=\"\" loading=\"lazy\" srcset=\"https:\/\/testing.wowtea.eu\/lt\/files\/2024\/05\/WOWTEA-web-PP-Summer-editions-Wellness-Upsale-wellnes-detox-bottle.png 600w, https:\/\/testing.wowtea.eu\/lt\/files\/2024\/05\/WOWTEA-web-PP-Summer-editions-Wellness-Upsale-wellnes-detox-bottle-300x300.png 300w, https:\/\/testing.wowtea.eu\/lt\/files\/2024\/05\/WOWTEA-web-PP-Summer-editions-Wellness-Upsale-wellnes-detox-bottle-150x150.png 150w, https:\/\/testing.wowtea.eu\/lt\/files\/2024\/05\/WOWTEA-web-PP-Summer-editions-Wellness-Upsale-wellnes-detox-bottle-100x100.png 100w, https:\/\/testing.wowtea.eu\/lt\/files\/2024\/05\/WOWTEA-web-PP-Summer-editions-Wellness-Upsale-wellnes-detox-bottle-45x45.png 45w, https:\/\/testing.wowtea.eu\/lt\/files\/2024\/05\/WOWTEA-web-PP-Summer-editions-Wellness-Upsale-wellnes-detox-bottle-60x60.png 60w, https:\/\/testing.wowtea.eu\/lt\/files\/2024\/05\/WOWTEA-web-PP-Summer-editions-Wellness-Upsale-wellnes-detox-bottle-90x90.png 90w\" sizes=\"(max-width: 600px) 100vw, 600px\" \/>","free_delivery":"Nemokamas pristatymas"},"95646":{"id":95646,"name":"Summer SlimFit Arbata + Summer Wellness Arbata + Geltonosios arbatos butelis","slug":"summer-slimfit-%d1%87%d0%b0%d0%b9-summer-wellness-%d1%87%d0%b0%d0%b9-%d0%b6%d1%8a%d0%bb%d1%82%d0%b0-%d0%b1%d1%83%d1%82%d0%b8%d0%bb%d0%ba%d0%b0","date_created":{"date":"2021-06-16 13:27:15.000000","timezone_type":3,"timezone":"Europe\/Sofia"},"date_modified":{"date":"2024-09-23 12:26:38.000000","timezone_type":3,"timezone":"Europe\/Sofia"},"status":"publish","featured":false,"catalog_visibility":"visible","description":"","short_description":"","sku":"WOW-P-SSTSWTBTY","price":"51.90","regular_price":"74.1","sale_price":"51.90","date_on_sale_from":null,"date_on_sale_to":null,"total_sales":"0","tax_status":"taxable","tax_class":"parent","manage_stock":false,"stock_quantity":null,"stock_status":"instock","backorders":"no","low_stock_amount":"","sold_individually":false,"weight":"","length":"","width":"","height":"","upsell_ids":[],"cross_sell_ids":[],"parent_id":95604,"reviews_allowed":false,"purchase_note":"","attributes":{"pa_summer-products":"summer-slimfit-tea-summer-wellness-tea-yellow-bottle"},"default_attributes":[],"menu_order":3,"post_password":"","virtual":false,"downloadable":false,"category_ids":[],"tag_ids":[],"shipping_class_id":0,"downloads":[],"image_id":117653,"gallery_image_ids":[],"download_limit":0,"download_expiry":0,"rating_counts":[],"average_rating":0,"review_count":0,"attribute_summary":"Summer products: Summer SlimFit Arbata + Summer Wellness Arbata + Geltonosios arbatos butelis","meta_data":[{"id":540551,"key":"inline_featured_image","value":""},{"id":540552,"key":"yst_prominent_words_version","value":""},{"id":540553,"key":"_wp_page_template","value":""},{"id":540554,"key":"_post_badge","value":""},{"id":540555,"key":"_post_icon_1","value":""},{"id":540556,"key":"_post_icon_2","value":""},{"id":540557,"key":"_post_icon_3","value":""},{"id":540558,"key":"_post_icon_1_text","value":""},{"id":540559,"key":"_post_icon_2_text","value":""},{"id":540560,"key":"_post_icon_3_text","value":""},{"id":540561,"key":"_yoast_wpseo_primary_product_cat","value":""},{"id":540562,"key":"_yoast_wpseo_content_score","value":""},{"id":540563,"key":"_elementor_edit_mode","value":""},{"id":540564,"key":"_elementor_template_type","value":""},{"id":540565,"key":"_elementor_version","value":""},{"id":540566,"key":"_elementor_pro_version","value":""},{"id":540567,"key":"_oembed_b8e247034018ee4812190523170f8f1c","value":""},{"id":540568,"key":"_oembed_time_b8e247034018ee4812190523170f8f1c","value":""},{"id":540569,"key":"_wapl_label_type","value":""},{"id":540570,"key":"_wapl_label_text","value":""},{"id":540571,"key":"_wapl_label_style","value":""},{"id":540572,"key":"_wapl_label_align","value":""},{"id":540573,"key":"_wapl_custom_bg_color","value":""},{"id":540574,"key":"_wapl_custom_text_color","value":""},{"id":540575,"key":"_wapl_label_exclude","value":""},{"id":540576,"key":"fstr-p-sub","value":""},{"id":540577,"key":"fstr-iskit","value":""},{"id":540578,"key":"_mollie_voucher_category","value":""},{"id":540579,"key":"_yoast_wpseo_focuskeywords","value":""},{"id":540580,"key":"_pys_super_pack_cpt_url","value":""},{"id":540581,"key":"_pys_super_pack_cpt_condition","value":""},{"id":540582,"key":"_pys_super_pack_cpt_cart","value":""},{"id":540583,"key":"_gtin","value":""},{"id":540584,"key":"_oembed_d661647b67dd8a32b998f2d0708014be","value":""},{"id":540585,"key":"_oembed_time_d661647b67dd8a32b998f2d0708014be","value":""},{"id":540586,"key":"_foodplan","value":""},{"id":540587,"key":"_homegym","value":""},{"id":540588,"key":"_yogaplan","value":""},{"id":540589,"key":"yo-title-quote","value":""},{"id":540590,"key":"yo-title-quote-second","value":""},{"id":540591,"key":"panam-video","value":""},{"id":540592,"key":"_dp_original","value":""},{"id":540593,"key":"_wp_old_date","value":""},{"id":540594,"key":"_oembed_cccd389a7668e3aa6fc32fc5cb179ea6","value":""},{"id":540595,"key":"attach_general_products","value":""},{"id":540596,"key":"_variable_text_field_1","value":""},{"id":540597,"key":"_variable_text_field_2","value":""},{"id":540598,"key":"_variable_text_field_3","value":""},{"id":738457,"key":"_v_label_field","value":"Save 20%"},{"id":853284,"key":"_sold_variation_individually","value":"no"},{"id":1162154,"key":"oms_price_updated_at","value":"2024-09-23T09:04:48.073662Z"},{"id":1162155,"key":"_old_regular_price","value":"74.1"},{"id":1162156,"key":"_old_sale_price","value":"51.9"}],"price_html":"<del aria-hidden=\"true\"><span class=\"woocommerce-Price-amount amount\"><bdi>74.10<span class=\"woocommerce-Price-currencySymbol\">&euro;<\/span><\/bdi><\/span><\/del> <ins><span class=\"woocommerce-Price-amount amount\"><bdi>51.90<span class=\"woocommerce-Price-currencySymbol\">&euro;<\/span><\/bdi><\/span><\/ins>","image":"<img width=\"600\" height=\"600\" src=\"https:\/\/testing.wowtea.eu\/lt\/files\/2021\/06\/WOWTEA-web-Shop-Summer-editions-love-your-summer-body-wellness-slimfit-600x600.png\" class=\"attachment-woocommerce_thumbnail size-woocommerce_thumbnail\" alt=\"\" loading=\"lazy\" srcset=\"https:\/\/testing.wowtea.eu\/lt\/files\/2021\/06\/WOWTEA-web-Shop-Summer-editions-love-your-summer-body-wellness-slimfit.png 600w, https:\/\/testing.wowtea.eu\/lt\/files\/2021\/06\/WOWTEA-web-Shop-Summer-editions-love-your-summer-body-wellness-slimfit-300x300.png 300w, https:\/\/testing.wowtea.eu\/lt\/files\/2021\/06\/WOWTEA-web-Shop-Summer-editions-love-your-summer-body-wellness-slimfit-150x150.png 150w, https:\/\/testing.wowtea.eu\/lt\/files\/2021\/06\/WOWTEA-web-Shop-Summer-editions-love-your-summer-body-wellness-slimfit-100x100.png 100w, https:\/\/testing.wowtea.eu\/lt\/files\/2021\/06\/WOWTEA-web-Shop-Summer-editions-love-your-summer-body-wellness-slimfit-45x45.png 45w, https:\/\/testing.wowtea.eu\/lt\/files\/2021\/06\/WOWTEA-web-Shop-Summer-editions-love-your-summer-body-wellness-slimfit-60x60.png 60w, https:\/\/testing.wowtea.eu\/lt\/files\/2021\/06\/WOWTEA-web-Shop-Summer-editions-love-your-summer-body-wellness-slimfit-90x90.png 90w\" sizes=\"(max-width: 600px) 100vw, 600px\" \/>","free_delivery":"Nemokamas pristatymas"}},"free_delivery":false,"currency_name":"&euro;","_links":{"self":[{"href":"https:\/\/testing.wowtea.eu\/lt\/wp-json\/wp\/v2\/product\/95604"}],"collection":[{"href":"https:\/\/testing.wowtea.eu\/lt\/wp-json\/wp\/v2\/product"}],"about":[{"href":"https:\/\/testing.wowtea.eu\/lt\/wp-json\/wp\/v2\/types\/product"}],"replies":[{"embeddable":true,"href":"https:\/\/testing.wowtea.eu\/lt\/wp-json\/wp\/v2\/comments?post=95604"}],"version-history":[{"count":0,"href":"https:\/\/testing.wowtea.eu\/lt\/wp-json\/wp\/v2\/product\/95604\/revisions"}],"wp:featuredmedia":[{"embeddable":true,"href":"https:\/\/testing.wowtea.eu\/lt\/wp-json\/wp\/v2\/media\/117553"}],"wp:attachment":[{"href":"https:\/\/testing.wowtea.eu\/lt\/wp-json\/wp\/v2\/media?parent=95604"}],"wp:term":[{"taxonomy":"product_cat","embeddable":true,"href":"https:\/\/testing.wowtea.eu\/lt\/wp-json\/wp\/v2\/product_cat?post=95604"},{"taxonomy":"product_tag","embeddable":true,"href":"https:\/\/testing.wowtea.eu\/lt\/wp-json\/wp\/v2\/product_tag?post=95604"}],"curies":[{"name":"wp","href":"https:\/\/api.w.org\/{rel}","templated":true}]}}