{"id":404,"date":"2020-07-07T16:02:04","date_gmt":"2020-07-07T13:02:04","guid":{"rendered":"https:\/\/testing.wowtea.eu\/lv\/?page_id=404"},"modified":"2024-04-10T10:10:18","modified_gmt":"2024-04-10T07:10:18","slug":"about-us","status":"publish","type":"page","link":"https:\/\/testing.wowtea.eu\/lv\/about-us\/","title":{"rendered":"Par mums"},"content":{"rendered":"\t\t<div data-elementor-type=\"wp-page\" data-elementor-id=\"404\" class=\"elementor elementor-404\">\n\t\t\t\t\t\t<div class=\"elementor-inner\">\n\t\t\t\t<div class=\"elementor-section-wrap\">\n\t\t\t\t\t\t\t\t\t<section class=\"elementor-section elementor-top-section elementor-element elementor-element-d6cf8f3 elementor-section-boxed elementor-section-height-default elementor-section-height-default\" data-id=\"d6cf8f3\" data-element_type=\"section\" data-settings=\"{&quot;background_background&quot;:&quot;classic&quot;}\">\n\t\t\t\t\t\t<div class=\"elementor-container elementor-column-gap-default\">\n\t\t\t\t\t\t\t<div class=\"elementor-row\">\n\t\t\t\t\t<div class=\"elementor-column elementor-col-100 elementor-top-column elementor-element elementor-element-dc62397\" data-id=\"dc62397\" data-element_type=\"column\">\n\t\t\t<div class=\"elementor-column-wrap elementor-element-populated\">\n\t\t\t\t\t\t\t<div class=\"elementor-widget-wrap\">\n\t\t\t\t\t\t<div class=\"elementor-element elementor-element-52fb684 elementor-widget elementor-widget-image\" data-id=\"52fb684\" data-element_type=\"widget\" data-widget_type=\"image.default\">\n\t\t\t\t<div class=\"elementor-widget-container\">\n\t\t\t\t\t\t\t\t<div class=\"elementor-image\">\n\t\t\t\t\t\t\t\t\t\t\t\t<img width=\"768\" height=\"399\" src=\"https:\/\/testing.wowtea.eu\/lv\/files\/2021\/04\/about_us_wow_team-768x399.png\" class=\"attachment-medium_large size-medium_large wp-image-96773\" alt=\"\" loading=\"lazy\" srcset=\"https:\/\/testing.wowtea.eu\/lv\/files\/2021\/04\/about_us_wow_team-768x399.png 768w, https:\/\/testing.wowtea.eu\/lv\/files\/2021\/04\/about_us_wow_team-300x156.png 300w, https:\/\/testing.wowtea.eu\/lv\/files\/2021\/04\/about_us_wow_team-1024x532.png 1024w, https:\/\/testing.wowtea.eu\/lv\/files\/2021\/04\/about_us_wow_team-1536x798.png 1536w, https:\/\/testing.wowtea.eu\/lv\/files\/2021\/04\/about_us_wow_team-2048x1064.png 2048w, https:\/\/testing.wowtea.eu\/lv\/files\/2021\/04\/about_us_wow_team-600x312.png 600w\" sizes=\"(max-width: 768px) 100vw, 768px\" \/>\t\t\t\t\t\t\t\t\t\t\t\t\t\t<\/div>\n\t\t\t\t\t\t<\/div>\n\t\t\t\t<\/div>\n\t\t\t\t<div class=\"elementor-element elementor-element-1cc963c elementor-widget elementor-widget-video\" data-id=\"1cc963c\" data-element_type=\"widget\" data-settings=\"{&quot;youtube_url&quot;:&quot;https:\\\/\\\/www.youtube.com\\\/watch?v=FkOxPwUIr0w&quot;,&quot;modestbranding&quot;:&quot;yes&quot;,&quot;show_image_overlay&quot;:&quot;yes&quot;,&quot;image_overlay&quot;:{&quot;url&quot;:&quot;https:\\\/\\\/testing.wowtea.eu\\\/lv\\\/wp-content\\\/uploads\\\/2020\\\/10\\\/video-thumbnail.jpg&quot;,&quot;id&quot;:73009,&quot;size&quot;:&quot;&quot;},&quot;video_type&quot;:&quot;youtube&quot;,&quot;controls&quot;:&quot;yes&quot;}\" data-widget_type=\"video.default\">\n\t\t\t\t<div class=\"elementor-widget-container\">\n\t\t\t\t\t<div class=\"elementor-wrapper elementor-open-inline\">\n\t\t\t<div class=\"elementor-video\"><\/div>\t\t\t\t<div class=\"elementor-custom-embed-image-overlay\" style=\"background-image: url(https:\/\/testing.wowtea.eu\/lv\/files\/2020\/10\/video-thumbnail.jpg);\">\n\t\t\t\t\t\t\t\t\t\t\t\t\t\t\t\t<div class=\"elementor-custom-embed-play\" role=\"button\" aria-label=\"Play Video\" tabindex=\"0\">\n\t\t\t\t\t\t\t<i aria-hidden=\"true\" class=\"eicon-play\"><\/i>\t\t\t\t\t\t\t<span class=\"elementor-screen-only\">Play Video<\/span>\n\t\t\t\t\t\t<\/div>\n\t\t\t\t\t\t\t\t\t<\/div>\n\t\t\t\t\t<\/div>\n\t\t\t\t<\/div>\n\t\t\t\t<\/div>\n\t\t\t\t\t\t<\/div>\n\t\t\t\t\t<\/div>\n\t\t<\/div>\n\t\t\t\t\t\t\t\t<\/div>\n\t\t\t\t\t<\/div>\n\t\t<\/section>\n\t\t\t\t<section class=\"elementor-section elementor-top-section elementor-element elementor-element-bebf8f8 elementor-section-boxed elementor-section-height-default elementor-section-height-default\" data-id=\"bebf8f8\" data-element_type=\"section\" data-settings=\"{&quot;background_background&quot;:&quot;classic&quot;}\">\n\t\t\t\t\t\t<div class=\"elementor-container elementor-column-gap-default\">\n\t\t\t\t\t\t\t<div class=\"elementor-row\">\n\t\t\t\t\t<div class=\"elementor-column elementor-col-100 elementor-top-column elementor-element elementor-element-72cc45a\" data-id=\"72cc45a\" data-element_type=\"column\">\n\t\t\t<div class=\"elementor-column-wrap elementor-element-populated\">\n\t\t\t\t\t\t\t<div class=\"elementor-widget-wrap\">\n\t\t\t\t\t\t<div class=\"elementor-element elementor-element-f335344 elementor-widget elementor-widget-custom_title\" data-id=\"f335344\" data-element_type=\"widget\" data-widget_type=\"custom_title.default\">\n\t\t\t\t<div class=\"elementor-widget-container\">\n\t\t\t      <!-- border_title center_border -->\n      \n               <div class=\"custom_title\"  >\n            <h2 class=\"title border_title center \"><span>Iek\u0161\u0113jais skaistums izpau\u017eas \u0101r\u0113j\u0101 t\u0113l\u0101<\/span> <small style=\"order: -1\">M\u016bsu moto ...<\/small><\/h2>\n         <\/div>\n      \n\n   \t\t<\/div>\n\t\t\t\t<\/div>\n\t\t\t\t<div class=\"elementor-element elementor-element-f444cdf elementor-widget elementor-widget-text-editor\" data-id=\"f444cdf\" data-element_type=\"widget\" data-widget_type=\"text-editor.default\">\n\t\t\t\t<div class=\"elementor-widget-container\">\n\t\t\t\t\t\t\t\t<div class=\"elementor-text-editor elementor-clearfix\">\n\t\t\t\t<p>M\u0113s v\u0113lamies, lai j\u016bs izskat\u012btos un justos visvislab\u0101k. M\u0113s ticam dabas sp\u0113kam, sportiskam garam, t\u012brai p\u0101rtikai un \u0137ermenim bez toks\u012bniem. Tas viss ir ieg\u016bstams ar m\u016bsu premium t\u0113jas mais\u012bjumu pal\u012bdz\u012bbu! Neatkar\u012bgi no t\u0101, vai jums ir fitnesa modeles augums vai apr\u016bp\u0113jat b\u0113rnus m\u0101j\u0101s, m\u016bsu t\u0113jas pal\u012bdz\u0113s jums vislab\u0101k izskat\u012bties un justies! M\u0113s lepojamies ar saviem izstr\u0101d\u0101jumiem un cilv\u0113kiem, kas tos ra\u017eo! M\u0113s izmantojam tikai augstas kvalit\u0101tes dab\u012bgas sast\u0101vda\u013cas un savienojam \u0161\u012bs r\u016bp\u012bgi atlas\u012bt\u0101s, dabas veltes, lai pied\u0101v\u0101tu lab\u0101kos svara zaud\u0113\u0161anas l\u012bdzek\u013cus tirg\u016b par pie\u0146emamu cenu! (M\u0113s ar\u012b dom\u0101jam, ka pasaule b\u016btu lab\u0101ka, ja visi pavad\u012btu 15 min\u016btes dien\u0101, baudot tasi t\u0113jas.)<\/p>\t\t\t\t\t<\/div>\n\t\t\t\t\t\t<\/div>\n\t\t\t\t<\/div>\n\t\t\t\t\t\t<\/div>\n\t\t\t\t\t<\/div>\n\t\t<\/div>\n\t\t\t\t\t\t\t\t<\/div>\n\t\t\t\t\t<\/div>\n\t\t<\/section>\n\t\t\t\t<section class=\"elementor-section elementor-top-section elementor-element elementor-element-ee8de64 elementor-section-content-middle elementor-section-boxed elementor-section-height-default elementor-section-height-default\" data-id=\"ee8de64\" data-element_type=\"section\">\n\t\t\t\t\t\t<div class=\"elementor-container elementor-column-gap-default\">\n\t\t\t\t\t\t\t<div class=\"elementor-row\">\n\t\t\t\t\t<div class=\"elementor-column elementor-col-50 elementor-top-column elementor-element elementor-element-eb0af62\" data-id=\"eb0af62\" data-element_type=\"column\">\n\t\t\t<div class=\"elementor-column-wrap elementor-element-populated\">\n\t\t\t\t\t\t\t<div class=\"elementor-widget-wrap\">\n\t\t\t\t\t\t<div class=\"elementor-element elementor-element-3f2abd7 elementor-widget elementor-widget-image\" data-id=\"3f2abd7\" data-element_type=\"widget\" data-widget_type=\"image.default\">\n\t\t\t\t<div class=\"elementor-widget-container\">\n\t\t\t\t\t\t\t\t<div class=\"elementor-image\">\n\t\t\t\t\t\t\t\t\t\t\t\t<img width=\"576\" height=\"478\" src=\"https:\/\/testing.wowtea.eu\/lv\/files\/2020\/10\/about-us-1.jpg\" class=\"attachment-large size-large wp-image-72864\" alt=\"about-us-office\" loading=\"lazy\" srcset=\"https:\/\/testing.wowtea.eu\/lv\/files\/2020\/10\/about-us-1.jpg 576w, https:\/\/testing.wowtea.eu\/lv\/files\/2020\/10\/about-us-1-300x249.jpg 300w\" sizes=\"(max-width: 576px) 100vw, 576px\" \/>\t\t\t\t\t\t\t\t\t\t\t\t\t\t<\/div>\n\t\t\t\t\t\t<\/div>\n\t\t\t\t<\/div>\n\t\t\t\t\t\t<\/div>\n\t\t\t\t\t<\/div>\n\t\t<\/div>\n\t\t\t\t<div class=\"elementor-column elementor-col-50 elementor-top-column elementor-element elementor-element-68ffd8d\" data-id=\"68ffd8d\" data-element_type=\"column\">\n\t\t\t<div class=\"elementor-column-wrap elementor-element-populated\">\n\t\t\t\t\t\t\t<div class=\"elementor-widget-wrap\">\n\t\t\t\t\t\t<div class=\"elementor-element elementor-element-918d2f4 elementor-widget elementor-widget-custom_title\" data-id=\"918d2f4\" data-element_type=\"widget\" data-widget_type=\"custom_title.default\">\n\t\t\t\t<div class=\"elementor-widget-container\">\n\t\t\t      <!-- border_title center_border -->\n      \n               <div class=\"custom_title\"  >\n            <h2 class=\"title border_title center \"><span>Rad\u012bts un veidots Eirop\u0101.<\/span> <\/h2>\n         <\/div>\n      \n\n   \t\t<\/div>\n\t\t\t\t<\/div>\n\t\t\t\t<div class=\"elementor-element elementor-element-bd1fbe2 elementor-widget elementor-widget-text-editor\" data-id=\"bd1fbe2\" data-element_type=\"widget\" data-widget_type=\"text-editor.default\">\n\t\t\t\t<div class=\"elementor-widget-container\">\n\t\t\t\t\t\t\t\t<div class=\"elementor-text-editor elementor-clearfix\">\n\t\t\t\t<p><span data-sheets-value=\"{&quot;1&quot;:2,&quot;2&quot;:&quot;Visi \u0161ie augst\u0101k\u0101s kvalit\u0101tes produkti ir ra\u017eoti m\u016bsu dzimtaj\u0101 pils\u0113t\u0101 Sofij\u0101 un stingri p\u0101rbaud\u012bti uz WOW meiten\u0113m. M\u016bsu zin\u0101tnieku, di\u0113tas ekspertu, m\u0101rketinga un dizaina speci\u0101listu komanda katru dienu smagi str\u0101d\u0101, lai pied\u0101v\u0101tu visefekt\u012bv\u0101kos un pievilc\u012bg\u0101kos svara kontroles produktus... Jo \u0101r\u0113jais izskats ir svar\u012bgs!&quot;}\" data-sheets-userformat=\"{&quot;2&quot;:13249,&quot;3&quot;:{&quot;1&quot;:0},&quot;9&quot;:1,&quot;10&quot;:1,&quot;11&quot;:4,&quot;12&quot;:0,&quot;15&quot;:&quot;Comfortaa&quot;,&quot;16&quot;:10}\">Visi \u0161ie augst\u0101k\u0101s kvalit\u0101tes produkti ir ra\u017eoti m\u016bsu dzimtaj\u0101 pils\u0113t\u0101 Sofij\u0101 un stingri p\u0101rbaud\u012bti uz WOW meiten\u0113m. M\u016bsu zin\u0101tnieku, di\u0113tas ekspertu, m\u0101rketinga un dizaina speci\u0101listu komanda katru dienu smagi str\u0101d\u0101, lai pied\u0101v\u0101tu visefekt\u012bv\u0101kos un pievilc\u012bg\u0101kos svara kontroles produktus&#8230; Jo \u0101r\u0113jais izskats ir svar\u012bgs!<\/span><\/p>\t\t\t\t\t<\/div>\n\t\t\t\t\t\t<\/div>\n\t\t\t\t<\/div>\n\t\t\t\t\t\t<\/div>\n\t\t\t\t\t<\/div>\n\t\t<\/div>\n\t\t\t\t\t\t\t\t<\/div>\n\t\t\t\t\t<\/div>\n\t\t<\/section>\n\t\t\t\t<section class=\"elementor-section elementor-top-section elementor-element elementor-element-35bc089 elementor-section-content-middle elementor-reverse-mobile elementor-section-boxed elementor-section-height-default elementor-section-height-default\" data-id=\"35bc089\" data-element_type=\"section\">\n\t\t\t\t\t\t<div class=\"elementor-container elementor-column-gap-default\">\n\t\t\t\t\t\t\t<div class=\"elementor-row\">\n\t\t\t\t\t<div class=\"elementor-column elementor-col-50 elementor-top-column elementor-element elementor-element-eaac687\" data-id=\"eaac687\" data-element_type=\"column\">\n\t\t\t<div class=\"elementor-column-wrap elementor-element-populated\">\n\t\t\t\t\t\t\t<div class=\"elementor-widget-wrap\">\n\t\t\t\t\t\t<div class=\"elementor-element elementor-element-3bb83e2 elementor-widget elementor-widget-custom_title\" data-id=\"3bb83e2\" data-element_type=\"widget\" data-widget_type=\"custom_title.default\">\n\t\t\t\t<div class=\"elementor-widget-container\">\n\t\t\t      <!-- border_title center_border -->\n      \n               <div class=\"custom_title\"  >\n            <h2 class=\"title border_title center \"><span>Tas liek tev lepoties.<\/span> <\/h2>\n         <\/div>\n      \n\n   \t\t<\/div>\n\t\t\t\t<\/div>\n\t\t\t\t<div class=\"elementor-element elementor-element-38fac7d elementor-widget elementor-widget-text-editor\" data-id=\"38fac7d\" data-element_type=\"widget\" data-widget_type=\"text-editor.default\">\n\t\t\t\t<div class=\"elementor-widget-container\">\n\t\t\t\t\t\t\t\t<div class=\"elementor-text-editor elementor-clearfix\">\n\t\t\t\t<p><span data-sheets-value=\"{&quot;1&quot;:2,&quot;2&quot;:&quot;Jau no pirm\u0101s dienas m\u0113s vienm\u0113r esam pie\u0146\u0113mu\u0161i l\u0113mumus, ar kuriem tu var\u0113tu lepoties! M\u0113s nekad neesam izmantoju\u0161i dz\u012bvnieku izcelsmes sast\u0101vda\u013cas, visi m\u016bsu produkti ir piem\u0113roti veg\u0101niem, un pats galvenais - m\u0113s nekad neesam izmantoju\u0161i sint\u0113tiskas smar\u017evielas vai m\u0101ksl\u012bg\u0101s kr\u0101svielas!&quot;}\" data-sheets-userformat=\"{&quot;2&quot;:15297,&quot;3&quot;:{&quot;1&quot;:0},&quot;9&quot;:1,&quot;10&quot;:1,&quot;11&quot;:4,&quot;12&quot;:0,&quot;14&quot;:{&quot;1&quot;:2,&quot;2&quot;:1775897},&quot;15&quot;:&quot;Comfortaa&quot;,&quot;16&quot;:10}\">Jau no pirm\u0101s dienas m\u0113s vienm\u0113r esam pie\u0146\u0113mu\u0161i l\u0113mumus, ar kuriem tu var\u0113tu lepoties! M\u0113s nekad neesam izmantoju\u0161i dz\u012bvnieku izcelsmes sast\u0101vda\u013cas, visi m\u016bsu produkti ir piem\u0113roti veg\u0101niem, un pats galvenais &#8211; m\u0113s nekad neesam izmantoju\u0161i sint\u0113tiskas smar\u017evielas vai m\u0101ksl\u012bg\u0101s kr\u0101svielas!<\/span><\/p>\t\t\t\t\t<\/div>\n\t\t\t\t\t\t<\/div>\n\t\t\t\t<\/div>\n\t\t\t\t\t\t<\/div>\n\t\t\t\t\t<\/div>\n\t\t<\/div>\n\t\t\t\t<div class=\"elementor-column elementor-col-50 elementor-top-column elementor-element elementor-element-1609895\" data-id=\"1609895\" data-element_type=\"column\">\n\t\t\t<div class=\"elementor-column-wrap elementor-element-populated\">\n\t\t\t\t\t\t\t<div class=\"elementor-widget-wrap\">\n\t\t\t\t\t\t<div class=\"elementor-element elementor-element-c4aaf5c elementor-widget elementor-widget-image\" data-id=\"c4aaf5c\" data-element_type=\"widget\" data-widget_type=\"image.default\">\n\t\t\t\t<div class=\"elementor-widget-container\">\n\t\t\t\t\t\t\t\t<div class=\"elementor-image\">\n\t\t\t\t\t\t\t\t\t\t\t\t<img width=\"576\" height=\"478\" src=\"https:\/\/testing.wowtea.eu\/lv\/files\/2021\/01\/about-us-2.jpg\" class=\"attachment-large size-large wp-image-91412\" alt=\"\" loading=\"lazy\" srcset=\"https:\/\/testing.wowtea.eu\/lv\/files\/2021\/01\/about-us-2.jpg 576w, https:\/\/testing.wowtea.eu\/lv\/files\/2021\/01\/about-us-2-300x249.jpg 300w\" sizes=\"(max-width: 576px) 100vw, 576px\" \/>\t\t\t\t\t\t\t\t\t\t\t\t\t\t<\/div>\n\t\t\t\t\t\t<\/div>\n\t\t\t\t<\/div>\n\t\t\t\t\t\t<\/div>\n\t\t\t\t\t<\/div>\n\t\t<\/div>\n\t\t\t\t\t\t\t\t<\/div>\n\t\t\t\t\t<\/div>\n\t\t<\/section>\n\t\t\t\t\t\t\t\t\t<\/div>\n\t\t\t<\/div>\n\t\t\t\t\t<\/div>\n\t\t","protected":false},"excerpt":{"rendered":"<p>Iek\u0161\u0113jais skaistums izpau\u017eas \u0101r\u0113j\u0101 t\u0113l\u0101 M\u016bsu moto &#8230; M\u0113s v\u0113lamies, lai j\u016bs izskat\u012btos un justos visvislab\u0101k. M\u0113s ticam dabas sp\u0113kam, sportiskam garam, t\u012brai p\u0101rtikai un \u0137ermenim bez toks\u012bniem. Tas viss ir ieg\u016bstams ar m\u016bsu premium t\u0113jas mais\u012bjumu pal\u012bdz\u012bbu! Neatkar\u012bgi no t\u0101, vai jums ir fitnesa modeles augums vai apr\u016bp\u0113jat b\u0113rnus m\u0101j\u0101s, m\u016bsu t\u0113jas pal\u012bdz\u0113s jums vislab\u0101k izskat\u012bties un justies! M\u0113s lepojamies ar saviem izstr\u0101d\u0101jumiem un cilv\u0113kiem, kas tos ra\u017eo! M\u0113s izmantojam tikai augstas kvalit\u0101tes dab\u012bgas sast\u0101vda\u013cas un savienojam \u0161\u012bs r\u016bp\u012bgi atlas\u012bt\u0101s, dabas veltes, lai pied\u0101v\u0101tu lab\u0101kos svara zaud\u0113\u0161anas l\u012bdzek\u013cus tirg\u016b par pie\u0146emamu cenu! (M\u0113s ar\u012b dom\u0101jam, ka pasaule b\u016btu lab\u0101ka, [&hellip;]<\/p>\n","protected":false},"author":1,"featured_media":0,"parent":0,"menu_order":0,"comment_status":"closed","ping_status":"closed","template":"","meta":{"inline_featured_image":false},"acf":[],"_links":{"self":[{"href":"https:\/\/testing.wowtea.eu\/lv\/wp-json\/wp\/v2\/pages\/404"}],"collection":[{"href":"https:\/\/testing.wowtea.eu\/lv\/wp-json\/wp\/v2\/pages"}],"about":[{"href":"https:\/\/testing.wowtea.eu\/lv\/wp-json\/wp\/v2\/types\/page"}],"author":[{"embeddable":true,"href":"https:\/\/testing.wowtea.eu\/lv\/wp-json\/wp\/v2\/users\/1"}],"replies":[{"embeddable":true,"href":"https:\/\/testing.wowtea.eu\/lv\/wp-json\/wp\/v2\/comments?post=404"}],"version-history":[{"count":0,"href":"https:\/\/testing.wowtea.eu\/lv\/wp-json\/wp\/v2\/pages\/404\/revisions"}],"wp:attachment":[{"href":"https:\/\/testing.wowtea.eu\/lv\/wp-json\/wp\/v2\/media?parent=404"}],"curies":[{"name":"wp","href":"https:\/\/api.w.org\/{rel}","templated":true}]}}