{"id":126197,"date":"2024-06-12T08:46:23","date_gmt":"2024-06-12T05:46:23","guid":{"rendered":"https:\/\/testing.wowtea.eu\/lv\/?post_type=product&#038;p=126197"},"modified":"2024-09-23T12:36:06","modified_gmt":"2024-09-23T09:36:06","slug":"grande-tropicana-box","status":"publish","type":"product","link":"https:\/\/testing.wowtea.eu\/lv\/product\/grande-tropicana-box\/","title":{"rendered":"GRANDE TROPICANA BOX"},"content":{"rendered":"\t\t<div data-elementor-type=\"product-post\" data-elementor-id=\"126197\" class=\"elementor elementor-126197\">\n\t\t\t\t\t\t<div class=\"elementor-inner\">\n\t\t\t\t<div class=\"elementor-section-wrap\">\n\t\t\t\t\t\t\t\t\t<section class=\"elementor-section elementor-top-section elementor-element elementor-element-9c5e15f elementor-section-boxed elementor-section-height-default elementor-section-height-default\" data-id=\"9c5e15f\" data-element_type=\"section\">\n\t\t\t\t\t\t<div class=\"elementor-container elementor-column-gap-default\">\n\t\t\t\t\t\t\t<div class=\"elementor-row\">\n\t\t\t\t\t<div class=\"elementor-column elementor-col-100 elementor-top-column elementor-element elementor-element-b3f23a2\" data-id=\"b3f23a2\" data-element_type=\"column\">\n\t\t\t<div class=\"elementor-column-wrap\">\n\t\t\t\t\t\t\t<div class=\"elementor-widget-wrap\">\n\t\t\t\t\t\t\t\t<\/div>\n\t\t\t\t\t<\/div>\n\t\t<\/div>\n\t\t\t\t\t\t\t\t<\/div>\n\t\t\t\t\t<\/div>\n\t\t<\/section>\n\t\t\t\t<section class=\"elementor-section elementor-top-section elementor-element elementor-element-7ca9a5d elementor-section-boxed elementor-section-height-default elementor-section-height-default\" data-id=\"7ca9a5d\" data-element_type=\"section\" data-settings=\"{&quot;background_background&quot;:&quot;classic&quot;}\">\n\t\t\t\t\t\t<div class=\"elementor-container elementor-column-gap-default\">\n\t\t\t\t\t\t\t<div class=\"elementor-row\">\n\t\t\t\t\t<div class=\"elementor-column elementor-col-100 elementor-top-column elementor-element elementor-element-f916aec\" data-id=\"f916aec\" data-element_type=\"column\" data-settings=\"{&quot;background_background&quot;:&quot;classic&quot;}\">\n\t\t\t<div class=\"elementor-column-wrap elementor-element-populated\">\n\t\t\t\t\t\t\t<div class=\"elementor-widget-wrap\">\n\t\t\t\t\t\t<div class=\"elementor-element elementor-element-1413612 elementor-widget elementor-widget-heading\" data-id=\"1413612\" data-element_type=\"widget\" data-widget_type=\"heading.default\">\n\t\t\t\t<div class=\"elementor-widget-container\">\n\t\t\t<h2 class=\"elementor-heading-title elementor-size-default\"><p style=\"text-align: center;color: crimson;font-size: 40px\">Ko tu sa\u0146emsi iepakojum\u0101<span style=\"font-size: 28px\"><\/span><\/p><\/h2>\t\t<\/div>\n\t\t\t\t<\/div>\n\t\t\t\t<div class=\"elementor-element elementor-element-4e94e94 elementor-widget elementor-widget-pp-info-box-carousel\" data-id=\"4e94e94\" data-element_type=\"widget\" data-settings=\"{&quot;equal_height_boxes&quot;:&quot;yes&quot;}\" data-widget_type=\"pp-info-box-carousel.default\">\n\t\t\t\t<div class=\"elementor-widget-container\">\n\t\t\t\t\t<div class=\"swiper-container-wrap pp-info-box-carousel-wrap swiper-container-wrap-dots-outside\">\n\t\t\t<div class=\"pp-info-box pp-info-box-carousel swiper-container swiper-container-4e94e94\" data-pagination=\".swiper-pagination-4e94e94\" data-arrow-next=\".swiper-button-next-4e94e94\" data-arrow-prev=\".swiper-button-prev-4e94e94\" data-slider-settings=\"{&quot;direction&quot;:&quot;horizontal&quot;,&quot;effect&quot;:&quot;slide&quot;,&quot;speed&quot;:600,&quot;slidesPerView&quot;:2,&quot;spaceBetween&quot;:15,&quot;grabCursor&quot;:false,&quot;autoHeight&quot;:true,&quot;loop&quot;:true,&quot;autoplay&quot;:{&quot;delay&quot;:999999,&quot;disableOnInteraction&quot;:false},&quot;pagination&quot;:{&quot;el&quot;:&quot;.swiper-pagination-4e94e94&quot;,&quot;type&quot;:&quot;bullets&quot;,&quot;clickable&quot;:true},&quot;navigation&quot;:{&quot;nextEl&quot;:&quot;.swiper-button-next-4e94e94&quot;,&quot;prevEl&quot;:&quot;.swiper-button-prev-4e94e94&quot;},&quot;breakpoints&quot;:{&quot;1025&quot;:{&quot;slidesPerView&quot;:2,&quot;spaceBetween&quot;:15},&quot;768&quot;:{&quot;slidesPerView&quot;:2,&quot;spaceBetween&quot;:10},&quot;320&quot;:{&quot;slidesPerView&quot;:1,&quot;spaceBetween&quot;:10}}}\">\n\t\t\t\t<div class=\"swiper-wrapper\">\n\t\t\t\t\t\t\t\t\t<div class=\"swiper-slide\">\n\t\t\t\t\t\t<div class=\"pp-info-box-content-wrap\">\n\t\t\t\t\t\t\t\t\t\t\t\t\t\t\t\t\t\t\t\t\t\t<div class=\"pp-info-box-icon-wrap\">\n\t\t\t\t\t\t\t\t\t\t\t\t\t\t\t\t\t\t\t\t\t<span class=\"pp-info-box-icon pp-icon\">\n\t\t\t\t\t\t\t\t\t<img src=\"https:\/\/testing.wowtea.eu\/wp-content\/uploads\/2021\/06\/Product-Images-Summer-Detox-1-1.png\">\t\t\t\t\t\t\t<\/span>\n\t\t\t\t\t\t\t\t\t\t\t\t\t\t\t\t\t\t\t\t<\/div>\n\t\t\t\t\t\t\t\t\t\t\t\t\t\t<div class=\"pp-info-box-content\">\n\t\t\t\t\t\t\t\t<div class=\"pp-info-box-title-wrap\">\n\t\t\t\t\t\t\t\t\t<div class=\"pp-info-box-title-container\"><h2 class=\"pp-info-box-title\">Summer Tropicana Detox t\u0113ja<\/h2><\/div>\t\t\t\t\t\t\t\t<\/div>\n\n\t\t\t\t\t\t\t\t\n\t\t\t\t\t\t\t\t\t\t\t\t\t\t\t\t\t<div class=\"pp-info-box-description\">\n\t\t\t\t\t\t\t\t\t\t  <ul style=\"font-size:13px\"><br \/>\n    <li><i class=\"fas fa-check\" style=\"color: crimson\"><\/i> <b>\u0100tri iedarb\u012bgs vasaras detoksik\u0101cijas l\u012bdzeklis<\/b><\/li><br \/>\n    <li><i class=\"fas fa-check\" style=\"color: crimson\"><\/i> <b>Izvada toks\u012bnus un \u016bdens aizturi.<\/b><\/li><br \/>\n    <li><i class=\"fas fa-check\" style=\"color: crimson\"><\/i> <b>Pa\u0101trina vielmai\u0146u un gremo\u0161anu <\/b><\/li><br \/>\n    <li><i class=\"fas fa-check\" style=\"color: crimson\"><\/i> <b>Redzami ietekm\u0113 vasaras viduk\u013ca l\u012bniju<\/b><\/li><br \/>\n    <li><i class=\"fas fa-check\" style=\"color: crimson\"><\/i> <b>Atsvaidzino\u0161a tropu citrusaug\u013cu gar\u0161a.<\/b><\/li><br \/>\n    <\/ul>\t\t\t\t\t\t\t\t\t<\/div>\n\t\t\t\t\t\t\t\t\t\t\t\t\t\t\t\t\t\n\t\t\t\t\t\t\t\t\t\t\t\t\t\t\t\t\t\t\t\t\t\t\t<\/div>\n\t\t\t\t\t\t<\/div>\n\t\t\t\t\t<\/div>\n\t\t\t\t\t\t\t\t\t\t<div class=\"swiper-slide\">\n\t\t\t\t\t\t<div class=\"pp-info-box-content-wrap\">\n\t\t\t\t\t\t\t\t\t\t\t\t\t\t\t\t\t\t\t\t\t\t<div class=\"pp-info-box-icon-wrap\">\n\t\t\t\t\t\t\t\t\t\t\t\t\t\t\t\t\t\t\t\t\t<span class=\"pp-info-box-icon pp-icon\">\n\t\t\t\t\t\t\t\t\t<img src=\"https:\/\/testing.wowtea.eu\/wp-content\/uploads\/2021\/06\/Product-Images-Summer-Slimfit.png\">\t\t\t\t\t\t\t<\/span>\n\t\t\t\t\t\t\t\t\t\t\t\t\t\t\t\t\t\t\t\t<\/div>\n\t\t\t\t\t\t\t\t\t\t\t\t\t\t<div class=\"pp-info-box-content\">\n\t\t\t\t\t\t\t\t<div class=\"pp-info-box-title-wrap\">\n\t\t\t\t\t\t\t\t\t<div class=\"pp-info-box-title-container\"><h2 class=\"pp-info-box-title\">Summer Tropicana Slimfit t\u0113ja<\/h2><\/div>\t\t\t\t\t\t\t\t<\/div>\n\n\t\t\t\t\t\t\t\t\n\t\t\t\t\t\t\t\t\t\t\t\t\t\t\t\t\t<div class=\"pp-info-box-description\">\n\t\t\t\t\t\t\t\t\t\t  <ul style=\"font-size:13px\"><br \/>\n    <li><i class=\"fas fa-check\" style=\"color: crimson\"><\/i> <b>\u0100tr\u0101ka darb\u012bba \u2013 lab\u0101ka forma<\/b><\/li><br \/>\n    <li><i class=\"fas fa-check\" style=\"color: crimson\"><\/i> <b>Pa\u0101trina tauku dedzin\u0101\u0161anu<\/b><\/li><br \/>\n    <li><i class=\"fas fa-check\" style=\"color: crimson\"><\/i> <b>No\u0146em v\u0113dera uzp\u016b\u0161anos un \u016bdens aizturi<\/b><\/li><br \/>\n    <li><i class=\"fas fa-check\" style=\"color: crimson\"><\/i> <b>Regul\u0113 apet\u012bti <\/b><\/li><br \/>\n    <li><i class=\"fas fa-check\" style=\"color: crimson\"><\/i> <b>Eksotisk\u0101 tropisk\u0101 gar\u0161a<\/b><\/li><br \/>\n  <\/ul>\t\t\t\t\t\t\t\t\t<\/div>\n\t\t\t\t\t\t\t\t\t\t\t\t\t\t\t\t\t\n\t\t\t\t\t\t\t\t\t\t\t\t\t\t\t\t\t\t\t\t\t\t\t<\/div>\n\t\t\t\t\t\t<\/div>\n\t\t\t\t\t<\/div>\n\t\t\t\t\t\t\t\t\t\t<div class=\"swiper-slide\">\n\t\t\t\t\t\t<div class=\"pp-info-box-content-wrap\">\n\t\t\t\t\t\t\t\t\t\t\t\t\t\t\t\t\t\t\t\t\t\t<div class=\"pp-info-box-icon-wrap\">\n\t\t\t\t\t\t\t\t\t\t\t\t\t\t\t\t\t\t\t\t\t<span class=\"pp-info-box-icon pp-icon\">\n\t\t\t\t\t\t\t\t\t<img src=\"https:\/\/testing.wowtea.eu\/wp-content\/uploads\/2021\/06\/Product-Images-Summer-Wellness.png\">\t\t\t\t\t\t\t<\/span>\n\t\t\t\t\t\t\t\t\t\t\t\t\t\t\t\t\t\t\t\t<\/div>\n\t\t\t\t\t\t\t\t\t\t\t\t\t\t<div class=\"pp-info-box-content\">\n\t\t\t\t\t\t\t\t<div class=\"pp-info-box-title-wrap\">\n\t\t\t\t\t\t\t\t\t<div class=\"pp-info-box-title-container\"><h2 class=\"pp-info-box-title\">Summer Tropicana Wellness t\u0113ja<\/h2><\/div>\t\t\t\t\t\t\t\t<\/div>\n\n\t\t\t\t\t\t\t\t\n\t\t\t\t\t\t\t\t\t\t\t\t\t\t\t\t\t<div class=\"pp-info-box-description\">\n\t\t\t\t\t\t\t\t\t\t  <ul style=\"font-size:13px\"><br \/>\n    <li><i class=\"fas fa-check\" style=\"color: crimson\"><\/i> <b>Stimul\u0113 un apr\u016bp\u0113 vesel\u012bbu<\/b><\/li><br \/>\n    <li><i class=\"fas fa-check\" style=\"color: crimson\"><\/i> <b>Dabisk\u0101 veid\u0101 stiprina imunit\u0101ti<\/b><\/li><br \/>\n    <li><i class=\"fas fa-check\" style=\"color: crimson\"><\/i> <b>Bag\u0101tin\u0101ta ar \u0101jurv\u0113das augiem<\/b><\/li><br \/>\n    <li><i class=\"fas fa-check\" style=\"color: crimson\"><\/i> <b>Sp\u0113c\u012bgs anti stresa l\u012bdzeklis<\/b><\/li><br \/>\n  <\/ul>\t\t\t\t\t\t\t\t\t<\/div>\n\t\t\t\t\t\t\t\t\t\t\t\t\t\t\t\t\t\n\t\t\t\t\t\t\t\t\t\t\t\t\t\t\t\t\t\t\t\t\t\t\t<\/div>\n\t\t\t\t\t\t<\/div>\n\t\t\t\t\t<\/div>\n\t\t\t\t\t\t\t\t\t\t<div class=\"swiper-slide\">\n\t\t\t\t\t\t<div class=\"pp-info-box-content-wrap\">\n\t\t\t\t\t\t\t\t\t\t\t\t\t\t\t\t\t\t\t\t\t\t<div class=\"pp-info-box-icon-wrap\">\n\t\t\t\t\t\t\t\t\t\t\t\t\t\t\t\t\t\t\t\t\t<span class=\"pp-info-box-icon pp-icon\">\n\t\t\t\t\t\t\t\t\t<img src=\"https:\/\/testing.wowtea.eu\/lv\/files\/2024\/05\/WOWTEA-WEB-COLLAGEN-TROPICANA-UPSALE-.png\" alt=\"WOWTEA-WEB-COLLAGEN-TROPICANA-UPSALE-\">\t\t\t\t\t\t\t<\/span>\n\t\t\t\t\t\t\t\t\t\t\t\t\t\t\t\t\t\t\t\t<\/div>\n\t\t\t\t\t\t\t\t\t\t\t\t\t\t<div class=\"pp-info-box-content\">\n\t\t\t\t\t\t\t\t<div class=\"pp-info-box-title-wrap\">\n\t\t\t\t\t\t\t\t\t<div class=\"pp-info-box-title-container\"><h2 class=\"pp-info-box-title\">Summer Tropicana Collagen<\/h2><\/div>\t\t\t\t\t\t\t\t<\/div>\n\n\t\t\t\t\t\t\t\t\n\t\t\t\t\t\t\t\t\t\t\t\t\t\t\t\t\t<div class=\"pp-info-box-description\">\n\t\t\t\t\t\t\t\t\t\t  <ul style=\"font-size:13px\"><br \/>\n    <li><i class=\"fas fa-check\" style=\"color: crimson\"><\/i> <b>\u0100das liftings &amp; nostiprin\u0101\u0161ana<\/b><\/li><br \/>\n    <li><i class=\"fas fa-check\" style=\"color: crimson\"><\/i> <b>Samazina smalk\u0101s krunci\u0146as un grumbi\u0146as<\/b><\/li><br \/>\n    <li><i class=\"fas fa-check\" style=\"color: crimson\"><\/i> <b>Mitrina un veicina \u0101das elast\u012bbu<\/b><\/li><br \/>\n    <li><i class=\"fas fa-check\" style=\"color: crimson\"><\/i> <b>Gar\u0101ki &amp; stipr\u0101ki nagi un mati<\/b><\/li><br \/>\n    <li><i class=\"fas fa-check\" style=\"color: crimson\"><\/i> <b>Uzlabo gremo\u0161anas vesel\u012bbu<\/b><\/li><br \/>\n  <\/ul>\t\t\t\t\t\t\t\t\t<\/div>\n\t\t\t\t\t\t\t\t\t\t\t\t\t\t\t\t\t\n\t\t\t\t\t\t\t\t\t\t\t\t\t\t\t\t\t\t\t\t\t\t\t<\/div>\n\t\t\t\t\t\t<\/div>\n\t\t\t\t\t<\/div>\n\t\t\t\t\t\t\t\t\t\t<div class=\"swiper-slide\">\n\t\t\t\t\t\t<div class=\"pp-info-box-content-wrap\">\n\t\t\t\t\t\t\t\t\t\t\t\t\t\t\t\t\t\t\t\t\t\t<div class=\"pp-info-box-icon-wrap\">\n\t\t\t\t\t\t\t\t\t\t\t\t\t\t\t\t\t\t\t\t\t<span class=\"pp-info-box-icon pp-icon\">\n\t\t\t\t\t\t\t\t\t<img src=\"https:\/\/testing.wowtea.eu\/lv\/files\/2021\/06\/bottle-product-image-600x600-yellow-label-1.jpg\" alt=\"bottle-product-image-600x600-yellow-label-1\">\t\t\t\t\t\t\t<\/span>\n\t\t\t\t\t\t\t\t\t\t\t\t\t\t\t\t\t\t\t\t<\/div>\n\t\t\t\t\t\t\t\t\t\t\t\t\t\t<div class=\"pp-info-box-content\">\n\t\t\t\t\t\t\t\t<div class=\"pp-info-box-title-wrap\">\n\t\t\t\t\t\t\t\t\t<div class=\"pp-info-box-title-container\"><h2 class=\"pp-info-box-title\">T\u0113jas Pudele (Dzeltena)<\/h2><\/div>\t\t\t\t\t\t\t\t<\/div>\n\n\t\t\t\t\t\t\t\t\n\t\t\t\t\t\t\t\t\t\t\t\t\t\t\t\t\t<div class=\"pp-info-box-description\">\n\t\t\t\t\t\t\t\t\t\t  <ul style=\"font-size:13px\"><br \/>\n    <li><i class=\"fas fa-check\" style=\"color: crimson\"><\/i> <b>Lab\u0101kais t\u0113jas dzer\u0161anas pa\u0146\u0113miens<\/b><\/li><br \/>\n    <li><i class=\"fas fa-check\" style=\"color: crimson\"><\/i> <b>Vair\u0101kk\u0101rt lietojams un videi draudz\u012bgs produkts<\/b><\/li><br \/>\n    <li><i class=\"fas fa-check\" style=\"color: crimson\"><\/i> <b>Super\u012bga filtr\u0101cija<\/b><\/li><br \/>\n    <li><i class=\"fas fa-check\" style=\"color: crimson\"><\/i> <b>\u0112rti lietojama<\/b><\/li><br \/>\n    <li><i class=\"fas fa-check\" style=\"color: crimson\"><\/i> <b>Augstas kvalit\u0101tes izejvielas<\/b><\/li><br \/>\n    <li><i class=\"fas fa-check\" style=\"color: crimson\"><\/i> <b>Stil\u012bga un iev\u0113rojama<\/b><\/li><br \/>\n  <\/ul>\t\t\t\t\t\t\t\t\t<\/div>\n\t\t\t\t\t\t\t\t\t\t\t\t\t\t\t\t\t\n\t\t\t\t\t\t\t\t\t\t\t\t\t\t\t\t\t\t\t\t\t\t\t<\/div>\n\t\t\t\t\t\t<\/div>\n\t\t\t\t\t<\/div>\n\t\t\t\t\t\t\t\t\t\t<div class=\"swiper-slide\">\n\t\t\t\t\t\t<div class=\"pp-info-box-content-wrap\">\n\t\t\t\t\t\t\t\t\t\t\t\t\t\t\t\t\t\t\t\t\t\t<div class=\"pp-info-box-icon-wrap\">\n\t\t\t\t\t\t\t\t\t\t\t\t\t\t\t\t\t\t\t\t\t<span class=\"pp-info-box-icon pp-icon\">\n\t\t\t\t\t\t\t\t\t<img src=\"https:\/\/testing.wowtea.eu\/lv\/files\/2021\/07\/wow-tea-Thermos-ORANGE-product-image.webp\" alt=\"wow-tea-Thermos-ORANGE-product-image\">\t\t\t\t\t\t\t<\/span>\n\t\t\t\t\t\t\t\t\t\t\t\t\t\t\t\t\t\t\t\t<\/div>\n\t\t\t\t\t\t\t\t\t\t\t\t\t\t<div class=\"pp-info-box-content\">\n\t\t\t\t\t\t\t\t<div class=\"pp-info-box-title-wrap\">\n\t\t\t\t\t\t\t\t\t<div class=\"pp-info-box-title-container\"><h2 class=\"pp-info-box-title\">Oran\u017es termoss ar sieti\u0146u<\/h2><\/div>\t\t\t\t\t\t\t\t<\/div>\n\n\t\t\t\t\t\t\t\t\n\t\t\t\t\t\t\t\t\t\t\t\t\t\t\t\t\t<div class=\"pp-info-box-description\">\n\t\t\t\t\t\t\t\t\t\t  <ul style=\"font-size:13px\"><br \/>\n    <li><i class=\"fas fa-check\" style=\"color: crimson\"><\/i> <b>Augstas klases materi\u0101ls<\/b><\/li><br \/>\n    <li><i class=\"fas fa-check\" style=\"color: crimson\"><\/i> <b>Videi draudz\u012bgs un daudzreiz lietojams<\/b><\/li><br \/>\n    <li><i class=\"fas fa-check\" style=\"color: crimson\"><\/i> <b>Sieti\u0146\u0161 super\u012bgai t\u0113jas uzlie\u0161anai<\/b><\/li><br \/>\n    <li><i class=\"fas fa-check\" style=\"color: crimson\"><\/i> <b>Karsts 12h, auksts 24h<\/b><\/li><br \/>\n    <li><i class=\"fas fa-check\" style=\"color: crimson\"><\/i> <b>Luksus dizains<\/b><\/li><br \/>\n    <li><i class=\"fas fa-check\" style=\"color: crimson\"><\/i> <b>Viegli lietojams<\/b><\/li><br \/>\n  <\/ul>\t\t\t\t\t\t\t\t\t<\/div>\n\t\t\t\t\t\t\t\t\t\t\t\t\t\t\t\t\t\n\t\t\t\t\t\t\t\t\t\t\t\t\t\t\t\t\t\t\t\t\t\t\t<\/div>\n\t\t\t\t\t\t<\/div>\n\t\t\t\t\t<\/div>\n\t\t\t\t\t\t\t\t\t\t<div class=\"swiper-slide\">\n\t\t\t\t\t\t<div class=\"pp-info-box-content-wrap\">\n\t\t\t\t\t\t\t\t\t\t\t\t\t\t\t\t\t\t\t\t\t\t<div class=\"pp-info-box-icon-wrap\">\n\t\t\t\t\t\t\t\t\t\t\t\t\t\t\t\t\t\t\t\t\t<span class=\"pp-info-box-icon pp-icon\">\n\t\t\t\t\t\t\t\t\t<img src=\"https:\/\/testing.wowtea.eu\/lv\/files\/2024\/06\/WOWTEA-WEB-PP-Matcha-Shop-Image.png\" alt=\"WOWTEA-WEB-PP-Matcha-Shop-Image\">\t\t\t\t\t\t\t<\/span>\n\t\t\t\t\t\t\t\t\t\t\t\t\t\t\t\t\t\t\t\t<\/div>\n\t\t\t\t\t\t\t\t\t\t\t\t\t\t<div class=\"pp-info-box-content\">\n\t\t\t\t\t\t\t\t<div class=\"pp-info-box-title-wrap\">\n\t\t\t\t\t\t\t\t\t<div class=\"pp-info-box-title-container\"><h2 class=\"pp-info-box-title\">Summer Tropicana Matcha Slimfit t\u0113ja<\/h2><\/div>\t\t\t\t\t\t\t\t<\/div>\n\n\t\t\t\t\t\t\t\t\n\t\t\t\t\t\t\t\t\t\t\t\t\t\t\t\t\t<div class=\"pp-info-box-description\">\n\t\t\t\t\t\t\t\t\t\t  <ul style=\"font-size:13px\"><br \/>\n    <li><i class=\"fas fa-check\" style=\"color: crimson\"><\/i> <b>Bag\u0101ts ar antioksidantiem:<\/b><\/li><br \/>\n    <li><i class=\"fas fa-check\" style=\"color: crimson\"><\/i> <b>L\u012bdzsvarota ener\u0123ijas palielin\u0101\u0161ana<\/b><\/li><br \/>\n    <li><i class=\"fas fa-check\" style=\"color: crimson\"><\/i> <b>\u0100trs notiev\u0113\u0161anas + korekcijas efekts<\/b><\/li><br \/>\n    <li><i class=\"fas fa-check\" style=\"color: crimson\"><\/i> <b>Sirds vesel\u012bba + kognit\u012bv\u0101 uzman\u012bba<\/b><\/li><br \/>\n  <\/ul>\t\t\t\t\t\t\t\t\t<\/div>\n\t\t\t\t\t\t\t\t\t\t\t\t\t\t\t\t\t\n\t\t\t\t\t\t\t\t\t\t\t\t\t\t\t\t\t\t\t\t\t\t\t<\/div>\n\t\t\t\t\t\t<\/div>\n\t\t\t\t\t<\/div>\n\t\t\t\t\t\t\t\t\t<\/div>\n\t\t\t<\/div>\n\t\t\t\t\t\t<!-- Add Pagination -->\n\t\t\t<div class=\"swiper-pagination swiper-pagination-4e94e94\"><\/div>\n\t\t\t\t\t\n\t\t\t\t\t\t\t<!-- Add Arrows -->\n\t\t\t\t<div class=\"swiper-button-prev swiper-button-prev-4e94e94\">\n\t\t\t\t\t<i aria-hidden=\"true\" class=\"fas fa-chevron-left\"><\/i>\n\t\t\t\t<\/div>\n\t\t\t\t<div class=\"swiper-button-next swiper-button-next-4e94e94\">\n\t\t\t\t\t<i aria-hidden=\"true\" class=\"fas fa-chevron-right\"><\/i>\n\t\t\t\t<\/div>\n\t\t\t\t\t\t\t\t<\/div>\n\t\t\t\t<\/div>\n\t\t\t\t<\/div>\n\t\t\t\t\t\t<\/div>\n\t\t\t\t\t<\/div>\n\t\t<\/div>\n\t\t\t\t\t\t\t\t<\/div>\n\t\t\t\t\t<\/div>\n\t\t<\/section>\n\t\t\t\t<section class=\"elementor-section elementor-top-section elementor-element elementor-element-3af1f3f elementor-section-full_width elementor-section-height-default elementor-section-height-default\" data-id=\"3af1f3f\" data-element_type=\"section\">\n\t\t\t\t\t\t<div class=\"elementor-container elementor-column-gap-no\">\n\t\t\t\t\t\t\t<div class=\"elementor-row\">\n\t\t\t\t\t<div class=\"elementor-column elementor-col-100 elementor-top-column elementor-element elementor-element-6755cc5\" data-id=\"6755cc5\" data-element_type=\"column\">\n\t\t\t<div class=\"elementor-column-wrap elementor-element-populated\">\n\t\t\t\t\t\t\t<div class=\"elementor-widget-wrap\">\n\t\t\t\t\t\t<section class=\"elementor-section elementor-inner-section elementor-element elementor-element-09fe42a elementor-section-full_width elementor-hidden-phone elementor-section-height-default elementor-section-height-default\" data-id=\"09fe42a\" data-element_type=\"section\">\n\t\t\t\t\t\t<div class=\"elementor-container elementor-column-gap-no\">\n\t\t\t\t\t\t\t<div class=\"elementor-row\">\n\t\t\t\t\t<div class=\"elementor-column elementor-col-100 elementor-inner-column elementor-element elementor-element-c8c6c94\" data-id=\"c8c6c94\" data-element_type=\"column\">\n\t\t\t<div class=\"elementor-column-wrap elementor-element-populated\">\n\t\t\t\t\t\t\t<div class=\"elementor-widget-wrap\">\n\t\t\t\t\t\t<div class=\"elementor-element elementor-element-23edc3c elementor-widget elementor-widget-image\" data-id=\"23edc3c\" data-element_type=\"widget\" data-widget_type=\"image.default\">\n\t\t\t\t<div class=\"elementor-widget-container\">\n\t\t\t\t\t\t\t\t<div class=\"elementor-image\">\n\t\t\t\t\t\t\t\t\t\t\t\t<img width=\"1920\" height=\"1150\" src=\"https:\/\/testing.wowtea.eu\/lv\/files\/2021\/06\/THE-PERFECT-BEACH-DRINK-summer-detox-D-LV.jpg\" class=\"attachment-full size-full wp-image-99042\" alt=\"\" loading=\"lazy\" srcset=\"https:\/\/testing.wowtea.eu\/lv\/files\/2021\/06\/THE-PERFECT-BEACH-DRINK-summer-detox-D-LV.jpg 1920w, https:\/\/testing.wowtea.eu\/lv\/files\/2021\/06\/THE-PERFECT-BEACH-DRINK-summer-detox-D-LV-300x180.jpg 300w, https:\/\/testing.wowtea.eu\/lv\/files\/2021\/06\/THE-PERFECT-BEACH-DRINK-summer-detox-D-LV-1024x613.jpg 1024w, https:\/\/testing.wowtea.eu\/lv\/files\/2021\/06\/THE-PERFECT-BEACH-DRINK-summer-detox-D-LV-768x460.jpg 768w, https:\/\/testing.wowtea.eu\/lv\/files\/2021\/06\/THE-PERFECT-BEACH-DRINK-summer-detox-D-LV-1536x920.jpg 1536w, https:\/\/testing.wowtea.eu\/lv\/files\/2021\/06\/THE-PERFECT-BEACH-DRINK-summer-detox-D-LV-600x359.jpg 600w\" sizes=\"(max-width: 1920px) 100vw, 1920px\" \/>\t\t\t\t\t\t\t\t\t\t\t\t\t\t<\/div>\n\t\t\t\t\t\t<\/div>\n\t\t\t\t<\/div>\n\t\t\t\t\t\t<\/div>\n\t\t\t\t\t<\/div>\n\t\t<\/div>\n\t\t\t\t\t\t\t\t<\/div>\n\t\t\t\t\t<\/div>\n\t\t<\/section>\n\t\t\t\t<section class=\"elementor-section elementor-inner-section elementor-element elementor-element-ef761a0 elementor-section-full_width elementor-hidden-desktop elementor-hidden-tablet elementor-section-height-default elementor-section-height-default\" data-id=\"ef761a0\" data-element_type=\"section\">\n\t\t\t\t\t\t<div class=\"elementor-container elementor-column-gap-no\">\n\t\t\t\t\t\t\t<div class=\"elementor-row\">\n\t\t\t\t\t<div class=\"elementor-column elementor-col-100 elementor-inner-column elementor-element elementor-element-1a461fa\" data-id=\"1a461fa\" data-element_type=\"column\">\n\t\t\t<div class=\"elementor-column-wrap elementor-element-populated\">\n\t\t\t\t\t\t\t<div class=\"elementor-widget-wrap\">\n\t\t\t\t\t\t<div class=\"elementor-element elementor-element-62ddb72 elementor-widget elementor-widget-image\" data-id=\"62ddb72\" data-element_type=\"widget\" data-widget_type=\"image.default\">\n\t\t\t\t<div class=\"elementor-widget-container\">\n\t\t\t\t\t\t\t\t<div class=\"elementor-image\">\n\t\t\t\t\t\t\t\t\t\t\t\t<img width=\"460\" height=\"750\" src=\"https:\/\/testing.wowtea.eu\/lv\/files\/2021\/06\/THE-PERFECT-BEACH-DRINK-summer-detox-M-LV.jpg\" class=\"attachment-full size-full wp-image-99043\" alt=\"\" loading=\"lazy\" srcset=\"https:\/\/testing.wowtea.eu\/lv\/files\/2021\/06\/THE-PERFECT-BEACH-DRINK-summer-detox-M-LV.jpg 460w, https:\/\/testing.wowtea.eu\/lv\/files\/2021\/06\/THE-PERFECT-BEACH-DRINK-summer-detox-M-LV-184x300.jpg 184w\" sizes=\"(max-width: 460px) 100vw, 460px\" \/>\t\t\t\t\t\t\t\t\t\t\t\t\t\t<\/div>\n\t\t\t\t\t\t<\/div>\n\t\t\t\t<\/div>\n\t\t\t\t\t\t<\/div>\n\t\t\t\t\t<\/div>\n\t\t<\/div>\n\t\t\t\t\t\t\t\t<\/div>\n\t\t\t\t\t<\/div>\n\t\t<\/section>\n\t\t\t\t\t\t<\/div>\n\t\t\t\t\t<\/div>\n\t\t<\/div>\n\t\t\t\t\t\t\t\t<\/div>\n\t\t\t\t\t<\/div>\n\t\t<\/section>\n\t\t\t\t<section class=\"elementor-section elementor-top-section elementor-element elementor-element-f0c1ce0 elementor-section-boxed elementor-section-height-default elementor-section-height-default\" data-id=\"f0c1ce0\" data-element_type=\"section\">\n\t\t\t\t\t\t<div class=\"elementor-container elementor-column-gap-default\">\n\t\t\t\t\t\t\t<div class=\"elementor-row\">\n\t\t\t\t\t<div class=\"elementor-column elementor-col-100 elementor-top-column elementor-element elementor-element-bc22253\" data-id=\"bc22253\" data-element_type=\"column\">\n\t\t\t<div class=\"elementor-column-wrap elementor-element-populated\">\n\t\t\t\t\t\t\t<div class=\"elementor-widget-wrap\">\n\t\t\t\t\t\t<div class=\"elementor-element elementor-element-ef5de94 elementor-widget elementor-widget-html\" data-id=\"ef5de94\" data-element_type=\"widget\" data-widget_type=\"html.default\">\n\t\t\t\t<div class=\"elementor-widget-container\">\n\t\t\t<!-- TrustBox widget - Carousel -->\r\n<div class=\"trustpilot-widget\" data-locale=\"en-US\" data-template-id=\"53aa8912dec7e10d38f59f36\" data-businessunit-id=\"60029def312cb900013df992\" data-style-height=\"320px\" data-style-width=\"100%\" data-theme=\"light\" data-tags=\"EN\" data-stars=\"1,2,3,4,5\">\r\n  <a href=\"https:\/\/www.trustpilot.com\/review\/testing.wowtea.eu\" target=\"_blank\" rel=\"noopener\">Trustpilot<\/a>\r\n<\/div>\r\n<!-- End TrustBox widget -->\t\t<\/div>\n\t\t\t\t<\/div>\n\t\t\t\t\t\t<\/div>\n\t\t\t\t\t<\/div>\n\t\t<\/div>\n\t\t\t\t\t\t\t\t<\/div>\n\t\t\t\t\t<\/div>\n\t\t<\/section>\n\t\t\t\t\t\t\t\t\t<\/div>\n\t\t\t<\/div>\n\t\t\t\t\t<\/div>\n\t\t","protected":false},"excerpt":{"rendered":"<ul class=\"check_list\">\n<li>Summer Tropicana Detox t\u0113ja<\/li>\n<li>Summer Tropicana Slimfit t\u0113ja<\/li>\n<li>Summer Tropicana Wellness t\u0113ja<\/li>\n<li>Summer Tropicana Collagen<\/li>\n<li>T\u0113jas Pudele (Dzeltena)<\/li>\n<li>Oran\u017es termoss ar sieti\u0146u<\/li>\n<li>Summer Tropicana Matcha Slimfit t\u0113ja<\/li>\n<\/ul>\n","protected":false},"featured_media":127277,"comment_status":"open","ping_status":"closed","template":"","meta":{"inline_featured_image":false},"product_cat":[105,110],"product_tag":[],"acf":[],"variations_data":[],"free_delivery":false,"currency_name":"&euro;","_links":{"self":[{"href":"https:\/\/testing.wowtea.eu\/lv\/wp-json\/wp\/v2\/product\/126197"}],"collection":[{"href":"https:\/\/testing.wowtea.eu\/lv\/wp-json\/wp\/v2\/product"}],"about":[{"href":"https:\/\/testing.wowtea.eu\/lv\/wp-json\/wp\/v2\/types\/product"}],"replies":[{"embeddable":true,"href":"https:\/\/testing.wowtea.eu\/lv\/wp-json\/wp\/v2\/comments?post=126197"}],"version-history":[{"count":0,"href":"https:\/\/testing.wowtea.eu\/lv\/wp-json\/wp\/v2\/product\/126197\/revisions"}],"wp:featuredmedia":[{"embeddable":true,"href":"https:\/\/testing.wowtea.eu\/lv\/wp-json\/wp\/v2\/media\/127277"}],"wp:attachment":[{"href":"https:\/\/testing.wowtea.eu\/lv\/wp-json\/wp\/v2\/media?parent=126197"}],"wp:term":[{"taxonomy":"product_cat","embeddable":true,"href":"https:\/\/testing.wowtea.eu\/lv\/wp-json\/wp\/v2\/product_cat?post=126197"},{"taxonomy":"product_tag","embeddable":true,"href":"https:\/\/testing.wowtea.eu\/lv\/wp-json\/wp\/v2\/product_tag?post=126197"}],"curies":[{"name":"wp","href":"https:\/\/api.w.org\/{rel}","templated":true}]}}