{"id":97342,"date":"2021-04-27T10:59:37","date_gmt":"2021-04-27T07:59:37","guid":{"rendered":"https:\/\/testing.wowtea.eu\/lv\/?post_type=product&#038;p=97342"},"modified":"2024-09-02T11:18:44","modified_gmt":"2024-09-02T08:18:44","slug":"booty-goals-band-combo","status":"publish","type":"product","link":"https:\/\/testing.wowtea.eu\/lv\/product\/booty-goals-band-combo\/","title":{"rendered":"BOOTY GOALS BAND COMBO"},"content":{"rendered":"\t\t<div data-elementor-type=\"product-post\" data-elementor-id=\"97342\" class=\"elementor elementor-97342\">\n\t\t\t\t\t\t<div class=\"elementor-inner\">\n\t\t\t\t<div class=\"elementor-section-wrap\">\n\t\t\t\t\t\t\t\t\t<section class=\"elementor-section elementor-top-section elementor-element elementor-element-87c40d3 elementor-section-full_width elementor-section-stretched elementor-reverse-mobile elementor-section-height-default elementor-section-height-default\" data-id=\"87c40d3\" data-element_type=\"section\" data-settings=\"{&quot;stretch_section&quot;:&quot;section-stretched&quot;}\">\n\t\t\t\t\t\t<div class=\"elementor-container elementor-column-gap-no\">\n\t\t\t\t\t\t\t<div class=\"elementor-row\">\n\t\t\t\t\t<div class=\"elementor-column elementor-col-50 elementor-top-column elementor-element elementor-element-906759f\" data-id=\"906759f\" data-element_type=\"column\">\n\t\t\t<div class=\"elementor-column-wrap elementor-element-populated\">\n\t\t\t\t\t\t\t<div class=\"elementor-widget-wrap\">\n\t\t\t\t\t\t<div class=\"elementor-element elementor-element-82edb52 elementor-widget elementor-widget-image\" data-id=\"82edb52\" data-element_type=\"widget\" data-widget_type=\"image.default\">\n\t\t\t\t<div class=\"elementor-widget-container\">\n\t\t\t\t\t\t\t\t<div class=\"elementor-image\">\n\t\t\t\t\t\t\t\t\t\t\t\t<img src=\"https:\/\/testing.wowtea.eu\/at\/files\/2021\/04\/Bands_Presnt_2_3_b-1-1.jpg\" title=\"\" alt=\"\" loading=\"lazy\" \/>\t\t\t\t\t\t\t\t\t\t\t\t\t\t<\/div>\n\t\t\t\t\t\t<\/div>\n\t\t\t\t<\/div>\n\t\t\t\t\t\t<\/div>\n\t\t\t\t\t<\/div>\n\t\t<\/div>\n\t\t\t\t<div class=\"elementor-column elementor-col-50 elementor-top-column elementor-element elementor-element-a252a56\" data-id=\"a252a56\" data-element_type=\"column\" data-settings=\"{&quot;background_background&quot;:&quot;classic&quot;}\">\n\t\t\t<div class=\"elementor-column-wrap elementor-element-populated\">\n\t\t\t\t\t\t\t<div class=\"elementor-widget-wrap\">\n\t\t\t\t\t\t<div class=\"elementor-element elementor-element-891d315 elementor-widget elementor-widget-heading\" data-id=\"891d315\" data-element_type=\"widget\" data-widget_type=\"heading.default\">\n\t\t\t\t<div class=\"elementor-widget-container\">\n\t\t\t<h2 class=\"elementor-heading-title elementor-size-default\">15 min\u016btes dien\u0101 un WOW rezult\u0101ts.<\/h2>\t\t<\/div>\n\t\t\t\t<\/div>\n\t\t\t\t<div class=\"elementor-element elementor-element-d3437bf elementor-widget elementor-widget-text-editor\" data-id=\"d3437bf\" data-element_type=\"widget\" data-widget_type=\"text-editor.default\">\n\t\t\t\t<div class=\"elementor-widget-container\">\n\t\t\t\t\t\t\t\t<div class=\"elementor-text-editor elementor-clearfix\">\n\t\t\t\t<p>Tikai da\u017eas min\u016btes dien\u0101 vingrojot ar Booty Goals Band, var neticami labi ietekm\u0113t j\u016bsu dibenu un aug\u0161stilbus! Lai pal\u012bdz\u0113tu jums v\u0113l \u0101tr\u0101k veidot savu seks\u012bgo augumu, m\u0113s jums nos\u016bt\u012bsim bezmaksas 21 dienas treni\u0146u pl\u0101nu ar vingrin\u0101jumiem, kurus varat veikt m\u0101j\u0101s &#8211; vai jebkur citur!<\/p><p>Augstas kvalit\u0101tes materi\u0101li sniedz piln\u012bgu komfortu fizisk\u0101s slodzes laik\u0101. J\u016bs varat izmantot Booty Goals Band, pat esot \u0161ortos &#8211; t\u0101 nesl\u012bd, nespie\u017e \u0101du un nepl\u012bst!<\/p>\t\t\t\t\t<\/div>\n\t\t\t\t\t\t<\/div>\n\t\t\t\t<\/div>\n\t\t\t\t\t\t<\/div>\n\t\t\t\t\t<\/div>\n\t\t<\/div>\n\t\t\t\t\t\t\t\t<\/div>\n\t\t\t\t\t<\/div>\n\t\t<\/section>\n\t\t\t\t<section class=\"elementor-section elementor-top-section elementor-element elementor-element-99a313e elementor-section-full_width elementor-section-stretched elementor-section-height-default elementor-section-height-default\" data-id=\"99a313e\" data-element_type=\"section\" data-settings=\"{&quot;stretch_section&quot;:&quot;section-stretched&quot;}\">\n\t\t\t\t\t\t<div class=\"elementor-container elementor-column-gap-no\">\n\t\t\t\t\t\t\t<div class=\"elementor-row\">\n\t\t\t\t\t<div class=\"elementor-column elementor-col-50 elementor-top-column elementor-element elementor-element-2db8181\" data-id=\"2db8181\" data-element_type=\"column\" data-settings=\"{&quot;background_background&quot;:&quot;classic&quot;}\">\n\t\t\t<div class=\"elementor-column-wrap elementor-element-populated\">\n\t\t\t\t\t\t\t<div class=\"elementor-widget-wrap\">\n\t\t\t\t\t\t<div class=\"elementor-element elementor-element-e4e7aaa elementor-widget elementor-widget-heading\" data-id=\"e4e7aaa\" data-element_type=\"widget\" data-widget_type=\"heading.default\">\n\t\t\t\t<div class=\"elementor-widget-container\">\n\t\t\t<h2 class=\"elementor-heading-title elementor-size-default\">Booty Goals Band ir tie\u0161i tas, kas jums (un j\u016bsu dibenam) ir nepiecie\u0161ams!\n<\/h2>\t\t<\/div>\n\t\t\t\t<\/div>\n\t\t\t\t<div class=\"elementor-element elementor-element-5d5c652 elementor-widget elementor-widget-prod_info\" data-id=\"5d5c652\" data-element_type=\"widget\" data-widget_type=\"prod_info.default\">\n\t\t\t\t<div class=\"elementor-widget-container\">\n\t\t\t\n               <ul class=\"info_list\">\n                           <li>\n                  <strong>Maksim\u0101ls komforts:<\/strong>\n                  <small>Jaun\u0101k\u0101s paaudzes materi\u0101li \u0113rtiem treni\u0146iem<\/small>\n               <\/li>\n                           <li>\n                  <strong>Super kvalit\u0101te:<\/strong>\n                  <small>At\u0161\u0137ir\u012bb\u0101 no gumijas sait\u0113m, Booty Goals Band ir \u013coti iztur\u012bga un nepl\u012bst<\/small>\n               <\/li>\n                           <li>\n                  <strong>Viegli lietojama:<\/strong>\n                  <small>Lietojiet to m\u0101j\u0101s vai \u0146emiet l\u012bdz, lai vingrotu jebkur un vienm\u0113r<\/small>\n               <\/li>\n                           <li>\n                  <strong>Ac\u012bmredzami rezult\u0101ti:<\/strong>\n                  <small>Uzmetot skatienu uz savu dibenu, gurniem un vidukli, paman\u012bsiet p\u0101rsteidzo\u0161us rezult\u0101tus - un tikai da\u017eas min\u016btes dien\u0101<\/small>\n               <\/li>\n                     <\/ul>\n      \n\n   \t\t<\/div>\n\t\t\t\t<\/div>\n\t\t\t\t\t\t<\/div>\n\t\t\t\t\t<\/div>\n\t\t<\/div>\n\t\t\t\t<div class=\"elementor-column elementor-col-50 elementor-top-column elementor-element elementor-element-0abe876\" data-id=\"0abe876\" data-element_type=\"column\">\n\t\t\t<div class=\"elementor-column-wrap elementor-element-populated\">\n\t\t\t\t\t\t\t<div class=\"elementor-widget-wrap\">\n\t\t\t\t\t\t<div class=\"elementor-element elementor-element-d446d10 elementor-widget elementor-widget-image\" data-id=\"d446d10\" data-element_type=\"widget\" data-widget_type=\"image.default\">\n\t\t\t\t<div class=\"elementor-widget-container\">\n\t\t\t\t\t\t\t\t<div class=\"elementor-image\">\n\t\t\t\t\t\t\t\t\t\t\t\t<img src=\"https:\/\/testing.wowtea.eu\/at\/files\/2021\/04\/BANDS_Features_web-combo.jpg\" title=\"\" alt=\"\" loading=\"lazy\" \/>\t\t\t\t\t\t\t\t\t\t\t\t\t\t<\/div>\n\t\t\t\t\t\t<\/div>\n\t\t\t\t<\/div>\n\t\t\t\t\t\t<\/div>\n\t\t\t\t\t<\/div>\n\t\t<\/div>\n\t\t\t\t\t\t\t\t<\/div>\n\t\t\t\t\t<\/div>\n\t\t<\/section>\n\t\t\t\t<section class=\"elementor-section elementor-top-section elementor-element elementor-element-f3b8ae7 elementor-section-full_width elementor-section-stretched elementor-reverse-mobile elementor-section-height-default elementor-section-height-default\" data-id=\"f3b8ae7\" data-element_type=\"section\" data-settings=\"{&quot;stretch_section&quot;:&quot;section-stretched&quot;}\">\n\t\t\t\t\t\t<div class=\"elementor-container elementor-column-gap-no\">\n\t\t\t\t\t\t\t<div class=\"elementor-row\">\n\t\t\t\t\t<div class=\"elementor-column elementor-col-50 elementor-top-column elementor-element elementor-element-8c5998c\" data-id=\"8c5998c\" data-element_type=\"column\">\n\t\t\t<div class=\"elementor-column-wrap elementor-element-populated\">\n\t\t\t\t\t\t\t<div class=\"elementor-widget-wrap\">\n\t\t\t\t\t\t<div class=\"elementor-element elementor-element-3550389 elementor-hidden-desktop elementor-widget elementor-widget-image\" data-id=\"3550389\" data-element_type=\"widget\" data-widget_type=\"image.default\">\n\t\t\t\t<div class=\"elementor-widget-container\">\n\t\t\t\t\t\t\t\t<div class=\"elementor-image\">\n\t\t\t\t\t\t\t\t\t\t\t\t<img width=\"460\" height=\"600\" src=\"https:\/\/testing.wowtea.eu\/lv\/files\/2021\/04\/BANDS_21-plan-banner-mobile-LV.jpg\" class=\"attachment-large size-large wp-image-97406\" alt=\"\" loading=\"lazy\" srcset=\"https:\/\/testing.wowtea.eu\/lv\/files\/2021\/04\/BANDS_21-plan-banner-mobile-LV.jpg 460w, https:\/\/testing.wowtea.eu\/lv\/files\/2021\/04\/BANDS_21-plan-banner-mobile-LV-230x300.jpg 230w\" sizes=\"(max-width: 460px) 100vw, 460px\" \/>\t\t\t\t\t\t\t\t\t\t\t\t\t\t<\/div>\n\t\t\t\t\t\t<\/div>\n\t\t\t\t<\/div>\n\t\t\t\t<div class=\"elementor-element elementor-element-ad4bd82 elementor-hidden-tablet elementor-hidden-phone elementor-widget elementor-widget-image\" data-id=\"ad4bd82\" data-element_type=\"widget\" data-widget_type=\"image.default\">\n\t\t\t\t<div class=\"elementor-widget-container\">\n\t\t\t\t\t\t\t\t<div class=\"elementor-image\">\n\t\t\t\t\t\t\t\t\t\t\t\t<img width=\"980\" height=\"768\" src=\"https:\/\/testing.wowtea.eu\/lv\/files\/2021\/04\/BANDS_21-plan-banner-desktop-LV.jpg\" class=\"attachment-large size-large wp-image-97405\" alt=\"\" loading=\"lazy\" srcset=\"https:\/\/testing.wowtea.eu\/lv\/files\/2021\/04\/BANDS_21-plan-banner-desktop-LV.jpg 980w, https:\/\/testing.wowtea.eu\/lv\/files\/2021\/04\/BANDS_21-plan-banner-desktop-LV-300x235.jpg 300w, https:\/\/testing.wowtea.eu\/lv\/files\/2021\/04\/BANDS_21-plan-banner-desktop-LV-768x602.jpg 768w, https:\/\/testing.wowtea.eu\/lv\/files\/2021\/04\/BANDS_21-plan-banner-desktop-LV-600x470.jpg 600w\" sizes=\"(max-width: 980px) 100vw, 980px\" \/>\t\t\t\t\t\t\t\t\t\t\t\t\t\t<\/div>\n\t\t\t\t\t\t<\/div>\n\t\t\t\t<\/div>\n\t\t\t\t\t\t<\/div>\n\t\t\t\t\t<\/div>\n\t\t<\/div>\n\t\t\t\t<div class=\"elementor-column elementor-col-50 elementor-top-column elementor-element elementor-element-b96ee44\" data-id=\"b96ee44\" data-element_type=\"column\" data-settings=\"{&quot;background_background&quot;:&quot;classic&quot;}\">\n\t\t\t<div class=\"elementor-column-wrap elementor-element-populated\">\n\t\t\t\t\t\t\t<div class=\"elementor-widget-wrap\">\n\t\t\t\t\t\t<div class=\"elementor-element elementor-element-bb28935 elementor-widget elementor-widget-heading\" data-id=\"bb28935\" data-element_type=\"widget\" data-widget_type=\"heading.default\">\n\t\t\t\t<div class=\"elementor-widget-container\">\n\t\t\t<h2 class=\"elementor-heading-title elementor-size-default\">Bezmaksas 21 dienas treni\u0146u pl\u0101ns tvirtam dibenam - M\u0100JAS vingrojumu programma<\/h2>\t\t<\/div>\n\t\t\t\t<\/div>\n\t\t\t\t<div class=\"elementor-element elementor-element-f7a7cde elementor-widget elementor-widget-text-editor\" data-id=\"f7a7cde\" data-element_type=\"widget\" data-widget_type=\"text-editor.default\">\n\t\t\t\t<div class=\"elementor-widget-container\">\n\t\t\t\t\t\t\t\t<div class=\"elementor-text-editor elementor-clearfix\">\n\t\t\t\t<h4>E-BOOK<\/h4><p>21 dienas treni\u0146u pl\u0101ns tvirtam dibenam ir vingrojumu programma digit\u0101l\u0101 form\u0101t\u0101, lai darbotos m\u0101j\u0101s (vai jebkur citur!), izmantojot Booty Goals Band. \u0160\u012b vingrojumu programma ir \u012bpa\u0161i izstr\u0101d\u0101ta, lai pal\u012bdz\u0113tu jums rad\u012bt seks\u012bgu dibenu, nosl\u012bp\u0113t gurnu l\u012bnijas un izveidot vingru vidukli. Tikai 15 min\u016btes dien\u0101, lai sasniegtu ac\u012bmredzamus, satrieco\u0161us rezult\u0101tus.<\/p>\t\t\t\t\t<\/div>\n\t\t\t\t\t\t<\/div>\n\t\t\t\t<\/div>\n\t\t\t\t\t\t<\/div>\n\t\t\t\t\t<\/div>\n\t\t<\/div>\n\t\t\t\t\t\t\t\t<\/div>\n\t\t\t\t\t<\/div>\n\t\t<\/section>\n\t\t\t\t<section class=\"elementor-section elementor-top-section elementor-element elementor-element-b3c9087 elementor-section-boxed elementor-section-height-default elementor-section-height-default\" data-id=\"b3c9087\" data-element_type=\"section\">\n\t\t\t\t\t\t<div class=\"elementor-container elementor-column-gap-default\">\n\t\t\t\t\t\t\t<div class=\"elementor-row\">\n\t\t\t\t\t<div class=\"elementor-column elementor-col-100 elementor-top-column elementor-element elementor-element-662c435\" data-id=\"662c435\" data-element_type=\"column\">\n\t\t\t<div class=\"elementor-column-wrap elementor-element-populated\">\n\t\t\t\t\t\t\t<div class=\"elementor-widget-wrap\">\n\t\t\t\t\t\t<div class=\"elementor-element elementor-element-5a75f71 elementor-widget elementor-widget-heading\" data-id=\"5a75f71\" data-element_type=\"widget\" data-widget_type=\"heading.default\">\n\t\t\t\t<div class=\"elementor-widget-container\">\n\t\t\t<h2 class=\"elementor-heading-title elementor-size-default\">\u0160\u012bs lietas j\u016bs sa\u0146emsiet bez maksas, pas\u016btot Booty Goals Band KOMPLEKTU:<\/h2>\t\t<\/div>\n\t\t\t\t<\/div>\n\t\t\t\t<div class=\"elementor-element elementor-element-8c3c9f6 elementor-widget elementor-widget-image\" data-id=\"8c3c9f6\" data-element_type=\"widget\" data-widget_type=\"image.default\">\n\t\t\t\t<div class=\"elementor-widget-container\">\n\t\t\t\t\t\t\t\t<div class=\"elementor-image\">\n\t\t\t\t\t\t\t\t\t\t\t\t<img src=\"https:\/\/testing.wowtea.eu\/at\/files\/2021\/04\/products_combo-2-1.jpg\" title=\"\" alt=\"\" loading=\"lazy\" \/>\t\t\t\t\t\t\t\t\t\t\t\t\t\t<\/div>\n\t\t\t\t\t\t<\/div>\n\t\t\t\t<\/div>\n\t\t\t\t<div class=\"elementor-element elementor-element-71052d4 elementor-widget elementor-widget-text-editor\" data-id=\"71052d4\" data-element_type=\"widget\" data-widget_type=\"text-editor.default\">\n\t\t\t\t<div class=\"elementor-widget-container\">\n\t\t\t\t\t\t\t\t<div class=\"elementor-text-editor elementor-clearfix\">\n\t\t\t\t<p><img loading=\"lazy\" class=\"alignnone size-full wp-image-7074\" src=\"https:\/\/bodygoalsclub.com\/wp-content\/uploads\/tik-che_20x20.png\" alt=\"\" width=\"20\" height=\"21\" \/> Elegants futr\u0101lis j\u016bsu Booty Goals saitei &#8211; izmantojiet to m\u0101j\u0101s, vai nog\u0101d\u0101jiet savus piederumus jebkur un nepalaidiet gar\u0101m treni\u0146u!<\/p><p><img loading=\"lazy\" class=\"alignnone size-full wp-image-7074\" src=\"https:\/\/bodygoalsclub.com\/wp-content\/uploads\/tik-che_20x20.png\" alt=\"\" width=\"20\" height=\"21\" \/> Bezmaksas 21 dienas treni\u0146u pl\u0101ns tvirtam dibenam &#8211; M\u0100JAS vingrojumu programma<\/p>\t\t\t\t\t<\/div>\n\t\t\t\t\t\t<\/div>\n\t\t\t\t<\/div>\n\t\t\t\t\t\t<\/div>\n\t\t\t\t\t<\/div>\n\t\t<\/div>\n\t\t\t\t\t\t\t\t<\/div>\n\t\t\t\t\t<\/div>\n\t\t<\/section>\n\t\t\t\t\t\t\t\t\t<\/div>\n\t\t\t<\/div>\n\t\t\t\t\t<\/div>\n\t\t","protected":false},"excerpt":{"rendered":"<h4 class=\"vc_custom_heading text-u vc_custom_1575298970833 text-u urus_vc_custom_5f7aec27ce380 vc_custom_1575298970833\" style=\"text-align: center\">Booty Goals Band Combo<\/h4>\n<div class=\"vc_row wpb_row vc_inner vc_row-fluid\" style=\"text-align: center\">\n<div class=\"wpb_column vc_column_container vc_col-sm-12\">\n<div class=\"vc_column-inner\">\n<div class=\"wpb_wrapper\">\n<div class=\"wpb_text_column wpb_content_element urus_vc_custom_5f7aec27ce3f9 \">\n<div class=\"wpb_wrapper\">\n<p><span class=\"face\">\u2661\u00a0<\/span><strong style=\"color: #b485b2\">Booty Goals Band Lvl 1<\/strong><br \/>\n<span class=\"face\">\u2661\u00a0<\/span><strong style=\"color: #b485b2\">Booty Goals Band Lvl 2<\/strong><\/p>\n<h4>Visiedarb\u012bg\u0101kais M\u0100JAS treni\u0146u pl\u0101ns elast\u012bgam dibenam.<\/h4>\n<p><span class=\"face\">\u2661\u00a0<\/span><strong style=\"color: #4c4c4c\">Izveido seks\u012bgu dibenu<\/strong><br \/>\n<span class=\"face\">\u2661\u00a0<\/span><strong style=\"color: #4c4c4c\">Uzlabo gurnu formu<\/strong><br \/>\n<span class=\"face\">\u2661\u00a0<\/span><strong style=\"color: #4c4c4c\">Rezult\u0101t\u0101 super\u012bgas k\u0101jas un vingru augumu<\/strong><\/p>\n<\/div>\n<\/div>\n<\/div>\n<\/div>\n<\/div>\n<\/div>\n<h1 class=\"vc_custom_heading urus_vc_custom_5f7aec27ce471\" style=\"text-align: center;color: #c6558c;font-size: 22px\">+ E-BOOK Bezmaksas 21 Dienas treni\u0146u pl\u0101ns tvirtam dibenam &#8211; M\u0100JAS Vingrojumu programma.<\/h1>\n<div class=\"vc_row wpb_row vc_inner vc_row-fluid\">\n<div class=\"wpb_column vc_column_container vc_col-sm-12\">\n<div class=\"vc_column-inner\">\n<div class=\"wpb_wrapper\">\n<div class=\"wpb_text_column wpb_content_element urus_vc_custom_5f7aec27ce4ad \">\n<div class=\"wpb_wrapper\">\n<p style=\"text-align: center\"><span class=\"face\">*<\/span>Treni\u0146u pl\u0101ns tiks nos\u016bt\u012bts uz nor\u0101d\u012bto e-pastu pdf form\u0101t\u0101 p\u0113c tam, kad pas\u016bt\u012bsiet Booty Goals Band komplektu!<\/p>\n<\/div>\n<\/div>\n<\/div>\n<\/div>\n<\/div>\n<\/div>\n","protected":false},"featured_media":97343,"comment_status":"open","ping_status":"closed","template":"","meta":{"inline_featured_image":false},"product_cat":[98,195],"product_tag":[],"acf":[],"variations_data":{"97574":{"id":97574,"name":"Booty Goals Band Combo","slug":"booty-goals-band-combo","date_created":{"date":"2021-05-05 11:15:44.000000","timezone_type":3,"timezone":"Europe\/Riga"},"date_modified":{"date":"2024-04-03 10:28:40.000000","timezone_type":3,"timezone":"Europe\/Riga"},"status":"publish","featured":false,"catalog_visibility":"visible","description":"","short_description":"","sku":"WOW-S-BL1BL2","price":"24.6","regular_price":"24.6","sale_price":"","date_on_sale_from":null,"date_on_sale_to":null,"total_sales":"0","tax_status":"taxable","tax_class":"parent","manage_stock":false,"stock_quantity":null,"stock_status":"instock","backorders":"no","low_stock_amount":"","sold_individually":false,"weight":"","length":"","width":"","height":"","upsell_ids":[],"cross_sell_ids":[],"parent_id":97342,"reviews_allowed":false,"purchase_note":"","attributes":{"pa_bands-upsells":"booty-goals-band-combo"},"default_attributes":[],"menu_order":1,"post_password":"","virtual":false,"downloadable":false,"category_ids":[],"tag_ids":[],"shipping_class_id":0,"downloads":[],"image_id":97343,"gallery_image_ids":[],"download_limit":-1,"download_expiry":-1,"rating_counts":[],"average_rating":0,"review_count":0,"attribute_summary":"bands-upsells: Booty Goals Band Combo","meta_data":[{"id":576467,"key":"_gtin","value":""},{"id":576468,"key":"_variable_text_field_1","value":""},{"id":576469,"key":"_variable_text_field_2","value":""},{"id":576470,"key":"_variable_text_field_3","value":""},{"id":576471,"key":"fstr-p-sub","value":""},{"id":1049848,"key":"_sold_variation_individually","value":"no"},{"id":1049849,"key":"_v_label_field","value":"regular_price"}],"price_html":"<span class=\"woocommerce-Price-amount amount\"><bdi>24.60<span class=\"woocommerce-Price-currencySymbol\">&euro;<\/span><\/bdi><\/span>","image":"<img width=\"600\" height=\"600\" src=\"https:\/\/testing.wowtea.eu\/lv\/files\/2021\/04\/Product-images-combo-600x600-1.png\" class=\"attachment-woocommerce_thumbnail size-woocommerce_thumbnail\" alt=\"\" loading=\"lazy\" srcset=\"https:\/\/testing.wowtea.eu\/lv\/files\/2021\/04\/Product-images-combo-600x600-1.png 600w, https:\/\/testing.wowtea.eu\/lv\/files\/2021\/04\/Product-images-combo-600x600-1-300x300.png 300w, https:\/\/testing.wowtea.eu\/lv\/files\/2021\/04\/Product-images-combo-600x600-1-150x150.png 150w, https:\/\/testing.wowtea.eu\/lv\/files\/2021\/04\/Product-images-combo-600x600-1-45x45.png 45w, https:\/\/testing.wowtea.eu\/lv\/files\/2021\/04\/Product-images-combo-600x600-1-100x100.png 100w\" sizes=\"(max-width: 600px) 100vw, 600px\" \/>","free_delivery":false},"97573":{"id":97573,"name":"2 Good Team + Booty band Combo","slug":"2-good-team-booty-band-combo","date_created":{"date":"2021-05-05 11:15:44.000000","timezone_type":3,"timezone":"Europe\/Riga"},"date_modified":{"date":"2024-09-02 08:31:41.000000","timezone_type":3,"timezone":"Europe\/Riga"},"status":"publish","featured":false,"catalog_visibility":"visible","description":"","short_description":"","sku":"WOW-P-SFSLFTBL1BL2","price":"56.60","regular_price":"75.40","sale_price":"56.60","date_on_sale_from":null,"date_on_sale_to":null,"total_sales":"0","tax_status":"taxable","tax_class":"parent","manage_stock":false,"stock_quantity":null,"stock_status":"instock","backorders":"no","low_stock_amount":"","sold_individually":false,"weight":"","length":"","width":"","height":"","upsell_ids":[],"cross_sell_ids":[],"parent_id":97342,"reviews_allowed":false,"purchase_note":"","attributes":{"pa_bands-upsells":"2-good-team-booty-band-combo"},"default_attributes":[],"menu_order":2,"post_password":"","virtual":false,"downloadable":false,"category_ids":[],"tag_ids":[],"shipping_class_id":0,"downloads":[],"image_id":104951,"gallery_image_ids":[],"download_limit":-1,"download_expiry":-1,"rating_counts":[],"average_rating":0,"review_count":0,"attribute_summary":"bands-upsells: 2 Good Team + Booty band Combo","meta_data":[{"id":576400,"key":"yst_prominent_words_version","value":"1"},{"id":576457,"key":"_gtin","value":""},{"id":576458,"key":"_variable_text_field_1","value":""},{"id":576459,"key":"_variable_text_field_2","value":""},{"id":576460,"key":"_variable_text_field_3","value":""},{"id":576461,"key":"fstr-p-sub","value":""},{"id":1049850,"key":"_sold_variation_individually","value":"no"},{"id":1049851,"key":"_v_label_field","value":""},{"id":1362580,"key":"oms_price_updated_at","value":"2024-09-02T05:31:53.953509Z"},{"id":1362581,"key":"_old_regular_price","value":"74.4"},{"id":1362582,"key":"_old_sale_price","value":"55.8"}],"price_html":"<del aria-hidden=\"true\"><span class=\"woocommerce-Price-amount amount\"><bdi>75.40<span class=\"woocommerce-Price-currencySymbol\">&euro;<\/span><\/bdi><\/span><\/del> <ins><span class=\"woocommerce-Price-amount amount\"><bdi>56.60<span class=\"woocommerce-Price-currencySymbol\">&euro;<\/span><\/bdi><\/span><\/ins>","image":"<img width=\"600\" height=\"600\" src=\"https:\/\/testing.wowtea.eu\/lv\/files\/2020\/12\/2-good-team-booty-goals-bands-600x600-1-600x600.png\" class=\"attachment-woocommerce_thumbnail size-woocommerce_thumbnail\" alt=\"\" loading=\"lazy\" srcset=\"https:\/\/testing.wowtea.eu\/lv\/files\/2020\/12\/2-good-team-booty-goals-bands-600x600-1.png 600w, https:\/\/testing.wowtea.eu\/lv\/files\/2020\/12\/2-good-team-booty-goals-bands-600x600-1-300x300.png 300w, https:\/\/testing.wowtea.eu\/lv\/files\/2020\/12\/2-good-team-booty-goals-bands-600x600-1-150x150.png 150w, https:\/\/testing.wowtea.eu\/lv\/files\/2020\/12\/2-good-team-booty-goals-bands-600x600-1-100x100.png 100w, https:\/\/testing.wowtea.eu\/lv\/files\/2020\/12\/2-good-team-booty-goals-bands-600x600-1-45x45.png 45w\" sizes=\"(max-width: 600px) 100vw, 600px\" \/>","free_delivery":"Bezmaksas pieg\u0101de"},"97575":{"id":97575,"name":"Super Slim Me Program + Booty Goals Band Combo","slug":"super-slim-me-program-booty-goals-band-combo","date_created":{"date":"2021-05-05 11:15:44.000000","timezone_type":3,"timezone":"Europe\/Riga"},"date_modified":{"date":"2024-09-02 08:31:55.000000","timezone_type":3,"timezone":"Europe\/Riga"},"status":"publish","featured":false,"catalog_visibility":"visible","description":"","short_description":"","sku":"WOW-P-SFSLFTBTBBL1BL2","price":"71.20","regular_price":"101.70","sale_price":"71.20","date_on_sale_from":null,"date_on_sale_to":null,"total_sales":"0","tax_status":"taxable","tax_class":"parent","manage_stock":false,"stock_quantity":null,"stock_status":"instock","backorders":"no","low_stock_amount":"","sold_individually":false,"weight":"","length":"","width":"","height":"","upsell_ids":[],"cross_sell_ids":[],"parent_id":97342,"reviews_allowed":false,"purchase_note":"","attributes":{"pa_bands-upsells":"super-slim-me-program-booty-goals-band-combo"},"default_attributes":[],"menu_order":3,"post_password":"","virtual":false,"downloadable":false,"category_ids":[],"tag_ids":[],"shipping_class_id":0,"downloads":[],"image_id":104953,"gallery_image_ids":[],"download_limit":-1,"download_expiry":-1,"rating_counts":[],"average_rating":0,"review_count":0,"attribute_summary":"bands-upsells: Super Slim Me Program + Booty Goals Band Combo","meta_data":[{"id":576477,"key":"_gtin","value":""},{"id":576478,"key":"_variable_text_field_1","value":""},{"id":576479,"key":"_variable_text_field_2","value":""},{"id":576480,"key":"_variable_text_field_3","value":""},{"id":576481,"key":"fstr-p-sub","value":""},{"id":1049852,"key":"_sold_variation_individually","value":"no"},{"id":1049853,"key":"_v_label_field","value":""},{"id":1362614,"key":"oms_price_updated_at","value":"2024-09-02T05:32:08.058692Z"},{"id":1362615,"key":"_old_regular_price","value":"100.7"},{"id":1362616,"key":"_old_sale_price","value":"70.5"}],"price_html":"<del aria-hidden=\"true\"><span class=\"woocommerce-Price-amount amount\"><bdi>101.70<span class=\"woocommerce-Price-currencySymbol\">&euro;<\/span><\/bdi><\/span><\/del> <ins><span class=\"woocommerce-Price-amount amount\"><bdi>71.20<span class=\"woocommerce-Price-currencySymbol\">&euro;<\/span><\/bdi><\/span><\/ins>","image":"<img width=\"600\" height=\"600\" src=\"https:\/\/testing.wowtea.eu\/lv\/files\/2020\/12\/Super-Slim-ME-booty-goals-bands-600x600-1-600x600.png\" class=\"attachment-woocommerce_thumbnail size-woocommerce_thumbnail\" alt=\"\" loading=\"lazy\" srcset=\"https:\/\/testing.wowtea.eu\/lv\/files\/2020\/12\/Super-Slim-ME-booty-goals-bands-600x600-1.png 600w, https:\/\/testing.wowtea.eu\/lv\/files\/2020\/12\/Super-Slim-ME-booty-goals-bands-600x600-1-300x300.png 300w, https:\/\/testing.wowtea.eu\/lv\/files\/2020\/12\/Super-Slim-ME-booty-goals-bands-600x600-1-150x150.png 150w, https:\/\/testing.wowtea.eu\/lv\/files\/2020\/12\/Super-Slim-ME-booty-goals-bands-600x600-1-100x100.png 100w, https:\/\/testing.wowtea.eu\/lv\/files\/2020\/12\/Super-Slim-ME-booty-goals-bands-600x600-1-45x45.png 45w\" sizes=\"(max-width: 600px) 100vw, 600px\" \/>","free_delivery":"Bezmaksas pieg\u0101de"}},"free_delivery":false,"currency_name":"&euro;","_links":{"self":[{"href":"https:\/\/testing.wowtea.eu\/lv\/wp-json\/wp\/v2\/product\/97342"}],"collection":[{"href":"https:\/\/testing.wowtea.eu\/lv\/wp-json\/wp\/v2\/product"}],"about":[{"href":"https:\/\/testing.wowtea.eu\/lv\/wp-json\/wp\/v2\/types\/product"}],"replies":[{"embeddable":true,"href":"https:\/\/testing.wowtea.eu\/lv\/wp-json\/wp\/v2\/comments?post=97342"}],"version-history":[{"count":0,"href":"https:\/\/testing.wowtea.eu\/lv\/wp-json\/wp\/v2\/product\/97342\/revisions"}],"wp:featuredmedia":[{"embeddable":true,"href":"https:\/\/testing.wowtea.eu\/lv\/wp-json\/wp\/v2\/media\/97343"}],"wp:attachment":[{"href":"https:\/\/testing.wowtea.eu\/lv\/wp-json\/wp\/v2\/media?parent=97342"}],"wp:term":[{"taxonomy":"product_cat","embeddable":true,"href":"https:\/\/testing.wowtea.eu\/lv\/wp-json\/wp\/v2\/product_cat?post=97342"},{"taxonomy":"product_tag","embeddable":true,"href":"https:\/\/testing.wowtea.eu\/lv\/wp-json\/wp\/v2\/product_tag?post=97342"}],"curies":[{"name":"wp","href":"https:\/\/api.w.org\/{rel}","templated":true}]}}