{"id":137257,"date":"2024-04-29T08:31:47","date_gmt":"2024-04-29T06:31:47","guid":{"rendered":"https:\/\/testing.wowtea.eu\/pl\/?page_id=137257"},"modified":"2024-06-11T10:12:09","modified_gmt":"2024-06-11T08:12:09","slug":"sitemap","status":"publish","type":"page","link":"https:\/\/testing.wowtea.eu\/pl\/sitemap\/","title":{"rendered":"Mapa witryny"},"content":{"rendered":"\t\t<div data-elementor-type=\"wp-page\" data-elementor-id=\"137257\" class=\"elementor elementor-137257\">\n\t\t\t\t\t\t<div class=\"elementor-inner\">\n\t\t\t\t<div class=\"elementor-section-wrap\">\n\t\t\t\t\t\t\t\t\t<section class=\"elementor-section elementor-top-section elementor-element elementor-element-ec783ac elementor-section-boxed elementor-section-height-default elementor-section-height-default\" data-id=\"ec783ac\" data-element_type=\"section\">\n\t\t\t\t\t\t<div class=\"elementor-container elementor-column-gap-default\">\n\t\t\t\t\t\t\t<div class=\"elementor-row\">\n\t\t\t\t\t<div class=\"elementor-column elementor-col-100 elementor-top-column elementor-element elementor-element-33d4a7c\" data-id=\"33d4a7c\" data-element_type=\"column\">\n\t\t\t<div class=\"elementor-column-wrap elementor-element-populated\">\n\t\t\t\t\t\t\t<div class=\"elementor-widget-wrap\">\n\t\t\t\t\t\t<div class=\"elementor-element elementor-element-f78c545 elementor-widget elementor-widget-shortcode\" data-id=\"f78c545\" data-element_type=\"widget\" data-widget_type=\"shortcode.default\">\n\t\t\t\t<div class=\"elementor-widget-container\">\n\t\t\t\t\t<div class=\"elementor-shortcode\"><div class=\"rank-math-html-sitemap\"><div class=\"rank-math-html-sitemap__section rank-math-html-sitemap__section--post-type rank-math-html-sitemap__section--page\"><h2 class=\"rank-math-html-sitemap__title\">Strony<\/h2><ul class=\"rank-math-html-sitemap__list\"><li class=\"rank-math-html-sitemap__item\"><a href=\"https:\/\/testing.wowtea.eu\/pl\/sitemap\/\" class=\"rank-math-html-sitemap__link\">Mapa witryny<\/a><\/li><li class=\"rank-math-html-sitemap__item\"><a href=\"https:\/\/testing.wowtea.eu\/pl\/faq\/\" class=\"rank-math-html-sitemap__link\">FAQ<\/a><\/li><li class=\"rank-math-html-sitemap__item\"><a href=\"https:\/\/testing.wowtea.eu\/pl\/shipping-information\/\" class=\"rank-math-html-sitemap__link\">Spos\u00f3b dostawy<\/a><\/li><li class=\"rank-math-html-sitemap__item\"><a href=\"https:\/\/testing.wowtea.eu\/pl\/returns-policy\/\" class=\"rank-math-html-sitemap__link\">Polityka zwrotu<\/a><\/li><li class=\"rank-math-html-sitemap__item\"><a href=\"https:\/\/testing.wowtea.eu\/pl\/payment-information\/\" class=\"rank-math-html-sitemap__link\">Metody p\u0142atno\u015bci<\/a><\/li><li class=\"rank-math-html-sitemap__item\"><a href=\"https:\/\/testing.wowtea.eu\/pl\/contact\/\" class=\"rank-math-html-sitemap__link\">KONTAKTY<\/a><\/li><li class=\"rank-math-html-sitemap__item\"><a href=\"https:\/\/testing.wowtea.eu\/pl\/terms-conditions\/\" class=\"rank-math-html-sitemap__link\">Warunki<\/a><\/li><li class=\"rank-math-html-sitemap__item\"><a href=\"https:\/\/testing.wowtea.eu\/pl\/privacy-cookie-policies\/\" class=\"rank-math-html-sitemap__link\">Informativa sulla privacy<\/a><\/li><li class=\"rank-math-html-sitemap__item\"><a href=\"https:\/\/testing.wowtea.eu\/pl\/reviews\/\" class=\"rank-math-html-sitemap__link\">Opinie<\/a><\/li><li class=\"rank-math-html-sitemap__item\"><a href=\"https:\/\/testing.wowtea.eu\/pl\/about-us\/\" class=\"rank-math-html-sitemap__link\">\u041e nas<\/a><\/li><li class=\"rank-math-html-sitemap__item\"><a href=\"https:\/\/testing.wowtea.eu\/pl\/shop\/\" class=\"rank-math-html-sitemap__link\">Sklep<\/a><\/li><li class=\"rank-math-html-sitemap__item\"><a href=\"https:\/\/testing.wowtea.eu\/pl\/\" class=\"rank-math-html-sitemap__link\">Strona g\u0142\u00f3wna<\/a><\/li><\/ul><\/div><div class=\"rank-math-html-sitemap__section rank-math-html-sitemap__section--post-type rank-math-html-sitemap__section--product\"><h2 class=\"rank-math-html-sitemap__title\">Produkty<\/h2><ul class=\"rank-math-html-sitemap__list\"><li class=\"rank-math-html-sitemap__item\"><a href=\"https:\/\/testing.wowtea.eu\/pl\/product\/3xsummer-tropicana-wellness-herbata\/\" class=\"rank-math-html-sitemap__link\">3xSummer Tropicana Wellness Herbata<\/a><\/li><li class=\"rank-math-html-sitemap__item\"><a href=\"https:\/\/testing.wowtea.eu\/pl\/product\/3xsummer-tropicana-slimfit-herbata\/\" class=\"rank-math-html-sitemap__link\">3xSummer Tropicana Slimfit Herbata<\/a><\/li><li class=\"rank-math-html-sitemap__item\"><a href=\"https:\/\/testing.wowtea.eu\/pl\/product\/3xsummer-tropicana-detox-herbata\/\" class=\"rank-math-html-sitemap__link\">3xSummer Tropicana Detox Herbata<\/a><\/li><li class=\"rank-math-html-sitemap__item\"><a href=\"https:\/\/testing.wowtea.eu\/pl\/product\/summer-matcha-duo\/\" class=\"rank-math-html-sitemap__link\">SUMMER MATCHA DUO<\/a><\/li><li class=\"rank-math-html-sitemap__item\"><a href=\"https:\/\/testing.wowtea.eu\/pl\/product\/must-have-matcha-duo\/\" class=\"rank-math-html-sitemap__link\">MUST HAVE MATCHA DUO<\/a><\/li><li class=\"rank-math-html-sitemap__item\"><a href=\"https:\/\/testing.wowtea.eu\/pl\/product\/slimfit-supergreen\/\" class=\"rank-math-html-sitemap__link\">Slimfit SuperGreen<\/a><\/li><li class=\"rank-math-html-sitemap__item\"><a href=\"https:\/\/testing.wowtea.eu\/pl\/product\/very-berry-box\/\" class=\"rank-math-html-sitemap__link\">Very Berry Box<\/a><\/li><li class=\"rank-math-html-sitemap__item\"><a href=\"https:\/\/testing.wowtea.eu\/pl\/product\/summer-tropicana-matcha-slimfit-tea\/\" class=\"rank-math-html-sitemap__link\">Summer Tropicana Matcha SlimFit Tea<\/a><\/li><li class=\"rank-math-html-sitemap__item\"><a href=\"https:\/\/testing.wowtea.eu\/pl\/product\/summer-vibes-bundle\/\" class=\"rank-math-html-sitemap__link\">Summer Vibes Bundle<\/a><\/li><li class=\"rank-math-html-sitemap__item\"><a href=\"https:\/\/testing.wowtea.eu\/pl\/product\/beach-beauty-set\/\" class=\"rank-math-html-sitemap__link\">Beach Beauty Set<\/a><\/li><li class=\"rank-math-html-sitemap__item\"><a href=\"https:\/\/testing.wowtea.eu\/pl\/product\/summer-biofit-bundle\/\" class=\"rank-math-html-sitemap__link\">Summer Biofit Bundle<\/a><\/li><li class=\"rank-math-html-sitemap__item\"><a href=\"https:\/\/testing.wowtea.eu\/pl\/product\/renew-tropicana-pack\/\" class=\"rank-math-html-sitemap__link\">Renew Tropicana Pack<\/a><\/li><li class=\"rank-math-html-sitemap__item\"><a href=\"https:\/\/testing.wowtea.eu\/pl\/product\/grande-tropicana-box\/\" class=\"rank-math-html-sitemap__link\">Grande Tropicana Box<\/a><\/li><li class=\"rank-math-html-sitemap__item\"><a href=\"https:\/\/testing.wowtea.eu\/pl\/product\/summer-tropicana-collagen\/\" class=\"rank-math-html-sitemap__link\">Summer Tropicana Collagen<\/a><\/li><li class=\"rank-math-html-sitemap__item\"><a href=\"https:\/\/testing.wowtea.eu\/pl\/product\/summer-tropicana-slimfit-tea\/\" class=\"rank-math-html-sitemap__link\">Summer Tropicana Slimfit Herbata<\/a><\/li><li class=\"rank-math-html-sitemap__item\"><a href=\"https:\/\/testing.wowtea.eu\/pl\/product\/summer-tropicana-wellness-tea\/\" class=\"rank-math-html-sitemap__link\">Summer Tropicana Wellness Herbata<\/a><\/li><li class=\"rank-math-html-sitemap__item\"><a href=\"https:\/\/testing.wowtea.eu\/pl\/product\/summer-tropicana-detox-tea\/\" class=\"rank-math-html-sitemap__link\">Summer Tropicana Detox Herbata<\/a><\/li><li class=\"rank-math-html-sitemap__item\"><a href=\"https:\/\/testing.wowtea.eu\/pl\/product\/pure-beauty-bundle\/\" class=\"rank-math-html-sitemap__link\">Pure Beauty Bundle<\/a><\/li><li class=\"rank-math-html-sitemap__item\"><a href=\"https:\/\/testing.wowtea.eu\/pl\/product\/pure-beauty-tea\/\" class=\"rank-math-html-sitemap__link\">Pure Beauty Herbata<\/a><\/li><li class=\"rank-math-html-sitemap__item\"><a href=\"https:\/\/testing.wowtea.eu\/pl\/product\/pure-beauty-serum\/\" class=\"rank-math-html-sitemap__link\">Pure Beauty Serum<\/a><\/li><li class=\"rank-math-html-sitemap__item\"><a href=\"https:\/\/testing.wowtea.eu\/pl\/product\/pure-beauty-cream\/\" class=\"rank-math-html-sitemap__link\">Pure Beauty Krem<\/a><\/li><li class=\"rank-math-html-sitemap__item\"><a href=\"https:\/\/testing.wowtea.eu\/pl\/product\/blue-thermos\/\" class=\"rank-math-html-sitemap__link\">Termos Z Zaparzaczem - Niebieski<\/a><\/li><li class=\"rank-math-html-sitemap__item\"><a href=\"https:\/\/testing.wowtea.eu\/pl\/product\/premium-matcha-slimfit\/\" class=\"rank-math-html-sitemap__link\">Premium Matcha Slimfit Herbata<\/a><\/li><li class=\"rank-math-html-sitemap__item\"><a href=\"https:\/\/testing.wowtea.eu\/pl\/product\/premium-matcha-detox\/\" class=\"rank-math-html-sitemap__link\">Premium Matcha Detox Herbata<\/a><\/li><li class=\"rank-math-html-sitemap__item\"><a href=\"https:\/\/testing.wowtea.eu\/pl\/product\/multi-collagen-beauty-complex\/\" class=\"rank-math-html-sitemap__link\">Multi-kolagen Beauty Complex<\/a><\/li><li class=\"rank-math-html-sitemap__item\"><a href=\"https:\/\/testing.wowtea.eu\/pl\/product\/special-red-tea-infuser-bottle\/\" class=\"rank-math-html-sitemap__link\">Butelka Na Herbat\u0119 - Czerwony<\/a><\/li><li class=\"rank-math-html-sitemap__item\"><a href=\"https:\/\/testing.wowtea.eu\/pl\/product\/special-blue-tea-infuser-bottle\/\" class=\"rank-math-html-sitemap__link\">Butelka Na Herbat\u0119 - Niebieski<\/a><\/li><li class=\"rank-math-html-sitemap__item\"><a href=\"https:\/\/testing.wowtea.eu\/pl\/product\/ultimate-berry-box\/\" class=\"rank-math-html-sitemap__link\">Ultimate Berry Box<\/a><\/li><li class=\"rank-math-html-sitemap__item\"><a href=\"https:\/\/testing.wowtea.eu\/pl\/product\/complete-berry-bundle\/\" class=\"rank-math-html-sitemap__link\">Complete Berry Bundle<\/a><\/li><li class=\"rank-math-html-sitemap__item\"><a href=\"https:\/\/testing.wowtea.eu\/pl\/product\/double-berry-slim-beauty-pack\/\" class=\"rank-math-html-sitemap__link\">Double Berry Slim + Beauty Pack<\/a><\/li><li class=\"rank-math-html-sitemap__item\"><a href=\"https:\/\/testing.wowtea.eu\/pl\/product\/double-berry-slim-team\/\" class=\"rank-math-html-sitemap__link\">Double Berry Slim Team<\/a><\/li><li class=\"rank-math-html-sitemap__item\"><a href=\"https:\/\/testing.wowtea.eu\/pl\/product\/double-berry-slim-pack\/\" class=\"rank-math-html-sitemap__link\">Double Berry Slim Pack<\/a><\/li><li class=\"rank-math-html-sitemap__item\"><a href=\"https:\/\/testing.wowtea.eu\/pl\/product\/biofit-beauty-set\/\" class=\"rank-math-html-sitemap__link\">BioFit + Beauty Set<\/a><\/li><li class=\"rank-math-html-sitemap__item\"><a href=\"https:\/\/testing.wowtea.eu\/pl\/product\/biofit-beauty-berry-pack\/\" class=\"rank-math-html-sitemap__link\">BioFit + Beauty Berry Pack<\/a><\/li><li class=\"rank-math-html-sitemap__item\"><a href=\"https:\/\/testing.wowtea.eu\/pl\/product\/biofit-berry-team\/\" class=\"rank-math-html-sitemap__link\">Biofit Berry Team<\/a><\/li><li class=\"rank-math-html-sitemap__item\"><a href=\"https:\/\/testing.wowtea.eu\/pl\/product\/2-step-biofit-berry-program\/\" class=\"rank-math-html-sitemap__link\">2-Step Biofit Berry Program<\/a><\/li><li class=\"rank-math-html-sitemap__item\"><a href=\"https:\/\/testing.wowtea.eu\/pl\/product\/perfect-berry-bundle\/\" class=\"rank-math-html-sitemap__link\">Perfect Berry Bundle<\/a><\/li><li class=\"rank-math-html-sitemap__item\"><a href=\"https:\/\/testing.wowtea.eu\/pl\/product\/berry-wellness-tea\/\" class=\"rank-math-html-sitemap__link\">Berry Wellness Herbata<\/a><\/li><li class=\"rank-math-html-sitemap__item\"><a href=\"https:\/\/testing.wowtea.eu\/pl\/product\/berry-slimfit-tea\/\" class=\"rank-math-html-sitemap__link\">Berry SlimFit Herbata<\/a><\/li><li class=\"rank-math-html-sitemap__item\"><a href=\"https:\/\/testing.wowtea.eu\/pl\/product\/berry-detox-tea\/\" class=\"rank-math-html-sitemap__link\">Berry Detox Herbata<\/a><\/li><li class=\"rank-math-html-sitemap__item\"><a href=\"https:\/\/testing.wowtea.eu\/pl\/product\/full-body-bands-box\/\" class=\"rank-math-html-sitemap__link\">Full Body Bands Box<\/a><\/li><li class=\"rank-math-html-sitemap__item\"><a href=\"https:\/\/testing.wowtea.eu\/pl\/product\/long-body-bands-combo\/\" class=\"rank-math-html-sitemap__link\">Long Body Bands Combo<\/a><\/li><li class=\"rank-math-html-sitemap__item\"><a href=\"https:\/\/testing.wowtea.eu\/pl\/product\/detox-tea-tea-bottle-full-body-bands-box\/\" class=\"rank-math-html-sitemap__link\">Detox Tea + Tea Bottle + Full Body Bands Box<\/a><\/li><li class=\"rank-math-html-sitemap__item\"><a href=\"https:\/\/testing.wowtea.eu\/pl\/product\/detox-%d1%82%d0%b5%d0%b0-full-body-bands-box\/\" class=\"rank-math-html-sitemap__link\">Detox \u0422\u0435\u0430 + Full Body Bands Box<\/a><\/li><li class=\"rank-math-html-sitemap__item\"><a href=\"https:\/\/testing.wowtea.eu\/pl\/product\/slimfit-tea-tea-bottle-full-body-bands-box\/\" class=\"rank-math-html-sitemap__link\">SlimFit Tea + Tea Bottle + Full Body Bands Box\u200b\u200b<\/a><\/li><li class=\"rank-math-html-sitemap__item\"><a href=\"https:\/\/testing.wowtea.eu\/pl\/product\/slimfit-tea-full-body-bands-box\/\" class=\"rank-math-html-sitemap__link\">SlimFit Tea + Full Body Bands Box\u200b<\/a><\/li><li class=\"rank-math-html-sitemap__item\"><a href=\"https:\/\/testing.wowtea.eu\/pl\/product\/detox-tea-booty-goals-bands-combo\/\" class=\"rank-math-html-sitemap__link\">Detox Tea + Booty Goals Bands Combo<\/a><\/li><li class=\"rank-math-html-sitemap__item\"><a href=\"https:\/\/testing.wowtea.eu\/pl\/product\/slimfit-tea-booty-goals-bands-combo\/\" class=\"rank-math-html-sitemap__link\">Slimfit Tea + Booty Goals Bands Combo<\/a><\/li><li class=\"rank-math-html-sitemap__item\"><a href=\"https:\/\/testing.wowtea.eu\/pl\/product\/best-skin-bundle\/\" class=\"rank-math-html-sitemap__link\">Best Skin Bundle<\/a><\/li><li class=\"rank-math-html-sitemap__item\"><a href=\"https:\/\/testing.wowtea.eu\/pl\/product\/green-face-scrub\/\" class=\"rank-math-html-sitemap__link\">Zielony Peeling Do Twarzy<\/a><\/li><li class=\"rank-math-html-sitemap__item\"><a href=\"https:\/\/testing.wowtea.eu\/pl\/product\/detox-mask\/\" class=\"rank-math-html-sitemap__link\">Maska Detoksykuj\u0105ca Matcha<\/a><\/li><li class=\"rank-math-html-sitemap__item\"><a href=\"https:\/\/testing.wowtea.eu\/pl\/product\/mint-wellness-tea\/\" class=\"rank-math-html-sitemap__link\">Mint Wellness Herbata<\/a><\/li><li class=\"rank-math-html-sitemap__item\"><a href=\"https:\/\/testing.wowtea.eu\/pl\/product\/complete-change-pack\/\" class=\"rank-math-html-sitemap__link\">Complete Change Pack<\/a><\/li><li class=\"rank-math-html-sitemap__item\"><a href=\"https:\/\/testing.wowtea.eu\/pl\/product\/full-mint-bundle\/\" class=\"rank-math-html-sitemap__link\">Full Mint Bundle<\/a><\/li><li class=\"rank-math-html-sitemap__item\"><a href=\"https:\/\/testing.wowtea.eu\/pl\/product\/all-summer-set\/\" class=\"rank-math-html-sitemap__link\">All Summer Set<\/a><\/li><li class=\"rank-math-html-sitemap__item\"><a href=\"https:\/\/testing.wowtea.eu\/pl\/product\/the-wow-effect-box\/\" class=\"rank-math-html-sitemap__link\">The WOW Effect Box<\/a><\/li><li class=\"rank-math-html-sitemap__item\"><a href=\"https:\/\/testing.wowtea.eu\/pl\/product\/fresh-start-pack\/\" class=\"rank-math-html-sitemap__link\">Fresh Strat Pack<\/a><\/li><li class=\"rank-math-html-sitemap__item\"><a href=\"https:\/\/testing.wowtea.eu\/pl\/product\/happy-belly-box\/\" class=\"rank-math-html-sitemap__link\">Happy Belly Box<\/a><\/li><li class=\"rank-math-html-sitemap__item\"><a href=\"https:\/\/testing.wowtea.eu\/pl\/product\/minty-team\/\" class=\"rank-math-html-sitemap__link\">Minty Team<\/a><\/li><li class=\"rank-math-html-sitemap__item\"><a href=\"https:\/\/testing.wowtea.eu\/pl\/product\/green-bottle\/\" class=\"rank-math-html-sitemap__link\">Butelka Na Herbat\u0119 - Zielony<\/a><\/li><li class=\"rank-math-html-sitemap__item\"><a href=\"https:\/\/testing.wowtea.eu\/pl\/product\/mint-slimfit-tea\/\" class=\"rank-math-html-sitemap__link\">Mint SlimFit Herbata<\/a><\/li><li class=\"rank-math-html-sitemap__item\"><a href=\"https:\/\/testing.wowtea.eu\/pl\/product\/mint-detox-tea\/\" class=\"rank-math-html-sitemap__link\">Mint Detox Herbata<\/a><\/li><li class=\"rank-math-html-sitemap__item\"><a href=\"https:\/\/testing.wowtea.eu\/pl\/product\/supreme-trio\/\" class=\"rank-math-html-sitemap__link\">Supreme Trio Pack<\/a><\/li><li class=\"rank-math-html-sitemap__item\"><a href=\"https:\/\/testing.wowtea.eu\/pl\/product\/perfect-match\/\" class=\"rank-math-html-sitemap__link\">Perfect Match<\/a><\/li><li class=\"rank-math-html-sitemap__item\"><a href=\"https:\/\/testing.wowtea.eu\/pl\/product\/renew-natural\/\" class=\"rank-math-html-sitemap__link\">Renew Natural<\/a><\/li><li class=\"rank-math-html-sitemap__item\"><a href=\"https:\/\/testing.wowtea.eu\/pl\/product\/biofit-active\/\" class=\"rank-math-html-sitemap__link\">Biofit Active<\/a><\/li><li class=\"rank-math-html-sitemap__item\"><a href=\"https:\/\/testing.wowtea.eu\/pl\/product\/rozowy-termos-z-zaparzaczem\/\" class=\"rank-math-html-sitemap__link\">Termos Z Zaparzaczem - R\u00f3\u017cowy<\/a><\/li><li class=\"rank-math-html-sitemap__item\"><a href=\"https:\/\/testing.wowtea.eu\/pl\/product\/czarny-termos-z-zaparzaczem\/\" class=\"rank-math-html-sitemap__link\">Termos Z Zaparzaczem - Czarny<\/a><\/li><li class=\"rank-math-html-sitemap__item\"><a href=\"https:\/\/testing.wowtea.eu\/pl\/product\/pomaranczowy-termos-z-zaparzaczem\/\" class=\"rank-math-html-sitemap__link\">Termos Z Zaparzaczem - Pomara\u0144czowy<\/a><\/li><li class=\"rank-math-html-sitemap__item\"><a href=\"https:\/\/testing.wowtea.eu\/pl\/product\/slimfit-superfruit\/\" class=\"rank-math-html-sitemap__link\">SlimFit SuperFruit<\/a><\/li><li class=\"rank-math-html-sitemap__item\"><a href=\"https:\/\/testing.wowtea.eu\/pl\/product\/butelka-na-herbate-czarna\/\" class=\"rank-math-html-sitemap__link\">Butelka na herbat\u0119 (Czarna)<\/a><\/li><li class=\"rank-math-html-sitemap__item\"><a href=\"https:\/\/testing.wowtea.eu\/pl\/product\/butelka-na-herbate-rozowa\/\" class=\"rank-math-html-sitemap__link\">Butelka Na Herbat\u0119 - R\u00f3\u017cowy<\/a><\/li><li class=\"rank-math-html-sitemap__item\"><a href=\"https:\/\/testing.wowtea.eu\/pl\/product\/summer-detox-tea\/\" class=\"rank-math-html-sitemap__link\">Summer Detox Herbata<\/a><\/li><li class=\"rank-math-html-sitemap__item\"><a href=\"https:\/\/testing.wowtea.eu\/pl\/product\/summer-wellness-tea\/\" class=\"rank-math-html-sitemap__link\">Summer Wellness Herbata<\/a><\/li><li class=\"rank-math-html-sitemap__item\"><a href=\"https:\/\/testing.wowtea.eu\/pl\/product\/new-summer-new-me\/\" class=\"rank-math-html-sitemap__link\">New Summer New Me<\/a><\/li><li class=\"rank-math-html-sitemap__item\"><a href=\"https:\/\/testing.wowtea.eu\/pl\/product\/love-your-summer-body\/\" class=\"rank-math-html-sitemap__link\">Love Your Summer Body<\/a><\/li><li class=\"rank-math-html-sitemap__item\"><a href=\"https:\/\/testing.wowtea.eu\/pl\/product\/summer-reborn\/\" class=\"rank-math-html-sitemap__link\">Summer Reborn<\/a><\/li><li class=\"rank-math-html-sitemap__item\"><a href=\"https:\/\/testing.wowtea.eu\/pl\/product\/yellow-bottle\/\" class=\"rank-math-html-sitemap__link\">Butelka Na Herbat\u0119 - \u017b\u00f3\u0142ty<\/a><\/li><li class=\"rank-math-html-sitemap__item\"><a href=\"https:\/\/testing.wowtea.eu\/pl\/product\/summer-slimfit-tea\/\" class=\"rank-math-html-sitemap__link\">Summer Slimfit Herbata<\/a><\/li><li class=\"rank-math-html-sitemap__item\"><a href=\"https:\/\/testing.wowtea.eu\/pl\/product\/booty-goals-band-combo\/\" class=\"rank-math-html-sitemap__link\">Booty Goals Band Combo<\/a><\/li><li class=\"rank-math-html-sitemap__item\"><a href=\"https:\/\/testing.wowtea.eu\/pl\/product\/new-year-new-me\/\" class=\"rank-math-html-sitemap__link\">New Year New Me<\/a><\/li><li class=\"rank-math-html-sitemap__item\"><a href=\"https:\/\/testing.wowtea.eu\/pl\/product\/love-your-body-box\/\" class=\"rank-math-html-sitemap__link\">Love Your Body Box<\/a><\/li><li class=\"rank-math-html-sitemap__item\"><a href=\"https:\/\/testing.wowtea.eu\/pl\/product\/spring-reborn\/\" class=\"rank-math-html-sitemap__link\">Spring Reborn<\/a><\/li><li class=\"rank-math-html-sitemap__item\"><a href=\"https:\/\/testing.wowtea.eu\/pl\/product\/world-of-wellness\/\" class=\"rank-math-html-sitemap__link\">World of Wellness<\/a><\/li><li class=\"rank-math-html-sitemap__item\"><a href=\"https:\/\/testing.wowtea.eu\/pl\/product\/2-good-team\/\" class=\"rank-math-html-sitemap__link\">2 Good Team<\/a><\/li><li class=\"rank-math-html-sitemap__item\"><a href=\"https:\/\/testing.wowtea.eu\/pl\/product\/super-slim-me\/\" class=\"rank-math-html-sitemap__link\">Super Slim Me Program<\/a><\/li><li class=\"rank-math-html-sitemap__item\"><a href=\"https:\/\/testing.wowtea.eu\/pl\/product\/wellness-vita-pack\/\" class=\"rank-math-html-sitemap__link\">Wellness Vita Pack<\/a><\/li><li class=\"rank-math-html-sitemap__item\"><a href=\"https:\/\/testing.wowtea.eu\/pl\/product\/wellness-vita-duo\/\" class=\"rank-math-html-sitemap__link\">Wellness Vita Duo<\/a><\/li><li class=\"rank-math-html-sitemap__item\"><a href=\"https:\/\/testing.wowtea.eu\/pl\/product\/slimfit\/\" class=\"rank-math-html-sitemap__link\">SlimFit SuperFood<\/a><\/li><li class=\"rank-math-html-sitemap__item\"><a href=\"https:\/\/testing.wowtea.eu\/pl\/product\/new-wellness\/\" class=\"rank-math-html-sitemap__link\">Wellness Herbata<\/a><\/li><li class=\"rank-math-html-sitemap__item\"><a href=\"https:\/\/testing.wowtea.eu\/pl\/product\/slimfit-tea\/\" class=\"rank-math-html-sitemap__link\">SlimFit Herbata<\/a><\/li><li class=\"rank-math-html-sitemap__item\"><a href=\"https:\/\/testing.wowtea.eu\/pl\/product\/wow-tea-detox\/\" class=\"rank-math-html-sitemap__link\">Detox Herbata<\/a><\/li><li class=\"rank-math-html-sitemap__item\"><a href=\"https:\/\/testing.wowtea.eu\/pl\/product\/tea-ceremony\/\" class=\"rank-math-html-sitemap__link\">Tea Ceremony<\/a><\/li><\/ul><\/div><\/div><\/div>\n\t\t\t\t<\/div>\n\t\t\t\t<\/div>\n\t\t\t\t\t\t<\/div>\n\t\t\t\t\t<\/div>\n\t\t<\/div>\n\t\t\t\t\t\t\t\t<\/div>\n\t\t\t\t\t<\/div>\n\t\t<\/section>\n\t\t\t\t\t\t\t\t\t<\/div>\n\t\t\t<\/div>\n\t\t\t\t\t<\/div>\n\t\t","protected":false},"excerpt":{"rendered":"","protected":false},"author":138,"featured_media":0,"parent":0,"menu_order":0,"comment_status":"closed","ping_status":"closed","template":"","meta":{"inline_featured_image":false},"acf":[],"_links":{"self":[{"href":"https:\/\/testing.wowtea.eu\/pl\/wp-json\/wp\/v2\/pages\/137257"}],"collection":[{"href":"https:\/\/testing.wowtea.eu\/pl\/wp-json\/wp\/v2\/pages"}],"about":[{"href":"https:\/\/testing.wowtea.eu\/pl\/wp-json\/wp\/v2\/types\/page"}],"author":[{"embeddable":true,"href":"https:\/\/testing.wowtea.eu\/pl\/wp-json\/wp\/v2\/users\/138"}],"replies":[{"embeddable":true,"href":"https:\/\/testing.wowtea.eu\/pl\/wp-json\/wp\/v2\/comments?post=137257"}],"version-history":[{"count":0,"href":"https:\/\/testing.wowtea.eu\/pl\/wp-json\/wp\/v2\/pages\/137257\/revisions"}],"wp:attachment":[{"href":"https:\/\/testing.wowtea.eu\/pl\/wp-json\/wp\/v2\/media?parent=137257"}],"curies":[{"name":"wp","href":"https:\/\/api.w.org\/{rel}","templated":true}]}}