{"id":106879,"date":"2022-10-10T15:43:26","date_gmt":"2022-10-10T13:43:26","guid":{"rendered":"https:\/\/testing.wowtea.eu\/pl\/?post_type=product&#038;p=106879"},"modified":"2024-09-23T10:28:38","modified_gmt":"2024-09-23T08:28:38","slug":"all-summer-set","status":"publish","type":"product","link":"https:\/\/testing.wowtea.eu\/pl\/product\/all-summer-set\/","title":{"rendered":"All Summer Set"},"content":{"rendered":"\t\t<div data-elementor-type=\"product-post\" data-elementor-id=\"106879\" class=\"elementor elementor-106879\">\n\t\t\t\t\t\t<div class=\"elementor-inner\">\n\t\t\t\t<div class=\"elementor-section-wrap\">\n\t\t\t\t\t\t\t\t\t<section class=\"elementor-section elementor-top-section elementor-element elementor-element-7371b36 elementor-hidden-tablet elementor-hidden-mobile elementor-section-boxed elementor-section-height-default elementor-section-height-default\" data-id=\"7371b36\" data-element_type=\"section\">\n\t\t\t\t\t\t<div class=\"elementor-container elementor-column-gap-default\">\n\t\t\t\t\t\t\t<div class=\"elementor-row\">\n\t\t\t\t\t<div class=\"elementor-column elementor-col-100 elementor-top-column elementor-element elementor-element-51350e4\" data-id=\"51350e4\" data-element_type=\"column\">\n\t\t\t<div class=\"elementor-column-wrap elementor-element-populated\">\n\t\t\t\t\t\t\t<div class=\"elementor-widget-wrap\">\n\t\t\t\t\t\t<div class=\"elementor-element elementor-element-3c1d283 elementor-widget elementor-widget-free_plans\" data-id=\"3c1d283\" data-element_type=\"widget\" data-widget_type=\"free_plans.default\">\n\t\t\t\t<div class=\"elementor-widget-container\">\n\t\t\t\n               <div class=\"row free_plan_box_wrapper\">\n\t\t\t            <!-- <div class=\"col medium_4\"> -->\n               <div class=\"free_plan_box\">\n                  <div class=\"img_wrap\">\n                     <figure>\n                        <img src=\"https:\/\/testing.wowtea.eu\/wp-content\/uploads\/2021\/06\/food_plan.png\" alt=\"<span> + Darmowy <\/span> plan \u017cywieniowy\">\n                     <\/figure>\n                  <\/div>\n                  <div class=\"content\">\n                     <h4 class=\"icon_title\"><span> + Darmowy <\/span> plan \u017cywieniowy <small>z ka\u017cdym zam\u00f3wieniem!<\/small><\/h4>\n                  <\/div>\n               <\/div>\n            <!-- <\/div> -->\n                     <!-- <div class=\"col medium_4\"> -->\n               <div class=\"free_plan_box\">\n                  <div class=\"img_wrap\">\n                     <figure>\n                        <img src=\"https:\/\/testing.wowtea.eu\/pl\/files\/2020\/11\/Plans-cover-Traning-2024.png\" alt=\"<span> + Darmowy <\/span> domowy plan treningowy\">\n                     <\/figure>\n                  <\/div>\n                  <div class=\"content\">\n                     <h4 class=\"icon_title\"><span> + Darmowy <\/span> domowy plan treningowy <small>za ka\u017cde zam\u00f3wienie ponad 130z\u0142<\/small><\/h4>\n                  <\/div>\n               <\/div>\n            <!-- <\/div> -->\n                     <!-- <div class=\"col medium_4\"> -->\n               <div class=\"free_plan_box\">\n                  <div class=\"img_wrap\">\n                     <figure>\n                        <img src=\"https:\/\/testing.wowtea.eu\/pl\/files\/2020\/11\/Plans-cover-yoga-2024.png\" alt=\"<span> + Darmowy <\/span> plan jogi\">\n                     <\/figure>\n                  <\/div>\n                  <div class=\"content\">\n                     <h4 class=\"icon_title\"><span> + Darmowy <\/span> plan jogi <small>ze wszystkimi zam\u00f3wieniami herbaty Wellness!<\/small><\/h4>\n                  <\/div>\n               <\/div>\n            <!-- <\/div> -->\n                  <\/div>\n      \n      \n   \t\t<\/div>\n\t\t\t\t<\/div>\n\t\t\t\t\t\t<\/div>\n\t\t\t\t\t<\/div>\n\t\t<\/div>\n\t\t\t\t\t\t\t\t<\/div>\n\t\t\t\t\t<\/div>\n\t\t<\/section>\n\t\t\t\t<section class=\"elementor-section elementor-top-section elementor-element elementor-element-0b56618 elementor-section-full_width elementor-hidden-desktop elementor-hidden-tablet elementor-section-height-default elementor-section-height-default\" data-id=\"0b56618\" data-element_type=\"section\">\n\t\t\t\t\t\t<div class=\"elementor-container elementor-column-gap-default\">\n\t\t\t\t\t\t\t<div class=\"elementor-row\">\n\t\t\t\t\t<div class=\"elementor-column elementor-col-100 elementor-top-column elementor-element elementor-element-c15b667\" data-id=\"c15b667\" data-element_type=\"column\">\n\t\t\t<div class=\"elementor-column-wrap elementor-element-populated\">\n\t\t\t\t\t\t\t<div class=\"elementor-widget-wrap\">\n\t\t\t\t\t\t<div class=\"elementor-element elementor-element-afcae8c elementor-widget elementor-widget-free_plans\" data-id=\"afcae8c\" data-element_type=\"widget\" data-widget_type=\"free_plans.default\">\n\t\t\t\t<div class=\"elementor-widget-container\">\n\t\t\t\n               <div class=\"row free_plan_box_wrapper\">\n\t\t\t            <!-- <div class=\"col medium_4\"> -->\n               <div class=\"free_plan_box\">\n                  <div class=\"img_wrap\">\n                     <figure>\n                        <img src=\"https:\/\/testing.wowtea.eu\/wp-content\/uploads\/2021\/06\/food_plan.png\" alt=\"<span> + Darmowy <\/span> plan \u017cywieniowy\">\n                     <\/figure>\n                  <\/div>\n                  <div class=\"content\">\n                     <h4 class=\"icon_title\"><span> + Darmowy <\/span> plan \u017cywieniowy <small>z ka\u017cdym zam\u00f3wieniem!<\/small><\/h4>\n                  <\/div>\n               <\/div>\n            <!-- <\/div> -->\n                     <!-- <div class=\"col medium_4\"> -->\n               <div class=\"free_plan_box\">\n                  <div class=\"img_wrap\">\n                     <figure>\n                        <img src=\"https:\/\/testing.wowtea.eu\/pl\/files\/2020\/11\/Plans-cover-Traning-2024.png\" alt=\"<span> + Darmowy <\/span> domowy plan treningowy\">\n                     <\/figure>\n                  <\/div>\n                  <div class=\"content\">\n                     <h4 class=\"icon_title\"><span> + Darmowy <\/span> domowy plan treningowy <small>za ka\u017cde zam\u00f3wienie ponad 130z\u0142<\/small><\/h4>\n                  <\/div>\n               <\/div>\n            <!-- <\/div> -->\n                     <!-- <div class=\"col medium_4\"> -->\n               <div class=\"free_plan_box\">\n                  <div class=\"img_wrap\">\n                     <figure>\n                        <img src=\"https:\/\/testing.wowtea.eu\/pl\/files\/2020\/11\/Plans-cover-yoga-2024.png\" alt=\"<span> + Darmowy <\/span> plan jogi\">\n                     <\/figure>\n                  <\/div>\n                  <div class=\"content\">\n                     <h4 class=\"icon_title\"><span> + Darmowy <\/span> plan jogi <small>ze wszystkimi zam\u00f3wieniami herbaty Wellness!<\/small><\/h4>\n                  <\/div>\n               <\/div>\n            <!-- <\/div> -->\n                  <\/div>\n      \n      \n   \t\t<\/div>\n\t\t\t\t<\/div>\n\t\t\t\t\t\t<\/div>\n\t\t\t\t\t<\/div>\n\t\t<\/div>\n\t\t\t\t\t\t\t\t<\/div>\n\t\t\t\t\t<\/div>\n\t\t<\/section>\n\t\t\t\t<section class=\"elementor-section elementor-top-section elementor-element elementor-element-72ba89e elementor-section-full_width elementor-reverse-mobile elementor-section-height-min-height elementor-section-height-default elementor-section-items-middle\" data-id=\"72ba89e\" data-element_type=\"section\" data-settings=\"{&quot;background_background&quot;:&quot;classic&quot;}\">\n\t\t\t\t\t\t<div class=\"elementor-container elementor-column-gap-no\">\n\t\t\t\t\t\t\t<div class=\"elementor-row\">\n\t\t\t\t\t<div class=\"elementor-column elementor-col-50 elementor-top-column elementor-element elementor-element-a30383f\" data-id=\"a30383f\" data-element_type=\"column\">\n\t\t\t<div class=\"elementor-column-wrap elementor-element-populated\">\n\t\t\t\t\t\t\t<div class=\"elementor-widget-wrap\">\n\t\t\t\t\t\t<div class=\"elementor-element elementor-element-eb55ac7 elementor-widget elementor-widget-spacer\" data-id=\"eb55ac7\" data-element_type=\"widget\" data-widget_type=\"spacer.default\">\n\t\t\t\t<div class=\"elementor-widget-container\">\n\t\t\t\t\t<div class=\"elementor-spacer\">\n\t\t\t<div class=\"elementor-spacer-inner\"><\/div>\n\t\t<\/div>\n\t\t\t\t<\/div>\n\t\t\t\t<\/div>\n\t\t\t\t\t\t<\/div>\n\t\t\t\t\t<\/div>\n\t\t<\/div>\n\t\t\t\t<div class=\"elementor-column elementor-col-50 elementor-top-column elementor-element elementor-element-0d63188\" data-id=\"0d63188\" data-element_type=\"column\">\n\t\t\t<div class=\"elementor-column-wrap elementor-element-populated\">\n\t\t\t\t\t\t\t<div class=\"elementor-widget-wrap\">\n\t\t\t\t\t\t<div class=\"elementor-element elementor-element-aaa3c09 elementor-widget elementor-widget-heading\" data-id=\"aaa3c09\" data-element_type=\"widget\" data-widget_type=\"heading.default\">\n\t\t\t\t<div class=\"elementor-widget-container\">\n\t\t\t<h2 class=\"elementor-heading-title elementor-size-default\">\"6 tygodni i zmiana, o kt\u00f3rej <br> marzy\u0142am, sta\u0142a si\u0119 faktem!<br> <span style=\"background-color:#FADEE9\">PS musz\u0119 mie\u0107 t\u0119 butelk\u0119<\/span>\"<\/h2>\t\t<\/div>\n\t\t\t\t<\/div>\n\t\t\t\t\t\t<\/div>\n\t\t\t\t\t<\/div>\n\t\t<\/div>\n\t\t\t\t\t\t\t\t<\/div>\n\t\t\t\t\t<\/div>\n\t\t<\/section>\n\t\t\t\t<section class=\"elementor-section elementor-top-section elementor-element elementor-element-3458e7b elementor-section-boxed elementor-section-height-default elementor-section-height-default\" data-id=\"3458e7b\" data-element_type=\"section\">\n\t\t\t\t\t\t<div class=\"elementor-container elementor-column-gap-no\">\n\t\t\t\t\t\t\t<div class=\"elementor-row\">\n\t\t\t\t\t<div class=\"elementor-column elementor-col-100 elementor-top-column elementor-element elementor-element-1cb5ccd\" data-id=\"1cb5ccd\" data-element_type=\"column\">\n\t\t\t<div class=\"elementor-column-wrap elementor-element-populated\">\n\t\t\t\t\t\t\t<div class=\"elementor-widget-wrap\">\n\t\t\t\t\t\t<div class=\"elementor-element elementor-element-4e5182c elementor-widget elementor-widget-custom_title\" data-id=\"4e5182c\" data-element_type=\"widget\" data-widget_type=\"custom_title.default\">\n\t\t\t\t<div class=\"elementor-widget-container\">\n\t\t\t      <!-- border_title center_border -->\n      \n               <div class=\"custom_title\" style=\"color: #DB206C\" >\n            <h2 class=\"title border_title center \"><span>ALL SUMMER SET<\/span> <\/h2>\n         <\/div>\n      \n\n   \t\t<\/div>\n\t\t\t\t<\/div>\n\t\t\t\t<div class=\"elementor-element elementor-element-c938353 elementor-widget elementor-widget-text-editor\" data-id=\"c938353\" data-element_type=\"widget\" data-widget_type=\"text-editor.default\">\n\t\t\t\t<div class=\"elementor-widget-container\">\n\t\t\t\t\t\t\t\t<div class=\"elementor-text-editor elementor-clearfix\">\n\t\t\t\t<p>Co dostaniesz w paczce?<\/p>\t\t\t\t\t<\/div>\n\t\t\t\t\t\t<\/div>\n\t\t\t\t<\/div>\n\t\t\t\t\t\t<\/div>\n\t\t\t\t\t<\/div>\n\t\t<\/div>\n\t\t\t\t\t\t\t\t<\/div>\n\t\t\t\t\t<\/div>\n\t\t<\/section>\n\t\t\t\t<section class=\"elementor-section elementor-top-section elementor-element elementor-element-25f6364 elementor-section-boxed elementor-section-height-default elementor-section-height-default\" data-id=\"25f6364\" data-element_type=\"section\">\n\t\t\t\t\t\t<div class=\"elementor-container elementor-column-gap-default\">\n\t\t\t\t\t\t\t<div class=\"elementor-row\">\n\t\t\t\t\t<div class=\"elementor-column elementor-col-100 elementor-top-column elementor-element elementor-element-105e706\" data-id=\"105e706\" data-element_type=\"column\">\n\t\t\t<div class=\"elementor-column-wrap elementor-element-populated\">\n\t\t\t\t\t\t\t<div class=\"elementor-widget-wrap\">\n\t\t\t\t\t\t<div class=\"elementor-element elementor-element-25b8ee2 elementor-widget elementor-widget-custom_title\" data-id=\"25b8ee2\" data-element_type=\"widget\" data-widget_type=\"custom_title.default\">\n\t\t\t\t<div class=\"elementor-widget-container\">\n\t\t\t      <!-- border_title center_border -->\n      \n               <div class=\"custom_title\"  >\n            <h2 class=\"title border_title center \"><span>Idealna herbata. Idealne samopoczucie. Idealny wygl\u0105d.<\/span> <\/h2>\n         <\/div>\n      \n\n   \t\t<\/div>\n\t\t\t\t<\/div>\n\t\t\t\t\t\t<\/div>\n\t\t\t\t\t<\/div>\n\t\t<\/div>\n\t\t\t\t\t\t\t\t<\/div>\n\t\t\t\t\t<\/div>\n\t\t<\/section>\n\t\t\t\t<section class=\"elementor-section elementor-top-section elementor-element elementor-element-0e09931 elementor-section-full_width elementor-section-height-min-height elementor-section-height-default elementor-section-items-middle\" data-id=\"0e09931\" data-element_type=\"section\" data-settings=\"{&quot;background_background&quot;:&quot;classic&quot;}\">\n\t\t\t\t\t\t<div class=\"elementor-container elementor-column-gap-no\">\n\t\t\t\t\t\t\t<div class=\"elementor-row\">\n\t\t\t\t\t<div class=\"elementor-column elementor-col-100 elementor-top-column elementor-element elementor-element-40f81b7\" data-id=\"40f81b7\" data-element_type=\"column\" data-settings=\"{&quot;background_background&quot;:&quot;classic&quot;}\">\n\t\t\t<div class=\"elementor-column-wrap\">\n\t\t\t\t\t\t\t<div class=\"elementor-widget-wrap\">\n\t\t\t\t\t\t\t\t<\/div>\n\t\t\t\t\t<\/div>\n\t\t<\/div>\n\t\t\t\t\t\t\t\t<\/div>\n\t\t\t\t\t<\/div>\n\t\t<\/section>\n\t\t\t\t<section class=\"elementor-section elementor-top-section elementor-element elementor-element-53ba5a1 elementor-section-height-min-height elementor-hidden-tablet elementor-hidden-phone elementor-section-full_width elementor-section-height-default elementor-section-items-middle\" data-id=\"53ba5a1\" data-element_type=\"section\" data-settings=\"{&quot;background_background&quot;:&quot;classic&quot;}\">\n\t\t\t\t\t\t\t<div class=\"elementor-background-overlay\"><\/div>\n\t\t\t\t\t\t\t<div class=\"elementor-container elementor-column-gap-no\">\n\t\t\t\t\t\t\t<div class=\"elementor-row\">\n\t\t\t\t\t<div class=\"elementor-column elementor-col-50 elementor-top-column elementor-element elementor-element-d9bf912\" data-id=\"d9bf912\" data-element_type=\"column\" data-settings=\"{&quot;background_background&quot;:&quot;classic&quot;}\">\n\t\t\t<div class=\"elementor-column-wrap\">\n\t\t\t\t\t\t\t<div class=\"elementor-widget-wrap\">\n\t\t\t\t\t\t\t\t<\/div>\n\t\t\t\t\t<\/div>\n\t\t<\/div>\n\t\t\t\t<div class=\"elementor-column elementor-col-50 elementor-top-column elementor-element elementor-element-ac1fbe4\" data-id=\"ac1fbe4\" data-element_type=\"column\">\n\t\t\t<div class=\"elementor-column-wrap elementor-element-populated\">\n\t\t\t\t\t\t\t<div class=\"elementor-widget-wrap\">\n\t\t\t\t\t\t<div class=\"elementor-element elementor-element-30fe9c8 elementor-widget elementor-widget-heading\" data-id=\"30fe9c8\" data-element_type=\"widget\" data-widget_type=\"heading.default\">\n\t\t\t\t<div class=\"elementor-widget-container\">\n\t\t\t<h2 class=\"elementor-heading-title elementor-size-default\">PRZYGOTOWANIE<\/h2>\t\t<\/div>\n\t\t\t\t<\/div>\n\t\t\t\t\t\t<\/div>\n\t\t\t\t\t<\/div>\n\t\t<\/div>\n\t\t\t\t\t\t\t\t<\/div>\n\t\t\t\t\t<\/div>\n\t\t<\/section>\n\t\t\t\t<section class=\"elementor-section elementor-top-section elementor-element elementor-element-065a625 elementor-section-full_width elementor-section-height-min-height elementor-hidden-desktop elementor-hidden-tablet elementor-section-height-default elementor-section-items-middle\" data-id=\"065a625\" data-element_type=\"section\" data-settings=\"{&quot;background_background&quot;:&quot;classic&quot;}\">\n\t\t\t\t\t\t\t<div class=\"elementor-background-overlay\"><\/div>\n\t\t\t\t\t\t\t<div class=\"elementor-container elementor-column-gap-no\">\n\t\t\t\t\t\t\t<div class=\"elementor-row\">\n\t\t\t\t\t<div class=\"elementor-column elementor-col-100 elementor-top-column elementor-element elementor-element-76e0c77\" data-id=\"76e0c77\" data-element_type=\"column\">\n\t\t\t<div class=\"elementor-column-wrap elementor-element-populated\">\n\t\t\t\t\t\t\t<div class=\"elementor-widget-wrap\">\n\t\t\t\t\t\t<div class=\"elementor-element elementor-element-595ac25 elementor-widget elementor-widget-image\" data-id=\"595ac25\" data-element_type=\"widget\" data-widget_type=\"image.default\">\n\t\t\t\t<div class=\"elementor-widget-container\">\n\t\t\t\t\t\t\t\t<div class=\"elementor-image\">\n\t\t\t\t\t\t\t\t\t\t\t\t<img width=\"460\" height=\"600\" src=\"https:\/\/testing.wowtea.eu\/pl\/files\/2022\/10\/How-to-prepare-mobile-1-1.jpg\" class=\"attachment-large size-large wp-image-117726\" alt=\"\" loading=\"lazy\" srcset=\"https:\/\/testing.wowtea.eu\/pl\/files\/2022\/10\/How-to-prepare-mobile-1-1.jpg 460w, https:\/\/testing.wowtea.eu\/pl\/files\/2022\/10\/How-to-prepare-mobile-1-1-77x100.jpg 77w, https:\/\/testing.wowtea.eu\/pl\/files\/2022\/10\/How-to-prepare-mobile-1-1-230x300.jpg 230w\" sizes=\"(max-width: 460px) 100vw, 460px\" \/>\t\t\t\t\t\t\t\t\t\t\t\t\t\t<\/div>\n\t\t\t\t\t\t<\/div>\n\t\t\t\t<\/div>\n\t\t\t\t<div class=\"elementor-element elementor-element-c16b01d elementor-widget elementor-widget-heading\" data-id=\"c16b01d\" data-element_type=\"widget\" data-widget_type=\"heading.default\">\n\t\t\t\t<div class=\"elementor-widget-container\">\n\t\t\t<h2 class=\"elementor-heading-title elementor-size-default\">Przygotowanie<\/h2>\t\t<\/div>\n\t\t\t\t<\/div>\n\t\t\t\t\t\t<\/div>\n\t\t\t\t\t<\/div>\n\t\t<\/div>\n\t\t\t\t\t\t\t\t<\/div>\n\t\t\t\t\t<\/div>\n\t\t<\/section>\n\t\t\t\t<section class=\"elementor-section elementor-top-section elementor-element elementor-element-b7f3264 elementor-section-full_width elementor-section-height-default elementor-section-height-default\" data-id=\"b7f3264\" data-element_type=\"section\">\n\t\t\t\t\t\t<div class=\"elementor-container elementor-column-gap-no\">\n\t\t\t\t\t\t\t<div class=\"elementor-row\">\n\t\t\t\t\t<div class=\"elementor-column elementor-col-100 elementor-top-column elementor-element elementor-element-c590ced\" data-id=\"c590ced\" data-element_type=\"column\">\n\t\t\t<div class=\"elementor-column-wrap elementor-element-populated\">\n\t\t\t\t\t\t\t<div class=\"elementor-widget-wrap\">\n\t\t\t\t\t\t<div class=\"elementor-element elementor-element-b603b58 elementor-widget elementor-widget-image\" data-id=\"b603b58\" data-element_type=\"widget\" data-widget_type=\"image.default\">\n\t\t\t\t<div class=\"elementor-widget-container\">\n\t\t\t\t\t\t\t\t<div class=\"elementor-image\">\n\t\t\t\t\t\t\t\t\t\t\t\t<img src=\"https:\/\/testing.wowtea.eu\/wp-content\/uploads\/2022\/09\/mmm...too-good-summer-D.svg\" title=\"\" alt=\"\" loading=\"lazy\" \/>\t\t\t\t\t\t\t\t\t\t\t\t\t\t<\/div>\n\t\t\t\t\t\t<\/div>\n\t\t\t\t<\/div>\n\t\t\t\t\t\t<\/div>\n\t\t\t\t\t<\/div>\n\t\t<\/div>\n\t\t\t\t\t\t\t\t<\/div>\n\t\t\t\t\t<\/div>\n\t\t<\/section>\n\t\t\t\t<section class=\"elementor-section elementor-top-section elementor-element elementor-element-682b8ba elementor-section-full_width elementor-hidden-tablet elementor-hidden-mobile elementor-section-height-default elementor-section-height-default\" data-id=\"682b8ba\" data-element_type=\"section\">\n\t\t\t\t\t\t<div class=\"elementor-container elementor-column-gap-default\">\n\t\t\t\t\t\t\t<div class=\"elementor-row\">\n\t\t\t\t\t<div class=\"elementor-column elementor-col-100 elementor-top-column elementor-element elementor-element-633f21c\" data-id=\"633f21c\" data-element_type=\"column\">\n\t\t\t<div class=\"elementor-column-wrap elementor-element-populated\">\n\t\t\t\t\t\t\t<div class=\"elementor-widget-wrap\">\n\t\t\t\t\t\t<div class=\"elementor-element elementor-element-27d2f96 elementor-widget elementor-widget-image\" data-id=\"27d2f96\" data-element_type=\"widget\" data-widget_type=\"image.default\">\n\t\t\t\t<div class=\"elementor-widget-container\">\n\t\t\t\t\t\t\t\t<div class=\"elementor-image\">\n\t\t\t\t\t\t\t\t\t\t\t\t<img width=\"1920\" height=\"650\" src=\"https:\/\/testing.wowtea.eu\/pl\/files\/2022\/10\/CTA-banner-summer-bundle-D-1.jpg\" class=\"attachment-full size-full wp-image-117729\" alt=\"\" loading=\"lazy\" srcset=\"https:\/\/testing.wowtea.eu\/pl\/files\/2022\/10\/CTA-banner-summer-bundle-D-1.jpg 1920w, https:\/\/testing.wowtea.eu\/pl\/files\/2022\/10\/CTA-banner-summer-bundle-D-1-1536x520.jpg 1536w, https:\/\/testing.wowtea.eu\/pl\/files\/2022\/10\/CTA-banner-summer-bundle-D-1-100x34.jpg 100w, https:\/\/testing.wowtea.eu\/pl\/files\/2022\/10\/CTA-banner-summer-bundle-D-1-600x203.jpg 600w, https:\/\/testing.wowtea.eu\/pl\/files\/2022\/10\/CTA-banner-summer-bundle-D-1-300x102.jpg 300w, https:\/\/testing.wowtea.eu\/pl\/files\/2022\/10\/CTA-banner-summer-bundle-D-1-768x260.jpg 768w, https:\/\/testing.wowtea.eu\/pl\/files\/2022\/10\/CTA-banner-summer-bundle-D-1-1024x347.jpg 1024w\" sizes=\"(max-width: 1920px) 100vw, 1920px\" \/>\t\t\t\t\t\t\t\t\t\t\t\t\t\t<\/div>\n\t\t\t\t\t\t<\/div>\n\t\t\t\t<\/div>\n\t\t\t\t\t\t<\/div>\n\t\t\t\t\t<\/div>\n\t\t<\/div>\n\t\t\t\t\t\t\t\t<\/div>\n\t\t\t\t\t<\/div>\n\t\t<\/section>\n\t\t\t\t<section class=\"elementor-section elementor-top-section elementor-element elementor-element-9dbef95 elementor-section-boxed elementor-section-height-default elementor-section-height-default\" data-id=\"9dbef95\" data-element_type=\"section\">\n\t\t\t\t\t\t<div class=\"elementor-container elementor-column-gap-default\">\n\t\t\t\t\t\t\t<div class=\"elementor-row\">\n\t\t\t\t\t<div class=\"elementor-column elementor-col-100 elementor-top-column elementor-element elementor-element-edb4353\" data-id=\"edb4353\" data-element_type=\"column\">\n\t\t\t<div class=\"elementor-column-wrap elementor-element-populated\">\n\t\t\t\t\t\t\t<div class=\"elementor-widget-wrap\">\n\t\t\t\t\t\t<section class=\"elementor-section elementor-inner-section elementor-element elementor-element-0f04887 elementor-section-full_width elementor-hidden-desktop elementor-hidden-tablet elementor-section-height-default elementor-section-height-default\" data-id=\"0f04887\" data-element_type=\"section\">\n\t\t\t\t\t\t<div class=\"elementor-container elementor-column-gap-no\">\n\t\t\t\t\t\t\t<div class=\"elementor-row\">\n\t\t\t\t\t<div class=\"elementor-column elementor-col-100 elementor-inner-column elementor-element elementor-element-453b3d2\" data-id=\"453b3d2\" data-element_type=\"column\">\n\t\t\t<div class=\"elementor-column-wrap elementor-element-populated\">\n\t\t\t\t\t\t\t<div class=\"elementor-widget-wrap\">\n\t\t\t\t\t\t<div class=\"elementor-element elementor-element-f849d96 elementor-widget elementor-widget-image\" data-id=\"f849d96\" data-element_type=\"widget\" data-widget_type=\"image.default\">\n\t\t\t\t<div class=\"elementor-widget-container\">\n\t\t\t\t\t\t\t\t<div class=\"elementor-image\">\n\t\t\t\t\t\t\t\t\t\t\t\t<img width=\"360\" height=\"435\" src=\"https:\/\/testing.wowtea.eu\/pl\/files\/2022\/10\/CTA-banner-summer-bundle-M-1.jpg\" class=\"attachment-full size-full wp-image-117728\" alt=\"\" loading=\"lazy\" srcset=\"https:\/\/testing.wowtea.eu\/pl\/files\/2022\/10\/CTA-banner-summer-bundle-M-1.jpg 360w, https:\/\/testing.wowtea.eu\/pl\/files\/2022\/10\/CTA-banner-summer-bundle-M-1-83x100.jpg 83w, https:\/\/testing.wowtea.eu\/pl\/files\/2022\/10\/CTA-banner-summer-bundle-M-1-248x300.jpg 248w\" sizes=\"(max-width: 360px) 100vw, 360px\" \/>\t\t\t\t\t\t\t\t\t\t\t\t\t\t<\/div>\n\t\t\t\t\t\t<\/div>\n\t\t\t\t<\/div>\n\t\t\t\t\t\t<\/div>\n\t\t\t\t\t<\/div>\n\t\t<\/div>\n\t\t\t\t\t\t\t\t<\/div>\n\t\t\t\t\t<\/div>\n\t\t<\/section>\n\t\t\t\t\t\t<\/div>\n\t\t\t\t\t<\/div>\n\t\t<\/div>\n\t\t\t\t\t\t\t\t<\/div>\n\t\t\t\t\t<\/div>\n\t\t<\/section>\n\t\t\t\t<section class=\"elementor-section elementor-top-section elementor-element elementor-element-db7180d elementor-section-boxed elementor-section-height-default elementor-section-height-default\" data-id=\"db7180d\" data-element_type=\"section\">\n\t\t\t\t\t\t<div class=\"elementor-container elementor-column-gap-default\">\n\t\t\t\t\t\t\t<div class=\"elementor-row\">\n\t\t\t\t\t<div class=\"elementor-column elementor-col-100 elementor-top-column elementor-element elementor-element-ef429d2\" data-id=\"ef429d2\" data-element_type=\"column\">\n\t\t\t<div class=\"elementor-column-wrap elementor-element-populated\">\n\t\t\t\t\t\t\t<div class=\"elementor-widget-wrap\">\n\t\t\t\t\t\t<div class=\"elementor-element elementor-element-a779bb2 elementor-widget elementor-widget-html\" data-id=\"a779bb2\" data-element_type=\"widget\" data-widget_type=\"html.default\">\n\t\t\t\t<div class=\"elementor-widget-container\">\n\t\t\t<!-- TrustBox widget - Carousel -->\r\n<div class=\"trustpilot-widget\" data-locale=\"pl-PL\" data-template-id=\"53aa8912dec7e10d38f59f36\" data-businessunit-id=\"60029def312cb900013df992\" data-style-height=\"320px\" data-style-width=\"100%\" data-theme=\"light\" data-tags=\"PL\" data-stars=\"1,2,3,4,5\">\r\n  <a href=\"https:\/\/pl.trustpilot.com\/review\/testing.wowtea.eu\" target=\"_blank\" rel=\"noopener\">Trustpilot<\/a>\r\n<\/div>\r\n<!-- End TrustBox widget -->\t\t<\/div>\n\t\t\t\t<\/div>\n\t\t\t\t\t\t<\/div>\n\t\t\t\t\t<\/div>\n\t\t<\/div>\n\t\t\t\t\t\t\t\t<\/div>\n\t\t\t\t\t<\/div>\n\t\t<\/section>\n\t\t\t\t\t\t\t\t\t<\/div>\n\t\t\t<\/div>\n\t\t\t\t\t<\/div>\n\t\t","protected":false},"excerpt":{"rendered":"<ul class=\"check_list\">\n<li>\n<h4>Szybciej nabierz formy<\/h4>\n<p>dzi\u0119ki nowej letniej degustacji egzotycznego Mango i pachn\u0105cego Kokosa.<\/li>\n<li>\n<h4>Rozpocznij detoksykacj\u0119 i alkalizacj\u0119<\/h4>\n<p>od pierwszego \u0142yka naszego Letniego Detoksu o \u015bwie\u017cym cytrusowym smaku i dodatkowych przeciwutleniaczach! Poczuj efekt ju\u017c w pierwszych 24h!<\/li>\n<li>\n<h4>Podnie\u015b swoj\u0105 odporno\u015b\u0107 i witalno\u015b\u0107<\/h4>\n<p>dzi\u0119ki najsmaczniejszemu przepisowi Ajurwedy, wzbogaconemu o wyj\u0105tkowo zdrowe zio\u0142a i aromat soczystego Mango i s\u0142odkiej Brzoskwini!<\/li>\n<li>\n<h4>Ciesz si\u0119 letni\u0105 herbat\u0105 w limitowanej butelce z zaparzaczem<\/h4>\n<p>to najlepszy spos\u00f3b na picie herbaty, a tak\u017ce ochrona \u015brodowiska!<\/li>\n<\/ul>\n","protected":false},"featured_media":139091,"comment_status":"open","ping_status":"closed","template":"","meta":{"inline_featured_image":false},"product_cat":[109,103],"product_tag":[],"acf":[],"variations_data":[],"free_delivery":false,"currency_name":"&#122;&#322;","_links":{"self":[{"href":"https:\/\/testing.wowtea.eu\/pl\/wp-json\/wp\/v2\/product\/106879"}],"collection":[{"href":"https:\/\/testing.wowtea.eu\/pl\/wp-json\/wp\/v2\/product"}],"about":[{"href":"https:\/\/testing.wowtea.eu\/pl\/wp-json\/wp\/v2\/types\/product"}],"replies":[{"embeddable":true,"href":"https:\/\/testing.wowtea.eu\/pl\/wp-json\/wp\/v2\/comments?post=106879"}],"version-history":[{"count":0,"href":"https:\/\/testing.wowtea.eu\/pl\/wp-json\/wp\/v2\/product\/106879\/revisions"}],"wp:featuredmedia":[{"embeddable":true,"href":"https:\/\/testing.wowtea.eu\/pl\/wp-json\/wp\/v2\/media\/139091"}],"wp:attachment":[{"href":"https:\/\/testing.wowtea.eu\/pl\/wp-json\/wp\/v2\/media?parent=106879"}],"wp:term":[{"taxonomy":"product_cat","embeddable":true,"href":"https:\/\/testing.wowtea.eu\/pl\/wp-json\/wp\/v2\/product_cat?post=106879"},{"taxonomy":"product_tag","embeddable":true,"href":"https:\/\/testing.wowtea.eu\/pl\/wp-json\/wp\/v2\/product_tag?post=106879"}],"curies":[{"name":"wp","href":"https:\/\/api.w.org\/{rel}","templated":true}]}}