{"id":126663,"date":"2023-09-14T14:52:24","date_gmt":"2023-09-14T12:52:24","guid":{"rendered":"https:\/\/testing.wowtea.eu\/pl\/?post_type=product&#038;p=126663"},"modified":"2024-08-01T13:16:44","modified_gmt":"2024-08-01T11:16:44","slug":"full-body-bands-box","status":"publish","type":"product","link":"https:\/\/testing.wowtea.eu\/pl\/product\/full-body-bands-box\/","title":{"rendered":"Full Body Bands Box"},"content":{"rendered":"\t\t<div data-elementor-type=\"product-post\" data-elementor-id=\"126663\" class=\"elementor elementor-126663\">\n\t\t\t\t\t\t<div class=\"elementor-inner\">\n\t\t\t\t<div class=\"elementor-section-wrap\">\n\t\t\t\t\t\t\t\t\t<section class=\"elementor-section elementor-top-section elementor-element elementor-element-5612e130 elementor-section-full_width elementor-reverse-mobile elementor-section-height-default elementor-section-height-default\" data-id=\"5612e130\" data-element_type=\"section\">\n\t\t\t\t\t\t<div class=\"elementor-container elementor-column-gap-no\">\n\t\t\t\t\t\t\t<div class=\"elementor-row\">\n\t\t\t\t\t<div class=\"elementor-column elementor-col-50 elementor-top-column elementor-element elementor-element-45c5d9fa\" data-id=\"45c5d9fa\" data-element_type=\"column\" data-settings=\"{&quot;background_background&quot;:&quot;classic&quot;}\">\n\t\t\t<div class=\"elementor-column-wrap\">\n\t\t\t\t\t\t\t<div class=\"elementor-widget-wrap\">\n\t\t\t\t\t\t\t\t<\/div>\n\t\t\t\t\t<\/div>\n\t\t<\/div>\n\t\t\t\t<div class=\"elementor-column elementor-col-50 elementor-top-column elementor-element elementor-element-491cb38b\" data-id=\"491cb38b\" data-element_type=\"column\" data-settings=\"{&quot;background_background&quot;:&quot;classic&quot;}\">\n\t\t\t<div class=\"elementor-column-wrap elementor-element-populated\">\n\t\t\t\t\t\t\t<div class=\"elementor-widget-wrap\">\n\t\t\t\t\t\t<div class=\"elementor-element elementor-element-1cb1773b elementor-widget elementor-widget-heading\" data-id=\"1cb1773b\" data-element_type=\"widget\" data-widget_type=\"heading.default\">\n\t\t\t\t<div class=\"elementor-widget-container\">\n\t\t\t<h2 class=\"elementor-heading-title elementor-size-default\">15 minut dziennie dla wynik\u00f3w WOW. <\/h2>\t\t<\/div>\n\t\t\t\t<\/div>\n\t\t\t\t<div class=\"elementor-element elementor-element-256aaa44 elementor-widget elementor-widget-text-editor\" data-id=\"256aaa44\" data-element_type=\"widget\" data-widget_type=\"text-editor.default\">\n\t\t\t\t<div class=\"elementor-widget-container\">\n\t\t\t\t\t\t\t\t<div class=\"elementor-text-editor elementor-clearfix\">\n\t\t\t\t<p>Tylko kilka minut \u0107wicze\u0144 dziennie z Booty Goals Band mo\u017ce mie\u0107 niesamowity wp\u0142yw na stan Twoich po\u015bladk\u00f3w i ud! Aby Ci pom\u00f3c jeszcze szybciej wyrze\u017abi\u0107 brazylijski ty\u0142eczek, wy\u015blemy Ci darmowy 21-dniowy plan treningowy z najlepszymi \u0107wiczeniami, kt\u00f3re mo\u017cesz wykonywa\u0107 w domu &#8211; lub gdziekolwiek chcesz!\u00a0<\/p>\t\t\t\t\t<\/div>\n\t\t\t\t\t\t<\/div>\n\t\t\t\t<\/div>\n\t\t\t\t\t\t<\/div>\n\t\t\t\t\t<\/div>\n\t\t<\/div>\n\t\t\t\t\t\t\t\t<\/div>\n\t\t\t\t\t<\/div>\n\t\t<\/section>\n\t\t\t\t<section class=\"elementor-section elementor-top-section elementor-element elementor-element-43f48338 elementor-section-full_width elementor-section-height-default elementor-section-height-default\" data-id=\"43f48338\" data-element_type=\"section\">\n\t\t\t\t\t\t<div class=\"elementor-container elementor-column-gap-no\">\n\t\t\t\t\t\t\t<div class=\"elementor-row\">\n\t\t\t\t\t<div class=\"elementor-column elementor-col-50 elementor-top-column elementor-element elementor-element-7a1a5f1e\" data-id=\"7a1a5f1e\" data-element_type=\"column\" data-settings=\"{&quot;background_background&quot;:&quot;classic&quot;}\">\n\t\t\t<div class=\"elementor-column-wrap elementor-element-populated\">\n\t\t\t\t\t\t\t<div class=\"elementor-widget-wrap\">\n\t\t\t\t\t\t<div class=\"elementor-element elementor-element-628329eb elementor-widget elementor-widget-heading\" data-id=\"628329eb\" data-element_type=\"widget\" data-widget_type=\"heading.default\">\n\t\t\t\t<div class=\"elementor-widget-container\">\n\t\t\t<h2 class=\"elementor-heading-title elementor-size-default\">Booty Goals Band jest dok\u0142adnie tym, czego Ty (i Tw\u00f3j ty\u0142ek) potrzebujecie!<\/h2>\t\t<\/div>\n\t\t\t\t<\/div>\n\t\t\t\t<div class=\"elementor-element elementor-element-494b87cd elementor-widget elementor-widget-prod_info\" data-id=\"494b87cd\" data-element_type=\"widget\" data-widget_type=\"prod_info.default\">\n\t\t\t\t<div class=\"elementor-widget-container\">\n\t\t\t\n               <ul class=\"info_list\">\n                           <li>\n                  <strong>Maksymalny komfort:<\/strong>\n                  <small>Wysokiej jako\u015bci materia\u0142y, kt\u00f3re pozwalaj\u0105 na wygodny i komfortowy trening<\/small>\n               <\/li>\n                           <li>\n                  <strong>Doskona\u0142a jako\u015b\u0107:<\/strong>\n                  <small>W przeciwie\u0144stwie do zwyk\u0142ych gumek Booty Goals Band jest bardzo wytrzyma\u0142y i nie p\u0119ka podczas u\u017cytkowania<\/small>\n               <\/li>\n                           <li>\n                  <strong>\u0141atwy w u\u017cyciu:<\/strong>\n                  <small>U\u017cywaj w domu lub po prostu zabierz ze sob\u0105 i \u0107wicz gdziekolwiek i kiedykolwiek<\/small>\n               <\/li>\n                           <li>\n                  <strong>Widoczne efekty:<\/strong>\n                  <small>Zauwa\u017cysz osza\u0142amiaj\u0105cy efekt na swoim ty\u0142ku, udach i talii - tylko przez kilka minut \u0107wicze\u0144 dziennie<\/small>\n               <\/li>\n                     <\/ul>\n      \n\n   \t\t<\/div>\n\t\t\t\t<\/div>\n\t\t\t\t\t\t<\/div>\n\t\t\t\t\t<\/div>\n\t\t<\/div>\n\t\t\t\t<div class=\"elementor-column elementor-col-50 elementor-top-column elementor-element elementor-element-2a4eb71a\" data-id=\"2a4eb71a\" data-element_type=\"column\" data-settings=\"{&quot;background_background&quot;:&quot;classic&quot;}\">\n\t\t\t<div class=\"elementor-column-wrap\">\n\t\t\t\t\t\t\t<div class=\"elementor-widget-wrap\">\n\t\t\t\t\t\t\t\t<\/div>\n\t\t\t\t\t<\/div>\n\t\t<\/div>\n\t\t\t\t\t\t\t\t<\/div>\n\t\t\t\t\t<\/div>\n\t\t<\/section>\n\t\t\t\t<section class=\"elementor-section elementor-top-section elementor-element elementor-element-6d6872c7 elementor-section-full_width elementor-reverse-mobile elementor-section-height-default elementor-section-height-default\" data-id=\"6d6872c7\" data-element_type=\"section\">\n\t\t\t\t\t\t<div class=\"elementor-container elementor-column-gap-no\">\n\t\t\t\t\t\t\t<div class=\"elementor-row\">\n\t\t\t\t\t<div class=\"elementor-column elementor-col-50 elementor-top-column elementor-element elementor-element-14b3da67\" data-id=\"14b3da67\" data-element_type=\"column\" data-settings=\"{&quot;background_background&quot;:&quot;classic&quot;}\">\n\t\t\t<div class=\"elementor-column-wrap\">\n\t\t\t\t\t\t\t<div class=\"elementor-widget-wrap\">\n\t\t\t\t\t\t\t\t<\/div>\n\t\t\t\t\t<\/div>\n\t\t<\/div>\n\t\t\t\t<div class=\"elementor-column elementor-col-50 elementor-top-column elementor-element elementor-element-53ed8948\" data-id=\"53ed8948\" data-element_type=\"column\" data-settings=\"{&quot;background_background&quot;:&quot;classic&quot;}\">\n\t\t\t<div class=\"elementor-column-wrap elementor-element-populated\">\n\t\t\t\t\t\t\t<div class=\"elementor-widget-wrap\">\n\t\t\t\t\t\t<div class=\"elementor-element elementor-element-3d38585f elementor-widget elementor-widget-heading\" data-id=\"3d38585f\" data-element_type=\"widget\" data-widget_type=\"heading.default\">\n\t\t\t\t<div class=\"elementor-widget-container\">\n\t\t\t<h2 class=\"elementor-heading-title elementor-size-default\">Darmowy 21-dniowy plan \u0107wicze\u0144 dla soczystego ty\u0142ka - program \u0107wicze\u0144 do wykonania w domu<\/h2>\t\t<\/div>\n\t\t\t\t<\/div>\n\t\t\t\t<div class=\"elementor-element elementor-element-79fd0eb6 elementor-widget elementor-widget-text-editor\" data-id=\"79fd0eb6\" data-element_type=\"widget\" data-widget_type=\"text-editor.default\">\n\t\t\t\t<div class=\"elementor-widget-container\">\n\t\t\t\t\t\t\t\t<div class=\"elementor-text-editor elementor-clearfix\">\n\t\t\t\t<h4>E-BOOK<\/h4><p>21-dniowy plan \u0107wicze\u0144 na soczysty ty\u0142ek to cyfrowy program \u0107wicze\u0144 do wykonania w domu (lub gdziekolwiek chcesz!) z wykorzystaniem Booty Goals Band. Ten program \u0107wicze\u0144 zosta\u0142 specjalnie opracowany, aby pom\u00f3c Ci wyrze\u017abi\u0107 uwodzicielski, soczysty ty\u0142eczek, uj\u0119drni\u0107 uda i wyrze\u017abi\u0107 pi\u0119kn\u0105 tali\u0119 &#8211; a wszystko to zajmuje zaledwie 15 minut dziennie, aby uzyska\u0107 widoczne, osza\u0142amiaj\u0105ce efekty.<\/p>\t\t\t\t\t<\/div>\n\t\t\t\t\t\t<\/div>\n\t\t\t\t<\/div>\n\t\t\t\t\t\t<\/div>\n\t\t\t\t\t<\/div>\n\t\t<\/div>\n\t\t\t\t\t\t\t\t<\/div>\n\t\t\t\t\t<\/div>\n\t\t<\/section>\n\t\t\t\t<section class=\"elementor-section elementor-top-section elementor-element elementor-element-32e1b812 elementor-section-boxed elementor-section-height-default elementor-section-height-default\" data-id=\"32e1b812\" data-element_type=\"section\">\n\t\t\t\t\t\t<div class=\"elementor-container elementor-column-gap-default\">\n\t\t\t\t\t\t\t<div class=\"elementor-row\">\n\t\t\t\t\t<div class=\"elementor-column elementor-col-100 elementor-top-column elementor-element elementor-element-a84d7ca\" data-id=\"a84d7ca\" data-element_type=\"column\">\n\t\t\t<div class=\"elementor-column-wrap elementor-element-populated\">\n\t\t\t\t\t\t\t<div class=\"elementor-widget-wrap\">\n\t\t\t\t\t\t<div class=\"elementor-element elementor-element-1a5f6bf7 elementor-widget elementor-widget-custom_title\" data-id=\"1a5f6bf7\" data-element_type=\"widget\" data-widget_type=\"custom_title.default\">\n\t\t\t\t<div class=\"elementor-widget-container\">\n\t\t\t      <!-- border_title center_border -->\n      \n               <div class=\"custom_title\"  >\n            <h2 class=\"title  \"><span>Przy zam\u00f3wieniu zestawu Booty Goals Band otrzymasz ZA DARMO:<\/span> <\/h2>\n         <\/div>\n      \n\n   \t\t<\/div>\n\t\t\t\t<\/div>\n\t\t\t\t<div class=\"elementor-element elementor-element-3297a15 elementor-widget elementor-widget-image\" data-id=\"3297a15\" data-element_type=\"widget\" data-widget_type=\"image.default\">\n\t\t\t\t<div class=\"elementor-widget-container\">\n\t\t\t\t\t\t\t\t<div class=\"elementor-image\">\n\t\t\t\t\t\t\t\t\t\t\t\t<img width=\"600\" height=\"149\" src=\"https:\/\/testing.wowtea.eu\/pl\/files\/2021\/04\/products_combo-2.jpg\" class=\"attachment-large size-large wp-image-86877\" alt=\"\" loading=\"lazy\" srcset=\"https:\/\/testing.wowtea.eu\/pl\/files\/2021\/04\/products_combo-2.jpg 600w, https:\/\/testing.wowtea.eu\/pl\/files\/2021\/04\/products_combo-2-300x75.jpg 300w\" sizes=\"(max-width: 600px) 100vw, 600px\" \/>\t\t\t\t\t\t\t\t\t\t\t\t\t\t<\/div>\n\t\t\t\t\t\t<\/div>\n\t\t\t\t<\/div>\n\t\t\t\t<div class=\"elementor-element elementor-element-41124e3a elementor-widget elementor-widget-text-editor\" data-id=\"41124e3a\" data-element_type=\"widget\" data-widget_type=\"text-editor.default\">\n\t\t\t\t<div class=\"elementor-widget-container\">\n\t\t\t\t\t\t\t\t<div class=\"elementor-text-editor elementor-clearfix\">\n\t\t\t\t<p><img loading=\"lazy\" class=\"alignnone size-full wp-image-7074\" src=\"https:\/\/bodygoalsclub.com\/wp-content\/uploads\/tik-che_20x20.png\" alt=\"\" width=\"20\" height=\"21\" \/> Elegancki pojemnik na gumki Booty Goals Band &#8211; u\u017cywaj na spokojnie w domu lub zabierz gumki gdziekolwiek ze sob\u0105 i nie odwo\u0142ywaj treningu!<\/p><p><img loading=\"lazy\" class=\"alignnone size-full wp-image-7074\" src=\"https:\/\/bodygoalsclub.com\/wp-content\/uploads\/tik-che_20x20.png\" alt=\"\" width=\"20\" height=\"21\" \/> Darmowy 21-dniowy plan treningowy na soczysty ty\u0142ek &#8211; program \u0107wicze\u0144 do wykonania w domu<\/p>\t\t\t\t\t<\/div>\n\t\t\t\t\t\t<\/div>\n\t\t\t\t<\/div>\n\t\t\t\t\t\t<\/div>\n\t\t\t\t\t<\/div>\n\t\t<\/div>\n\t\t\t\t\t\t\t\t<\/div>\n\t\t\t\t\t<\/div>\n\t\t<\/section>\n\t\t\t\t\t\t\t\t\t<\/div>\n\t\t\t<\/div>\n\t\t\t\t\t<\/div>\n\t\t","protected":false},"excerpt":{"rendered":"<ul class=\"check_list\">\n<li>\n<h4><span data-sheets-value=\"{&quot;1&quot;:2,&quot;2&quot;:&quot;Zaawansowany efekt napinania i podnoszenia&quot;}\" data-sheets-userformat=\"{&quot;2&quot;:12736,&quot;9&quot;:1,&quot;10&quot;:1,&quot;11&quot;:4,&quot;15&quot;:&quot;Comfortaa&quot;,&quot;16&quot;:10}\">Zaawansowany efekt napinania i podnoszenia<\/span><\/h4>\n<p><span data-sheets-value=\"{&quot;1&quot;:2,&quot;2&quot;:&quot;Trenuje w\u0142a\u015bnie te cz\u0119\u015bci cia\u0142a, kt\u00f3re najbardziej chcesz uj\u0119drni\u0107!&quot;}\" data-sheets-userformat=\"{&quot;2&quot;:12736,&quot;9&quot;:1,&quot;10&quot;:1,&quot;11&quot;:4,&quot;15&quot;:&quot;Comfortaa&quot;,&quot;16&quot;:10}\">Trenuje w\u0142a\u015bnie te cz\u0119\u015bci cia\u0142a, kt\u00f3re najbardziej chcesz uj\u0119drni\u0107!<\/span><\/li>\n<li>\n<h4><span data-sheets-value=\"{&quot;1&quot;:2,&quot;2&quot;:&quot;Wyrze\u017abij ca\u0142e cia\u0142o - nogi, uda, brzuch i posladki&quot;}\" data-sheets-userformat=\"{&quot;2&quot;:12736,&quot;9&quot;:1,&quot;10&quot;:1,&quot;11&quot;:4,&quot;15&quot;:&quot;Comfortaa&quot;,&quot;16&quot;:10}\">Wyrze\u017abij ca\u0142e cia\u0142o &#8211; nogi, uda, brzuch i posladki<\/span><\/h4>\n<p><span data-sheets-value=\"{&quot;1&quot;:2,&quot;2&quot;:&quot;#1 spos\u00f3b na \u0107wiczenie ca\u0142ego cia\u0142a za jednym razem - spala wszystko, co zb\u0119dne, od ud, bioder i brzucha!&quot;}\" data-sheets-userformat=\"{&quot;2&quot;:12736,&quot;9&quot;:1,&quot;10&quot;:1,&quot;11&quot;:4,&quot;15&quot;:&quot;Comfortaa&quot;,&quot;16&quot;:10}\">#1 spos\u00f3b na \u0107wiczenie ca\u0142ego cia\u0142a za jednym razem &#8211; spala wszystko, co zb\u0119dne, od ud, bioder i brzucha!<\/span><\/li>\n<li>\n<h4><span data-sheets-value=\"{&quot;1&quot;:2,&quot;2&quot;:&quot;Tylko 15 min. dziennie, \u017ceby osi\u0105gn\u0105\u0107 efekty&quot;}\" data-sheets-userformat=\"{&quot;2&quot;:12736,&quot;9&quot;:1,&quot;10&quot;:1,&quot;11&quot;:4,&quot;15&quot;:&quot;Comfortaa&quot;,&quot;16&quot;:10}\">Tylko 15 min. dziennie, \u017ceby osi\u0105gn\u0105\u0107 efekty<\/span><\/h4>\n<p><span data-sheets-value=\"{&quot;1&quot;:2,&quot;2&quot;:&quot;Wyrze\u017abia doln\u0105 cz\u0119\u015b\u0107 cia\u0142a w tak precyzyjny spos\u00f3b, \u017ce potrzebujesz tylko kilku minut dziennie, aby zobaczy\u0107 wyniki.&quot;}\" data-sheets-userformat=\"{&quot;2&quot;:12736,&quot;9&quot;:1,&quot;10&quot;:1,&quot;11&quot;:4,&quot;15&quot;:&quot;Comfortaa&quot;,&quot;16&quot;:10}\">Wyrze\u017abia doln\u0105 cz\u0119\u015b\u0107 cia\u0142a w tak precyzyjny spos\u00f3b, \u017ce potrzebujesz tylko kilku minut dziennie, aby zobaczy\u0107 wyniki.<\/span><\/li>\n<li>\n<h4><span data-sheets-value=\"{&quot;1&quot;:2,&quot;2&quot;:&quot;Nie \u015blizga si\u0119 i nie szczypie &quot;}\" data-sheets-userformat=\"{&quot;2&quot;:12736,&quot;9&quot;:1,&quot;10&quot;:1,&quot;11&quot;:4,&quot;15&quot;:&quot;Comfortaa&quot;,&quot;16&quot;:10}\">Nie \u015blizga si\u0119 i nie szczypie <\/span><\/h4>\n<p><span data-sheets-value=\"{&quot;1&quot;:2,&quot;2&quot;:&quot;Wykonane z najwy\u017cszej jako\u015bci materia\u0142\u00f3w, kt\u00f3re zapewniaj\u0105 maksymalny komfort podczas \u0107wicze\u0144.&quot;}\" data-sheets-userformat=\"{&quot;2&quot;:12736,&quot;9&quot;:1,&quot;10&quot;:1,&quot;11&quot;:4,&quot;15&quot;:&quot;Comfortaa&quot;,&quot;16&quot;:10}\">Wykonane z najwy\u017cszej jako\u015bci materia\u0142\u00f3w, kt\u00f3re zapewniaj\u0105 maksymalny komfort podczas \u0107wicze\u0144.<\/span><\/li>\n<\/ul>\n","protected":false},"featured_media":126630,"comment_status":"open","ping_status":"closed","template":"","meta":{"inline_featured_image":false},"product_cat":[96,205],"product_tag":[],"acf":[],"variations_data":[],"free_delivery":false,"currency_name":"&#122;&#322;","_links":{"self":[{"href":"https:\/\/testing.wowtea.eu\/pl\/wp-json\/wp\/v2\/product\/126663"}],"collection":[{"href":"https:\/\/testing.wowtea.eu\/pl\/wp-json\/wp\/v2\/product"}],"about":[{"href":"https:\/\/testing.wowtea.eu\/pl\/wp-json\/wp\/v2\/types\/product"}],"replies":[{"embeddable":true,"href":"https:\/\/testing.wowtea.eu\/pl\/wp-json\/wp\/v2\/comments?post=126663"}],"version-history":[{"count":0,"href":"https:\/\/testing.wowtea.eu\/pl\/wp-json\/wp\/v2\/product\/126663\/revisions"}],"wp:featuredmedia":[{"embeddable":true,"href":"https:\/\/testing.wowtea.eu\/pl\/wp-json\/wp\/v2\/media\/126630"}],"wp:attachment":[{"href":"https:\/\/testing.wowtea.eu\/pl\/wp-json\/wp\/v2\/media?parent=126663"}],"wp:term":[{"taxonomy":"product_cat","embeddable":true,"href":"https:\/\/testing.wowtea.eu\/pl\/wp-json\/wp\/v2\/product_cat?post=126663"},{"taxonomy":"product_tag","embeddable":true,"href":"https:\/\/testing.wowtea.eu\/pl\/wp-json\/wp\/v2\/product_tag?post=126663"}],"curies":[{"name":"wp","href":"https:\/\/api.w.org\/{rel}","templated":true}]}}