{"id":140446,"date":"2024-06-10T13:17:12","date_gmt":"2024-06-10T11:17:12","guid":{"rendered":"https:\/\/testing.wowtea.eu\/pl\/?post_type=product&#038;p=140446"},"modified":"2024-09-23T10:30:08","modified_gmt":"2024-09-23T08:30:08","slug":"grande-tropicana-box","status":"publish","type":"product","link":"https:\/\/testing.wowtea.eu\/pl\/product\/grande-tropicana-box\/","title":{"rendered":"Grande Tropicana Box"},"content":{"rendered":"\t\t<div data-elementor-type=\"product-post\" data-elementor-id=\"140446\" class=\"elementor elementor-140446\">\n\t\t\t\t\t\t<div class=\"elementor-inner\">\n\t\t\t\t<div class=\"elementor-section-wrap\">\n\t\t\t\t\t\t\t\t\t<section class=\"elementor-section elementor-top-section elementor-element elementor-element-d91a540 elementor-section-boxed elementor-section-height-default elementor-section-height-default\" data-id=\"d91a540\" data-element_type=\"section\">\n\t\t\t\t\t\t<div class=\"elementor-container elementor-column-gap-default\">\n\t\t\t\t\t\t\t<div class=\"elementor-row\">\n\t\t\t\t\t<div class=\"elementor-column elementor-col-100 elementor-top-column elementor-element elementor-element-f5d939c\" data-id=\"f5d939c\" data-element_type=\"column\">\n\t\t\t<div class=\"elementor-column-wrap\">\n\t\t\t\t\t\t\t<div class=\"elementor-widget-wrap\">\n\t\t\t\t\t\t\t\t<\/div>\n\t\t\t\t\t<\/div>\n\t\t<\/div>\n\t\t\t\t\t\t\t\t<\/div>\n\t\t\t\t\t<\/div>\n\t\t<\/section>\n\t\t\t\t<section class=\"elementor-section elementor-top-section elementor-element elementor-element-cba275a elementor-section-boxed elementor-section-height-default elementor-section-height-default\" data-id=\"cba275a\" data-element_type=\"section\" data-settings=\"{&quot;background_background&quot;:&quot;classic&quot;}\">\n\t\t\t\t\t\t<div class=\"elementor-container elementor-column-gap-default\">\n\t\t\t\t\t\t\t<div class=\"elementor-row\">\n\t\t\t\t\t<div class=\"elementor-column elementor-col-100 elementor-top-column elementor-element elementor-element-a284dd0\" data-id=\"a284dd0\" data-element_type=\"column\" data-settings=\"{&quot;background_background&quot;:&quot;classic&quot;}\">\n\t\t\t<div class=\"elementor-column-wrap elementor-element-populated\">\n\t\t\t\t\t\t\t<div class=\"elementor-widget-wrap\">\n\t\t\t\t\t\t<div class=\"elementor-element elementor-element-5b49766 elementor-widget elementor-widget-heading\" data-id=\"5b49766\" data-element_type=\"widget\" data-widget_type=\"heading.default\">\n\t\t\t\t<div class=\"elementor-widget-container\">\n\t\t\t<h2 class=\"elementor-heading-title elementor-size-default\"><p style=\"text-align: center;color: crimson;font-size: 40px\">CO DOSTAJESZ W PACZCE?<span style=\"font-size: 28px\"><\/span><\/p><\/h2>\t\t<\/div>\n\t\t\t\t<\/div>\n\t\t\t\t\t\t<\/div>\n\t\t\t\t\t<\/div>\n\t\t<\/div>\n\t\t\t\t\t\t\t\t<\/div>\n\t\t\t\t\t<\/div>\n\t\t<\/section>\n\t\t\t\t<section class=\"elementor-section elementor-top-section elementor-element elementor-element-5c253cf elementor-section-full_width elementor-section-height-default elementor-section-height-default\" data-id=\"5c253cf\" data-element_type=\"section\">\n\t\t\t\t\t\t<div class=\"elementor-container elementor-column-gap-no\">\n\t\t\t\t\t\t\t<div class=\"elementor-row\">\n\t\t\t\t\t<div class=\"elementor-column elementor-col-100 elementor-top-column elementor-element elementor-element-7bf5d5e\" data-id=\"7bf5d5e\" data-element_type=\"column\">\n\t\t\t<div class=\"elementor-column-wrap elementor-element-populated\">\n\t\t\t\t\t\t\t<div class=\"elementor-widget-wrap\">\n\t\t\t\t\t\t<section class=\"elementor-section elementor-inner-section elementor-element elementor-element-2f21821 elementor-section-full_width elementor-hidden-phone elementor-section-height-default elementor-section-height-default\" data-id=\"2f21821\" data-element_type=\"section\">\n\t\t\t\t\t\t<div class=\"elementor-container elementor-column-gap-no\">\n\t\t\t\t\t\t\t<div class=\"elementor-row\">\n\t\t\t\t\t<div class=\"elementor-column elementor-col-100 elementor-inner-column elementor-element elementor-element-41183e2\" data-id=\"41183e2\" data-element_type=\"column\">\n\t\t\t<div class=\"elementor-column-wrap elementor-element-populated\">\n\t\t\t\t\t\t\t<div class=\"elementor-widget-wrap\">\n\t\t\t\t\t\t<div class=\"elementor-element elementor-element-686c3a0 elementor-widget elementor-widget-image\" data-id=\"686c3a0\" data-element_type=\"widget\" data-widget_type=\"image.default\">\n\t\t\t\t<div class=\"elementor-widget-container\">\n\t\t\t\t\t\t\t\t<div class=\"elementor-image\">\n\t\t\t\t\t\t\t\t\t\t\t\t<img width=\"1920\" height=\"1150\" src=\"https:\/\/testing.wowtea.eu\/pl\/files\/2021\/06\/THE-PERFECT-BEACH-DRINK-ummer-detox-D-PL.jpg\" class=\"attachment-full size-full wp-image-87719\" alt=\"\" loading=\"lazy\" srcset=\"https:\/\/testing.wowtea.eu\/pl\/files\/2021\/06\/THE-PERFECT-BEACH-DRINK-ummer-detox-D-PL.jpg 1920w, https:\/\/testing.wowtea.eu\/pl\/files\/2021\/06\/THE-PERFECT-BEACH-DRINK-ummer-detox-D-PL-300x180.jpg 300w, https:\/\/testing.wowtea.eu\/pl\/files\/2021\/06\/THE-PERFECT-BEACH-DRINK-ummer-detox-D-PL-1024x613.jpg 1024w, https:\/\/testing.wowtea.eu\/pl\/files\/2021\/06\/THE-PERFECT-BEACH-DRINK-ummer-detox-D-PL-768x460.jpg 768w, https:\/\/testing.wowtea.eu\/pl\/files\/2021\/06\/THE-PERFECT-BEACH-DRINK-ummer-detox-D-PL-1536x920.jpg 1536w, https:\/\/testing.wowtea.eu\/pl\/files\/2021\/06\/THE-PERFECT-BEACH-DRINK-ummer-detox-D-PL-600x359.jpg 600w\" sizes=\"(max-width: 1920px) 100vw, 1920px\" \/>\t\t\t\t\t\t\t\t\t\t\t\t\t\t<\/div>\n\t\t\t\t\t\t<\/div>\n\t\t\t\t<\/div>\n\t\t\t\t\t\t<\/div>\n\t\t\t\t\t<\/div>\n\t\t<\/div>\n\t\t\t\t\t\t\t\t<\/div>\n\t\t\t\t\t<\/div>\n\t\t<\/section>\n\t\t\t\t<section class=\"elementor-section elementor-inner-section elementor-element elementor-element-6e23c48 elementor-section-full_width elementor-hidden-desktop elementor-hidden-tablet elementor-section-height-default elementor-section-height-default\" data-id=\"6e23c48\" data-element_type=\"section\">\n\t\t\t\t\t\t<div class=\"elementor-container elementor-column-gap-no\">\n\t\t\t\t\t\t\t<div class=\"elementor-row\">\n\t\t\t\t\t<div class=\"elementor-column elementor-col-100 elementor-inner-column elementor-element elementor-element-c62e0f8\" data-id=\"c62e0f8\" data-element_type=\"column\">\n\t\t\t<div class=\"elementor-column-wrap elementor-element-populated\">\n\t\t\t\t\t\t\t<div class=\"elementor-widget-wrap\">\n\t\t\t\t\t\t<div class=\"elementor-element elementor-element-f200f6b elementor-widget elementor-widget-image\" data-id=\"f200f6b\" data-element_type=\"widget\" data-widget_type=\"image.default\">\n\t\t\t\t<div class=\"elementor-widget-container\">\n\t\t\t\t\t\t\t\t<div class=\"elementor-image\">\n\t\t\t\t\t\t\t\t\t\t\t\t<img width=\"460\" height=\"750\" src=\"https:\/\/testing.wowtea.eu\/pl\/files\/2021\/06\/THE-PERFECT-BEACH-DRINK-ummer-detox-M-PL.jpg\" class=\"attachment-full size-full wp-image-87718\" alt=\"\" loading=\"lazy\" srcset=\"https:\/\/testing.wowtea.eu\/pl\/files\/2021\/06\/THE-PERFECT-BEACH-DRINK-ummer-detox-M-PL.jpg 460w, https:\/\/testing.wowtea.eu\/pl\/files\/2021\/06\/THE-PERFECT-BEACH-DRINK-ummer-detox-M-PL-184x300.jpg 184w\" sizes=\"(max-width: 460px) 100vw, 460px\" \/>\t\t\t\t\t\t\t\t\t\t\t\t\t\t<\/div>\n\t\t\t\t\t\t<\/div>\n\t\t\t\t<\/div>\n\t\t\t\t\t\t<\/div>\n\t\t\t\t\t<\/div>\n\t\t<\/div>\n\t\t\t\t\t\t\t\t<\/div>\n\t\t\t\t\t<\/div>\n\t\t<\/section>\n\t\t\t\t\t\t<\/div>\n\t\t\t\t\t<\/div>\n\t\t<\/div>\n\t\t\t\t\t\t\t\t<\/div>\n\t\t\t\t\t<\/div>\n\t\t<\/section>\n\t\t\t\t<section class=\"elementor-section elementor-top-section elementor-element elementor-element-fdbe10b elementor-section-boxed elementor-section-height-default elementor-section-height-default\" data-id=\"fdbe10b\" data-element_type=\"section\">\n\t\t\t\t\t\t<div class=\"elementor-container elementor-column-gap-default\">\n\t\t\t\t\t\t\t<div class=\"elementor-row\">\n\t\t\t\t\t<div class=\"elementor-column elementor-col-100 elementor-top-column elementor-element elementor-element-4f647dd\" data-id=\"4f647dd\" data-element_type=\"column\">\n\t\t\t<div class=\"elementor-column-wrap elementor-element-populated\">\n\t\t\t\t\t\t\t<div class=\"elementor-widget-wrap\">\n\t\t\t\t\t\t<div class=\"elementor-element elementor-element-bd4d3e1 elementor-widget elementor-widget-html\" data-id=\"bd4d3e1\" data-element_type=\"widget\" data-widget_type=\"html.default\">\n\t\t\t\t<div class=\"elementor-widget-container\">\n\t\t\t<!-- TrustBox widget - Carousel -->\r\n<div class=\"trustpilot-widget\" data-locale=\"pl-PL\" data-template-id=\"53aa8912dec7e10d38f59f36\" data-businessunit-id=\"60029def312cb900013df992\" data-style-height=\"320px\" data-style-width=\"100%\" data-theme=\"light\" data-tags=\"PL\" data-stars=\"1,2,3,4,5\">\r\n  <a href=\"https:\/\/pl.trustpilot.com\/review\/testing.wowtea.eu\" target=\"_blank\" rel=\"noopener\">Trustpilot<\/a>\r\n<\/div>\r\n<!-- End TrustBox widget -->\t\t<\/div>\n\t\t\t\t<\/div>\n\t\t\t\t\t\t<\/div>\n\t\t\t\t\t<\/div>\n\t\t<\/div>\n\t\t\t\t\t\t\t\t<\/div>\n\t\t\t\t\t<\/div>\n\t\t<\/section>\n\t\t\t\t\t\t\t\t\t<\/div>\n\t\t\t<\/div>\n\t\t\t\t\t<\/div>\n\t\t","protected":false},"excerpt":{"rendered":"<ul class=\"check_list\">\n<li>Summer Tropicana Detox Herbata<\/li>\n<li>Summer Tropicana Slimfit Herbata<\/li>\n<li>Summer Tropicana Wellness Herbata<\/li>\n<li>Butelka na herbat\u0119 (\u017b\u00f3\u0142ta)<\/li>\n<li>Summer Tropicana Collagen<\/li>\n<li>Pomara\u0144czowy termos z zaparzaczem<\/li>\n<li>Summer Tropicana Matcha SlimFit Tea<\/li>\n<\/ul>\n","protected":false},"featured_media":144447,"comment_status":"open","ping_status":"closed","template":"","meta":{"inline_featured_image":false},"product_cat":[109,103],"product_tag":[],"acf":[],"variations_data":[],"free_delivery":false,"currency_name":"&#122;&#322;","_links":{"self":[{"href":"https:\/\/testing.wowtea.eu\/pl\/wp-json\/wp\/v2\/product\/140446"}],"collection":[{"href":"https:\/\/testing.wowtea.eu\/pl\/wp-json\/wp\/v2\/product"}],"about":[{"href":"https:\/\/testing.wowtea.eu\/pl\/wp-json\/wp\/v2\/types\/product"}],"replies":[{"embeddable":true,"href":"https:\/\/testing.wowtea.eu\/pl\/wp-json\/wp\/v2\/comments?post=140446"}],"version-history":[{"count":0,"href":"https:\/\/testing.wowtea.eu\/pl\/wp-json\/wp\/v2\/product\/140446\/revisions"}],"wp:featuredmedia":[{"embeddable":true,"href":"https:\/\/testing.wowtea.eu\/pl\/wp-json\/wp\/v2\/media\/144447"}],"wp:attachment":[{"href":"https:\/\/testing.wowtea.eu\/pl\/wp-json\/wp\/v2\/media?parent=140446"}],"wp:term":[{"taxonomy":"product_cat","embeddable":true,"href":"https:\/\/testing.wowtea.eu\/pl\/wp-json\/wp\/v2\/product_cat?post=140446"},{"taxonomy":"product_tag","embeddable":true,"href":"https:\/\/testing.wowtea.eu\/pl\/wp-json\/wp\/v2\/product_tag?post=140446"}],"curies":[{"name":"wp","href":"https:\/\/api.w.org\/{rel}","templated":true}]}}