{"id":87495,"date":"2021-06-14T14:36:07","date_gmt":"2021-06-14T12:36:07","guid":{"rendered":"https:\/\/testing.wowtea.eu\/pl\/?post_type=product&#038;p=87495"},"modified":"2024-09-23T10:25:39","modified_gmt":"2024-09-23T08:25:39","slug":"new-summer-new-me","status":"publish","type":"product","link":"https:\/\/testing.wowtea.eu\/pl\/product\/new-summer-new-me\/","title":{"rendered":"New Summer New Me"},"content":{"rendered":"\t\t<div data-elementor-type=\"product-post\" data-elementor-id=\"87495\" class=\"elementor elementor-87495\">\n\t\t\t\t\t\t<div class=\"elementor-inner\">\n\t\t\t\t<div class=\"elementor-section-wrap\">\n\t\t\t\t\t\t\t\t\t<section class=\"elementor-section elementor-top-section elementor-element elementor-element-89267ba elementor-section-full_width elementor-section-height-default elementor-section-height-default\" data-id=\"89267ba\" data-element_type=\"section\">\n\t\t\t\t\t\t<div class=\"elementor-container elementor-column-gap-no\">\n\t\t\t\t\t\t\t<div class=\"elementor-row\">\n\t\t\t\t\t<div class=\"elementor-column elementor-col-100 elementor-top-column elementor-element elementor-element-84f32eb\" data-id=\"84f32eb\" data-element_type=\"column\">\n\t\t\t<div class=\"elementor-column-wrap elementor-element-populated\">\n\t\t\t\t\t\t\t<div class=\"elementor-widget-wrap\">\n\t\t\t\t\t\t<section class=\"elementor-section elementor-inner-section elementor-element elementor-element-e9594bc elementor-section-full_width elementor-hidden-phone elementor-section-height-default elementor-section-height-default\" data-id=\"e9594bc\" data-element_type=\"section\">\n\t\t\t\t\t\t<div class=\"elementor-container elementor-column-gap-no\">\n\t\t\t\t\t\t\t<div class=\"elementor-row\">\n\t\t\t\t\t<div class=\"elementor-column elementor-col-100 elementor-inner-column elementor-element elementor-element-632bd01\" data-id=\"632bd01\" data-element_type=\"column\">\n\t\t\t<div class=\"elementor-column-wrap elementor-element-populated\">\n\t\t\t\t\t\t\t<div class=\"elementor-widget-wrap\">\n\t\t\t\t\t\t<div class=\"elementor-element elementor-element-8867820 elementor-widget elementor-widget-image\" data-id=\"8867820\" data-element_type=\"widget\" data-widget_type=\"image.default\">\n\t\t\t\t<div class=\"elementor-widget-container\">\n\t\t\t\t\t\t\t\t<div class=\"elementor-image\">\n\t\t\t\t\t\t\t\t\t\t\t\t<img width=\"1920\" height=\"1150\" src=\"https:\/\/testing.wowtea.eu\/pl\/files\/2021\/06\/THE-PERFECT-BEACH-DRINK-ummer-detox-D-PL.jpg\" class=\"attachment-full size-full wp-image-87719\" alt=\"\" loading=\"lazy\" srcset=\"https:\/\/testing.wowtea.eu\/pl\/files\/2021\/06\/THE-PERFECT-BEACH-DRINK-ummer-detox-D-PL.jpg 1920w, https:\/\/testing.wowtea.eu\/pl\/files\/2021\/06\/THE-PERFECT-BEACH-DRINK-ummer-detox-D-PL-300x180.jpg 300w, https:\/\/testing.wowtea.eu\/pl\/files\/2021\/06\/THE-PERFECT-BEACH-DRINK-ummer-detox-D-PL-1024x613.jpg 1024w, https:\/\/testing.wowtea.eu\/pl\/files\/2021\/06\/THE-PERFECT-BEACH-DRINK-ummer-detox-D-PL-768x460.jpg 768w, https:\/\/testing.wowtea.eu\/pl\/files\/2021\/06\/THE-PERFECT-BEACH-DRINK-ummer-detox-D-PL-1536x920.jpg 1536w, https:\/\/testing.wowtea.eu\/pl\/files\/2021\/06\/THE-PERFECT-BEACH-DRINK-ummer-detox-D-PL-600x359.jpg 600w\" sizes=\"(max-width: 1920px) 100vw, 1920px\" \/>\t\t\t\t\t\t\t\t\t\t\t\t\t\t<\/div>\n\t\t\t\t\t\t<\/div>\n\t\t\t\t<\/div>\n\t\t\t\t\t\t<\/div>\n\t\t\t\t\t<\/div>\n\t\t<\/div>\n\t\t\t\t\t\t\t\t<\/div>\n\t\t\t\t\t<\/div>\n\t\t<\/section>\n\t\t\t\t<section class=\"elementor-section elementor-inner-section elementor-element elementor-element-1d832fe elementor-section-full_width elementor-hidden-desktop elementor-hidden-tablet elementor-section-height-default elementor-section-height-default\" data-id=\"1d832fe\" data-element_type=\"section\">\n\t\t\t\t\t\t<div class=\"elementor-container elementor-column-gap-no\">\n\t\t\t\t\t\t\t<div class=\"elementor-row\">\n\t\t\t\t\t<div class=\"elementor-column elementor-col-100 elementor-inner-column elementor-element elementor-element-3107914\" data-id=\"3107914\" data-element_type=\"column\">\n\t\t\t<div class=\"elementor-column-wrap elementor-element-populated\">\n\t\t\t\t\t\t\t<div class=\"elementor-widget-wrap\">\n\t\t\t\t\t\t<div class=\"elementor-element elementor-element-167d9e7 elementor-widget elementor-widget-image\" data-id=\"167d9e7\" data-element_type=\"widget\" data-widget_type=\"image.default\">\n\t\t\t\t<div class=\"elementor-widget-container\">\n\t\t\t\t\t\t\t\t<div class=\"elementor-image\">\n\t\t\t\t\t\t\t\t\t\t\t\t<img width=\"460\" height=\"750\" src=\"https:\/\/testing.wowtea.eu\/pl\/files\/2021\/06\/THE-PERFECT-BEACH-DRINK-ummer-detox-M-PL.jpg\" class=\"attachment-full size-full wp-image-87718\" alt=\"\" loading=\"lazy\" srcset=\"https:\/\/testing.wowtea.eu\/pl\/files\/2021\/06\/THE-PERFECT-BEACH-DRINK-ummer-detox-M-PL.jpg 460w, https:\/\/testing.wowtea.eu\/pl\/files\/2021\/06\/THE-PERFECT-BEACH-DRINK-ummer-detox-M-PL-184x300.jpg 184w\" sizes=\"(max-width: 460px) 100vw, 460px\" \/>\t\t\t\t\t\t\t\t\t\t\t\t\t\t<\/div>\n\t\t\t\t\t\t<\/div>\n\t\t\t\t<\/div>\n\t\t\t\t\t\t<\/div>\n\t\t\t\t\t<\/div>\n\t\t<\/div>\n\t\t\t\t\t\t\t\t<\/div>\n\t\t\t\t\t<\/div>\n\t\t<\/section>\n\t\t\t\t\t\t<\/div>\n\t\t\t\t\t<\/div>\n\t\t<\/div>\n\t\t\t\t\t\t\t\t<\/div>\n\t\t\t\t\t<\/div>\n\t\t<\/section>\n\t\t\t\t<section class=\"elementor-section elementor-top-section elementor-element elementor-element-398ca641 elementor-section-boxed elementor-section-height-default elementor-section-height-default\" data-id=\"398ca641\" data-element_type=\"section\" data-settings=\"{&quot;background_background&quot;:&quot;classic&quot;}\">\n\t\t\t\t\t\t<div class=\"elementor-container elementor-column-gap-default\">\n\t\t\t\t\t\t\t<div class=\"elementor-row\">\n\t\t\t\t\t<div class=\"elementor-column elementor-col-100 elementor-top-column elementor-element elementor-element-34b3fd7d\" data-id=\"34b3fd7d\" data-element_type=\"column\" data-settings=\"{&quot;background_background&quot;:&quot;classic&quot;}\">\n\t\t\t<div class=\"elementor-column-wrap elementor-element-populated\">\n\t\t\t\t\t\t\t<div class=\"elementor-widget-wrap\">\n\t\t\t\t\t\t<div class=\"elementor-element elementor-element-59377f42 elementor-widget elementor-widget-heading\" data-id=\"59377f42\" data-element_type=\"widget\" data-widget_type=\"heading.default\">\n\t\t\t\t<div class=\"elementor-widget-container\">\n\t\t\t<h2 class=\"elementor-heading-title elementor-size-default\"><p style=\"text-align: center;color: crimson;font-size: 40px\">CO DOSTAJESZ W PACZCE?<span style=\"font-size: 28px\"><\/span><\/p><\/h2>\t\t<\/div>\n\t\t\t\t<\/div>\n\t\t\t\t\t\t<\/div>\n\t\t\t\t\t<\/div>\n\t\t<\/div>\n\t\t\t\t\t\t\t\t<\/div>\n\t\t\t\t\t<\/div>\n\t\t<\/section>\n\t\t\t\t<section class=\"elementor-section elementor-top-section elementor-element elementor-element-580d29c elementor-section-boxed elementor-section-height-default elementor-section-height-default\" data-id=\"580d29c\" data-element_type=\"section\">\n\t\t\t\t\t\t<div class=\"elementor-container elementor-column-gap-default\">\n\t\t\t\t\t\t\t<div class=\"elementor-row\">\n\t\t\t\t\t<div class=\"elementor-column elementor-col-100 elementor-top-column elementor-element elementor-element-b0dcb38\" data-id=\"b0dcb38\" data-element_type=\"column\">\n\t\t\t<div class=\"elementor-column-wrap elementor-element-populated\">\n\t\t\t\t\t\t\t<div class=\"elementor-widget-wrap\">\n\t\t\t\t\t\t<div class=\"elementor-element elementor-element-9d0132e elementor-widget elementor-widget-html\" data-id=\"9d0132e\" data-element_type=\"widget\" data-widget_type=\"html.default\">\n\t\t\t\t<div class=\"elementor-widget-container\">\n\t\t\t<!-- TrustBox widget - Carousel -->\r\n<div class=\"trustpilot-widget\" data-locale=\"pl-PL\" data-template-id=\"53aa8912dec7e10d38f59f36\" data-businessunit-id=\"60029def312cb900013df992\" data-style-height=\"320px\" data-style-width=\"100%\" data-theme=\"light\" data-tags=\"PL\" data-stars=\"1,2,3,4,5\">\r\n  <a href=\"https:\/\/pl.trustpilot.com\/review\/testing.wowtea.eu\" target=\"_blank\" rel=\"noopener\">Trustpilot<\/a>\r\n<\/div>\r\n<!-- End TrustBox widget -->\t\t<\/div>\n\t\t\t\t<\/div>\n\t\t\t\t\t\t<\/div>\n\t\t\t\t\t<\/div>\n\t\t<\/div>\n\t\t\t\t\t\t\t\t<\/div>\n\t\t\t\t\t<\/div>\n\t\t<\/section>\n\t\t\t\t\t\t\t\t\t<\/div>\n\t\t\t<\/div>\n\t\t\t\t\t<\/div>\n\t\t","protected":false},"excerpt":{"rendered":"<p>Szukasz herbaty o szybkim dzia\u0142aniu detoksykuj\u0105cym + 100% naturalnej mieszanki, kt\u00f3ra pomo\u017ce Ci nabra\u0107 formy na lato &#8211; to najlepsza kombinacja! Popraw swoj\u0105 kondycj\u0119 szybciej dzi\u0119ki nowej letniej herbaty Summer SlimFit o smaku egzotycznego mango i aromatycznego kokosa.<\/p>\n","protected":false},"featured_media":139016,"comment_status":"open","ping_status":"closed","template":"","meta":{"inline_featured_image":false},"product_cat":[109,103],"product_tag":[],"acf":[],"variations_data":{"87643":{"id":87643,"name":"Summer Detox + Summer SlimFit","slug":"summer-detox-summer-slimfit-3","date_created":{"date":"2021-06-14 15:24:54.000000","timezone_type":3,"timezone":"Europe\/Warsaw"},"date_modified":{"date":"2024-09-23 10:25:04.000000","timezone_type":3,"timezone":"Europe\/Warsaw"},"status":"publish","featured":false,"catalog_visibility":"visible","description":"","short_description":"","sku":"WOW-P-SETSST","price":"134.00","regular_price":"178","sale_price":"134.00","date_on_sale_from":null,"date_on_sale_to":null,"total_sales":"0","tax_status":"taxable","tax_class":"parent","manage_stock":false,"stock_quantity":null,"stock_status":"instock","backorders":"no","low_stock_amount":"","sold_individually":false,"weight":"","length":"","width":"","height":"","upsell_ids":[],"cross_sell_ids":[],"parent_id":87495,"reviews_allowed":false,"purchase_note":"","attributes":{"pa_summer-products":"summer-detox-summer-slimfit"},"default_attributes":[],"menu_order":1,"post_password":"","virtual":false,"downloadable":false,"category_ids":[],"tag_ids":[],"shipping_class_id":0,"downloads":[],"image_id":139016,"gallery_image_ids":[],"download_limit":-1,"download_expiry":-1,"rating_counts":[],"average_rating":0,"review_count":0,"attribute_summary":"Summer products: Summer Detox + Summer SlimFit","meta_data":[{"id":283880,"key":"yst_prominent_words_version","value":"1"},{"id":283921,"key":"_gtin","value":""},{"id":283922,"key":"_variable_text_field_1","value":"Letnie herbaty w duecie Detox Tea + SlimFit Tea | Herbaty wspomagaj\u0105ca odchudzanie i detoksykacj\u0119 | 300 gr | WOW TEA"},{"id":283923,"key":"_variable_text_field_2","value":"Nowe Lato, Nowy Ja Zestaw, kt\u00f3ry spe\u0142nia marzenia! To, co najlepsze w herbacie WOW TEA zapewniaj\u0105ce Twoje widoczne efekty. We\u017c sw\u00f3j Detox i SlimFit Fat Burning Tea w zestawie ZE ZNI\u017bKA + DARMOWY PLAN \u017bYWIENIOWY. Zacznij swoj\u0105 zmian\u0119 razem z najlepszymi pomocnikami, kt\u00f3re maj\u0105 tysi\u0105cych fan\u00f3w w ca\u0142ej Europie!"},{"id":283924,"key":"_variable_text_field_3","value":""},{"id":283925,"key":"fstr-p-sub","value":""},{"id":495562,"key":"_v_label_field","value":""},{"id":722660,"key":"_sold_variation_individually","value":"no"},{"id":1805523,"key":"_ts_gtin","value":""},{"id":1805524,"key":"_ts_mpn","value":""},{"id":2007577,"key":"oms_price_updated_at","value":"2024-09-23T08:03:19.128387Z"},{"id":2007578,"key":"_old_regular_price","value":"178"},{"id":2007579,"key":"_old_sale_price","value":"134"}],"price_html":"<del aria-hidden=\"true\"><span class=\"woocommerce-Price-amount amount\"><bdi>178,00&nbsp;<span class=\"woocommerce-Price-currencySymbol\">&#122;&#322;<\/span><\/bdi><\/span><\/del> <ins><span class=\"woocommerce-Price-amount amount\"><bdi>134,00&nbsp;<span class=\"woocommerce-Price-currencySymbol\">&#122;&#322;<\/span><\/bdi><\/span><\/ins>","image":"<img width=\"600\" height=\"600\" src=\"https:\/\/testing.wowtea.eu\/pl\/files\/2024\/05\/WOWTEA-web-PP-Summer-editions-Slimfit-Upsale-slimfit-detox-600x600.png\" class=\"attachment-woocommerce_thumbnail size-woocommerce_thumbnail\" alt=\"\" loading=\"lazy\" srcset=\"https:\/\/testing.wowtea.eu\/pl\/files\/2024\/05\/WOWTEA-web-PP-Summer-editions-Slimfit-Upsale-slimfit-detox.png 600w, https:\/\/testing.wowtea.eu\/pl\/files\/2024\/05\/WOWTEA-web-PP-Summer-editions-Slimfit-Upsale-slimfit-detox-100x100.png 100w, https:\/\/testing.wowtea.eu\/pl\/files\/2024\/05\/WOWTEA-web-PP-Summer-editions-Slimfit-Upsale-slimfit-detox-45x45.png 45w, https:\/\/testing.wowtea.eu\/pl\/files\/2024\/05\/WOWTEA-web-PP-Summer-editions-Slimfit-Upsale-slimfit-detox-60x60.png 60w, https:\/\/testing.wowtea.eu\/pl\/files\/2024\/05\/WOWTEA-web-PP-Summer-editions-Slimfit-Upsale-slimfit-detox-90x90.png 90w, https:\/\/testing.wowtea.eu\/pl\/files\/2024\/05\/WOWTEA-web-PP-Summer-editions-Slimfit-Upsale-slimfit-detox-150x150.png 150w, https:\/\/testing.wowtea.eu\/pl\/files\/2024\/05\/WOWTEA-web-PP-Summer-editions-Slimfit-Upsale-slimfit-detox-300x300.png 300w\" sizes=\"(max-width: 600px) 100vw, 600px\" \/>","free_delivery":false},"87644":{"id":87644,"name":"Summer Detox + Summer Wellness","slug":"summer-detox-summer-wellness-3","date_created":{"date":"2021-06-14 15:24:54.000000","timezone_type":3,"timezone":"Europe\/Warsaw"},"date_modified":{"date":"2024-09-23 10:25:36.000000","timezone_type":3,"timezone":"Europe\/Warsaw"},"status":"publish","featured":false,"catalog_visibility":"visible","description":"","short_description":"","sku":"WOW-P-SETSWT","price":"134.00","regular_price":"178","sale_price":"134.00","date_on_sale_from":null,"date_on_sale_to":null,"total_sales":"0","tax_status":"taxable","tax_class":"parent","manage_stock":false,"stock_quantity":null,"stock_status":"instock","backorders":"no","low_stock_amount":"","sold_individually":false,"weight":"","length":"","width":"","height":"","upsell_ids":[],"cross_sell_ids":[],"parent_id":87495,"reviews_allowed":false,"purchase_note":"","attributes":{"pa_summer-products":"summer-detox-summer-wellness"},"default_attributes":[],"menu_order":2,"post_password":"","virtual":false,"downloadable":false,"category_ids":[],"tag_ids":[],"shipping_class_id":0,"downloads":[],"image_id":139059,"gallery_image_ids":[],"download_limit":-1,"download_expiry":-1,"rating_counts":[],"average_rating":0,"review_count":0,"attribute_summary":"Summer products: Summer Detox + Summer Wellness","meta_data":[{"id":283931,"key":"_gtin","value":""},{"id":283932,"key":"_variable_text_field_1","value":"Pakiet detoks - Letnia herbata ajurwedyjska + Letnia Herbata Detox | 300 gr | WOW TEA "},{"id":283933,"key":"_variable_text_field_2","value":"Pe\u0142ny detoks + Kuracja wzmacniaj\u0105ca zdrowie i odporno\u015b\u0107 Wowtea Detox oczyszcza toksyny, przyspiesza metabolizm, usuwa nadmiar wody z organizmu, wyg\u0142adza i zauwa\u017calnie odm\u0142adza sk\u00f3r\u0119. Inspirowana staro\u017cytnym systemem leczniczym ajurwedy herbata Wellness wzmacnia zdrowie i odporno\u015b\u0107, dzia\u0142a antystresowo oraz poprawia witalno\u015b\u0107 i r\u00f3wnowag\u0119."},{"id":283934,"key":"_variable_text_field_3","value":""},{"id":283935,"key":"fstr-p-sub","value":""},{"id":495563,"key":"_v_label_field","value":""},{"id":722661,"key":"_sold_variation_individually","value":"no"},{"id":1805525,"key":"_ts_gtin","value":""},{"id":1805526,"key":"_ts_mpn","value":""},{"id":2007622,"key":"oms_price_updated_at","value":"2024-09-23T08:03:52.089099Z"},{"id":2007623,"key":"_old_regular_price","value":"178"},{"id":2007624,"key":"_old_sale_price","value":"134"}],"price_html":"<del aria-hidden=\"true\"><span class=\"woocommerce-Price-amount amount\"><bdi>178,00&nbsp;<span class=\"woocommerce-Price-currencySymbol\">&#122;&#322;<\/span><\/bdi><\/span><\/del> <ins><span class=\"woocommerce-Price-amount amount\"><bdi>134,00&nbsp;<span class=\"woocommerce-Price-currencySymbol\">&#122;&#322;<\/span><\/bdi><\/span><\/ins>","image":"<img width=\"600\" height=\"600\" src=\"https:\/\/testing.wowtea.eu\/pl\/files\/2024\/05\/WOWTEA-web-PP-Summer-editions-Wellness-Upsale-wellnes-detox-600x600.png\" class=\"attachment-woocommerce_thumbnail size-woocommerce_thumbnail\" alt=\"\" loading=\"lazy\" srcset=\"https:\/\/testing.wowtea.eu\/pl\/files\/2024\/05\/WOWTEA-web-PP-Summer-editions-Wellness-Upsale-wellnes-detox.png 600w, https:\/\/testing.wowtea.eu\/pl\/files\/2024\/05\/WOWTEA-web-PP-Summer-editions-Wellness-Upsale-wellnes-detox-100x100.png 100w, https:\/\/testing.wowtea.eu\/pl\/files\/2024\/05\/WOWTEA-web-PP-Summer-editions-Wellness-Upsale-wellnes-detox-45x45.png 45w, https:\/\/testing.wowtea.eu\/pl\/files\/2024\/05\/WOWTEA-web-PP-Summer-editions-Wellness-Upsale-wellnes-detox-60x60.png 60w, https:\/\/testing.wowtea.eu\/pl\/files\/2024\/05\/WOWTEA-web-PP-Summer-editions-Wellness-Upsale-wellnes-detox-90x90.png 90w, https:\/\/testing.wowtea.eu\/pl\/files\/2024\/05\/WOWTEA-web-PP-Summer-editions-Wellness-Upsale-wellnes-detox-150x150.png 150w, https:\/\/testing.wowtea.eu\/pl\/files\/2024\/05\/WOWTEA-web-PP-Summer-editions-Wellness-Upsale-wellnes-detox-300x300.png 300w\" sizes=\"(max-width: 600px) 100vw, 600px\" \/>","free_delivery":false},"87535":{"id":87535,"name":"Summer Wellness + Summer SlimFit","slug":"summer-wellness-summer-slimfit","date_created":{"date":"2021-06-14 14:36:09.000000","timezone_type":3,"timezone":"Europe\/Warsaw"},"date_modified":{"date":"2024-09-23 10:25:34.000000","timezone_type":3,"timezone":"Europe\/Warsaw"},"status":"publish","featured":false,"catalog_visibility":"visible","description":"","short_description":"","sku":"WOW-P-SSTSWT","price":"134.00","regular_price":"178","sale_price":"134.00","date_on_sale_from":null,"date_on_sale_to":null,"total_sales":"0","tax_status":"taxable","tax_class":"parent","manage_stock":false,"stock_quantity":null,"stock_status":"instock","backorders":"no","low_stock_amount":"","sold_individually":false,"weight":"","length":"","width":"","height":"","upsell_ids":[],"cross_sell_ids":[],"parent_id":87495,"reviews_allowed":false,"purchase_note":"","attributes":{"pa_summer-products":"summer-wellness-summer-slimfit"},"default_attributes":[],"menu_order":3,"post_password":"","virtual":false,"downloadable":false,"category_ids":[],"tag_ids":[],"shipping_class_id":0,"downloads":[],"image_id":139090,"gallery_image_ids":[],"download_limit":0,"download_expiry":0,"rating_counts":[],"average_rating":0,"review_count":0,"attribute_summary":"Summer products: Summer Wellness + Summer SlimFit","meta_data":[{"id":282633,"key":"inline_featured_image","value":""},{"id":282634,"key":"yst_prominent_words_version","value":""},{"id":282635,"key":"_wp_page_template","value":""},{"id":282636,"key":"_post_badge","value":""},{"id":282637,"key":"_post_icon_1","value":""},{"id":282638,"key":"_post_icon_2","value":""},{"id":282639,"key":"_post_icon_3","value":""},{"id":282640,"key":"_post_icon_1_text","value":""},{"id":282641,"key":"_post_icon_2_text","value":""},{"id":282642,"key":"_post_icon_3_text","value":""},{"id":282643,"key":"_yoast_wpseo_primary_product_cat","value":""},{"id":282644,"key":"_yoast_wpseo_content_score","value":""},{"id":282645,"key":"_elementor_edit_mode","value":""},{"id":282646,"key":"_elementor_template_type","value":""},{"id":282647,"key":"_elementor_version","value":""},{"id":282648,"key":"_elementor_pro_version","value":""},{"id":282649,"key":"_oembed_b8e247034018ee4812190523170f8f1c","value":""},{"id":282650,"key":"_oembed_time_b8e247034018ee4812190523170f8f1c","value":""},{"id":282651,"key":"_wapl_label_type","value":""},{"id":282652,"key":"_wapl_label_text","value":""},{"id":282653,"key":"_wapl_label_style","value":""},{"id":282654,"key":"_wapl_label_align","value":""},{"id":282655,"key":"_wapl_custom_bg_color","value":""},{"id":282656,"key":"_wapl_custom_text_color","value":""},{"id":282657,"key":"_wapl_label_exclude","value":""},{"id":282658,"key":"fstr-p-sub","value":""},{"id":282659,"key":"fstr-iskit","value":""},{"id":282660,"key":"_mollie_voucher_category","value":""},{"id":282661,"key":"_yoast_wpseo_focuskeywords","value":""},{"id":282662,"key":"_pys_super_pack_cpt_url","value":""},{"id":282663,"key":"_pys_super_pack_cpt_condition","value":""},{"id":282664,"key":"_pys_super_pack_cpt_cart","value":""},{"id":282665,"key":"_gtin","value":""},{"id":282666,"key":"_oembed_d661647b67dd8a32b998f2d0708014be","value":""},{"id":282667,"key":"_oembed_time_d661647b67dd8a32b998f2d0708014be","value":""},{"id":282668,"key":"_foodplan","value":""},{"id":282669,"key":"_homegym","value":""},{"id":282670,"key":"_yogaplan","value":""},{"id":282671,"key":"yo-title-quote","value":""},{"id":282672,"key":"yo-title-quote-second","value":""},{"id":282673,"key":"panam-video","value":""},{"id":282674,"key":"_dp_original","value":""},{"id":282675,"key":"_wp_old_date","value":""},{"id":282676,"key":"_oembed_cccd389a7668e3aa6fc32fc5cb179ea6","value":""},{"id":282677,"key":"attach_general_products","value":""},{"id":282678,"key":"_variable_text_field_1","value":""},{"id":282679,"key":"_variable_text_field_2","value":""},{"id":282680,"key":"_variable_text_field_3","value":""},{"id":495564,"key":"_v_label_field","value":"Save 15%"},{"id":722662,"key":"_sold_variation_individually","value":"no"},{"id":1805527,"key":"_ts_gtin","value":""},{"id":1805528,"key":"_ts_mpn","value":""},{"id":2007617,"key":"oms_price_updated_at","value":"2024-09-23T08:03:43.824160Z"},{"id":2007618,"key":"_old_regular_price","value":"178"},{"id":2007619,"key":"_old_sale_price","value":"134"}],"price_html":"<del aria-hidden=\"true\"><span class=\"woocommerce-Price-amount amount\"><bdi>178,00&nbsp;<span class=\"woocommerce-Price-currencySymbol\">&#122;&#322;<\/span><\/bdi><\/span><\/del> <ins><span class=\"woocommerce-Price-amount amount\"><bdi>134,00&nbsp;<span class=\"woocommerce-Price-currencySymbol\">&#122;&#322;<\/span><\/bdi><\/span><\/ins>","image":"<img width=\"600\" height=\"600\" src=\"https:\/\/testing.wowtea.eu\/pl\/files\/2021\/06\/WOWTEA-web-Shop-Summer-editions-new-summer-new-me-wellness-slimfit-600x600.png\" class=\"attachment-woocommerce_thumbnail size-woocommerce_thumbnail\" alt=\"\" loading=\"lazy\" srcset=\"https:\/\/testing.wowtea.eu\/pl\/files\/2021\/06\/WOWTEA-web-Shop-Summer-editions-new-summer-new-me-wellness-slimfit.png 600w, https:\/\/testing.wowtea.eu\/pl\/files\/2021\/06\/WOWTEA-web-Shop-Summer-editions-new-summer-new-me-wellness-slimfit-100x100.png 100w, https:\/\/testing.wowtea.eu\/pl\/files\/2021\/06\/WOWTEA-web-Shop-Summer-editions-new-summer-new-me-wellness-slimfit-45x45.png 45w, https:\/\/testing.wowtea.eu\/pl\/files\/2021\/06\/WOWTEA-web-Shop-Summer-editions-new-summer-new-me-wellness-slimfit-60x60.png 60w, https:\/\/testing.wowtea.eu\/pl\/files\/2021\/06\/WOWTEA-web-Shop-Summer-editions-new-summer-new-me-wellness-slimfit-90x90.png 90w, https:\/\/testing.wowtea.eu\/pl\/files\/2021\/06\/WOWTEA-web-Shop-Summer-editions-new-summer-new-me-wellness-slimfit-150x150.png 150w, https:\/\/testing.wowtea.eu\/pl\/files\/2021\/06\/WOWTEA-web-Shop-Summer-editions-new-summer-new-me-wellness-slimfit-300x300.png 300w\" sizes=\"(max-width: 600px) 100vw, 600px\" \/>","free_delivery":false}},"free_delivery":false,"currency_name":"&#122;&#322;","_links":{"self":[{"href":"https:\/\/testing.wowtea.eu\/pl\/wp-json\/wp\/v2\/product\/87495"}],"collection":[{"href":"https:\/\/testing.wowtea.eu\/pl\/wp-json\/wp\/v2\/product"}],"about":[{"href":"https:\/\/testing.wowtea.eu\/pl\/wp-json\/wp\/v2\/types\/product"}],"replies":[{"embeddable":true,"href":"https:\/\/testing.wowtea.eu\/pl\/wp-json\/wp\/v2\/comments?post=87495"}],"version-history":[{"count":0,"href":"https:\/\/testing.wowtea.eu\/pl\/wp-json\/wp\/v2\/product\/87495\/revisions"}],"wp:featuredmedia":[{"embeddable":true,"href":"https:\/\/testing.wowtea.eu\/pl\/wp-json\/wp\/v2\/media\/139016"}],"wp:attachment":[{"href":"https:\/\/testing.wowtea.eu\/pl\/wp-json\/wp\/v2\/media?parent=87495"}],"wp:term":[{"taxonomy":"product_cat","embeddable":true,"href":"https:\/\/testing.wowtea.eu\/pl\/wp-json\/wp\/v2\/product_cat?post=87495"},{"taxonomy":"product_tag","embeddable":true,"href":"https:\/\/testing.wowtea.eu\/pl\/wp-json\/wp\/v2\/product_tag?post=87495"}],"curies":[{"name":"wp","href":"https:\/\/api.w.org\/{rel}","templated":true}]}}