{"id":87496,"date":"2021-06-14T14:36:07","date_gmt":"2021-06-14T12:36:07","guid":{"rendered":"https:\/\/testing.wowtea.eu\/pl\/?post_type=product&#038;p=87496"},"modified":"2024-09-23T10:27:06","modified_gmt":"2024-09-23T08:27:06","slug":"summer-reborn","status":"publish","type":"product","link":"https:\/\/testing.wowtea.eu\/pl\/product\/summer-reborn\/","title":{"rendered":"Summer Reborn"},"content":{"rendered":"\t\t<div data-elementor-type=\"product-post\" data-elementor-id=\"87496\" class=\"elementor elementor-87496\">\n\t\t\t\t\t\t<div class=\"elementor-inner\">\n\t\t\t\t<div class=\"elementor-section-wrap\">\n\t\t\t\t\t\t\t\t\t<section class=\"elementor-section elementor-top-section elementor-element elementor-element-21121e6 elementor-section-full_width elementor-section-height-default elementor-section-height-default\" data-id=\"21121e6\" data-element_type=\"section\">\n\t\t\t\t\t\t<div class=\"elementor-container elementor-column-gap-no\">\n\t\t\t\t\t\t\t<div class=\"elementor-row\">\n\t\t\t\t\t<div class=\"elementor-column elementor-col-100 elementor-top-column elementor-element elementor-element-2b0ecbf\" data-id=\"2b0ecbf\" data-element_type=\"column\">\n\t\t\t<div class=\"elementor-column-wrap elementor-element-populated\">\n\t\t\t\t\t\t\t<div class=\"elementor-widget-wrap\">\n\t\t\t\t\t\t<section class=\"elementor-section elementor-inner-section elementor-element elementor-element-3909766 elementor-section-full_width elementor-hidden-phone elementor-section-height-default elementor-section-height-default\" data-id=\"3909766\" data-element_type=\"section\">\n\t\t\t\t\t\t<div class=\"elementor-container elementor-column-gap-no\">\n\t\t\t\t\t\t\t<div class=\"elementor-row\">\n\t\t\t\t\t<div class=\"elementor-column elementor-col-100 elementor-inner-column elementor-element elementor-element-e4fa57e\" data-id=\"e4fa57e\" data-element_type=\"column\">\n\t\t\t<div class=\"elementor-column-wrap elementor-element-populated\">\n\t\t\t\t\t\t\t<div class=\"elementor-widget-wrap\">\n\t\t\t\t\t\t<div class=\"elementor-element elementor-element-ab0d92e elementor-widget elementor-widget-image\" data-id=\"ab0d92e\" data-element_type=\"widget\" data-widget_type=\"image.default\">\n\t\t\t\t<div class=\"elementor-widget-container\">\n\t\t\t\t\t\t\t\t<div class=\"elementor-image\">\n\t\t\t\t\t\t\t\t\t\t\t\t<img width=\"1920\" height=\"1150\" src=\"https:\/\/testing.wowtea.eu\/pl\/files\/2021\/06\/THE-PERFECT-BEACH-DRINK-ummer-detox-D-PL.jpg\" class=\"attachment-full size-full wp-image-87719\" alt=\"\" loading=\"lazy\" srcset=\"https:\/\/testing.wowtea.eu\/pl\/files\/2021\/06\/THE-PERFECT-BEACH-DRINK-ummer-detox-D-PL.jpg 1920w, https:\/\/testing.wowtea.eu\/pl\/files\/2021\/06\/THE-PERFECT-BEACH-DRINK-ummer-detox-D-PL-300x180.jpg 300w, https:\/\/testing.wowtea.eu\/pl\/files\/2021\/06\/THE-PERFECT-BEACH-DRINK-ummer-detox-D-PL-1024x613.jpg 1024w, https:\/\/testing.wowtea.eu\/pl\/files\/2021\/06\/THE-PERFECT-BEACH-DRINK-ummer-detox-D-PL-768x460.jpg 768w, https:\/\/testing.wowtea.eu\/pl\/files\/2021\/06\/THE-PERFECT-BEACH-DRINK-ummer-detox-D-PL-1536x920.jpg 1536w, https:\/\/testing.wowtea.eu\/pl\/files\/2021\/06\/THE-PERFECT-BEACH-DRINK-ummer-detox-D-PL-600x359.jpg 600w\" sizes=\"(max-width: 1920px) 100vw, 1920px\" \/>\t\t\t\t\t\t\t\t\t\t\t\t\t\t<\/div>\n\t\t\t\t\t\t<\/div>\n\t\t\t\t<\/div>\n\t\t\t\t\t\t<\/div>\n\t\t\t\t\t<\/div>\n\t\t<\/div>\n\t\t\t\t\t\t\t\t<\/div>\n\t\t\t\t\t<\/div>\n\t\t<\/section>\n\t\t\t\t<section class=\"elementor-section elementor-inner-section elementor-element elementor-element-477c1a1 elementor-section-full_width elementor-hidden-desktop elementor-hidden-tablet elementor-section-height-default elementor-section-height-default\" data-id=\"477c1a1\" data-element_type=\"section\">\n\t\t\t\t\t\t<div class=\"elementor-container elementor-column-gap-no\">\n\t\t\t\t\t\t\t<div class=\"elementor-row\">\n\t\t\t\t\t<div class=\"elementor-column elementor-col-100 elementor-inner-column elementor-element elementor-element-2d8aad8\" data-id=\"2d8aad8\" data-element_type=\"column\">\n\t\t\t<div class=\"elementor-column-wrap elementor-element-populated\">\n\t\t\t\t\t\t\t<div class=\"elementor-widget-wrap\">\n\t\t\t\t\t\t<div class=\"elementor-element elementor-element-50f6847 elementor-widget elementor-widget-image\" data-id=\"50f6847\" data-element_type=\"widget\" data-widget_type=\"image.default\">\n\t\t\t\t<div class=\"elementor-widget-container\">\n\t\t\t\t\t\t\t\t<div class=\"elementor-image\">\n\t\t\t\t\t\t\t\t\t\t\t\t<img width=\"460\" height=\"750\" src=\"https:\/\/testing.wowtea.eu\/pl\/files\/2021\/06\/THE-PERFECT-BEACH-DRINK-ummer-detox-M-PL.jpg\" class=\"attachment-full size-full wp-image-87718\" alt=\"\" loading=\"lazy\" srcset=\"https:\/\/testing.wowtea.eu\/pl\/files\/2021\/06\/THE-PERFECT-BEACH-DRINK-ummer-detox-M-PL.jpg 460w, https:\/\/testing.wowtea.eu\/pl\/files\/2021\/06\/THE-PERFECT-BEACH-DRINK-ummer-detox-M-PL-184x300.jpg 184w\" sizes=\"(max-width: 460px) 100vw, 460px\" \/>\t\t\t\t\t\t\t\t\t\t\t\t\t\t<\/div>\n\t\t\t\t\t\t<\/div>\n\t\t\t\t<\/div>\n\t\t\t\t\t\t<\/div>\n\t\t\t\t\t<\/div>\n\t\t<\/div>\n\t\t\t\t\t\t\t\t<\/div>\n\t\t\t\t\t<\/div>\n\t\t<\/section>\n\t\t\t\t\t\t<\/div>\n\t\t\t\t\t<\/div>\n\t\t<\/div>\n\t\t\t\t\t\t\t\t<\/div>\n\t\t\t\t\t<\/div>\n\t\t<\/section>\n\t\t\t\t<section class=\"elementor-section elementor-top-section elementor-element elementor-element-260d27c2 elementor-section-boxed elementor-section-height-default elementor-section-height-default\" data-id=\"260d27c2\" data-element_type=\"section\" data-settings=\"{&quot;background_background&quot;:&quot;classic&quot;}\">\n\t\t\t\t\t\t<div class=\"elementor-container elementor-column-gap-default\">\n\t\t\t\t\t\t\t<div class=\"elementor-row\">\n\t\t\t\t\t<div class=\"elementor-column elementor-col-100 elementor-top-column elementor-element elementor-element-5603e44\" data-id=\"5603e44\" data-element_type=\"column\" data-settings=\"{&quot;background_background&quot;:&quot;classic&quot;}\">\n\t\t\t<div class=\"elementor-column-wrap elementor-element-populated\">\n\t\t\t\t\t\t\t<div class=\"elementor-widget-wrap\">\n\t\t\t\t\t\t<div class=\"elementor-element elementor-element-37e4f211 elementor-widget elementor-widget-heading\" data-id=\"37e4f211\" data-element_type=\"widget\" data-widget_type=\"heading.default\">\n\t\t\t\t<div class=\"elementor-widget-container\">\n\t\t\t<h2 class=\"elementor-heading-title elementor-size-default\"><p style=\"text-align: center;color: crimson;font-size: 40px\">CO DOSTAJESZ W PACZCE?<span style=\"font-size: 28px\"><\/span><\/p><\/h2>\t\t<\/div>\n\t\t\t\t<\/div>\n\t\t\t\t\t\t<\/div>\n\t\t\t\t\t<\/div>\n\t\t<\/div>\n\t\t\t\t\t\t\t\t<\/div>\n\t\t\t\t\t<\/div>\n\t\t<\/section>\n\t\t\t\t<section class=\"elementor-section elementor-top-section elementor-element elementor-element-d8a82a0 elementor-section-boxed elementor-section-height-default elementor-section-height-default\" data-id=\"d8a82a0\" data-element_type=\"section\">\n\t\t\t\t\t\t<div class=\"elementor-container elementor-column-gap-default\">\n\t\t\t\t\t\t\t<div class=\"elementor-row\">\n\t\t\t\t\t<div class=\"elementor-column elementor-col-100 elementor-top-column elementor-element elementor-element-fea6565\" data-id=\"fea6565\" data-element_type=\"column\">\n\t\t\t<div class=\"elementor-column-wrap elementor-element-populated\">\n\t\t\t\t\t\t\t<div class=\"elementor-widget-wrap\">\n\t\t\t\t\t\t<div class=\"elementor-element elementor-element-6799e68 elementor-widget elementor-widget-html\" data-id=\"6799e68\" data-element_type=\"widget\" data-widget_type=\"html.default\">\n\t\t\t\t<div class=\"elementor-widget-container\">\n\t\t\t<!-- TrustBox widget - Carousel -->\r\n<div class=\"trustpilot-widget\" data-locale=\"pl-PL\" data-template-id=\"53aa8912dec7e10d38f59f36\" data-businessunit-id=\"60029def312cb900013df992\" data-style-height=\"320px\" data-style-width=\"100%\" data-theme=\"light\" data-tags=\"PL\" data-stars=\"1,2,3,4,5\">\r\n  <a href=\"https:\/\/pl.trustpilot.com\/review\/testing.wowtea.eu\" target=\"_blank\" rel=\"noopener\">Trustpilot<\/a>\r\n<\/div>\r\n<!-- End TrustBox widget -->\t\t<\/div>\n\t\t\t\t<\/div>\n\t\t\t\t\t\t<\/div>\n\t\t\t\t\t<\/div>\n\t\t<\/div>\n\t\t\t\t\t\t\t\t<\/div>\n\t\t\t\t\t<\/div>\n\t\t<\/section>\n\t\t\t\t\t\t\t\t\t<\/div>\n\t\t\t<\/div>\n\t\t\t\t\t<\/div>\n\t\t","protected":false},"excerpt":{"rendered":"<p>Popraw swoj\u0105 kondycj\u0119 szybciej dzi\u0119ki nowej letniej mieszance SlimFit o smaku egzotycznego mango i aromatycznego kokosa. Rozpocznij detoksykacj\u0119 i alkalizacj\u0119 Twojego cia\u0142a z pierwszym \u0142ykiem naszego Summer Dtox o \u015bwie\u017cym cytrusowym smaku, wzbogacony przeciwutleniaczami!<\/p>\n","protected":false},"featured_media":138648,"comment_status":"open","ping_status":"closed","template":"","meta":{"inline_featured_image":false},"product_cat":[109,103],"product_tag":[],"acf":[],"variations_data":{"87648":{"id":87648,"name":"Summer Detox Herbata + Butelka na herbat\u0119 (\u017b\u00f3\u0142ta)","slug":"summer-detox-%d1%87%d0%b0%d0%b9-%d0%b6%d1%8a%d0%bb%d1%82%d0%b0-%d0%b1%d1%83%d1%82%d0%b8%d0%bb%d0%ba%d0%b0-3","date_created":{"date":"2021-06-14 15:28:02.000000","timezone_type":3,"timezone":"Europe\/Warsaw"},"date_modified":{"date":"2024-09-23 10:26:19.000000","timezone_type":3,"timezone":"Europe\/Warsaw"},"status":"publish","featured":false,"catalog_visibility":"visible","description":"","short_description":"","sku":"WOW-P-SETBTY","price":"141.00","regular_price":"188","sale_price":"141.00","date_on_sale_from":null,"date_on_sale_to":null,"total_sales":"0","tax_status":"taxable","tax_class":"parent","manage_stock":false,"stock_quantity":null,"stock_status":"instock","backorders":"no","low_stock_amount":"","sold_individually":false,"weight":"","length":"","width":"","height":"","upsell_ids":[],"cross_sell_ids":[],"parent_id":87496,"reviews_allowed":false,"purchase_note":"","attributes":{"pa_summer-products":"summer-detox-%d1%87%d0%b0%d0%b9-%d0%b6%d1%8a%d0%bb%d1%82%d0%b0-%d0%b1%d1%83%d1%82%d0%b8%d0%bb%d0%ba%d0%b0"},"default_attributes":[],"menu_order":1,"post_password":"","virtual":false,"downloadable":false,"category_ids":[],"tag_ids":[],"shipping_class_id":0,"downloads":[],"image_id":138648,"gallery_image_ids":[],"download_limit":-1,"download_expiry":-1,"rating_counts":[],"average_rating":0,"review_count":0,"attribute_summary":"Summer products: Summer Detox Herbata + Butelka na herbat\u0119 (\u017b\u00f3\u0142ta)","meta_data":[{"id":283962,"key":"yst_prominent_words_version","value":"1"},{"id":284004,"key":"_gtin","value":""},{"id":284005,"key":"_variable_text_field_1","value":"Summer Detox Tea | Herbata detoksykuj\u0105ca + \u017b\u00f3\u0142ta butelka herbaty -oczyszczaj organizm przez 21 dni | 150 gr | WOW TEA "},{"id":284006,"key":"_variable_text_field_2","value":"Herbata Premium Detox z efektem ju\u017c po 24 godz. Efekt detoksykacji zaczyna si\u0119 ju\u017c od pierwszego \u0142yku i pomna\u017ca si\u0119 w kolejnych dniach.  Pyszny i orze\u017awiaj\u0105cy, po prostu idealny nap\u00f3j na pla\u017c\u0119!"},{"id":284007,"key":"_variable_text_field_3","value":""},{"id":284008,"key":"fstr-p-sub","value":""},{"id":495576,"key":"_v_label_field","value":""},{"id":722611,"key":"_sold_variation_individually","value":"no"},{"id":1805507,"key":"_ts_gtin","value":""},{"id":1805508,"key":"_ts_mpn","value":""},{"id":2007790,"key":"oms_price_updated_at","value":"2024-09-23T08:04:34.531749Z"},{"id":2007791,"key":"_old_regular_price","value":"188"},{"id":2007792,"key":"_old_sale_price","value":"141"}],"price_html":"<del aria-hidden=\"true\"><span class=\"woocommerce-Price-amount amount\"><bdi>188,00&nbsp;<span class=\"woocommerce-Price-currencySymbol\">&#122;&#322;<\/span><\/bdi><\/span><\/del> <ins><span class=\"woocommerce-Price-amount amount\"><bdi>141,00&nbsp;<span class=\"woocommerce-Price-currencySymbol\">&#122;&#322;<\/span><\/bdi><\/span><\/ins>","image":"<img width=\"600\" height=\"600\" src=\"https:\/\/testing.wowtea.eu\/pl\/files\/2024\/05\/WOWTEA-web-PP-Summer-editions-Detox-Upsale-detox-bottle-600x600.png\" class=\"attachment-woocommerce_thumbnail size-woocommerce_thumbnail\" alt=\"\" loading=\"lazy\" srcset=\"https:\/\/testing.wowtea.eu\/pl\/files\/2024\/05\/WOWTEA-web-PP-Summer-editions-Detox-Upsale-detox-bottle.png 600w, https:\/\/testing.wowtea.eu\/pl\/files\/2024\/05\/WOWTEA-web-PP-Summer-editions-Detox-Upsale-detox-bottle-100x100.png 100w, https:\/\/testing.wowtea.eu\/pl\/files\/2024\/05\/WOWTEA-web-PP-Summer-editions-Detox-Upsale-detox-bottle-45x45.png 45w, https:\/\/testing.wowtea.eu\/pl\/files\/2024\/05\/WOWTEA-web-PP-Summer-editions-Detox-Upsale-detox-bottle-60x60.png 60w, https:\/\/testing.wowtea.eu\/pl\/files\/2024\/05\/WOWTEA-web-PP-Summer-editions-Detox-Upsale-detox-bottle-90x90.png 90w, https:\/\/testing.wowtea.eu\/pl\/files\/2024\/05\/WOWTEA-web-PP-Summer-editions-Detox-Upsale-detox-bottle-150x150.png 150w, https:\/\/testing.wowtea.eu\/pl\/files\/2024\/05\/WOWTEA-web-PP-Summer-editions-Detox-Upsale-detox-bottle-300x300.png 300w\" sizes=\"(max-width: 600px) 100vw, 600px\" \/>","free_delivery":false},"87649":{"id":87649,"name":"Summer Slimfit Herbata + Butelka na herbat\u0119 (\u017b\u00f3\u0142ta)","slug":"summer-slimfit-%d1%87%d0%b0%d0%b9-%d0%b6%d1%8a%d0%bb%d1%82%d0%b0-%d0%b1%d1%83%d1%82%d0%b8%d0%bb%d0%ba%d0%b0-3","date_created":{"date":"2021-06-14 15:28:02.000000","timezone_type":3,"timezone":"Europe\/Warsaw"},"date_modified":{"date":"2024-09-23 10:26:49.000000","timezone_type":3,"timezone":"Europe\/Warsaw"},"status":"publish","featured":false,"catalog_visibility":"visible","description":"","short_description":"","sku":"WOW-P-SSTBTY","price":"141.00","regular_price":"188","sale_price":"141.00","date_on_sale_from":null,"date_on_sale_to":null,"total_sales":"0","tax_status":"taxable","tax_class":"parent","manage_stock":false,"stock_quantity":null,"stock_status":"instock","backorders":"no","low_stock_amount":"","sold_individually":false,"weight":"","length":"","width":"","height":"","upsell_ids":[],"cross_sell_ids":[],"parent_id":87496,"reviews_allowed":false,"purchase_note":"","attributes":{"pa_summer-products":"summer-slimfit-%d1%87%d0%b0%d0%b9-%d0%b6%d1%8a%d0%bb%d1%82%d0%b0-%d0%b1%d1%83%d1%82%d0%b8%d0%bb%d0%ba%d0%b0"},"default_attributes":[],"menu_order":2,"post_password":"","virtual":false,"downloadable":false,"category_ids":[],"tag_ids":[],"shipping_class_id":0,"downloads":[],"image_id":139019,"gallery_image_ids":[],"download_limit":-1,"download_expiry":-1,"rating_counts":[],"average_rating":0,"review_count":0,"attribute_summary":"Summer products: Summer Slimfit Herbata + Butelka na herbat\u0119 (\u017b\u00f3\u0142ta)","meta_data":[{"id":284014,"key":"_gtin","value":""},{"id":284015,"key":"_variable_text_field_1","value":"Letnia herbata odchudzaj\u0105ca + \u017b\u00f3\u0142ta butelka herbaty | WOW TEA Summer SlimFit Fat Burning Tea | 150 gr  "},{"id":284016,"key":"_variable_text_field_2","value":"Lepsza forma szybciej. B\u0142yskawicznie pobudza wszystkie procesy w organizmie zwi\u0105zane z odchudzaniem. 100% naturalne sk\u0142adniki odchudzaj\u0105ce + egzotyczny letni smak."},{"id":284017,"key":"_variable_text_field_3","value":""},{"id":284018,"key":"fstr-p-sub","value":""},{"id":495577,"key":"_v_label_field","value":""},{"id":722612,"key":"_sold_variation_individually","value":"no"},{"id":1805509,"key":"_ts_gtin","value":""},{"id":1805510,"key":"_ts_mpn","value":""},{"id":2007815,"key":"oms_price_updated_at","value":"2024-09-23T08:05:05.064118Z"},{"id":2007816,"key":"_old_regular_price","value":"188"},{"id":2007817,"key":"_old_sale_price","value":"141"}],"price_html":"<del aria-hidden=\"true\"><span class=\"woocommerce-Price-amount amount\"><bdi>188,00&nbsp;<span class=\"woocommerce-Price-currencySymbol\">&#122;&#322;<\/span><\/bdi><\/span><\/del> <ins><span class=\"woocommerce-Price-amount amount\"><bdi>141,00&nbsp;<span class=\"woocommerce-Price-currencySymbol\">&#122;&#322;<\/span><\/bdi><\/span><\/ins>","image":"<img width=\"600\" height=\"600\" src=\"https:\/\/testing.wowtea.eu\/pl\/files\/2024\/05\/WOWTEA-web-PP-Summer-editions-Slimfit-Upsale-slimfit-bottle-600x600.png\" class=\"attachment-woocommerce_thumbnail size-woocommerce_thumbnail\" alt=\"\" loading=\"lazy\" srcset=\"https:\/\/testing.wowtea.eu\/pl\/files\/2024\/05\/WOWTEA-web-PP-Summer-editions-Slimfit-Upsale-slimfit-bottle.png 600w, https:\/\/testing.wowtea.eu\/pl\/files\/2024\/05\/WOWTEA-web-PP-Summer-editions-Slimfit-Upsale-slimfit-bottle-100x100.png 100w, https:\/\/testing.wowtea.eu\/pl\/files\/2024\/05\/WOWTEA-web-PP-Summer-editions-Slimfit-Upsale-slimfit-bottle-45x45.png 45w, https:\/\/testing.wowtea.eu\/pl\/files\/2024\/05\/WOWTEA-web-PP-Summer-editions-Slimfit-Upsale-slimfit-bottle-60x60.png 60w, https:\/\/testing.wowtea.eu\/pl\/files\/2024\/05\/WOWTEA-web-PP-Summer-editions-Slimfit-Upsale-slimfit-bottle-90x90.png 90w, https:\/\/testing.wowtea.eu\/pl\/files\/2024\/05\/WOWTEA-web-PP-Summer-editions-Slimfit-Upsale-slimfit-bottle-150x150.png 150w, https:\/\/testing.wowtea.eu\/pl\/files\/2024\/05\/WOWTEA-web-PP-Summer-editions-Slimfit-Upsale-slimfit-bottle-300x300.png 300w\" sizes=\"(max-width: 600px) 100vw, 600px\" \/>","free_delivery":false},"87537":{"id":87537,"name":"Summer Wellness Herbata + Butelka na herbat\u0119 (\u017b\u00f3\u0142ta)","slug":"summer-wellness-%d1%87%d0%b0%d0%b9-%d0%b6%d1%8a%d0%bb%d1%82%d0%b0-%d0%b1%d1%83%d1%82%d0%b8%d0%bb%d0%ba%d0%b0","date_created":{"date":"2021-06-14 14:36:09.000000","timezone_type":3,"timezone":"Europe\/Warsaw"},"date_modified":{"date":"2024-09-23 10:27:03.000000","timezone_type":3,"timezone":"Europe\/Warsaw"},"status":"publish","featured":false,"catalog_visibility":"visible","description":"","short_description":"","sku":"WOW-P-SWTBTY","price":"141.00","regular_price":"188","sale_price":"141.00","date_on_sale_from":null,"date_on_sale_to":null,"total_sales":"0","tax_status":"taxable","tax_class":"parent","manage_stock":false,"stock_quantity":null,"stock_status":"instock","backorders":"no","low_stock_amount":"","sold_individually":false,"weight":"","length":"","width":"","height":"","upsell_ids":[],"cross_sell_ids":[],"parent_id":87496,"reviews_allowed":false,"purchase_note":"","attributes":{"pa_summer-products":"summer-wellness-%d1%87%d0%b0%d0%b9-%d0%b6%d1%8a%d0%bb%d1%82%d0%b0-%d0%b1%d1%83%d1%82%d0%b8%d0%bb%d0%ba%d0%b0"},"default_attributes":[],"menu_order":3,"post_password":"","virtual":false,"downloadable":false,"category_ids":[],"tag_ids":[],"shipping_class_id":0,"downloads":[],"image_id":139061,"gallery_image_ids":[],"download_limit":0,"download_expiry":0,"rating_counts":[],"average_rating":0,"review_count":0,"attribute_summary":"Summer products: Summer Wellness Herbata + Butelka na herbat\u0119 (\u017b\u00f3\u0142ta)","meta_data":[{"id":282706,"key":"inline_featured_image","value":""},{"id":282707,"key":"yst_prominent_words_version","value":""},{"id":282708,"key":"_wp_page_template","value":""},{"id":282709,"key":"_post_badge","value":""},{"id":282710,"key":"_post_icon_1","value":""},{"id":282711,"key":"_post_icon_2","value":""},{"id":282712,"key":"_post_icon_3","value":""},{"id":282713,"key":"_post_icon_1_text","value":""},{"id":282714,"key":"_post_icon_2_text","value":""},{"id":282715,"key":"_post_icon_3_text","value":""},{"id":282716,"key":"_yoast_wpseo_primary_product_cat","value":""},{"id":282717,"key":"_yoast_wpseo_content_score","value":""},{"id":282718,"key":"_elementor_edit_mode","value":""},{"id":282719,"key":"_elementor_template_type","value":""},{"id":282720,"key":"_elementor_version","value":""},{"id":282721,"key":"_elementor_pro_version","value":""},{"id":282722,"key":"_oembed_b8e247034018ee4812190523170f8f1c","value":""},{"id":282723,"key":"_oembed_time_b8e247034018ee4812190523170f8f1c","value":""},{"id":282724,"key":"_wapl_label_type","value":""},{"id":282725,"key":"_wapl_label_text","value":""},{"id":282726,"key":"_wapl_label_style","value":""},{"id":282727,"key":"_wapl_label_align","value":""},{"id":282728,"key":"_wapl_custom_bg_color","value":""},{"id":282729,"key":"_wapl_custom_text_color","value":""},{"id":282730,"key":"_wapl_label_exclude","value":""},{"id":282731,"key":"fstr-p-sub","value":""},{"id":282732,"key":"fstr-iskit","value":""},{"id":282733,"key":"_mollie_voucher_category","value":""},{"id":282734,"key":"_yoast_wpseo_focuskeywords","value":""},{"id":282735,"key":"_pys_super_pack_cpt_url","value":""},{"id":282736,"key":"_pys_super_pack_cpt_condition","value":""},{"id":282737,"key":"_pys_super_pack_cpt_cart","value":""},{"id":282738,"key":"_gtin","value":""},{"id":282739,"key":"_oembed_d661647b67dd8a32b998f2d0708014be","value":""},{"id":282740,"key":"_oembed_time_d661647b67dd8a32b998f2d0708014be","value":""},{"id":282741,"key":"_foodplan","value":""},{"id":282742,"key":"_homegym","value":""},{"id":282743,"key":"_yogaplan","value":""},{"id":282744,"key":"yo-title-quote","value":""},{"id":282745,"key":"yo-title-quote-second","value":""},{"id":282746,"key":"panam-video","value":""},{"id":282747,"key":"_dp_original","value":""},{"id":282748,"key":"_wp_old_date","value":""},{"id":282749,"key":"_oembed_cccd389a7668e3aa6fc32fc5cb179ea6","value":""},{"id":282750,"key":"attach_general_products","value":""},{"id":282751,"key":"_variable_text_field_1","value":""},{"id":282752,"key":"_variable_text_field_2","value":""},{"id":282753,"key":"_variable_text_field_3","value":""},{"id":495578,"key":"_v_label_field","value":""},{"id":722613,"key":"_sold_variation_individually","value":"no"},{"id":1805511,"key":"_ts_gtin","value":""},{"id":1805512,"key":"_ts_mpn","value":""},{"id":2007834,"key":"oms_price_updated_at","value":"2024-09-23T08:05:18.499426Z"},{"id":2007835,"key":"_old_regular_price","value":"188"},{"id":2007836,"key":"_old_sale_price","value":"141"}],"price_html":"<del aria-hidden=\"true\"><span class=\"woocommerce-Price-amount amount\"><bdi>188,00&nbsp;<span class=\"woocommerce-Price-currencySymbol\">&#122;&#322;<\/span><\/bdi><\/span><\/del> <ins><span class=\"woocommerce-Price-amount amount\"><bdi>141,00&nbsp;<span class=\"woocommerce-Price-currencySymbol\">&#122;&#322;<\/span><\/bdi><\/span><\/ins>","image":"<img width=\"600\" height=\"600\" src=\"https:\/\/testing.wowtea.eu\/pl\/files\/2024\/05\/WOWTEA-web-PP-Summer-editions-Wellness-Upsale-wellnes-bottle-600x600.png\" class=\"attachment-woocommerce_thumbnail size-woocommerce_thumbnail\" alt=\"\" loading=\"lazy\" srcset=\"https:\/\/testing.wowtea.eu\/pl\/files\/2024\/05\/WOWTEA-web-PP-Summer-editions-Wellness-Upsale-wellnes-bottle.png 600w, https:\/\/testing.wowtea.eu\/pl\/files\/2024\/05\/WOWTEA-web-PP-Summer-editions-Wellness-Upsale-wellnes-bottle-100x100.png 100w, https:\/\/testing.wowtea.eu\/pl\/files\/2024\/05\/WOWTEA-web-PP-Summer-editions-Wellness-Upsale-wellnes-bottle-45x45.png 45w, https:\/\/testing.wowtea.eu\/pl\/files\/2024\/05\/WOWTEA-web-PP-Summer-editions-Wellness-Upsale-wellnes-bottle-60x60.png 60w, https:\/\/testing.wowtea.eu\/pl\/files\/2024\/05\/WOWTEA-web-PP-Summer-editions-Wellness-Upsale-wellnes-bottle-90x90.png 90w, https:\/\/testing.wowtea.eu\/pl\/files\/2024\/05\/WOWTEA-web-PP-Summer-editions-Wellness-Upsale-wellnes-bottle-150x150.png 150w, https:\/\/testing.wowtea.eu\/pl\/files\/2024\/05\/WOWTEA-web-PP-Summer-editions-Wellness-Upsale-wellnes-bottle-300x300.png 300w\" sizes=\"(max-width: 600px) 100vw, 600px\" \/>","free_delivery":false}},"free_delivery":false,"currency_name":"&#122;&#322;","_links":{"self":[{"href":"https:\/\/testing.wowtea.eu\/pl\/wp-json\/wp\/v2\/product\/87496"}],"collection":[{"href":"https:\/\/testing.wowtea.eu\/pl\/wp-json\/wp\/v2\/product"}],"about":[{"href":"https:\/\/testing.wowtea.eu\/pl\/wp-json\/wp\/v2\/types\/product"}],"replies":[{"embeddable":true,"href":"https:\/\/testing.wowtea.eu\/pl\/wp-json\/wp\/v2\/comments?post=87496"}],"version-history":[{"count":0,"href":"https:\/\/testing.wowtea.eu\/pl\/wp-json\/wp\/v2\/product\/87496\/revisions"}],"wp:featuredmedia":[{"embeddable":true,"href":"https:\/\/testing.wowtea.eu\/pl\/wp-json\/wp\/v2\/media\/138648"}],"wp:attachment":[{"href":"https:\/\/testing.wowtea.eu\/pl\/wp-json\/wp\/v2\/media?parent=87496"}],"wp:term":[{"taxonomy":"product_cat","embeddable":true,"href":"https:\/\/testing.wowtea.eu\/pl\/wp-json\/wp\/v2\/product_cat?post=87496"},{"taxonomy":"product_tag","embeddable":true,"href":"https:\/\/testing.wowtea.eu\/pl\/wp-json\/wp\/v2\/product_tag?post=87496"}],"curies":[{"name":"wp","href":"https:\/\/api.w.org\/{rel}","templated":true}]}}