{"id":87497,"date":"2021-06-14T14:36:07","date_gmt":"2021-06-14T12:36:07","guid":{"rendered":"https:\/\/testing.wowtea.eu\/pl\/?post_type=product&#038;p=87497"},"modified":"2024-09-23T10:28:26","modified_gmt":"2024-09-23T08:28:26","slug":"love-your-summer-body","status":"publish","type":"product","link":"https:\/\/testing.wowtea.eu\/pl\/product\/love-your-summer-body\/","title":{"rendered":"Love Your Summer Body"},"content":{"rendered":"\t\t<div data-elementor-type=\"product-post\" data-elementor-id=\"87497\" class=\"elementor elementor-87497\">\n\t\t\t\t\t\t<div class=\"elementor-inner\">\n\t\t\t\t<div class=\"elementor-section-wrap\">\n\t\t\t\t\t\t\t\t\t<section class=\"elementor-section elementor-top-section elementor-element elementor-element-d91a540 elementor-section-boxed elementor-section-height-default elementor-section-height-default\" data-id=\"d91a540\" data-element_type=\"section\">\n\t\t\t\t\t\t<div class=\"elementor-container elementor-column-gap-default\">\n\t\t\t\t\t\t\t<div class=\"elementor-row\">\n\t\t\t\t\t<div class=\"elementor-column elementor-col-100 elementor-top-column elementor-element elementor-element-f5d939c\" data-id=\"f5d939c\" data-element_type=\"column\">\n\t\t\t<div class=\"elementor-column-wrap\">\n\t\t\t\t\t\t\t<div class=\"elementor-widget-wrap\">\n\t\t\t\t\t\t\t\t<\/div>\n\t\t\t\t\t<\/div>\n\t\t<\/div>\n\t\t\t\t\t\t\t\t<\/div>\n\t\t\t\t\t<\/div>\n\t\t<\/section>\n\t\t\t\t<section class=\"elementor-section elementor-top-section elementor-element elementor-element-5c253cf elementor-section-full_width elementor-section-height-default elementor-section-height-default\" data-id=\"5c253cf\" data-element_type=\"section\">\n\t\t\t\t\t\t<div class=\"elementor-container elementor-column-gap-no\">\n\t\t\t\t\t\t\t<div class=\"elementor-row\">\n\t\t\t\t\t<div class=\"elementor-column elementor-col-100 elementor-top-column elementor-element elementor-element-7bf5d5e\" data-id=\"7bf5d5e\" data-element_type=\"column\">\n\t\t\t<div class=\"elementor-column-wrap elementor-element-populated\">\n\t\t\t\t\t\t\t<div class=\"elementor-widget-wrap\">\n\t\t\t\t\t\t<section class=\"elementor-section elementor-inner-section elementor-element elementor-element-2f21821 elementor-section-full_width elementor-hidden-phone elementor-section-height-default elementor-section-height-default\" data-id=\"2f21821\" data-element_type=\"section\">\n\t\t\t\t\t\t<div class=\"elementor-container elementor-column-gap-no\">\n\t\t\t\t\t\t\t<div class=\"elementor-row\">\n\t\t\t\t\t<div class=\"elementor-column elementor-col-100 elementor-inner-column elementor-element elementor-element-41183e2\" data-id=\"41183e2\" data-element_type=\"column\">\n\t\t\t<div class=\"elementor-column-wrap elementor-element-populated\">\n\t\t\t\t\t\t\t<div class=\"elementor-widget-wrap\">\n\t\t\t\t\t\t<div class=\"elementor-element elementor-element-686c3a0 elementor-widget elementor-widget-image\" data-id=\"686c3a0\" data-element_type=\"widget\" data-widget_type=\"image.default\">\n\t\t\t\t<div class=\"elementor-widget-container\">\n\t\t\t\t\t\t\t\t<div class=\"elementor-image\">\n\t\t\t\t\t\t\t\t\t\t\t\t<img width=\"1920\" height=\"1150\" src=\"https:\/\/testing.wowtea.eu\/pl\/files\/2021\/06\/THE-PERFECT-BEACH-DRINK-ummer-detox-D-PL.jpg\" class=\"attachment-full size-full wp-image-87719\" alt=\"\" loading=\"lazy\" srcset=\"https:\/\/testing.wowtea.eu\/pl\/files\/2021\/06\/THE-PERFECT-BEACH-DRINK-ummer-detox-D-PL.jpg 1920w, https:\/\/testing.wowtea.eu\/pl\/files\/2021\/06\/THE-PERFECT-BEACH-DRINK-ummer-detox-D-PL-300x180.jpg 300w, https:\/\/testing.wowtea.eu\/pl\/files\/2021\/06\/THE-PERFECT-BEACH-DRINK-ummer-detox-D-PL-1024x613.jpg 1024w, https:\/\/testing.wowtea.eu\/pl\/files\/2021\/06\/THE-PERFECT-BEACH-DRINK-ummer-detox-D-PL-768x460.jpg 768w, https:\/\/testing.wowtea.eu\/pl\/files\/2021\/06\/THE-PERFECT-BEACH-DRINK-ummer-detox-D-PL-1536x920.jpg 1536w, https:\/\/testing.wowtea.eu\/pl\/files\/2021\/06\/THE-PERFECT-BEACH-DRINK-ummer-detox-D-PL-600x359.jpg 600w\" sizes=\"(max-width: 1920px) 100vw, 1920px\" \/>\t\t\t\t\t\t\t\t\t\t\t\t\t\t<\/div>\n\t\t\t\t\t\t<\/div>\n\t\t\t\t<\/div>\n\t\t\t\t\t\t<\/div>\n\t\t\t\t\t<\/div>\n\t\t<\/div>\n\t\t\t\t\t\t\t\t<\/div>\n\t\t\t\t\t<\/div>\n\t\t<\/section>\n\t\t\t\t<section class=\"elementor-section elementor-inner-section elementor-element elementor-element-6e23c48 elementor-section-full_width elementor-hidden-desktop elementor-hidden-tablet elementor-section-height-default elementor-section-height-default\" data-id=\"6e23c48\" data-element_type=\"section\">\n\t\t\t\t\t\t<div class=\"elementor-container elementor-column-gap-no\">\n\t\t\t\t\t\t\t<div class=\"elementor-row\">\n\t\t\t\t\t<div class=\"elementor-column elementor-col-100 elementor-inner-column elementor-element elementor-element-c62e0f8\" data-id=\"c62e0f8\" data-element_type=\"column\">\n\t\t\t<div class=\"elementor-column-wrap elementor-element-populated\">\n\t\t\t\t\t\t\t<div class=\"elementor-widget-wrap\">\n\t\t\t\t\t\t<div class=\"elementor-element elementor-element-f200f6b elementor-widget elementor-widget-image\" data-id=\"f200f6b\" data-element_type=\"widget\" data-widget_type=\"image.default\">\n\t\t\t\t<div class=\"elementor-widget-container\">\n\t\t\t\t\t\t\t\t<div class=\"elementor-image\">\n\t\t\t\t\t\t\t\t\t\t\t\t<img width=\"460\" height=\"750\" src=\"https:\/\/testing.wowtea.eu\/pl\/files\/2021\/06\/THE-PERFECT-BEACH-DRINK-ummer-detox-M-PL.jpg\" class=\"attachment-full size-full wp-image-87718\" alt=\"\" loading=\"lazy\" srcset=\"https:\/\/testing.wowtea.eu\/pl\/files\/2021\/06\/THE-PERFECT-BEACH-DRINK-ummer-detox-M-PL.jpg 460w, https:\/\/testing.wowtea.eu\/pl\/files\/2021\/06\/THE-PERFECT-BEACH-DRINK-ummer-detox-M-PL-184x300.jpg 184w\" sizes=\"(max-width: 460px) 100vw, 460px\" \/>\t\t\t\t\t\t\t\t\t\t\t\t\t\t<\/div>\n\t\t\t\t\t\t<\/div>\n\t\t\t\t<\/div>\n\t\t\t\t\t\t<\/div>\n\t\t\t\t\t<\/div>\n\t\t<\/div>\n\t\t\t\t\t\t\t\t<\/div>\n\t\t\t\t\t<\/div>\n\t\t<\/section>\n\t\t\t\t\t\t<\/div>\n\t\t\t\t\t<\/div>\n\t\t<\/div>\n\t\t\t\t\t\t\t\t<\/div>\n\t\t\t\t\t<\/div>\n\t\t<\/section>\n\t\t\t\t<section class=\"elementor-section elementor-top-section elementor-element elementor-element-cba275a elementor-section-boxed elementor-section-height-default elementor-section-height-default\" data-id=\"cba275a\" data-element_type=\"section\" data-settings=\"{&quot;background_background&quot;:&quot;classic&quot;}\">\n\t\t\t\t\t\t<div class=\"elementor-container elementor-column-gap-default\">\n\t\t\t\t\t\t\t<div class=\"elementor-row\">\n\t\t\t\t\t<div class=\"elementor-column elementor-col-100 elementor-top-column elementor-element elementor-element-a284dd0\" data-id=\"a284dd0\" data-element_type=\"column\" data-settings=\"{&quot;background_background&quot;:&quot;classic&quot;}\">\n\t\t\t<div class=\"elementor-column-wrap elementor-element-populated\">\n\t\t\t\t\t\t\t<div class=\"elementor-widget-wrap\">\n\t\t\t\t\t\t<div class=\"elementor-element elementor-element-5b49766 elementor-widget elementor-widget-heading\" data-id=\"5b49766\" data-element_type=\"widget\" data-widget_type=\"heading.default\">\n\t\t\t\t<div class=\"elementor-widget-container\">\n\t\t\t<h2 class=\"elementor-heading-title elementor-size-default\"><p style=\"text-align: center;color: crimson;font-size: 40px\">CO DOSTAJESZ W PACZCE?<span style=\"font-size: 28px\"><\/span><\/p><\/h2>\t\t<\/div>\n\t\t\t\t<\/div>\n\t\t\t\t\t\t<\/div>\n\t\t\t\t\t<\/div>\n\t\t<\/div>\n\t\t\t\t\t\t\t\t<\/div>\n\t\t\t\t\t<\/div>\n\t\t<\/section>\n\t\t\t\t<section class=\"elementor-section elementor-top-section elementor-element elementor-element-fdbe10b elementor-section-boxed elementor-section-height-default elementor-section-height-default\" data-id=\"fdbe10b\" data-element_type=\"section\">\n\t\t\t\t\t\t<div class=\"elementor-container elementor-column-gap-default\">\n\t\t\t\t\t\t\t<div class=\"elementor-row\">\n\t\t\t\t\t<div class=\"elementor-column elementor-col-100 elementor-top-column elementor-element elementor-element-4f647dd\" data-id=\"4f647dd\" data-element_type=\"column\">\n\t\t\t<div class=\"elementor-column-wrap elementor-element-populated\">\n\t\t\t\t\t\t\t<div class=\"elementor-widget-wrap\">\n\t\t\t\t\t\t<div class=\"elementor-element elementor-element-bd4d3e1 elementor-widget elementor-widget-html\" data-id=\"bd4d3e1\" data-element_type=\"widget\" data-widget_type=\"html.default\">\n\t\t\t\t<div class=\"elementor-widget-container\">\n\t\t\t<!-- TrustBox widget - Carousel -->\r\n<div class=\"trustpilot-widget\" data-locale=\"pl-PL\" data-template-id=\"53aa8912dec7e10d38f59f36\" data-businessunit-id=\"60029def312cb900013df992\" data-style-height=\"320px\" data-style-width=\"100%\" data-theme=\"light\" data-tags=\"PL\" data-stars=\"1,2,3,4,5\">\r\n  <a href=\"https:\/\/pl.trustpilot.com\/review\/testing.wowtea.eu\" target=\"_blank\" rel=\"noopener\">Trustpilot<\/a>\r\n<\/div>\r\n<!-- End TrustBox widget -->\t\t<\/div>\n\t\t\t\t<\/div>\n\t\t\t\t\t\t<\/div>\n\t\t\t\t\t<\/div>\n\t\t<\/div>\n\t\t\t\t\t\t\t\t<\/div>\n\t\t\t\t\t<\/div>\n\t\t<\/section>\n\t\t\t\t\t\t\t\t\t<\/div>\n\t\t\t<\/div>\n\t\t\t\t\t<\/div>\n\t\t","protected":false},"excerpt":{"rendered":"<p>\u201eWszystkie 3 tropikalne smaki s\u0105 przepyszne, a moja nowa letnia butelka jest totalnym hitem na pla\u017cy!\u201d Popraw swoj\u0105 kondycj\u0119 szybciej dzi\u0119ki nowej letniej mieszance SlimFit o smaku egzotycznego mango i aromatycznego kokosa. Rozpocznij detoksykacj\u0119 i alkalizacj\u0119 z pierwszym \u0142ykiem naszego Letniego Detoksu o \u015bwie\u017cym cytrusowym smaku, wzbogaconego przeciwutleniaczami!<\/p>\n","protected":false},"featured_media":139017,"comment_status":"open","ping_status":"closed","template":"","meta":{"inline_featured_image":false},"product_cat":[109,103],"product_tag":[],"acf":[],"variations_data":{"87653":{"id":87653,"name":"Summer Detox Herbata + Summer Slimfit Herbata + Butelka na herbat\u0119 (\u017b\u00f3\u0142ta)","slug":"summer-detox-%d1%87%d0%b0%d0%b9-summer-slimfit-%d1%87%d0%b0%d0%b9-%d0%b6%d1%8a%d0%bb%d1%82%d0%b0-%d0%b1%d1%83%d1%82%d0%b8%d0%bb%d0%ba%d0%b0-3","date_created":{"date":"2021-06-14 15:31:06.000000","timezone_type":3,"timezone":"Europe\/Warsaw"},"date_modified":{"date":"2024-09-23 10:27:50.000000","timezone_type":3,"timezone":"Europe\/Warsaw"},"status":"publish","featured":false,"catalog_visibility":"visible","description":"","short_description":"","sku":"WOW-P-SETSSTBTY","price":"194.00","regular_price":"277","sale_price":"194.00","date_on_sale_from":null,"date_on_sale_to":null,"total_sales":"0","tax_status":"taxable","tax_class":"parent","manage_stock":false,"stock_quantity":null,"stock_status":"instock","backorders":"no","low_stock_amount":"","sold_individually":false,"weight":"","length":"","width":"","height":"","upsell_ids":[],"cross_sell_ids":[],"parent_id":87497,"reviews_allowed":false,"purchase_note":"","attributes":{"pa_summer-products":"summer-detox-%d1%87%d0%b0%d0%b9-summer-slimfit-%d1%87%d0%b0%d0%b9-%d0%b6%d1%8a%d0%bb%d1%82%d0%b0-%d0%b1%d1%83%d1%82%d0%b8%d0%bb%d0%ba%d0%b0"},"default_attributes":[],"menu_order":1,"post_password":"","virtual":false,"downloadable":false,"category_ids":[],"tag_ids":[],"shipping_class_id":0,"downloads":[],"image_id":139017,"gallery_image_ids":[],"download_limit":-1,"download_expiry":-1,"rating_counts":[],"average_rating":0,"review_count":0,"attribute_summary":"Summer products: Summer Detox Herbata + Summer Slimfit Herbata + Butelka na herbat\u0119 (\u017b\u00f3\u0142ta)","meta_data":[{"id":284045,"key":"yst_prominent_words_version","value":"1"},{"id":284088,"key":"_gtin","value":""},{"id":284089,"key":"_variable_text_field_1","value":"Letnia paczka herbaty - 3w1 | Herbaty wspomagaj\u0105ca odchudzanie i detoksykacj\u0119 +  \u017b\u00f3\u0142ta butelka herbaty | 300 gr | WOW TEA"},{"id":284090,"key":"_variable_text_field_2","value":"Pe\u0142na transformacja cia\u0142a dzi\u0119ki Summer SlimFit i Summer Detox + Butelka z \u017c\u00f3\u0142t\u0105 herbat\u0105. We\u017c sw\u00f3j Detox SlimFit Fat Burning Tea i Butleka w zestawie ZE ZNI\u017bKA + DARMOWY PLAN \u017bYWIENIOWY. Zacznij swoj\u0105 zmian\u0119 razem z najlepszymi pomocnikami, kt\u00f3re maj\u0105 tysi\u0105cych fan\u00f3w w ca\u0142ej Europie!"},{"id":284091,"key":"_variable_text_field_3","value":""},{"id":284092,"key":"fstr-p-sub","value":""},{"id":495549,"key":"_v_label_field","value":""},{"id":722656,"key":"_sold_variation_individually","value":"no"},{"id":1805532,"key":"_ts_gtin","value":""},{"id":1805533,"key":"_ts_mpn","value":""},{"id":2007064,"key":"oms_price_updated_at","value":"2024-09-23T08:06:05.354896Z"},{"id":2007065,"key":"_old_regular_price","value":"277"},{"id":2007066,"key":"_old_sale_price","value":"194"}],"price_html":"<del aria-hidden=\"true\"><span class=\"woocommerce-Price-amount amount\"><bdi>277,00&nbsp;<span class=\"woocommerce-Price-currencySymbol\">&#122;&#322;<\/span><\/bdi><\/span><\/del> <ins><span class=\"woocommerce-Price-amount amount\"><bdi>194,00&nbsp;<span class=\"woocommerce-Price-currencySymbol\">&#122;&#322;<\/span><\/bdi><\/span><\/ins>","image":"<img width=\"600\" height=\"600\" src=\"https:\/\/testing.wowtea.eu\/pl\/files\/2024\/05\/WOWTEA-web-PP-Summer-editions-Slimfit-Upsale-slimfit-detox-bottle-600x600.png\" class=\"attachment-woocommerce_thumbnail size-woocommerce_thumbnail\" alt=\"\" loading=\"lazy\" srcset=\"https:\/\/testing.wowtea.eu\/pl\/files\/2024\/05\/WOWTEA-web-PP-Summer-editions-Slimfit-Upsale-slimfit-detox-bottle.png 600w, https:\/\/testing.wowtea.eu\/pl\/files\/2024\/05\/WOWTEA-web-PP-Summer-editions-Slimfit-Upsale-slimfit-detox-bottle-100x100.png 100w, https:\/\/testing.wowtea.eu\/pl\/files\/2024\/05\/WOWTEA-web-PP-Summer-editions-Slimfit-Upsale-slimfit-detox-bottle-45x45.png 45w, https:\/\/testing.wowtea.eu\/pl\/files\/2024\/05\/WOWTEA-web-PP-Summer-editions-Slimfit-Upsale-slimfit-detox-bottle-60x60.png 60w, https:\/\/testing.wowtea.eu\/pl\/files\/2024\/05\/WOWTEA-web-PP-Summer-editions-Slimfit-Upsale-slimfit-detox-bottle-90x90.png 90w, https:\/\/testing.wowtea.eu\/pl\/files\/2024\/05\/WOWTEA-web-PP-Summer-editions-Slimfit-Upsale-slimfit-detox-bottle-150x150.png 150w, https:\/\/testing.wowtea.eu\/pl\/files\/2024\/05\/WOWTEA-web-PP-Summer-editions-Slimfit-Upsale-slimfit-detox-bottle-300x300.png 300w\" sizes=\"(max-width: 600px) 100vw, 600px\" \/>","free_delivery":"Darmowa dostawa"},"87654":{"id":87654,"name":"Summer Detox Herbata + Summer Wellness Herbata + Butelka na herbat\u0119 (\u017b\u00f3\u0142ta)","slug":"summer-detox-%d1%87%d0%b0%d0%b9-summer-wellness-%d1%87%d0%b0%d0%b9-%d0%b6%d1%8a%d0%bb%d1%82%d0%b0-%d0%b1%d1%83%d1%82%d0%b8%d0%bb%d0%ba%d0%b0-2","date_created":{"date":"2021-06-14 15:31:06.000000","timezone_type":3,"timezone":"Europe\/Warsaw"},"date_modified":{"date":"2024-09-23 10:27:22.000000","timezone_type":3,"timezone":"Europe\/Warsaw"},"status":"publish","featured":false,"catalog_visibility":"visible","description":"","short_description":"","sku":"WOW-P-SETSWTBTY","price":"194.00","regular_price":"277","sale_price":"194.00","date_on_sale_from":null,"date_on_sale_to":null,"total_sales":"0","tax_status":"taxable","tax_class":"parent","manage_stock":false,"stock_quantity":null,"stock_status":"instock","backorders":"no","low_stock_amount":"","sold_individually":false,"weight":"","length":"","width":"","height":"","upsell_ids":[],"cross_sell_ids":[],"parent_id":87497,"reviews_allowed":false,"purchase_note":"","attributes":{"pa_summer-products":"summer-detox-%d1%87%d0%b0%d0%b9-summer-wellness-%d1%87%d0%b0%d0%b9-%d0%b6%d1%8a%d0%bb%d1%82%d0%b0-%d0%b1%d1%83%d1%82%d0%b8%d0%bb%d0%ba%d0%b0"},"default_attributes":[],"menu_order":2,"post_password":"","virtual":false,"downloadable":false,"category_ids":[],"tag_ids":[],"shipping_class_id":0,"downloads":[],"image_id":139060,"gallery_image_ids":[],"download_limit":-1,"download_expiry":-1,"rating_counts":[],"average_rating":0,"review_count":0,"attribute_summary":"Summer products: Summer Detox Herbata + Summer Wellness Herbata + Butelka na herbat\u0119 (\u017b\u00f3\u0142ta)","meta_data":[{"id":284098,"key":"_gtin","value":""},{"id":284099,"key":"_variable_text_field_1","value":"Pakiet detoks - Letnia herbata ajurwedyjska + Letnia Herbata Detox + \u017b\u00f3\u0142ta butelka herbaty | 300 gr | WOW TEA "},{"id":284100,"key":"_variable_text_field_2","value":"Pe\u0142ny detoks + Kuracja wzmacniaj\u0105ca zdrowie i odporno\u015b\u0107 Wowtea Detox oczyszcza toksyny, przyspiesza metabolizm, usuwa nadmiar wody z organizmu, wyg\u0142adza i zauwa\u017calnie odm\u0142adza sk\u00f3r\u0119. Inspirowana staro\u017cytnym systemem leczniczym ajurwedy herbata Wellness wzmacnia zdrowie i odporno\u015b\u0107, dzia\u0142a antystresowo oraz poprawia witalno\u015b\u0107 i r\u00f3wnowag\u0119."},{"id":284101,"key":"_variable_text_field_3","value":""},{"id":284102,"key":"fstr-p-sub","value":""},{"id":495550,"key":"_v_label_field","value":""},{"id":722657,"key":"_sold_variation_individually","value":"no"},{"id":1805537,"key":"_ts_gtin","value":""},{"id":1805538,"key":"_ts_mpn","value":""},{"id":2007038,"key":"oms_price_updated_at","value":"2024-09-23T08:05:37.888519Z"},{"id":2007039,"key":"_old_regular_price","value":"277"},{"id":2007040,"key":"_old_sale_price","value":"194"}],"price_html":"<del aria-hidden=\"true\"><span class=\"woocommerce-Price-amount amount\"><bdi>277,00&nbsp;<span class=\"woocommerce-Price-currencySymbol\">&#122;&#322;<\/span><\/bdi><\/span><\/del> <ins><span class=\"woocommerce-Price-amount amount\"><bdi>194,00&nbsp;<span class=\"woocommerce-Price-currencySymbol\">&#122;&#322;<\/span><\/bdi><\/span><\/ins>","image":"<img width=\"600\" height=\"600\" src=\"https:\/\/testing.wowtea.eu\/pl\/files\/2024\/05\/WOWTEA-web-PP-Summer-editions-Wellness-Upsale-wellnes-detox-bottle-600x600.png\" class=\"attachment-woocommerce_thumbnail size-woocommerce_thumbnail\" alt=\"\" loading=\"lazy\" srcset=\"https:\/\/testing.wowtea.eu\/pl\/files\/2024\/05\/WOWTEA-web-PP-Summer-editions-Wellness-Upsale-wellnes-detox-bottle.png 600w, https:\/\/testing.wowtea.eu\/pl\/files\/2024\/05\/WOWTEA-web-PP-Summer-editions-Wellness-Upsale-wellnes-detox-bottle-100x100.png 100w, https:\/\/testing.wowtea.eu\/pl\/files\/2024\/05\/WOWTEA-web-PP-Summer-editions-Wellness-Upsale-wellnes-detox-bottle-45x45.png 45w, https:\/\/testing.wowtea.eu\/pl\/files\/2024\/05\/WOWTEA-web-PP-Summer-editions-Wellness-Upsale-wellnes-detox-bottle-60x60.png 60w, https:\/\/testing.wowtea.eu\/pl\/files\/2024\/05\/WOWTEA-web-PP-Summer-editions-Wellness-Upsale-wellnes-detox-bottle-90x90.png 90w, https:\/\/testing.wowtea.eu\/pl\/files\/2024\/05\/WOWTEA-web-PP-Summer-editions-Wellness-Upsale-wellnes-detox-bottle-150x150.png 150w, https:\/\/testing.wowtea.eu\/pl\/files\/2024\/05\/WOWTEA-web-PP-Summer-editions-Wellness-Upsale-wellnes-detox-bottle-300x300.png 300w\" sizes=\"(max-width: 600px) 100vw, 600px\" \/>","free_delivery":"Darmowa dostawa"},"87539":{"id":87539,"name":"Summer SlimFit Herbata + Summer Wellness Herbata + Butelka na herbat\u0119 (\u017b\u00f3\u0142ta)","slug":"summer-slimfit-%d1%87%d0%b0%d0%b9-summer-wellness-%d1%87%d0%b0%d0%b9-%d0%b6%d1%8a%d0%bb%d1%82%d0%b0-%d0%b1%d1%83%d1%82%d0%b8%d0%bb%d0%ba%d0%b0","date_created":{"date":"2021-06-14 14:36:09.000000","timezone_type":3,"timezone":"Europe\/Warsaw"},"date_modified":{"date":"2024-09-23 10:28:26.000000","timezone_type":3,"timezone":"Europe\/Warsaw"},"status":"publish","featured":false,"catalog_visibility":"visible","description":"","short_description":"","sku":"WOW-P-SSTSWTBTY","price":"194.00","regular_price":"277","sale_price":"194.00","date_on_sale_from":null,"date_on_sale_to":null,"total_sales":"0","tax_status":"taxable","tax_class":"parent","manage_stock":false,"stock_quantity":null,"stock_status":"instock","backorders":"no","low_stock_amount":"","sold_individually":false,"weight":"","length":"","width":"","height":"","upsell_ids":[],"cross_sell_ids":[],"parent_id":87497,"reviews_allowed":false,"purchase_note":"","attributes":{"pa_summer-products":"summer-slimfit-%d1%87%d0%b0%d0%b9-summer-wellness-%d1%87%d0%b0%d0%b9-%d0%b6%d1%8a%d0%bb%d1%82%d0%b0-%d0%b1%d1%83%d1%82%d0%b8%d0%bb%d0%ba%d0%b0"},"default_attributes":[],"menu_order":3,"post_password":"","virtual":false,"downloadable":false,"category_ids":[],"tag_ids":[],"shipping_class_id":0,"downloads":[],"image_id":139092,"gallery_image_ids":[],"download_limit":0,"download_expiry":0,"rating_counts":[],"average_rating":0,"review_count":0,"attribute_summary":"Summer products: Summer SlimFit Herbata + Summer Wellness Herbata + Butelka na herbat\u0119 (\u017b\u00f3\u0142ta)","meta_data":[{"id":282779,"key":"inline_featured_image","value":""},{"id":282780,"key":"yst_prominent_words_version","value":""},{"id":282781,"key":"_wp_page_template","value":""},{"id":282782,"key":"_post_badge","value":""},{"id":282783,"key":"_post_icon_1","value":""},{"id":282784,"key":"_post_icon_2","value":""},{"id":282785,"key":"_post_icon_3","value":""},{"id":282786,"key":"_post_icon_1_text","value":""},{"id":282787,"key":"_post_icon_2_text","value":""},{"id":282788,"key":"_post_icon_3_text","value":""},{"id":282789,"key":"_yoast_wpseo_primary_product_cat","value":""},{"id":282790,"key":"_yoast_wpseo_content_score","value":""},{"id":282791,"key":"_elementor_edit_mode","value":""},{"id":282792,"key":"_elementor_template_type","value":""},{"id":282793,"key":"_elementor_version","value":""},{"id":282794,"key":"_elementor_pro_version","value":""},{"id":282795,"key":"_oembed_b8e247034018ee4812190523170f8f1c","value":""},{"id":282796,"key":"_oembed_time_b8e247034018ee4812190523170f8f1c","value":""},{"id":282797,"key":"_wapl_label_type","value":""},{"id":282798,"key":"_wapl_label_text","value":""},{"id":282799,"key":"_wapl_label_style","value":""},{"id":282800,"key":"_wapl_label_align","value":""},{"id":282801,"key":"_wapl_custom_bg_color","value":""},{"id":282802,"key":"_wapl_custom_text_color","value":""},{"id":282803,"key":"_wapl_label_exclude","value":""},{"id":282804,"key":"fstr-p-sub","value":""},{"id":282805,"key":"fstr-iskit","value":""},{"id":282806,"key":"_mollie_voucher_category","value":""},{"id":282807,"key":"_yoast_wpseo_focuskeywords","value":""},{"id":282808,"key":"_pys_super_pack_cpt_url","value":""},{"id":282809,"key":"_pys_super_pack_cpt_condition","value":""},{"id":282810,"key":"_pys_super_pack_cpt_cart","value":""},{"id":282811,"key":"_gtin","value":""},{"id":282812,"key":"_oembed_d661647b67dd8a32b998f2d0708014be","value":""},{"id":282813,"key":"_oembed_time_d661647b67dd8a32b998f2d0708014be","value":""},{"id":282814,"key":"_foodplan","value":""},{"id":282815,"key":"_homegym","value":""},{"id":282816,"key":"_yogaplan","value":""},{"id":282817,"key":"yo-title-quote","value":""},{"id":282818,"key":"yo-title-quote-second","value":""},{"id":282819,"key":"panam-video","value":""},{"id":282820,"key":"_dp_original","value":""},{"id":282821,"key":"_wp_old_date","value":""},{"id":282822,"key":"_oembed_cccd389a7668e3aa6fc32fc5cb179ea6","value":""},{"id":282823,"key":"attach_general_products","value":""},{"id":282824,"key":"_variable_text_field_1","value":""},{"id":282825,"key":"_variable_text_field_2","value":""},{"id":282826,"key":"_variable_text_field_3","value":""},{"id":495551,"key":"_v_label_field","value":"Save 20%"},{"id":722658,"key":"_sold_variation_individually","value":"no"},{"id":1805539,"key":"_ts_gtin","value":""},{"id":1805540,"key":"_ts_mpn","value":""},{"id":2007097,"key":"oms_price_updated_at","value":"2024-09-23T08:06:36.155173Z"},{"id":2007098,"key":"_old_regular_price","value":"277"},{"id":2007099,"key":"_old_sale_price","value":"194"}],"price_html":"<del aria-hidden=\"true\"><span class=\"woocommerce-Price-amount amount\"><bdi>277,00&nbsp;<span class=\"woocommerce-Price-currencySymbol\">&#122;&#322;<\/span><\/bdi><\/span><\/del> <ins><span class=\"woocommerce-Price-amount amount\"><bdi>194,00&nbsp;<span class=\"woocommerce-Price-currencySymbol\">&#122;&#322;<\/span><\/bdi><\/span><\/ins>","image":"<img width=\"600\" height=\"600\" src=\"https:\/\/testing.wowtea.eu\/pl\/files\/2021\/06\/WOWTEA-web-Shop-Summer-editions-love-your-summer-body-wellness-slimfit-600x600.png\" class=\"attachment-woocommerce_thumbnail size-woocommerce_thumbnail\" alt=\"\" loading=\"lazy\" srcset=\"https:\/\/testing.wowtea.eu\/pl\/files\/2021\/06\/WOWTEA-web-Shop-Summer-editions-love-your-summer-body-wellness-slimfit.png 600w, https:\/\/testing.wowtea.eu\/pl\/files\/2021\/06\/WOWTEA-web-Shop-Summer-editions-love-your-summer-body-wellness-slimfit-100x100.png 100w, https:\/\/testing.wowtea.eu\/pl\/files\/2021\/06\/WOWTEA-web-Shop-Summer-editions-love-your-summer-body-wellness-slimfit-45x45.png 45w, https:\/\/testing.wowtea.eu\/pl\/files\/2021\/06\/WOWTEA-web-Shop-Summer-editions-love-your-summer-body-wellness-slimfit-60x60.png 60w, https:\/\/testing.wowtea.eu\/pl\/files\/2021\/06\/WOWTEA-web-Shop-Summer-editions-love-your-summer-body-wellness-slimfit-90x90.png 90w, https:\/\/testing.wowtea.eu\/pl\/files\/2021\/06\/WOWTEA-web-Shop-Summer-editions-love-your-summer-body-wellness-slimfit-150x150.png 150w, https:\/\/testing.wowtea.eu\/pl\/files\/2021\/06\/WOWTEA-web-Shop-Summer-editions-love-your-summer-body-wellness-slimfit-300x300.png 300w\" sizes=\"(max-width: 600px) 100vw, 600px\" \/>","free_delivery":"Darmowa dostawa"}},"free_delivery":false,"currency_name":"&#122;&#322;","_links":{"self":[{"href":"https:\/\/testing.wowtea.eu\/pl\/wp-json\/wp\/v2\/product\/87497"}],"collection":[{"href":"https:\/\/testing.wowtea.eu\/pl\/wp-json\/wp\/v2\/product"}],"about":[{"href":"https:\/\/testing.wowtea.eu\/pl\/wp-json\/wp\/v2\/types\/product"}],"replies":[{"embeddable":true,"href":"https:\/\/testing.wowtea.eu\/pl\/wp-json\/wp\/v2\/comments?post=87497"}],"version-history":[{"count":0,"href":"https:\/\/testing.wowtea.eu\/pl\/wp-json\/wp\/v2\/product\/87497\/revisions"}],"wp:featuredmedia":[{"embeddable":true,"href":"https:\/\/testing.wowtea.eu\/pl\/wp-json\/wp\/v2\/media\/139017"}],"wp:attachment":[{"href":"https:\/\/testing.wowtea.eu\/pl\/wp-json\/wp\/v2\/media?parent=87497"}],"wp:term":[{"taxonomy":"product_cat","embeddable":true,"href":"https:\/\/testing.wowtea.eu\/pl\/wp-json\/wp\/v2\/product_cat?post=87497"},{"taxonomy":"product_tag","embeddable":true,"href":"https:\/\/testing.wowtea.eu\/pl\/wp-json\/wp\/v2\/product_tag?post=87497"}],"curies":[{"name":"wp","href":"https:\/\/api.w.org\/{rel}","templated":true}]}}