{"id":73962,"date":"2020-11-09T11:23:39","date_gmt":"2020-11-09T09:23:39","guid":{"rendered":"https:\/\/testing.wowtea.eu\/pt\/?page_id=73962"},"modified":"2021-12-16T11:48:48","modified_gmt":"2021-12-16T09:48:48","slug":"blog","status":"publish","type":"page","link":"https:\/\/testing.wowtea.eu\/pt\/blog\/","title":{"rendered":"Blog"},"content":{"rendered":"\t\t<div data-elementor-type=\"wp-page\" data-elementor-id=\"73962\" class=\"elementor elementor-73962\">\n\t\t\t\t\t\t<div class=\"elementor-inner\">\n\t\t\t\t<div class=\"elementor-section-wrap\">\n\t\t\t\t\t\t\t\t\t<section class=\"elementor-section elementor-top-section elementor-element elementor-element-9580c3c elementor-section-boxed elementor-section-height-default elementor-section-height-default\" data-id=\"9580c3c\" data-element_type=\"section\">\n\t\t\t\t\t\t<div class=\"elementor-container elementor-column-gap-default\">\n\t\t\t\t\t\t\t<div class=\"elementor-row\">\n\t\t\t\t\t\t\t\t\t<\/div>\n\t\t\t\t\t<\/div>\n\t\t<\/section>\n\t\t\t\t<section class=\"elementor-section elementor-top-section elementor-element elementor-element-a9aee8c elementor-section-height-min-height elementor-section-boxed elementor-section-height-default elementor-section-items-middle\" data-id=\"a9aee8c\" data-element_type=\"section\" data-settings=\"{&quot;background_background&quot;:&quot;classic&quot;}\">\n\t\t\t\t\t\t<div class=\"elementor-container elementor-column-gap-default\">\n\t\t\t\t\t\t\t<div class=\"elementor-row\">\n\t\t\t\t\t\t\t\t\t<\/div>\n\t\t\t\t\t<\/div>\n\t\t<\/section>\n\t\t\t\t<section class=\"elementor-section elementor-top-section elementor-element elementor-element-db3accb elementor-section-boxed elementor-section-height-default elementor-section-height-default\" data-id=\"db3accb\" data-element_type=\"section\">\n\t\t\t\t\t\t<div class=\"elementor-container elementor-column-gap-default\">\n\t\t\t\t\t\t\t<div class=\"elementor-row\">\n\t\t\t\t\t<div class=\"elementor-column elementor-col-50 elementor-top-column elementor-element elementor-element-f13b194 elementor-hidden-tablet elementor-hidden-phone\" data-id=\"f13b194\" data-element_type=\"column\">\n\t\t\t<div class=\"elementor-column-wrap elementor-element-populated\">\n\t\t\t\t\t\t\t<div class=\"elementor-widget-wrap\">\n\t\t\t\t\t\t<div class=\"elementor-element elementor-element-df509f8 elementor-widget elementor-widget-sidebar\" data-id=\"df509f8\" data-element_type=\"widget\" id=\"blog-sidebar\" data-widget_type=\"sidebar.default\">\n\t\t\t\t<div class=\"elementor-widget-container\">\n\t\t\t<aside id=\"categories-2\" class=\"widget widget_categories\"><h1 class=\"widget-title\">Categorias<\/h1>\n\t\t\t<ul>\n\t\t\t\t\t<li class=\"cat-item cat-item-30\"><a href=\"https:\/\/testing.wowtea.eu\/pt\/blog\/category\/detox\/\">Get cleansed<\/a>\n<\/li>\n\t<li class=\"cat-item cat-item-25\"><a href=\"https:\/\/testing.wowtea.eu\/pt\/blog\/category\/slimfit\/\">Get slim<\/a>\n<\/li>\n\t\t\t<\/ul>\n\n\t\t\t<\/aside><aside id=\"rpwe_widget-2\" class=\"widget rpwe_widget recent-posts-extended\"><style>.rpwe-block ul{\r\nlist-style: none !important;\r\nmargin-left: 0 !important;\r\npadding-left: 0 !important;\r\n}\r\n\r\n.rpwe-block li{\r\nborder-bottom: 1px solid #eee;\r\nmargin-bottom: 10px;\r\npadding-bottom: 10px;\r\nlist-style-type: none;\r\n}\r\n\r\n.rpwe-block a{\r\ndisplay: inline !important;\r\ntext-decoration: none;\r\n}\r\n\r\n.rpwe-block h3{\r\nbackground: none !important;\r\npadding-right:5px;\r\nfont-weight: 400!important;\r\nfont-size: 12px !important;\r\nline-height: 1.5em;\r\n}\r\n\r\n.rpwe-thumb{\r\nborder: 1px solid #eee !important;\r\nbox-shadow: none !important;\r\nmargin: 2px 10px 2px 0;\r\npadding: 0px !important;\r\nmargin-left: 15px;\r\n}\r\n\r\n.rpwe-summary{\r\nfont-size: 12px;\r\n}\r\n\r\n.rpwe-time{\r\ncolor: #bbb;\r\nfont-size: 11px;\r\n}\r\n\r\n.rpwe-comment{\r\ncolor: #bbb;\r\nfont-size: 11px;\r\npadding-left: 5px;\r\n}\r\n\r\n.rpwe-alignleft{\r\ndisplay: inline;\r\nfloat: left;\r\n}\r\n\r\n.rpwe-alignright{\r\ndisplay: inline;\r\nfloat: right;\r\n}\r\n\r\n.rpwe-aligncenter{\r\ndisplay: block;\r\nmargin-left: auto;\r\nmargin-right: auto;\r\n}\r\n\r\n.rpwe-clearfix:before,\r\n.rpwe-clearfix:after{\r\ncontent: &quot;&quot;;\r\ndisplay: table !important;\r\n}\r\n\r\n.rpwe-clearfix:after{\r\nclear: both;\r\n}\r\n\r\n.rpwe-clearfix{\r\nzoom: 1;\r\n}\r\n.rpwe-ul {\r\ntext-align:right!important;\r\n}\r\n .rpwe-title a{\r\n    color: rgba(0,0,0,.9);\r\n    background: none !important;\r\n    padding-right: 5px;\r\n    font-weight: 400!important;\r\n    font-size: 12px !important;\r\n    line-height: 1.5em;\r\n}\r\n\r\n#rpwe_widget-2 .widget-title {\r\n    float: right!important;\r\n    font-weight: 400!important;\r\n    margin-bottom: 20px!important;\r\n    margin-top: 20px!important;\r\n}\r\n#categories-2 .widget-title{\r\n    \r\n    font-weight: 400!important;\r\n    margin-bottom: 5px!important;\r\n}\r\n#categories-2 {\r\n    float:right;\r\n}\r\n#categories-2 ul{\r\n    float:right;\r\n}<\/style><h1 class=\"widget-title\">Mais recentes<\/h1><div  class=\"rpwe-block\"><ul class=\"rpwe-ul\"><li class=\"rpwe-li rpwe-clearfix\"><a class=\"rpwe-img\" href=\"https:\/\/testing.wowtea.eu\/pt\/blog\/uma-maneira-facil-de-voltar-a-forma-depois-de-um-verao-cheio-de-pecados\/\" target=\"_self\"><img class=\"rpwe-alignright rpwe-thumb\" src=\"https:\/\/testing.wowtea.eu\/pt\/files\/2022\/09\/BACK-TO-SHAPE-PT-60x60.jpg\" alt=\"Uma maneira f\u00e1cil de voltar \u00e0 forma depois de um ver\u00e3o cheio de pecados\" height=\"60\" width=\"60\" loading=\"lazy\" decoding=\"async\"><\/a><h3 class=\"rpwe-title\"><a href=\"https:\/\/testing.wowtea.eu\/pt\/blog\/uma-maneira-facil-de-voltar-a-forma-depois-de-um-verao-cheio-de-pecados\/\" target=\"_self\">Uma maneira f\u00e1cil de voltar \u00e0 forma depois de um ver\u00e3o cheio de pecados<\/a><\/h3><\/li><li class=\"rpwe-li rpwe-clearfix\"><a class=\"rpwe-img\" href=\"https:\/\/testing.wowtea.eu\/pt\/blog\/5-truques-para-ficar-em-forma-depois-do-verao\/\" target=\"_self\"><img class=\"rpwe-alignright rpwe-thumb\" src=\"https:\/\/testing.wowtea.eu\/pt\/files\/2022\/09\/articles-banners-wow-blog-cover-5-hacks-to-get-back-in-shape-PT-60x60.jpg\" alt=\"5 truques para ficar em forma depois do ver\u00e3o\" height=\"60\" width=\"60\" loading=\"lazy\" decoding=\"async\"><\/a><h3 class=\"rpwe-title\"><a href=\"https:\/\/testing.wowtea.eu\/pt\/blog\/5-truques-para-ficar-em-forma-depois-do-verao\/\" target=\"_self\">5 truques para ficar em forma depois do ver\u00e3o<\/a><\/h3><\/li><li class=\"rpwe-li rpwe-clearfix\"><a class=\"rpwe-img\" href=\"https:\/\/testing.wowtea.eu\/pt\/blog\/5-dicas-para-desintoxicar-o-seu-corpo-apos-as-ferias-de-verao\/\" target=\"_self\"><img class=\"rpwe-alignright rpwe-thumb\" src=\"https:\/\/testing.wowtea.eu\/pt\/files\/2022\/09\/articles-banners-wow-blog-cover-5-detox-tips-PT-60x60.jpg\" alt=\"5 dicas para desintoxicar o seu corpo ap\u00f3s as f\u00e9rias de ver\u00e3o\" height=\"60\" width=\"60\" loading=\"lazy\" decoding=\"async\"><\/a><h3 class=\"rpwe-title\"><a href=\"https:\/\/testing.wowtea.eu\/pt\/blog\/5-dicas-para-desintoxicar-o-seu-corpo-apos-as-ferias-de-verao\/\" target=\"_self\">5 dicas para desintoxicar o seu corpo ap\u00f3s as f\u00e9rias de ver\u00e3o<\/a><\/h3><\/li><li class=\"rpwe-li rpwe-clearfix\"><a class=\"rpwe-img\" href=\"https:\/\/testing.wowtea.eu\/pt\/blog\/emagrecer-com-cha\/\" target=\"_self\"><img class=\"rpwe-alignright rpwe-thumb\" src=\"https:\/\/testing.wowtea.eu\/pt\/files\/2022\/02\/articles-banners-blog-Slimming-with-tea-pt-60x60.png\" alt=\"Emagrecer com ch\u00e1?\" height=\"60\" width=\"60\" loading=\"lazy\" decoding=\"async\"><\/a><h3 class=\"rpwe-title\"><a href=\"https:\/\/testing.wowtea.eu\/pt\/blog\/emagrecer-com-cha\/\" target=\"_self\">Emagrecer com ch\u00e1?<\/a><\/h3><\/li><\/ul><\/div><!-- Generated by http:\/\/wordpress.org\/plugins\/recent-posts-widget-extended\/ --><\/aside>\t\t<\/div>\n\t\t\t\t<\/div>\n\t\t\t\t\t\t<\/div>\n\t\t\t\t\t<\/div>\n\t\t<\/div>\n\t\t\t\t<div class=\"elementor-column elementor-col-50 elementor-top-column elementor-element elementor-element-e8682d8\" data-id=\"e8682d8\" data-element_type=\"column\">\n\t\t\t<div class=\"elementor-column-wrap elementor-element-populated\">\n\t\t\t\t\t\t\t<div class=\"elementor-widget-wrap\">\n\t\t\t\t\t\t<div class=\"elementor-element elementor-element-3c33581 elementor-grid-1 elementor-posts--align-center elementor-posts__hover-none elementor-grid-tablet-2 elementor-grid-mobile-1 elementor-posts--thumbnail-top elementor-widget elementor-widget-posts\" data-id=\"3c33581\" data-element_type=\"widget\" data-settings=\"{&quot;cards_columns&quot;:&quot;1&quot;,&quot;cards_row_gap&quot;:{&quot;unit&quot;:&quot;px&quot;,&quot;size&quot;:0,&quot;sizes&quot;:[]},&quot;cards_columns_tablet&quot;:&quot;2&quot;,&quot;cards_columns_mobile&quot;:&quot;1&quot;,&quot;cards_row_gap_tablet&quot;:{&quot;unit&quot;:&quot;px&quot;,&quot;size&quot;:&quot;&quot;,&quot;sizes&quot;:[]},&quot;cards_row_gap_mobile&quot;:{&quot;unit&quot;:&quot;px&quot;,&quot;size&quot;:&quot;&quot;,&quot;sizes&quot;:[]}}\" data-widget_type=\"posts.cards\">\n\t\t\t\t<div class=\"elementor-widget-container\">\n\t\t\t\t\t<div class=\"elementor-posts-container elementor-posts elementor-posts--skin-cards elementor-grid\">\n\t\t\t\t<article class=\"elementor-post elementor-grid-item post-137511 post type-post status-publish format-standard has-post-thumbnail hentry category-slimfit\">\n\t\t\t<div class=\"elementor-post__card\">\n\t\t\t\t<a class=\"elementor-post__thumbnail__link\" href=\"https:\/\/testing.wowtea.eu\/pt\/blog\/uma-maneira-facil-de-voltar-a-forma-depois-de-um-verao-cheio-de-pecados\/\" ><div class=\"elementor-post__thumbnail\"><img width=\"1110\" height=\"623\" src=\"https:\/\/testing.wowtea.eu\/pt\/files\/2022\/09\/BACK-TO-SHAPE-PT.jpg\" class=\"attachment-1536x1536 size-1536x1536 wp-image-137512\" alt=\"\" loading=\"lazy\" srcset=\"https:\/\/testing.wowtea.eu\/pt\/files\/2022\/09\/BACK-TO-SHAPE-PT.jpg 1110w, https:\/\/testing.wowtea.eu\/pt\/files\/2022\/09\/BACK-TO-SHAPE-PT-300x168.jpg 300w, https:\/\/testing.wowtea.eu\/pt\/files\/2022\/09\/BACK-TO-SHAPE-PT-1024x575.jpg 1024w, https:\/\/testing.wowtea.eu\/pt\/files\/2022\/09\/BACK-TO-SHAPE-PT-768x431.jpg 768w, https:\/\/testing.wowtea.eu\/pt\/files\/2022\/09\/BACK-TO-SHAPE-PT-100x56.jpg 100w, https:\/\/testing.wowtea.eu\/pt\/files\/2022\/09\/BACK-TO-SHAPE-PT-600x337.jpg 600w\" sizes=\"(max-width: 1110px) 100vw, 1110px\" \/><\/div><\/a>\n\t\t\t\t<div class=\"elementor-post__badge\">Get slim<\/div>\n\t\t\t\t<div class=\"elementor-post__text\">\n\t\t\t\t<h3 class=\"elementor-post__title\">\n\t\t\t<a href=\"https:\/\/testing.wowtea.eu\/pt\/blog\/uma-maneira-facil-de-voltar-a-forma-depois-de-um-verao-cheio-de-pecados\/\" >\n\t\t\t\tUma maneira f\u00e1cil de voltar \u00e0 forma depois de um ver\u00e3o cheio de pecados\t\t\t<\/a>\n\t\t<\/h3>\n\t\t\t\t<div class=\"elementor-post__excerpt\">\n\t\t\t<p>Aqui est\u00e1 uma hist\u00f3ria. Rebobine exatamente um ano. Era setembro. O ver\u00e3o acabou e com ele, acabou a minha boa forma anterior. Soa familiar? Aposto<\/p>\n\t\t<\/div>\n\t\t\n\t\t<a class=\"elementor-post__read-more\" href=\"https:\/\/testing.wowtea.eu\/pt\/blog\/uma-maneira-facil-de-voltar-a-forma-depois-de-um-verao-cheio-de-pecados\/\" aria-label=\"Read more about Uma maneira f\u00e1cil de voltar \u00e0 forma depois de um ver\u00e3o cheio de pecados\" >\n\t\t\t<p class=\"readmorebutton\">Mais informa\u00e7\u00f5es \u00bb<\/p>\t\t<\/a>\n\n\t\t\t\t<\/div>\n\t\t\t\t\t<\/div>\n\t\t<\/article>\n\t\t\t\t<article class=\"elementor-post elementor-grid-item post-137403 post type-post status-publish format-standard has-post-thumbnail hentry category-slimfit\">\n\t\t\t<div class=\"elementor-post__card\">\n\t\t\t\t<a class=\"elementor-post__thumbnail__link\" href=\"https:\/\/testing.wowtea.eu\/pt\/blog\/5-truques-para-ficar-em-forma-depois-do-verao\/\" ><div class=\"elementor-post__thumbnail\"><img width=\"1110\" height=\"623\" src=\"https:\/\/testing.wowtea.eu\/pt\/files\/2022\/09\/articles-banners-wow-blog-cover-5-hacks-to-get-back-in-shape-PT.jpg\" class=\"attachment-1536x1536 size-1536x1536 wp-image-137528\" alt=\"\" loading=\"lazy\" srcset=\"https:\/\/testing.wowtea.eu\/pt\/files\/2022\/09\/articles-banners-wow-blog-cover-5-hacks-to-get-back-in-shape-PT.jpg 1110w, https:\/\/testing.wowtea.eu\/pt\/files\/2022\/09\/articles-banners-wow-blog-cover-5-hacks-to-get-back-in-shape-PT-300x168.jpg 300w, https:\/\/testing.wowtea.eu\/pt\/files\/2022\/09\/articles-banners-wow-blog-cover-5-hacks-to-get-back-in-shape-PT-1024x575.jpg 1024w, https:\/\/testing.wowtea.eu\/pt\/files\/2022\/09\/articles-banners-wow-blog-cover-5-hacks-to-get-back-in-shape-PT-768x431.jpg 768w, https:\/\/testing.wowtea.eu\/pt\/files\/2022\/09\/articles-banners-wow-blog-cover-5-hacks-to-get-back-in-shape-PT-100x56.jpg 100w, https:\/\/testing.wowtea.eu\/pt\/files\/2022\/09\/articles-banners-wow-blog-cover-5-hacks-to-get-back-in-shape-PT-600x337.jpg 600w\" sizes=\"(max-width: 1110px) 100vw, 1110px\" \/><\/div><\/a>\n\t\t\t\t<div class=\"elementor-post__badge\">Get slim<\/div>\n\t\t\t\t<div class=\"elementor-post__text\">\n\t\t\t\t<h3 class=\"elementor-post__title\">\n\t\t\t<a href=\"https:\/\/testing.wowtea.eu\/pt\/blog\/5-truques-para-ficar-em-forma-depois-do-verao\/\" >\n\t\t\t\t5 truques para ficar em forma depois do ver\u00e3o\t\t\t<\/a>\n\t\t<\/h3>\n\t\t\t\t<div class=\"elementor-post__excerpt\">\n\t\t\t<p>Como entrar em forma depois das f\u00e9rias de ver\u00e3o? Esse \u00e9 o momento certo para mudar. O melhor m\u00e9todo para rejuvenescer a mente e o<\/p>\n\t\t<\/div>\n\t\t\n\t\t<a class=\"elementor-post__read-more\" href=\"https:\/\/testing.wowtea.eu\/pt\/blog\/5-truques-para-ficar-em-forma-depois-do-verao\/\" aria-label=\"Read more about 5 truques para ficar em forma depois do ver\u00e3o\" >\n\t\t\t<p class=\"readmorebutton\">Mais informa\u00e7\u00f5es \u00bb<\/p>\t\t<\/a>\n\n\t\t\t\t<\/div>\n\t\t\t\t\t<\/div>\n\t\t<\/article>\n\t\t\t\t<article class=\"elementor-post elementor-grid-item post-137388 post type-post status-publish format-standard has-post-thumbnail hentry category-slimfit\">\n\t\t\t<div class=\"elementor-post__card\">\n\t\t\t\t<a class=\"elementor-post__thumbnail__link\" href=\"https:\/\/testing.wowtea.eu\/pt\/blog\/5-dicas-para-desintoxicar-o-seu-corpo-apos-as-ferias-de-verao\/\" ><div class=\"elementor-post__thumbnail\"><img width=\"1110\" height=\"623\" src=\"https:\/\/testing.wowtea.eu\/pt\/files\/2022\/09\/articles-banners-wow-blog-cover-5-detox-tips-PT.jpg\" class=\"attachment-1536x1536 size-1536x1536 wp-image-137530\" alt=\"\" loading=\"lazy\" srcset=\"https:\/\/testing.wowtea.eu\/pt\/files\/2022\/09\/articles-banners-wow-blog-cover-5-detox-tips-PT.jpg 1110w, https:\/\/testing.wowtea.eu\/pt\/files\/2022\/09\/articles-banners-wow-blog-cover-5-detox-tips-PT-300x168.jpg 300w, https:\/\/testing.wowtea.eu\/pt\/files\/2022\/09\/articles-banners-wow-blog-cover-5-detox-tips-PT-1024x575.jpg 1024w, https:\/\/testing.wowtea.eu\/pt\/files\/2022\/09\/articles-banners-wow-blog-cover-5-detox-tips-PT-768x431.jpg 768w, https:\/\/testing.wowtea.eu\/pt\/files\/2022\/09\/articles-banners-wow-blog-cover-5-detox-tips-PT-100x56.jpg 100w, https:\/\/testing.wowtea.eu\/pt\/files\/2022\/09\/articles-banners-wow-blog-cover-5-detox-tips-PT-600x337.jpg 600w\" sizes=\"(max-width: 1110px) 100vw, 1110px\" \/><\/div><\/a>\n\t\t\t\t<div class=\"elementor-post__badge\">Get slim<\/div>\n\t\t\t\t<div class=\"elementor-post__text\">\n\t\t\t\t<h3 class=\"elementor-post__title\">\n\t\t\t<a href=\"https:\/\/testing.wowtea.eu\/pt\/blog\/5-dicas-para-desintoxicar-o-seu-corpo-apos-as-ferias-de-verao\/\" >\n\t\t\t\t5 dicas para desintoxicar o seu corpo ap\u00f3s as f\u00e9rias de ver\u00e3o\t\t\t<\/a>\n\t\t<\/h3>\n\t\t\t\t<div class=\"elementor-post__excerpt\">\n\t\t\t<p>Pronta para emagrecer e desintoxicar? Temos aqui o que precisa! Todos n\u00f3s gostamos das f\u00e9rias de ver\u00e3o, e elas podem ser maravilhosas para refrescar a<\/p>\n\t\t<\/div>\n\t\t\n\t\t<a class=\"elementor-post__read-more\" href=\"https:\/\/testing.wowtea.eu\/pt\/blog\/5-dicas-para-desintoxicar-o-seu-corpo-apos-as-ferias-de-verao\/\" aria-label=\"Read more about 5 dicas para desintoxicar o seu corpo ap\u00f3s as f\u00e9rias de ver\u00e3o\" >\n\t\t\t<p class=\"readmorebutton\">Mais informa\u00e7\u00f5es \u00bb<\/p>\t\t<\/a>\n\n\t\t\t\t<\/div>\n\t\t\t\t\t<\/div>\n\t\t<\/article>\n\t\t\t\t<article class=\"elementor-post elementor-grid-item post-122245 post type-post status-publish format-standard has-post-thumbnail hentry category-detox\">\n\t\t\t<div class=\"elementor-post__card\">\n\t\t\t\t<a class=\"elementor-post__thumbnail__link\" href=\"https:\/\/testing.wowtea.eu\/pt\/blog\/emagrecer-com-cha\/\" ><div class=\"elementor-post__thumbnail\"><img width=\"1110\" height=\"623\" src=\"https:\/\/testing.wowtea.eu\/pt\/files\/2022\/02\/articles-banners-blog-Slimming-with-tea-pt.png\" class=\"attachment-1536x1536 size-1536x1536 wp-image-122246\" alt=\"\" loading=\"lazy\" srcset=\"https:\/\/testing.wowtea.eu\/pt\/files\/2022\/02\/articles-banners-blog-Slimming-with-tea-pt.png 1110w, https:\/\/testing.wowtea.eu\/pt\/files\/2022\/02\/articles-banners-blog-Slimming-with-tea-pt-300x168.png 300w, https:\/\/testing.wowtea.eu\/pt\/files\/2022\/02\/articles-banners-blog-Slimming-with-tea-pt-1024x575.png 1024w, https:\/\/testing.wowtea.eu\/pt\/files\/2022\/02\/articles-banners-blog-Slimming-with-tea-pt-768x431.png 768w, https:\/\/testing.wowtea.eu\/pt\/files\/2022\/02\/articles-banners-blog-Slimming-with-tea-pt-100x56.png 100w, https:\/\/testing.wowtea.eu\/pt\/files\/2022\/02\/articles-banners-blog-Slimming-with-tea-pt-600x337.png 600w\" sizes=\"(max-width: 1110px) 100vw, 1110px\" \/><\/div><\/a>\n\t\t\t\t<div class=\"elementor-post__badge\">Get cleansed<\/div>\n\t\t\t\t<div class=\"elementor-post__text\">\n\t\t\t\t<h3 class=\"elementor-post__title\">\n\t\t\t<a href=\"https:\/\/testing.wowtea.eu\/pt\/blog\/emagrecer-com-cha\/\" >\n\t\t\t\tEmagrecer com ch\u00e1?\t\t\t<\/a>\n\t\t<\/h3>\n\t\t\t\t<div class=\"elementor-post__excerpt\">\n\t\t\t<p>Na procura de um corpo tonificado, vamos sempre tentar primeiro os m\u00e9todos mais populares. Mas quando a nossa for\u00e7a de vontade diminui e lentamente come\u00e7amos<\/p>\n\t\t<\/div>\n\t\t\n\t\t<a class=\"elementor-post__read-more\" href=\"https:\/\/testing.wowtea.eu\/pt\/blog\/emagrecer-com-cha\/\" aria-label=\"Read more about Emagrecer com ch\u00e1?\" >\n\t\t\t<p class=\"readmorebutton\">Mais informa\u00e7\u00f5es \u00bb<\/p>\t\t<\/a>\n\n\t\t\t\t<\/div>\n\t\t\t\t\t<\/div>\n\t\t<\/article>\n\t\t\t\t<article class=\"elementor-post elementor-grid-item post-118972 post type-post status-publish format-standard has-post-thumbnail hentry category-detox\">\n\t\t\t<div class=\"elementor-post__card\">\n\t\t\t\t<a class=\"elementor-post__thumbnail__link\" href=\"https:\/\/testing.wowtea.eu\/pt\/blog\/detox-a-longo-ou-a-curto-prazo\/\" ><div class=\"elementor-post__thumbnail\"><img width=\"1110\" height=\"623\" src=\"https:\/\/testing.wowtea.eu\/pt\/files\/2021\/12\/articles-banners-blog-Deto-Go-Long-Or-Go-Short-pt-1.png\" class=\"attachment-1536x1536 size-1536x1536 wp-image-120583\" alt=\"\" loading=\"lazy\" srcset=\"https:\/\/testing.wowtea.eu\/pt\/files\/2021\/12\/articles-banners-blog-Deto-Go-Long-Or-Go-Short-pt-1.png 1110w, https:\/\/testing.wowtea.eu\/pt\/files\/2021\/12\/articles-banners-blog-Deto-Go-Long-Or-Go-Short-pt-1-300x168.png 300w, https:\/\/testing.wowtea.eu\/pt\/files\/2021\/12\/articles-banners-blog-Deto-Go-Long-Or-Go-Short-pt-1-1024x575.png 1024w, https:\/\/testing.wowtea.eu\/pt\/files\/2021\/12\/articles-banners-blog-Deto-Go-Long-Or-Go-Short-pt-1-768x431.png 768w, https:\/\/testing.wowtea.eu\/pt\/files\/2021\/12\/articles-banners-blog-Deto-Go-Long-Or-Go-Short-pt-1-100x56.png 100w, https:\/\/testing.wowtea.eu\/pt\/files\/2021\/12\/articles-banners-blog-Deto-Go-Long-Or-Go-Short-pt-1-600x337.png 600w\" sizes=\"(max-width: 1110px) 100vw, 1110px\" \/><\/div><\/a>\n\t\t\t\t<div class=\"elementor-post__badge\">Get cleansed<\/div>\n\t\t\t\t<div class=\"elementor-post__text\">\n\t\t\t\t<h3 class=\"elementor-post__title\">\n\t\t\t<a href=\"https:\/\/testing.wowtea.eu\/pt\/blog\/detox-a-longo-ou-a-curto-prazo\/\" >\n\t\t\t\tDetox \u2013 a longo ou a curto prazo?\t\t\t<\/a>\n\t\t<\/h3>\n\t\t\t\t<div class=\"elementor-post__excerpt\">\n\t\t\t<p>Da alcaliniza\u00e7\u00e3o e rejuvenescimento at\u00e9 ao n\u00edvel celular, do metabolismo mais r\u00e1pido \u00e0 transforma\u00e7\u00e3o total &#8211; a desintoxica\u00e7\u00e3o pode fazer maravilhas pela nossa beleza e<\/p>\n\t\t<\/div>\n\t\t\n\t\t<a class=\"elementor-post__read-more\" href=\"https:\/\/testing.wowtea.eu\/pt\/blog\/detox-a-longo-ou-a-curto-prazo\/\" aria-label=\"Read more about Detox \u2013 a longo ou a curto prazo?\" >\n\t\t\t<p class=\"readmorebutton\">Mais informa\u00e7\u00f5es \u00bb<\/p>\t\t<\/a>\n\n\t\t\t\t<\/div>\n\t\t\t\t\t<\/div>\n\t\t<\/article>\n\t\t\t\t<article class=\"elementor-post elementor-grid-item post-117405 post type-post status-publish format-standard has-post-thumbnail hentry category-detox\">\n\t\t\t<div class=\"elementor-post__card\">\n\t\t\t\t<a class=\"elementor-post__thumbnail__link\" href=\"https:\/\/testing.wowtea.eu\/pt\/blog\/menta-melhora-a-saude-e-a-beleza\/\" ><div class=\"elementor-post__thumbnail\"><img width=\"1110\" height=\"623\" src=\"https:\/\/testing.wowtea.eu\/pt\/files\/2021\/11\/articles-banners-blog-MINT-2021-PT.jpg\" class=\"attachment-1536x1536 size-1536x1536 wp-image-117420\" alt=\"\" loading=\"lazy\" srcset=\"https:\/\/testing.wowtea.eu\/pt\/files\/2021\/11\/articles-banners-blog-MINT-2021-PT.jpg 1110w, https:\/\/testing.wowtea.eu\/pt\/files\/2021\/11\/articles-banners-blog-MINT-2021-PT-300x168.jpg 300w, https:\/\/testing.wowtea.eu\/pt\/files\/2021\/11\/articles-banners-blog-MINT-2021-PT-1024x575.jpg 1024w, https:\/\/testing.wowtea.eu\/pt\/files\/2021\/11\/articles-banners-blog-MINT-2021-PT-768x431.jpg 768w, https:\/\/testing.wowtea.eu\/pt\/files\/2021\/11\/articles-banners-blog-MINT-2021-PT-100x56.jpg 100w, https:\/\/testing.wowtea.eu\/pt\/files\/2021\/11\/articles-banners-blog-MINT-2021-PT-600x337.jpg 600w\" sizes=\"(max-width: 1110px) 100vw, 1110px\" \/><\/div><\/a>\n\t\t\t\t<div class=\"elementor-post__badge\">Get cleansed<\/div>\n\t\t\t\t<div class=\"elementor-post__text\">\n\t\t\t\t<h3 class=\"elementor-post__title\">\n\t\t\t<a href=\"https:\/\/testing.wowtea.eu\/pt\/blog\/menta-melhora-a-saude-e-a-beleza\/\" >\n\t\t\t\tMenta &#8211; melhora a sa\u00fade e a beleza.\t\t\t<\/a>\n\t\t<\/h3>\n\t\t\t\t<div class=\"elementor-post__excerpt\">\n\t\t\t<p>Chamada a Deusa das Ervas por uma Raz\u00e3o! Elogiada por antigas tradi\u00e7\u00f5es pelas suas imensas habilidades para melhorar a sa\u00fade, rejuvenescer a pele e manter<\/p>\n\t\t<\/div>\n\t\t\n\t\t<a class=\"elementor-post__read-more\" href=\"https:\/\/testing.wowtea.eu\/pt\/blog\/menta-melhora-a-saude-e-a-beleza\/\" aria-label=\"Read more about Menta &#8211; melhora a sa\u00fade e a beleza.\" >\n\t\t\t<p class=\"readmorebutton\">Mais informa\u00e7\u00f5es \u00bb<\/p>\t\t<\/a>\n\n\t\t\t\t<\/div>\n\t\t\t\t\t<\/div>\n\t\t<\/article>\n\t\t\t\t<\/div>\n\t\t\n\t\t\t\t<\/div>\n\t\t\t\t<\/div>\n\t\t\t\t\t\t<\/div>\n\t\t\t\t\t<\/div>\n\t\t<\/div>\n\t\t\t\t\t\t\t\t<\/div>\n\t\t\t\t\t<\/div>\n\t\t<\/section>\n\t\t\t\t\t\t\t\t\t<\/div>\n\t\t\t<\/div>\n\t\t\t\t\t<\/div>\n\t\t","protected":false},"excerpt":{"rendered":"","protected":false},"author":56,"featured_media":0,"parent":0,"menu_order":0,"comment_status":"closed","ping_status":"closed","template":"","meta":{"inline_featured_image":false},"acf":[],"_links":{"self":[{"href":"https:\/\/testing.wowtea.eu\/pt\/wp-json\/wp\/v2\/pages\/73962"}],"collection":[{"href":"https:\/\/testing.wowtea.eu\/pt\/wp-json\/wp\/v2\/pages"}],"about":[{"href":"https:\/\/testing.wowtea.eu\/pt\/wp-json\/wp\/v2\/types\/page"}],"author":[{"embeddable":true,"href":"https:\/\/testing.wowtea.eu\/pt\/wp-json\/wp\/v2\/users\/56"}],"replies":[{"embeddable":true,"href":"https:\/\/testing.wowtea.eu\/pt\/wp-json\/wp\/v2\/comments?post=73962"}],"version-history":[{"count":0,"href":"https:\/\/testing.wowtea.eu\/pt\/wp-json\/wp\/v2\/pages\/73962\/revisions"}],"wp:attachment":[{"href":"https:\/\/testing.wowtea.eu\/pt\/wp-json\/wp\/v2\/media?parent=73962"}],"curies":[{"name":"wp","href":"https:\/\/api.w.org\/{rel}","templated":true}]}}