{"id":153359,"date":"2023-09-14T11:03:26","date_gmt":"2023-09-14T10:03:26","guid":{"rendered":"https:\/\/testing.wowtea.eu\/pt\/?post_type=product&#038;p=153359"},"modified":"2024-07-25T13:53:07","modified_gmt":"2024-07-25T12:53:07","slug":"full-body-bands-box","status":"publish","type":"product","link":"https:\/\/testing.wowtea.eu\/pt\/product\/full-body-bands-box\/","title":{"rendered":"Full Body Bands Box"},"content":{"rendered":"\t\t<div data-elementor-type=\"product-post\" data-elementor-id=\"153359\" class=\"elementor elementor-153359\">\n\t\t\t\t\t\t<div class=\"elementor-inner\">\n\t\t\t\t<div class=\"elementor-section-wrap\">\n\t\t\t\t\t\t\t\t\t<section class=\"elementor-section elementor-top-section elementor-element elementor-element-7b5bd81c elementor-section-full_width elementor-section-content-middle elementor-section-height-default elementor-section-height-default\" data-id=\"7b5bd81c\" data-element_type=\"section\">\n\t\t\t\t\t\t<div class=\"elementor-container elementor-column-gap-no\">\n\t\t\t\t\t\t\t<div class=\"elementor-row\">\n\t\t\t\t\t<div class=\"elementor-column elementor-col-100 elementor-top-column elementor-element elementor-element-e4a671c\" data-id=\"e4a671c\" data-element_type=\"column\">\n\t\t\t<div class=\"elementor-column-wrap\">\n\t\t\t\t\t\t\t<div class=\"elementor-widget-wrap\">\n\t\t\t\t\t\t\t\t<\/div>\n\t\t\t\t\t<\/div>\n\t\t<\/div>\n\t\t\t\t\t\t\t\t<\/div>\n\t\t\t\t\t<\/div>\n\t\t<\/section>\n\t\t\t\t<section class=\"elementor-section elementor-top-section elementor-element elementor-element-1e844fbc elementor-section-full_width elementor-section-stretched elementor-reverse-mobile elementor-section-height-default elementor-section-height-default\" data-id=\"1e844fbc\" data-element_type=\"section\" data-settings=\"{&quot;stretch_section&quot;:&quot;section-stretched&quot;}\">\n\t\t\t\t\t\t<div class=\"elementor-container elementor-column-gap-no\">\n\t\t\t\t\t\t\t<div class=\"elementor-row\">\n\t\t\t\t\t<div class=\"elementor-column elementor-col-50 elementor-top-column elementor-element elementor-element-2427c4ad\" data-id=\"2427c4ad\" data-element_type=\"column\">\n\t\t\t<div class=\"elementor-column-wrap elementor-element-populated\">\n\t\t\t\t\t\t\t<div class=\"elementor-widget-wrap\">\n\t\t\t\t\t\t<div class=\"elementor-element elementor-element-22ae6c2e elementor-widget elementor-widget-image\" data-id=\"22ae6c2e\" data-element_type=\"widget\" data-widget_type=\"image.default\">\n\t\t\t\t<div class=\"elementor-widget-container\">\n\t\t\t\t\t\t\t\t<div class=\"elementor-image\">\n\t\t\t\t\t\t\t\t\t\t\t\t<img width=\"980\" height=\"768\" src=\"https:\/\/testing.wowtea.eu\/pt\/files\/2021\/04\/Bands_Presnt_2_3_b-1-1.jpg\" class=\"attachment-large size-large wp-image-99115\" alt=\"\" loading=\"lazy\" srcset=\"https:\/\/testing.wowtea.eu\/pt\/files\/2021\/04\/Bands_Presnt_2_3_b-1-1.jpg 980w, https:\/\/testing.wowtea.eu\/pt\/files\/2021\/04\/Bands_Presnt_2_3_b-1-1-300x235.jpg 300w, https:\/\/testing.wowtea.eu\/pt\/files\/2021\/04\/Bands_Presnt_2_3_b-1-1-768x602.jpg 768w, https:\/\/testing.wowtea.eu\/pt\/files\/2021\/04\/Bands_Presnt_2_3_b-1-1-600x470.jpg 600w\" sizes=\"(max-width: 980px) 100vw, 980px\" \/>\t\t\t\t\t\t\t\t\t\t\t\t\t\t<\/div>\n\t\t\t\t\t\t<\/div>\n\t\t\t\t<\/div>\n\t\t\t\t\t\t<\/div>\n\t\t\t\t\t<\/div>\n\t\t<\/div>\n\t\t\t\t<div class=\"elementor-column elementor-col-50 elementor-top-column elementor-element elementor-element-e8609bf\" data-id=\"e8609bf\" data-element_type=\"column\" data-settings=\"{&quot;background_background&quot;:&quot;classic&quot;}\">\n\t\t\t<div class=\"elementor-column-wrap elementor-element-populated\">\n\t\t\t\t\t\t\t<div class=\"elementor-widget-wrap\">\n\t\t\t\t\t\t<div class=\"elementor-element elementor-element-9ed0ddb elementor-widget elementor-widget-heading\" data-id=\"9ed0ddb\" data-element_type=\"widget\" data-widget_type=\"heading.default\">\n\t\t\t\t<div class=\"elementor-widget-container\">\n\t\t\t<h2 class=\"elementor-heading-title elementor-size-default\">15 minutos por dia para resultados WOW.<\/h2>\t\t<\/div>\n\t\t\t\t<\/div>\n\t\t\t\t<div class=\"elementor-element elementor-element-0fb87cf elementor-widget elementor-widget-text-editor\" data-id=\"0fb87cf\" data-element_type=\"widget\" data-widget_type=\"text-editor.default\">\n\t\t\t\t<div class=\"elementor-widget-container\">\n\t\t\t\t\t\t\t\t<div class=\"elementor-text-editor elementor-clearfix\">\n\t\t\t\t<p>Apenas alguns minutos por dia, exercitando-se com a sua Booty Goals Band podem ter um efeito incr\u00edvel nos seus gl\u00fateos e coxas! Para ajud\u00e1-la a esculpir seu bumbum brasileiro ainda mais r\u00e1pido, n\u00f3s enviaremos-lhe um plano de treino gratuito de 21 dias com os melhores exerc\u00edcios que pode fazer em casa &#8211; ou em qualquer lugar que queira!<\/p><p>Os materiais de alta qualidade da banda proporcionam o conforto necess\u00e1rio durante o exerc\u00edcio. Pode at\u00e9 usar a Booty Goals Band com cal\u00e7\u00f5es &#8211; eles n\u00e3o deslizam, nem beliscam a sua pele, nem se partem!\u00a0<\/p>\t\t\t\t\t<\/div>\n\t\t\t\t\t\t<\/div>\n\t\t\t\t<\/div>\n\t\t\t\t\t\t<\/div>\n\t\t\t\t\t<\/div>\n\t\t<\/div>\n\t\t\t\t\t\t\t\t<\/div>\n\t\t\t\t\t<\/div>\n\t\t<\/section>\n\t\t\t\t<section class=\"elementor-section elementor-top-section elementor-element elementor-element-40cfcd77 elementor-section-full_width elementor-section-stretched elementor-section-height-default elementor-section-height-default\" data-id=\"40cfcd77\" data-element_type=\"section\" data-settings=\"{&quot;stretch_section&quot;:&quot;section-stretched&quot;}\">\n\t\t\t\t\t\t<div class=\"elementor-container elementor-column-gap-no\">\n\t\t\t\t\t\t\t<div class=\"elementor-row\">\n\t\t\t\t\t<div class=\"elementor-column elementor-col-50 elementor-top-column elementor-element elementor-element-f6e64f5\" data-id=\"f6e64f5\" data-element_type=\"column\" data-settings=\"{&quot;background_background&quot;:&quot;classic&quot;}\">\n\t\t\t<div class=\"elementor-column-wrap elementor-element-populated\">\n\t\t\t\t\t\t\t<div class=\"elementor-widget-wrap\">\n\t\t\t\t\t\t<div class=\"elementor-element elementor-element-478fefc elementor-widget elementor-widget-heading\" data-id=\"478fefc\" data-element_type=\"widget\" data-widget_type=\"heading.default\">\n\t\t\t\t<div class=\"elementor-widget-container\">\n\t\t\t<h2 class=\"elementor-heading-title elementor-size-default\">Booty Goals Band \u00e9 exatamente o que voc\u00ea (e o seu rabo) precisam! \n<\/h2>\t\t<\/div>\n\t\t\t\t<\/div>\n\t\t\t\t<div class=\"elementor-element elementor-element-22e9272 elementor-widget elementor-widget-text-editor\" data-id=\"22e9272\" data-element_type=\"widget\" data-widget_type=\"text-editor.default\">\n\t\t\t\t<div class=\"elementor-widget-container\">\n\t\t\t\t\t\t\t\t<div class=\"elementor-text-editor elementor-clearfix\">\n\t\t\t\t<ol><li><b><img loading=\"lazy\" class=\"alignnone size-full wp-image-7074\" src=\"https:\/\/bodygoalsclub.com\/wp-content\/uploads\/tik-che_20x20.png\" alt=\"\" width=\"20\" height=\"21\" \/><\/b>\u00a0 <strong>M\u00e1ximo conforto<\/strong><\/li><\/ol><p>Materiais de \u00faltima gera\u00e7\u00e3o que permitem exerc\u00edcios suaves e confort\u00e1veis\u00a0<\/p><h4><b><img loading=\"lazy\" class=\"alignnone size-full wp-image-7074\" src=\"https:\/\/bodygoalsclub.com\/wp-content\/uploads\/tik-che_20x20.png\" alt=\"\" width=\"20\" height=\"21\" \/><\/b>\u00a0<strong>Excelente qualidade<\/strong><\/h4><p>Ao contr\u00e1rio dos el\u00e1sticos, o Booty Goals Band \u00e9 muito dur\u00e1vel e n\u00e3o quebra durante o uso<\/p><h4><b><img loading=\"lazy\" class=\"alignnone size-full wp-image-7074\" src=\"https:\/\/bodygoalsclub.com\/wp-content\/uploads\/tik-che_20x20.png\" alt=\"\" width=\"20\" height=\"21\" \/><\/b>\u00a0<strong>F\u00e1cil de usar<\/strong><\/h4><p>Use em casa ou simplesmente leve consigo e exercite a qualquer hora e em qualquer lugar<\/p><h4><b><img loading=\"lazy\" class=\"alignnone size-full wp-image-7074\" src=\"https:\/\/bodygoalsclub.com\/wp-content\/uploads\/tik-che_20x20.png\" alt=\"\" width=\"20\" height=\"21\" \/><\/b>\u00a0<strong>Resultados vis\u00edveis<\/strong><\/h4><p>Poder\u00e1 observar o efeito impressionante em seu rabo, coxas e ancas &#8211; por apenas alguns minutos por dia<\/p>\t\t\t\t\t<\/div>\n\t\t\t\t\t\t<\/div>\n\t\t\t\t<\/div>\n\t\t\t\t\t\t<\/div>\n\t\t\t\t\t<\/div>\n\t\t<\/div>\n\t\t\t\t<div class=\"elementor-column elementor-col-50 elementor-top-column elementor-element elementor-element-511a8a95\" data-id=\"511a8a95\" data-element_type=\"column\">\n\t\t\t<div class=\"elementor-column-wrap elementor-element-populated\">\n\t\t\t\t\t\t\t<div class=\"elementor-widget-wrap\">\n\t\t\t\t\t\t<div class=\"elementor-element elementor-element-64f680f0 elementor-widget elementor-widget-image\" data-id=\"64f680f0\" data-element_type=\"widget\" data-widget_type=\"image.default\">\n\t\t\t\t<div class=\"elementor-widget-container\">\n\t\t\t\t\t\t\t\t<div class=\"elementor-image\">\n\t\t\t\t\t\t\t\t\t\t\t\t<img width=\"980\" height=\"768\" src=\"https:\/\/testing.wowtea.eu\/pt\/files\/2021\/04\/BANDS_Features_web-combo.jpg\" class=\"attachment-large size-large wp-image-99116\" alt=\"\" loading=\"lazy\" srcset=\"https:\/\/testing.wowtea.eu\/pt\/files\/2021\/04\/BANDS_Features_web-combo.jpg 980w, https:\/\/testing.wowtea.eu\/pt\/files\/2021\/04\/BANDS_Features_web-combo-300x235.jpg 300w, https:\/\/testing.wowtea.eu\/pt\/files\/2021\/04\/BANDS_Features_web-combo-768x602.jpg 768w, https:\/\/testing.wowtea.eu\/pt\/files\/2021\/04\/BANDS_Features_web-combo-600x470.jpg 600w\" sizes=\"(max-width: 980px) 100vw, 980px\" \/>\t\t\t\t\t\t\t\t\t\t\t\t\t\t<\/div>\n\t\t\t\t\t\t<\/div>\n\t\t\t\t<\/div>\n\t\t\t\t\t\t<\/div>\n\t\t\t\t\t<\/div>\n\t\t<\/div>\n\t\t\t\t\t\t\t\t<\/div>\n\t\t\t\t\t<\/div>\n\t\t<\/section>\n\t\t\t\t<section class=\"elementor-section elementor-top-section elementor-element elementor-element-6d5938e8 elementor-section-full_width elementor-section-stretched elementor-section-height-default elementor-section-height-default\" data-id=\"6d5938e8\" data-element_type=\"section\" data-settings=\"{&quot;stretch_section&quot;:&quot;section-stretched&quot;}\">\n\t\t\t\t\t\t<div class=\"elementor-container elementor-column-gap-no\">\n\t\t\t\t\t\t\t<div class=\"elementor-row\">\n\t\t\t\t\t<div class=\"elementor-column elementor-col-50 elementor-top-column elementor-element elementor-element-7f52ed29\" data-id=\"7f52ed29\" data-element_type=\"column\">\n\t\t\t<div class=\"elementor-column-wrap elementor-element-populated\">\n\t\t\t\t\t\t\t<div class=\"elementor-widget-wrap\">\n\t\t\t\t\t\t<div class=\"elementor-element elementor-element-7dcea50 elementor-hidden-desktop elementor-widget elementor-widget-image\" data-id=\"7dcea50\" data-element_type=\"widget\" data-widget_type=\"image.default\">\n\t\t\t\t<div class=\"elementor-widget-container\">\n\t\t\t\t\t\t\t\t<div class=\"elementor-image\">\n\t\t\t\t\t\t\t\t\t\t\t\t<img width=\"460\" height=\"600\" src=\"https:\/\/testing.wowtea.eu\/pt\/files\/2021\/04\/BANDS_21-plan-banner-mobile-PT.jpg\" class=\"attachment-large size-large wp-image-100474\" alt=\"\" loading=\"lazy\" srcset=\"https:\/\/testing.wowtea.eu\/pt\/files\/2021\/04\/BANDS_21-plan-banner-mobile-PT.jpg 460w, https:\/\/testing.wowtea.eu\/pt\/files\/2021\/04\/BANDS_21-plan-banner-mobile-PT-230x300.jpg 230w\" sizes=\"(max-width: 460px) 100vw, 460px\" \/>\t\t\t\t\t\t\t\t\t\t\t\t\t\t<\/div>\n\t\t\t\t\t\t<\/div>\n\t\t\t\t<\/div>\n\t\t\t\t<div class=\"elementor-element elementor-element-417778a6 elementor-hidden-tablet elementor-hidden-phone elementor-widget elementor-widget-image\" data-id=\"417778a6\" data-element_type=\"widget\" data-widget_type=\"image.default\">\n\t\t\t\t<div class=\"elementor-widget-container\">\n\t\t\t\t\t\t\t\t<div class=\"elementor-image\">\n\t\t\t\t\t\t\t\t\t\t\t\t<img width=\"980\" height=\"768\" src=\"https:\/\/testing.wowtea.eu\/pt\/files\/2021\/04\/BANDS_21-plan-banner-desktop-PT.jpg\" class=\"attachment-large size-large wp-image-100475\" alt=\"\" loading=\"lazy\" srcset=\"https:\/\/testing.wowtea.eu\/pt\/files\/2021\/04\/BANDS_21-plan-banner-desktop-PT.jpg 980w, https:\/\/testing.wowtea.eu\/pt\/files\/2021\/04\/BANDS_21-plan-banner-desktop-PT-300x235.jpg 300w, https:\/\/testing.wowtea.eu\/pt\/files\/2021\/04\/BANDS_21-plan-banner-desktop-PT-768x602.jpg 768w, https:\/\/testing.wowtea.eu\/pt\/files\/2021\/04\/BANDS_21-plan-banner-desktop-PT-600x470.jpg 600w\" sizes=\"(max-width: 980px) 100vw, 980px\" \/>\t\t\t\t\t\t\t\t\t\t\t\t\t\t<\/div>\n\t\t\t\t\t\t<\/div>\n\t\t\t\t<\/div>\n\t\t\t\t\t\t<\/div>\n\t\t\t\t\t<\/div>\n\t\t<\/div>\n\t\t\t\t<div class=\"elementor-column elementor-col-50 elementor-top-column elementor-element elementor-element-e090713\" data-id=\"e090713\" data-element_type=\"column\" data-settings=\"{&quot;background_background&quot;:&quot;classic&quot;}\">\n\t\t\t<div class=\"elementor-column-wrap elementor-element-populated\">\n\t\t\t\t\t\t\t<div class=\"elementor-widget-wrap\">\n\t\t\t\t\t\t<div class=\"elementor-element elementor-element-1a68074 elementor-widget elementor-widget-heading\" data-id=\"1a68074\" data-element_type=\"widget\" data-widget_type=\"heading.default\">\n\t\t\t\t<div class=\"elementor-widget-container\">\n\t\t\t<h2 class=\"elementor-heading-title elementor-size-default\">Plano de treino gratuito de 21 dias para um rabo gostoso - programa de exerc\u00edcios para fazer EM CASA <\/h2>\t\t<\/div>\n\t\t\t\t<\/div>\n\t\t\t\t<div class=\"elementor-element elementor-element-c569c87 elementor-widget elementor-widget-heading\" data-id=\"c569c87\" data-element_type=\"widget\" data-widget_type=\"heading.default\">\n\t\t\t\t<div class=\"elementor-widget-container\">\n\t\t\t<h2 class=\"elementor-heading-title elementor-size-default\">E-BOOK<\/h2>\t\t<\/div>\n\t\t\t\t<\/div>\n\t\t\t\t<div class=\"elementor-element elementor-element-f1c2d85 elementor-widget elementor-widget-text-editor\" data-id=\"f1c2d85\" data-element_type=\"widget\" data-widget_type=\"text-editor.default\">\n\t\t\t\t<div class=\"elementor-widget-container\">\n\t\t\t\t\t\t\t\t<div class=\"elementor-text-editor elementor-clearfix\">\n\t\t\t\t<p>O Plano de Treino de <strong>21 Dias para<\/strong> um rabo gostoso \u00e9 um programa digital de exerc\u00edcios para fazer em casa (ou em qualquer lugar que desejar!) usando a Booty Goals Band. Este programa de exerc\u00edcios foi especialmente projetado para ajud\u00e1-la a esculpir os seus gl\u00fateos de uma forma sexy e bonita, tonificar as suas coxas e moldar a ancas- e tudo em apenas 15 minutos por dia para resultados vis\u00edveis e impressionantes.<\/p>\t\t\t\t\t<\/div>\n\t\t\t\t\t\t<\/div>\n\t\t\t\t<\/div>\n\t\t\t\t\t\t<\/div>\n\t\t\t\t\t<\/div>\n\t\t<\/div>\n\t\t\t\t\t\t\t\t<\/div>\n\t\t\t\t\t<\/div>\n\t\t<\/section>\n\t\t\t\t<section class=\"elementor-section elementor-top-section elementor-element elementor-element-78622954 elementor-section-boxed elementor-section-height-default elementor-section-height-default\" data-id=\"78622954\" data-element_type=\"section\">\n\t\t\t\t\t\t<div class=\"elementor-container elementor-column-gap-default\">\n\t\t\t\t\t\t\t<div class=\"elementor-row\">\n\t\t\t\t\t<div class=\"elementor-column elementor-col-100 elementor-top-column elementor-element elementor-element-34667115\" data-id=\"34667115\" data-element_type=\"column\">\n\t\t\t<div class=\"elementor-column-wrap elementor-element-populated\">\n\t\t\t\t\t\t\t<div class=\"elementor-widget-wrap\">\n\t\t\t\t\t\t<div class=\"elementor-element elementor-element-647df1a3 elementor-widget elementor-widget-heading\" data-id=\"647df1a3\" data-element_type=\"widget\" data-widget_type=\"heading.default\">\n\t\t\t\t<div class=\"elementor-widget-container\">\n\t\t\t<h2 class=\"elementor-heading-title elementor-size-default\">Quando pedir o seu CONJUNTO de Booty Goals Band, receber\u00e1 GRATUITAMENTE: <\/h2>\t\t<\/div>\n\t\t\t\t<\/div>\n\t\t\t\t<div class=\"elementor-element elementor-element-2e994e2f elementor-widget elementor-widget-image\" data-id=\"2e994e2f\" data-element_type=\"widget\" data-widget_type=\"image.default\">\n\t\t\t\t<div class=\"elementor-widget-container\">\n\t\t\t\t\t\t\t\t<div class=\"elementor-image\">\n\t\t\t\t\t\t\t\t\t\t\t\t<img width=\"600\" height=\"149\" src=\"https:\/\/testing.wowtea.eu\/pt\/files\/2021\/04\/products_combo-2-1.jpg\" class=\"attachment-large size-large wp-image-99120\" alt=\"\" loading=\"lazy\" srcset=\"https:\/\/testing.wowtea.eu\/pt\/files\/2021\/04\/products_combo-2-1.jpg 600w, https:\/\/testing.wowtea.eu\/pt\/files\/2021\/04\/products_combo-2-1-300x75.jpg 300w\" sizes=\"(max-width: 600px) 100vw, 600px\" \/>\t\t\t\t\t\t\t\t\t\t\t\t\t\t<\/div>\n\t\t\t\t\t\t<\/div>\n\t\t\t\t<\/div>\n\t\t\t\t<div class=\"elementor-element elementor-element-328e820a elementor-widget elementor-widget-text-editor\" data-id=\"328e820a\" data-element_type=\"widget\" data-widget_type=\"text-editor.default\">\n\t\t\t\t<div class=\"elementor-widget-container\">\n\t\t\t\t\t\t\t\t<div class=\"elementor-text-editor elementor-clearfix\">\n\t\t\t\t<p><img loading=\"lazy\" class=\"alignnone size-full wp-image-7074\" src=\"https:\/\/bodygoalsclub.com\/wp-content\/uploads\/tik-che_20x20.png\" alt=\"\" width=\"20\" height=\"21\" \/><span style=\"vertical-align: inherit;\"><span style=\"vertical-align: inherit;\">\u00a0Capa elegante para suas Booty Goals Band &#8211; use no conforto da sua casa ou leve-as para qualquer lugar consigo e n\u00e3o perca um treino!<br \/><\/span><\/span><\/p><p><img loading=\"lazy\" class=\"alignnone size-full wp-image-7074\" src=\"https:\/\/bodygoalsclub.com\/wp-content\/uploads\/tik-che_20x20.png\" alt=\"\" width=\"20\" height=\"21\" \/><span style=\"vertical-align: inherit;\"><span style=\"vertical-align: inherit;\">\u00a0Plano de treino gratuito de 21 dias para um rabo gostoso &#8211; programa de exerc\u00edcios para fazer EM CASA<br \/><\/span><\/span><\/p>\t\t\t\t\t<\/div>\n\t\t\t\t\t\t<\/div>\n\t\t\t\t<\/div>\n\t\t\t\t\t\t<\/div>\n\t\t\t\t\t<\/div>\n\t\t<\/div>\n\t\t\t\t\t\t\t\t<\/div>\n\t\t\t\t\t<\/div>\n\t\t<\/section>\n\t\t\t\t<section class=\"elementor-section elementor-top-section elementor-element elementor-element-3134e857 elementor-section-boxed elementor-section-height-default elementor-section-height-default\" data-id=\"3134e857\" data-element_type=\"section\">\n\t\t\t\t\t\t<div class=\"elementor-container elementor-column-gap-default\">\n\t\t\t\t\t\t\t<div class=\"elementor-row\">\n\t\t\t\t\t<div class=\"elementor-column elementor-col-100 elementor-top-column elementor-element elementor-element-371bcf78\" data-id=\"371bcf78\" data-element_type=\"column\">\n\t\t\t<div class=\"elementor-column-wrap\">\n\t\t\t\t\t\t\t<div class=\"elementor-widget-wrap\">\n\t\t\t\t\t\t\t\t<\/div>\n\t\t\t\t\t<\/div>\n\t\t<\/div>\n\t\t\t\t\t\t\t\t<\/div>\n\t\t\t\t\t<\/div>\n\t\t<\/section>\n\t\t\t\t\t\t\t\t\t<\/div>\n\t\t\t<\/div>\n\t\t\t\t\t<\/div>\n\t\t","protected":false},"excerpt":{"rendered":"<ul class=\"check_list\">\n<li>\n<h4><span data-sheets-value=\"{&quot;1&quot;:2,&quot;2&quot;:&quot;Efeito de tonifica\u00e7\u00e3o e de levantamento avan\u00e7ado&quot;}\" data-sheets-userformat=\"{&quot;2&quot;:14784,&quot;9&quot;:1,&quot;10&quot;:1,&quot;11&quot;:4,&quot;14&quot;:{&quot;1&quot;:2,&quot;2&quot;:0},&quot;15&quot;:&quot;Comfortaa&quot;,&quot;16&quot;:10}\">Efeito de tonifica\u00e7\u00e3o e de levantamento avan\u00e7ado<\/span><\/h4>\n<p><span data-sheets-value=\"{&quot;1&quot;:2,&quot;2&quot;:&quot;Coloca press\u00e3o constante na zona inferior do corpo que voc\u00ea deseja tonificar ao m\u00e1ximo!&quot;}\" data-sheets-userformat=\"{&quot;2&quot;:14784,&quot;9&quot;:1,&quot;10&quot;:1,&quot;11&quot;:4,&quot;14&quot;:{&quot;1&quot;:2,&quot;2&quot;:0},&quot;15&quot;:&quot;Comfortaa&quot;,&quot;16&quot;:10}\">Coloca press\u00e3o constante na zona inferior do corpo que voc\u00ea deseja tonificar ao m\u00e1ximo!<\/span><\/li>\n<li>\n<h4><span data-sheets-value=\"{&quot;1&quot;:2,&quot;2&quot;:&quot;Defina todo o corpo - pernas, coxas, barriga e bumbum&quot;}\" data-sheets-userformat=\"{&quot;2&quot;:14784,&quot;9&quot;:1,&quot;10&quot;:1,&quot;11&quot;:4,&quot;14&quot;:{&quot;1&quot;:2,&quot;2&quot;:0},&quot;15&quot;:&quot;Comfortaa&quot;,&quot;16&quot;:10}\">Defina todo o corpo &#8211; pernas, coxas, barriga e bumbum<\/span><\/h4>\n<p><span data-sheets-value=\"{&quot;1&quot;:2,&quot;2&quot;:&quot;Forma # 1 de exercitar todo o corpo de uma vez - queima tudo o que est\u00e1 sobrando nas coxas, quadris e barriga!&quot;}\" data-sheets-userformat=\"{&quot;2&quot;:14784,&quot;9&quot;:1,&quot;10&quot;:1,&quot;11&quot;:4,&quot;14&quot;:{&quot;1&quot;:2,&quot;2&quot;:0},&quot;15&quot;:&quot;Comfortaa&quot;,&quot;16&quot;:10}\">Forma # 1 de exercitar todo o corpo de uma vez &#8211; queima tudo o que est\u00e1 sobrando nas coxas, quadris e barriga!<\/span><\/li>\n<li>\n<h4><span data-sheets-value=\"{&quot;1&quot;:2,&quot;2&quot;:&quot;Apenas 15 minutos por dia para obter resultados&quot;}\" data-sheets-userformat=\"{&quot;2&quot;:14784,&quot;9&quot;:1,&quot;10&quot;:1,&quot;11&quot;:4,&quot;14&quot;:{&quot;1&quot;:2,&quot;2&quot;:0},&quot;15&quot;:&quot;Comfortaa&quot;,&quot;16&quot;:10}\">Apenas 15 minutos por dia para obter resultados<\/span><\/h4>\n<p><span data-sheets-value=\"{&quot;1&quot;:2,&quot;2&quot;:&quot;Tem como alvo a parte inferior do corpo de uma forma t\u00e3o precisa que s\u00f3 precisa de alguns minutos por dia para ver os resultados.&quot;}\" data-sheets-userformat=\"{&quot;2&quot;:14784,&quot;9&quot;:1,&quot;10&quot;:1,&quot;11&quot;:4,&quot;14&quot;:{&quot;1&quot;:2,&quot;2&quot;:0},&quot;15&quot;:&quot;Comfortaa&quot;,&quot;16&quot;:10}\">Tem como alvo a parte inferior do corpo de uma forma t\u00e3o precisa que s\u00f3 precisa de alguns minutos por dia para ver os resultados.<\/span><\/li>\n<li>\n<h4><span data-sheets-value=\"{&quot;1&quot;:2,&quot;2&quot;:&quot;N\u00e3o escorrega, n\u00e3o aperta nem desliza&quot;}\" data-sheets-userformat=\"{&quot;2&quot;:14784,&quot;9&quot;:1,&quot;10&quot;:1,&quot;11&quot;:4,&quot;14&quot;:{&quot;1&quot;:2,&quot;2&quot;:0},&quot;15&quot;:&quot;Comfortaa&quot;,&quot;16&quot;:10}\">N\u00e3o escorrega, n\u00e3o aperta nem desliza<\/span><\/h4>\n<p><span data-sheets-value=\"{&quot;1&quot;:2,&quot;2&quot;:&quot;Fabricado com materiais da mais alta qualidade que proporcionam o m\u00e1ximo conforto durante o exerc\u00edcio.&quot;}\" data-sheets-userformat=\"{&quot;2&quot;:14784,&quot;9&quot;:1,&quot;10&quot;:1,&quot;11&quot;:4,&quot;14&quot;:{&quot;1&quot;:2,&quot;2&quot;:0},&quot;15&quot;:&quot;Comfortaa&quot;,&quot;16&quot;:10}\">Fabricado com materiais da mais alta qualidade que proporcionam o m\u00e1ximo conforto durante o exerc\u00edcio.<\/span><\/li>\n<\/ul>\n","protected":false},"featured_media":153329,"comment_status":"closed","ping_status":"closed","template":"","meta":{"inline_featured_image":false},"product_cat":[96,204],"product_tag":[106,105],"acf":[],"variations_data":[],"free_delivery":false,"currency_name":"&euro;","_links":{"self":[{"href":"https:\/\/testing.wowtea.eu\/pt\/wp-json\/wp\/v2\/product\/153359"}],"collection":[{"href":"https:\/\/testing.wowtea.eu\/pt\/wp-json\/wp\/v2\/product"}],"about":[{"href":"https:\/\/testing.wowtea.eu\/pt\/wp-json\/wp\/v2\/types\/product"}],"replies":[{"embeddable":true,"href":"https:\/\/testing.wowtea.eu\/pt\/wp-json\/wp\/v2\/comments?post=153359"}],"version-history":[{"count":0,"href":"https:\/\/testing.wowtea.eu\/pt\/wp-json\/wp\/v2\/product\/153359\/revisions"}],"wp:featuredmedia":[{"embeddable":true,"href":"https:\/\/testing.wowtea.eu\/pt\/wp-json\/wp\/v2\/media\/153329"}],"wp:attachment":[{"href":"https:\/\/testing.wowtea.eu\/pt\/wp-json\/wp\/v2\/media?parent=153359"}],"wp:term":[{"taxonomy":"product_cat","embeddable":true,"href":"https:\/\/testing.wowtea.eu\/pt\/wp-json\/wp\/v2\/product_cat?post=153359"},{"taxonomy":"product_tag","embeddable":true,"href":"https:\/\/testing.wowtea.eu\/pt\/wp-json\/wp\/v2\/product_tag?post=153359"}],"curies":[{"name":"wp","href":"https:\/\/api.w.org\/{rel}","templated":true}]}}