{"id":72626,"date":"2020-10-06T15:49:31","date_gmt":"2020-10-06T12:49:31","guid":{"rendered":"https:\/\/testing.wowtea.eu\/ro\/?post_type=product&#038;p=72626"},"modified":"2024-09-02T11:00:10","modified_gmt":"2024-09-02T08:00:10","slug":"black-bottle","status":"publish","type":"product","link":"https:\/\/testing.wowtea.eu\/ro\/product\/black-bottle\/","title":{"rendered":"Sticl\u0103 de ceai (Negru)"},"content":{"rendered":"","protected":false},"excerpt":{"rendered":"<ul class=\"check_list\">\n<li>\n<h4>Sticl\u0103 borosilicat\u0103 de \u00eenalt\u0103 calitate<\/h4>\n<p>Nu con\u021bine Bisfenol A: chimical d\u0103un\u0103tor organismului nostru.<\/li>\n<li>\n<h4>Dozator de inox de \u00eenalt\u0103 calitate<\/h4>\n<p>Se poate pune \u0219i scoate de pe sticl\u0103.<\/li>\n<li>\n<h4>Design unic care reflect\u0103 identitatea ta.<\/h4>\n<div class=\"woocommerce-product-details__short-description\">\n<p>Culori la alegere- NEGRU \u0219i ROZ.<\/p>\n<\/div>\n<\/li>\n<\/ul>\n","protected":false},"featured_media":90352,"comment_status":"open","ping_status":"closed","template":"","meta":{"inline_featured_image":false},"product_cat":[15],"product_tag":[83],"acf":[],"variations_data":[],"free_delivery":false,"currency_name":"lei","_links":{"self":[{"href":"https:\/\/testing.wowtea.eu\/ro\/wp-json\/wp\/v2\/product\/72626"}],"collection":[{"href":"https:\/\/testing.wowtea.eu\/ro\/wp-json\/wp\/v2\/product"}],"about":[{"href":"https:\/\/testing.wowtea.eu\/ro\/wp-json\/wp\/v2\/types\/product"}],"replies":[{"embeddable":true,"href":"https:\/\/testing.wowtea.eu\/ro\/wp-json\/wp\/v2\/comments?post=72626"}],"version-history":[{"count":0,"href":"https:\/\/testing.wowtea.eu\/ro\/wp-json\/wp\/v2\/product\/72626\/revisions"}],"wp:featuredmedia":[{"embeddable":true,"href":"https:\/\/testing.wowtea.eu\/ro\/wp-json\/wp\/v2\/media\/90352"}],"wp:attachment":[{"href":"https:\/\/testing.wowtea.eu\/ro\/wp-json\/wp\/v2\/media?parent=72626"}],"wp:term":[{"taxonomy":"product_cat","embeddable":true,"href":"https:\/\/testing.wowtea.eu\/ro\/wp-json\/wp\/v2\/product_cat?post=72626"},{"taxonomy":"product_tag","embeddable":true,"href":"https:\/\/testing.wowtea.eu\/ro\/wp-json\/wp\/v2\/product_tag?post=72626"}],"curies":[{"name":"wp","href":"https:\/\/api.w.org\/{rel}","templated":true}]}}