{"id":92454,"date":"2021-04-22T12:44:04","date_gmt":"2021-04-22T10:44:04","guid":{"rendered":"https:\/\/testing.wowtea.eu\/ro\/?post_type=product&#038;p=92454"},"modified":"2024-09-23T11:39:53","modified_gmt":"2024-09-23T08:39:53","slug":"booty-goals-band-combo","status":"publish","type":"product","link":"https:\/\/testing.wowtea.eu\/ro\/product\/booty-goals-band-combo\/","title":{"rendered":"Booty Goals Bands Combo"},"content":{"rendered":"\t\t<div data-elementor-type=\"product-post\" data-elementor-id=\"92454\" class=\"elementor elementor-92454\">\n\t\t\t\t\t\t<div class=\"elementor-inner\">\n\t\t\t\t<div class=\"elementor-section-wrap\">\n\t\t\t\t\t\t\t\t\t<section class=\"elementor-section elementor-top-section elementor-element elementor-element-ec4c72e elementor-section-full_width elementor-section-stretched elementor-reverse-mobile elementor-section-height-default elementor-section-height-default\" data-id=\"ec4c72e\" data-element_type=\"section\" data-settings=\"{&quot;stretch_section&quot;:&quot;section-stretched&quot;}\">\n\t\t\t\t\t\t<div class=\"elementor-container elementor-column-gap-no\">\n\t\t\t\t\t\t\t<div class=\"elementor-row\">\n\t\t\t\t\t<div class=\"elementor-column elementor-col-50 elementor-top-column elementor-element elementor-element-3e3f3ef\" data-id=\"3e3f3ef\" data-element_type=\"column\">\n\t\t\t<div class=\"elementor-column-wrap elementor-element-populated\">\n\t\t\t\t\t\t\t<div class=\"elementor-widget-wrap\">\n\t\t\t\t\t\t<div class=\"elementor-element elementor-element-1e16779 elementor-widget elementor-widget-image\" data-id=\"1e16779\" data-element_type=\"widget\" data-widget_type=\"image.default\">\n\t\t\t\t<div class=\"elementor-widget-container\">\n\t\t\t\t\t\t\t\t<div class=\"elementor-image\">\n\t\t\t\t\t\t\t\t\t\t\t\t<img src=\"https:\/\/testing.wowtea.eu\/ch\/files\/2021\/04\/Bands_Presnt_2_3_b-1-1.jpg\" title=\"\" alt=\"\" loading=\"lazy\" \/>\t\t\t\t\t\t\t\t\t\t\t\t\t\t<\/div>\n\t\t\t\t\t\t<\/div>\n\t\t\t\t<\/div>\n\t\t\t\t\t\t<\/div>\n\t\t\t\t\t<\/div>\n\t\t<\/div>\n\t\t\t\t<div class=\"elementor-column elementor-col-50 elementor-top-column elementor-element elementor-element-1cd8be7\" data-id=\"1cd8be7\" data-element_type=\"column\" data-settings=\"{&quot;background_background&quot;:&quot;classic&quot;}\">\n\t\t\t<div class=\"elementor-column-wrap elementor-element-populated\">\n\t\t\t\t\t\t\t<div class=\"elementor-widget-wrap\">\n\t\t\t\t\t\t<div class=\"elementor-element elementor-element-502dcaa elementor-widget elementor-widget-heading\" data-id=\"502dcaa\" data-element_type=\"widget\" data-widget_type=\"heading.default\">\n\t\t\t\t<div class=\"elementor-widget-container\">\n\t\t\t<h2 class=\"elementor-heading-title elementor-size-default\">15 minute pe zi pentru un rezultat WOW.\n<\/h2>\t\t<\/div>\n\t\t\t\t<\/div>\n\t\t\t\t<div class=\"elementor-element elementor-element-794b626 elementor-widget elementor-widget-text-editor\" data-id=\"794b626\" data-element_type=\"widget\" data-widget_type=\"text-editor.default\">\n\t\t\t\t<div class=\"elementor-widget-container\">\n\t\t\t\t\t\t\t\t<div class=\"elementor-text-editor elementor-clearfix\">\n\t\t\t\t<p>Doar c\u00e2teva minute pe zi de exerci\u021bii cu Booty Goals Band vor avea un efect uimitor asupra fundului \u0219i a coapselor tale! \u0218i pentru a te ajuta s\u0103 sculptezi un fund brazilian suculent \u0219i mai repede, \u00ee\u021bi vom trimite cadou, un regim de antrenament de 21 de zile de f\u0103cut acas\u0103 &#8211; sau oriunde dore\u0219ti!<\/p><p>Datorit\u0103 materialelor de \u00eenalt\u0103 calitate Booty Goals Band ofer\u0103 confort maxim \u00een timpul antrenamentului. Po\u021bi folosi banda elastic\u0103 chiar \u0219i cu pantaloni scur\u021bi &#8211; nu alunec\u0103 pe piele, nu ciupe\u0219te \u0219i nu se rupe<\/p>\t\t\t\t\t<\/div>\n\t\t\t\t\t\t<\/div>\n\t\t\t\t<\/div>\n\t\t\t\t\t\t<\/div>\n\t\t\t\t\t<\/div>\n\t\t<\/div>\n\t\t\t\t\t\t\t\t<\/div>\n\t\t\t\t\t<\/div>\n\t\t<\/section>\n\t\t\t\t<section class=\"elementor-section elementor-top-section elementor-element elementor-element-6e4e664 elementor-section-full_width elementor-section-stretched elementor-section-height-default elementor-section-height-default\" data-id=\"6e4e664\" data-element_type=\"section\" data-settings=\"{&quot;stretch_section&quot;:&quot;section-stretched&quot;}\">\n\t\t\t\t\t\t<div class=\"elementor-container elementor-column-gap-no\">\n\t\t\t\t\t\t\t<div class=\"elementor-row\">\n\t\t\t\t\t<div class=\"elementor-column elementor-col-50 elementor-top-column elementor-element elementor-element-6cb43c6\" data-id=\"6cb43c6\" data-element_type=\"column\" data-settings=\"{&quot;background_background&quot;:&quot;classic&quot;}\">\n\t\t\t<div class=\"elementor-column-wrap elementor-element-populated\">\n\t\t\t\t\t\t\t<div class=\"elementor-widget-wrap\">\n\t\t\t\t\t\t<div class=\"elementor-element elementor-element-162cda2 elementor-widget elementor-widget-heading\" data-id=\"162cda2\" data-element_type=\"widget\" data-widget_type=\"heading.default\">\n\t\t\t\t<div class=\"elementor-widget-container\">\n\t\t\t<h2 class=\"elementor-heading-title elementor-size-default\">Booty Goals Band este exact ceea ce ai nevoie tu (\u0219i fundul t\u0103u)!\n\n<\/h2>\t\t<\/div>\n\t\t\t\t<\/div>\n\t\t\t\t<div class=\"elementor-element elementor-element-cddd0f6 elementor-widget elementor-widget-prod_info\" data-id=\"cddd0f6\" data-element_type=\"widget\" data-widget_type=\"prod_info.default\">\n\t\t\t\t<div class=\"elementor-widget-container\">\n\t\t\t\n               <ul class=\"info_list\">\n                           <li>\n                  <strong>Comfort maxim: <\/strong>\n                  <small>Realizate din materiale de ultima genera\u021bie care fac antrenamentul confortabil \u0219i pl\u0103cut.. <\/small>\n               <\/li>\n                           <li>\n                  <strong>Calitate excep\u021bional\u0103: <\/strong>\n                  <small>Spre deosebire de benzile de cauciuc, Booty Goals Band nu se rupe \u0219i poate fi folosit\u0103 pentru o perioad\u0103 foarte lung\u0103 de timp<\/small>\n               <\/li>\n                           <li>\n                  <strong>U\u0219or de folosit:<\/strong>\n                  <small>Cu Booty Goals Band te po\u021bi antrena acas\u0103 sau oriunde dore\u0219ti, oric\u00e2nd!! <\/small>\n               <\/li>\n                           <li>\n                  <strong>Efect vizibil:<\/strong>\n                  <small>Vei observa o schimbare izbitoare \u00een fese, coapse \u0219i talie - \u00een doar c\u00e2teva minute de antrenament pe zi.<\/small>\n               <\/li>\n                     <\/ul>\n      \n\n   \t\t<\/div>\n\t\t\t\t<\/div>\n\t\t\t\t\t\t<\/div>\n\t\t\t\t\t<\/div>\n\t\t<\/div>\n\t\t\t\t<div class=\"elementor-column elementor-col-50 elementor-top-column elementor-element elementor-element-7b212f4\" data-id=\"7b212f4\" data-element_type=\"column\">\n\t\t\t<div class=\"elementor-column-wrap elementor-element-populated\">\n\t\t\t\t\t\t\t<div class=\"elementor-widget-wrap\">\n\t\t\t\t\t\t<div class=\"elementor-element elementor-element-cb904ef elementor-widget elementor-widget-image\" data-id=\"cb904ef\" data-element_type=\"widget\" data-widget_type=\"image.default\">\n\t\t\t\t<div class=\"elementor-widget-container\">\n\t\t\t\t\t\t\t\t<div class=\"elementor-image\">\n\t\t\t\t\t\t\t\t\t\t\t\t<img src=\"https:\/\/testing.wowtea.eu\/ch\/files\/2021\/04\/BANDS_Features_web-combo.jpg\" title=\"\" alt=\"\" loading=\"lazy\" \/>\t\t\t\t\t\t\t\t\t\t\t\t\t\t<\/div>\n\t\t\t\t\t\t<\/div>\n\t\t\t\t<\/div>\n\t\t\t\t\t\t<\/div>\n\t\t\t\t\t<\/div>\n\t\t<\/div>\n\t\t\t\t\t\t\t\t<\/div>\n\t\t\t\t\t<\/div>\n\t\t<\/section>\n\t\t\t\t<section class=\"elementor-section elementor-top-section elementor-element elementor-element-7677c22 elementor-section-full_width elementor-section-stretched elementor-reverse-mobile elementor-section-height-default elementor-section-height-default\" data-id=\"7677c22\" data-element_type=\"section\" data-settings=\"{&quot;stretch_section&quot;:&quot;section-stretched&quot;}\">\n\t\t\t\t\t\t<div class=\"elementor-container elementor-column-gap-no\">\n\t\t\t\t\t\t\t<div class=\"elementor-row\">\n\t\t\t\t\t<div class=\"elementor-column elementor-col-50 elementor-top-column elementor-element elementor-element-691d8f6\" data-id=\"691d8f6\" data-element_type=\"column\">\n\t\t\t<div class=\"elementor-column-wrap elementor-element-populated\">\n\t\t\t\t\t\t\t<div class=\"elementor-widget-wrap\">\n\t\t\t\t\t\t<div class=\"elementor-element elementor-element-789e96c elementor-hidden-desktop elementor-widget elementor-widget-image\" data-id=\"789e96c\" data-element_type=\"widget\" data-widget_type=\"image.default\">\n\t\t\t\t<div class=\"elementor-widget-container\">\n\t\t\t\t\t\t\t\t<div class=\"elementor-image\">\n\t\t\t\t\t\t\t\t\t\t\t\t<img width=\"460\" height=\"600\" src=\"https:\/\/testing.wowtea.eu\/ro\/files\/2021\/04\/BANDS_21-plan-banner-mobile-RO.jpg\" class=\"attachment-large size-large wp-image-92669\" alt=\"\" loading=\"lazy\" srcset=\"https:\/\/testing.wowtea.eu\/ro\/files\/2021\/04\/BANDS_21-plan-banner-mobile-RO.jpg 460w, https:\/\/testing.wowtea.eu\/ro\/files\/2021\/04\/BANDS_21-plan-banner-mobile-RO-230x300.jpg 230w\" sizes=\"(max-width: 460px) 100vw, 460px\" \/>\t\t\t\t\t\t\t\t\t\t\t\t\t\t<\/div>\n\t\t\t\t\t\t<\/div>\n\t\t\t\t<\/div>\n\t\t\t\t<div class=\"elementor-element elementor-element-2bb90c7 elementor-hidden-tablet elementor-hidden-phone elementor-widget elementor-widget-image\" data-id=\"2bb90c7\" data-element_type=\"widget\" data-widget_type=\"image.default\">\n\t\t\t\t<div class=\"elementor-widget-container\">\n\t\t\t\t\t\t\t\t<div class=\"elementor-image\">\n\t\t\t\t\t\t\t\t\t\t\t\t<img width=\"980\" height=\"768\" src=\"https:\/\/testing.wowtea.eu\/ro\/files\/2021\/04\/BANDS_21-plan-banner-desktop-RO.jpg\" class=\"attachment-large size-large wp-image-92670\" alt=\"\" loading=\"lazy\" srcset=\"https:\/\/testing.wowtea.eu\/ro\/files\/2021\/04\/BANDS_21-plan-banner-desktop-RO.jpg 980w, https:\/\/testing.wowtea.eu\/ro\/files\/2021\/04\/BANDS_21-plan-banner-desktop-RO-300x235.jpg 300w, https:\/\/testing.wowtea.eu\/ro\/files\/2021\/04\/BANDS_21-plan-banner-desktop-RO-768x602.jpg 768w, https:\/\/testing.wowtea.eu\/ro\/files\/2021\/04\/BANDS_21-plan-banner-desktop-RO-600x470.jpg 600w\" sizes=\"(max-width: 980px) 100vw, 980px\" \/>\t\t\t\t\t\t\t\t\t\t\t\t\t\t<\/div>\n\t\t\t\t\t\t<\/div>\n\t\t\t\t<\/div>\n\t\t\t\t\t\t<\/div>\n\t\t\t\t\t<\/div>\n\t\t<\/div>\n\t\t\t\t<div class=\"elementor-column elementor-col-50 elementor-top-column elementor-element elementor-element-c47a932\" data-id=\"c47a932\" data-element_type=\"column\" data-settings=\"{&quot;background_background&quot;:&quot;classic&quot;}\">\n\t\t\t<div class=\"elementor-column-wrap elementor-element-populated\">\n\t\t\t\t\t\t\t<div class=\"elementor-widget-wrap\">\n\t\t\t\t\t\t<div class=\"elementor-element elementor-element-5c6c656 elementor-widget elementor-widget-heading\" data-id=\"5c6c656\" data-element_type=\"widget\" data-widget_type=\"heading.default\">\n\t\t\t\t<div class=\"elementor-widget-container\">\n\t\t\t<h2 class=\"elementor-heading-title elementor-size-default\">Plan de antrenament gratuit de 21 de zile pentru fundul suculent - Program cu exerci\u021bii pentru acas\u0103\n<\/h2>\t\t<\/div>\n\t\t\t\t<\/div>\n\t\t\t\t<div class=\"elementor-element elementor-element-a06a0e7 elementor-widget elementor-widget-text-editor\" data-id=\"a06a0e7\" data-element_type=\"widget\" data-widget_type=\"text-editor.default\">\n\t\t\t\t<div class=\"elementor-widget-container\">\n\t\t\t\t\t\t\t\t<div class=\"elementor-text-editor elementor-clearfix\">\n\t\t\t\t<h4>E-BOOK<\/h4><p>Un plan de antrenament pentru fund suculent de 21 de zile este un program digital de exerci\u021bii pe care le po\u021bii face acas\u0103 (sau oriunde dore\u0219ti!) cu benzile elastice Booty Goals Band. Acest plan de antrenament este special conceput pentru a te ajuta s\u0103 sculptezi un fund seduc\u0103tor, suculent, coapse zvelte \u0219i o talie frumoas\u0103. \u0218i toate acestea cu 15 minute de antrenament pe zi &#8211; pentru rezultate vizibile, uimitoare!<\/p>\t\t\t\t\t<\/div>\n\t\t\t\t\t\t<\/div>\n\t\t\t\t<\/div>\n\t\t\t\t\t\t<\/div>\n\t\t\t\t\t<\/div>\n\t\t<\/div>\n\t\t\t\t\t\t\t\t<\/div>\n\t\t\t\t\t<\/div>\n\t\t<\/section>\n\t\t\t\t<section class=\"elementor-section elementor-top-section elementor-element elementor-element-3cc95ad elementor-section-boxed elementor-section-height-default elementor-section-height-default\" data-id=\"3cc95ad\" data-element_type=\"section\">\n\t\t\t\t\t\t<div class=\"elementor-container elementor-column-gap-default\">\n\t\t\t\t\t\t\t<div class=\"elementor-row\">\n\t\t\t\t\t<div class=\"elementor-column elementor-col-100 elementor-top-column elementor-element elementor-element-5ce5c72\" data-id=\"5ce5c72\" data-element_type=\"column\">\n\t\t\t<div class=\"elementor-column-wrap elementor-element-populated\">\n\t\t\t\t\t\t\t<div class=\"elementor-widget-wrap\">\n\t\t\t\t\t\t<div class=\"elementor-element elementor-element-7e816c3 elementor-widget elementor-widget-heading\" data-id=\"7e816c3\" data-element_type=\"widget\" data-widget_type=\"heading.default\">\n\t\t\t\t<div class=\"elementor-widget-container\">\n\t\t\t<h2 class=\"elementor-heading-title elementor-size-default\">C\u00e2nd comanzi benzile elastice Booty Goals Band, prime\u0219ti gratuit: \n<\/h2>\t\t<\/div>\n\t\t\t\t<\/div>\n\t\t\t\t<div class=\"elementor-element elementor-element-c1e283c elementor-widget elementor-widget-image\" data-id=\"c1e283c\" data-element_type=\"widget\" data-widget_type=\"image.default\">\n\t\t\t\t<div class=\"elementor-widget-container\">\n\t\t\t\t\t\t\t\t<div class=\"elementor-image\">\n\t\t\t\t\t\t\t\t\t\t\t\t<img src=\"https:\/\/testing.wowtea.eu\/ch\/files\/2021\/04\/products_combo-2-1-1.jpg\" title=\"\" alt=\"\" loading=\"lazy\" \/>\t\t\t\t\t\t\t\t\t\t\t\t\t\t<\/div>\n\t\t\t\t\t\t<\/div>\n\t\t\t\t<\/div>\n\t\t\t\t<div class=\"elementor-element elementor-element-dee6c6c elementor-widget elementor-widget-text-editor\" data-id=\"dee6c6c\" data-element_type=\"widget\" data-widget_type=\"text-editor.default\">\n\t\t\t\t<div class=\"elementor-widget-container\">\n\t\t\t\t\t\t\t\t<div class=\"elementor-text-editor elementor-clearfix\">\n\t\t\t\t<p><img loading=\"lazy\" class=\"alignnone size-full wp-image-7074\" src=\"https:\/\/bodygoalsclub.com\/wp-content\/uploads\/tik-che_20x20.png\" alt=\"\" width=\"20\" height=\"21\" \/> Carcas\u0103 convenabil\u0103 pentru Booty Goals Band &#8211; le po\u021bi folosi acas\u0103 sau le po\u021bi transporta oriunde s\u0103 nu ratezi antrenament!<\/p><p><img loading=\"lazy\" class=\"alignnone size-full wp-image-7074\" src=\"https:\/\/bodygoalsclub.com\/wp-content\/uploads\/tik-che_20x20.png\" alt=\"\" width=\"20\" height=\"21\" \/> Plan de antrenament gratuit de 21 de zile pentru fundul suculent &#8211; Program cu exerci\u021bii pentru acas\u0103<\/p>\t\t\t\t\t<\/div>\n\t\t\t\t\t\t<\/div>\n\t\t\t\t<\/div>\n\t\t\t\t\t\t<\/div>\n\t\t\t\t\t<\/div>\n\t\t<\/div>\n\t\t\t\t\t\t\t\t<\/div>\n\t\t\t\t\t<\/div>\n\t\t<\/section>\n\t\t\t\t\t\t\t\t\t<\/div>\n\t\t\t<\/div>\n\t\t\t\t\t<\/div>\n\t\t","protected":false},"excerpt":{"rendered":"<h4 class=\"vc_custom_heading text-u vc_custom_1575298970833 text-u urus_vc_custom_5f7aec27ce380 vc_custom_1575298970833\" style=\"text-align: center\">Booty Goals Band Combo<\/h4>\n<div class=\"vc_row wpb_row vc_inner vc_row-fluid\" style=\"text-align: center\">\n<div class=\"wpb_column vc_column_container vc_col-sm-12\">\n<div class=\"vc_column-inner\">\n<div class=\"wpb_wrapper\">\n<div class=\"wpb_text_column wpb_content_element urus_vc_custom_5f7aec27ce3f9 \">\n<div class=\"wpb_wrapper\">\n<p><span class=\"face\">\u2661\u00a0<\/span><strong style=\"color: #b485b2\">Booty Goals Band Lvl 1<\/strong><br \/>\n<span class=\"face\">\u2661\u00a0<\/span><strong style=\"color: #b485b2\">Booty Goals Band Lvl 2<\/strong><\/p>\n<h4>Cel mai eficient antrenament la domiciliu pentru un fund sculptat<\/h4>\n<p><span class=\"face\">\u2661\u00a0<\/span><strong style=\"color: #4c4c4c\">Face fundul bombat \u0219i suculent, ca la o brazilian\u0103<\/strong><br \/>\n<span class=\"face\">\u2661\u00a0<\/span><strong style=\"color: #4c4c4c\">Sculpteaz\u0103 \u0219i tonific\u0103 coapsele<\/strong><br \/>\n<span class=\"face\">\u2661\u00a0<\/span><strong style=\"color: #4c4c4c\">Modeleaz\u0103 picioarele \u0219i subliniaz\u0103 curbele frumoase <\/strong><\/p>\n<\/div>\n<\/div>\n<\/div>\n<\/div>\n<\/div>\n<\/div>\n<h1 class=\"vc_custom_heading urus_vc_custom_5f7aec27ce471\" style=\"text-align: center;color: #c6558c;font-size: 22px\">+ E-BOOK Plan de antrenament gratuit de 21 de zile pentru fundul suculent &#8211; Program cu exerci\u021bii pentru acas\u0103<\/h1>\n<div class=\"vc_row wpb_row vc_inner vc_row-fluid\">\n<div class=\"wpb_column vc_column_container vc_col-sm-12\">\n<div class=\"vc_column-inner\">\n<div class=\"wpb_wrapper\">\n<div class=\"wpb_text_column wpb_content_element urus_vc_custom_5f7aec27ce4ad \">\n<div class=\"wpb_wrapper\">\n<p style=\"text-align: center\"><span class=\"face\">*<\/span>*Dup\u0103 ce a\u021bi comandat perechea de 2 benzi elastice Booty Goals Band, ve\u021bi primi \u0219i regimul de antrenament pe adresa de e-mail sub forma de pdf fi\u0219ier!<\/p>\n<\/div>\n<\/div>\n<\/div>\n<\/div>\n<\/div>\n<\/div>\n","protected":false},"featured_media":92582,"comment_status":"closed","ping_status":"closed","template":"","meta":{"inline_featured_image":false},"product_cat":[95,185],"product_tag":[],"acf":[],"variations_data":{"92662":{"id":92662,"name":"Booty Goals Band Combo","slug":"booty-goals-band-combo-3","date_created":{"date":"2021-04-27 11:52:00.000000","timezone_type":3,"timezone":"Europe\/Bucharest"},"date_modified":{"date":"2024-09-23 11:39:50.000000","timezone_type":3,"timezone":"Europe\/Bucharest"},"status":"publish","featured":false,"catalog_visibility":"visible","description":"","short_description":"","sku":"WOW-S-BL1BL2","price":"119","regular_price":"119","sale_price":"","date_on_sale_from":null,"date_on_sale_to":null,"total_sales":"0","tax_status":"taxable","tax_class":"parent","manage_stock":false,"stock_quantity":null,"stock_status":"instock","backorders":"no","low_stock_amount":"","sold_individually":false,"weight":"","length":"","width":"","height":"","upsell_ids":[],"cross_sell_ids":[],"parent_id":92454,"reviews_allowed":false,"purchase_note":"","attributes":{"pa_bands-upsells":"booty-goals-band-combo"},"default_attributes":[],"menu_order":1,"post_password":"","virtual":false,"downloadable":false,"category_ids":[],"tag_ids":[],"shipping_class_id":0,"downloads":[],"image_id":92582,"gallery_image_ids":[],"download_limit":-1,"download_expiry":-1,"rating_counts":[],"average_rating":0,"review_count":0,"attribute_summary":"bands-upsells: Booty Goals Band Combo","meta_data":[{"id":456904,"key":"_gtin","value":""},{"id":456905,"key":"_variable_text_field_1","value":"Set Band\u0103 elastic\u0103 pentru exerci\u021bi de 2 benzi de \u00eenalt\u0103 calitate pentru un corp ferm - BONUS: program de exerci\u021bii de 21 - WOW TEA"},{"id":456906,"key":"_variable_text_field_2","value":"Booty Goals Band - Face fundul bombat \u0219i suculent, ca la o brazilian\u0103, Sculpteaz\u0103 \u0219i tonific\u0103 coapsele, Modeleaz\u0103 picioarele \u0219i subliniaz\u0103 curbele frumoase"},{"id":456907,"key":"_variable_text_field_3","value":""},{"id":456908,"key":"fstr-p-sub","value":""},{"id":1099314,"key":"_sold_variation_individually","value":"no"},{"id":1099315,"key":"_v_label_field","value":"regular_price"},{"id":1509841,"key":"oms_price_updated_at","value":"2024-09-23T08:18:05.794547Z"}],"price_html":"<span class=\"woocommerce-Price-amount amount\"><bdi>119.00&nbsp;<span class=\"woocommerce-Price-currencySymbol\">lei<\/span><\/bdi><\/span>","image":"<img width=\"600\" height=\"600\" src=\"https:\/\/testing.wowtea.eu\/ro\/files\/2021\/04\/Product-images-combo-600x600-1.png\" class=\"attachment-woocommerce_thumbnail size-woocommerce_thumbnail\" alt=\"\" loading=\"lazy\" srcset=\"https:\/\/testing.wowtea.eu\/ro\/files\/2021\/04\/Product-images-combo-600x600-1.png 600w, https:\/\/testing.wowtea.eu\/ro\/files\/2021\/04\/Product-images-combo-600x600-1-300x300.png 300w, https:\/\/testing.wowtea.eu\/ro\/files\/2021\/04\/Product-images-combo-600x600-1-150x150.png 150w, https:\/\/testing.wowtea.eu\/ro\/files\/2021\/04\/Product-images-combo-600x600-1-45x45.png 45w, https:\/\/testing.wowtea.eu\/ro\/files\/2021\/04\/Product-images-combo-600x600-1-100x100.png 100w\" sizes=\"(max-width: 600px) 100vw, 600px\" \/>","free_delivery":false},"92661":{"id":92661,"name":"2 Good Team + Booty Combo","slug":"2-good-team-booty-combo-3","date_created":{"date":"2021-04-27 11:52:00.000000","timezone_type":3,"timezone":"Europe\/Bucharest"},"date_modified":{"date":"2024-09-02 08:00:21.000000","timezone_type":3,"timezone":"Europe\/Bucharest"},"status":"publish","featured":false,"catalog_visibility":"visible","description":"","short_description":"","sku":"WOW-P-SFSLFTBL1BL2","price":"215.00","regular_price":"287.00","sale_price":"215.00","date_on_sale_from":null,"date_on_sale_to":null,"total_sales":"0","tax_status":"taxable","tax_class":"parent","manage_stock":false,"stock_quantity":null,"stock_status":"instock","backorders":"no","low_stock_amount":"","sold_individually":false,"weight":"","length":"","width":"","height":"","upsell_ids":[],"cross_sell_ids":[],"parent_id":92454,"reviews_allowed":false,"purchase_note":"","attributes":{"pa_bands-upsells":"2-good-team-booty-combo"},"default_attributes":[],"menu_order":2,"post_password":"","virtual":false,"downloadable":false,"category_ids":[],"tag_ids":[],"shipping_class_id":0,"downloads":[],"image_id":99668,"gallery_image_ids":[],"download_limit":-1,"download_expiry":-1,"rating_counts":[],"average_rating":0,"review_count":0,"attribute_summary":"bands-upsells: 2 Good Team + Booty Combo","meta_data":[{"id":456837,"key":"yst_prominent_words_version","value":"1"},{"id":456894,"key":"_gtin","value":""},{"id":456895,"key":"_variable_text_field_1","value":""},{"id":456896,"key":"_variable_text_field_2","value":""},{"id":456897,"key":"_variable_text_field_3","value":""},{"id":456898,"key":"fstr-p-sub","value":""},{"id":1099316,"key":"_sold_variation_individually","value":"no"},{"id":1099317,"key":"_v_label_field","value":""},{"id":1474757,"key":"oms_price_updated_at","value":"2024-09-02T05:00:34.046174Z"}],"price_html":"<del aria-hidden=\"true\"><span class=\"woocommerce-Price-amount amount\"><bdi>287.00&nbsp;<span class=\"woocommerce-Price-currencySymbol\">lei<\/span><\/bdi><\/span><\/del> <ins><span class=\"woocommerce-Price-amount amount\"><bdi>215.00&nbsp;<span class=\"woocommerce-Price-currencySymbol\">lei<\/span><\/bdi><\/span><\/ins>","image":"<img width=\"600\" height=\"600\" src=\"https:\/\/testing.wowtea.eu\/ro\/files\/2021\/04\/2-good-team-booty-goals-bands-600x600-1-600x600.png\" class=\"attachment-woocommerce_thumbnail size-woocommerce_thumbnail\" alt=\"\" loading=\"lazy\" srcset=\"https:\/\/testing.wowtea.eu\/ro\/files\/2021\/04\/2-good-team-booty-goals-bands-600x600-1.png 600w, https:\/\/testing.wowtea.eu\/ro\/files\/2021\/04\/2-good-team-booty-goals-bands-600x600-1-300x300.png 300w, https:\/\/testing.wowtea.eu\/ro\/files\/2021\/04\/2-good-team-booty-goals-bands-600x600-1-150x150.png 150w, https:\/\/testing.wowtea.eu\/ro\/files\/2021\/04\/2-good-team-booty-goals-bands-600x600-1-100x100.png 100w, https:\/\/testing.wowtea.eu\/ro\/files\/2021\/04\/2-good-team-booty-goals-bands-600x600-1-45x45.png 45w\" sizes=\"(max-width: 600px) 100vw, 600px\" \/>","free_delivery":"LIVRARE GRATUIT\u0102"},"92663":{"id":92663,"name":"Super SI me + Booty pack","slug":"super-si-me-booty-pack-3","date_created":{"date":"2021-04-27 11:52:00.000000","timezone_type":3,"timezone":"Europe\/Bucharest"},"date_modified":{"date":"2024-09-02 08:00:54.000000","timezone_type":3,"timezone":"Europe\/Bucharest"},"status":"publish","featured":false,"catalog_visibility":"visible","description":"","short_description":"","sku":"WOW-P-SFSLFTBTBBL1BL2","price":"263.00","regular_price":"376.00","sale_price":"263.00","date_on_sale_from":null,"date_on_sale_to":null,"total_sales":"0","tax_status":"taxable","tax_class":"parent","manage_stock":false,"stock_quantity":null,"stock_status":"instock","backorders":"no","low_stock_amount":"","sold_individually":false,"weight":"","length":"","width":"","height":"","upsell_ids":[],"cross_sell_ids":[],"parent_id":92454,"reviews_allowed":false,"purchase_note":"","attributes":{"pa_bands-upsells":"super-si-me-booty-pack"},"default_attributes":[],"menu_order":3,"post_password":"","virtual":false,"downloadable":false,"category_ids":[],"tag_ids":[],"shipping_class_id":0,"downloads":[],"image_id":99670,"gallery_image_ids":[],"download_limit":-1,"download_expiry":-1,"rating_counts":[],"average_rating":0,"review_count":0,"attribute_summary":"bands-upsells: Super SI me + Booty pack","meta_data":[{"id":456914,"key":"_gtin","value":""},{"id":456915,"key":"_variable_text_field_1","value":""},{"id":456916,"key":"_variable_text_field_2","value":""},{"id":456917,"key":"_variable_text_field_3","value":""},{"id":456918,"key":"fstr-p-sub","value":""},{"id":1474775,"key":"oms_price_updated_at","value":"2024-09-02T05:01:06.483561Z"}],"price_html":"<del aria-hidden=\"true\"><span class=\"woocommerce-Price-amount amount\"><bdi>376.00&nbsp;<span class=\"woocommerce-Price-currencySymbol\">lei<\/span><\/bdi><\/span><\/del> <ins><span class=\"woocommerce-Price-amount amount\"><bdi>263.00&nbsp;<span class=\"woocommerce-Price-currencySymbol\">lei<\/span><\/bdi><\/span><\/ins>","image":"<img width=\"600\" height=\"600\" src=\"https:\/\/testing.wowtea.eu\/ro\/files\/2021\/04\/Super-Slim-ME-booty-goals-bands-600x600-1-600x600.png\" class=\"attachment-woocommerce_thumbnail size-woocommerce_thumbnail\" alt=\"\" loading=\"lazy\" srcset=\"https:\/\/testing.wowtea.eu\/ro\/files\/2021\/04\/Super-Slim-ME-booty-goals-bands-600x600-1.png 600w, https:\/\/testing.wowtea.eu\/ro\/files\/2021\/04\/Super-Slim-ME-booty-goals-bands-600x600-1-300x300.png 300w, https:\/\/testing.wowtea.eu\/ro\/files\/2021\/04\/Super-Slim-ME-booty-goals-bands-600x600-1-150x150.png 150w, https:\/\/testing.wowtea.eu\/ro\/files\/2021\/04\/Super-Slim-ME-booty-goals-bands-600x600-1-100x100.png 100w, https:\/\/testing.wowtea.eu\/ro\/files\/2021\/04\/Super-Slim-ME-booty-goals-bands-600x600-1-45x45.png 45w\" sizes=\"(max-width: 600px) 100vw, 600px\" \/>","free_delivery":"LIVRARE GRATUIT\u0102"}},"free_delivery":false,"currency_name":"lei","_links":{"self":[{"href":"https:\/\/testing.wowtea.eu\/ro\/wp-json\/wp\/v2\/product\/92454"}],"collection":[{"href":"https:\/\/testing.wowtea.eu\/ro\/wp-json\/wp\/v2\/product"}],"about":[{"href":"https:\/\/testing.wowtea.eu\/ro\/wp-json\/wp\/v2\/types\/product"}],"replies":[{"embeddable":true,"href":"https:\/\/testing.wowtea.eu\/ro\/wp-json\/wp\/v2\/comments?post=92454"}],"version-history":[{"count":0,"href":"https:\/\/testing.wowtea.eu\/ro\/wp-json\/wp\/v2\/product\/92454\/revisions"}],"wp:featuredmedia":[{"embeddable":true,"href":"https:\/\/testing.wowtea.eu\/ro\/wp-json\/wp\/v2\/media\/92582"}],"wp:attachment":[{"href":"https:\/\/testing.wowtea.eu\/ro\/wp-json\/wp\/v2\/media?parent=92454"}],"wp:term":[{"taxonomy":"product_cat","embeddable":true,"href":"https:\/\/testing.wowtea.eu\/ro\/wp-json\/wp\/v2\/product_cat?post=92454"},{"taxonomy":"product_tag","embeddable":true,"href":"https:\/\/testing.wowtea.eu\/ro\/wp-json\/wp\/v2\/product_tag?post=92454"}],"curies":[{"name":"wp","href":"https:\/\/api.w.org\/{rel}","templated":true}]}}