{"id":92464,"date":"2021-04-22T13:57:04","date_gmt":"2021-04-22T10:57:04","guid":{"rendered":"https:\/\/testing.wowtea.eu\/ro\/?post_type=product&#038;p=92464"},"modified":"2024-09-02T08:00:36","modified_gmt":"2024-09-02T05:00:36","slug":"2-good-team-booty-combo","status":"publish","type":"product","link":"https:\/\/testing.wowtea.eu\/ro\/product\/2-good-team-booty-combo\/","title":{"rendered":"2 GOOD TEAM + BOOTY PACK"},"content":{"rendered":"\t\t<div data-elementor-type=\"product-post\" data-elementor-id=\"92464\" class=\"elementor elementor-92464\">\n\t\t\t\t\t\t<div class=\"elementor-inner\">\n\t\t\t\t<div class=\"elementor-section-wrap\">\n\t\t\t\t\t\t\t\t\t<section class=\"elementor-section elementor-top-section elementor-element elementor-element-76deac2 elementor-section-boxed elementor-section-height-default elementor-section-height-default\" data-id=\"76deac2\" data-element_type=\"section\" data-settings=\"{&quot;background_background&quot;:&quot;classic&quot;}\">\n\t\t\t\t\t\t<div class=\"elementor-container elementor-column-gap-default\">\n\t\t\t\t\t\t\t<div class=\"elementor-row\">\n\t\t\t\t\t<div class=\"elementor-column elementor-col-100 elementor-top-column elementor-element elementor-element-e57f1ca\" data-id=\"e57f1ca\" data-element_type=\"column\">\n\t\t\t<div class=\"elementor-column-wrap elementor-element-populated\">\n\t\t\t\t\t\t\t<div class=\"elementor-widget-wrap\">\n\t\t\t\t\t\t<div class=\"elementor-element elementor-element-e2982ae elementor-widget elementor-widget-heading\" data-id=\"e2982ae\" data-element_type=\"widget\" data-widget_type=\"heading.default\">\n\t\t\t\t<div class=\"elementor-widget-container\">\n\t\t\t<h2 class=\"elementor-heading-title elementor-size-default\"><p style=\"text-align: center;color: crimson;font-size: 30px\">WHAT YOU CAN GET IN THE BOX<\/p><\/h2>\t\t<\/div>\n\t\t\t\t<\/div>\n\t\t\t\t<div class=\"elementor-element elementor-element-174c762 elementor-widget elementor-widget-pp-info-box-carousel\" data-id=\"174c762\" data-element_type=\"widget\" data-settings=\"{&quot;equal_height_boxes&quot;:&quot;yes&quot;}\" data-widget_type=\"pp-info-box-carousel.default\">\n\t\t\t\t<div class=\"elementor-widget-container\">\n\t\t\t\t\t<div class=\"swiper-container-wrap pp-info-box-carousel-wrap swiper-container-wrap-dots-outside\">\n\t\t\t<div class=\"pp-info-box pp-info-box-carousel swiper-container swiper-container-174c762\" data-pagination=\".swiper-pagination-174c762\" data-arrow-next=\".swiper-button-next-174c762\" data-arrow-prev=\".swiper-button-prev-174c762\" data-slider-settings=\"{&quot;direction&quot;:&quot;horizontal&quot;,&quot;effect&quot;:&quot;slide&quot;,&quot;speed&quot;:600,&quot;slidesPerView&quot;:2,&quot;spaceBetween&quot;:15,&quot;grabCursor&quot;:false,&quot;autoHeight&quot;:true,&quot;loop&quot;:true,&quot;autoplay&quot;:{&quot;delay&quot;:999999,&quot;disableOnInteraction&quot;:false},&quot;pagination&quot;:{&quot;el&quot;:&quot;.swiper-pagination-174c762&quot;,&quot;type&quot;:&quot;bullets&quot;,&quot;clickable&quot;:true},&quot;navigation&quot;:{&quot;nextEl&quot;:&quot;.swiper-button-next-174c762&quot;,&quot;prevEl&quot;:&quot;.swiper-button-prev-174c762&quot;},&quot;breakpoints&quot;:{&quot;1025&quot;:{&quot;slidesPerView&quot;:2,&quot;spaceBetween&quot;:15},&quot;768&quot;:{&quot;slidesPerView&quot;:2,&quot;spaceBetween&quot;:10},&quot;320&quot;:{&quot;slidesPerView&quot;:1,&quot;spaceBetween&quot;:10}}}\">\n\t\t\t\t<div class=\"swiper-wrapper\">\n\t\t\t\t\t\t\t\t\t<div class=\"swiper-slide\">\n\t\t\t\t\t\t<div class=\"pp-info-box-content-wrap\">\n\t\t\t\t\t\t\t\t\t\t\t\t\t\t\t\t\t\t\t\t\t\t<div class=\"pp-info-box-icon-wrap\">\n\t\t\t\t\t\t\t\t\t\t\t\t\t\t\t\t\t\t\t\t\t<span class=\"pp-info-box-icon pp-icon\">\n\t\t\t\t\t\t\t\t\t<img src=\"https:\/\/testing.wowtea.eu\/ro\/files\/2020\/08\/slimfit-tea-pp.png\" alt=\"SlimFit product\">\t\t\t\t\t\t\t<\/span>\n\t\t\t\t\t\t\t\t\t\t\t\t\t\t\t\t\t\t\t\t<\/div>\n\t\t\t\t\t\t\t\t\t\t\t\t\t\t<div class=\"pp-info-box-content\">\n\t\t\t\t\t\t\t\t<div class=\"pp-info-box-title-wrap\">\n\t\t\t\t\t\t\t\t\t<div class=\"pp-info-box-title-container\"><h2 class=\"pp-info-box-title\">SlimFit<\/h2><\/div>\t\t\t\t\t\t\t\t<\/div>\n\n\t\t\t\t\t\t\t\t\n\t\t\t\t\t\t\t\t\t\t\t\t\t\t\t\t\t<div class=\"pp-info-box-description\">\n\t\t\t\t\t\t\t\t\t\t<ul style=\"font-size:13px\"><br \/>\n   <li><i class=\"fas fa-check\" style=\"color: crimson\"><\/i> <b>Accelereaz\u0103 distrugerea celulelor grase<\/b><\/li><br \/>\n   <li><i class=\"fas fa-check\" style=\"color: crimson\"><\/i> <b>\u00cempiedic\u0103 acumularea de gr\u0103simi<\/b><\/li><br \/>\n   <li><i class=\"fas fa-check\" style=\"color: crimson\"><\/i> <b>Elimin\u0103 balonarea<\/b><\/li><br \/>\n   <li><i class=\"fas fa-check\" style=\"color: crimson\"><\/i> <b>Pierde \u00een greutate<\/b><br \/>\n   <\/li><br \/>\n   <li><br \/>\n      <i class=\"fas fa-check\" style=\"color: crimson\"><\/i> <b>Ob\u021bine\u021bi cea mai bun\u0103 form\u0103<\/b><br \/>\n   <\/li><br \/>\n<\/ul>\t\t\t\t\t\t\t\t\t<\/div>\n\t\t\t\t\t\t\t\t\t\t\t\t\t\t\t\t\t\n\t\t\t\t\t\t\t\t\t\t\t\t\t\t\t\t\t\t\t\t\t\t\t<\/div>\n\t\t\t\t\t\t<\/div>\n\t\t\t\t\t<\/div>\n\t\t\t\t\t\t\t\t\t\t<div class=\"swiper-slide\">\n\t\t\t\t\t\t<div class=\"pp-info-box-content-wrap\">\n\t\t\t\t\t\t\t\t\t\t\t\t\t\t\t\t\t\t\t\t\t\t<div class=\"pp-info-box-icon-wrap\">\n\t\t\t\t\t\t\t\t\t\t\t\t\t\t\t\t\t\t\t\t\t<span class=\"pp-info-box-icon pp-icon\">\n\t\t\t\t\t\t\t\t\t<img src=\"https:\/\/testing.wowtea.eu\/ro\/files\/2022\/01\/SlimFit-SuperFood-1.png\" alt=\"SlimFit-SuperFood-1\">\t\t\t\t\t\t\t<\/span>\n\t\t\t\t\t\t\t\t\t\t\t\t\t\t\t\t\t\t\t\t<\/div>\n\t\t\t\t\t\t\t\t\t\t\t\t\t\t<div class=\"pp-info-box-content\">\n\t\t\t\t\t\t\t\t<div class=\"pp-info-box-title-wrap\">\n\t\t\t\t\t\t\t\t\t<div class=\"pp-info-box-title-container\"><h2 class=\"pp-info-box-title\">SlimFit SuperFood<\/h2><\/div>\t\t\t\t\t\t\t\t<\/div>\n\n\t\t\t\t\t\t\t\t\n\t\t\t\t\t\t\t\t\t\t\t\t\t\t\t\t\t<div class=\"pp-info-box-description\">\n\t\t\t\t\t\t\t\t\t\t  <ul style=\"font-size:13px\"><br \/>\n    <li><i class=\"fas fa-check\" style=\"color: crimson\"><\/i> <b>Pierdere \u00een greutate<\/b><\/br><\/li><br \/>\n    <li><i class=\"fas fa-check\" style=\"color: crimson\"><\/i> <b>Este tot ce are nevoie corpul t\u0103u<\/b><\/br><\/li><br \/>\n    <li><i class=\"fas fa-check\" style=\"color: crimson\"><\/i> <b>Rapid, u\u0219or \u0219i eficient<\/b><\/br><\/li><br \/>\n    <li><i class=\"fas fa-check\" style=\"color: crimson\"><\/i> <b>Efectul sl\u0103birii<\/b><\/br><\/li><br \/>\n  <\/ul>\t\t\t\t\t\t\t\t\t<\/div>\n\t\t\t\t\t\t\t\t\t\t\t\t\t\t\t\t\t\n\t\t\t\t\t\t\t\t\t\t\t\t\t\t\t\t\t\t\t\t\t\t\t<\/div>\n\t\t\t\t\t\t<\/div>\n\t\t\t\t\t<\/div>\n\t\t\t\t\t\t\t\t\t\t<div class=\"swiper-slide\">\n\t\t\t\t\t\t<div class=\"pp-info-box-content-wrap\">\n\t\t\t\t\t\t\t\t\t\t\t\t\t\t\t\t\t\t\t\t\t\t<div class=\"pp-info-box-icon-wrap\">\n\t\t\t\t\t\t\t\t\t\t\t\t\t\t\t\t\t\t\t\t\t<span class=\"pp-info-box-icon pp-icon\">\n\t\t\t\t\t\t\t\t\t<img src=\"https:\/\/testing.wowtea.eu\/ch\/files\/2021\/04\/Product-images-combo-600x600-1-300x300-1.png\">\t\t\t\t\t\t\t<\/span>\n\t\t\t\t\t\t\t\t\t\t\t\t\t\t\t\t\t\t\t\t<\/div>\n\t\t\t\t\t\t\t\t\t\t\t\t\t\t<div class=\"pp-info-box-content\">\n\t\t\t\t\t\t\t\t<div class=\"pp-info-box-title-wrap\">\n\t\t\t\t\t\t\t\t\t<div class=\"pp-info-box-title-container\"><h2 class=\"pp-info-box-title\">Booty Goals Band Combo<\/h2><\/div>\t\t\t\t\t\t\t\t<\/div>\n\n\t\t\t\t\t\t\t\t\n\t\t\t\t\t\t\t\t\t\t\t\t\t\t\t\t\t<div class=\"pp-info-box-description\">\n\t\t\t\t\t\t\t\t\t\t<ul style=\"font-size:13px\"><br \/>\n   <li><i class=\"fas fa-check\" style=\"color: crimson\"><\/i> <b>Comfort maxim:<\/b><\/br><\/li><br \/>\n   <li><i class=\"fas fa-check\" style=\"color: crimson\"><\/i> <b>Calitate excep\u021bional\u0103<\/b><\/br><\/li><br \/>\n   <li><i class=\"fas fa-check\" style=\"color: crimson\"><\/i> <b>U\u0219or de folosit<\/b><\/br><\/li><br \/>\n   <li><i class=\"fas fa-check\" style=\"color: crimson\"><\/i> <b>Efect vizibil<\/b><\/br><\/li><br \/>\n<\/ul><br \/>\n\t\t\t\t\t\t\t\t\t<\/div>\n\t\t\t\t\t\t\t\t\t\t\t\t\t\t\t\t\t\n\t\t\t\t\t\t\t\t\t\t\t\t\t\t\t\t\t\t\t\t\t\t\t<\/div>\n\t\t\t\t\t\t<\/div>\n\t\t\t\t\t<\/div>\n\t\t\t\t\t\t\t\t\t<\/div>\n\t\t\t<\/div>\n\t\t\t\t\t\t<!-- Add Pagination -->\n\t\t\t<div class=\"swiper-pagination swiper-pagination-174c762\"><\/div>\n\t\t\t\t\t\n\t\t\t\t\t\t\t<!-- Add Arrows -->\n\t\t\t\t<div class=\"swiper-button-prev swiper-button-prev-174c762\">\n\t\t\t\t\t<i aria-hidden=\"true\" class=\"fas fa-chevron-left\"><\/i>\n\t\t\t\t<\/div>\n\t\t\t\t<div class=\"swiper-button-next swiper-button-next-174c762\">\n\t\t\t\t\t<i aria-hidden=\"true\" class=\"fas fa-chevron-right\"><\/i>\n\t\t\t\t<\/div>\n\t\t\t\t\t\t\t\t<\/div>\n\t\t\t\t<\/div>\n\t\t\t\t<\/div>\n\t\t\t\t\t\t<\/div>\n\t\t\t\t\t<\/div>\n\t\t<\/div>\n\t\t\t\t\t\t\t\t<\/div>\n\t\t\t\t\t<\/div>\n\t\t<\/section>\n\t\t\t\t<section class=\"elementor-section elementor-top-section elementor-element elementor-element-3de6b6d elementor-section-full_width elementor-section-stretched elementor-reverse-mobile elementor-section-height-default elementor-section-height-default\" data-id=\"3de6b6d\" data-element_type=\"section\" data-settings=\"{&quot;stretch_section&quot;:&quot;section-stretched&quot;}\">\n\t\t\t\t\t\t<div class=\"elementor-container elementor-column-gap-no\">\n\t\t\t\t\t\t\t<div class=\"elementor-row\">\n\t\t\t\t\t<div class=\"elementor-column elementor-col-50 elementor-top-column elementor-element elementor-element-1976c79\" data-id=\"1976c79\" data-element_type=\"column\">\n\t\t\t<div class=\"elementor-column-wrap elementor-element-populated\">\n\t\t\t\t\t\t\t<div class=\"elementor-widget-wrap\">\n\t\t\t\t\t\t<div class=\"elementor-element elementor-element-a064350 elementor-widget elementor-widget-image\" data-id=\"a064350\" data-element_type=\"widget\" data-widget_type=\"image.default\">\n\t\t\t\t<div class=\"elementor-widget-container\">\n\t\t\t\t\t\t\t\t<div class=\"elementor-image\">\n\t\t\t\t\t\t\t\t\t\t\t\t<img src=\"https:\/\/testing.wowtea.eu\/ch\/files\/2021\/04\/Bands_Presnt_2_3_b-1-1.jpg\" title=\"\" alt=\"\" loading=\"lazy\" \/>\t\t\t\t\t\t\t\t\t\t\t\t\t\t<\/div>\n\t\t\t\t\t\t<\/div>\n\t\t\t\t<\/div>\n\t\t\t\t\t\t<\/div>\n\t\t\t\t\t<\/div>\n\t\t<\/div>\n\t\t\t\t<div class=\"elementor-column elementor-col-50 elementor-top-column elementor-element elementor-element-bcddf60\" data-id=\"bcddf60\" data-element_type=\"column\" data-settings=\"{&quot;background_background&quot;:&quot;classic&quot;}\">\n\t\t\t<div class=\"elementor-column-wrap elementor-element-populated\">\n\t\t\t\t\t\t\t<div class=\"elementor-widget-wrap\">\n\t\t\t\t\t\t<div class=\"elementor-element elementor-element-e9b061e elementor-widget elementor-widget-heading\" data-id=\"e9b061e\" data-element_type=\"widget\" data-widget_type=\"heading.default\">\n\t\t\t\t<div class=\"elementor-widget-container\">\n\t\t\t<h2 class=\"elementor-heading-title elementor-size-default\">15 minute pe zi pentru un rezultat WOW.\n<\/h2>\t\t<\/div>\n\t\t\t\t<\/div>\n\t\t\t\t<div class=\"elementor-element elementor-element-0f26deb elementor-widget elementor-widget-text-editor\" data-id=\"0f26deb\" data-element_type=\"widget\" data-widget_type=\"text-editor.default\">\n\t\t\t\t<div class=\"elementor-widget-container\">\n\t\t\t\t\t\t\t\t<div class=\"elementor-text-editor elementor-clearfix\">\n\t\t\t\t<p>Doar c\u00e2teva minute pe zi de exerci\u021bii cu Booty Goals Band vor avea un efect uimitor asupra fundului \u0219i a coapselor tale! \u0218i pentru a te ajuta s\u0103 sculptezi un fund brazilian suculent \u0219i mai repede, \u00ee\u021bi vom trimite cadou, un regim de antrenament de 21 de zile de f\u0103cut acas\u0103 &#8211; sau oriunde dore\u0219ti!<\/p><p>Datorit\u0103 materialelor de \u00eenalt\u0103 calitate Booty Goals Band ofer\u0103 confort maxim \u00een timpul antrenamentului. Po\u021bi folosi banda elastic\u0103 chiar \u0219i cu pantaloni scur\u021bi &#8211; nu alunec\u0103 pe piele, nu ciupe\u0219te \u0219i nu se rupe<\/p>\t\t\t\t\t<\/div>\n\t\t\t\t\t\t<\/div>\n\t\t\t\t<\/div>\n\t\t\t\t\t\t<\/div>\n\t\t\t\t\t<\/div>\n\t\t<\/div>\n\t\t\t\t\t\t\t\t<\/div>\n\t\t\t\t\t<\/div>\n\t\t<\/section>\n\t\t\t\t<section class=\"elementor-section elementor-top-section elementor-element elementor-element-8d7a91c elementor-section-full_width elementor-section-stretched elementor-section-height-default elementor-section-height-default\" data-id=\"8d7a91c\" data-element_type=\"section\" data-settings=\"{&quot;stretch_section&quot;:&quot;section-stretched&quot;}\">\n\t\t\t\t\t\t<div class=\"elementor-container elementor-column-gap-no\">\n\t\t\t\t\t\t\t<div class=\"elementor-row\">\n\t\t\t\t\t<div class=\"elementor-column elementor-col-50 elementor-top-column elementor-element elementor-element-5e9d996\" data-id=\"5e9d996\" data-element_type=\"column\" data-settings=\"{&quot;background_background&quot;:&quot;classic&quot;}\">\n\t\t\t<div class=\"elementor-column-wrap elementor-element-populated\">\n\t\t\t\t\t\t\t<div class=\"elementor-widget-wrap\">\n\t\t\t\t\t\t<div class=\"elementor-element elementor-element-6b92c57 elementor-widget elementor-widget-heading\" data-id=\"6b92c57\" data-element_type=\"widget\" data-widget_type=\"heading.default\">\n\t\t\t\t<div class=\"elementor-widget-container\">\n\t\t\t<h2 class=\"elementor-heading-title elementor-size-default\">Booty Goals Band este exact ceea ce ai nevoie tu (\u0219i fundul t\u0103u)!\n\n<\/h2>\t\t<\/div>\n\t\t\t\t<\/div>\n\t\t\t\t<div class=\"elementor-element elementor-element-e886bbb elementor-widget elementor-widget-prod_info\" data-id=\"e886bbb\" data-element_type=\"widget\" data-widget_type=\"prod_info.default\">\n\t\t\t\t<div class=\"elementor-widget-container\">\n\t\t\t\n               <ul class=\"info_list\">\n                           <li>\n                  <strong>Comfort maxim: <\/strong>\n                  <small>Realizate din materiale de ultima genera\u021bie care fac antrenamentul confortabil \u0219i pl\u0103cut.. <\/small>\n               <\/li>\n                           <li>\n                  <strong>Calitate excep\u021bional\u0103: <\/strong>\n                  <small>Spre deosebire de benzile de cauciuc, Booty Goals Band nu se rupe \u0219i poate fi folosit\u0103 pentru o perioad\u0103 foarte lung\u0103 de timp<\/small>\n               <\/li>\n                           <li>\n                  <strong>U\u0219or de folosit:<\/strong>\n                  <small>Cu Booty Goals Band te po\u021bi antrena acas\u0103 sau oriunde dore\u0219ti, oric\u00e2nd!! <\/small>\n               <\/li>\n                           <li>\n                  <strong>Efect vizibil:<\/strong>\n                  <small>Vei observa o schimbare izbitoare \u00een fese, coapse \u0219i talie - \u00een doar c\u00e2teva minute de antrenament pe zi.<\/small>\n               <\/li>\n                     <\/ul>\n      \n\n   \t\t<\/div>\n\t\t\t\t<\/div>\n\t\t\t\t\t\t<\/div>\n\t\t\t\t\t<\/div>\n\t\t<\/div>\n\t\t\t\t<div class=\"elementor-column elementor-col-50 elementor-top-column elementor-element elementor-element-7c6faff\" data-id=\"7c6faff\" data-element_type=\"column\">\n\t\t\t<div class=\"elementor-column-wrap elementor-element-populated\">\n\t\t\t\t\t\t\t<div class=\"elementor-widget-wrap\">\n\t\t\t\t\t\t<div class=\"elementor-element elementor-element-6e8a8df elementor-widget elementor-widget-image\" data-id=\"6e8a8df\" data-element_type=\"widget\" data-widget_type=\"image.default\">\n\t\t\t\t<div class=\"elementor-widget-container\">\n\t\t\t\t\t\t\t\t<div class=\"elementor-image\">\n\t\t\t\t\t\t\t\t\t\t\t\t<img src=\"https:\/\/testing.wowtea.eu\/ch\/files\/2021\/04\/BANDS_Features_web-combo.jpg\" title=\"\" alt=\"\" loading=\"lazy\" \/>\t\t\t\t\t\t\t\t\t\t\t\t\t\t<\/div>\n\t\t\t\t\t\t<\/div>\n\t\t\t\t<\/div>\n\t\t\t\t\t\t<\/div>\n\t\t\t\t\t<\/div>\n\t\t<\/div>\n\t\t\t\t\t\t\t\t<\/div>\n\t\t\t\t\t<\/div>\n\t\t<\/section>\n\t\t\t\t<section class=\"elementor-section elementor-top-section elementor-element elementor-element-7e0ce94 elementor-section-full_width elementor-section-stretched elementor-reverse-mobile elementor-section-height-default elementor-section-height-default\" data-id=\"7e0ce94\" data-element_type=\"section\" data-settings=\"{&quot;stretch_section&quot;:&quot;section-stretched&quot;}\">\n\t\t\t\t\t\t<div class=\"elementor-container elementor-column-gap-no\">\n\t\t\t\t\t\t\t<div class=\"elementor-row\">\n\t\t\t\t\t<div class=\"elementor-column elementor-col-50 elementor-top-column elementor-element elementor-element-990574a\" data-id=\"990574a\" data-element_type=\"column\">\n\t\t\t<div class=\"elementor-column-wrap elementor-element-populated\">\n\t\t\t\t\t\t\t<div class=\"elementor-widget-wrap\">\n\t\t\t\t\t\t<div class=\"elementor-element elementor-element-a834a29 elementor-hidden-desktop elementor-widget elementor-widget-image\" data-id=\"a834a29\" data-element_type=\"widget\" data-widget_type=\"image.default\">\n\t\t\t\t<div class=\"elementor-widget-container\">\n\t\t\t\t\t\t\t\t<div class=\"elementor-image\">\n\t\t\t\t\t\t\t\t\t\t\t\t<img width=\"460\" height=\"600\" src=\"https:\/\/testing.wowtea.eu\/ro\/files\/2021\/04\/BANDS_21-plan-banner-mobile-RO.jpg\" class=\"attachment-large size-large wp-image-92669\" alt=\"\" loading=\"lazy\" srcset=\"https:\/\/testing.wowtea.eu\/ro\/files\/2021\/04\/BANDS_21-plan-banner-mobile-RO.jpg 460w, https:\/\/testing.wowtea.eu\/ro\/files\/2021\/04\/BANDS_21-plan-banner-mobile-RO-230x300.jpg 230w\" sizes=\"(max-width: 460px) 100vw, 460px\" \/>\t\t\t\t\t\t\t\t\t\t\t\t\t\t<\/div>\n\t\t\t\t\t\t<\/div>\n\t\t\t\t<\/div>\n\t\t\t\t<div class=\"elementor-element elementor-element-b9966d1 elementor-hidden-tablet elementor-hidden-phone elementor-widget elementor-widget-image\" data-id=\"b9966d1\" data-element_type=\"widget\" data-widget_type=\"image.default\">\n\t\t\t\t<div class=\"elementor-widget-container\">\n\t\t\t\t\t\t\t\t<div class=\"elementor-image\">\n\t\t\t\t\t\t\t\t\t\t\t\t<img width=\"980\" height=\"768\" src=\"https:\/\/testing.wowtea.eu\/ro\/files\/2021\/04\/BANDS_21-plan-banner-desktop-RO.jpg\" class=\"attachment-large size-large wp-image-92670\" alt=\"\" loading=\"lazy\" srcset=\"https:\/\/testing.wowtea.eu\/ro\/files\/2021\/04\/BANDS_21-plan-banner-desktop-RO.jpg 980w, https:\/\/testing.wowtea.eu\/ro\/files\/2021\/04\/BANDS_21-plan-banner-desktop-RO-300x235.jpg 300w, https:\/\/testing.wowtea.eu\/ro\/files\/2021\/04\/BANDS_21-plan-banner-desktop-RO-768x602.jpg 768w, https:\/\/testing.wowtea.eu\/ro\/files\/2021\/04\/BANDS_21-plan-banner-desktop-RO-600x470.jpg 600w\" sizes=\"(max-width: 980px) 100vw, 980px\" \/>\t\t\t\t\t\t\t\t\t\t\t\t\t\t<\/div>\n\t\t\t\t\t\t<\/div>\n\t\t\t\t<\/div>\n\t\t\t\t\t\t<\/div>\n\t\t\t\t\t<\/div>\n\t\t<\/div>\n\t\t\t\t<div class=\"elementor-column elementor-col-50 elementor-top-column elementor-element elementor-element-ddd4f99\" data-id=\"ddd4f99\" data-element_type=\"column\" data-settings=\"{&quot;background_background&quot;:&quot;classic&quot;}\">\n\t\t\t<div class=\"elementor-column-wrap elementor-element-populated\">\n\t\t\t\t\t\t\t<div class=\"elementor-widget-wrap\">\n\t\t\t\t\t\t<div class=\"elementor-element elementor-element-fc25433 elementor-widget elementor-widget-heading\" data-id=\"fc25433\" data-element_type=\"widget\" data-widget_type=\"heading.default\">\n\t\t\t\t<div class=\"elementor-widget-container\">\n\t\t\t<h2 class=\"elementor-heading-title elementor-size-default\">Plan de antrenament gratuit de 21 de zile pentru fundul suculent - Program cu exerci\u021bii pentru acas\u0103\n<\/h2>\t\t<\/div>\n\t\t\t\t<\/div>\n\t\t\t\t<div class=\"elementor-element elementor-element-793202b elementor-widget elementor-widget-text-editor\" data-id=\"793202b\" data-element_type=\"widget\" data-widget_type=\"text-editor.default\">\n\t\t\t\t<div class=\"elementor-widget-container\">\n\t\t\t\t\t\t\t\t<div class=\"elementor-text-editor elementor-clearfix\">\n\t\t\t\t<h4>E-BOOK<\/h4><p>Un plan de antrenament pentru fund suculent de 21 de zile este un program digital de exerci\u021bii pe care le po\u021bii face acas\u0103 (sau oriunde dore\u0219ti!) cu benzile elastice Booty Goals Band. Acest plan de antrenament este special conceput pentru a te ajuta s\u0103 sculptezi un fund seduc\u0103tor, suculent, coapse zvelte \u0219i o talie frumoas\u0103. \u0218i toate acestea cu 15 minute de antrenament pe zi &#8211; pentru rezultate vizibile, uimitoare!<\/p>\t\t\t\t\t<\/div>\n\t\t\t\t\t\t<\/div>\n\t\t\t\t<\/div>\n\t\t\t\t\t\t<\/div>\n\t\t\t\t\t<\/div>\n\t\t<\/div>\n\t\t\t\t\t\t\t\t<\/div>\n\t\t\t\t\t<\/div>\n\t\t<\/section>\n\t\t\t\t<section class=\"elementor-section elementor-top-section elementor-element elementor-element-69eb403 elementor-section-boxed elementor-section-height-default elementor-section-height-default\" data-id=\"69eb403\" data-element_type=\"section\">\n\t\t\t\t\t\t<div class=\"elementor-container elementor-column-gap-default\">\n\t\t\t\t\t\t\t<div class=\"elementor-row\">\n\t\t\t\t\t<div class=\"elementor-column elementor-col-100 elementor-top-column elementor-element elementor-element-e452570\" data-id=\"e452570\" data-element_type=\"column\">\n\t\t\t<div class=\"elementor-column-wrap elementor-element-populated\">\n\t\t\t\t\t\t\t<div class=\"elementor-widget-wrap\">\n\t\t\t\t\t\t<div class=\"elementor-element elementor-element-1e5bf12 elementor-widget elementor-widget-heading\" data-id=\"1e5bf12\" data-element_type=\"widget\" data-widget_type=\"heading.default\">\n\t\t\t\t<div class=\"elementor-widget-container\">\n\t\t\t<h2 class=\"elementor-heading-title elementor-size-default\">C\u00e2nd comanzi benzile elastice Booty Goals Band, prime\u0219ti gratuit: \n<\/h2>\t\t<\/div>\n\t\t\t\t<\/div>\n\t\t\t\t<div class=\"elementor-element elementor-element-9dd562c elementor-widget elementor-widget-image\" data-id=\"9dd562c\" data-element_type=\"widget\" data-widget_type=\"image.default\">\n\t\t\t\t<div class=\"elementor-widget-container\">\n\t\t\t\t\t\t\t\t<div class=\"elementor-image\">\n\t\t\t\t\t\t\t\t\t\t\t\t<img src=\"https:\/\/testing.wowtea.eu\/ch\/files\/2021\/04\/products_combo-2-1-1.jpg\" title=\"\" alt=\"\" loading=\"lazy\" \/>\t\t\t\t\t\t\t\t\t\t\t\t\t\t<\/div>\n\t\t\t\t\t\t<\/div>\n\t\t\t\t<\/div>\n\t\t\t\t<div class=\"elementor-element elementor-element-2f48655 elementor-widget elementor-widget-text-editor\" data-id=\"2f48655\" data-element_type=\"widget\" data-widget_type=\"text-editor.default\">\n\t\t\t\t<div class=\"elementor-widget-container\">\n\t\t\t\t\t\t\t\t<div class=\"elementor-text-editor elementor-clearfix\">\n\t\t\t\t<p><img loading=\"lazy\" class=\"alignnone size-full wp-image-7074\" src=\"https:\/\/bodygoalsclub.com\/wp-content\/uploads\/tik-che_20x20.png\" alt=\"\" width=\"20\" height=\"21\" \/> Carcas\u0103 convenabil\u0103 pentru Booty Goals Band &#8211; le po\u021bi folosi acas\u0103 sau le po\u021bi transporta oriunde s\u0103 nu ratezi antrenament!<\/p><p><img loading=\"lazy\" class=\"alignnone size-full wp-image-7074\" src=\"https:\/\/bodygoalsclub.com\/wp-content\/uploads\/tik-che_20x20.png\" alt=\"\" width=\"20\" height=\"21\" \/> Plan de antrenament gratuit de 21 de zile pentru fundul suculent &#8211; Program cu exerci\u021bii pentru acas\u0103<\/p>\t\t\t\t\t<\/div>\n\t\t\t\t\t\t<\/div>\n\t\t\t\t<\/div>\n\t\t\t\t\t\t<\/div>\n\t\t\t\t\t<\/div>\n\t\t<\/div>\n\t\t\t\t\t\t\t\t<\/div>\n\t\t\t\t\t<\/div>\n\t\t<\/section>\n\t\t\t\t\t\t\t\t\t<\/div>\n\t\t\t<\/div>\n\t\t\t\t\t<\/div>\n\t\t","protected":false},"excerpt":{"rendered":"<h4 class=\"vc_custom_heading text-u vc_custom_1575298970833 text-u urus_vc_custom_5f7aec27ce380 vc_custom_1575298970833\" style=\"text-align: center;\">Booty Goals Band Combo<\/h4>\n<div class=\"vc_row wpb_row vc_inner vc_row-fluid\" style=\"text-align: center;\">\n<div class=\"wpb_column vc_column_container vc_col-sm-12\">\n<div class=\"vc_column-inner\">\n<div class=\"wpb_wrapper\">\n<div class=\"wpb_text_column wpb_content_element urus_vc_custom_5f7aec27ce3f9 \">\n<div class=\"wpb_wrapper\">\n<p><span class=\"face\">\u2661\u00a0<\/span><strong style=\"color: #b485b2;\">Booty Goals Band Lvl 1<\/strong><br \/>\n<span class=\"face\">\u2661\u00a0<\/span><strong style=\"color: #b485b2;\">Booty Goals Band Lvl 2<\/strong><\/p>\n<h4>Cel mai eficient antrenament la domiciliu pentru un fund sculptat<\/h4>\n<p><span class=\"face\">\u2661\u00a0<\/span><strong style=\"color: #4c4c4c;\">Face fundul bombat \u0219i suculent, ca la o brazilian\u0103<\/strong><br \/>\n<span class=\"face\">\u2661\u00a0<\/span><strong style=\"color: #4c4c4c;\">Sculpteaz\u0103 \u0219i tonific\u0103 coapsele<\/strong><br \/>\n<span class=\"face\">\u2661\u00a0<\/span><strong style=\"color: #4c4c4c;\">Modeleaz\u0103 picioarele \u0219i subliniaz\u0103 curbele frumoase <\/strong><\/p>\n<\/div>\n<\/div>\n<\/div>\n<\/div>\n<\/div>\n<\/div>\n<h1 class=\"vc_custom_heading urus_vc_custom_5f7aec27ce471\" style=\"text-align: center; color: #c6558c; font-size: 22px;\">+ E-BOOK Plan de antrenament gratuit de 21 de zile pentru fundul suculent &#8211; Program cu exerci\u021bii pentru acas\u0103<\/h1>\n<div class=\"vc_row wpb_row vc_inner vc_row-fluid\">\n<div class=\"wpb_column vc_column_container vc_col-sm-12\">\n<div class=\"vc_column-inner\">\n<div class=\"wpb_wrapper\">\n<div class=\"wpb_text_column wpb_content_element urus_vc_custom_5f7aec27ce4ad \">\n<div class=\"wpb_wrapper\">\n<p style=\"text-align: center;\"><span class=\"face\">*<\/span>*Dup\u0103 ce a\u021bi comandat perechea de 2 benzi elastice Booty Goals Band, ve\u021bi primi \u0219i regimul de antrenament pe adresa de e-mail sub forma de pdf fi\u0219ier!<\/p>\n<\/div>\n<\/div>\n<\/div>\n<\/div>\n<\/div>\n<\/div>\n","protected":false},"featured_media":115104,"comment_status":"closed","ping_status":"closed","template":"","meta":{"inline_featured_image":false},"product_cat":[95,185],"product_tag":[],"acf":[],"variations_data":[],"free_delivery":false,"currency_name":"lei","_links":{"self":[{"href":"https:\/\/testing.wowtea.eu\/ro\/wp-json\/wp\/v2\/product\/92464"}],"collection":[{"href":"https:\/\/testing.wowtea.eu\/ro\/wp-json\/wp\/v2\/product"}],"about":[{"href":"https:\/\/testing.wowtea.eu\/ro\/wp-json\/wp\/v2\/types\/product"}],"replies":[{"embeddable":true,"href":"https:\/\/testing.wowtea.eu\/ro\/wp-json\/wp\/v2\/comments?post=92464"}],"version-history":[{"count":0,"href":"https:\/\/testing.wowtea.eu\/ro\/wp-json\/wp\/v2\/product\/92464\/revisions"}],"wp:featuredmedia":[{"embeddable":true,"href":"https:\/\/testing.wowtea.eu\/ro\/wp-json\/wp\/v2\/media\/115104"}],"wp:attachment":[{"href":"https:\/\/testing.wowtea.eu\/ro\/wp-json\/wp\/v2\/media?parent=92464"}],"wp:term":[{"taxonomy":"product_cat","embeddable":true,"href":"https:\/\/testing.wowtea.eu\/ro\/wp-json\/wp\/v2\/product_cat?post=92464"},{"taxonomy":"product_tag","embeddable":true,"href":"https:\/\/testing.wowtea.eu\/ro\/wp-json\/wp\/v2\/product_tag?post=92464"}],"curies":[{"name":"wp","href":"https:\/\/api.w.org\/{rel}","templated":true}]}}