{"id":86053,"date":"2021-04-23T09:39:12","date_gmt":"2021-04-23T07:39:12","guid":{"rendered":"https:\/\/testing.wowtea.eu\/si\/?post_type=product&#038;p=86053"},"modified":"2024-09-02T10:36:14","modified_gmt":"2024-09-02T08:36:14","slug":"booty-goals-band-combo","status":"publish","type":"product","link":"https:\/\/testing.wowtea.eu\/si\/product\/booty-goals-band-combo\/","title":{"rendered":"Booty Goals Bands Combo"},"content":{"rendered":"\t\t<div data-elementor-type=\"product-post\" data-elementor-id=\"86053\" class=\"elementor elementor-86053\">\n\t\t\t\t\t\t<div class=\"elementor-inner\">\n\t\t\t\t<div class=\"elementor-section-wrap\">\n\t\t\t\t\t\t\t\t\t<section class=\"elementor-section elementor-top-section elementor-element elementor-element-70f49530 elementor-section-full_width elementor-reverse-mobile elementor-section-height-default elementor-section-height-default\" data-id=\"70f49530\" data-element_type=\"section\">\n\t\t\t\t\t\t<div class=\"elementor-container elementor-column-gap-no\">\n\t\t\t\t\t\t\t<div class=\"elementor-row\">\n\t\t\t\t\t<div class=\"elementor-column elementor-col-50 elementor-top-column elementor-element elementor-element-584b1e09\" data-id=\"584b1e09\" data-element_type=\"column\" data-settings=\"{&quot;background_background&quot;:&quot;classic&quot;}\">\n\t\t\t<div class=\"elementor-column-wrap\">\n\t\t\t\t\t\t\t<div class=\"elementor-widget-wrap\">\n\t\t\t\t\t\t\t\t<\/div>\n\t\t\t\t\t<\/div>\n\t\t<\/div>\n\t\t\t\t<div class=\"elementor-column elementor-col-50 elementor-top-column elementor-element elementor-element-307393db\" data-id=\"307393db\" data-element_type=\"column\" data-settings=\"{&quot;background_background&quot;:&quot;classic&quot;}\">\n\t\t\t<div class=\"elementor-column-wrap elementor-element-populated\">\n\t\t\t\t\t\t\t<div class=\"elementor-widget-wrap\">\n\t\t\t\t\t\t<div class=\"elementor-element elementor-element-41a544fa elementor-widget elementor-widget-heading\" data-id=\"41a544fa\" data-element_type=\"widget\" data-widget_type=\"heading.default\">\n\t\t\t\t<div class=\"elementor-widget-container\">\n\t\t\t<h2 class=\"elementor-heading-title elementor-size-default\">15 minut na dan za WOW rezultate.<\/h2>\t\t<\/div>\n\t\t\t\t<\/div>\n\t\t\t\t<div class=\"elementor-element elementor-element-212aefdc elementor-widget elementor-widget-text-editor\" data-id=\"212aefdc\" data-element_type=\"widget\" data-widget_type=\"text-editor.default\">\n\t\t\t\t<div class=\"elementor-widget-container\">\n\t\t\t\t\t\t\t\t<div class=\"elementor-text-editor elementor-clearfix\">\n\t\t\t\t<p>\u017de nekaj minut vadbe na dan z Booty Goals Band lahko neverjetno vpliva na stanje va\u0161e zadnjice in stegen! Da boste \u0161e hitreje oblikovali svojo brazilsko ritko, vam bomo poslali brezpla\u010den 21-dnevni na\u010drt treninga z najbolj\u0161imi vajami, ki jih lahko izvajate doma &#8211; ali kjerkoli \u017eelite!<\/p>\t\t\t\t\t<\/div>\n\t\t\t\t\t\t<\/div>\n\t\t\t\t<\/div>\n\t\t\t\t\t\t<\/div>\n\t\t\t\t\t<\/div>\n\t\t<\/div>\n\t\t\t\t\t\t\t\t<\/div>\n\t\t\t\t\t<\/div>\n\t\t<\/section>\n\t\t\t\t<section class=\"elementor-section elementor-top-section elementor-element elementor-element-1ef951b1 elementor-section-full_width elementor-section-height-default elementor-section-height-default\" data-id=\"1ef951b1\" data-element_type=\"section\">\n\t\t\t\t\t\t<div class=\"elementor-container elementor-column-gap-no\">\n\t\t\t\t\t\t\t<div class=\"elementor-row\">\n\t\t\t\t\t<div class=\"elementor-column elementor-col-50 elementor-top-column elementor-element elementor-element-c851123\" data-id=\"c851123\" data-element_type=\"column\" data-settings=\"{&quot;background_background&quot;:&quot;classic&quot;}\">\n\t\t\t<div class=\"elementor-column-wrap elementor-element-populated\">\n\t\t\t\t\t\t\t<div class=\"elementor-widget-wrap\">\n\t\t\t\t\t\t<div class=\"elementor-element elementor-element-709e9008 elementor-widget elementor-widget-heading\" data-id=\"709e9008\" data-element_type=\"widget\" data-widget_type=\"heading.default\">\n\t\t\t\t<div class=\"elementor-widget-container\">\n\t\t\t<h2 class=\"elementor-heading-title elementor-size-default\">Band Booty Goals je to\u010dno tisto, kar potrebujete vi (in va\u0161a zadnjica)!<\/h2>\t\t<\/div>\n\t\t\t\t<\/div>\n\t\t\t\t<div class=\"elementor-element elementor-element-64df53c9 elementor-widget elementor-widget-prod_info\" data-id=\"64df53c9\" data-element_type=\"widget\" data-widget_type=\"prod_info.default\">\n\t\t\t\t<div class=\"elementor-widget-container\">\n\t\t\t\n               <ul class=\"info_list\">\n                           <li>\n                  <strong>Najve\u010dje udobje:<\/strong>\n                  <small>Kakovostni materiali, ki omogo\u010dajo priro\u010den in udoben trening<\/small>\n               <\/li>\n                           <li>\n                  <strong>Popolna kakovost:<\/strong>\n                  <small>V nasprotju z obi\u010dajnimi gumijastimi trakovi je Booty Goals Band zelo trpe\u017een in se med uporabo ne uni\u010di<\/small>\n               <\/li>\n                           <li>\n                  <strong>Enostaven za uporabo:<\/strong>\n                  <small>Uporabljajte ga doma ali pa ga vzemite s seboj in vadite kjerkoli in kadar koli<\/small>\n               <\/li>\n                           <li>\n                  <strong>Vidni u\u010dinki:<\/strong>\n                  <small>Na zadnjici, stegnih in pasu boste opazili osupljiv u\u010dinek - le za nekaj minut vadbe na dan<\/small>\n               <\/li>\n                     <\/ul>\n      \n\n   \t\t<\/div>\n\t\t\t\t<\/div>\n\t\t\t\t\t\t<\/div>\n\t\t\t\t\t<\/div>\n\t\t<\/div>\n\t\t\t\t<div class=\"elementor-column elementor-col-50 elementor-top-column elementor-element elementor-element-16faeb52\" data-id=\"16faeb52\" data-element_type=\"column\" data-settings=\"{&quot;background_background&quot;:&quot;classic&quot;}\">\n\t\t\t<div class=\"elementor-column-wrap\">\n\t\t\t\t\t\t\t<div class=\"elementor-widget-wrap\">\n\t\t\t\t\t\t\t\t<\/div>\n\t\t\t\t\t<\/div>\n\t\t<\/div>\n\t\t\t\t\t\t\t\t<\/div>\n\t\t\t\t\t<\/div>\n\t\t<\/section>\n\t\t\t\t<section class=\"elementor-section elementor-top-section elementor-element elementor-element-12284007 elementor-section-full_width elementor-reverse-mobile elementor-section-height-default elementor-section-height-default\" data-id=\"12284007\" data-element_type=\"section\">\n\t\t\t\t\t\t<div class=\"elementor-container elementor-column-gap-no\">\n\t\t\t\t\t\t\t<div class=\"elementor-row\">\n\t\t\t\t\t<div class=\"elementor-column elementor-col-50 elementor-top-column elementor-element elementor-element-715bbdd\" data-id=\"715bbdd\" data-element_type=\"column\" data-settings=\"{&quot;background_background&quot;:&quot;classic&quot;}\">\n\t\t\t<div class=\"elementor-column-wrap\">\n\t\t\t\t\t\t\t<div class=\"elementor-widget-wrap\">\n\t\t\t\t\t\t\t\t<\/div>\n\t\t\t\t\t<\/div>\n\t\t<\/div>\n\t\t\t\t<div class=\"elementor-column elementor-col-50 elementor-top-column elementor-element elementor-element-78c47146\" data-id=\"78c47146\" data-element_type=\"column\" data-settings=\"{&quot;background_background&quot;:&quot;classic&quot;}\">\n\t\t\t<div class=\"elementor-column-wrap elementor-element-populated\">\n\t\t\t\t\t\t\t<div class=\"elementor-widget-wrap\">\n\t\t\t\t\t\t<div class=\"elementor-element elementor-element-428aebbc elementor-widget elementor-widget-heading\" data-id=\"428aebbc\" data-element_type=\"widget\" data-widget_type=\"heading.default\">\n\t\t\t\t<div class=\"elementor-widget-container\">\n\t\t\t<h2 class=\"elementor-heading-title elementor-size-default\">Brezpla\u010dni 21-dnevni na\u010drt usposabljanja za so\u010dno ritko - program vadbe na domu<\/h2>\t\t<\/div>\n\t\t\t\t<\/div>\n\t\t\t\t<div class=\"elementor-element elementor-element-7361e2ef elementor-widget elementor-widget-text-editor\" data-id=\"7361e2ef\" data-element_type=\"widget\" data-widget_type=\"text-editor.default\">\n\t\t\t\t<div class=\"elementor-widget-container\">\n\t\t\t\t\t\t\t\t<div class=\"elementor-text-editor elementor-clearfix\">\n\t\t\t\t<h4>E-KNJIGA<\/h4><p>21-dnevni na\u010drt vadbe Juicy Booty je program za digitalno vadbo, ki ga lahko izvajate doma (ali kjerkoli \u017eelite!) z uporabo Booty Goals Band. Ta vadbeni program je posebej zasnovan tako, da vam pomaga oblikovati zapeljivo, slastno zadnjico, tonirati stegna in oblikovati \u010dudovit pas &#8211; vse v samo 15 minutah na dan za vidne, osupljive rezultate.<\/p>\t\t\t\t\t<\/div>\n\t\t\t\t\t\t<\/div>\n\t\t\t\t<\/div>\n\t\t\t\t\t\t<\/div>\n\t\t\t\t\t<\/div>\n\t\t<\/div>\n\t\t\t\t\t\t\t\t<\/div>\n\t\t\t\t\t<\/div>\n\t\t<\/section>\n\t\t\t\t<section class=\"elementor-section elementor-top-section elementor-element elementor-element-53b376f7 elementor-section-boxed elementor-section-height-default elementor-section-height-default\" data-id=\"53b376f7\" data-element_type=\"section\">\n\t\t\t\t\t\t<div class=\"elementor-container elementor-column-gap-default\">\n\t\t\t\t\t\t\t<div class=\"elementor-row\">\n\t\t\t\t\t<div class=\"elementor-column elementor-col-100 elementor-top-column elementor-element elementor-element-330d1ee4\" data-id=\"330d1ee4\" data-element_type=\"column\">\n\t\t\t<div class=\"elementor-column-wrap elementor-element-populated\">\n\t\t\t\t\t\t\t<div class=\"elementor-widget-wrap\">\n\t\t\t\t\t\t<div class=\"elementor-element elementor-element-7eaf1ba3 elementor-widget elementor-widget-custom_title\" data-id=\"7eaf1ba3\" data-element_type=\"widget\" data-widget_type=\"custom_title.default\">\n\t\t\t\t<div class=\"elementor-widget-container\">\n\t\t\t      <!-- border_title center_border -->\n      \n               <div class=\"custom_title\"  >\n            <h2 class=\"title  \"><span>Ob naro\u010dilu kompleta Booty Goals Band boste BREZPLA\u010cNO prejeli:<\/span> <\/h2>\n         <\/div>\n      \n\n   \t\t<\/div>\n\t\t\t\t<\/div>\n\t\t\t\t<div class=\"elementor-element elementor-element-d000b5e elementor-widget elementor-widget-image\" data-id=\"d000b5e\" data-element_type=\"widget\" data-widget_type=\"image.default\">\n\t\t\t\t<div class=\"elementor-widget-container\">\n\t\t\t\t\t\t\t\t<div class=\"elementor-image\">\n\t\t\t\t\t\t\t\t\t\t\t\t<img width=\"600\" height=\"149\" src=\"https:\/\/testing.wowtea.eu\/si\/files\/2021\/04\/products_combo-2.jpg\" class=\"attachment-large size-large wp-image-85999\" alt=\"\" loading=\"lazy\" srcset=\"https:\/\/testing.wowtea.eu\/si\/files\/2021\/04\/products_combo-2.jpg 600w, https:\/\/testing.wowtea.eu\/si\/files\/2021\/04\/products_combo-2-300x75.jpg 300w\" sizes=\"(max-width: 600px) 100vw, 600px\" \/>\t\t\t\t\t\t\t\t\t\t\t\t\t\t<\/div>\n\t\t\t\t\t\t<\/div>\n\t\t\t\t<\/div>\n\t\t\t\t<div class=\"elementor-element elementor-element-26d12707 elementor-widget elementor-widget-text-editor\" data-id=\"26d12707\" data-element_type=\"widget\" data-widget_type=\"text-editor.default\">\n\t\t\t\t<div class=\"elementor-widget-container\">\n\t\t\t\t\t\t\t\t<div class=\"elementor-text-editor elementor-clearfix\">\n\t\t\t\t<p><img loading=\"lazy\" class=\"alignnone size-full wp-image-7074\" src=\"https:\/\/bodygoalsclub.com\/wp-content\/uploads\/tik-che_20x20.png\" alt=\"\" width=\"20\" height=\"21\" \/> Elegantna torbica za elastike Booty Goals Band &#8211; mirno jih uporabite doma ali jih vzemite kamorkoli s seboj in ne odpovedujte treninga!<\/p><p><img loading=\"lazy\" class=\"alignnone size-full wp-image-7074\" src=\"https:\/\/bodygoalsclub.com\/wp-content\/uploads\/tik-che_20x20.png\" alt=\"\" width=\"20\" height=\"21\" \/> Brezpla\u010dni 21-dnevni na\u010drt usposabljanja za so\u010dno ritko &#8211; program vadbe na domu<\/p>\t\t\t\t\t<\/div>\n\t\t\t\t\t\t<\/div>\n\t\t\t\t<\/div>\n\t\t\t\t\t\t<\/div>\n\t\t\t\t\t<\/div>\n\t\t<\/div>\n\t\t\t\t\t\t\t\t<\/div>\n\t\t\t\t\t<\/div>\n\t\t<\/section>\n\t\t\t\t\t\t\t\t\t<\/div>\n\t\t\t<\/div>\n\t\t\t\t\t<\/div>\n\t\t","protected":false},"excerpt":{"rendered":"<h4 class=\"vc_custom_heading text-u vc_custom_1575298970833 text-u urus_vc_custom_5f7aec27ce380 vc_custom_1575298970833\" style=\"text-align: center\">KOMPLET 2 x visokokakovostnih odpornih trakov za fit figuro<\/h4>\n<div class=\"vc_row wpb_row vc_inner vc_row-fluid\" style=\"text-align: center\">\n<div class=\"wpb_column vc_column_container vc_col-sm-12\">\n<div class=\"vc_column-inner\">\n<div class=\"wpb_wrapper\">\n<div class=\"wpb_text_column wpb_content_element urus_vc_custom_5f7aec27ce3f9 \">\n<div class=\"wpb_wrapper\">\n<p><span class=\"face\">\u2661\u00a0<\/span><strong style=\"color: #b485b2\">Booty Goals Band Lvl 1<\/strong><br \/>\n<span class=\"face\">\u2661\u00a0<\/span><strong style=\"color: #b485b2\">Booty Goals Band Lvl 2<\/strong><\/p>\n<h4>Naju\u010dinkovitej\u0161a doma\u010da vadba za oblikovano zadnjico<\/h4>\n<p><span class=\"face\">\u2661\u00a0<\/span><strong style=\"color: #4c4c4c\">Oblikujte brazilsko zadnjico<\/strong><br \/>\n<span class=\"face\">\u2661\u00a0<\/span><strong style=\"color: #4c4c4c\">Lepo oblikujte stegna<\/strong><br \/>\n<span class=\"face\">\u2661 <strong>Pridobite zapeljive noge in lepo postavo<\/strong><\/span><\/p>\n<\/div>\n<\/div>\n<\/div>\n<\/div>\n<\/div>\n<\/div>\n<h1 class=\"vc_custom_heading urus_vc_custom_5f7aec27ce471\" style=\"text-align: center;color: #c6558c;font-size: 22px\">+ Brezpla\u010den 21-dnevni na\u010drt vadbe za \u010dvrsto zadnjico &#8211; program vadbe DOMA<\/h1>\n<div class=\"vc_row wpb_row vc_inner vc_row-fluid\">\n<div class=\"wpb_column vc_column_container vc_col-sm-12\">\n<div class=\"vc_column-inner\">\n<div class=\"wpb_wrapper\">\n<div class=\"wpb_text_column wpb_content_element urus_vc_custom_5f7aec27ce4ad \">\n<div class=\"wpb_wrapper\">\n<p style=\"text-align: center\"><span class=\"face\">*Ta na\u010drt vadbe bo poslan kot PDF datoteka na va\u0161 e-po\u0161tni naslov, ko naro\u010dite svoj komplet vadbenih pasov!<\/span><\/p>\n<\/div>\n<\/div>\n<\/div>\n<\/div>\n<\/div>\n<\/div>\n","protected":false},"featured_media":86055,"comment_status":"open","ping_status":"closed","template":"","meta":{"inline_featured_image":false},"product_cat":[96,191],"product_tag":[],"acf":[],"variations_data":{"86155":{"id":86155,"name":"Booty Goals Band Combo","slug":"booty-goals-band-combo","date_created":{"date":"2021-04-27 10:57:36.000000","timezone_type":3,"timezone":"Europe\/Ljubljana"},"date_modified":{"date":"2024-04-03 09:28:41.000000","timezone_type":3,"timezone":"Europe\/Ljubljana"},"status":"publish","featured":false,"catalog_visibility":"visible","description":"","short_description":"","sku":"WOW-S-BL1BL2","price":"24.6","regular_price":"24.6","sale_price":"","date_on_sale_from":null,"date_on_sale_to":null,"total_sales":"0","tax_status":"taxable","tax_class":"parent","manage_stock":false,"stock_quantity":null,"stock_status":"instock","backorders":"no","low_stock_amount":"","sold_individually":false,"weight":"","length":"","width":"","height":"","upsell_ids":[],"cross_sell_ids":[],"parent_id":86053,"reviews_allowed":false,"purchase_note":"","attributes":{"pa_bands-upsells":"booty-goals-band-combo"},"default_attributes":[],"menu_order":1,"post_password":"","virtual":false,"downloadable":false,"category_ids":[],"tag_ids":[],"shipping_class_id":0,"downloads":[],"image_id":86171,"gallery_image_ids":[],"download_limit":-1,"download_expiry":-1,"rating_counts":[],"average_rating":0,"review_count":0,"attribute_summary":"bands-upsells: Booty Goals Band Combo","meta_data":[{"id":233246,"key":"yst_prominent_words_version","value":"1"},{"id":233264,"key":"_gtin","value":""},{"id":233265,"key":"_variable_text_field_1","value":""},{"id":233266,"key":"_variable_text_field_2","value":""},{"id":233267,"key":"_variable_text_field_3","value":""},{"id":233268,"key":"fstr-p-sub","value":""},{"id":477225,"key":"_sold_variation_individually","value":"no"},{"id":477226,"key":"_v_label_field","value":"regular_price"}],"price_html":"<span class=\"woocommerce-Price-amount amount\"><bdi>24.60&nbsp;<span class=\"woocommerce-Price-currencySymbol\">&euro;<\/span><\/bdi><\/span>","image":"<img width=\"600\" height=\"600\" src=\"https:\/\/testing.wowtea.eu\/si\/files\/2021\/04\/Product-images-combo-600x600-1-2-600x600.png\" class=\"attachment-woocommerce_thumbnail size-woocommerce_thumbnail\" alt=\"\" loading=\"lazy\" srcset=\"https:\/\/testing.wowtea.eu\/si\/files\/2021\/04\/Product-images-combo-600x600-1-2.png 600w, https:\/\/testing.wowtea.eu\/si\/files\/2021\/04\/Product-images-combo-600x600-1-2-100x100.png 100w, https:\/\/testing.wowtea.eu\/si\/files\/2021\/04\/Product-images-combo-600x600-1-2-300x300.png 300w, https:\/\/testing.wowtea.eu\/si\/files\/2021\/04\/Product-images-combo-600x600-1-2-150x150.png 150w, https:\/\/testing.wowtea.eu\/si\/files\/2021\/04\/Product-images-combo-600x600-1-2-45x45.png 45w\" sizes=\"(max-width: 600px) 100vw, 600px\" \/>","free_delivery":false},"86156":{"id":86156,"name":"2 Good Team + Booty Goals Band Combo","slug":"booty-goals-band-combo-2","date_created":{"date":"2021-04-27 10:58:21.000000","timezone_type":3,"timezone":"Europe\/Ljubljana"},"date_modified":{"date":"2024-09-02 10:35:59.000000","timezone_type":3,"timezone":"Europe\/Ljubljana"},"status":"publish","featured":false,"catalog_visibility":"visible","description":"","short_description":"","sku":"WOW-P-SFSLFTBL1BL2","price":"56.60","regular_price":"75.40","sale_price":"56.60","date_on_sale_from":null,"date_on_sale_to":null,"total_sales":"0","tax_status":"taxable","tax_class":"parent","manage_stock":false,"stock_quantity":null,"stock_status":"instock","backorders":"no","low_stock_amount":"","sold_individually":false,"weight":"","length":"","width":"","height":"","upsell_ids":[],"cross_sell_ids":[],"parent_id":86053,"reviews_allowed":false,"purchase_note":"","attributes":{"pa_bands-upsells":"2-good-team-booty-goals-band-combo"},"default_attributes":[],"menu_order":2,"post_password":"","virtual":false,"downloadable":false,"category_ids":[],"tag_ids":[],"shipping_class_id":0,"downloads":[],"image_id":88766,"gallery_image_ids":[],"download_limit":-1,"download_expiry":-1,"rating_counts":[],"average_rating":0,"review_count":0,"attribute_summary":"bands-upsells: 2 Good Team + Booty Goals Band Combo","meta_data":[{"id":233275,"key":"yst_prominent_words_version","value":"1"},{"id":233301,"key":"_gtin","value":""},{"id":233302,"key":"_variable_text_field_1","value":""},{"id":233303,"key":"_variable_text_field_2","value":""},{"id":233304,"key":"_variable_text_field_3","value":""},{"id":233305,"key":"fstr-p-sub","value":""},{"id":477229,"key":"_sold_variation_individually","value":"no"},{"id":477230,"key":"_v_label_field","value":""},{"id":648871,"key":"oms_price_updated_at","value":"2024-09-02T08:36:11.714952Z"},{"id":651211,"key":"_old_regular_price","value":"71.1"},{"id":651212,"key":"_old_sale_price","value":"55.8"}],"price_html":"<del aria-hidden=\"true\"><span class=\"woocommerce-Price-amount amount\"><bdi>75.40&nbsp;<span class=\"woocommerce-Price-currencySymbol\">&euro;<\/span><\/bdi><\/span><\/del> <ins><span class=\"woocommerce-Price-amount amount\"><bdi>56.60&nbsp;<span class=\"woocommerce-Price-currencySymbol\">&euro;<\/span><\/bdi><\/span><\/ins>","image":"<img width=\"600\" height=\"600\" src=\"https:\/\/testing.wowtea.eu\/si\/files\/2020\/12\/2-good-team-booty-goals-bands-600x600-1-600x600.png\" class=\"attachment-woocommerce_thumbnail size-woocommerce_thumbnail\" alt=\"\" loading=\"lazy\" srcset=\"https:\/\/testing.wowtea.eu\/si\/files\/2020\/12\/2-good-team-booty-goals-bands-600x600-1.png 600w, https:\/\/testing.wowtea.eu\/si\/files\/2020\/12\/2-good-team-booty-goals-bands-600x600-1-300x300.png 300w, https:\/\/testing.wowtea.eu\/si\/files\/2020\/12\/2-good-team-booty-goals-bands-600x600-1-150x150.png 150w, https:\/\/testing.wowtea.eu\/si\/files\/2020\/12\/2-good-team-booty-goals-bands-600x600-1-100x100.png 100w, https:\/\/testing.wowtea.eu\/si\/files\/2020\/12\/2-good-team-booty-goals-bands-600x600-1-45x45.png 45w\" sizes=\"(max-width: 600px) 100vw, 600px\" \/>","free_delivery":"Brezpla\u010dna dostava"},"86158":{"id":86158,"name":"Super Slim Me Program + Booty Goals Band Combo","slug":"booty-goals-band-combo-3","date_created":{"date":"2021-04-27 10:59:13.000000","timezone_type":3,"timezone":"Europe\/Ljubljana"},"date_modified":{"date":"2024-09-02 10:36:09.000000","timezone_type":3,"timezone":"Europe\/Ljubljana"},"status":"publish","featured":false,"catalog_visibility":"visible","description":"","short_description":"","sku":"WOW-P-SFSLFTBTBBL1BL2","price":"71.20","regular_price":"101.70","sale_price":"71.20","date_on_sale_from":null,"date_on_sale_to":null,"total_sales":"0","tax_status":"taxable","tax_class":"parent","manage_stock":false,"stock_quantity":null,"stock_status":"instock","backorders":"no","low_stock_amount":"","sold_individually":false,"weight":"","length":"","width":"","height":"","upsell_ids":[],"cross_sell_ids":[],"parent_id":86053,"reviews_allowed":false,"purchase_note":"","attributes":{"pa_bands-upsells":"super-slim-me-program-booty-goals-band-combo"},"default_attributes":[],"menu_order":3,"post_password":"","virtual":false,"downloadable":false,"category_ids":[],"tag_ids":[],"shipping_class_id":0,"downloads":[],"image_id":88768,"gallery_image_ids":[],"download_limit":-1,"download_expiry":-1,"rating_counts":[],"average_rating":0,"review_count":0,"attribute_summary":"bands-upsells: Super Slim Me Program + Booty Goals Band Combo","meta_data":[{"id":233308,"key":"yst_prominent_words_version","value":"1"},{"id":233335,"key":"_gtin","value":""},{"id":233336,"key":"_variable_text_field_1","value":""},{"id":233337,"key":"_variable_text_field_2","value":""},{"id":233338,"key":"_variable_text_field_3","value":""},{"id":233339,"key":"fstr-p-sub","value":""},{"id":477227,"key":"_sold_variation_individually","value":"no"},{"id":477228,"key":"_v_label_field","value":""},{"id":648887,"key":"oms_price_updated_at","value":"2024-09-02T08:36:22.455032Z"},{"id":651230,"key":"_old_regular_price","value":"98"},{"id":651231,"key":"_old_sale_price","value":"70.5"}],"price_html":"<del aria-hidden=\"true\"><span class=\"woocommerce-Price-amount amount\"><bdi>101.70&nbsp;<span class=\"woocommerce-Price-currencySymbol\">&euro;<\/span><\/bdi><\/span><\/del> <ins><span class=\"woocommerce-Price-amount amount\"><bdi>71.20&nbsp;<span class=\"woocommerce-Price-currencySymbol\">&euro;<\/span><\/bdi><\/span><\/ins>","image":"<img width=\"600\" height=\"600\" src=\"https:\/\/testing.wowtea.eu\/si\/files\/2020\/12\/Super-Slim-ME-booty-goals-bands-600x600-1-600x600.png\" class=\"attachment-woocommerce_thumbnail size-woocommerce_thumbnail\" alt=\"\" loading=\"lazy\" srcset=\"https:\/\/testing.wowtea.eu\/si\/files\/2020\/12\/Super-Slim-ME-booty-goals-bands-600x600-1.png 600w, https:\/\/testing.wowtea.eu\/si\/files\/2020\/12\/Super-Slim-ME-booty-goals-bands-600x600-1-300x300.png 300w, https:\/\/testing.wowtea.eu\/si\/files\/2020\/12\/Super-Slim-ME-booty-goals-bands-600x600-1-150x150.png 150w, https:\/\/testing.wowtea.eu\/si\/files\/2020\/12\/Super-Slim-ME-booty-goals-bands-600x600-1-100x100.png 100w, https:\/\/testing.wowtea.eu\/si\/files\/2020\/12\/Super-Slim-ME-booty-goals-bands-600x600-1-45x45.png 45w\" sizes=\"(max-width: 600px) 100vw, 600px\" \/>","free_delivery":"Brezpla\u010dna dostava"}},"free_delivery":false,"currency_name":"&euro;","_links":{"self":[{"href":"https:\/\/testing.wowtea.eu\/si\/wp-json\/wp\/v2\/product\/86053"}],"collection":[{"href":"https:\/\/testing.wowtea.eu\/si\/wp-json\/wp\/v2\/product"}],"about":[{"href":"https:\/\/testing.wowtea.eu\/si\/wp-json\/wp\/v2\/types\/product"}],"replies":[{"embeddable":true,"href":"https:\/\/testing.wowtea.eu\/si\/wp-json\/wp\/v2\/comments?post=86053"}],"version-history":[{"count":0,"href":"https:\/\/testing.wowtea.eu\/si\/wp-json\/wp\/v2\/product\/86053\/revisions"}],"wp:featuredmedia":[{"embeddable":true,"href":"https:\/\/testing.wowtea.eu\/si\/wp-json\/wp\/v2\/media\/86055"}],"wp:attachment":[{"href":"https:\/\/testing.wowtea.eu\/si\/wp-json\/wp\/v2\/media?parent=86053"}],"wp:term":[{"taxonomy":"product_cat","embeddable":true,"href":"https:\/\/testing.wowtea.eu\/si\/wp-json\/wp\/v2\/product_cat?post=86053"},{"taxonomy":"product_tag","embeddable":true,"href":"https:\/\/testing.wowtea.eu\/si\/wp-json\/wp\/v2\/product_tag?post=86053"}],"curies":[{"name":"wp","href":"https:\/\/api.w.org\/{rel}","templated":true}]}}