{"id":86594,"date":"2021-06-15T10:01:33","date_gmt":"2021-06-15T08:01:33","guid":{"rendered":"https:\/\/testing.wowtea.eu\/si\/?post_type=product&#038;p=86594"},"modified":"2024-09-23T11:54:04","modified_gmt":"2024-09-23T09:54:04","slug":"new-summer-new-me","status":"publish","type":"product","link":"https:\/\/testing.wowtea.eu\/si\/product\/new-summer-new-me\/","title":{"rendered":"New Summer New Me"},"content":{"rendered":"\t\t<div data-elementor-type=\"product-post\" data-elementor-id=\"86594\" class=\"elementor elementor-86594\">\n\t\t\t\t\t\t<div class=\"elementor-inner\">\n\t\t\t\t<div class=\"elementor-section-wrap\">\n\t\t\t\t\t\t\t\t\t<section class=\"elementor-section elementor-top-section elementor-element elementor-element-83f4a1f elementor-section-full_width elementor-section-height-default elementor-section-height-default\" data-id=\"83f4a1f\" data-element_type=\"section\">\n\t\t\t\t\t\t<div class=\"elementor-container elementor-column-gap-no\">\n\t\t\t\t\t\t\t<div class=\"elementor-row\">\n\t\t\t\t\t<div class=\"elementor-column elementor-col-100 elementor-top-column elementor-element elementor-element-e705330\" data-id=\"e705330\" data-element_type=\"column\">\n\t\t\t<div class=\"elementor-column-wrap elementor-element-populated\">\n\t\t\t\t\t\t\t<div class=\"elementor-widget-wrap\">\n\t\t\t\t\t\t<section class=\"elementor-section elementor-inner-section elementor-element elementor-element-16d6c8e elementor-section-full_width elementor-hidden-phone elementor-section-height-default elementor-section-height-default\" data-id=\"16d6c8e\" data-element_type=\"section\">\n\t\t\t\t\t\t<div class=\"elementor-container elementor-column-gap-no\">\n\t\t\t\t\t\t\t<div class=\"elementor-row\">\n\t\t\t\t\t<div class=\"elementor-column elementor-col-100 elementor-inner-column elementor-element elementor-element-f37d340\" data-id=\"f37d340\" data-element_type=\"column\">\n\t\t\t<div class=\"elementor-column-wrap elementor-element-populated\">\n\t\t\t\t\t\t\t<div class=\"elementor-widget-wrap\">\n\t\t\t\t\t\t<div class=\"elementor-element elementor-element-0fc7f5d elementor-widget elementor-widget-image\" data-id=\"0fc7f5d\" data-element_type=\"widget\" data-widget_type=\"image.default\">\n\t\t\t\t<div class=\"elementor-widget-container\">\n\t\t\t\t\t\t\t\t<div class=\"elementor-image\">\n\t\t\t\t\t\t\t\t\t\t\t\t<img width=\"1920\" height=\"1150\" src=\"https:\/\/testing.wowtea.eu\/si\/files\/2021\/06\/THE-PERFECT-BEACH-DRINK-ummer-detox-D-SI.jpg\" class=\"attachment-full size-full wp-image-87075\" alt=\"\" loading=\"lazy\" srcset=\"https:\/\/testing.wowtea.eu\/si\/files\/2021\/06\/THE-PERFECT-BEACH-DRINK-ummer-detox-D-SI.jpg 1920w, https:\/\/testing.wowtea.eu\/si\/files\/2021\/06\/THE-PERFECT-BEACH-DRINK-ummer-detox-D-SI-600x359.jpg 600w, https:\/\/testing.wowtea.eu\/si\/files\/2021\/06\/THE-PERFECT-BEACH-DRINK-ummer-detox-D-SI-300x180.jpg 300w, https:\/\/testing.wowtea.eu\/si\/files\/2021\/06\/THE-PERFECT-BEACH-DRINK-ummer-detox-D-SI-1024x613.jpg 1024w, https:\/\/testing.wowtea.eu\/si\/files\/2021\/06\/THE-PERFECT-BEACH-DRINK-ummer-detox-D-SI-768x460.jpg 768w, https:\/\/testing.wowtea.eu\/si\/files\/2021\/06\/THE-PERFECT-BEACH-DRINK-ummer-detox-D-SI-1536x920.jpg 1536w\" sizes=\"(max-width: 1920px) 100vw, 1920px\" \/>\t\t\t\t\t\t\t\t\t\t\t\t\t\t<\/div>\n\t\t\t\t\t\t<\/div>\n\t\t\t\t<\/div>\n\t\t\t\t\t\t<\/div>\n\t\t\t\t\t<\/div>\n\t\t<\/div>\n\t\t\t\t\t\t\t\t<\/div>\n\t\t\t\t\t<\/div>\n\t\t<\/section>\n\t\t\t\t<section class=\"elementor-section elementor-inner-section elementor-element elementor-element-e81b6e2 elementor-section-full_width elementor-hidden-desktop elementor-hidden-tablet elementor-section-height-default elementor-section-height-default\" data-id=\"e81b6e2\" data-element_type=\"section\">\n\t\t\t\t\t\t<div class=\"elementor-container elementor-column-gap-no\">\n\t\t\t\t\t\t\t<div class=\"elementor-row\">\n\t\t\t\t\t<div class=\"elementor-column elementor-col-100 elementor-inner-column elementor-element elementor-element-11d2e5e\" data-id=\"11d2e5e\" data-element_type=\"column\">\n\t\t\t<div class=\"elementor-column-wrap elementor-element-populated\">\n\t\t\t\t\t\t\t<div class=\"elementor-widget-wrap\">\n\t\t\t\t\t\t<div class=\"elementor-element elementor-element-be3cfe8 elementor-widget elementor-widget-image\" data-id=\"be3cfe8\" data-element_type=\"widget\" data-widget_type=\"image.default\">\n\t\t\t\t<div class=\"elementor-widget-container\">\n\t\t\t\t\t\t\t\t<div class=\"elementor-image\">\n\t\t\t\t\t\t\t\t\t\t\t\t<img width=\"460\" height=\"750\" src=\"https:\/\/testing.wowtea.eu\/si\/files\/2021\/06\/THE-PERFECT-BEACH-DRINK-ummer-detox-M-SI.jpg\" class=\"attachment-full size-full wp-image-87076\" alt=\"\" loading=\"lazy\" srcset=\"https:\/\/testing.wowtea.eu\/si\/files\/2021\/06\/THE-PERFECT-BEACH-DRINK-ummer-detox-M-SI.jpg 460w, https:\/\/testing.wowtea.eu\/si\/files\/2021\/06\/THE-PERFECT-BEACH-DRINK-ummer-detox-M-SI-184x300.jpg 184w\" sizes=\"(max-width: 460px) 100vw, 460px\" \/>\t\t\t\t\t\t\t\t\t\t\t\t\t\t<\/div>\n\t\t\t\t\t\t<\/div>\n\t\t\t\t<\/div>\n\t\t\t\t\t\t<\/div>\n\t\t\t\t\t<\/div>\n\t\t<\/div>\n\t\t\t\t\t\t\t\t<\/div>\n\t\t\t\t\t<\/div>\n\t\t<\/section>\n\t\t\t\t\t\t<\/div>\n\t\t\t\t\t<\/div>\n\t\t<\/div>\n\t\t\t\t\t\t\t\t<\/div>\n\t\t\t\t\t<\/div>\n\t\t<\/section>\n\t\t\t\t<section class=\"elementor-section elementor-top-section elementor-element elementor-element-913e49a elementor-section-boxed elementor-section-height-default elementor-section-height-default\" data-id=\"913e49a\" data-element_type=\"section\" data-settings=\"{&quot;background_background&quot;:&quot;classic&quot;}\">\n\t\t\t\t\t\t<div class=\"elementor-container elementor-column-gap-default\">\n\t\t\t\t\t\t\t<div class=\"elementor-row\">\n\t\t\t\t\t<div class=\"elementor-column elementor-col-100 elementor-top-column elementor-element elementor-element-2aa6e5f\" data-id=\"2aa6e5f\" data-element_type=\"column\" data-settings=\"{&quot;background_background&quot;:&quot;classic&quot;}\">\n\t\t\t<div class=\"elementor-column-wrap elementor-element-populated\">\n\t\t\t\t\t\t\t<div class=\"elementor-widget-wrap\">\n\t\t\t\t\t\t<div class=\"elementor-element elementor-element-3d73410 elementor-widget elementor-widget-heading\" data-id=\"3d73410\" data-element_type=\"widget\" data-widget_type=\"heading.default\">\n\t\t\t\t<div class=\"elementor-widget-container\">\n\t\t\t<h2 class=\"elementor-heading-title elementor-size-default\"><p style=\"text-align: center;color: crimson;font-size: 40px\">Kaj lahko dobite v paketu<span style=\"font-size: 28px\"><\/span><\/p><\/h2>\t\t<\/div>\n\t\t\t\t<\/div>\n\t\t\t\t\t\t<\/div>\n\t\t\t\t\t<\/div>\n\t\t<\/div>\n\t\t\t\t\t\t\t\t<\/div>\n\t\t\t\t\t<\/div>\n\t\t<\/section>\n\t\t\t\t<section class=\"elementor-section elementor-top-section elementor-element elementor-element-151e55e elementor-section-boxed elementor-section-height-default elementor-section-height-default\" data-id=\"151e55e\" data-element_type=\"section\">\n\t\t\t\t\t\t<div class=\"elementor-container elementor-column-gap-default\">\n\t\t\t\t\t\t\t<div class=\"elementor-row\">\n\t\t\t\t\t<div class=\"elementor-column elementor-col-100 elementor-top-column elementor-element elementor-element-5baa53e\" data-id=\"5baa53e\" data-element_type=\"column\">\n\t\t\t<div class=\"elementor-column-wrap elementor-element-populated\">\n\t\t\t\t\t\t\t<div class=\"elementor-widget-wrap\">\n\t\t\t\t\t\t<div class=\"elementor-element elementor-element-f4e61d7 elementor-widget elementor-widget-html\" data-id=\"f4e61d7\" data-element_type=\"widget\" data-widget_type=\"html.default\">\n\t\t\t\t<div class=\"elementor-widget-container\">\n\t\t\t<!-- TrustBox widget - Carousel -->\r\n<div class=\"trustpilot-widget\" data-locale=\"en-US\" data-template-id=\"53aa8912dec7e10d38f59f36\" data-businessunit-id=\"60029def312cb900013df992\" data-style-height=\"320px\" data-style-width=\"100%\" data-theme=\"light\" data-tags=\"CZ\" data-stars=\"1,2,3,4,5\">\r\n  <a href=\"https:\/\/www.trustpilot.com\/review\/testing.wowtea.eu\" target=\"_blank\" rel=\"noopener\">Trustpilot<\/a>\r\n<\/div>\r\n<!-- End TrustBox widget -->\t\t<\/div>\n\t\t\t\t<\/div>\n\t\t\t\t\t\t<\/div>\n\t\t\t\t\t<\/div>\n\t\t<\/div>\n\t\t\t\t\t\t\t\t<\/div>\n\t\t\t\t\t<\/div>\n\t\t<\/section>\n\t\t\t\t\t\t\t\t\t<\/div>\n\t\t\t<\/div>\n\t\t\t\t\t<\/div>\n\t\t","protected":false},"excerpt":{"rendered":"<p>Komplet, ki va\u0161e sanje uresni\u010duje! Najbolj\u0161i WOW TEA za va\u0161e dokon\u010dne rezultate. Vzemite va\u0161 Summer Detox s Summer SlimFit, Summer Detox s Summer Wellness ali Summer Slimfit s Summer Wellness skupaj s POPUSTI! Za\u010dnite svojo spremembo z najbolj\u0161imi pomo\u010dniki s tiso\u010di obo\u017eevalcev po vsej Evropi!<\/p>\n","protected":false},"featured_media":99865,"comment_status":"open","ping_status":"closed","template":"","meta":{"inline_featured_image":false},"product_cat":[103,109],"product_tag":[],"acf":[],"variations_data":{"86746":{"id":86746,"name":"Summer Detox + Summer SlimFit","slug":"summer-detox-summer-slimfit-3","date_created":{"date":"2021-06-15 10:46:39.000000","timezone_type":3,"timezone":"Europe\/Ljubljana"},"date_modified":{"date":"2024-09-23 11:53:27.000000","timezone_type":3,"timezone":"Europe\/Ljubljana"},"status":"publish","featured":false,"catalog_visibility":"visible","description":"","short_description":"","sku":"WOW-P-SETSST","price":"35.90","regular_price":"47.80","sale_price":"35.90","date_on_sale_from":null,"date_on_sale_to":null,"total_sales":"0","tax_status":"taxable","tax_class":"parent","manage_stock":false,"stock_quantity":null,"stock_status":"instock","backorders":"no","low_stock_amount":"","sold_individually":false,"weight":"","length":"","width":"","height":"","upsell_ids":[],"cross_sell_ids":[],"parent_id":86594,"reviews_allowed":false,"purchase_note":"","attributes":{"pa_summer-products":"summer-detox-summer-slimfit"},"default_attributes":[],"menu_order":1,"post_password":"","virtual":false,"downloadable":false,"category_ids":[],"tag_ids":[],"shipping_class_id":0,"downloads":[],"image_id":99865,"gallery_image_ids":[],"download_limit":-1,"download_expiry":-1,"rating_counts":[],"average_rating":0,"review_count":0,"attribute_summary":"Summer products: Summer Detox + Summer SlimFit","meta_data":[{"id":251230,"key":"yst_prominent_words_version","value":"1"},{"id":251271,"key":"_gtin","value":""},{"id":251272,"key":"_variable_text_field_1","value":""},{"id":251273,"key":"_variable_text_field_2","value":""},{"id":251274,"key":"_variable_text_field_3","value":""},{"id":251275,"key":"fstr-p-sub","value":""},{"id":399633,"key":"_sold_variation_individually","value":"no"},{"id":399634,"key":"_v_label_field","value":""},{"id":647982,"key":"oms_price_updated_at","value":"2024-09-23T09:31:41.868877Z"},{"id":650568,"key":"_old_regular_price","value":"47.8"},{"id":650569,"key":"_old_sale_price","value":"35.9"}],"price_html":"<del aria-hidden=\"true\"><span class=\"woocommerce-Price-amount amount\"><bdi>47.80&nbsp;<span class=\"woocommerce-Price-currencySymbol\">&euro;<\/span><\/bdi><\/span><\/del> <ins><span class=\"woocommerce-Price-amount amount\"><bdi>35.90&nbsp;<span class=\"woocommerce-Price-currencySymbol\">&euro;<\/span><\/bdi><\/span><\/ins>","image":"<img width=\"600\" height=\"600\" src=\"https:\/\/testing.wowtea.eu\/si\/files\/2024\/05\/WOWTEA-web-PP-Summer-editions-Slimfit-Upsale-slimfit-detox-600x600.png\" class=\"attachment-woocommerce_thumbnail size-woocommerce_thumbnail\" alt=\"\" loading=\"lazy\" srcset=\"https:\/\/testing.wowtea.eu\/si\/files\/2024\/05\/WOWTEA-web-PP-Summer-editions-Slimfit-Upsale-slimfit-detox.png 600w, https:\/\/testing.wowtea.eu\/si\/files\/2024\/05\/WOWTEA-web-PP-Summer-editions-Slimfit-Upsale-slimfit-detox-300x300.png 300w, https:\/\/testing.wowtea.eu\/si\/files\/2024\/05\/WOWTEA-web-PP-Summer-editions-Slimfit-Upsale-slimfit-detox-150x150.png 150w, https:\/\/testing.wowtea.eu\/si\/files\/2024\/05\/WOWTEA-web-PP-Summer-editions-Slimfit-Upsale-slimfit-detox-100x100.png 100w, https:\/\/testing.wowtea.eu\/si\/files\/2024\/05\/WOWTEA-web-PP-Summer-editions-Slimfit-Upsale-slimfit-detox-60x60.png 60w, https:\/\/testing.wowtea.eu\/si\/files\/2024\/05\/WOWTEA-web-PP-Summer-editions-Slimfit-Upsale-slimfit-detox-90x90.png 90w, https:\/\/testing.wowtea.eu\/si\/files\/2024\/05\/WOWTEA-web-PP-Summer-editions-Slimfit-Upsale-slimfit-detox-45x45.png 45w\" sizes=\"(max-width: 600px) 100vw, 600px\" \/>","free_delivery":false},"86747":{"id":86747,"name":"Summer Detox + Summer Wellness","slug":"summer-detox-summer-wellness-3","date_created":{"date":"2021-06-15 10:46:39.000000","timezone_type":3,"timezone":"Europe\/Ljubljana"},"date_modified":{"date":"2024-09-23 11:54:01.000000","timezone_type":3,"timezone":"Europe\/Ljubljana"},"status":"publish","featured":false,"catalog_visibility":"visible","description":"","short_description":"","sku":"WOW-P-SETSWT","price":"35.90","regular_price":"47.80","sale_price":"35.90","date_on_sale_from":null,"date_on_sale_to":null,"total_sales":"0","tax_status":"taxable","tax_class":"parent","manage_stock":false,"stock_quantity":null,"stock_status":"instock","backorders":"no","low_stock_amount":"","sold_individually":false,"weight":"","length":"","width":"","height":"","upsell_ids":[],"cross_sell_ids":[],"parent_id":86594,"reviews_allowed":false,"purchase_note":"","attributes":{"pa_summer-products":"summer-detox-summer-wellness"},"default_attributes":[],"menu_order":2,"post_password":"","virtual":false,"downloadable":false,"category_ids":[],"tag_ids":[],"shipping_class_id":0,"downloads":[],"image_id":99929,"gallery_image_ids":[],"download_limit":-1,"download_expiry":-1,"rating_counts":[],"average_rating":0,"review_count":0,"attribute_summary":"Summer products: Summer Detox + Summer Wellness","meta_data":[{"id":251281,"key":"_gtin","value":""},{"id":251282,"key":"_variable_text_field_1","value":""},{"id":251283,"key":"_variable_text_field_2","value":""},{"id":251284,"key":"_variable_text_field_3","value":""},{"id":251285,"key":"fstr-p-sub","value":""},{"id":399635,"key":"_sold_variation_individually","value":"no"},{"id":399636,"key":"_v_label_field","value":""},{"id":648008,"key":"oms_price_updated_at","value":"2024-09-23T09:32:16.575123Z"},{"id":650600,"key":"_old_regular_price","value":"47.8"},{"id":650601,"key":"_old_sale_price","value":"35.9"}],"price_html":"<del aria-hidden=\"true\"><span class=\"woocommerce-Price-amount amount\"><bdi>47.80&nbsp;<span class=\"woocommerce-Price-currencySymbol\">&euro;<\/span><\/bdi><\/span><\/del> <ins><span class=\"woocommerce-Price-amount amount\"><bdi>35.90&nbsp;<span class=\"woocommerce-Price-currencySymbol\">&euro;<\/span><\/bdi><\/span><\/ins>","image":"<img width=\"600\" height=\"600\" src=\"https:\/\/testing.wowtea.eu\/si\/files\/2024\/05\/WOWTEA-web-PP-Summer-editions-Wellness-Upsale-wellnes-detox-600x600.png\" class=\"attachment-woocommerce_thumbnail size-woocommerce_thumbnail\" alt=\"\" loading=\"lazy\" srcset=\"https:\/\/testing.wowtea.eu\/si\/files\/2024\/05\/WOWTEA-web-PP-Summer-editions-Wellness-Upsale-wellnes-detox.png 600w, https:\/\/testing.wowtea.eu\/si\/files\/2024\/05\/WOWTEA-web-PP-Summer-editions-Wellness-Upsale-wellnes-detox-300x300.png 300w, https:\/\/testing.wowtea.eu\/si\/files\/2024\/05\/WOWTEA-web-PP-Summer-editions-Wellness-Upsale-wellnes-detox-150x150.png 150w, https:\/\/testing.wowtea.eu\/si\/files\/2024\/05\/WOWTEA-web-PP-Summer-editions-Wellness-Upsale-wellnes-detox-100x100.png 100w, https:\/\/testing.wowtea.eu\/si\/files\/2024\/05\/WOWTEA-web-PP-Summer-editions-Wellness-Upsale-wellnes-detox-60x60.png 60w, https:\/\/testing.wowtea.eu\/si\/files\/2024\/05\/WOWTEA-web-PP-Summer-editions-Wellness-Upsale-wellnes-detox-90x90.png 90w, https:\/\/testing.wowtea.eu\/si\/files\/2024\/05\/WOWTEA-web-PP-Summer-editions-Wellness-Upsale-wellnes-detox-45x45.png 45w\" sizes=\"(max-width: 600px) 100vw, 600px\" \/>","free_delivery":false},"86634":{"id":86634,"name":"Summer Wellness + Summer SlimFit","slug":"summer-wellness-summer-slimfit","date_created":{"date":"2021-06-15 10:01:35.000000","timezone_type":3,"timezone":"Europe\/Ljubljana"},"date_modified":{"date":"2024-09-23 11:53:59.000000","timezone_type":3,"timezone":"Europe\/Ljubljana"},"status":"publish","featured":false,"catalog_visibility":"visible","description":"","short_description":"","sku":"WOW-P-SSTSWT","price":"35.90","regular_price":"47.80","sale_price":"35.90","date_on_sale_from":null,"date_on_sale_to":null,"total_sales":"0","tax_status":"taxable","tax_class":"parent","manage_stock":false,"stock_quantity":null,"stock_status":"instock","backorders":"no","low_stock_amount":"","sold_individually":false,"weight":"","length":"","width":"","height":"","upsell_ids":[],"cross_sell_ids":[],"parent_id":86594,"reviews_allowed":false,"purchase_note":"","attributes":{"pa_summer-products":"summer-wellness-summer-slimfit"},"default_attributes":[],"menu_order":3,"post_password":"","virtual":false,"downloadable":false,"category_ids":[],"tag_ids":[],"shipping_class_id":0,"downloads":[],"image_id":99926,"gallery_image_ids":[],"download_limit":0,"download_expiry":0,"rating_counts":[],"average_rating":0,"review_count":0,"attribute_summary":"Summer products: Summer Wellness + Summer SlimFit","meta_data":[{"id":249968,"key":"inline_featured_image","value":""},{"id":249969,"key":"yst_prominent_words_version","value":""},{"id":249970,"key":"_wp_page_template","value":""},{"id":249971,"key":"_post_badge","value":""},{"id":249972,"key":"_post_icon_1","value":""},{"id":249973,"key":"_post_icon_2","value":""},{"id":249974,"key":"_post_icon_3","value":""},{"id":249975,"key":"_post_icon_1_text","value":""},{"id":249976,"key":"_post_icon_2_text","value":""},{"id":249977,"key":"_post_icon_3_text","value":""},{"id":249978,"key":"_yoast_wpseo_primary_product_cat","value":""},{"id":249979,"key":"_yoast_wpseo_content_score","value":""},{"id":249980,"key":"_elementor_edit_mode","value":""},{"id":249981,"key":"_elementor_template_type","value":""},{"id":249982,"key":"_elementor_version","value":""},{"id":249983,"key":"_elementor_pro_version","value":""},{"id":249984,"key":"_oembed_b8e247034018ee4812190523170f8f1c","value":""},{"id":249985,"key":"_oembed_time_b8e247034018ee4812190523170f8f1c","value":""},{"id":249986,"key":"_wapl_label_type","value":""},{"id":249987,"key":"_wapl_label_text","value":""},{"id":249988,"key":"_wapl_label_style","value":""},{"id":249989,"key":"_wapl_label_align","value":""},{"id":249990,"key":"_wapl_custom_bg_color","value":""},{"id":249991,"key":"_wapl_custom_text_color","value":""},{"id":249992,"key":"_wapl_label_exclude","value":""},{"id":249993,"key":"fstr-p-sub","value":""},{"id":249994,"key":"fstr-iskit","value":""},{"id":249995,"key":"_mollie_voucher_category","value":""},{"id":249996,"key":"_yoast_wpseo_focuskeywords","value":""},{"id":249997,"key":"_pys_super_pack_cpt_url","value":""},{"id":249998,"key":"_pys_super_pack_cpt_condition","value":""},{"id":249999,"key":"_pys_super_pack_cpt_cart","value":""},{"id":250000,"key":"_gtin","value":""},{"id":250001,"key":"_oembed_d661647b67dd8a32b998f2d0708014be","value":""},{"id":250002,"key":"_oembed_time_d661647b67dd8a32b998f2d0708014be","value":""},{"id":250003,"key":"_foodplan","value":""},{"id":250004,"key":"_homegym","value":""},{"id":250005,"key":"_yogaplan","value":""},{"id":250006,"key":"yo-title-quote","value":""},{"id":250007,"key":"yo-title-quote-second","value":""},{"id":250008,"key":"panam-video","value":""},{"id":250009,"key":"_dp_original","value":""},{"id":250010,"key":"_wp_old_date","value":""},{"id":250011,"key":"_oembed_cccd389a7668e3aa6fc32fc5cb179ea6","value":""},{"id":250012,"key":"attach_general_products","value":""},{"id":250013,"key":"_variable_text_field_1","value":""},{"id":250014,"key":"_variable_text_field_2","value":""},{"id":250015,"key":"_variable_text_field_3","value":""},{"id":399637,"key":"_sold_variation_individually","value":"no"},{"id":399638,"key":"_v_label_field","value":"Save 15%"},{"id":648005,"key":"oms_price_updated_at","value":"2024-09-23T09:32:09.385951Z"},{"id":650596,"key":"_old_regular_price","value":"47.8"},{"id":650597,"key":"_old_sale_price","value":"35.9"}],"price_html":"<del aria-hidden=\"true\"><span class=\"woocommerce-Price-amount amount\"><bdi>47.80&nbsp;<span class=\"woocommerce-Price-currencySymbol\">&euro;<\/span><\/bdi><\/span><\/del> <ins><span class=\"woocommerce-Price-amount amount\"><bdi>35.90&nbsp;<span class=\"woocommerce-Price-currencySymbol\">&euro;<\/span><\/bdi><\/span><\/ins>","image":"<img width=\"600\" height=\"600\" src=\"https:\/\/testing.wowtea.eu\/si\/files\/2024\/05\/WOWTEA-web-Shop-Summer-editions-new-summer-new-me-wellness-slimfit-600x600.png\" class=\"attachment-woocommerce_thumbnail size-woocommerce_thumbnail\" alt=\"\" loading=\"lazy\" srcset=\"https:\/\/testing.wowtea.eu\/si\/files\/2024\/05\/WOWTEA-web-Shop-Summer-editions-new-summer-new-me-wellness-slimfit.png 600w, https:\/\/testing.wowtea.eu\/si\/files\/2024\/05\/WOWTEA-web-Shop-Summer-editions-new-summer-new-me-wellness-slimfit-300x300.png 300w, https:\/\/testing.wowtea.eu\/si\/files\/2024\/05\/WOWTEA-web-Shop-Summer-editions-new-summer-new-me-wellness-slimfit-150x150.png 150w, https:\/\/testing.wowtea.eu\/si\/files\/2024\/05\/WOWTEA-web-Shop-Summer-editions-new-summer-new-me-wellness-slimfit-100x100.png 100w, https:\/\/testing.wowtea.eu\/si\/files\/2024\/05\/WOWTEA-web-Shop-Summer-editions-new-summer-new-me-wellness-slimfit-60x60.png 60w, https:\/\/testing.wowtea.eu\/si\/files\/2024\/05\/WOWTEA-web-Shop-Summer-editions-new-summer-new-me-wellness-slimfit-90x90.png 90w, https:\/\/testing.wowtea.eu\/si\/files\/2024\/05\/WOWTEA-web-Shop-Summer-editions-new-summer-new-me-wellness-slimfit-45x45.png 45w\" sizes=\"(max-width: 600px) 100vw, 600px\" \/>","free_delivery":false}},"free_delivery":false,"currency_name":"&euro;","_links":{"self":[{"href":"https:\/\/testing.wowtea.eu\/si\/wp-json\/wp\/v2\/product\/86594"}],"collection":[{"href":"https:\/\/testing.wowtea.eu\/si\/wp-json\/wp\/v2\/product"}],"about":[{"href":"https:\/\/testing.wowtea.eu\/si\/wp-json\/wp\/v2\/types\/product"}],"replies":[{"embeddable":true,"href":"https:\/\/testing.wowtea.eu\/si\/wp-json\/wp\/v2\/comments?post=86594"}],"version-history":[{"count":0,"href":"https:\/\/testing.wowtea.eu\/si\/wp-json\/wp\/v2\/product\/86594\/revisions"}],"wp:featuredmedia":[{"embeddable":true,"href":"https:\/\/testing.wowtea.eu\/si\/wp-json\/wp\/v2\/media\/99865"}],"wp:attachment":[{"href":"https:\/\/testing.wowtea.eu\/si\/wp-json\/wp\/v2\/media?parent=86594"}],"wp:term":[{"taxonomy":"product_cat","embeddable":true,"href":"https:\/\/testing.wowtea.eu\/si\/wp-json\/wp\/v2\/product_cat?post=86594"},{"taxonomy":"product_tag","embeddable":true,"href":"https:\/\/testing.wowtea.eu\/si\/wp-json\/wp\/v2\/product_tag?post=86594"}],"curies":[{"name":"wp","href":"https:\/\/api.w.org\/{rel}","templated":true}]}}